{"id":7489,"date":"2021-12-28T18:10:33","date_gmt":"2021-12-28T17:10:33","guid":{"rendered":"https:\/\/www.eko-bio-natura.sk\/shop\/index.php\/produkt\/osviezujuca-pletova-expres-maska-babicka-agafia-100ml\/"},"modified":"2022-05-04T16:39:58","modified_gmt":"2022-05-04T14:39:58","slug":"osviezujuca-pletova-expres-maska-babicka-agafia-100ml","status":"publish","type":"product","link":"https:\/\/www.eko-bio-natura.sk\/shop\/produkt\/osviezujuca-pletova-expres-maska-babicka-agafia-100ml\/","title":{"rendered":"Osvie\u017euj\u00faca ple\u0165ov\u00e1 expres maska &#8211; Babi\u010dka Agafia &#8211; 100ml"},"content":{"rendered":"<p><span style=\"font-family: verdana, geneva; font-size: 12pt;\">Obsahuje 100 % pr\u00edrodn\u00e9 pr\u00edsady. \u013dahk\u00e1 maska na z\u00e1klade sib\u00edrskych byliniek je vytvoren\u00e1 \u0161peci\u00e1lne pre h\u013abkov\u00fa hydrat\u00e1ciu a&nbsp;toniz\u00e1ciu pleti. R\u00fdchlo obnovuje unaven\u00fa ple\u0165. V\u010faka pr\u00edrodn\u00fdm komponentom maska \u00fa\u010dinkuje okam\u017eite: odstra\u0148uje stopy po \u00fanave, osvie\u017euje a&nbsp;zlep\u0161uje farbu tv\u00e1re.<\/span><\/p>\n<p><span style=\"font-family: verdana, geneva; font-size: 12pt;\"><strong>Akt\u00edvne zlo\u017eky:<\/strong><\/span><\/p>\n<ul>\n<li><span style=\"font-family: verdana, geneva; font-size: 12pt;\">Organick\u00fd <strong>v\u00fd\u0165a\u017eok z&nbsp;tavoln\u00edka<\/strong>, <strong>kosatec sib\u00edrsky<\/strong> a&nbsp;<strong>rosn\u00edk<\/strong> lesn\u00fd obsahuj\u00fa vo ve\u013ekom mno\u017estve organick\u00e9 kyseliny a&nbsp;flavonoidy, ktor\u00e9 maj\u00fa antioxida\u010dn\u00e9, hydrata\u010dn\u00e9, protiz\u00e1palov\u00e9 a&nbsp;hojiv\u00e9 \u00fa\u010dinky. Obnovuj\u00fa v\u00fdmenn\u00e9 procesy v&nbsp;poko\u017eke a&nbsp;zabra\u0148uj\u00fa jej starnutiu.<\/span><\/li>\n<li><span style=\"font-family: verdana, geneva; font-size: 12pt;\"><strong>M\u00e4ta<\/strong> upokojuje a&nbsp;tonizuje ple\u0165.<\/span><\/li>\n<\/ul>\n<p><span style=\"font-family: verdana, geneva; font-size: 12pt;\"><strong>Zlo\u017eenie<\/strong>:&nbsp;<\/span><\/p>\n<p><span style=\"font-family: verdana, geneva; font-size: 12pt;\">(Aqua, Glycerin, Olea Europaea (Olive) Fruit Oil, Organic Spiraea Ulmaria Extract, Iris Sibirica Extract, Mentha Piperita (Peppermint) Leaf Extract, Alchemilla Vulgaris Extract, Mentha Piperita (Peppermint) Leaf Oil, Xanthan Gum, Acrylates\/C10-30 Alkyl Acrylate Crosspolymer, Sodium Hydroxide, Parfum, Benzyl Alcohol, Dehydroacetic Acid)<\/span><\/p>\n<p><span style=\"font-family: verdana, geneva; font-size: 12pt;\"><strong>Pou\u017eitie:<\/strong>&nbsp;Nanies\u0165 masku na o\u010disten\u00fa ple\u0165, okrem oblasti o\u010d\u00ed. Necha\u0165 p\u00f4sobi\u0165 10 min\u00fat a potom zmy\u0165 teplou vodou.<\/span><\/p>\n<p><span style=\"font-family: verdana, geneva; font-size: 12pt;\"><strong>Druh pleti:<\/strong> V\u0161etky druhy.<\/span><br \/><span style=\"font-family: verdana, geneva; font-size: 12pt;\"><strong>Krajina p\u00f4vodu:<\/strong> EU<\/span><br \/><span style=\"font-family: verdana, geneva; font-size: 12pt;\"><strong>Objem:<\/strong> 100ml<\/span><\/p>\n","protected":false},"excerpt":{"rendered":"<p>Obsahuje 100 % pr\u00edrodn\u00e9 pr\u00edsady. \u013dahk\u00e1 maska na z\u00e1klade sib\u00edrskych byliniek je vytvoren\u00e1 \u0161peci\u00e1lne pre h\u013abkov\u00fa hydrat\u00e1ciu a&nbsp;toniz\u00e1ciu pleti. R\u00fdchlo obnovuje unaven\u00fa ple\u0165. V\u010faka pr\u00edrodn\u00fdm komponentom maska \u00fa\u010dinkuje okam\u017eite: odstra\u0148uje stopy po \u00fanave, osvie\u017euje a&nbsp;zlep\u0161uje farbu tv\u00e1re. Akt\u00edvne zlo\u017eky: Organick\u00fd v\u00fd\u0165a\u017eok z&nbsp;tavoln\u00edka, kosatec sib\u00edrsky a&nbsp;rosn\u00edk lesn\u00fd obsahuj\u00fa vo ve\u013ekom mno\u017estve organick\u00e9 kyseliny a&nbsp;flavonoidy, ktor\u00e9 maj\u00fa [&hellip;]<\/p>\n","protected":false},"featured_media":7490,"comment_status":"open","ping_status":"open","template":"","meta":{"site-sidebar-layout":"default","site-content-layout":"","ast-site-content-layout":"default","site-content-style":"default","site-sidebar-style":"default","ast-global-header-display":"","ast-banner-title-visibility":"","ast-main-header-display":"","ast-hfb-above-header-display":"","ast-hfb-below-header-display":"","ast-hfb-mobile-header-display":"","site-post-title":"","ast-breadcrumbs-content":"","ast-featured-img":"","footer-sml-layout":"","ast-disable-related-posts":"","theme-transparent-header-meta":"","adv-header-id-meta":"","stick-header-meta":"","header-above-stick-meta":"","header-main-stick-meta":"","header-below-stick-meta":"","astra-migrate-meta-layouts":"default","ast-page-background-enabled":"default","ast-page-background-meta":{"desktop":{"background-color":"","background-image":"","background-repeat":"repeat","background-position":"center center","background-size":"auto","background-attachment":"scroll","background-type":"","background-media":"","overlay-type":"","overlay-color":"","overlay-opacity":"","overlay-gradient":""},"tablet":{"background-color":"","background-image":"","background-repeat":"repeat","background-position":"center center","background-size":"auto","background-attachment":"scroll","background-type":"","background-media":"","overlay-type":"","overlay-color":"","overlay-opacity":"","overlay-gradient":""},"mobile":{"background-color":"","background-image":"","background-repeat":"repeat","background-position":"center center","background-size":"auto","background-attachment":"scroll","background-type":"","background-media":"","overlay-type":"","overlay-color":"","overlay-opacity":"","overlay-gradient":""}},"ast-content-background-meta":{"desktop":{"background-color":"var(--ast-global-color-5)","background-image":"","background-repeat":"repeat","background-position":"center center","background-size":"auto","background-attachment":"scroll","background-type":"","background-media":"","overlay-type":"","overlay-color":"","overlay-opacity":"","overlay-gradient":""},"tablet":{"background-color":"var(--ast-global-color-5)","background-image":"","background-repeat":"repeat","background-position":"center center","background-size":"auto","background-attachment":"scroll","background-type":"","background-media":"","overlay-type":"","overlay-color":"","overlay-opacity":"","overlay-gradient":""},"mobile":{"background-color":"var(--ast-global-color-5)","background-image":"","background-repeat":"repeat","background-position":"center center","background-size":"auto","background-attachment":"scroll","background-type":"","background-media":"","overlay-type":"","overlay-color":"","overlay-opacity":"","overlay-gradient":""}}},"product_brand":[],"product_cat":[31],"product_tag":[],"class_list":{"0":"post-7489","1":"product","2":"type-product","3":"status-publish","4":"has-post-thumbnail","6":"product_cat-pletova-kozmetika","7":"pa_cena-dopravy-367","8":"pa_doprava-zasilkovna","9":"pa_ean-621","10":"pa_typ-partnersky-predaj","11":"pa_znacka-babicka-agafia","12":"desktop-align-left","13":"tablet-align-left","14":"mobile-align-left","16":"first","17":"instock","18":"product-type-external"},"yoast_head":"<!-- This site is optimized with the Yoast SEO plugin v27.2 - https:\/\/yoast.com\/product\/yoast-seo-wordpress\/ -->\n<title>Osvie\u017euj\u00faca ple\u0165ov\u00e1 expres maska - Babi\u010dka Agafia - 100ml - EKO-BIO-NATURA BIO OBCHOD<\/title>\n<meta name=\"robots\" content=\"index, follow, max-snippet:-1, max-image-preview:large, max-video-preview:-1\" \/>\n<link rel=\"canonical\" href=\"https:\/\/www.eko-bio-natura.sk\/shop\/produkt\/osviezujuca-pletova-expres-maska-babicka-agafia-100ml\/\" \/>\n<meta property=\"og:locale\" content=\"sk_SK\" \/>\n<meta property=\"og:type\" content=\"article\" \/>\n<meta property=\"og:title\" content=\"Osvie\u017euj\u00faca ple\u0165ov\u00e1 expres maska - Babi\u010dka Agafia - 100ml - EKO-BIO-NATURA BIO OBCHOD\" \/>\n<meta property=\"og:description\" content=\"Obsahuje 100 % pr\u00edrodn\u00e9 pr\u00edsady. \u013dahk\u00e1 maska na z\u00e1klade sib\u00edrskych byliniek je vytvoren\u00e1 \u0161peci\u00e1lne pre h\u013abkov\u00fa hydrat\u00e1ciu a&nbsp;toniz\u00e1ciu pleti. R\u00fdchlo obnovuje unaven\u00fa ple\u0165. V\u010faka pr\u00edrodn\u00fdm komponentom maska \u00fa\u010dinkuje okam\u017eite: odstra\u0148uje stopy po \u00fanave, osvie\u017euje a&nbsp;zlep\u0161uje farbu tv\u00e1re. Akt\u00edvne zlo\u017eky: Organick\u00fd v\u00fd\u0165a\u017eok z&nbsp;tavoln\u00edka, kosatec sib\u00edrsky a&nbsp;rosn\u00edk lesn\u00fd obsahuj\u00fa vo ve\u013ekom mno\u017estve organick\u00e9 kyseliny a&nbsp;flavonoidy, ktor\u00e9 maj\u00fa [&hellip;]\" \/>\n<meta property=\"og:url\" content=\"https:\/\/www.eko-bio-natura.sk\/shop\/produkt\/osviezujuca-pletova-expres-maska-babicka-agafia-100ml\/\" \/>\n<meta property=\"og:site_name\" content=\"EKO-BIO-NATURA BIO OBCHOD\" \/>\n<meta property=\"article:modified_time\" content=\"2022-05-04T14:39:58+00:00\" \/>\n<meta property=\"og:image\" content=\"https:\/\/www.eko-bio-natura.sk\/shop\/wp-content\/uploads\/2021\/12\/8220_osviezujuca-pletova-expres-maska-babicka-agafia-100ml.jpg\" \/>\n\t<meta property=\"og:image:width\" content=\"600\" \/>\n\t<meta property=\"og:image:height\" content=\"600\" \/>\n\t<meta property=\"og:image:type\" content=\"image\/jpeg\" \/>\n<meta name=\"twitter:card\" content=\"summary_large_image\" \/>\n<meta name=\"twitter:label1\" content=\"Predpokladan\u00fd \u010das \u010d\u00edtania\" \/>\n\t<meta name=\"twitter:data1\" content=\"1 min\u00fata\" \/>\n<script type=\"application\/ld+json\" class=\"yoast-schema-graph\">{\"@context\":\"https:\/\/schema.org\",\"@graph\":[{\"@type\":\"WebPage\",\"@id\":\"https:\/\/www.eko-bio-natura.sk\/shop\/produkt\/osviezujuca-pletova-expres-maska-babicka-agafia-100ml\/\",\"url\":\"https:\/\/www.eko-bio-natura.sk\/shop\/produkt\/osviezujuca-pletova-expres-maska-babicka-agafia-100ml\/\",\"name\":\"Osvie\u017euj\u00faca ple\u0165ov\u00e1 expres maska - Babi\u010dka Agafia - 100ml - EKO-BIO-NATURA BIO OBCHOD\",\"isPartOf\":{\"@id\":\"https:\/\/www.eko-bio-natura.sk\/shop\/#website\"},\"primaryImageOfPage\":{\"@id\":\"https:\/\/www.eko-bio-natura.sk\/shop\/produkt\/osviezujuca-pletova-expres-maska-babicka-agafia-100ml\/#primaryimage\"},\"image\":{\"@id\":\"https:\/\/www.eko-bio-natura.sk\/shop\/produkt\/osviezujuca-pletova-expres-maska-babicka-agafia-100ml\/#primaryimage\"},\"thumbnailUrl\":\"https:\/\/www.eko-bio-natura.sk\/shop\/wp-content\/uploads\/2021\/12\/8220_osviezujuca-pletova-expres-maska-babicka-agafia-100ml.jpg\",\"datePublished\":\"2021-12-28T17:10:33+00:00\",\"dateModified\":\"2022-05-04T14:39:58+00:00\",\"breadcrumb\":{\"@id\":\"https:\/\/www.eko-bio-natura.sk\/shop\/produkt\/osviezujuca-pletova-expres-maska-babicka-agafia-100ml\/#breadcrumb\"},\"inLanguage\":\"sk-SK\",\"potentialAction\":[{\"@type\":\"ReadAction\",\"target\":[\"https:\/\/www.eko-bio-natura.sk\/shop\/produkt\/osviezujuca-pletova-expres-maska-babicka-agafia-100ml\/\"]}]},{\"@type\":\"ImageObject\",\"inLanguage\":\"sk-SK\",\"@id\":\"https:\/\/www.eko-bio-natura.sk\/shop\/produkt\/osviezujuca-pletova-expres-maska-babicka-agafia-100ml\/#primaryimage\",\"url\":\"https:\/\/www.eko-bio-natura.sk\/shop\/wp-content\/uploads\/2021\/12\/8220_osviezujuca-pletova-expres-maska-babicka-agafia-100ml.jpg\",\"contentUrl\":\"https:\/\/www.eko-bio-natura.sk\/shop\/wp-content\/uploads\/2021\/12\/8220_osviezujuca-pletova-expres-maska-babicka-agafia-100ml.jpg\",\"width\":600,\"height\":600},{\"@type\":\"BreadcrumbList\",\"@id\":\"https:\/\/www.eko-bio-natura.sk\/shop\/produkt\/osviezujuca-pletova-expres-maska-babicka-agafia-100ml\/#breadcrumb\",\"itemListElement\":[{\"@type\":\"ListItem\",\"position\":1,\"name\":\"Domovsk\u00e1 str\u00e1nka\",\"item\":\"https:\/\/www.eko-bio-natura.sk\/shop\/\"},{\"@type\":\"ListItem\",\"position\":2,\"name\":\"Obchod\",\"item\":\"https:\/\/www.eko-bio-natura.sk\/shop\/?page_id=6\"},{\"@type\":\"ListItem\",\"position\":3,\"name\":\"Osvie\u017euj\u00faca ple\u0165ov\u00e1 expres maska &#8211; Babi\u010dka Agafia &#8211; 100ml\"}]},{\"@type\":\"WebSite\",\"@id\":\"https:\/\/www.eko-bio-natura.sk\/shop\/#website\",\"url\":\"https:\/\/www.eko-bio-natura.sk\/shop\/\",\"name\":\"EKO-BIO-NATURA BIO OBCHOD\",\"description\":\"\",\"publisher\":{\"@id\":\"https:\/\/www.eko-bio-natura.sk\/shop\/#organization\"},\"potentialAction\":[{\"@type\":\"SearchAction\",\"target\":{\"@type\":\"EntryPoint\",\"urlTemplate\":\"https:\/\/www.eko-bio-natura.sk\/shop\/?s={search_term_string}\"},\"query-input\":{\"@type\":\"PropertyValueSpecification\",\"valueRequired\":true,\"valueName\":\"search_term_string\"}}],\"inLanguage\":\"sk-SK\"},{\"@type\":\"Organization\",\"@id\":\"https:\/\/www.eko-bio-natura.sk\/shop\/#organization\",\"name\":\"EKO-BIO-NATURA BIO OBCHOD\",\"url\":\"https:\/\/www.eko-bio-natura.sk\/shop\/\",\"logo\":{\"@type\":\"ImageObject\",\"inLanguage\":\"sk-SK\",\"@id\":\"https:\/\/www.eko-bio-natura.sk\/shop\/#\/schema\/logo\/image\/\",\"url\":\"https:\/\/www.eko-bio-natura.sk\/shop\/wp-content\/uploads\/2021\/04\/eko-bio-natura_logo.png\",\"contentUrl\":\"https:\/\/www.eko-bio-natura.sk\/shop\/wp-content\/uploads\/2021\/04\/eko-bio-natura_logo.png\",\"width\":552,\"height\":194,\"caption\":\"EKO-BIO-NATURA BIO OBCHOD\"},\"image\":{\"@id\":\"https:\/\/www.eko-bio-natura.sk\/shop\/#\/schema\/logo\/image\/\"}}]}<\/script>\n<!-- \/ Yoast SEO plugin. -->","yoast_head_json":{"title":"Osvie\u017euj\u00faca ple\u0165ov\u00e1 expres maska - Babi\u010dka Agafia - 100ml - EKO-BIO-NATURA BIO OBCHOD","robots":{"index":"index","follow":"follow","max-snippet":"max-snippet:-1","max-image-preview":"max-image-preview:large","max-video-preview":"max-video-preview:-1"},"canonical":"https:\/\/www.eko-bio-natura.sk\/shop\/produkt\/osviezujuca-pletova-expres-maska-babicka-agafia-100ml\/","og_locale":"sk_SK","og_type":"article","og_title":"Osvie\u017euj\u00faca ple\u0165ov\u00e1 expres maska - Babi\u010dka Agafia - 100ml - EKO-BIO-NATURA BIO OBCHOD","og_description":"Obsahuje 100 % pr\u00edrodn\u00e9 pr\u00edsady. \u013dahk\u00e1 maska na z\u00e1klade sib\u00edrskych byliniek je vytvoren\u00e1 \u0161peci\u00e1lne pre h\u013abkov\u00fa hydrat\u00e1ciu a&nbsp;toniz\u00e1ciu pleti. R\u00fdchlo obnovuje unaven\u00fa ple\u0165. V\u010faka pr\u00edrodn\u00fdm komponentom maska \u00fa\u010dinkuje okam\u017eite: odstra\u0148uje stopy po \u00fanave, osvie\u017euje a&nbsp;zlep\u0161uje farbu tv\u00e1re. Akt\u00edvne zlo\u017eky: Organick\u00fd v\u00fd\u0165a\u017eok z&nbsp;tavoln\u00edka, kosatec sib\u00edrsky a&nbsp;rosn\u00edk lesn\u00fd obsahuj\u00fa vo ve\u013ekom mno\u017estve organick\u00e9 kyseliny a&nbsp;flavonoidy, ktor\u00e9 maj\u00fa [&hellip;]","og_url":"https:\/\/www.eko-bio-natura.sk\/shop\/produkt\/osviezujuca-pletova-expres-maska-babicka-agafia-100ml\/","og_site_name":"EKO-BIO-NATURA BIO OBCHOD","article_modified_time":"2022-05-04T14:39:58+00:00","og_image":[{"width":600,"height":600,"url":"https:\/\/www.eko-bio-natura.sk\/shop\/wp-content\/uploads\/2021\/12\/8220_osviezujuca-pletova-expres-maska-babicka-agafia-100ml.jpg","type":"image\/jpeg"}],"twitter_card":"summary_large_image","twitter_misc":{"Predpokladan\u00fd \u010das \u010d\u00edtania":"1 min\u00fata"},"schema":{"@context":"https:\/\/schema.org","@graph":[{"@type":"WebPage","@id":"https:\/\/www.eko-bio-natura.sk\/shop\/produkt\/osviezujuca-pletova-expres-maska-babicka-agafia-100ml\/","url":"https:\/\/www.eko-bio-natura.sk\/shop\/produkt\/osviezujuca-pletova-expres-maska-babicka-agafia-100ml\/","name":"Osvie\u017euj\u00faca ple\u0165ov\u00e1 expres maska - Babi\u010dka Agafia - 100ml - EKO-BIO-NATURA BIO OBCHOD","isPartOf":{"@id":"https:\/\/www.eko-bio-natura.sk\/shop\/#website"},"primaryImageOfPage":{"@id":"https:\/\/www.eko-bio-natura.sk\/shop\/produkt\/osviezujuca-pletova-expres-maska-babicka-agafia-100ml\/#primaryimage"},"image":{"@id":"https:\/\/www.eko-bio-natura.sk\/shop\/produkt\/osviezujuca-pletova-expres-maska-babicka-agafia-100ml\/#primaryimage"},"thumbnailUrl":"https:\/\/www.eko-bio-natura.sk\/shop\/wp-content\/uploads\/2021\/12\/8220_osviezujuca-pletova-expres-maska-babicka-agafia-100ml.jpg","datePublished":"2021-12-28T17:10:33+00:00","dateModified":"2022-05-04T14:39:58+00:00","breadcrumb":{"@id":"https:\/\/www.eko-bio-natura.sk\/shop\/produkt\/osviezujuca-pletova-expres-maska-babicka-agafia-100ml\/#breadcrumb"},"inLanguage":"sk-SK","potentialAction":[{"@type":"ReadAction","target":["https:\/\/www.eko-bio-natura.sk\/shop\/produkt\/osviezujuca-pletova-expres-maska-babicka-agafia-100ml\/"]}]},{"@type":"ImageObject","inLanguage":"sk-SK","@id":"https:\/\/www.eko-bio-natura.sk\/shop\/produkt\/osviezujuca-pletova-expres-maska-babicka-agafia-100ml\/#primaryimage","url":"https:\/\/www.eko-bio-natura.sk\/shop\/wp-content\/uploads\/2021\/12\/8220_osviezujuca-pletova-expres-maska-babicka-agafia-100ml.jpg","contentUrl":"https:\/\/www.eko-bio-natura.sk\/shop\/wp-content\/uploads\/2021\/12\/8220_osviezujuca-pletova-expres-maska-babicka-agafia-100ml.jpg","width":600,"height":600},{"@type":"BreadcrumbList","@id":"https:\/\/www.eko-bio-natura.sk\/shop\/produkt\/osviezujuca-pletova-expres-maska-babicka-agafia-100ml\/#breadcrumb","itemListElement":[{"@type":"ListItem","position":1,"name":"Domovsk\u00e1 str\u00e1nka","item":"https:\/\/www.eko-bio-natura.sk\/shop\/"},{"@type":"ListItem","position":2,"name":"Obchod","item":"https:\/\/www.eko-bio-natura.sk\/shop\/?page_id=6"},{"@type":"ListItem","position":3,"name":"Osvie\u017euj\u00faca ple\u0165ov\u00e1 expres maska &#8211; Babi\u010dka Agafia &#8211; 100ml"}]},{"@type":"WebSite","@id":"https:\/\/www.eko-bio-natura.sk\/shop\/#website","url":"https:\/\/www.eko-bio-natura.sk\/shop\/","name":"EKO-BIO-NATURA BIO OBCHOD","description":"","publisher":{"@id":"https:\/\/www.eko-bio-natura.sk\/shop\/#organization"},"potentialAction":[{"@type":"SearchAction","target":{"@type":"EntryPoint","urlTemplate":"https:\/\/www.eko-bio-natura.sk\/shop\/?s={search_term_string}"},"query-input":{"@type":"PropertyValueSpecification","valueRequired":true,"valueName":"search_term_string"}}],"inLanguage":"sk-SK"},{"@type":"Organization","@id":"https:\/\/www.eko-bio-natura.sk\/shop\/#organization","name":"EKO-BIO-NATURA BIO OBCHOD","url":"https:\/\/www.eko-bio-natura.sk\/shop\/","logo":{"@type":"ImageObject","inLanguage":"sk-SK","@id":"https:\/\/www.eko-bio-natura.sk\/shop\/#\/schema\/logo\/image\/","url":"https:\/\/www.eko-bio-natura.sk\/shop\/wp-content\/uploads\/2021\/04\/eko-bio-natura_logo.png","contentUrl":"https:\/\/www.eko-bio-natura.sk\/shop\/wp-content\/uploads\/2021\/04\/eko-bio-natura_logo.png","width":552,"height":194,"caption":"EKO-BIO-NATURA BIO OBCHOD"},"image":{"@id":"https:\/\/www.eko-bio-natura.sk\/shop\/#\/schema\/logo\/image\/"}}]}},"_links":{"self":[{"href":"https:\/\/www.eko-bio-natura.sk\/shop\/wp-json\/wp\/v2\/product\/7489","targetHints":{"allow":["GET"]}}],"collection":[{"href":"https:\/\/www.eko-bio-natura.sk\/shop\/wp-json\/wp\/v2\/product"}],"about":[{"href":"https:\/\/www.eko-bio-natura.sk\/shop\/wp-json\/wp\/v2\/types\/product"}],"replies":[{"embeddable":true,"href":"https:\/\/www.eko-bio-natura.sk\/shop\/wp-json\/wp\/v2\/comments?post=7489"}],"wp:featuredmedia":[{"embeddable":true,"href":"https:\/\/www.eko-bio-natura.sk\/shop\/wp-json\/wp\/v2\/media\/7490"}],"wp:attachment":[{"href":"https:\/\/www.eko-bio-natura.sk\/shop\/wp-json\/wp\/v2\/media?parent=7489"}],"wp:term":[{"taxonomy":"product_brand","embeddable":true,"href":"https:\/\/www.eko-bio-natura.sk\/shop\/wp-json\/wp\/v2\/product_brand?post=7489"},{"taxonomy":"product_cat","embeddable":true,"href":"https:\/\/www.eko-bio-natura.sk\/shop\/wp-json\/wp\/v2\/product_cat?post=7489"},{"taxonomy":"product_tag","embeddable":true,"href":"https:\/\/www.eko-bio-natura.sk\/shop\/wp-json\/wp\/v2\/product_tag?post=7489"}],"curies":[{"name":"wp","href":"https:\/\/api.w.org\/{rel}","templated":true}]}}