{"id":7487,"date":"2021-12-28T18:10:33","date_gmt":"2021-12-28T17:10:33","guid":{"rendered":"https:\/\/www.eko-bio-natura.sk\/shop\/index.php\/produkt\/ocistujuca-pletova-maska-s-modrym-ilom-babicka-agafia-100ml\/"},"modified":"2022-05-04T16:39:58","modified_gmt":"2022-05-04T14:39:58","slug":"ocistujuca-pletova-maska-s-modrym-ilom-babicka-agafia-100ml","status":"publish","type":"product","link":"https:\/\/www.eko-bio-natura.sk\/shop\/produkt\/ocistujuca-pletova-maska-s-modrym-ilom-babicka-agafia-100ml\/","title":{"rendered":"O\u010dis\u0165uj\u00faca ple\u0165ov\u00e1 maska s modr\u00fdm \u00edlom &#8211; Babi\u010dka Agafia &#8211; 100ml"},"content":{"rendered":"<p><span style=\"font-family: verdana, geneva; font-size: 12pt;\"><strong>Akt\u00edvna maska na z\u00e1klade modr\u00e9ho \u00edlu \u00fa\u010dinne \u010dist\u00ed ple\u0165<\/strong> tv\u00e1re, s\u0165ahuje p\u00f3ry, obnovuje prirodzen\u00fd vzh\u013ead poko\u017eky. Pr\u00edrodn\u00e9 zlo\u017eky poskytuj\u00fa poko\u017eke v\u00fd\u017eivu a hydrat\u00e1ciu. <strong>Je ide\u00e1lna pre mastn\u00fa a zmie\u0161an\u00fa ple\u0165.<\/strong>&nbsp;V\u00fdrobok obsahuje 100% pr\u00edrodn\u00e9 zlo\u017eky.<\/span><\/p>\n<p><span style=\"font-family: verdana, geneva; font-size: 12pt;\"><strong>Akt\u00edvne zlo\u017eky:<\/strong><\/span><\/p>\n<ul>\n<li><span style=\"font-family: verdana, geneva; font-size: 12pt;\">Modr\u00fd \u00edl obsahuje miner\u00e1ly a stopov\u00e9 prvky, vykazuje protiz\u00e1palov\u00e9 a \u010distiace \u00fa\u010dinky.<\/span><\/li>\n<li><span style=\"font-family: verdana, geneva; font-size: 12pt;\">Organick\u00fd extrakt ibi\u0161a ru\u017eov\u00e9ho je bohat\u00fd na vitam\u00edny A, B, C, tonizuje a zvy\u0161uje ochrann\u00e9 vlastnosti ko\u017ee.<\/span><\/li>\n<li><span style=\"font-family: verdana, geneva; font-size: 12pt;\">Ovsen\u00e9 otruby obsahuj\u00fa vitam\u00edny B, PP, E, vy\u017eivuj\u00fa a obnovuj\u00fa poko\u017eku a zachov\u00e1vaj\u00fa jej zdrav\u00fd a dobre upraven\u00fd vzh\u013ead.<\/span><\/li>\n<li><span style=\"font-family: verdana, geneva; font-size: 12pt;\">Voda z kvetov nev\u00e4dze po\u013enej tonizuje a zvlh\u010duje poko\u017eku.<\/span><\/li>\n<\/ul>\n<p><span style=\"font-family: verdana, geneva; font-size: 12pt;\"><strong>Zlo\u017eenie: <\/strong>na obale<\/span><\/p>\n<p><span style=\"font-family: verdana, geneva; font-size: 12pt;\">(Aqua, Kaolin, Glycerin, Organic Centaurea Cyanus Flower Water, Cetearyl Alcohol, Zinc Oxide, Bentonite (and) Xanthan Gum, Olea Europaea (Olive) Fruit Oil, Organic Malva Sylvestris (Mallow) Flower Extract, Avena Sativa (Oat) Kernel Powder, Sodium Cetearyl Sulfate, Benzyl Alcohol, Parfum)<\/span><\/p>\n<p><span style=\"font-family: verdana, geneva; font-size: 12pt;\"><strong>Pou\u017eitie:<\/strong>&nbsp;Masku aplikujte na vy\u010disten\u00fa tv\u00e1r, vyh\u00fdbajte sa okoliu o\u010d\u00ed, po 10 min\u00fatach zmyte teplou vodou. Maska by mala by\u0165 pou\u017eit\u00e1 1-2 kr\u00e1t t\u00fd\u017edenne.<\/span><br \/><span style=\"font-family: verdana, geneva; font-size: 12pt;\"><strong>Krajina p\u00f4vodu:<\/strong> EU<\/span><br \/><span style=\"font-family: verdana, geneva; font-size: 12pt;\"><strong>Objem:<\/strong> 100ml<\/span><\/p>\n","protected":false},"excerpt":{"rendered":"<p>Akt\u00edvna maska na z\u00e1klade modr\u00e9ho \u00edlu \u00fa\u010dinne \u010dist\u00ed ple\u0165 tv\u00e1re, s\u0165ahuje p\u00f3ry, obnovuje prirodzen\u00fd vzh\u013ead poko\u017eky. Pr\u00edrodn\u00e9 zlo\u017eky poskytuj\u00fa poko\u017eke v\u00fd\u017eivu a hydrat\u00e1ciu. Je ide\u00e1lna pre mastn\u00fa a zmie\u0161an\u00fa ple\u0165.&nbsp;V\u00fdrobok obsahuje 100% pr\u00edrodn\u00e9 zlo\u017eky. Akt\u00edvne zlo\u017eky: Modr\u00fd \u00edl obsahuje miner\u00e1ly a stopov\u00e9 prvky, vykazuje protiz\u00e1palov\u00e9 a \u010distiace \u00fa\u010dinky. Organick\u00fd extrakt ibi\u0161a ru\u017eov\u00e9ho je bohat\u00fd na [&hellip;]<\/p>\n","protected":false},"featured_media":7488,"comment_status":"open","ping_status":"open","template":"","meta":{"site-sidebar-layout":"default","site-content-layout":"","ast-site-content-layout":"default","site-content-style":"default","site-sidebar-style":"default","ast-global-header-display":"","ast-banner-title-visibility":"","ast-main-header-display":"","ast-hfb-above-header-display":"","ast-hfb-below-header-display":"","ast-hfb-mobile-header-display":"","site-post-title":"","ast-breadcrumbs-content":"","ast-featured-img":"","footer-sml-layout":"","ast-disable-related-posts":"","theme-transparent-header-meta":"","adv-header-id-meta":"","stick-header-meta":"","header-above-stick-meta":"","header-main-stick-meta":"","header-below-stick-meta":"","astra-migrate-meta-layouts":"default","ast-page-background-enabled":"default","ast-page-background-meta":{"desktop":{"background-color":"","background-image":"","background-repeat":"repeat","background-position":"center center","background-size":"auto","background-attachment":"scroll","background-type":"","background-media":"","overlay-type":"","overlay-color":"","overlay-opacity":"","overlay-gradient":""},"tablet":{"background-color":"","background-image":"","background-repeat":"repeat","background-position":"center center","background-size":"auto","background-attachment":"scroll","background-type":"","background-media":"","overlay-type":"","overlay-color":"","overlay-opacity":"","overlay-gradient":""},"mobile":{"background-color":"","background-image":"","background-repeat":"repeat","background-position":"center center","background-size":"auto","background-attachment":"scroll","background-type":"","background-media":"","overlay-type":"","overlay-color":"","overlay-opacity":"","overlay-gradient":""}},"ast-content-background-meta":{"desktop":{"background-color":"var(--ast-global-color-5)","background-image":"","background-repeat":"repeat","background-position":"center center","background-size":"auto","background-attachment":"scroll","background-type":"","background-media":"","overlay-type":"","overlay-color":"","overlay-opacity":"","overlay-gradient":""},"tablet":{"background-color":"var(--ast-global-color-5)","background-image":"","background-repeat":"repeat","background-position":"center center","background-size":"auto","background-attachment":"scroll","background-type":"","background-media":"","overlay-type":"","overlay-color":"","overlay-opacity":"","overlay-gradient":""},"mobile":{"background-color":"var(--ast-global-color-5)","background-image":"","background-repeat":"repeat","background-position":"center center","background-size":"auto","background-attachment":"scroll","background-type":"","background-media":"","overlay-type":"","overlay-color":"","overlay-opacity":"","overlay-gradient":""}}},"product_brand":[],"product_cat":[31],"product_tag":[],"class_list":{"0":"post-7487","1":"product","2":"type-product","3":"status-publish","4":"has-post-thumbnail","6":"product_cat-pletova-kozmetika","7":"pa_cena-dopravy-367","8":"pa_doprava-zasilkovna","9":"pa_ean-620","10":"pa_typ-partnersky-predaj","11":"pa_znacka-babicka-agafia","12":"desktop-align-left","13":"tablet-align-left","14":"mobile-align-left","16":"first","17":"instock","18":"product-type-external"},"yoast_head":"<!-- This site is optimized with the Yoast SEO plugin v27.2 - https:\/\/yoast.com\/product\/yoast-seo-wordpress\/ -->\n<title>O\u010dis\u0165uj\u00faca ple\u0165ov\u00e1 maska s modr\u00fdm \u00edlom - Babi\u010dka Agafia - 100ml - EKO-BIO-NATURA BIO OBCHOD<\/title>\n<meta name=\"robots\" content=\"index, follow, max-snippet:-1, max-image-preview:large, max-video-preview:-1\" \/>\n<link rel=\"canonical\" href=\"https:\/\/www.eko-bio-natura.sk\/shop\/produkt\/ocistujuca-pletova-maska-s-modrym-ilom-babicka-agafia-100ml\/\" \/>\n<meta property=\"og:locale\" content=\"sk_SK\" \/>\n<meta property=\"og:type\" content=\"article\" \/>\n<meta property=\"og:title\" content=\"O\u010dis\u0165uj\u00faca ple\u0165ov\u00e1 maska s modr\u00fdm \u00edlom - Babi\u010dka Agafia - 100ml - EKO-BIO-NATURA BIO OBCHOD\" \/>\n<meta property=\"og:description\" content=\"Akt\u00edvna maska na z\u00e1klade modr\u00e9ho \u00edlu \u00fa\u010dinne \u010dist\u00ed ple\u0165 tv\u00e1re, s\u0165ahuje p\u00f3ry, obnovuje prirodzen\u00fd vzh\u013ead poko\u017eky. Pr\u00edrodn\u00e9 zlo\u017eky poskytuj\u00fa poko\u017eke v\u00fd\u017eivu a hydrat\u00e1ciu. Je ide\u00e1lna pre mastn\u00fa a zmie\u0161an\u00fa ple\u0165.&nbsp;V\u00fdrobok obsahuje 100% pr\u00edrodn\u00e9 zlo\u017eky. Akt\u00edvne zlo\u017eky: Modr\u00fd \u00edl obsahuje miner\u00e1ly a stopov\u00e9 prvky, vykazuje protiz\u00e1palov\u00e9 a \u010distiace \u00fa\u010dinky. Organick\u00fd extrakt ibi\u0161a ru\u017eov\u00e9ho je bohat\u00fd na [&hellip;]\" \/>\n<meta property=\"og:url\" content=\"https:\/\/www.eko-bio-natura.sk\/shop\/produkt\/ocistujuca-pletova-maska-s-modrym-ilom-babicka-agafia-100ml\/\" \/>\n<meta property=\"og:site_name\" content=\"EKO-BIO-NATURA BIO OBCHOD\" \/>\n<meta property=\"article:modified_time\" content=\"2022-05-04T14:39:58+00:00\" \/>\n<meta property=\"og:image\" content=\"https:\/\/www.eko-bio-natura.sk\/shop\/wp-content\/uploads\/2021\/12\/8217_ocistujuca-pletova-maska-s-modrym-ilom-babicka-agafia-100ml.jpg\" \/>\n\t<meta property=\"og:image:width\" content=\"600\" \/>\n\t<meta property=\"og:image:height\" content=\"600\" \/>\n\t<meta property=\"og:image:type\" content=\"image\/jpeg\" \/>\n<meta name=\"twitter:card\" content=\"summary_large_image\" \/>\n<meta name=\"twitter:label1\" content=\"Predpokladan\u00fd \u010das \u010d\u00edtania\" \/>\n\t<meta name=\"twitter:data1\" content=\"1 min\u00fata\" \/>\n<script type=\"application\/ld+json\" class=\"yoast-schema-graph\">{\"@context\":\"https:\/\/schema.org\",\"@graph\":[{\"@type\":\"WebPage\",\"@id\":\"https:\/\/www.eko-bio-natura.sk\/shop\/produkt\/ocistujuca-pletova-maska-s-modrym-ilom-babicka-agafia-100ml\/\",\"url\":\"https:\/\/www.eko-bio-natura.sk\/shop\/produkt\/ocistujuca-pletova-maska-s-modrym-ilom-babicka-agafia-100ml\/\",\"name\":\"O\u010dis\u0165uj\u00faca ple\u0165ov\u00e1 maska s modr\u00fdm \u00edlom - Babi\u010dka Agafia - 100ml - EKO-BIO-NATURA BIO OBCHOD\",\"isPartOf\":{\"@id\":\"https:\/\/www.eko-bio-natura.sk\/shop\/#website\"},\"primaryImageOfPage\":{\"@id\":\"https:\/\/www.eko-bio-natura.sk\/shop\/produkt\/ocistujuca-pletova-maska-s-modrym-ilom-babicka-agafia-100ml\/#primaryimage\"},\"image\":{\"@id\":\"https:\/\/www.eko-bio-natura.sk\/shop\/produkt\/ocistujuca-pletova-maska-s-modrym-ilom-babicka-agafia-100ml\/#primaryimage\"},\"thumbnailUrl\":\"https:\/\/www.eko-bio-natura.sk\/shop\/wp-content\/uploads\/2021\/12\/8217_ocistujuca-pletova-maska-s-modrym-ilom-babicka-agafia-100ml.jpg\",\"datePublished\":\"2021-12-28T17:10:33+00:00\",\"dateModified\":\"2022-05-04T14:39:58+00:00\",\"breadcrumb\":{\"@id\":\"https:\/\/www.eko-bio-natura.sk\/shop\/produkt\/ocistujuca-pletova-maska-s-modrym-ilom-babicka-agafia-100ml\/#breadcrumb\"},\"inLanguage\":\"sk-SK\",\"potentialAction\":[{\"@type\":\"ReadAction\",\"target\":[\"https:\/\/www.eko-bio-natura.sk\/shop\/produkt\/ocistujuca-pletova-maska-s-modrym-ilom-babicka-agafia-100ml\/\"]}]},{\"@type\":\"ImageObject\",\"inLanguage\":\"sk-SK\",\"@id\":\"https:\/\/www.eko-bio-natura.sk\/shop\/produkt\/ocistujuca-pletova-maska-s-modrym-ilom-babicka-agafia-100ml\/#primaryimage\",\"url\":\"https:\/\/www.eko-bio-natura.sk\/shop\/wp-content\/uploads\/2021\/12\/8217_ocistujuca-pletova-maska-s-modrym-ilom-babicka-agafia-100ml.jpg\",\"contentUrl\":\"https:\/\/www.eko-bio-natura.sk\/shop\/wp-content\/uploads\/2021\/12\/8217_ocistujuca-pletova-maska-s-modrym-ilom-babicka-agafia-100ml.jpg\",\"width\":600,\"height\":600},{\"@type\":\"BreadcrumbList\",\"@id\":\"https:\/\/www.eko-bio-natura.sk\/shop\/produkt\/ocistujuca-pletova-maska-s-modrym-ilom-babicka-agafia-100ml\/#breadcrumb\",\"itemListElement\":[{\"@type\":\"ListItem\",\"position\":1,\"name\":\"Domovsk\u00e1 str\u00e1nka\",\"item\":\"https:\/\/www.eko-bio-natura.sk\/shop\/\"},{\"@type\":\"ListItem\",\"position\":2,\"name\":\"Obchod\",\"item\":\"https:\/\/www.eko-bio-natura.sk\/shop\/?page_id=6\"},{\"@type\":\"ListItem\",\"position\":3,\"name\":\"O\u010dis\u0165uj\u00faca ple\u0165ov\u00e1 maska s modr\u00fdm \u00edlom &#8211; Babi\u010dka Agafia &#8211; 100ml\"}]},{\"@type\":\"WebSite\",\"@id\":\"https:\/\/www.eko-bio-natura.sk\/shop\/#website\",\"url\":\"https:\/\/www.eko-bio-natura.sk\/shop\/\",\"name\":\"EKO-BIO-NATURA BIO OBCHOD\",\"description\":\"\",\"publisher\":{\"@id\":\"https:\/\/www.eko-bio-natura.sk\/shop\/#organization\"},\"potentialAction\":[{\"@type\":\"SearchAction\",\"target\":{\"@type\":\"EntryPoint\",\"urlTemplate\":\"https:\/\/www.eko-bio-natura.sk\/shop\/?s={search_term_string}\"},\"query-input\":{\"@type\":\"PropertyValueSpecification\",\"valueRequired\":true,\"valueName\":\"search_term_string\"}}],\"inLanguage\":\"sk-SK\"},{\"@type\":\"Organization\",\"@id\":\"https:\/\/www.eko-bio-natura.sk\/shop\/#organization\",\"name\":\"EKO-BIO-NATURA BIO OBCHOD\",\"url\":\"https:\/\/www.eko-bio-natura.sk\/shop\/\",\"logo\":{\"@type\":\"ImageObject\",\"inLanguage\":\"sk-SK\",\"@id\":\"https:\/\/www.eko-bio-natura.sk\/shop\/#\/schema\/logo\/image\/\",\"url\":\"https:\/\/www.eko-bio-natura.sk\/shop\/wp-content\/uploads\/2021\/04\/eko-bio-natura_logo.png\",\"contentUrl\":\"https:\/\/www.eko-bio-natura.sk\/shop\/wp-content\/uploads\/2021\/04\/eko-bio-natura_logo.png\",\"width\":552,\"height\":194,\"caption\":\"EKO-BIO-NATURA BIO OBCHOD\"},\"image\":{\"@id\":\"https:\/\/www.eko-bio-natura.sk\/shop\/#\/schema\/logo\/image\/\"}}]}<\/script>\n<!-- \/ Yoast SEO plugin. -->","yoast_head_json":{"title":"O\u010dis\u0165uj\u00faca ple\u0165ov\u00e1 maska s modr\u00fdm \u00edlom - Babi\u010dka Agafia - 100ml - EKO-BIO-NATURA BIO OBCHOD","robots":{"index":"index","follow":"follow","max-snippet":"max-snippet:-1","max-image-preview":"max-image-preview:large","max-video-preview":"max-video-preview:-1"},"canonical":"https:\/\/www.eko-bio-natura.sk\/shop\/produkt\/ocistujuca-pletova-maska-s-modrym-ilom-babicka-agafia-100ml\/","og_locale":"sk_SK","og_type":"article","og_title":"O\u010dis\u0165uj\u00faca ple\u0165ov\u00e1 maska s modr\u00fdm \u00edlom - Babi\u010dka Agafia - 100ml - EKO-BIO-NATURA BIO OBCHOD","og_description":"Akt\u00edvna maska na z\u00e1klade modr\u00e9ho \u00edlu \u00fa\u010dinne \u010dist\u00ed ple\u0165 tv\u00e1re, s\u0165ahuje p\u00f3ry, obnovuje prirodzen\u00fd vzh\u013ead poko\u017eky. Pr\u00edrodn\u00e9 zlo\u017eky poskytuj\u00fa poko\u017eke v\u00fd\u017eivu a hydrat\u00e1ciu. Je ide\u00e1lna pre mastn\u00fa a zmie\u0161an\u00fa ple\u0165.&nbsp;V\u00fdrobok obsahuje 100% pr\u00edrodn\u00e9 zlo\u017eky. Akt\u00edvne zlo\u017eky: Modr\u00fd \u00edl obsahuje miner\u00e1ly a stopov\u00e9 prvky, vykazuje protiz\u00e1palov\u00e9 a \u010distiace \u00fa\u010dinky. Organick\u00fd extrakt ibi\u0161a ru\u017eov\u00e9ho je bohat\u00fd na [&hellip;]","og_url":"https:\/\/www.eko-bio-natura.sk\/shop\/produkt\/ocistujuca-pletova-maska-s-modrym-ilom-babicka-agafia-100ml\/","og_site_name":"EKO-BIO-NATURA BIO OBCHOD","article_modified_time":"2022-05-04T14:39:58+00:00","og_image":[{"width":600,"height":600,"url":"https:\/\/www.eko-bio-natura.sk\/shop\/wp-content\/uploads\/2021\/12\/8217_ocistujuca-pletova-maska-s-modrym-ilom-babicka-agafia-100ml.jpg","type":"image\/jpeg"}],"twitter_card":"summary_large_image","twitter_misc":{"Predpokladan\u00fd \u010das \u010d\u00edtania":"1 min\u00fata"},"schema":{"@context":"https:\/\/schema.org","@graph":[{"@type":"WebPage","@id":"https:\/\/www.eko-bio-natura.sk\/shop\/produkt\/ocistujuca-pletova-maska-s-modrym-ilom-babicka-agafia-100ml\/","url":"https:\/\/www.eko-bio-natura.sk\/shop\/produkt\/ocistujuca-pletova-maska-s-modrym-ilom-babicka-agafia-100ml\/","name":"O\u010dis\u0165uj\u00faca ple\u0165ov\u00e1 maska s modr\u00fdm \u00edlom - Babi\u010dka Agafia - 100ml - EKO-BIO-NATURA BIO OBCHOD","isPartOf":{"@id":"https:\/\/www.eko-bio-natura.sk\/shop\/#website"},"primaryImageOfPage":{"@id":"https:\/\/www.eko-bio-natura.sk\/shop\/produkt\/ocistujuca-pletova-maska-s-modrym-ilom-babicka-agafia-100ml\/#primaryimage"},"image":{"@id":"https:\/\/www.eko-bio-natura.sk\/shop\/produkt\/ocistujuca-pletova-maska-s-modrym-ilom-babicka-agafia-100ml\/#primaryimage"},"thumbnailUrl":"https:\/\/www.eko-bio-natura.sk\/shop\/wp-content\/uploads\/2021\/12\/8217_ocistujuca-pletova-maska-s-modrym-ilom-babicka-agafia-100ml.jpg","datePublished":"2021-12-28T17:10:33+00:00","dateModified":"2022-05-04T14:39:58+00:00","breadcrumb":{"@id":"https:\/\/www.eko-bio-natura.sk\/shop\/produkt\/ocistujuca-pletova-maska-s-modrym-ilom-babicka-agafia-100ml\/#breadcrumb"},"inLanguage":"sk-SK","potentialAction":[{"@type":"ReadAction","target":["https:\/\/www.eko-bio-natura.sk\/shop\/produkt\/ocistujuca-pletova-maska-s-modrym-ilom-babicka-agafia-100ml\/"]}]},{"@type":"ImageObject","inLanguage":"sk-SK","@id":"https:\/\/www.eko-bio-natura.sk\/shop\/produkt\/ocistujuca-pletova-maska-s-modrym-ilom-babicka-agafia-100ml\/#primaryimage","url":"https:\/\/www.eko-bio-natura.sk\/shop\/wp-content\/uploads\/2021\/12\/8217_ocistujuca-pletova-maska-s-modrym-ilom-babicka-agafia-100ml.jpg","contentUrl":"https:\/\/www.eko-bio-natura.sk\/shop\/wp-content\/uploads\/2021\/12\/8217_ocistujuca-pletova-maska-s-modrym-ilom-babicka-agafia-100ml.jpg","width":600,"height":600},{"@type":"BreadcrumbList","@id":"https:\/\/www.eko-bio-natura.sk\/shop\/produkt\/ocistujuca-pletova-maska-s-modrym-ilom-babicka-agafia-100ml\/#breadcrumb","itemListElement":[{"@type":"ListItem","position":1,"name":"Domovsk\u00e1 str\u00e1nka","item":"https:\/\/www.eko-bio-natura.sk\/shop\/"},{"@type":"ListItem","position":2,"name":"Obchod","item":"https:\/\/www.eko-bio-natura.sk\/shop\/?page_id=6"},{"@type":"ListItem","position":3,"name":"O\u010dis\u0165uj\u00faca ple\u0165ov\u00e1 maska s modr\u00fdm \u00edlom &#8211; Babi\u010dka Agafia &#8211; 100ml"}]},{"@type":"WebSite","@id":"https:\/\/www.eko-bio-natura.sk\/shop\/#website","url":"https:\/\/www.eko-bio-natura.sk\/shop\/","name":"EKO-BIO-NATURA BIO OBCHOD","description":"","publisher":{"@id":"https:\/\/www.eko-bio-natura.sk\/shop\/#organization"},"potentialAction":[{"@type":"SearchAction","target":{"@type":"EntryPoint","urlTemplate":"https:\/\/www.eko-bio-natura.sk\/shop\/?s={search_term_string}"},"query-input":{"@type":"PropertyValueSpecification","valueRequired":true,"valueName":"search_term_string"}}],"inLanguage":"sk-SK"},{"@type":"Organization","@id":"https:\/\/www.eko-bio-natura.sk\/shop\/#organization","name":"EKO-BIO-NATURA BIO OBCHOD","url":"https:\/\/www.eko-bio-natura.sk\/shop\/","logo":{"@type":"ImageObject","inLanguage":"sk-SK","@id":"https:\/\/www.eko-bio-natura.sk\/shop\/#\/schema\/logo\/image\/","url":"https:\/\/www.eko-bio-natura.sk\/shop\/wp-content\/uploads\/2021\/04\/eko-bio-natura_logo.png","contentUrl":"https:\/\/www.eko-bio-natura.sk\/shop\/wp-content\/uploads\/2021\/04\/eko-bio-natura_logo.png","width":552,"height":194,"caption":"EKO-BIO-NATURA BIO OBCHOD"},"image":{"@id":"https:\/\/www.eko-bio-natura.sk\/shop\/#\/schema\/logo\/image\/"}}]}},"_links":{"self":[{"href":"https:\/\/www.eko-bio-natura.sk\/shop\/wp-json\/wp\/v2\/product\/7487","targetHints":{"allow":["GET"]}}],"collection":[{"href":"https:\/\/www.eko-bio-natura.sk\/shop\/wp-json\/wp\/v2\/product"}],"about":[{"href":"https:\/\/www.eko-bio-natura.sk\/shop\/wp-json\/wp\/v2\/types\/product"}],"replies":[{"embeddable":true,"href":"https:\/\/www.eko-bio-natura.sk\/shop\/wp-json\/wp\/v2\/comments?post=7487"}],"wp:featuredmedia":[{"embeddable":true,"href":"https:\/\/www.eko-bio-natura.sk\/shop\/wp-json\/wp\/v2\/media\/7488"}],"wp:attachment":[{"href":"https:\/\/www.eko-bio-natura.sk\/shop\/wp-json\/wp\/v2\/media?parent=7487"}],"wp:term":[{"taxonomy":"product_brand","embeddable":true,"href":"https:\/\/www.eko-bio-natura.sk\/shop\/wp-json\/wp\/v2\/product_brand?post=7487"},{"taxonomy":"product_cat","embeddable":true,"href":"https:\/\/www.eko-bio-natura.sk\/shop\/wp-json\/wp\/v2\/product_cat?post=7487"},{"taxonomy":"product_tag","embeddable":true,"href":"https:\/\/www.eko-bio-natura.sk\/shop\/wp-json\/wp\/v2\/product_tag?post=7487"}],"curies":[{"name":"wp","href":"https:\/\/api.w.org\/{rel}","templated":true}]}}