{"id":7480,"date":"2021-12-28T18:10:07","date_gmt":"2021-12-28T17:10:07","guid":{"rendered":"https:\/\/www.eko-bio-natura.sk\/shop\/index.php\/produkt\/tonikum-na-osetrenie-pleti-malavit-balenie-50-ml\/"},"modified":"2022-05-04T16:39:53","modified_gmt":"2022-05-04T14:39:53","slug":"tonikum-na-osetrenie-pleti-malavit-balenie-50-ml","status":"publish","type":"product","link":"https:\/\/www.eko-bio-natura.sk\/shop\/produkt\/tonikum-na-osetrenie-pleti-malavit-balenie-50-ml\/","title":{"rendered":"Tonikum na o\u0161etrenie pleti &#8211; Malavit Balenie: 50 ml"},"content":{"rendered":"<p><span style=\"font-size: 12pt; font-family: verdana, geneva;\"><strong>Sp\u00f4sob pou\u017eitia :<\/strong>&nbsp;<span style=\"font-family: Tahoma;\"><span style=\"font-size: small;\"><br \/><\/span><\/span><\/span><span style=\"font-size: 12pt;\"><span style=\"font-family: verdana, geneva;\"><strong>Z\u00e1pal stredn\u00e9ho ucha:<\/strong><\/span><span style=\"font-family: verdana, geneva;\"> kvapkajte rozrieden\u00fd vodou v pomere 1:10 do 1:100 (pod\u013ea individu\u00e1lneho prejavu) 6-8 x denne.&nbsp;Tie\u017e je dobr\u00e9 pou\u017ei\u0165 tamp\u00f3ny do u\u0161\u00ed a nosa.<br \/><strong>Z\u00e1paly nosn\u00fdch dut\u00edn<\/strong>: preplachujte si nosn\u00e9 dierky roztokom pripraven\u00fdm v pomere 1:100 a pou\u017e\u00edvajte po dobu 10 dn\u00ed.<br \/><strong>Chronick\u00fd z\u00e1pal kr\u010dn\u00fdch mandl\u00ed<\/strong>: jar a jese\u0148 &#8211; kloktajte roztok &nbsp;zrieden\u00fd vo vode 1: 10 a\u017e 1:100<br \/><strong>Ak\u00fatne respira\u010dn\u00e9 ochorenia a chr\u00edpka<\/strong>: Pri \u0161kriaban\u00ed v krku vyplachujte hrdlo zrieden\u00fdm Malavitom (2-10 kvapiek na 100ml vody) a kvapkajte aj do nosa. Potierajte tie\u017e krk a hrudn\u00edk (pre tento \u00fa\u010del potierania sa nemus\u00ed Malavit riedi\u0165). Pri chr\u00edpke aplikujte malavit do kr\u00ed\u017eovej oblasti-oblas\u0165 \u013eadv\u00edn.<br \/><strong>Bolesti hlavy <\/strong>&#8211; vtierajte malavit na bolestiv\u00e9 miesto.<br \/>Malavit <strong>pom\u00e1ha <\/strong>pri <strong>opuchoch, bolestiach<\/strong>, obnovuje funkcie pri <strong>neuralgi\u00e1ch, mie\u0161nych bolestiach, pri o\u010dn\u00fdch tikoch <\/strong>a r\u00f4znych probl\u00e9moch s poko\u017ekou:<br \/>Nan\u00e1\u0161ajte na poko\u017eku vatov\u00fdm tamp\u00f3nom v mieste bolesti, o\u0161etren\u00fa ko\u017eu prekryte bavlnenou l\u00e1tkou a igelitom, a nakoniec prikryte nie\u010d\u00edm na zateplenie miesta. Nechajte p\u00f4sobi\u0165 od 20 min\u00fat do 2-3 hod\u00edn. Pri tomto sp\u00f4sobe pou\u017eitia netreba Malavit riedi\u0165.<br \/>Malavit je omnoho efekt\u00edvnej\u0161\u00ed pri <strong>ak\u00fatnych z\u00e1paloch a \u010derstv\u00fdch traum\u00e1ch.<\/strong><br \/><strong>\u010cistenie poko\u017eky<\/strong>: <strong>Uhrovitos\u0165<\/strong>,&nbsp;vriedky, <strong>herpes <\/strong>tv\u00e1re a pohlavn\u00fdch org\u00e1nov &#8211; poko\u017eka sa o\u0161etruje 2-5x denne roztokom 1:10 a\u017e 1: 100.<br \/><strong>Antiseptick\u00e9 \u00fa\u010dinky<\/strong>: Malavit je vysoko \u00fa\u010dinn\u00fd pri poten\u00ed r\u00fak, n\u00f4h a podpazu\u0161ia. Sta\u010d\u00ed 1 a\u017e 2 aplik\u00e1cie, fix\u00e1cia do 30 min\u00fat.<br \/><strong>Bradavice<\/strong>: sta\u010d\u00ed 1-2 aplik\u00e1cie. V\u00fdborn\u00e9 je spoji\u0165 malavit s hust\u00fdm roztokom mumia.<br \/><strong>Antiv\u00edrov\u00fd program<\/strong> Malavitu: zabezpe\u010duje efekt\u00edvnu proti-v\u00edrov\u00fa ochranu od tak\u00fdch infekci\u00ed ako je chr\u00edpka, herpes.<br \/><strong>Klie\u0161\u0165<\/strong>: mo\u017eno odstr\u00e1ni\u0165 po aplik\u00e1cii za 7-10 min\u00fat. Nerieden\u00fdm roztokom natrieme 3 kr\u00e1t za de\u0148 v de\u0148 uhryznutia a&nbsp;nech\u00e1me p\u00f4sobi\u0165 10 min\u00fat.<br \/><strong>Hlasivky<\/strong>: Pri presilen\u00ed hlasiviek prilo\u017ete obklad na 2-3 hodiny do oblasti hlasiviek.<br \/><strong>Paradent\u00f3za, bolesti zubov<\/strong>: vyplachujte \u00fasta 2- 5 kr\u00e1t denne, 5 kvapiek na 100ml vody, alebo aplikujte tamp\u00f3nom namo\u010den\u00fdm v roztoku s malavitom a glycer\u00ednom v pomere 1:1.<br \/><strong>Malavit v gynekol\u00f3gii<\/strong>: Pri bakteri\u00e1lnych <strong>vagin\u00f3zach <\/strong>sa doporu\u010duj\u00fa v\u00fdplachy roztokom malavitu rieden\u00e9ho 1:20 &#8211; 1:50 3-5 min\u00fat. Pom\u00e1ha ja pri er\u00f3zii maternicov\u00e9ho kr\u010dku a pri prasklin\u00e1ch prsn\u00fdch bradaviek.<br \/><strong>Lie\u010denie zvierat<\/strong>: Je \u00fa\u010dinn\u00fd pri r\u00f4znych infekci\u00e1ch na vonkaj\u0161ie&nbsp;pou\u017eitie.&nbsp;Pou\u017eitie: 10-20 kvapiek do \u010dajovej ly\u017ei\u010dky vody, 2-4x denne (ma\u010dky a mal\u00e9 psy), 20-30 kvapiek do \u010dajovej ly\u017ei\u010dky vody, 2x denne v priebehu 5 dn\u00ed.&nbsp;<\/span><\/span><\/p>\n<p><span style=\"font-size: 12pt; font-family: verdana, geneva;\">Zv\u00fd\u0161enie efektivity dosiahneme pou\u017eit\u00edm kr\u00e9m-g\u00e9lu Malavit ihne\u010f po nanesen\u00ed tonika.<\/span><\/p>\n<p><span style=\"font-size: 12pt; font-family: verdana, geneva;\"><strong>Upozornenie <\/strong>: individu\u00e1lna alergia na niektor\u00fa zo zlo\u017eiek<\/span><\/p>\n<p class=\"Vchodzie\"><span style=\"font-size: 12pt; font-family: verdana, geneva;\"><strong><span lang=\"CS\">Zlo\u017eenie <\/span><\/strong><span lang=\"CS\">:&nbsp;Cupri Sulfas, Cupric Carbonate Basic, Formic Acid, Lactic Acid, Glycerin, Mumiye, Gum, Gemmae Betulae, Gemmae Pini, Cortex Quercus, Calendula Officinalis Extract, Achillea Millefolium Extract, Mentha Piperita Extract, Thymus Vulgaris Extract, Chamomilla Recutita Extract, Acorus Calamus Extract, Salvia Officinalis Extract, Helichrysum Angustifolia Extract, Paeonia Anomala Extract, Aqua<\/span><\/span><\/p>\n<p class=\"Vchodzie\"><span style=\"font-size: 12pt; font-family: verdana, geneva;\"><strong><span lang=\"CS\">Obsah: <\/span><\/strong><span lang=\"CS\">3<\/span><span lang=\"CS\">0ml<\/span><\/span><\/p>\n<p class=\"Vchodzie\"><span style=\"font-size: 12pt; font-family: verdana, geneva;\"><strong><span lang=\"CS\">Krajina p\u00f4vodu<\/span><\/strong><span lang=\"CS\"> : Rusk\u00e1 feder\u00e1cia<\/span><\/span><\/p>\n","protected":false},"excerpt":{"rendered":"<p>Sp\u00f4sob pou\u017eitia :&nbsp;Z\u00e1pal stredn\u00e9ho ucha: kvapkajte rozrieden\u00fd vodou v pomere 1:10 do 1:100 (pod\u013ea individu\u00e1lneho prejavu) 6-8 x denne.&nbsp;Tie\u017e je dobr\u00e9 pou\u017ei\u0165 tamp\u00f3ny do u\u0161\u00ed a nosa.Z\u00e1paly nosn\u00fdch dut\u00edn: preplachujte si nosn\u00e9 dierky roztokom pripraven\u00fdm v pomere 1:100 a pou\u017e\u00edvajte po dobu 10 dn\u00ed.Chronick\u00fd z\u00e1pal kr\u010dn\u00fdch mandl\u00ed: jar a jese\u0148 &#8211; kloktajte roztok &nbsp;zrieden\u00fd vo [&hellip;]<\/p>\n","protected":false},"featured_media":7481,"comment_status":"open","ping_status":"open","template":"","meta":{"site-sidebar-layout":"default","site-content-layout":"","ast-site-content-layout":"default","site-content-style":"default","site-sidebar-style":"default","ast-global-header-display":"","ast-banner-title-visibility":"","ast-main-header-display":"","ast-hfb-above-header-display":"","ast-hfb-below-header-display":"","ast-hfb-mobile-header-display":"","site-post-title":"","ast-breadcrumbs-content":"","ast-featured-img":"","footer-sml-layout":"","ast-disable-related-posts":"","theme-transparent-header-meta":"","adv-header-id-meta":"","stick-header-meta":"","header-above-stick-meta":"","header-main-stick-meta":"","header-below-stick-meta":"","astra-migrate-meta-layouts":"default","ast-page-background-enabled":"default","ast-page-background-meta":{"desktop":{"background-color":"","background-image":"","background-repeat":"repeat","background-position":"center center","background-size":"auto","background-attachment":"scroll","background-type":"","background-media":"","overlay-type":"","overlay-color":"","overlay-opacity":"","overlay-gradient":""},"tablet":{"background-color":"","background-image":"","background-repeat":"repeat","background-position":"center center","background-size":"auto","background-attachment":"scroll","background-type":"","background-media":"","overlay-type":"","overlay-color":"","overlay-opacity":"","overlay-gradient":""},"mobile":{"background-color":"","background-image":"","background-repeat":"repeat","background-position":"center center","background-size":"auto","background-attachment":"scroll","background-type":"","background-media":"","overlay-type":"","overlay-color":"","overlay-opacity":"","overlay-gradient":""}},"ast-content-background-meta":{"desktop":{"background-color":"var(--ast-global-color-5)","background-image":"","background-repeat":"repeat","background-position":"center center","background-size":"auto","background-attachment":"scroll","background-type":"","background-media":"","overlay-type":"","overlay-color":"","overlay-opacity":"","overlay-gradient":""},"tablet":{"background-color":"var(--ast-global-color-5)","background-image":"","background-repeat":"repeat","background-position":"center center","background-size":"auto","background-attachment":"scroll","background-type":"","background-media":"","overlay-type":"","overlay-color":"","overlay-opacity":"","overlay-gradient":""},"mobile":{"background-color":"var(--ast-global-color-5)","background-image":"","background-repeat":"repeat","background-position":"center center","background-size":"auto","background-attachment":"scroll","background-type":"","background-media":"","overlay-type":"","overlay-color":"","overlay-opacity":"","overlay-gradient":""}}},"product_brand":[],"product_cat":[31],"product_tag":[],"class_list":{"0":"post-7480","1":"product","2":"type-product","3":"status-publish","4":"has-post-thumbnail","6":"product_cat-pletova-kozmetika","7":"pa_cena-dopravy-367","8":"pa_doprava-zasilkovna","9":"pa_ean-608","10":"pa_typ-partnersky-predaj","11":"pa_znacka-malavit","12":"desktop-align-left","13":"tablet-align-left","14":"mobile-align-left","16":"first","17":"instock","18":"product-type-external"},"yoast_head":"<!-- This site is optimized with the Yoast SEO plugin v27.2 - https:\/\/yoast.com\/product\/yoast-seo-wordpress\/ -->\n<title>Tonikum na o\u0161etrenie pleti - Malavit Balenie: 50 ml - EKO-BIO-NATURA BIO OBCHOD<\/title>\n<meta name=\"robots\" content=\"index, follow, max-snippet:-1, max-image-preview:large, max-video-preview:-1\" \/>\n<link rel=\"canonical\" href=\"https:\/\/www.eko-bio-natura.sk\/shop\/produkt\/tonikum-na-osetrenie-pleti-malavit-balenie-50-ml\/\" \/>\n<meta property=\"og:locale\" content=\"sk_SK\" \/>\n<meta property=\"og:type\" content=\"article\" \/>\n<meta property=\"og:title\" content=\"Tonikum na o\u0161etrenie pleti - Malavit Balenie: 50 ml - EKO-BIO-NATURA BIO OBCHOD\" \/>\n<meta property=\"og:description\" content=\"Sp\u00f4sob pou\u017eitia :&nbsp;Z\u00e1pal stredn\u00e9ho ucha: kvapkajte rozrieden\u00fd vodou v pomere 1:10 do 1:100 (pod\u013ea individu\u00e1lneho prejavu) 6-8 x denne.&nbsp;Tie\u017e je dobr\u00e9 pou\u017ei\u0165 tamp\u00f3ny do u\u0161\u00ed a nosa.Z\u00e1paly nosn\u00fdch dut\u00edn: preplachujte si nosn\u00e9 dierky roztokom pripraven\u00fdm v pomere 1:100 a pou\u017e\u00edvajte po dobu 10 dn\u00ed.Chronick\u00fd z\u00e1pal kr\u010dn\u00fdch mandl\u00ed: jar a jese\u0148 &#8211; kloktajte roztok &nbsp;zrieden\u00fd vo [&hellip;]\" \/>\n<meta property=\"og:url\" content=\"https:\/\/www.eko-bio-natura.sk\/shop\/produkt\/tonikum-na-osetrenie-pleti-malavit-balenie-50-ml\/\" \/>\n<meta property=\"og:site_name\" content=\"EKO-BIO-NATURA BIO OBCHOD\" \/>\n<meta property=\"article:modified_time\" content=\"2022-05-04T14:39:53+00:00\" \/>\n<meta property=\"og:image\" content=\"https:\/\/www.eko-bio-natura.sk\/shop\/wp-content\/uploads\/2021\/12\/7704-1_1183-malavit-600-x-600.jpg\" \/>\n\t<meta property=\"og:image:width\" content=\"600\" \/>\n\t<meta property=\"og:image:height\" content=\"600\" \/>\n\t<meta property=\"og:image:type\" content=\"image\/jpeg\" \/>\n<meta name=\"twitter:card\" content=\"summary_large_image\" \/>\n<meta name=\"twitter:label1\" content=\"Predpokladan\u00fd \u010das \u010d\u00edtania\" \/>\n\t<meta name=\"twitter:data1\" content=\"3 min\u00faty\" \/>\n<script type=\"application\/ld+json\" class=\"yoast-schema-graph\">{\"@context\":\"https:\/\/schema.org\",\"@graph\":[{\"@type\":\"WebPage\",\"@id\":\"https:\/\/www.eko-bio-natura.sk\/shop\/produkt\/tonikum-na-osetrenie-pleti-malavit-balenie-50-ml\/\",\"url\":\"https:\/\/www.eko-bio-natura.sk\/shop\/produkt\/tonikum-na-osetrenie-pleti-malavit-balenie-50-ml\/\",\"name\":\"Tonikum na o\u0161etrenie pleti - Malavit Balenie: 50 ml - EKO-BIO-NATURA BIO OBCHOD\",\"isPartOf\":{\"@id\":\"https:\/\/www.eko-bio-natura.sk\/shop\/#website\"},\"primaryImageOfPage\":{\"@id\":\"https:\/\/www.eko-bio-natura.sk\/shop\/produkt\/tonikum-na-osetrenie-pleti-malavit-balenie-50-ml\/#primaryimage\"},\"image\":{\"@id\":\"https:\/\/www.eko-bio-natura.sk\/shop\/produkt\/tonikum-na-osetrenie-pleti-malavit-balenie-50-ml\/#primaryimage\"},\"thumbnailUrl\":\"https:\/\/www.eko-bio-natura.sk\/shop\/wp-content\/uploads\/2021\/12\/7704-1_1183-malavit-600-x-600.jpg\",\"datePublished\":\"2021-12-28T17:10:07+00:00\",\"dateModified\":\"2022-05-04T14:39:53+00:00\",\"breadcrumb\":{\"@id\":\"https:\/\/www.eko-bio-natura.sk\/shop\/produkt\/tonikum-na-osetrenie-pleti-malavit-balenie-50-ml\/#breadcrumb\"},\"inLanguage\":\"sk-SK\",\"potentialAction\":[{\"@type\":\"ReadAction\",\"target\":[\"https:\/\/www.eko-bio-natura.sk\/shop\/produkt\/tonikum-na-osetrenie-pleti-malavit-balenie-50-ml\/\"]}]},{\"@type\":\"ImageObject\",\"inLanguage\":\"sk-SK\",\"@id\":\"https:\/\/www.eko-bio-natura.sk\/shop\/produkt\/tonikum-na-osetrenie-pleti-malavit-balenie-50-ml\/#primaryimage\",\"url\":\"https:\/\/www.eko-bio-natura.sk\/shop\/wp-content\/uploads\/2021\/12\/7704-1_1183-malavit-600-x-600.jpg\",\"contentUrl\":\"https:\/\/www.eko-bio-natura.sk\/shop\/wp-content\/uploads\/2021\/12\/7704-1_1183-malavit-600-x-600.jpg\",\"width\":600,\"height\":600},{\"@type\":\"BreadcrumbList\",\"@id\":\"https:\/\/www.eko-bio-natura.sk\/shop\/produkt\/tonikum-na-osetrenie-pleti-malavit-balenie-50-ml\/#breadcrumb\",\"itemListElement\":[{\"@type\":\"ListItem\",\"position\":1,\"name\":\"Domovsk\u00e1 str\u00e1nka\",\"item\":\"https:\/\/www.eko-bio-natura.sk\/shop\/\"},{\"@type\":\"ListItem\",\"position\":2,\"name\":\"Obchod\",\"item\":\"https:\/\/www.eko-bio-natura.sk\/shop\/?page_id=6\"},{\"@type\":\"ListItem\",\"position\":3,\"name\":\"Tonikum na o\u0161etrenie pleti &#8211; Malavit Balenie: 50 ml\"}]},{\"@type\":\"WebSite\",\"@id\":\"https:\/\/www.eko-bio-natura.sk\/shop\/#website\",\"url\":\"https:\/\/www.eko-bio-natura.sk\/shop\/\",\"name\":\"EKO-BIO-NATURA BIO OBCHOD\",\"description\":\"\",\"publisher\":{\"@id\":\"https:\/\/www.eko-bio-natura.sk\/shop\/#organization\"},\"potentialAction\":[{\"@type\":\"SearchAction\",\"target\":{\"@type\":\"EntryPoint\",\"urlTemplate\":\"https:\/\/www.eko-bio-natura.sk\/shop\/?s={search_term_string}\"},\"query-input\":{\"@type\":\"PropertyValueSpecification\",\"valueRequired\":true,\"valueName\":\"search_term_string\"}}],\"inLanguage\":\"sk-SK\"},{\"@type\":\"Organization\",\"@id\":\"https:\/\/www.eko-bio-natura.sk\/shop\/#organization\",\"name\":\"EKO-BIO-NATURA BIO OBCHOD\",\"url\":\"https:\/\/www.eko-bio-natura.sk\/shop\/\",\"logo\":{\"@type\":\"ImageObject\",\"inLanguage\":\"sk-SK\",\"@id\":\"https:\/\/www.eko-bio-natura.sk\/shop\/#\/schema\/logo\/image\/\",\"url\":\"https:\/\/www.eko-bio-natura.sk\/shop\/wp-content\/uploads\/2021\/04\/eko-bio-natura_logo.png\",\"contentUrl\":\"https:\/\/www.eko-bio-natura.sk\/shop\/wp-content\/uploads\/2021\/04\/eko-bio-natura_logo.png\",\"width\":552,\"height\":194,\"caption\":\"EKO-BIO-NATURA BIO OBCHOD\"},\"image\":{\"@id\":\"https:\/\/www.eko-bio-natura.sk\/shop\/#\/schema\/logo\/image\/\"}}]}<\/script>\n<!-- \/ Yoast SEO plugin. -->","yoast_head_json":{"title":"Tonikum na o\u0161etrenie pleti - Malavit Balenie: 50 ml - EKO-BIO-NATURA BIO OBCHOD","robots":{"index":"index","follow":"follow","max-snippet":"max-snippet:-1","max-image-preview":"max-image-preview:large","max-video-preview":"max-video-preview:-1"},"canonical":"https:\/\/www.eko-bio-natura.sk\/shop\/produkt\/tonikum-na-osetrenie-pleti-malavit-balenie-50-ml\/","og_locale":"sk_SK","og_type":"article","og_title":"Tonikum na o\u0161etrenie pleti - Malavit Balenie: 50 ml - EKO-BIO-NATURA BIO OBCHOD","og_description":"Sp\u00f4sob pou\u017eitia :&nbsp;Z\u00e1pal stredn\u00e9ho ucha: kvapkajte rozrieden\u00fd vodou v pomere 1:10 do 1:100 (pod\u013ea individu\u00e1lneho prejavu) 6-8 x denne.&nbsp;Tie\u017e je dobr\u00e9 pou\u017ei\u0165 tamp\u00f3ny do u\u0161\u00ed a nosa.Z\u00e1paly nosn\u00fdch dut\u00edn: preplachujte si nosn\u00e9 dierky roztokom pripraven\u00fdm v pomere 1:100 a pou\u017e\u00edvajte po dobu 10 dn\u00ed.Chronick\u00fd z\u00e1pal kr\u010dn\u00fdch mandl\u00ed: jar a jese\u0148 &#8211; kloktajte roztok &nbsp;zrieden\u00fd vo [&hellip;]","og_url":"https:\/\/www.eko-bio-natura.sk\/shop\/produkt\/tonikum-na-osetrenie-pleti-malavit-balenie-50-ml\/","og_site_name":"EKO-BIO-NATURA BIO OBCHOD","article_modified_time":"2022-05-04T14:39:53+00:00","og_image":[{"width":600,"height":600,"url":"https:\/\/www.eko-bio-natura.sk\/shop\/wp-content\/uploads\/2021\/12\/7704-1_1183-malavit-600-x-600.jpg","type":"image\/jpeg"}],"twitter_card":"summary_large_image","twitter_misc":{"Predpokladan\u00fd \u010das \u010d\u00edtania":"3 min\u00faty"},"schema":{"@context":"https:\/\/schema.org","@graph":[{"@type":"WebPage","@id":"https:\/\/www.eko-bio-natura.sk\/shop\/produkt\/tonikum-na-osetrenie-pleti-malavit-balenie-50-ml\/","url":"https:\/\/www.eko-bio-natura.sk\/shop\/produkt\/tonikum-na-osetrenie-pleti-malavit-balenie-50-ml\/","name":"Tonikum na o\u0161etrenie pleti - Malavit Balenie: 50 ml - EKO-BIO-NATURA BIO OBCHOD","isPartOf":{"@id":"https:\/\/www.eko-bio-natura.sk\/shop\/#website"},"primaryImageOfPage":{"@id":"https:\/\/www.eko-bio-natura.sk\/shop\/produkt\/tonikum-na-osetrenie-pleti-malavit-balenie-50-ml\/#primaryimage"},"image":{"@id":"https:\/\/www.eko-bio-natura.sk\/shop\/produkt\/tonikum-na-osetrenie-pleti-malavit-balenie-50-ml\/#primaryimage"},"thumbnailUrl":"https:\/\/www.eko-bio-natura.sk\/shop\/wp-content\/uploads\/2021\/12\/7704-1_1183-malavit-600-x-600.jpg","datePublished":"2021-12-28T17:10:07+00:00","dateModified":"2022-05-04T14:39:53+00:00","breadcrumb":{"@id":"https:\/\/www.eko-bio-natura.sk\/shop\/produkt\/tonikum-na-osetrenie-pleti-malavit-balenie-50-ml\/#breadcrumb"},"inLanguage":"sk-SK","potentialAction":[{"@type":"ReadAction","target":["https:\/\/www.eko-bio-natura.sk\/shop\/produkt\/tonikum-na-osetrenie-pleti-malavit-balenie-50-ml\/"]}]},{"@type":"ImageObject","inLanguage":"sk-SK","@id":"https:\/\/www.eko-bio-natura.sk\/shop\/produkt\/tonikum-na-osetrenie-pleti-malavit-balenie-50-ml\/#primaryimage","url":"https:\/\/www.eko-bio-natura.sk\/shop\/wp-content\/uploads\/2021\/12\/7704-1_1183-malavit-600-x-600.jpg","contentUrl":"https:\/\/www.eko-bio-natura.sk\/shop\/wp-content\/uploads\/2021\/12\/7704-1_1183-malavit-600-x-600.jpg","width":600,"height":600},{"@type":"BreadcrumbList","@id":"https:\/\/www.eko-bio-natura.sk\/shop\/produkt\/tonikum-na-osetrenie-pleti-malavit-balenie-50-ml\/#breadcrumb","itemListElement":[{"@type":"ListItem","position":1,"name":"Domovsk\u00e1 str\u00e1nka","item":"https:\/\/www.eko-bio-natura.sk\/shop\/"},{"@type":"ListItem","position":2,"name":"Obchod","item":"https:\/\/www.eko-bio-natura.sk\/shop\/?page_id=6"},{"@type":"ListItem","position":3,"name":"Tonikum na o\u0161etrenie pleti &#8211; Malavit Balenie: 50 ml"}]},{"@type":"WebSite","@id":"https:\/\/www.eko-bio-natura.sk\/shop\/#website","url":"https:\/\/www.eko-bio-natura.sk\/shop\/","name":"EKO-BIO-NATURA BIO OBCHOD","description":"","publisher":{"@id":"https:\/\/www.eko-bio-natura.sk\/shop\/#organization"},"potentialAction":[{"@type":"SearchAction","target":{"@type":"EntryPoint","urlTemplate":"https:\/\/www.eko-bio-natura.sk\/shop\/?s={search_term_string}"},"query-input":{"@type":"PropertyValueSpecification","valueRequired":true,"valueName":"search_term_string"}}],"inLanguage":"sk-SK"},{"@type":"Organization","@id":"https:\/\/www.eko-bio-natura.sk\/shop\/#organization","name":"EKO-BIO-NATURA BIO OBCHOD","url":"https:\/\/www.eko-bio-natura.sk\/shop\/","logo":{"@type":"ImageObject","inLanguage":"sk-SK","@id":"https:\/\/www.eko-bio-natura.sk\/shop\/#\/schema\/logo\/image\/","url":"https:\/\/www.eko-bio-natura.sk\/shop\/wp-content\/uploads\/2021\/04\/eko-bio-natura_logo.png","contentUrl":"https:\/\/www.eko-bio-natura.sk\/shop\/wp-content\/uploads\/2021\/04\/eko-bio-natura_logo.png","width":552,"height":194,"caption":"EKO-BIO-NATURA BIO OBCHOD"},"image":{"@id":"https:\/\/www.eko-bio-natura.sk\/shop\/#\/schema\/logo\/image\/"}}]}},"_links":{"self":[{"href":"https:\/\/www.eko-bio-natura.sk\/shop\/wp-json\/wp\/v2\/product\/7480","targetHints":{"allow":["GET"]}}],"collection":[{"href":"https:\/\/www.eko-bio-natura.sk\/shop\/wp-json\/wp\/v2\/product"}],"about":[{"href":"https:\/\/www.eko-bio-natura.sk\/shop\/wp-json\/wp\/v2\/types\/product"}],"replies":[{"embeddable":true,"href":"https:\/\/www.eko-bio-natura.sk\/shop\/wp-json\/wp\/v2\/comments?post=7480"}],"wp:featuredmedia":[{"embeddable":true,"href":"https:\/\/www.eko-bio-natura.sk\/shop\/wp-json\/wp\/v2\/media\/7481"}],"wp:attachment":[{"href":"https:\/\/www.eko-bio-natura.sk\/shop\/wp-json\/wp\/v2\/media?parent=7480"}],"wp:term":[{"taxonomy":"product_brand","embeddable":true,"href":"https:\/\/www.eko-bio-natura.sk\/shop\/wp-json\/wp\/v2\/product_brand?post=7480"},{"taxonomy":"product_cat","embeddable":true,"href":"https:\/\/www.eko-bio-natura.sk\/shop\/wp-json\/wp\/v2\/product_cat?post=7480"},{"taxonomy":"product_tag","embeddable":true,"href":"https:\/\/www.eko-bio-natura.sk\/shop\/wp-json\/wp\/v2\/product_tag?post=7480"}],"curies":[{"name":"wp","href":"https:\/\/api.w.org\/{rel}","templated":true}]}}