{"id":7474,"date":"2021-12-28T18:09:33","date_gmt":"2021-12-28T17:09:33","guid":{"rendered":"https:\/\/www.eko-bio-natura.sk\/shop\/index.php\/produkt\/med-mgo-250-manuka-health-500g\/"},"modified":"2025-04-17T23:09:59","modified_gmt":"2025-04-17T21:09:59","slug":"med-mgo-250-manuka-health-500g","status":"publish","type":"product","link":"https:\/\/www.eko-bio-natura.sk\/shop\/produkt\/med-mgo-250-manuka-health-500g\/","title":{"rendered":"Med MGO\u2122 250+  &#8211; Manuka Health &#8211; 500g"},"content":{"rendered":"<p><span style=\"font-size: 12pt; font-family: verdana, geneva;\"><strong>100% pr\u00edrodn\u00fd Manuka med z\u00a0Nov\u00e9ho Z\u00e9landu<\/strong><\/span><\/p>\n<p><span style=\"font-size: 12pt; font-family: verdana, geneva;\">Manuka med sa z\u00edskava z kvetov rastliny\u00a0<em>Leptospermum scoparium\u00a0<\/em>nach\u00e1dzaj\u00facej sa len na Novom Z\u00e9lande. Ka\u017ed\u00fa jar sa na rastline objavia biele kvety, ktor\u00e9 ope\u013euj\u00fa v\u010dely medonosn\u00e9. Kvety rastliny\u00a0<em>Leptospermum scoparium<\/em>\u00a0maj\u00fa osobit\u00fa ar\u00f3mu a\u00a0s\u00fa pln\u00e9 nekt\u00e1ru, a\u00a0pr\u00e1ve ten poskytuje medu jedine\u010dn\u00fa kr\u00e9mov\u00fa text\u00faru.<\/span><\/p>\n<p><span style=\"font-family: verdana, geneva; font-size: 12pt;\"><strong>Sp\u00f4sob pou\u017eitia: <\/strong>Manuka med s\u00a0ozna\u010den\u00edm\u00a0MGO\u2122\u00a0je vhodn\u00fd na ka\u017edodenn\u00e9 pou\u017e\u00edvanie, a\u00a0to aj po\u010das dlh\u0161ieho obdobia. Mo\u017eno ho konzumova\u0165 alebo priamo aplikova\u0165 na poko\u017eku. M\u00e1 v\u00fdborn\u00fa chu\u0165 a\u00a0d\u00e1 sa pou\u017e\u00edva\u0165 ako be\u017en\u00fd med.<\/span><\/p>\n<p><span style=\"font-family: verdana, geneva; font-size: 12pt;\"><strong>Hmotnos\u0165:<\/strong> 500 g<\/span><\/p>\n<p><span style=\"font-family: verdana, geneva; font-size: 12pt;\"><strong>Krajina p\u00f4vodu:<\/strong> Nov\u00fd Z\u00e9land<\/span><\/p>\n<p><span style=\"font-size: 12pt; font-family: verdana, geneva;\"><strong>Manuka med na ka\u017edodenn\u00e9 pou\u017eitie<\/strong><\/span><\/p>\n<p><span style=\"font-size: 12pt; font-family: verdana, geneva;\">Manuka med s\u00a0ozna\u010den\u00edm\u00a0MGO\u2122\u00a0je vhodn\u00fd na ka\u017edodenn\u00e9 pou\u017e\u00edvanie, a\u00a0to aj po\u010das dlh\u0161ieho obdobia. Mo\u017eno ho konzumova\u0165 alebo priamo aplikova\u0165 na poko\u017eku. M\u00e1 v\u00fdborn\u00fa chu\u0165 a\u00a0d\u00e1 sa pou\u017e\u00edva\u0165 ako be\u017en\u00fd med.<\/span><\/p>\n<p><strong><span style=\"font-size: 12pt; font-family: verdana, geneva;\">Ako viete, \u017ee nekupujete falo\u0161n\u00fd med?<\/span><\/strong><\/p>\n<p><span style=\"font-size: 12pt; font-family: verdana, geneva;\">1. \u00a0 \u00a0<strong> \u00a0To mi nejak nevych\u00e1dza<\/strong><br \/>\u00a0\u2026aj my sme videli v obchodoch lacnej\u0161\u00ed Manuka med&#8230; V Anglicku ho dokonca pred\u00e1va aj Lidl. Za smie\u0161ne n\u00edzku sumu. No tie ozna\u010denia na mede n\u00e1m len potvrdzuj\u00fa, \u017ee, bohu\u017eia\u013e, aj Manuka med patr\u00ed k fal\u0161ovan\u00fdm potravin\u00e1m, preto\u017ee ide o pr\u00edrodn\u00fd produkt s limitovanou produkciou. V roku 2013 bolo \u0161tatisticky preuk\u00e1zan\u00e9, \u017ee ka\u017edoro\u010dn\u00fd zber Manuka medu na Novom Z\u00e9lande prestavuje 1 700 ton, no glob\u00e1lna spotreba sa odhaduje na 10 000 ton Manuka medu.<\/p>\n<p>2. \u00a0 \u00a0 \u00a0<strong>HMF v mede? <\/strong><br \/>Niektor\u00ed &#8222;v\u010del\u00e1ri&#8220; maj\u00fa poku\u0161enie zohrieva\u0165 aj Manuka med, lebo zohrievan\u00edm sa mno\u017estvo MGO, l\u00e1tky zodpovednej za jeho v\u00fdnimo\u010dn\u00e9 \u00fa\u010dinky, zvy\u0161uje. T\u00fdm p\u00e1dom by pochopite\u013ene za jeho predaj zarobili viac, ale z\u00e1rove\u0148 zni\u010dili in\u00e9 kvalitn\u00e9 l\u00e1tky. \u010ci bol med prehriaty sa zis\u0165uje testom na ne\u017eiad\u00facu l\u00e1tku HMF (Hydroxymetylfurfural).<\/p>\n<p><strong>Smutn\u00e9, no nekal\u00e9 obchodn\u00e9 praktiky existuj\u00fa v ka\u017edom odvetv\u00ed. Na\u0161e med\u00edky prech\u00e1dzaj\u00fa v\u0161etk\u00fdmi testami na kvalitu, tak\u017ee<\/strong> <strong>si m\u00f4\u017eete by\u0165 ist\u00ed, \u017ee m\u00e1te v obchod\u00edku to najlep\u0161ie.<\/strong><\/span><\/p>\n<p><span style=\"font-size: 12pt; font-family: verdana, geneva;\">Viete rozpozna\u0165 ten prav\u00fd Manuka med? Viac tipov\u00a0<a href=\"https:\/\/blog.herbatica.sk\/nie-je-manuka-ako-manuka-poznate-ten-pravy\/\" target=\"_blank\" rel=\"noopener noreferrer\">n\u00e1jdete v \u010dl\u00e1nku tu.<\/a><\/span><\/p>\n","protected":false},"excerpt":{"rendered":"<p>100% pr\u00edrodn\u00fd Manuka med z\u00a0Nov\u00e9ho Z\u00e9landu Manuka med sa z\u00edskava z kvetov rastliny\u00a0Leptospermum scoparium\u00a0nach\u00e1dzaj\u00facej sa len na Novom Z\u00e9lande. Ka\u017ed\u00fa jar sa na rastline objavia biele kvety, ktor\u00e9 ope\u013euj\u00fa v\u010dely medonosn\u00e9. Kvety rastliny\u00a0Leptospermum scoparium\u00a0maj\u00fa osobit\u00fa ar\u00f3mu a\u00a0s\u00fa pln\u00e9 nekt\u00e1ru, a\u00a0pr\u00e1ve ten poskytuje medu jedine\u010dn\u00fa kr\u00e9mov\u00fa text\u00faru. Sp\u00f4sob pou\u017eitia: Manuka med s\u00a0ozna\u010den\u00edm\u00a0MGO\u2122\u00a0je vhodn\u00fd na ka\u017edodenn\u00e9 pou\u017e\u00edvanie, [&hellip;]<\/p>\n","protected":false},"featured_media":7475,"comment_status":"open","ping_status":"open","template":"","meta":{"site-sidebar-layout":"default","site-content-layout":"","ast-site-content-layout":"default","site-content-style":"default","site-sidebar-style":"default","ast-global-header-display":"","ast-banner-title-visibility":"","ast-main-header-display":"","ast-hfb-above-header-display":"","ast-hfb-below-header-display":"","ast-hfb-mobile-header-display":"","site-post-title":"","ast-breadcrumbs-content":"","ast-featured-img":"","footer-sml-layout":"","ast-disable-related-posts":"","theme-transparent-header-meta":"","adv-header-id-meta":"","stick-header-meta":"","header-above-stick-meta":"","header-main-stick-meta":"","header-below-stick-meta":"","astra-migrate-meta-layouts":"default","ast-page-background-enabled":"default","ast-page-background-meta":{"desktop":{"background-color":"","background-image":"","background-repeat":"repeat","background-position":"center center","background-size":"auto","background-attachment":"scroll","background-type":"","background-media":"","overlay-type":"","overlay-color":"","overlay-opacity":"","overlay-gradient":""},"tablet":{"background-color":"","background-image":"","background-repeat":"repeat","background-position":"center center","background-size":"auto","background-attachment":"scroll","background-type":"","background-media":"","overlay-type":"","overlay-color":"","overlay-opacity":"","overlay-gradient":""},"mobile":{"background-color":"","background-image":"","background-repeat":"repeat","background-position":"center center","background-size":"auto","background-attachment":"scroll","background-type":"","background-media":"","overlay-type":"","overlay-color":"","overlay-opacity":"","overlay-gradient":""}},"ast-content-background-meta":{"desktop":{"background-color":"var(--ast-global-color-5)","background-image":"","background-repeat":"repeat","background-position":"center center","background-size":"auto","background-attachment":"scroll","background-type":"","background-media":"","overlay-type":"","overlay-color":"","overlay-opacity":"","overlay-gradient":""},"tablet":{"background-color":"var(--ast-global-color-5)","background-image":"","background-repeat":"repeat","background-position":"center center","background-size":"auto","background-attachment":"scroll","background-type":"","background-media":"","overlay-type":"","overlay-color":"","overlay-opacity":"","overlay-gradient":""},"mobile":{"background-color":"var(--ast-global-color-5)","background-image":"","background-repeat":"repeat","background-position":"center center","background-size":"auto","background-attachment":"scroll","background-type":"","background-media":"","overlay-type":"","overlay-color":"","overlay-opacity":"","overlay-gradient":""}}},"product_brand":[],"product_cat":[16,117,60,49],"product_tag":[],"class_list":{"0":"post-7474","1":"product","2":"type-product","3":"status-publish","4":"has-post-thumbnail","6":"product_cat-bio-potraviny","7":"product_cat-med","8":"product_cat-med-a-vcelie-produkty","9":"product_cat-med-dzemy-a-natierky","10":"pa_doprava-zasilkovna","11":"pa_ean-592","12":"pa_typ-partnersky-predaj","13":"pa_znacka-manuka-health","14":"desktop-align-left","15":"tablet-align-left","16":"mobile-align-left","18":"first","19":"instock","20":"product-type-external"},"yoast_head":"<!-- This site is optimized with the Yoast SEO plugin v27.2 - https:\/\/yoast.com\/product\/yoast-seo-wordpress\/ -->\n<title>Med MGO\u2122 250+ - Manuka Health - 500g - EKO-BIO-NATURA BIO OBCHOD<\/title>\n<meta name=\"robots\" content=\"index, follow, max-snippet:-1, max-image-preview:large, max-video-preview:-1\" \/>\n<link rel=\"canonical\" href=\"https:\/\/www.eko-bio-natura.sk\/shop\/produkt\/med-mgo-250-manuka-health-500g\/\" \/>\n<meta property=\"og:locale\" content=\"sk_SK\" \/>\n<meta property=\"og:type\" content=\"article\" \/>\n<meta property=\"og:title\" content=\"Med MGO\u2122 250+ - Manuka Health - 500g - EKO-BIO-NATURA BIO OBCHOD\" \/>\n<meta property=\"og:description\" content=\"100% pr\u00edrodn\u00fd Manuka med z\u00a0Nov\u00e9ho Z\u00e9landu Manuka med sa z\u00edskava z kvetov rastliny\u00a0Leptospermum scoparium\u00a0nach\u00e1dzaj\u00facej sa len na Novom Z\u00e9lande. Ka\u017ed\u00fa jar sa na rastline objavia biele kvety, ktor\u00e9 ope\u013euj\u00fa v\u010dely medonosn\u00e9. Kvety rastliny\u00a0Leptospermum scoparium\u00a0maj\u00fa osobit\u00fa ar\u00f3mu a\u00a0s\u00fa pln\u00e9 nekt\u00e1ru, a\u00a0pr\u00e1ve ten poskytuje medu jedine\u010dn\u00fa kr\u00e9mov\u00fa text\u00faru. Sp\u00f4sob pou\u017eitia: Manuka med s\u00a0ozna\u010den\u00edm\u00a0MGO\u2122\u00a0je vhodn\u00fd na ka\u017edodenn\u00e9 pou\u017e\u00edvanie, [&hellip;]\" \/>\n<meta property=\"og:url\" content=\"https:\/\/www.eko-bio-natura.sk\/shop\/produkt\/med-mgo-250-manuka-health-500g\/\" \/>\n<meta property=\"og:site_name\" content=\"EKO-BIO-NATURA BIO OBCHOD\" \/>\n<meta property=\"article:modified_time\" content=\"2025-04-17T21:09:59+00:00\" \/>\n<meta property=\"og:image\" content=\"https:\/\/www.eko-bio-natura.sk\/shop\/wp-content\/uploads\/2021\/12\/7449_165-mgo250-500g.jpg\" \/>\n\t<meta property=\"og:image:width\" content=\"1080\" \/>\n\t<meta property=\"og:image:height\" content=\"1080\" \/>\n\t<meta property=\"og:image:type\" content=\"image\/jpeg\" \/>\n<meta name=\"twitter:card\" content=\"summary_large_image\" \/>\n<meta name=\"twitter:label1\" content=\"Predpokladan\u00fd \u010das \u010d\u00edtania\" \/>\n\t<meta name=\"twitter:data1\" content=\"2 min\u00faty\" \/>\n<script type=\"application\/ld+json\" class=\"yoast-schema-graph\">{\"@context\":\"https:\/\/schema.org\",\"@graph\":[{\"@type\":\"WebPage\",\"@id\":\"https:\/\/www.eko-bio-natura.sk\/shop\/produkt\/med-mgo-250-manuka-health-500g\/\",\"url\":\"https:\/\/www.eko-bio-natura.sk\/shop\/produkt\/med-mgo-250-manuka-health-500g\/\",\"name\":\"Med MGO\u2122 250+ - Manuka Health - 500g - EKO-BIO-NATURA BIO OBCHOD\",\"isPartOf\":{\"@id\":\"https:\/\/www.eko-bio-natura.sk\/shop\/#website\"},\"primaryImageOfPage\":{\"@id\":\"https:\/\/www.eko-bio-natura.sk\/shop\/produkt\/med-mgo-250-manuka-health-500g\/#primaryimage\"},\"image\":{\"@id\":\"https:\/\/www.eko-bio-natura.sk\/shop\/produkt\/med-mgo-250-manuka-health-500g\/#primaryimage\"},\"thumbnailUrl\":\"https:\/\/www.eko-bio-natura.sk\/shop\/wp-content\/uploads\/2021\/12\/7449_165-mgo250-500g.jpg\",\"datePublished\":\"2021-12-28T17:09:33+00:00\",\"dateModified\":\"2025-04-17T21:09:59+00:00\",\"breadcrumb\":{\"@id\":\"https:\/\/www.eko-bio-natura.sk\/shop\/produkt\/med-mgo-250-manuka-health-500g\/#breadcrumb\"},\"inLanguage\":\"sk-SK\",\"potentialAction\":[{\"@type\":\"ReadAction\",\"target\":[\"https:\/\/www.eko-bio-natura.sk\/shop\/produkt\/med-mgo-250-manuka-health-500g\/\"]}]},{\"@type\":\"ImageObject\",\"inLanguage\":\"sk-SK\",\"@id\":\"https:\/\/www.eko-bio-natura.sk\/shop\/produkt\/med-mgo-250-manuka-health-500g\/#primaryimage\",\"url\":\"https:\/\/www.eko-bio-natura.sk\/shop\/wp-content\/uploads\/2021\/12\/7449_165-mgo250-500g.jpg\",\"contentUrl\":\"https:\/\/www.eko-bio-natura.sk\/shop\/wp-content\/uploads\/2021\/12\/7449_165-mgo250-500g.jpg\",\"width\":1080,\"height\":1080},{\"@type\":\"BreadcrumbList\",\"@id\":\"https:\/\/www.eko-bio-natura.sk\/shop\/produkt\/med-mgo-250-manuka-health-500g\/#breadcrumb\",\"itemListElement\":[{\"@type\":\"ListItem\",\"position\":1,\"name\":\"Domovsk\u00e1 str\u00e1nka\",\"item\":\"https:\/\/www.eko-bio-natura.sk\/shop\/\"},{\"@type\":\"ListItem\",\"position\":2,\"name\":\"Obchod\",\"item\":\"https:\/\/www.eko-bio-natura.sk\/shop\/?page_id=6\"},{\"@type\":\"ListItem\",\"position\":3,\"name\":\"Med MGO\u2122 250+ &#8211; Manuka Health &#8211; 500g\"}]},{\"@type\":\"WebSite\",\"@id\":\"https:\/\/www.eko-bio-natura.sk\/shop\/#website\",\"url\":\"https:\/\/www.eko-bio-natura.sk\/shop\/\",\"name\":\"EKO-BIO-NATURA BIO OBCHOD\",\"description\":\"\",\"publisher\":{\"@id\":\"https:\/\/www.eko-bio-natura.sk\/shop\/#organization\"},\"potentialAction\":[{\"@type\":\"SearchAction\",\"target\":{\"@type\":\"EntryPoint\",\"urlTemplate\":\"https:\/\/www.eko-bio-natura.sk\/shop\/?s={search_term_string}\"},\"query-input\":{\"@type\":\"PropertyValueSpecification\",\"valueRequired\":true,\"valueName\":\"search_term_string\"}}],\"inLanguage\":\"sk-SK\"},{\"@type\":\"Organization\",\"@id\":\"https:\/\/www.eko-bio-natura.sk\/shop\/#organization\",\"name\":\"EKO-BIO-NATURA BIO OBCHOD\",\"url\":\"https:\/\/www.eko-bio-natura.sk\/shop\/\",\"logo\":{\"@type\":\"ImageObject\",\"inLanguage\":\"sk-SK\",\"@id\":\"https:\/\/www.eko-bio-natura.sk\/shop\/#\/schema\/logo\/image\/\",\"url\":\"https:\/\/www.eko-bio-natura.sk\/shop\/wp-content\/uploads\/2021\/04\/eko-bio-natura_logo.png\",\"contentUrl\":\"https:\/\/www.eko-bio-natura.sk\/shop\/wp-content\/uploads\/2021\/04\/eko-bio-natura_logo.png\",\"width\":552,\"height\":194,\"caption\":\"EKO-BIO-NATURA BIO OBCHOD\"},\"image\":{\"@id\":\"https:\/\/www.eko-bio-natura.sk\/shop\/#\/schema\/logo\/image\/\"}}]}<\/script>\n<!-- \/ Yoast SEO plugin. -->","yoast_head_json":{"title":"Med MGO\u2122 250+ - Manuka Health - 500g - EKO-BIO-NATURA BIO OBCHOD","robots":{"index":"index","follow":"follow","max-snippet":"max-snippet:-1","max-image-preview":"max-image-preview:large","max-video-preview":"max-video-preview:-1"},"canonical":"https:\/\/www.eko-bio-natura.sk\/shop\/produkt\/med-mgo-250-manuka-health-500g\/","og_locale":"sk_SK","og_type":"article","og_title":"Med MGO\u2122 250+ - Manuka Health - 500g - EKO-BIO-NATURA BIO OBCHOD","og_description":"100% pr\u00edrodn\u00fd Manuka med z\u00a0Nov\u00e9ho Z\u00e9landu Manuka med sa z\u00edskava z kvetov rastliny\u00a0Leptospermum scoparium\u00a0nach\u00e1dzaj\u00facej sa len na Novom Z\u00e9lande. Ka\u017ed\u00fa jar sa na rastline objavia biele kvety, ktor\u00e9 ope\u013euj\u00fa v\u010dely medonosn\u00e9. Kvety rastliny\u00a0Leptospermum scoparium\u00a0maj\u00fa osobit\u00fa ar\u00f3mu a\u00a0s\u00fa pln\u00e9 nekt\u00e1ru, a\u00a0pr\u00e1ve ten poskytuje medu jedine\u010dn\u00fa kr\u00e9mov\u00fa text\u00faru. Sp\u00f4sob pou\u017eitia: Manuka med s\u00a0ozna\u010den\u00edm\u00a0MGO\u2122\u00a0je vhodn\u00fd na ka\u017edodenn\u00e9 pou\u017e\u00edvanie, [&hellip;]","og_url":"https:\/\/www.eko-bio-natura.sk\/shop\/produkt\/med-mgo-250-manuka-health-500g\/","og_site_name":"EKO-BIO-NATURA BIO OBCHOD","article_modified_time":"2025-04-17T21:09:59+00:00","og_image":[{"width":1080,"height":1080,"url":"https:\/\/www.eko-bio-natura.sk\/shop\/wp-content\/uploads\/2021\/12\/7449_165-mgo250-500g.jpg","type":"image\/jpeg"}],"twitter_card":"summary_large_image","twitter_misc":{"Predpokladan\u00fd \u010das \u010d\u00edtania":"2 min\u00faty"},"schema":{"@context":"https:\/\/schema.org","@graph":[{"@type":"WebPage","@id":"https:\/\/www.eko-bio-natura.sk\/shop\/produkt\/med-mgo-250-manuka-health-500g\/","url":"https:\/\/www.eko-bio-natura.sk\/shop\/produkt\/med-mgo-250-manuka-health-500g\/","name":"Med MGO\u2122 250+ - Manuka Health - 500g - EKO-BIO-NATURA BIO OBCHOD","isPartOf":{"@id":"https:\/\/www.eko-bio-natura.sk\/shop\/#website"},"primaryImageOfPage":{"@id":"https:\/\/www.eko-bio-natura.sk\/shop\/produkt\/med-mgo-250-manuka-health-500g\/#primaryimage"},"image":{"@id":"https:\/\/www.eko-bio-natura.sk\/shop\/produkt\/med-mgo-250-manuka-health-500g\/#primaryimage"},"thumbnailUrl":"https:\/\/www.eko-bio-natura.sk\/shop\/wp-content\/uploads\/2021\/12\/7449_165-mgo250-500g.jpg","datePublished":"2021-12-28T17:09:33+00:00","dateModified":"2025-04-17T21:09:59+00:00","breadcrumb":{"@id":"https:\/\/www.eko-bio-natura.sk\/shop\/produkt\/med-mgo-250-manuka-health-500g\/#breadcrumb"},"inLanguage":"sk-SK","potentialAction":[{"@type":"ReadAction","target":["https:\/\/www.eko-bio-natura.sk\/shop\/produkt\/med-mgo-250-manuka-health-500g\/"]}]},{"@type":"ImageObject","inLanguage":"sk-SK","@id":"https:\/\/www.eko-bio-natura.sk\/shop\/produkt\/med-mgo-250-manuka-health-500g\/#primaryimage","url":"https:\/\/www.eko-bio-natura.sk\/shop\/wp-content\/uploads\/2021\/12\/7449_165-mgo250-500g.jpg","contentUrl":"https:\/\/www.eko-bio-natura.sk\/shop\/wp-content\/uploads\/2021\/12\/7449_165-mgo250-500g.jpg","width":1080,"height":1080},{"@type":"BreadcrumbList","@id":"https:\/\/www.eko-bio-natura.sk\/shop\/produkt\/med-mgo-250-manuka-health-500g\/#breadcrumb","itemListElement":[{"@type":"ListItem","position":1,"name":"Domovsk\u00e1 str\u00e1nka","item":"https:\/\/www.eko-bio-natura.sk\/shop\/"},{"@type":"ListItem","position":2,"name":"Obchod","item":"https:\/\/www.eko-bio-natura.sk\/shop\/?page_id=6"},{"@type":"ListItem","position":3,"name":"Med MGO\u2122 250+ &#8211; Manuka Health &#8211; 500g"}]},{"@type":"WebSite","@id":"https:\/\/www.eko-bio-natura.sk\/shop\/#website","url":"https:\/\/www.eko-bio-natura.sk\/shop\/","name":"EKO-BIO-NATURA BIO OBCHOD","description":"","publisher":{"@id":"https:\/\/www.eko-bio-natura.sk\/shop\/#organization"},"potentialAction":[{"@type":"SearchAction","target":{"@type":"EntryPoint","urlTemplate":"https:\/\/www.eko-bio-natura.sk\/shop\/?s={search_term_string}"},"query-input":{"@type":"PropertyValueSpecification","valueRequired":true,"valueName":"search_term_string"}}],"inLanguage":"sk-SK"},{"@type":"Organization","@id":"https:\/\/www.eko-bio-natura.sk\/shop\/#organization","name":"EKO-BIO-NATURA BIO OBCHOD","url":"https:\/\/www.eko-bio-natura.sk\/shop\/","logo":{"@type":"ImageObject","inLanguage":"sk-SK","@id":"https:\/\/www.eko-bio-natura.sk\/shop\/#\/schema\/logo\/image\/","url":"https:\/\/www.eko-bio-natura.sk\/shop\/wp-content\/uploads\/2021\/04\/eko-bio-natura_logo.png","contentUrl":"https:\/\/www.eko-bio-natura.sk\/shop\/wp-content\/uploads\/2021\/04\/eko-bio-natura_logo.png","width":552,"height":194,"caption":"EKO-BIO-NATURA BIO OBCHOD"},"image":{"@id":"https:\/\/www.eko-bio-natura.sk\/shop\/#\/schema\/logo\/image\/"}}]}},"_links":{"self":[{"href":"https:\/\/www.eko-bio-natura.sk\/shop\/wp-json\/wp\/v2\/product\/7474","targetHints":{"allow":["GET"]}}],"collection":[{"href":"https:\/\/www.eko-bio-natura.sk\/shop\/wp-json\/wp\/v2\/product"}],"about":[{"href":"https:\/\/www.eko-bio-natura.sk\/shop\/wp-json\/wp\/v2\/types\/product"}],"replies":[{"embeddable":true,"href":"https:\/\/www.eko-bio-natura.sk\/shop\/wp-json\/wp\/v2\/comments?post=7474"}],"wp:featuredmedia":[{"embeddable":true,"href":"https:\/\/www.eko-bio-natura.sk\/shop\/wp-json\/wp\/v2\/media\/7475"}],"wp:attachment":[{"href":"https:\/\/www.eko-bio-natura.sk\/shop\/wp-json\/wp\/v2\/media?parent=7474"}],"wp:term":[{"taxonomy":"product_brand","embeddable":true,"href":"https:\/\/www.eko-bio-natura.sk\/shop\/wp-json\/wp\/v2\/product_brand?post=7474"},{"taxonomy":"product_cat","embeddable":true,"href":"https:\/\/www.eko-bio-natura.sk\/shop\/wp-json\/wp\/v2\/product_cat?post=7474"},{"taxonomy":"product_tag","embeddable":true,"href":"https:\/\/www.eko-bio-natura.sk\/shop\/wp-json\/wp\/v2\/product_tag?post=7474"}],"curies":[{"name":"wp","href":"https:\/\/api.w.org\/{rel}","templated":true}]}}