{"id":7463,"date":"2021-12-28T18:08:43","date_gmt":"2021-12-28T17:08:43","guid":{"rendered":"https:\/\/www.eko-bio-natura.sk\/shop\/index.php\/produkt\/babicka-agafia-specialny-balzam-zo-17-bylin-proti-vypadavaniu-a-lamavosti-vlasov-babicka-agafa-350ml\/"},"modified":"2022-05-04T16:39:47","modified_gmt":"2022-05-04T14:39:47","slug":"babicka-agafia-specialny-balzam-zo-17-bylin-proti-vypadavaniu-a-lamavosti-vlasov-babicka-agafa-350ml","status":"publish","type":"product","link":"https:\/\/www.eko-bio-natura.sk\/shop\/produkt\/babicka-agafia-specialny-balzam-zo-17-bylin-proti-vypadavaniu-a-lamavosti-vlasov-babicka-agafa-350ml\/","title":{"rendered":"Babi\u010dka Agafia \u0160peci\u00e1lny balzam zo 17 byl\u00edn- proti vypad\u00e1vaniu a l\u00e1mavosti vlasov &#8211; Babi\u010dka Agafa  &#8211; 350ml"},"content":{"rendered":"<p><span style=\"font-size: 12pt; font-family: verdana, geneva;\"><strong>Akt\u00edvne l\u00e1tky:<\/strong>&nbsp;<strong>Borievka oby\u010dajn\u00e1<\/strong>&nbsp;(Juniperus communis) &#8211; zlep\u0161uje krvn\u00fd obeh, tonizuje podr\u00e1\u017eden\u00fa poko\u017eku, normalizuje \u010dinnos\u0165 mazov\u00fdch \u017eliaz, zni\u017euje svrbenie, ur\u00fdch\u013euje hojenie drobn\u00fdch r\u00e1n a po\u0161kriabaniu.<\/span><\/p>\n<p><span style=\"font-size: 12pt; font-family: verdana, geneva;\"><strong>Mumio<\/strong>&nbsp;&#8211; intenz\u00edvne vy\u017eivuje a posil\u0148uje vlasy a vlasov\u00fa poko\u017eku.<\/span><\/p>\n<p><span style=\"font-size: 12pt; font-family: verdana, geneva;\"><strong>Dahursk\u00fd drie\u0148<\/strong>&nbsp;(Rhododendron dauricum) &#8211; \u010distiace a rozjasnenie zmena farby ko\u017ee.<\/span><\/p>\n<p><span style=\"font-size: 12pt; font-family: verdana, geneva;\"><strong>Sib\u00edrsky Clematis<\/strong>&nbsp;(Atragene sibirica) &#8211; reguluje a zlep\u0161uje krvn\u00fd obeh.<\/span><\/p>\n<p><span style=\"font-size: 12pt; font-family: verdana, geneva;\"><strong>Sand Helichrysum<\/strong>&nbsp;(Helichrysum arenarium) &#8211; obsahuje biologicky akt\u00edvne<\/span><\/p>\n<p><span style=\"font-size: 12pt; font-family: verdana, geneva;\">l\u00e1tky, m\u00e1 protiz\u00e1palov\u00e9 a&nbsp;antibakteri\u00e1lne vlastnosti, jemne \u010dist\u00ed a vy\u017eivuje poko\u017eku.<\/span><\/p>\n<p><span style=\"font-size: 12pt; font-family: verdana, geneva;\"><strong>Dahursk\u00fd Goldenrod<\/strong>&nbsp;(Solidago dahurica) &#8211; p\u00f4sob\u00ed antibakteri\u00e1lne.<\/span><\/p>\n<p><span style=\"font-size: 12pt; font-family: verdana, geneva;\">(<strong>Pedicularis uralensis)<\/strong>&nbsp;&#8211; upokojuje podr\u00e1\u017edenie ko\u017ee.<\/span><\/p>\n<p><span style=\"font-size: 12pt; font-family: verdana, geneva;\"><strong>Kamenina maliny<\/strong>&nbsp;(Rubus saxatillis) &#8211; m\u00e1 hydrata\u010dn\u00e9, v\u00fd\u017eivn\u00e9 a&nbsp;protiz\u00e1palov\u00e9 \u00fa\u010dinky, obsahuje vitam\u00edny A, C, H a vitam\u00edn. \u017dih\u013eava dvojdom\u00e1 (Urtica dioica) &#8211; posil\u0148uje vlasy, zabra\u0148uje masteniu a vypad\u00e1vaniu vlasov, zabra\u0148uje tvorbe lup\u00edn.<\/span><\/p>\n<p><span style=\"font-size: 12pt; font-family: verdana, geneva;\"><strong>Mydlica lek\u00e1rska<\/strong> (Saponaria officinalis) &#8211; obsahuje pr\u00edrodn\u00e9 sapon\u00edny, peniace l\u00e1tky, ktor\u00e9 jemne a \u0161etrne \u010distia poko\u017eku a vlasy.<\/span><\/p>\n<p><span style=\"font-size: 12pt; font-family: verdana, geneva;\"><strong>Harman\u010dek<\/strong>&nbsp;(Chamomilla recutita) &#8211; p\u00f4sob\u00ed protiz\u00e1palovo, upokojuje a&nbsp;vy\u017eivuje vlasy.<\/span><\/p>\n<p><span style=\"font-family: verdana, geneva; font-size: 12pt;\"><strong>Sp\u00f4sob pou\u017eitia:<\/strong> Naneste balzam na vlhk\u00e9 vlasy po celej ich d\u013a\u017eke. Nechajte p\u00f4sobi\u0165 1-2 min\u00faty a n\u00e1sledne zmyte vodou.<\/span><\/p>\n<p><span style=\"font-size: 12pt; font-family: verdana, geneva;\"><strong>Upozornenie:<\/strong>&nbsp;Vyh\u00fdbajte sa kontaktu s&nbsp;o\u010dami. Skladujte mimo dosahu det\u00ed<\/span><\/p>\n<p><span style=\"font-size: 12pt; font-family: verdana, geneva;\"><strong>Objem:<\/strong>&nbsp;350 ml<\/span><\/p>\n<p><span style=\"font-size: 12pt; font-family: verdana, geneva;\"><strong>Krajina p\u00f4vodu:<\/strong>&nbsp;E\u00da<\/span><\/p>\n<p><strong><span style=\"font-size: 12pt; font-family: verdana, geneva;\">Zlo\u017eenie:&nbsp;<\/span><\/strong><span style=\"font-size: 12pt; font-family: verdana, geneva;\">Aqua nivalis, Siberian Water Complex\u00ae , Cetrimonium Chloride, Cetearyl Alcohol, Ceteareth-20, Juniperus Communis Fruit Extract, Montan Wax, Scutellaria Baicalensis Root Extract, Panthenol, Guar Gum, Citric Acid, Parfum, Kathon.<br \/>&nbsp;<br \/><strong>Siberian Water Complex\u00ae<\/strong> &#8211; Rhododendron dauricum, Inula Helenium, Atragene Sibirica, Helichrysum Arenarium, Solidago Dahurica, Erodium cicitarium, Pedicularis uralensis, Rubus saxatillis, Urtica Dioica, Saponaria Officinalis, Chamomilla Recutita, Silene Jenisseensis, Rhodiola Rosea, Artemisia Mongolica, Scutellaria Baicalensis, Polygonatum odoratum, Lamium album.<\/span><\/p>\n<p><span style=\"font-size: 12pt;\"><strong><span style=\"font-family: verdana, geneva;\">Kozmetika spolo\u010dnosti Babi\u010dka Agafa netestuje svoje produkty na zvierat\u00e1ch. Viac inform\u00e1ci\u00ed n\u00e1jdete v <a href=\"http:\/\/www.herbatica.sk\/certifikaty_produktov\/\" target=\"_blank\" rel=\"noopener noreferrer\">\u010dasti Certifik\u00e1ty.<\/a><\/span><\/strong><\/span><\/p>\n<p>&nbsp;<\/p>\n","protected":false},"excerpt":{"rendered":"<p>Akt\u00edvne l\u00e1tky:&nbsp;Borievka oby\u010dajn\u00e1&nbsp;(Juniperus communis) &#8211; zlep\u0161uje krvn\u00fd obeh, tonizuje podr\u00e1\u017eden\u00fa poko\u017eku, normalizuje \u010dinnos\u0165 mazov\u00fdch \u017eliaz, zni\u017euje svrbenie, ur\u00fdch\u013euje hojenie drobn\u00fdch r\u00e1n a po\u0161kriabaniu. Mumio&nbsp;&#8211; intenz\u00edvne vy\u017eivuje a posil\u0148uje vlasy a vlasov\u00fa poko\u017eku. Dahursk\u00fd drie\u0148&nbsp;(Rhododendron dauricum) &#8211; \u010distiace a rozjasnenie zmena farby ko\u017ee. Sib\u00edrsky Clematis&nbsp;(Atragene sibirica) &#8211; reguluje a zlep\u0161uje krvn\u00fd obeh. Sand Helichrysum&nbsp;(Helichrysum arenarium) &#8211; [&hellip;]<\/p>\n","protected":false},"featured_media":7464,"comment_status":"open","ping_status":"open","template":"","meta":{"site-sidebar-layout":"default","site-content-layout":"","ast-site-content-layout":"default","site-content-style":"default","site-sidebar-style":"default","ast-global-header-display":"","ast-banner-title-visibility":"","ast-main-header-display":"","ast-hfb-above-header-display":"","ast-hfb-below-header-display":"","ast-hfb-mobile-header-display":"","site-post-title":"","ast-breadcrumbs-content":"","ast-featured-img":"","footer-sml-layout":"","ast-disable-related-posts":"","theme-transparent-header-meta":"","adv-header-id-meta":"","stick-header-meta":"","header-above-stick-meta":"","header-main-stick-meta":"","header-below-stick-meta":"","astra-migrate-meta-layouts":"default","ast-page-background-enabled":"default","ast-page-background-meta":{"desktop":{"background-color":"","background-image":"","background-repeat":"repeat","background-position":"center center","background-size":"auto","background-attachment":"scroll","background-type":"","background-media":"","overlay-type":"","overlay-color":"","overlay-opacity":"","overlay-gradient":""},"tablet":{"background-color":"","background-image":"","background-repeat":"repeat","background-position":"center center","background-size":"auto","background-attachment":"scroll","background-type":"","background-media":"","overlay-type":"","overlay-color":"","overlay-opacity":"","overlay-gradient":""},"mobile":{"background-color":"","background-image":"","background-repeat":"repeat","background-position":"center center","background-size":"auto","background-attachment":"scroll","background-type":"","background-media":"","overlay-type":"","overlay-color":"","overlay-opacity":"","overlay-gradient":""}},"ast-content-background-meta":{"desktop":{"background-color":"var(--ast-global-color-5)","background-image":"","background-repeat":"repeat","background-position":"center center","background-size":"auto","background-attachment":"scroll","background-type":"","background-media":"","overlay-type":"","overlay-color":"","overlay-opacity":"","overlay-gradient":""},"tablet":{"background-color":"var(--ast-global-color-5)","background-image":"","background-repeat":"repeat","background-position":"center center","background-size":"auto","background-attachment":"scroll","background-type":"","background-media":"","overlay-type":"","overlay-color":"","overlay-opacity":"","overlay-gradient":""},"mobile":{"background-color":"var(--ast-global-color-5)","background-image":"","background-repeat":"repeat","background-position":"center center","background-size":"auto","background-attachment":"scroll","background-type":"","background-media":"","overlay-type":"","overlay-color":"","overlay-opacity":"","overlay-gradient":""}}},"product_brand":[],"product_cat":[30],"product_tag":[],"class_list":{"0":"post-7463","1":"product","2":"type-product","3":"status-publish","4":"has-post-thumbnail","6":"product_cat-vlasova-kozmetika","7":"pa_cena-dopravy-367","8":"pa_doprava-zasilkovna","9":"pa_ean-576","10":"pa_typ-partnersky-predaj","11":"pa_znacka-babicka-agafia","12":"desktop-align-left","13":"tablet-align-left","14":"mobile-align-left","16":"first","17":"instock","18":"product-type-external"},"yoast_head":"<!-- This site is optimized with the Yoast SEO plugin v27.2 - https:\/\/yoast.com\/product\/yoast-seo-wordpress\/ -->\n<title>Babi\u010dka Agafia \u0160peci\u00e1lny balzam zo 17 byl\u00edn- proti vypad\u00e1vaniu a l\u00e1mavosti vlasov - Babi\u010dka Agafa - 350ml - EKO-BIO-NATURA BIO OBCHOD<\/title>\n<meta name=\"robots\" content=\"index, follow, max-snippet:-1, max-image-preview:large, max-video-preview:-1\" \/>\n<link rel=\"canonical\" href=\"https:\/\/www.eko-bio-natura.sk\/shop\/produkt\/babicka-agafia-specialny-balzam-zo-17-bylin-proti-vypadavaniu-a-lamavosti-vlasov-babicka-agafa-350ml\/\" \/>\n<meta property=\"og:locale\" content=\"sk_SK\" \/>\n<meta property=\"og:type\" content=\"article\" \/>\n<meta property=\"og:title\" content=\"Babi\u010dka Agafia \u0160peci\u00e1lny balzam zo 17 byl\u00edn- proti vypad\u00e1vaniu a l\u00e1mavosti vlasov - Babi\u010dka Agafa - 350ml - EKO-BIO-NATURA BIO OBCHOD\" \/>\n<meta property=\"og:description\" content=\"Akt\u00edvne l\u00e1tky:&nbsp;Borievka oby\u010dajn\u00e1&nbsp;(Juniperus communis) &#8211; zlep\u0161uje krvn\u00fd obeh, tonizuje podr\u00e1\u017eden\u00fa poko\u017eku, normalizuje \u010dinnos\u0165 mazov\u00fdch \u017eliaz, zni\u017euje svrbenie, ur\u00fdch\u013euje hojenie drobn\u00fdch r\u00e1n a po\u0161kriabaniu. Mumio&nbsp;&#8211; intenz\u00edvne vy\u017eivuje a posil\u0148uje vlasy a vlasov\u00fa poko\u017eku. Dahursk\u00fd drie\u0148&nbsp;(Rhododendron dauricum) &#8211; \u010distiace a rozjasnenie zmena farby ko\u017ee. Sib\u00edrsky Clematis&nbsp;(Atragene sibirica) &#8211; reguluje a zlep\u0161uje krvn\u00fd obeh. Sand Helichrysum&nbsp;(Helichrysum arenarium) &#8211; [&hellip;]\" \/>\n<meta property=\"og:url\" content=\"https:\/\/www.eko-bio-natura.sk\/shop\/produkt\/babicka-agafia-specialny-balzam-zo-17-bylin-proti-vypadavaniu-a-lamavosti-vlasov-babicka-agafa-350ml\/\" \/>\n<meta property=\"og:site_name\" content=\"EKO-BIO-NATURA BIO OBCHOD\" \/>\n<meta property=\"article:modified_time\" content=\"2022-05-04T14:39:47+00:00\" \/>\n<meta property=\"og:image\" content=\"https:\/\/www.eko-bio-natura.sk\/shop\/wp-content\/uploads\/2021\/12\/7110-2_specialny-balzam-zo-17-bylin-proti-vypadavaniu-a-lamavosti-vlasov-babicka-agafa-350ml-scaled.jpg\" \/>\n\t<meta property=\"og:image:width\" content=\"1923\" \/>\n\t<meta property=\"og:image:height\" content=\"2560\" \/>\n\t<meta property=\"og:image:type\" content=\"image\/jpeg\" \/>\n<meta name=\"twitter:card\" content=\"summary_large_image\" \/>\n<meta name=\"twitter:label1\" content=\"Predpokladan\u00fd \u010das \u010d\u00edtania\" \/>\n\t<meta name=\"twitter:data1\" content=\"2 min\u00faty\" \/>\n<script type=\"application\/ld+json\" class=\"yoast-schema-graph\">{\"@context\":\"https:\/\/schema.org\",\"@graph\":[{\"@type\":\"WebPage\",\"@id\":\"https:\/\/www.eko-bio-natura.sk\/shop\/produkt\/babicka-agafia-specialny-balzam-zo-17-bylin-proti-vypadavaniu-a-lamavosti-vlasov-babicka-agafa-350ml\/\",\"url\":\"https:\/\/www.eko-bio-natura.sk\/shop\/produkt\/babicka-agafia-specialny-balzam-zo-17-bylin-proti-vypadavaniu-a-lamavosti-vlasov-babicka-agafa-350ml\/\",\"name\":\"Babi\u010dka Agafia \u0160peci\u00e1lny balzam zo 17 byl\u00edn- proti vypad\u00e1vaniu a l\u00e1mavosti vlasov - Babi\u010dka Agafa - 350ml - EKO-BIO-NATURA BIO OBCHOD\",\"isPartOf\":{\"@id\":\"https:\/\/www.eko-bio-natura.sk\/shop\/#website\"},\"primaryImageOfPage\":{\"@id\":\"https:\/\/www.eko-bio-natura.sk\/shop\/produkt\/babicka-agafia-specialny-balzam-zo-17-bylin-proti-vypadavaniu-a-lamavosti-vlasov-babicka-agafa-350ml\/#primaryimage\"},\"image\":{\"@id\":\"https:\/\/www.eko-bio-natura.sk\/shop\/produkt\/babicka-agafia-specialny-balzam-zo-17-bylin-proti-vypadavaniu-a-lamavosti-vlasov-babicka-agafa-350ml\/#primaryimage\"},\"thumbnailUrl\":\"https:\/\/www.eko-bio-natura.sk\/shop\/wp-content\/uploads\/2021\/12\/7110-2_specialny-balzam-zo-17-bylin-proti-vypadavaniu-a-lamavosti-vlasov-babicka-agafa-350ml-scaled.jpg\",\"datePublished\":\"2021-12-28T17:08:43+00:00\",\"dateModified\":\"2022-05-04T14:39:47+00:00\",\"breadcrumb\":{\"@id\":\"https:\/\/www.eko-bio-natura.sk\/shop\/produkt\/babicka-agafia-specialny-balzam-zo-17-bylin-proti-vypadavaniu-a-lamavosti-vlasov-babicka-agafa-350ml\/#breadcrumb\"},\"inLanguage\":\"sk-SK\",\"potentialAction\":[{\"@type\":\"ReadAction\",\"target\":[\"https:\/\/www.eko-bio-natura.sk\/shop\/produkt\/babicka-agafia-specialny-balzam-zo-17-bylin-proti-vypadavaniu-a-lamavosti-vlasov-babicka-agafa-350ml\/\"]}]},{\"@type\":\"ImageObject\",\"inLanguage\":\"sk-SK\",\"@id\":\"https:\/\/www.eko-bio-natura.sk\/shop\/produkt\/babicka-agafia-specialny-balzam-zo-17-bylin-proti-vypadavaniu-a-lamavosti-vlasov-babicka-agafa-350ml\/#primaryimage\",\"url\":\"https:\/\/www.eko-bio-natura.sk\/shop\/wp-content\/uploads\/2021\/12\/7110-2_specialny-balzam-zo-17-bylin-proti-vypadavaniu-a-lamavosti-vlasov-babicka-agafa-350ml-scaled.jpg\",\"contentUrl\":\"https:\/\/www.eko-bio-natura.sk\/shop\/wp-content\/uploads\/2021\/12\/7110-2_specialny-balzam-zo-17-bylin-proti-vypadavaniu-a-lamavosti-vlasov-babicka-agafa-350ml-scaled.jpg\",\"width\":1923,\"height\":2560},{\"@type\":\"BreadcrumbList\",\"@id\":\"https:\/\/www.eko-bio-natura.sk\/shop\/produkt\/babicka-agafia-specialny-balzam-zo-17-bylin-proti-vypadavaniu-a-lamavosti-vlasov-babicka-agafa-350ml\/#breadcrumb\",\"itemListElement\":[{\"@type\":\"ListItem\",\"position\":1,\"name\":\"Domovsk\u00e1 str\u00e1nka\",\"item\":\"https:\/\/www.eko-bio-natura.sk\/shop\/\"},{\"@type\":\"ListItem\",\"position\":2,\"name\":\"Obchod\",\"item\":\"https:\/\/www.eko-bio-natura.sk\/shop\/?page_id=6\"},{\"@type\":\"ListItem\",\"position\":3,\"name\":\"Babi\u010dka Agafia \u0160peci\u00e1lny balzam zo 17 byl\u00edn- proti vypad\u00e1vaniu a l\u00e1mavosti vlasov &#8211; Babi\u010dka Agafa &#8211; 350ml\"}]},{\"@type\":\"WebSite\",\"@id\":\"https:\/\/www.eko-bio-natura.sk\/shop\/#website\",\"url\":\"https:\/\/www.eko-bio-natura.sk\/shop\/\",\"name\":\"EKO-BIO-NATURA BIO OBCHOD\",\"description\":\"\",\"publisher\":{\"@id\":\"https:\/\/www.eko-bio-natura.sk\/shop\/#organization\"},\"potentialAction\":[{\"@type\":\"SearchAction\",\"target\":{\"@type\":\"EntryPoint\",\"urlTemplate\":\"https:\/\/www.eko-bio-natura.sk\/shop\/?s={search_term_string}\"},\"query-input\":{\"@type\":\"PropertyValueSpecification\",\"valueRequired\":true,\"valueName\":\"search_term_string\"}}],\"inLanguage\":\"sk-SK\"},{\"@type\":\"Organization\",\"@id\":\"https:\/\/www.eko-bio-natura.sk\/shop\/#organization\",\"name\":\"EKO-BIO-NATURA BIO OBCHOD\",\"url\":\"https:\/\/www.eko-bio-natura.sk\/shop\/\",\"logo\":{\"@type\":\"ImageObject\",\"inLanguage\":\"sk-SK\",\"@id\":\"https:\/\/www.eko-bio-natura.sk\/shop\/#\/schema\/logo\/image\/\",\"url\":\"https:\/\/www.eko-bio-natura.sk\/shop\/wp-content\/uploads\/2021\/04\/eko-bio-natura_logo.png\",\"contentUrl\":\"https:\/\/www.eko-bio-natura.sk\/shop\/wp-content\/uploads\/2021\/04\/eko-bio-natura_logo.png\",\"width\":552,\"height\":194,\"caption\":\"EKO-BIO-NATURA BIO OBCHOD\"},\"image\":{\"@id\":\"https:\/\/www.eko-bio-natura.sk\/shop\/#\/schema\/logo\/image\/\"}}]}<\/script>\n<!-- \/ Yoast SEO plugin. -->","yoast_head_json":{"title":"Babi\u010dka Agafia \u0160peci\u00e1lny balzam zo 17 byl\u00edn- proti vypad\u00e1vaniu a l\u00e1mavosti vlasov - Babi\u010dka Agafa - 350ml - EKO-BIO-NATURA BIO OBCHOD","robots":{"index":"index","follow":"follow","max-snippet":"max-snippet:-1","max-image-preview":"max-image-preview:large","max-video-preview":"max-video-preview:-1"},"canonical":"https:\/\/www.eko-bio-natura.sk\/shop\/produkt\/babicka-agafia-specialny-balzam-zo-17-bylin-proti-vypadavaniu-a-lamavosti-vlasov-babicka-agafa-350ml\/","og_locale":"sk_SK","og_type":"article","og_title":"Babi\u010dka Agafia \u0160peci\u00e1lny balzam zo 17 byl\u00edn- proti vypad\u00e1vaniu a l\u00e1mavosti vlasov - Babi\u010dka Agafa - 350ml - EKO-BIO-NATURA BIO OBCHOD","og_description":"Akt\u00edvne l\u00e1tky:&nbsp;Borievka oby\u010dajn\u00e1&nbsp;(Juniperus communis) &#8211; zlep\u0161uje krvn\u00fd obeh, tonizuje podr\u00e1\u017eden\u00fa poko\u017eku, normalizuje \u010dinnos\u0165 mazov\u00fdch \u017eliaz, zni\u017euje svrbenie, ur\u00fdch\u013euje hojenie drobn\u00fdch r\u00e1n a po\u0161kriabaniu. Mumio&nbsp;&#8211; intenz\u00edvne vy\u017eivuje a posil\u0148uje vlasy a vlasov\u00fa poko\u017eku. Dahursk\u00fd drie\u0148&nbsp;(Rhododendron dauricum) &#8211; \u010distiace a rozjasnenie zmena farby ko\u017ee. Sib\u00edrsky Clematis&nbsp;(Atragene sibirica) &#8211; reguluje a zlep\u0161uje krvn\u00fd obeh. Sand Helichrysum&nbsp;(Helichrysum arenarium) &#8211; [&hellip;]","og_url":"https:\/\/www.eko-bio-natura.sk\/shop\/produkt\/babicka-agafia-specialny-balzam-zo-17-bylin-proti-vypadavaniu-a-lamavosti-vlasov-babicka-agafa-350ml\/","og_site_name":"EKO-BIO-NATURA BIO OBCHOD","article_modified_time":"2022-05-04T14:39:47+00:00","og_image":[{"width":1923,"height":2560,"url":"https:\/\/www.eko-bio-natura.sk\/shop\/wp-content\/uploads\/2021\/12\/7110-2_specialny-balzam-zo-17-bylin-proti-vypadavaniu-a-lamavosti-vlasov-babicka-agafa-350ml-scaled.jpg","type":"image\/jpeg"}],"twitter_card":"summary_large_image","twitter_misc":{"Predpokladan\u00fd \u010das \u010d\u00edtania":"2 min\u00faty"},"schema":{"@context":"https:\/\/schema.org","@graph":[{"@type":"WebPage","@id":"https:\/\/www.eko-bio-natura.sk\/shop\/produkt\/babicka-agafia-specialny-balzam-zo-17-bylin-proti-vypadavaniu-a-lamavosti-vlasov-babicka-agafa-350ml\/","url":"https:\/\/www.eko-bio-natura.sk\/shop\/produkt\/babicka-agafia-specialny-balzam-zo-17-bylin-proti-vypadavaniu-a-lamavosti-vlasov-babicka-agafa-350ml\/","name":"Babi\u010dka Agafia \u0160peci\u00e1lny balzam zo 17 byl\u00edn- proti vypad\u00e1vaniu a l\u00e1mavosti vlasov - Babi\u010dka Agafa - 350ml - EKO-BIO-NATURA BIO OBCHOD","isPartOf":{"@id":"https:\/\/www.eko-bio-natura.sk\/shop\/#website"},"primaryImageOfPage":{"@id":"https:\/\/www.eko-bio-natura.sk\/shop\/produkt\/babicka-agafia-specialny-balzam-zo-17-bylin-proti-vypadavaniu-a-lamavosti-vlasov-babicka-agafa-350ml\/#primaryimage"},"image":{"@id":"https:\/\/www.eko-bio-natura.sk\/shop\/produkt\/babicka-agafia-specialny-balzam-zo-17-bylin-proti-vypadavaniu-a-lamavosti-vlasov-babicka-agafa-350ml\/#primaryimage"},"thumbnailUrl":"https:\/\/www.eko-bio-natura.sk\/shop\/wp-content\/uploads\/2021\/12\/7110-2_specialny-balzam-zo-17-bylin-proti-vypadavaniu-a-lamavosti-vlasov-babicka-agafa-350ml-scaled.jpg","datePublished":"2021-12-28T17:08:43+00:00","dateModified":"2022-05-04T14:39:47+00:00","breadcrumb":{"@id":"https:\/\/www.eko-bio-natura.sk\/shop\/produkt\/babicka-agafia-specialny-balzam-zo-17-bylin-proti-vypadavaniu-a-lamavosti-vlasov-babicka-agafa-350ml\/#breadcrumb"},"inLanguage":"sk-SK","potentialAction":[{"@type":"ReadAction","target":["https:\/\/www.eko-bio-natura.sk\/shop\/produkt\/babicka-agafia-specialny-balzam-zo-17-bylin-proti-vypadavaniu-a-lamavosti-vlasov-babicka-agafa-350ml\/"]}]},{"@type":"ImageObject","inLanguage":"sk-SK","@id":"https:\/\/www.eko-bio-natura.sk\/shop\/produkt\/babicka-agafia-specialny-balzam-zo-17-bylin-proti-vypadavaniu-a-lamavosti-vlasov-babicka-agafa-350ml\/#primaryimage","url":"https:\/\/www.eko-bio-natura.sk\/shop\/wp-content\/uploads\/2021\/12\/7110-2_specialny-balzam-zo-17-bylin-proti-vypadavaniu-a-lamavosti-vlasov-babicka-agafa-350ml-scaled.jpg","contentUrl":"https:\/\/www.eko-bio-natura.sk\/shop\/wp-content\/uploads\/2021\/12\/7110-2_specialny-balzam-zo-17-bylin-proti-vypadavaniu-a-lamavosti-vlasov-babicka-agafa-350ml-scaled.jpg","width":1923,"height":2560},{"@type":"BreadcrumbList","@id":"https:\/\/www.eko-bio-natura.sk\/shop\/produkt\/babicka-agafia-specialny-balzam-zo-17-bylin-proti-vypadavaniu-a-lamavosti-vlasov-babicka-agafa-350ml\/#breadcrumb","itemListElement":[{"@type":"ListItem","position":1,"name":"Domovsk\u00e1 str\u00e1nka","item":"https:\/\/www.eko-bio-natura.sk\/shop\/"},{"@type":"ListItem","position":2,"name":"Obchod","item":"https:\/\/www.eko-bio-natura.sk\/shop\/?page_id=6"},{"@type":"ListItem","position":3,"name":"Babi\u010dka Agafia \u0160peci\u00e1lny balzam zo 17 byl\u00edn- proti vypad\u00e1vaniu a l\u00e1mavosti vlasov &#8211; Babi\u010dka Agafa &#8211; 350ml"}]},{"@type":"WebSite","@id":"https:\/\/www.eko-bio-natura.sk\/shop\/#website","url":"https:\/\/www.eko-bio-natura.sk\/shop\/","name":"EKO-BIO-NATURA BIO OBCHOD","description":"","publisher":{"@id":"https:\/\/www.eko-bio-natura.sk\/shop\/#organization"},"potentialAction":[{"@type":"SearchAction","target":{"@type":"EntryPoint","urlTemplate":"https:\/\/www.eko-bio-natura.sk\/shop\/?s={search_term_string}"},"query-input":{"@type":"PropertyValueSpecification","valueRequired":true,"valueName":"search_term_string"}}],"inLanguage":"sk-SK"},{"@type":"Organization","@id":"https:\/\/www.eko-bio-natura.sk\/shop\/#organization","name":"EKO-BIO-NATURA BIO OBCHOD","url":"https:\/\/www.eko-bio-natura.sk\/shop\/","logo":{"@type":"ImageObject","inLanguage":"sk-SK","@id":"https:\/\/www.eko-bio-natura.sk\/shop\/#\/schema\/logo\/image\/","url":"https:\/\/www.eko-bio-natura.sk\/shop\/wp-content\/uploads\/2021\/04\/eko-bio-natura_logo.png","contentUrl":"https:\/\/www.eko-bio-natura.sk\/shop\/wp-content\/uploads\/2021\/04\/eko-bio-natura_logo.png","width":552,"height":194,"caption":"EKO-BIO-NATURA BIO OBCHOD"},"image":{"@id":"https:\/\/www.eko-bio-natura.sk\/shop\/#\/schema\/logo\/image\/"}}]}},"_links":{"self":[{"href":"https:\/\/www.eko-bio-natura.sk\/shop\/wp-json\/wp\/v2\/product\/7463","targetHints":{"allow":["GET"]}}],"collection":[{"href":"https:\/\/www.eko-bio-natura.sk\/shop\/wp-json\/wp\/v2\/product"}],"about":[{"href":"https:\/\/www.eko-bio-natura.sk\/shop\/wp-json\/wp\/v2\/types\/product"}],"replies":[{"embeddable":true,"href":"https:\/\/www.eko-bio-natura.sk\/shop\/wp-json\/wp\/v2\/comments?post=7463"}],"wp:featuredmedia":[{"embeddable":true,"href":"https:\/\/www.eko-bio-natura.sk\/shop\/wp-json\/wp\/v2\/media\/7464"}],"wp:attachment":[{"href":"https:\/\/www.eko-bio-natura.sk\/shop\/wp-json\/wp\/v2\/media?parent=7463"}],"wp:term":[{"taxonomy":"product_brand","embeddable":true,"href":"https:\/\/www.eko-bio-natura.sk\/shop\/wp-json\/wp\/v2\/product_brand?post=7463"},{"taxonomy":"product_cat","embeddable":true,"href":"https:\/\/www.eko-bio-natura.sk\/shop\/wp-json\/wp\/v2\/product_cat?post=7463"},{"taxonomy":"product_tag","embeddable":true,"href":"https:\/\/www.eko-bio-natura.sk\/shop\/wp-json\/wp\/v2\/product_tag?post=7463"}],"curies":[{"name":"wp","href":"https:\/\/api.w.org\/{rel}","templated":true}]}}