{"id":7449,"date":"2021-12-28T18:08:43","date_gmt":"2021-12-28T17:08:43","guid":{"rendered":"https:\/\/www.eko-bio-natura.sk\/shop\/index.php\/produkt\/biele-mumio-krem-balzam-na-regeneraciu-klbov-eliksir-75-ml\/"},"modified":"2022-05-04T16:39:44","modified_gmt":"2022-05-04T14:39:44","slug":"biele-mumio-krem-balzam-na-regeneraciu-klbov-eliksir-75-ml","status":"publish","type":"product","link":"https:\/\/www.eko-bio-natura.sk\/shop\/produkt\/biele-mumio-krem-balzam-na-regeneraciu-klbov-eliksir-75-ml\/","title":{"rendered":"Biele Mumio &#8211; kr\u00e9m-balzam na regener\u00e1ciu k\u013abov &#8211; Eliks\u00edr &#8211; 75 ml"},"content":{"rendered":"<p><span style=\"font-size: 12pt; font-family: verdana, geneva;\">Jeho lie\u010debn\u00e9 \u00fa\u010dinky s\u00fa nato\u013eko rozsiahle, \u017ee ho mo\u017eno pou\u017ei\u0165 prakticky na v\u0161etky ochorenia.&nbsp;<strong>Posil\u0148uje imunitn\u00fd syst\u00e9m organizmu<\/strong>, \u010d\u00edm zvy\u0161uje jeho vlastn\u00fa obranyschopnos\u0165. V jeho zlo\u017een\u00ed sa nach\u00e1dza nieko\u013eko desiatok \u017eivotne d\u00f4le\u017eit\u00fdch mikroelementov.<strong>&nbsp;<\/strong><\/span><\/p>\n<p><span style=\"font-size: 12pt; font-family: verdana, geneva;\"><strong>Sp\u00f4sob po\u017eitia<\/strong>: nanies\u0165 na bolestiv\u00fa alebo po\u0161koden\u00fa \u010das\u0165 tela a&nbsp;vtiera\u0165 mas\u00e1\u017enymi pohybmi do \u00fapln\u00e9ho vstrebania. Opakova\u0165 2-3x denne.&nbsp; Doba pou\u017e\u00edvania z\u00e1vis\u00ed od typu ochorenia a&nbsp;intenzity jeho prejavov.<\/span><\/p>\n<p><span style=\"font-size: 12pt; font-family: verdana, geneva;\"><strong>Odpor\u00fa\u010dania:<\/strong>&nbsp;pou\u017e\u00edva\u0165 ako podporn\u00fd prostriedok v&nbsp;komplexn\u00fdch lie\u010debno-prevent\u00edvnych opatreniach pri neuralgi\u00e1ch, chondrit\u00edde, tromboflebit\u00edde, r\u00f4znych ochoreniach&nbsp; pohybovej s\u00fastavy, zlomenin\u00e1ch, poraneniach sp\u00f4soben\u00fdch uhryznut\u00edm, u\u0161tipnut\u00edm hmyzon, dne, artrit\u00edde, artr\u00f3ze, pop\u00e1lenin\u00e1ch.<\/span><\/p>\n<p><span style=\"font-size: 12pt; font-family: verdana, geneva;\"><strong>\u00da\u010dinky:<\/strong>&nbsp;Preuk\u00e1zate\u013ene zni\u017euje bolestivos\u0165.&nbsp;Odv\u00e1dza z tela \u0161kodliv\u00e9 soli.&nbsp;Stimuluje regener\u00e1ciu tkan\u00edv.&nbsp;Zlep\u0161uje krvn\u00fd obeh v mieste pou\u017eitia.&nbsp;M\u00e1 upokojuj\u00face a antiseptick\u00e9 \u00fa\u010dinky.<\/span><\/p>\n<p><span style=\"font-size: 12pt; font-family: verdana, geneva;\"><strong>Upozornenie:&nbsp;<\/strong>Nepou\u017e\u00edva\u0165 na sliznice a&nbsp;otvoren\u00e9 rany, pri kontakte s&nbsp;o\u010dami okam\u017eite vymy\u0165 ve\u013ek\u00fdm mno\u017estvom vody<\/span><\/p>\n<p>&nbsp;<\/p>\n<p><img fetchpriority=\"high\" decoding=\"async\" src=\"https:\/\/www.herbatica.sk\/user\/documents\/upload\/zlozenia\/0474.png\" alt=\"0474\" width=\"714\" height=\"133\" \/><\/p>\n<p><span style=\"font-family: verdana, geneva; font-size: 12pt;\"><strong>Obsah balenia<\/strong>: 75 ml<\/span><\/p>\n<p><span style=\"font-family: verdana, geneva; font-size: 12pt;\"><strong>Krajina p\u00f4vodu: <\/strong>Ukrajina<\/span><\/p>\n<p><span style=\"font-size: 12pt; font-family: verdana, geneva;\">Viac o Mumiu a jeho \u00fa\u010dinkoch si m\u00f4\u017eete pre\u010d\u00edta\u0165 <a title=\"Mumio\" href=\"http:\/\/blog.herbatica.sk\/mumio-zazracny-liek\/\" target=\"_blank\" rel=\"noopener noreferrer\">tu!<\/a><\/span><\/p>\n<p>&nbsp;<span style=\"font-size: 12pt; font-family: verdana, geneva;\">Ak by ste si chceli pre\u010d\u00edta\u0165 aj osobn\u00fa sk\u00fasenos\u0165 s u\u017e\u00edvan\u00edm m\u00famia po zranen\u00ed, m\u00f4\u017eete tento \u010dl\u00e1nok tie\u017e n\u00e1js\u0165 na&nbsp;<a href=\"http:\/\/blog.herbatica.sk\/regeneracia-organizmu-pocas-zranenia-altajske-zlate-mumio\/\">na\u0161om blogu<\/a>&nbsp;\ud83d\ude42<\/span><\/p>\n","protected":false},"excerpt":{"rendered":"<p>Jeho lie\u010debn\u00e9 \u00fa\u010dinky s\u00fa nato\u013eko rozsiahle, \u017ee ho mo\u017eno pou\u017ei\u0165 prakticky na v\u0161etky ochorenia.&nbsp;Posil\u0148uje imunitn\u00fd syst\u00e9m organizmu, \u010d\u00edm zvy\u0161uje jeho vlastn\u00fa obranyschopnos\u0165. V jeho zlo\u017een\u00ed sa nach\u00e1dza nieko\u013eko desiatok \u017eivotne d\u00f4le\u017eit\u00fdch mikroelementov.&nbsp; Sp\u00f4sob po\u017eitia: nanies\u0165 na bolestiv\u00fa alebo po\u0161koden\u00fa \u010das\u0165 tela a&nbsp;vtiera\u0165 mas\u00e1\u017enymi pohybmi do \u00fapln\u00e9ho vstrebania. Opakova\u0165 2-3x denne.&nbsp; Doba pou\u017e\u00edvania z\u00e1vis\u00ed od typu [&hellip;]<\/p>\n","protected":false},"featured_media":7450,"comment_status":"open","ping_status":"open","template":"","meta":{"site-sidebar-layout":"default","site-content-layout":"","ast-site-content-layout":"default","site-content-style":"default","site-sidebar-style":"default","ast-global-header-display":"","ast-banner-title-visibility":"","ast-main-header-display":"","ast-hfb-above-header-display":"","ast-hfb-below-header-display":"","ast-hfb-mobile-header-display":"","site-post-title":"","ast-breadcrumbs-content":"","ast-featured-img":"","footer-sml-layout":"","ast-disable-related-posts":"","theme-transparent-header-meta":"","adv-header-id-meta":"","stick-header-meta":"","header-above-stick-meta":"","header-main-stick-meta":"","header-below-stick-meta":"","astra-migrate-meta-layouts":"default","ast-page-background-enabled":"default","ast-page-background-meta":{"desktop":{"background-color":"","background-image":"","background-repeat":"repeat","background-position":"center center","background-size":"auto","background-attachment":"scroll","background-type":"","background-media":"","overlay-type":"","overlay-color":"","overlay-opacity":"","overlay-gradient":""},"tablet":{"background-color":"","background-image":"","background-repeat":"repeat","background-position":"center center","background-size":"auto","background-attachment":"scroll","background-type":"","background-media":"","overlay-type":"","overlay-color":"","overlay-opacity":"","overlay-gradient":""},"mobile":{"background-color":"","background-image":"","background-repeat":"repeat","background-position":"center center","background-size":"auto","background-attachment":"scroll","background-type":"","background-media":"","overlay-type":"","overlay-color":"","overlay-opacity":"","overlay-gradient":""}},"ast-content-background-meta":{"desktop":{"background-color":"var(--ast-global-color-5)","background-image":"","background-repeat":"repeat","background-position":"center center","background-size":"auto","background-attachment":"scroll","background-type":"","background-media":"","overlay-type":"","overlay-color":"","overlay-opacity":"","overlay-gradient":""},"tablet":{"background-color":"var(--ast-global-color-5)","background-image":"","background-repeat":"repeat","background-position":"center center","background-size":"auto","background-attachment":"scroll","background-type":"","background-media":"","overlay-type":"","overlay-color":"","overlay-opacity":"","overlay-gradient":""},"mobile":{"background-color":"var(--ast-global-color-5)","background-image":"","background-repeat":"repeat","background-position":"center center","background-size":"auto","background-attachment":"scroll","background-type":"","background-media":"","overlay-type":"","overlay-color":"","overlay-opacity":"","overlay-gradient":""}}},"product_brand":[],"product_cat":[39],"product_tag":[],"class_list":{"0":"post-7449","1":"product","2":"type-product","3":"status-publish","4":"has-post-thumbnail","6":"product_cat-telova-kozmetika","7":"pa_cena-dopravy-367","8":"pa_doprava-zasilkovna","9":"pa_ean-561","10":"pa_typ-partnersky-predaj","11":"pa_znacka-eliksir","12":"desktop-align-left","13":"tablet-align-left","14":"mobile-align-left","16":"first","17":"instock","18":"product-type-external"},"yoast_head":"<!-- This site is optimized with the Yoast SEO plugin v27.2 - https:\/\/yoast.com\/product\/yoast-seo-wordpress\/ -->\n<title>Biele Mumio - kr\u00e9m-balzam na regener\u00e1ciu k\u013abov - Eliks\u00edr - 75 ml - EKO-BIO-NATURA BIO OBCHOD<\/title>\n<meta name=\"robots\" content=\"index, follow, max-snippet:-1, max-image-preview:large, max-video-preview:-1\" \/>\n<link rel=\"canonical\" href=\"https:\/\/www.eko-bio-natura.sk\/shop\/produkt\/biele-mumio-krem-balzam-na-regeneraciu-klbov-eliksir-75-ml\/\" \/>\n<meta property=\"og:locale\" content=\"sk_SK\" \/>\n<meta property=\"og:type\" content=\"article\" \/>\n<meta property=\"og:title\" content=\"Biele Mumio - kr\u00e9m-balzam na regener\u00e1ciu k\u013abov - Eliks\u00edr - 75 ml - EKO-BIO-NATURA BIO OBCHOD\" \/>\n<meta property=\"og:description\" content=\"Jeho lie\u010debn\u00e9 \u00fa\u010dinky s\u00fa nato\u013eko rozsiahle, \u017ee ho mo\u017eno pou\u017ei\u0165 prakticky na v\u0161etky ochorenia.&nbsp;Posil\u0148uje imunitn\u00fd syst\u00e9m organizmu, \u010d\u00edm zvy\u0161uje jeho vlastn\u00fa obranyschopnos\u0165. V jeho zlo\u017een\u00ed sa nach\u00e1dza nieko\u013eko desiatok \u017eivotne d\u00f4le\u017eit\u00fdch mikroelementov.&nbsp; Sp\u00f4sob po\u017eitia: nanies\u0165 na bolestiv\u00fa alebo po\u0161koden\u00fa \u010das\u0165 tela a&nbsp;vtiera\u0165 mas\u00e1\u017enymi pohybmi do \u00fapln\u00e9ho vstrebania. Opakova\u0165 2-3x denne.&nbsp; Doba pou\u017e\u00edvania z\u00e1vis\u00ed od typu [&hellip;]\" \/>\n<meta property=\"og:url\" content=\"https:\/\/www.eko-bio-natura.sk\/shop\/produkt\/biele-mumio-krem-balzam-na-regeneraciu-klbov-eliksir-75-ml\/\" \/>\n<meta property=\"og:site_name\" content=\"EKO-BIO-NATURA BIO OBCHOD\" \/>\n<meta property=\"article:modified_time\" content=\"2022-05-04T14:39:44+00:00\" \/>\n<meta property=\"og:image\" content=\"https:\/\/www.eko-bio-natura.sk\/shop\/wp-content\/uploads\/2021\/12\/6747-2_biele-mumio-krem-balzam-na-regeneraciu-klbov-eliksir-75-ml-scaled.jpg\" \/>\n\t<meta property=\"og:image:width\" content=\"2560\" \/>\n\t<meta property=\"og:image:height\" content=\"1923\" \/>\n\t<meta property=\"og:image:type\" content=\"image\/jpeg\" \/>\n<meta name=\"twitter:card\" content=\"summary_large_image\" \/>\n<meta name=\"twitter:label1\" content=\"Predpokladan\u00fd \u010das \u010d\u00edtania\" \/>\n\t<meta name=\"twitter:data1\" content=\"1 min\u00fata\" \/>\n<script type=\"application\/ld+json\" class=\"yoast-schema-graph\">{\"@context\":\"https:\/\/schema.org\",\"@graph\":[{\"@type\":\"WebPage\",\"@id\":\"https:\/\/www.eko-bio-natura.sk\/shop\/produkt\/biele-mumio-krem-balzam-na-regeneraciu-klbov-eliksir-75-ml\/\",\"url\":\"https:\/\/www.eko-bio-natura.sk\/shop\/produkt\/biele-mumio-krem-balzam-na-regeneraciu-klbov-eliksir-75-ml\/\",\"name\":\"Biele Mumio - kr\u00e9m-balzam na regener\u00e1ciu k\u013abov - Eliks\u00edr - 75 ml - EKO-BIO-NATURA BIO OBCHOD\",\"isPartOf\":{\"@id\":\"https:\/\/www.eko-bio-natura.sk\/shop\/#website\"},\"primaryImageOfPage\":{\"@id\":\"https:\/\/www.eko-bio-natura.sk\/shop\/produkt\/biele-mumio-krem-balzam-na-regeneraciu-klbov-eliksir-75-ml\/#primaryimage\"},\"image\":{\"@id\":\"https:\/\/www.eko-bio-natura.sk\/shop\/produkt\/biele-mumio-krem-balzam-na-regeneraciu-klbov-eliksir-75-ml\/#primaryimage\"},\"thumbnailUrl\":\"https:\/\/www.eko-bio-natura.sk\/shop\/wp-content\/uploads\/2021\/12\/6747-2_biele-mumio-krem-balzam-na-regeneraciu-klbov-eliksir-75-ml-scaled.jpg\",\"datePublished\":\"2021-12-28T17:08:43+00:00\",\"dateModified\":\"2022-05-04T14:39:44+00:00\",\"breadcrumb\":{\"@id\":\"https:\/\/www.eko-bio-natura.sk\/shop\/produkt\/biele-mumio-krem-balzam-na-regeneraciu-klbov-eliksir-75-ml\/#breadcrumb\"},\"inLanguage\":\"sk-SK\",\"potentialAction\":[{\"@type\":\"ReadAction\",\"target\":[\"https:\/\/www.eko-bio-natura.sk\/shop\/produkt\/biele-mumio-krem-balzam-na-regeneraciu-klbov-eliksir-75-ml\/\"]}]},{\"@type\":\"ImageObject\",\"inLanguage\":\"sk-SK\",\"@id\":\"https:\/\/www.eko-bio-natura.sk\/shop\/produkt\/biele-mumio-krem-balzam-na-regeneraciu-klbov-eliksir-75-ml\/#primaryimage\",\"url\":\"https:\/\/www.eko-bio-natura.sk\/shop\/wp-content\/uploads\/2021\/12\/6747-2_biele-mumio-krem-balzam-na-regeneraciu-klbov-eliksir-75-ml-scaled.jpg\",\"contentUrl\":\"https:\/\/www.eko-bio-natura.sk\/shop\/wp-content\/uploads\/2021\/12\/6747-2_biele-mumio-krem-balzam-na-regeneraciu-klbov-eliksir-75-ml-scaled.jpg\",\"width\":2560,\"height\":1923},{\"@type\":\"BreadcrumbList\",\"@id\":\"https:\/\/www.eko-bio-natura.sk\/shop\/produkt\/biele-mumio-krem-balzam-na-regeneraciu-klbov-eliksir-75-ml\/#breadcrumb\",\"itemListElement\":[{\"@type\":\"ListItem\",\"position\":1,\"name\":\"Domovsk\u00e1 str\u00e1nka\",\"item\":\"https:\/\/www.eko-bio-natura.sk\/shop\/\"},{\"@type\":\"ListItem\",\"position\":2,\"name\":\"Obchod\",\"item\":\"https:\/\/www.eko-bio-natura.sk\/shop\/?page_id=6\"},{\"@type\":\"ListItem\",\"position\":3,\"name\":\"Biele Mumio &#8211; kr\u00e9m-balzam na regener\u00e1ciu k\u013abov &#8211; Eliks\u00edr &#8211; 75 ml\"}]},{\"@type\":\"WebSite\",\"@id\":\"https:\/\/www.eko-bio-natura.sk\/shop\/#website\",\"url\":\"https:\/\/www.eko-bio-natura.sk\/shop\/\",\"name\":\"EKO-BIO-NATURA BIO OBCHOD\",\"description\":\"\",\"publisher\":{\"@id\":\"https:\/\/www.eko-bio-natura.sk\/shop\/#organization\"},\"potentialAction\":[{\"@type\":\"SearchAction\",\"target\":{\"@type\":\"EntryPoint\",\"urlTemplate\":\"https:\/\/www.eko-bio-natura.sk\/shop\/?s={search_term_string}\"},\"query-input\":{\"@type\":\"PropertyValueSpecification\",\"valueRequired\":true,\"valueName\":\"search_term_string\"}}],\"inLanguage\":\"sk-SK\"},{\"@type\":\"Organization\",\"@id\":\"https:\/\/www.eko-bio-natura.sk\/shop\/#organization\",\"name\":\"EKO-BIO-NATURA BIO OBCHOD\",\"url\":\"https:\/\/www.eko-bio-natura.sk\/shop\/\",\"logo\":{\"@type\":\"ImageObject\",\"inLanguage\":\"sk-SK\",\"@id\":\"https:\/\/www.eko-bio-natura.sk\/shop\/#\/schema\/logo\/image\/\",\"url\":\"https:\/\/www.eko-bio-natura.sk\/shop\/wp-content\/uploads\/2021\/04\/eko-bio-natura_logo.png\",\"contentUrl\":\"https:\/\/www.eko-bio-natura.sk\/shop\/wp-content\/uploads\/2021\/04\/eko-bio-natura_logo.png\",\"width\":552,\"height\":194,\"caption\":\"EKO-BIO-NATURA BIO OBCHOD\"},\"image\":{\"@id\":\"https:\/\/www.eko-bio-natura.sk\/shop\/#\/schema\/logo\/image\/\"}}]}<\/script>\n<!-- \/ Yoast SEO plugin. -->","yoast_head_json":{"title":"Biele Mumio - kr\u00e9m-balzam na regener\u00e1ciu k\u013abov - Eliks\u00edr - 75 ml - EKO-BIO-NATURA BIO OBCHOD","robots":{"index":"index","follow":"follow","max-snippet":"max-snippet:-1","max-image-preview":"max-image-preview:large","max-video-preview":"max-video-preview:-1"},"canonical":"https:\/\/www.eko-bio-natura.sk\/shop\/produkt\/biele-mumio-krem-balzam-na-regeneraciu-klbov-eliksir-75-ml\/","og_locale":"sk_SK","og_type":"article","og_title":"Biele Mumio - kr\u00e9m-balzam na regener\u00e1ciu k\u013abov - Eliks\u00edr - 75 ml - EKO-BIO-NATURA BIO OBCHOD","og_description":"Jeho lie\u010debn\u00e9 \u00fa\u010dinky s\u00fa nato\u013eko rozsiahle, \u017ee ho mo\u017eno pou\u017ei\u0165 prakticky na v\u0161etky ochorenia.&nbsp;Posil\u0148uje imunitn\u00fd syst\u00e9m organizmu, \u010d\u00edm zvy\u0161uje jeho vlastn\u00fa obranyschopnos\u0165. V jeho zlo\u017een\u00ed sa nach\u00e1dza nieko\u013eko desiatok \u017eivotne d\u00f4le\u017eit\u00fdch mikroelementov.&nbsp; Sp\u00f4sob po\u017eitia: nanies\u0165 na bolestiv\u00fa alebo po\u0161koden\u00fa \u010das\u0165 tela a&nbsp;vtiera\u0165 mas\u00e1\u017enymi pohybmi do \u00fapln\u00e9ho vstrebania. Opakova\u0165 2-3x denne.&nbsp; Doba pou\u017e\u00edvania z\u00e1vis\u00ed od typu [&hellip;]","og_url":"https:\/\/www.eko-bio-natura.sk\/shop\/produkt\/biele-mumio-krem-balzam-na-regeneraciu-klbov-eliksir-75-ml\/","og_site_name":"EKO-BIO-NATURA BIO OBCHOD","article_modified_time":"2022-05-04T14:39:44+00:00","og_image":[{"width":2560,"height":1923,"url":"https:\/\/www.eko-bio-natura.sk\/shop\/wp-content\/uploads\/2021\/12\/6747-2_biele-mumio-krem-balzam-na-regeneraciu-klbov-eliksir-75-ml-scaled.jpg","type":"image\/jpeg"}],"twitter_card":"summary_large_image","twitter_misc":{"Predpokladan\u00fd \u010das \u010d\u00edtania":"1 min\u00fata"},"schema":{"@context":"https:\/\/schema.org","@graph":[{"@type":"WebPage","@id":"https:\/\/www.eko-bio-natura.sk\/shop\/produkt\/biele-mumio-krem-balzam-na-regeneraciu-klbov-eliksir-75-ml\/","url":"https:\/\/www.eko-bio-natura.sk\/shop\/produkt\/biele-mumio-krem-balzam-na-regeneraciu-klbov-eliksir-75-ml\/","name":"Biele Mumio - kr\u00e9m-balzam na regener\u00e1ciu k\u013abov - Eliks\u00edr - 75 ml - EKO-BIO-NATURA BIO OBCHOD","isPartOf":{"@id":"https:\/\/www.eko-bio-natura.sk\/shop\/#website"},"primaryImageOfPage":{"@id":"https:\/\/www.eko-bio-natura.sk\/shop\/produkt\/biele-mumio-krem-balzam-na-regeneraciu-klbov-eliksir-75-ml\/#primaryimage"},"image":{"@id":"https:\/\/www.eko-bio-natura.sk\/shop\/produkt\/biele-mumio-krem-balzam-na-regeneraciu-klbov-eliksir-75-ml\/#primaryimage"},"thumbnailUrl":"https:\/\/www.eko-bio-natura.sk\/shop\/wp-content\/uploads\/2021\/12\/6747-2_biele-mumio-krem-balzam-na-regeneraciu-klbov-eliksir-75-ml-scaled.jpg","datePublished":"2021-12-28T17:08:43+00:00","dateModified":"2022-05-04T14:39:44+00:00","breadcrumb":{"@id":"https:\/\/www.eko-bio-natura.sk\/shop\/produkt\/biele-mumio-krem-balzam-na-regeneraciu-klbov-eliksir-75-ml\/#breadcrumb"},"inLanguage":"sk-SK","potentialAction":[{"@type":"ReadAction","target":["https:\/\/www.eko-bio-natura.sk\/shop\/produkt\/biele-mumio-krem-balzam-na-regeneraciu-klbov-eliksir-75-ml\/"]}]},{"@type":"ImageObject","inLanguage":"sk-SK","@id":"https:\/\/www.eko-bio-natura.sk\/shop\/produkt\/biele-mumio-krem-balzam-na-regeneraciu-klbov-eliksir-75-ml\/#primaryimage","url":"https:\/\/www.eko-bio-natura.sk\/shop\/wp-content\/uploads\/2021\/12\/6747-2_biele-mumio-krem-balzam-na-regeneraciu-klbov-eliksir-75-ml-scaled.jpg","contentUrl":"https:\/\/www.eko-bio-natura.sk\/shop\/wp-content\/uploads\/2021\/12\/6747-2_biele-mumio-krem-balzam-na-regeneraciu-klbov-eliksir-75-ml-scaled.jpg","width":2560,"height":1923},{"@type":"BreadcrumbList","@id":"https:\/\/www.eko-bio-natura.sk\/shop\/produkt\/biele-mumio-krem-balzam-na-regeneraciu-klbov-eliksir-75-ml\/#breadcrumb","itemListElement":[{"@type":"ListItem","position":1,"name":"Domovsk\u00e1 str\u00e1nka","item":"https:\/\/www.eko-bio-natura.sk\/shop\/"},{"@type":"ListItem","position":2,"name":"Obchod","item":"https:\/\/www.eko-bio-natura.sk\/shop\/?page_id=6"},{"@type":"ListItem","position":3,"name":"Biele Mumio &#8211; kr\u00e9m-balzam na regener\u00e1ciu k\u013abov &#8211; Eliks\u00edr &#8211; 75 ml"}]},{"@type":"WebSite","@id":"https:\/\/www.eko-bio-natura.sk\/shop\/#website","url":"https:\/\/www.eko-bio-natura.sk\/shop\/","name":"EKO-BIO-NATURA BIO OBCHOD","description":"","publisher":{"@id":"https:\/\/www.eko-bio-natura.sk\/shop\/#organization"},"potentialAction":[{"@type":"SearchAction","target":{"@type":"EntryPoint","urlTemplate":"https:\/\/www.eko-bio-natura.sk\/shop\/?s={search_term_string}"},"query-input":{"@type":"PropertyValueSpecification","valueRequired":true,"valueName":"search_term_string"}}],"inLanguage":"sk-SK"},{"@type":"Organization","@id":"https:\/\/www.eko-bio-natura.sk\/shop\/#organization","name":"EKO-BIO-NATURA BIO OBCHOD","url":"https:\/\/www.eko-bio-natura.sk\/shop\/","logo":{"@type":"ImageObject","inLanguage":"sk-SK","@id":"https:\/\/www.eko-bio-natura.sk\/shop\/#\/schema\/logo\/image\/","url":"https:\/\/www.eko-bio-natura.sk\/shop\/wp-content\/uploads\/2021\/04\/eko-bio-natura_logo.png","contentUrl":"https:\/\/www.eko-bio-natura.sk\/shop\/wp-content\/uploads\/2021\/04\/eko-bio-natura_logo.png","width":552,"height":194,"caption":"EKO-BIO-NATURA BIO OBCHOD"},"image":{"@id":"https:\/\/www.eko-bio-natura.sk\/shop\/#\/schema\/logo\/image\/"}}]}},"_links":{"self":[{"href":"https:\/\/www.eko-bio-natura.sk\/shop\/wp-json\/wp\/v2\/product\/7449","targetHints":{"allow":["GET"]}}],"collection":[{"href":"https:\/\/www.eko-bio-natura.sk\/shop\/wp-json\/wp\/v2\/product"}],"about":[{"href":"https:\/\/www.eko-bio-natura.sk\/shop\/wp-json\/wp\/v2\/types\/product"}],"replies":[{"embeddable":true,"href":"https:\/\/www.eko-bio-natura.sk\/shop\/wp-json\/wp\/v2\/comments?post=7449"}],"wp:featuredmedia":[{"embeddable":true,"href":"https:\/\/www.eko-bio-natura.sk\/shop\/wp-json\/wp\/v2\/media\/7450"}],"wp:attachment":[{"href":"https:\/\/www.eko-bio-natura.sk\/shop\/wp-json\/wp\/v2\/media?parent=7449"}],"wp:term":[{"taxonomy":"product_brand","embeddable":true,"href":"https:\/\/www.eko-bio-natura.sk\/shop\/wp-json\/wp\/v2\/product_brand?post=7449"},{"taxonomy":"product_cat","embeddable":true,"href":"https:\/\/www.eko-bio-natura.sk\/shop\/wp-json\/wp\/v2\/product_cat?post=7449"},{"taxonomy":"product_tag","embeddable":true,"href":"https:\/\/www.eko-bio-natura.sk\/shop\/wp-json\/wp\/v2\/product_tag?post=7449"}],"curies":[{"name":"wp","href":"https:\/\/api.w.org\/{rel}","templated":true}]}}