{"id":7447,"date":"2021-12-28T18:08:43","date_gmt":"2021-12-28T17:08:43","guid":{"rendered":"https:\/\/www.eko-bio-natura.sk\/shop\/index.php\/produkt\/kupel-babky-agafy-cedrovy-peeling-na-telo-babicka-agafia-300-ml\/"},"modified":"2021-12-28T18:08:45","modified_gmt":"2021-12-28T17:08:45","slug":"kupel-babky-agafy-cedrovy-peeling-na-telo-babicka-agafia-300-ml","status":"publish","type":"product","link":"https:\/\/www.eko-bio-natura.sk\/shop\/produkt\/kupel-babky-agafy-cedrovy-peeling-na-telo-babicka-agafia-300-ml\/","title":{"rendered":"K\u00fape\u013e babky Agafy &#8211; C\u00e9drov\u00fd peeling na telo &#8211; Babi\u010dka Agafia &#8211; 300 ml"},"content":{"rendered":"<p><span style=\"font-size: 12pt; font-family: verdana, geneva;\"><strong>Sp\u00f4sob pou\u017eitia<\/strong>: nanies\u0165 na vlhk\u00fa poko\u017eku \u013eahk\u00fdm mas\u00e1\u017enymi pohybmi a&nbsp;zmy\u0165 vodou.<\/span><\/p>\n<p><span style=\"font-size: 12pt; font-family: verdana, geneva;\"><strong>Obsah balenia<\/strong>: 300 ml<\/span><\/p>\n<p><span style=\"font-size: 12pt; font-family: verdana, geneva;\"><strong>Krajina p\u00f4vodu:<\/strong>&nbsp;EU<\/span><\/p>\n<p><span style=\"font-size: 12pt; font-family: verdana, geneva;\">\u010eal\u0161ie zlo\u017eky, ktor\u00e9 na\u00b4jdete v tomto produkte:&nbsp;<strong>Olej zo sib\u00edrskeho c\u00e9dra<\/strong>&nbsp;je zdrojom z\u00e1kladn\u00fdch vitam\u00ednov mladosti E a&nbsp;F a&nbsp;zabezpe\u010duje h\u013abkov\u00fa v\u00fd\u017eivu poko\u017eky cel\u00e9ho tela<strong>. Pomlet\u00e9 \u0161krupinky c\u00e9drov\u00e9ho orecha<\/strong>&nbsp;jemne \u010distia poko\u017eku od odumret\u00fdch buniek.&nbsp;<strong>Vosk z&nbsp;ihli\u010dnanov<\/strong>&nbsp;chr\u00e1ni poko\u017eku pred vys\u00fa\u0161an\u00edm.&nbsp;<strong>Organick\u00fd extrakt z&nbsp;borievky m\u00e1 regeneruj\u00face a&nbsp;tonizuj\u00face \u00fa\u010dinky.<\/strong><\/span><\/p>\n<p><span style=\"font-size: 12pt; font-family: verdana, geneva;\"><strong>Zlo\u017eenie:<\/strong><\/span><\/p>\n<p><span style=\"font-size: 12pt; font-family: verdana, geneva;\">Aqua, Lauryl Glucoside, Acrylates\/Vinyl Neodecanoate Crosspolymer, Potassium Hydroxide; Pinus Sibirica Shell Powder (\u0142upinki cedrowych orzech\u00f3w), Pinus Sibirica Seed Oil (olej cedrowy), Organic Juniperus Communis Extract (organiczny olej ja\u0142owca), Polyethylene, Abies Alba Leaf Wax (wosk z jod\u0142y syberyjskiej), Benzyl Alcohol, Benzoic Acid, Glycerin, Sorbic Acid, Citric Acid, Chlorophyllin-Copper Complex, Caramel<\/span><\/p>\n<p><span style=\"font-size: 12pt;\"><strong><span style=\"font-family: verdana, geneva;\">Kozmetika spolo\u010dnosti Babi\u010dka Agafa netestuje svoje produkty na zvierat\u00e1ch. Viac inform\u00e1ci\u00ed n\u00e1jdete v <a href=\"http:\/\/www.herbatica.sk\/certifikaty_produktov\/\" target=\"_blank\" rel=\"noopener noreferrer\">\u010dasti Certifik\u00e1ty.<\/a><\/span><\/strong><\/span><\/p>\n<p>&nbsp;<\/p>\n","protected":false},"excerpt":{"rendered":"<p>Sp\u00f4sob pou\u017eitia: nanies\u0165 na vlhk\u00fa poko\u017eku \u013eahk\u00fdm mas\u00e1\u017enymi pohybmi a&nbsp;zmy\u0165 vodou. Obsah balenia: 300 ml Krajina p\u00f4vodu:&nbsp;EU \u010eal\u0161ie zlo\u017eky, ktor\u00e9 na\u00b4jdete v tomto produkte:&nbsp;Olej zo sib\u00edrskeho c\u00e9dra&nbsp;je zdrojom z\u00e1kladn\u00fdch vitam\u00ednov mladosti E a&nbsp;F a&nbsp;zabezpe\u010duje h\u013abkov\u00fa v\u00fd\u017eivu poko\u017eky cel\u00e9ho tela. Pomlet\u00e9 \u0161krupinky c\u00e9drov\u00e9ho orecha&nbsp;jemne \u010distia poko\u017eku od odumret\u00fdch buniek.&nbsp;Vosk z&nbsp;ihli\u010dnanov&nbsp;chr\u00e1ni poko\u017eku pred vys\u00fa\u0161an\u00edm.&nbsp;Organick\u00fd extrakt z&nbsp;borievky m\u00e1 [&hellip;]<\/p>\n","protected":false},"featured_media":7448,"comment_status":"open","ping_status":"open","template":"","meta":{"site-sidebar-layout":"default","site-content-layout":"","ast-site-content-layout":"default","site-content-style":"default","site-sidebar-style":"default","ast-global-header-display":"","ast-banner-title-visibility":"","ast-main-header-display":"","ast-hfb-above-header-display":"","ast-hfb-below-header-display":"","ast-hfb-mobile-header-display":"","site-post-title":"","ast-breadcrumbs-content":"","ast-featured-img":"","footer-sml-layout":"","ast-disable-related-posts":"","theme-transparent-header-meta":"","adv-header-id-meta":"","stick-header-meta":"","header-above-stick-meta":"","header-main-stick-meta":"","header-below-stick-meta":"","astra-migrate-meta-layouts":"default","ast-page-background-enabled":"default","ast-page-background-meta":{"desktop":{"background-color":"","background-image":"","background-repeat":"repeat","background-position":"center center","background-size":"auto","background-attachment":"scroll","background-type":"","background-media":"","overlay-type":"","overlay-color":"","overlay-opacity":"","overlay-gradient":""},"tablet":{"background-color":"","background-image":"","background-repeat":"repeat","background-position":"center center","background-size":"auto","background-attachment":"scroll","background-type":"","background-media":"","overlay-type":"","overlay-color":"","overlay-opacity":"","overlay-gradient":""},"mobile":{"background-color":"","background-image":"","background-repeat":"repeat","background-position":"center center","background-size":"auto","background-attachment":"scroll","background-type":"","background-media":"","overlay-type":"","overlay-color":"","overlay-opacity":"","overlay-gradient":""}},"ast-content-background-meta":{"desktop":{"background-color":"var(--ast-global-color-5)","background-image":"","background-repeat":"repeat","background-position":"center center","background-size":"auto","background-attachment":"scroll","background-type":"","background-media":"","overlay-type":"","overlay-color":"","overlay-opacity":"","overlay-gradient":""},"tablet":{"background-color":"var(--ast-global-color-5)","background-image":"","background-repeat":"repeat","background-position":"center center","background-size":"auto","background-attachment":"scroll","background-type":"","background-media":"","overlay-type":"","overlay-color":"","overlay-opacity":"","overlay-gradient":""},"mobile":{"background-color":"var(--ast-global-color-5)","background-image":"","background-repeat":"repeat","background-position":"center center","background-size":"auto","background-attachment":"scroll","background-type":"","background-media":"","overlay-type":"","overlay-color":"","overlay-opacity":"","overlay-gradient":""}}},"product_brand":[],"product_cat":[39],"product_tag":[],"class_list":{"0":"post-7447","1":"product","2":"type-product","3":"status-publish","4":"has-post-thumbnail","6":"product_cat-telova-kozmetika","7":"pa_cena-dopravy-367","8":"pa_doprava-zasilkovna","9":"pa_ean-559","10":"pa_typ-partnersky-predaj","11":"pa_znacka-babicka-agafia","12":"desktop-align-left","13":"tablet-align-left","14":"mobile-align-left","16":"first","17":"instock","18":"product-type-external"},"yoast_head":"<!-- This site is optimized with the Yoast SEO plugin v27.2 - https:\/\/yoast.com\/product\/yoast-seo-wordpress\/ -->\n<title>K\u00fape\u013e babky Agafy - C\u00e9drov\u00fd peeling na telo - Babi\u010dka Agafia - 300 ml - EKO-BIO-NATURA BIO OBCHOD<\/title>\n<meta name=\"robots\" content=\"index, follow, max-snippet:-1, max-image-preview:large, max-video-preview:-1\" \/>\n<link rel=\"canonical\" href=\"https:\/\/www.eko-bio-natura.sk\/shop\/produkt\/kupel-babky-agafy-cedrovy-peeling-na-telo-babicka-agafia-300-ml\/\" \/>\n<meta property=\"og:locale\" content=\"sk_SK\" \/>\n<meta property=\"og:type\" content=\"article\" \/>\n<meta property=\"og:title\" content=\"K\u00fape\u013e babky Agafy - C\u00e9drov\u00fd peeling na telo - Babi\u010dka Agafia - 300 ml - EKO-BIO-NATURA BIO OBCHOD\" \/>\n<meta property=\"og:description\" content=\"Sp\u00f4sob pou\u017eitia: nanies\u0165 na vlhk\u00fa poko\u017eku \u013eahk\u00fdm mas\u00e1\u017enymi pohybmi a&nbsp;zmy\u0165 vodou. Obsah balenia: 300 ml Krajina p\u00f4vodu:&nbsp;EU \u010eal\u0161ie zlo\u017eky, ktor\u00e9 na\u00b4jdete v tomto produkte:&nbsp;Olej zo sib\u00edrskeho c\u00e9dra&nbsp;je zdrojom z\u00e1kladn\u00fdch vitam\u00ednov mladosti E a&nbsp;F a&nbsp;zabezpe\u010duje h\u013abkov\u00fa v\u00fd\u017eivu poko\u017eky cel\u00e9ho tela. Pomlet\u00e9 \u0161krupinky c\u00e9drov\u00e9ho orecha&nbsp;jemne \u010distia poko\u017eku od odumret\u00fdch buniek.&nbsp;Vosk z&nbsp;ihli\u010dnanov&nbsp;chr\u00e1ni poko\u017eku pred vys\u00fa\u0161an\u00edm.&nbsp;Organick\u00fd extrakt z&nbsp;borievky m\u00e1 [&hellip;]\" \/>\n<meta property=\"og:url\" content=\"https:\/\/www.eko-bio-natura.sk\/shop\/produkt\/kupel-babky-agafy-cedrovy-peeling-na-telo-babicka-agafia-300-ml\/\" \/>\n<meta property=\"og:site_name\" content=\"EKO-BIO-NATURA BIO OBCHOD\" \/>\n<meta property=\"article:modified_time\" content=\"2021-12-28T17:08:45+00:00\" \/>\n<meta property=\"og:image\" content=\"https:\/\/www.eko-bio-natura.sk\/shop\/wp-content\/uploads\/2021\/12\/6729_0466-cedrovy-peeling-scaled.jpg\" \/>\n\t<meta property=\"og:image:width\" content=\"2560\" \/>\n\t<meta property=\"og:image:height\" content=\"1923\" \/>\n\t<meta property=\"og:image:type\" content=\"image\/jpeg\" \/>\n<meta name=\"twitter:card\" content=\"summary_large_image\" \/>\n<meta name=\"twitter:label1\" content=\"Predpokladan\u00fd \u010das \u010d\u00edtania\" \/>\n\t<meta name=\"twitter:data1\" content=\"1 min\u00fata\" \/>\n<script type=\"application\/ld+json\" class=\"yoast-schema-graph\">{\"@context\":\"https:\/\/schema.org\",\"@graph\":[{\"@type\":\"WebPage\",\"@id\":\"https:\/\/www.eko-bio-natura.sk\/shop\/produkt\/kupel-babky-agafy-cedrovy-peeling-na-telo-babicka-agafia-300-ml\/\",\"url\":\"https:\/\/www.eko-bio-natura.sk\/shop\/produkt\/kupel-babky-agafy-cedrovy-peeling-na-telo-babicka-agafia-300-ml\/\",\"name\":\"K\u00fape\u013e babky Agafy - C\u00e9drov\u00fd peeling na telo - Babi\u010dka Agafia - 300 ml - EKO-BIO-NATURA BIO OBCHOD\",\"isPartOf\":{\"@id\":\"https:\/\/www.eko-bio-natura.sk\/shop\/#website\"},\"primaryImageOfPage\":{\"@id\":\"https:\/\/www.eko-bio-natura.sk\/shop\/produkt\/kupel-babky-agafy-cedrovy-peeling-na-telo-babicka-agafia-300-ml\/#primaryimage\"},\"image\":{\"@id\":\"https:\/\/www.eko-bio-natura.sk\/shop\/produkt\/kupel-babky-agafy-cedrovy-peeling-na-telo-babicka-agafia-300-ml\/#primaryimage\"},\"thumbnailUrl\":\"https:\/\/www.eko-bio-natura.sk\/shop\/wp-content\/uploads\/2021\/12\/6729_0466-cedrovy-peeling-scaled.jpg\",\"datePublished\":\"2021-12-28T17:08:43+00:00\",\"dateModified\":\"2021-12-28T17:08:45+00:00\",\"breadcrumb\":{\"@id\":\"https:\/\/www.eko-bio-natura.sk\/shop\/produkt\/kupel-babky-agafy-cedrovy-peeling-na-telo-babicka-agafia-300-ml\/#breadcrumb\"},\"inLanguage\":\"sk-SK\",\"potentialAction\":[{\"@type\":\"ReadAction\",\"target\":[\"https:\/\/www.eko-bio-natura.sk\/shop\/produkt\/kupel-babky-agafy-cedrovy-peeling-na-telo-babicka-agafia-300-ml\/\"]}]},{\"@type\":\"ImageObject\",\"inLanguage\":\"sk-SK\",\"@id\":\"https:\/\/www.eko-bio-natura.sk\/shop\/produkt\/kupel-babky-agafy-cedrovy-peeling-na-telo-babicka-agafia-300-ml\/#primaryimage\",\"url\":\"https:\/\/www.eko-bio-natura.sk\/shop\/wp-content\/uploads\/2021\/12\/6729_0466-cedrovy-peeling-scaled.jpg\",\"contentUrl\":\"https:\/\/www.eko-bio-natura.sk\/shop\/wp-content\/uploads\/2021\/12\/6729_0466-cedrovy-peeling-scaled.jpg\",\"width\":2560,\"height\":1923},{\"@type\":\"BreadcrumbList\",\"@id\":\"https:\/\/www.eko-bio-natura.sk\/shop\/produkt\/kupel-babky-agafy-cedrovy-peeling-na-telo-babicka-agafia-300-ml\/#breadcrumb\",\"itemListElement\":[{\"@type\":\"ListItem\",\"position\":1,\"name\":\"Domovsk\u00e1 str\u00e1nka\",\"item\":\"https:\/\/www.eko-bio-natura.sk\/shop\/\"},{\"@type\":\"ListItem\",\"position\":2,\"name\":\"Obchod\",\"item\":\"https:\/\/www.eko-bio-natura.sk\/shop\/?page_id=6\"},{\"@type\":\"ListItem\",\"position\":3,\"name\":\"K\u00fape\u013e babky Agafy &#8211; C\u00e9drov\u00fd peeling na telo &#8211; Babi\u010dka Agafia &#8211; 300 ml\"}]},{\"@type\":\"WebSite\",\"@id\":\"https:\/\/www.eko-bio-natura.sk\/shop\/#website\",\"url\":\"https:\/\/www.eko-bio-natura.sk\/shop\/\",\"name\":\"EKO-BIO-NATURA BIO OBCHOD\",\"description\":\"\",\"publisher\":{\"@id\":\"https:\/\/www.eko-bio-natura.sk\/shop\/#organization\"},\"potentialAction\":[{\"@type\":\"SearchAction\",\"target\":{\"@type\":\"EntryPoint\",\"urlTemplate\":\"https:\/\/www.eko-bio-natura.sk\/shop\/?s={search_term_string}\"},\"query-input\":{\"@type\":\"PropertyValueSpecification\",\"valueRequired\":true,\"valueName\":\"search_term_string\"}}],\"inLanguage\":\"sk-SK\"},{\"@type\":\"Organization\",\"@id\":\"https:\/\/www.eko-bio-natura.sk\/shop\/#organization\",\"name\":\"EKO-BIO-NATURA BIO OBCHOD\",\"url\":\"https:\/\/www.eko-bio-natura.sk\/shop\/\",\"logo\":{\"@type\":\"ImageObject\",\"inLanguage\":\"sk-SK\",\"@id\":\"https:\/\/www.eko-bio-natura.sk\/shop\/#\/schema\/logo\/image\/\",\"url\":\"https:\/\/www.eko-bio-natura.sk\/shop\/wp-content\/uploads\/2021\/04\/eko-bio-natura_logo.png\",\"contentUrl\":\"https:\/\/www.eko-bio-natura.sk\/shop\/wp-content\/uploads\/2021\/04\/eko-bio-natura_logo.png\",\"width\":552,\"height\":194,\"caption\":\"EKO-BIO-NATURA BIO OBCHOD\"},\"image\":{\"@id\":\"https:\/\/www.eko-bio-natura.sk\/shop\/#\/schema\/logo\/image\/\"}}]}<\/script>\n<!-- \/ Yoast SEO plugin. -->","yoast_head_json":{"title":"K\u00fape\u013e babky Agafy - C\u00e9drov\u00fd peeling na telo - Babi\u010dka Agafia - 300 ml - EKO-BIO-NATURA BIO OBCHOD","robots":{"index":"index","follow":"follow","max-snippet":"max-snippet:-1","max-image-preview":"max-image-preview:large","max-video-preview":"max-video-preview:-1"},"canonical":"https:\/\/www.eko-bio-natura.sk\/shop\/produkt\/kupel-babky-agafy-cedrovy-peeling-na-telo-babicka-agafia-300-ml\/","og_locale":"sk_SK","og_type":"article","og_title":"K\u00fape\u013e babky Agafy - C\u00e9drov\u00fd peeling na telo - Babi\u010dka Agafia - 300 ml - EKO-BIO-NATURA BIO OBCHOD","og_description":"Sp\u00f4sob pou\u017eitia: nanies\u0165 na vlhk\u00fa poko\u017eku \u013eahk\u00fdm mas\u00e1\u017enymi pohybmi a&nbsp;zmy\u0165 vodou. Obsah balenia: 300 ml Krajina p\u00f4vodu:&nbsp;EU \u010eal\u0161ie zlo\u017eky, ktor\u00e9 na\u00b4jdete v tomto produkte:&nbsp;Olej zo sib\u00edrskeho c\u00e9dra&nbsp;je zdrojom z\u00e1kladn\u00fdch vitam\u00ednov mladosti E a&nbsp;F a&nbsp;zabezpe\u010duje h\u013abkov\u00fa v\u00fd\u017eivu poko\u017eky cel\u00e9ho tela. Pomlet\u00e9 \u0161krupinky c\u00e9drov\u00e9ho orecha&nbsp;jemne \u010distia poko\u017eku od odumret\u00fdch buniek.&nbsp;Vosk z&nbsp;ihli\u010dnanov&nbsp;chr\u00e1ni poko\u017eku pred vys\u00fa\u0161an\u00edm.&nbsp;Organick\u00fd extrakt z&nbsp;borievky m\u00e1 [&hellip;]","og_url":"https:\/\/www.eko-bio-natura.sk\/shop\/produkt\/kupel-babky-agafy-cedrovy-peeling-na-telo-babicka-agafia-300-ml\/","og_site_name":"EKO-BIO-NATURA BIO OBCHOD","article_modified_time":"2021-12-28T17:08:45+00:00","og_image":[{"width":2560,"height":1923,"url":"https:\/\/www.eko-bio-natura.sk\/shop\/wp-content\/uploads\/2021\/12\/6729_0466-cedrovy-peeling-scaled.jpg","type":"image\/jpeg"}],"twitter_card":"summary_large_image","twitter_misc":{"Predpokladan\u00fd \u010das \u010d\u00edtania":"1 min\u00fata"},"schema":{"@context":"https:\/\/schema.org","@graph":[{"@type":"WebPage","@id":"https:\/\/www.eko-bio-natura.sk\/shop\/produkt\/kupel-babky-agafy-cedrovy-peeling-na-telo-babicka-agafia-300-ml\/","url":"https:\/\/www.eko-bio-natura.sk\/shop\/produkt\/kupel-babky-agafy-cedrovy-peeling-na-telo-babicka-agafia-300-ml\/","name":"K\u00fape\u013e babky Agafy - C\u00e9drov\u00fd peeling na telo - Babi\u010dka Agafia - 300 ml - EKO-BIO-NATURA BIO OBCHOD","isPartOf":{"@id":"https:\/\/www.eko-bio-natura.sk\/shop\/#website"},"primaryImageOfPage":{"@id":"https:\/\/www.eko-bio-natura.sk\/shop\/produkt\/kupel-babky-agafy-cedrovy-peeling-na-telo-babicka-agafia-300-ml\/#primaryimage"},"image":{"@id":"https:\/\/www.eko-bio-natura.sk\/shop\/produkt\/kupel-babky-agafy-cedrovy-peeling-na-telo-babicka-agafia-300-ml\/#primaryimage"},"thumbnailUrl":"https:\/\/www.eko-bio-natura.sk\/shop\/wp-content\/uploads\/2021\/12\/6729_0466-cedrovy-peeling-scaled.jpg","datePublished":"2021-12-28T17:08:43+00:00","dateModified":"2021-12-28T17:08:45+00:00","breadcrumb":{"@id":"https:\/\/www.eko-bio-natura.sk\/shop\/produkt\/kupel-babky-agafy-cedrovy-peeling-na-telo-babicka-agafia-300-ml\/#breadcrumb"},"inLanguage":"sk-SK","potentialAction":[{"@type":"ReadAction","target":["https:\/\/www.eko-bio-natura.sk\/shop\/produkt\/kupel-babky-agafy-cedrovy-peeling-na-telo-babicka-agafia-300-ml\/"]}]},{"@type":"ImageObject","inLanguage":"sk-SK","@id":"https:\/\/www.eko-bio-natura.sk\/shop\/produkt\/kupel-babky-agafy-cedrovy-peeling-na-telo-babicka-agafia-300-ml\/#primaryimage","url":"https:\/\/www.eko-bio-natura.sk\/shop\/wp-content\/uploads\/2021\/12\/6729_0466-cedrovy-peeling-scaled.jpg","contentUrl":"https:\/\/www.eko-bio-natura.sk\/shop\/wp-content\/uploads\/2021\/12\/6729_0466-cedrovy-peeling-scaled.jpg","width":2560,"height":1923},{"@type":"BreadcrumbList","@id":"https:\/\/www.eko-bio-natura.sk\/shop\/produkt\/kupel-babky-agafy-cedrovy-peeling-na-telo-babicka-agafia-300-ml\/#breadcrumb","itemListElement":[{"@type":"ListItem","position":1,"name":"Domovsk\u00e1 str\u00e1nka","item":"https:\/\/www.eko-bio-natura.sk\/shop\/"},{"@type":"ListItem","position":2,"name":"Obchod","item":"https:\/\/www.eko-bio-natura.sk\/shop\/?page_id=6"},{"@type":"ListItem","position":3,"name":"K\u00fape\u013e babky Agafy &#8211; C\u00e9drov\u00fd peeling na telo &#8211; Babi\u010dka Agafia &#8211; 300 ml"}]},{"@type":"WebSite","@id":"https:\/\/www.eko-bio-natura.sk\/shop\/#website","url":"https:\/\/www.eko-bio-natura.sk\/shop\/","name":"EKO-BIO-NATURA BIO OBCHOD","description":"","publisher":{"@id":"https:\/\/www.eko-bio-natura.sk\/shop\/#organization"},"potentialAction":[{"@type":"SearchAction","target":{"@type":"EntryPoint","urlTemplate":"https:\/\/www.eko-bio-natura.sk\/shop\/?s={search_term_string}"},"query-input":{"@type":"PropertyValueSpecification","valueRequired":true,"valueName":"search_term_string"}}],"inLanguage":"sk-SK"},{"@type":"Organization","@id":"https:\/\/www.eko-bio-natura.sk\/shop\/#organization","name":"EKO-BIO-NATURA BIO OBCHOD","url":"https:\/\/www.eko-bio-natura.sk\/shop\/","logo":{"@type":"ImageObject","inLanguage":"sk-SK","@id":"https:\/\/www.eko-bio-natura.sk\/shop\/#\/schema\/logo\/image\/","url":"https:\/\/www.eko-bio-natura.sk\/shop\/wp-content\/uploads\/2021\/04\/eko-bio-natura_logo.png","contentUrl":"https:\/\/www.eko-bio-natura.sk\/shop\/wp-content\/uploads\/2021\/04\/eko-bio-natura_logo.png","width":552,"height":194,"caption":"EKO-BIO-NATURA BIO OBCHOD"},"image":{"@id":"https:\/\/www.eko-bio-natura.sk\/shop\/#\/schema\/logo\/image\/"}}]}},"_links":{"self":[{"href":"https:\/\/www.eko-bio-natura.sk\/shop\/wp-json\/wp\/v2\/product\/7447","targetHints":{"allow":["GET"]}}],"collection":[{"href":"https:\/\/www.eko-bio-natura.sk\/shop\/wp-json\/wp\/v2\/product"}],"about":[{"href":"https:\/\/www.eko-bio-natura.sk\/shop\/wp-json\/wp\/v2\/types\/product"}],"replies":[{"embeddable":true,"href":"https:\/\/www.eko-bio-natura.sk\/shop\/wp-json\/wp\/v2\/comments?post=7447"}],"wp:featuredmedia":[{"embeddable":true,"href":"https:\/\/www.eko-bio-natura.sk\/shop\/wp-json\/wp\/v2\/media\/7448"}],"wp:attachment":[{"href":"https:\/\/www.eko-bio-natura.sk\/shop\/wp-json\/wp\/v2\/media?parent=7447"}],"wp:term":[{"taxonomy":"product_brand","embeddable":true,"href":"https:\/\/www.eko-bio-natura.sk\/shop\/wp-json\/wp\/v2\/product_brand?post=7447"},{"taxonomy":"product_cat","embeddable":true,"href":"https:\/\/www.eko-bio-natura.sk\/shop\/wp-json\/wp\/v2\/product_cat?post=7447"},{"taxonomy":"product_tag","embeddable":true,"href":"https:\/\/www.eko-bio-natura.sk\/shop\/wp-json\/wp\/v2\/product_tag?post=7447"}],"curies":[{"name":"wp","href":"https:\/\/api.w.org\/{rel}","templated":true}]}}