{"id":7441,"date":"2021-12-28T18:08:01","date_gmt":"2021-12-28T17:08:01","guid":{"rendered":"https:\/\/www.eko-bio-natura.sk\/shop\/index.php\/produkt\/sipkovy-sirup-250-ml\/"},"modified":"2021-12-28T18:08:41","modified_gmt":"2021-12-28T17:08:41","slug":"sipkovy-sirup-250-ml","status":"publish","type":"product","link":"https:\/\/www.eko-bio-natura.sk\/shop\/produkt\/sipkovy-sirup-250-ml\/","title":{"rendered":"\u0160\u00edpkov\u00fd sirup &#8211; 250 ml"},"content":{"rendered":"<p class=\"Vchodzie\"><span style=\"font-family: verdana, geneva; font-size: 12pt;\">\u0160\u00edpkov\u00fd sirup <strong>posil\u0148uje imunitn\u00fd syst\u00e9m<\/strong> a z\u00e1sobuje organizmus <strong>vitam\u00ednom C<\/strong>. Pom\u00e1ha pri <strong>detoxik\u00e1cii organizmu<\/strong>, <strong>zni\u017euje cholesterol<\/strong> a zni\u017euje riziko <strong>srdcovo-cievnych ochoren\u00ed.&nbsp;<\/strong><\/span><\/p>\n<p class=\"Vchodzie\"><span style=\"font-size: 12pt; font-family: verdana, geneva;\"><strong><span lang=\"CS\">Akt\u00edvne l\u00e1tky:<\/span><\/strong><\/span><\/p>\n<ul>\n<li class=\"Vchodzie\"><span style=\"font-size: 12pt; font-family: verdana, geneva;\"><strong><span lang=\"CS\">\u0160\u00edpky <\/span><\/strong><span lang=\"CS\">obsahuj\u00fa aj bioflavonid RUT\u00cdN (vitam\u00edn skupiny P), ktor\u00fd posil\u0148uje cievy, potom vitam\u00edny skupiny B, vitam\u00edny E a&nbsp;K, silicu, v\u00fdznamn\u00e9 mno\u017estvo sol\u00ed hor\u010d\u00edka, \u017eelezo, mang\u00e1n, fosfor, v\u00e1pnik a&nbsp;hor\u010d\u00edk. S\u00fa zn\u00e1me predov\u0161etk\u00fdm svoj\u00edm fytoc\u00eddnymi a&nbsp;bakterioc\u00eddnymi \u00fa\u010dinkami.<\/span><\/span><\/li>\n<\/ul>\n<p class=\"Vchodzie\"><span style=\"font-size: 12pt; font-family: verdana, geneva;\"><strong><span lang=\"CS\">Sp\u00f4sob pou\u017eitia<\/span><\/strong><span lang=\"CS\"> : je mo\u017en\u00e9 pod\u00e1va\u0165 do \u010daju, n\u00e1pojov, koktejlov, mlie\u010dn\u00fdch n\u00e1pojov.&nbsp;Denn\u00e1 d\u00e1vka (30 ml) obsahuje 90 mg vitam\u00ednu (112,5 % odpor\u00fa\u010danej dennej d\u00e1vky).<\/span><\/span><\/p>\n<p class=\"Vchodzie\"><span style=\"font-family: verdana, geneva; font-size: 12pt;\"><strong>Upozornenia<\/strong>: Neprekra\u010dujte odpor\u00fa\u010dan\u00fa denn\u00fa d\u00e1vku! V\u00fd\u017eivov\u00fd doplnok nie je n\u00e1hradou plnohodnotnej stravy. Neodpor\u00fa\u010da sa \u013eu\u010fom s cukrovkou a individu\u00e1lnou nezn\u00e1\u0161anlivos\u0165ou na jednotliv\u00e9 zlo\u017eky<\/span><\/p>\n<p class=\"Vchodzie\"><span style=\"font-family: verdana, geneva; font-size: 12pt;\"><strong>Skladovanie:<\/strong>&nbsp;Skladujte pri teplote neprevy\u0161uj\u00facej +25\u00b0C na suchom mieste, mimo dosahu det\u00ed.<\/span><\/p>\n<p class=\"Vchodzie\"><span style=\"font-size: 12pt; font-family: verdana, geneva;\"><strong><span lang=\"CS\"><img decoding=\"async\" src=\"\/user\/documents\/upload\/mceclip0-250.png?1635503910\" \/><\/span><\/strong><\/span><\/p>\n<p class=\"Vchodzie\"><span style=\"font-size: 12pt; font-family: verdana, geneva;\"><strong><span lang=\"CS\"><\/span><\/strong><\/span><span style=\"font-size: 12pt; font-family: verdana, geneva;\"><strong><span lang=\"CS\">Obsah: <\/span><\/strong><span lang=\"CS\">250 ml<\/span><\/span><\/p>\n<p class=\"Vchodzie\"><span style=\"font-size: 12pt; font-family: verdana, geneva;\"><strong><span lang=\"CS\">Krajina p\u00f4vodu<\/span><\/strong><span lang=\"CS\"> : Rusko<\/span><\/span><\/p>\n<p class=\"Vchodzie\"><span style=\"font-family: verdana, geneva;\"><span style=\"font-size: 16px;\">Pre\u010d\u00edtajte si aj \u010dl\u00e1nok o \u0161\u00edpkovom oleji na na\u0161om blogu, <a href=\"http:\/\/blog.herbatica.sk\/sipkovy-olej\/\" target=\"_blank\" rel=\"noopener noreferrer\">viac tu.<\/a>&nbsp;Viete u\u017e v\u0161etko o \u0161\u00edpke? Odborne sa naz\u00fdva Ru\u017ea \u0161\u00edpov\u00e1, \u010do ste o nej e\u0161te nevedeli n\u00e1jdete <a href=\"http:\/\/blog.herbatica.sk\/ruza-sipova\/\" target=\"_blank\" rel=\"noopener noreferrer\">na na\u0161om blogu.<\/a>&nbsp;<\/span><\/span><\/p>\n","protected":false},"excerpt":{"rendered":"<p>\u0160\u00edpkov\u00fd sirup posil\u0148uje imunitn\u00fd syst\u00e9m a z\u00e1sobuje organizmus vitam\u00ednom C. Pom\u00e1ha pri detoxik\u00e1cii organizmu, zni\u017euje cholesterol a zni\u017euje riziko srdcovo-cievnych ochoren\u00ed.&nbsp; Akt\u00edvne l\u00e1tky: \u0160\u00edpky obsahuj\u00fa aj bioflavonid RUT\u00cdN (vitam\u00edn skupiny P), ktor\u00fd posil\u0148uje cievy, potom vitam\u00edny skupiny B, vitam\u00edny E a&nbsp;K, silicu, v\u00fdznamn\u00e9 mno\u017estvo sol\u00ed hor\u010d\u00edka, \u017eelezo, mang\u00e1n, fosfor, v\u00e1pnik a&nbsp;hor\u010d\u00edk. S\u00fa zn\u00e1me predov\u0161etk\u00fdm svoj\u00edm [&hellip;]<\/p>\n","protected":false},"featured_media":7442,"comment_status":"open","ping_status":"open","template":"","meta":{"site-sidebar-layout":"default","site-content-layout":"","ast-site-content-layout":"default","site-content-style":"default","site-sidebar-style":"default","ast-global-header-display":"","ast-banner-title-visibility":"","ast-main-header-display":"","ast-hfb-above-header-display":"","ast-hfb-below-header-display":"","ast-hfb-mobile-header-display":"","site-post-title":"","ast-breadcrumbs-content":"","ast-featured-img":"","footer-sml-layout":"","ast-disable-related-posts":"","theme-transparent-header-meta":"","adv-header-id-meta":"","stick-header-meta":"","header-above-stick-meta":"","header-main-stick-meta":"","header-below-stick-meta":"","astra-migrate-meta-layouts":"default","ast-page-background-enabled":"default","ast-page-background-meta":{"desktop":{"background-color":"","background-image":"","background-repeat":"repeat","background-position":"center center","background-size":"auto","background-attachment":"scroll","background-type":"","background-media":"","overlay-type":"","overlay-color":"","overlay-opacity":"","overlay-gradient":""},"tablet":{"background-color":"","background-image":"","background-repeat":"repeat","background-position":"center center","background-size":"auto","background-attachment":"scroll","background-type":"","background-media":"","overlay-type":"","overlay-color":"","overlay-opacity":"","overlay-gradient":""},"mobile":{"background-color":"","background-image":"","background-repeat":"repeat","background-position":"center center","background-size":"auto","background-attachment":"scroll","background-type":"","background-media":"","overlay-type":"","overlay-color":"","overlay-opacity":"","overlay-gradient":""}},"ast-content-background-meta":{"desktop":{"background-color":"var(--ast-global-color-5)","background-image":"","background-repeat":"repeat","background-position":"center center","background-size":"auto","background-attachment":"scroll","background-type":"","background-media":"","overlay-type":"","overlay-color":"","overlay-opacity":"","overlay-gradient":""},"tablet":{"background-color":"var(--ast-global-color-5)","background-image":"","background-repeat":"repeat","background-position":"center center","background-size":"auto","background-attachment":"scroll","background-type":"","background-media":"","overlay-type":"","overlay-color":"","overlay-opacity":"","overlay-gradient":""},"mobile":{"background-color":"var(--ast-global-color-5)","background-image":"","background-repeat":"repeat","background-position":"center center","background-size":"auto","background-attachment":"scroll","background-type":"","background-media":"","overlay-type":"","overlay-color":"","overlay-opacity":"","overlay-gradient":""}}},"product_brand":[],"product_cat":[203,217,51],"product_tag":[],"class_list":{"0":"post-7441","1":"product","2":"type-product","3":"status-publish","4":"has-post-thumbnail","6":"product_cat-alergia-a-imunita","7":"product_cat-cholesterol-a-obezita","8":"product_cat-cukor-sirupy-a-sladidla","9":"pa_cena-dopravy-367","10":"pa_doprava-zasilkovna","11":"pa_ean-555","12":"pa_typ-partnersky-predaj","13":"desktop-align-left","14":"tablet-align-left","15":"mobile-align-left","17":"first","18":"instock","19":"product-type-external"},"yoast_head":"<!-- This site is optimized with the Yoast SEO plugin v27.2 - https:\/\/yoast.com\/product\/yoast-seo-wordpress\/ -->\n<title>\u0160\u00edpkov\u00fd sirup - 250 ml - EKO-BIO-NATURA BIO OBCHOD<\/title>\n<meta name=\"robots\" content=\"index, follow, max-snippet:-1, max-image-preview:large, max-video-preview:-1\" \/>\n<link rel=\"canonical\" href=\"https:\/\/www.eko-bio-natura.sk\/shop\/produkt\/sipkovy-sirup-250-ml\/\" \/>\n<meta property=\"og:locale\" content=\"sk_SK\" \/>\n<meta property=\"og:type\" content=\"article\" \/>\n<meta property=\"og:title\" content=\"\u0160\u00edpkov\u00fd sirup - 250 ml - EKO-BIO-NATURA BIO OBCHOD\" \/>\n<meta property=\"og:description\" content=\"\u0160\u00edpkov\u00fd sirup posil\u0148uje imunitn\u00fd syst\u00e9m a z\u00e1sobuje organizmus vitam\u00ednom C. Pom\u00e1ha pri detoxik\u00e1cii organizmu, zni\u017euje cholesterol a zni\u017euje riziko srdcovo-cievnych ochoren\u00ed.&nbsp; Akt\u00edvne l\u00e1tky: \u0160\u00edpky obsahuj\u00fa aj bioflavonid RUT\u00cdN (vitam\u00edn skupiny P), ktor\u00fd posil\u0148uje cievy, potom vitam\u00edny skupiny B, vitam\u00edny E a&nbsp;K, silicu, v\u00fdznamn\u00e9 mno\u017estvo sol\u00ed hor\u010d\u00edka, \u017eelezo, mang\u00e1n, fosfor, v\u00e1pnik a&nbsp;hor\u010d\u00edk. S\u00fa zn\u00e1me predov\u0161etk\u00fdm svoj\u00edm [&hellip;]\" \/>\n<meta property=\"og:url\" content=\"https:\/\/www.eko-bio-natura.sk\/shop\/produkt\/sipkovy-sirup-250-ml\/\" \/>\n<meta property=\"og:site_name\" content=\"EKO-BIO-NATURA BIO OBCHOD\" \/>\n<meta property=\"article:modified_time\" content=\"2021-12-28T17:08:41+00:00\" \/>\n<meta property=\"og:image\" content=\"https:\/\/www.eko-bio-natura.sk\/shop\/wp-content\/uploads\/2021\/12\/6525_bc36ea7c445e2be05c2369adcf556333.jpg\" \/>\n\t<meta property=\"og:image:width\" content=\"1024\" \/>\n\t<meta property=\"og:image:height\" content=\"850\" \/>\n\t<meta property=\"og:image:type\" content=\"image\/jpeg\" \/>\n<meta name=\"twitter:card\" content=\"summary_large_image\" \/>\n<meta name=\"twitter:label1\" content=\"Predpokladan\u00fd \u010das \u010d\u00edtania\" \/>\n\t<meta name=\"twitter:data1\" content=\"1 min\u00fata\" \/>\n<script type=\"application\/ld+json\" class=\"yoast-schema-graph\">{\"@context\":\"https:\/\/schema.org\",\"@graph\":[{\"@type\":\"WebPage\",\"@id\":\"https:\/\/www.eko-bio-natura.sk\/shop\/produkt\/sipkovy-sirup-250-ml\/\",\"url\":\"https:\/\/www.eko-bio-natura.sk\/shop\/produkt\/sipkovy-sirup-250-ml\/\",\"name\":\"\u0160\u00edpkov\u00fd sirup - 250 ml - EKO-BIO-NATURA BIO OBCHOD\",\"isPartOf\":{\"@id\":\"https:\/\/www.eko-bio-natura.sk\/shop\/#website\"},\"primaryImageOfPage\":{\"@id\":\"https:\/\/www.eko-bio-natura.sk\/shop\/produkt\/sipkovy-sirup-250-ml\/#primaryimage\"},\"image\":{\"@id\":\"https:\/\/www.eko-bio-natura.sk\/shop\/produkt\/sipkovy-sirup-250-ml\/#primaryimage\"},\"thumbnailUrl\":\"https:\/\/www.eko-bio-natura.sk\/shop\/wp-content\/uploads\/2021\/12\/6525_bc36ea7c445e2be05c2369adcf556333.jpg\",\"datePublished\":\"2021-12-28T17:08:01+00:00\",\"dateModified\":\"2021-12-28T17:08:41+00:00\",\"breadcrumb\":{\"@id\":\"https:\/\/www.eko-bio-natura.sk\/shop\/produkt\/sipkovy-sirup-250-ml\/#breadcrumb\"},\"inLanguage\":\"sk-SK\",\"potentialAction\":[{\"@type\":\"ReadAction\",\"target\":[\"https:\/\/www.eko-bio-natura.sk\/shop\/produkt\/sipkovy-sirup-250-ml\/\"]}]},{\"@type\":\"ImageObject\",\"inLanguage\":\"sk-SK\",\"@id\":\"https:\/\/www.eko-bio-natura.sk\/shop\/produkt\/sipkovy-sirup-250-ml\/#primaryimage\",\"url\":\"https:\/\/www.eko-bio-natura.sk\/shop\/wp-content\/uploads\/2021\/12\/6525_bc36ea7c445e2be05c2369adcf556333.jpg\",\"contentUrl\":\"https:\/\/www.eko-bio-natura.sk\/shop\/wp-content\/uploads\/2021\/12\/6525_bc36ea7c445e2be05c2369adcf556333.jpg\",\"width\":1024,\"height\":850},{\"@type\":\"BreadcrumbList\",\"@id\":\"https:\/\/www.eko-bio-natura.sk\/shop\/produkt\/sipkovy-sirup-250-ml\/#breadcrumb\",\"itemListElement\":[{\"@type\":\"ListItem\",\"position\":1,\"name\":\"Domovsk\u00e1 str\u00e1nka\",\"item\":\"https:\/\/www.eko-bio-natura.sk\/shop\/\"},{\"@type\":\"ListItem\",\"position\":2,\"name\":\"Obchod\",\"item\":\"https:\/\/www.eko-bio-natura.sk\/shop\/?page_id=6\"},{\"@type\":\"ListItem\",\"position\":3,\"name\":\"\u0160\u00edpkov\u00fd sirup &#8211; 250 ml\"}]},{\"@type\":\"WebSite\",\"@id\":\"https:\/\/www.eko-bio-natura.sk\/shop\/#website\",\"url\":\"https:\/\/www.eko-bio-natura.sk\/shop\/\",\"name\":\"EKO-BIO-NATURA BIO OBCHOD\",\"description\":\"\",\"publisher\":{\"@id\":\"https:\/\/www.eko-bio-natura.sk\/shop\/#organization\"},\"potentialAction\":[{\"@type\":\"SearchAction\",\"target\":{\"@type\":\"EntryPoint\",\"urlTemplate\":\"https:\/\/www.eko-bio-natura.sk\/shop\/?s={search_term_string}\"},\"query-input\":{\"@type\":\"PropertyValueSpecification\",\"valueRequired\":true,\"valueName\":\"search_term_string\"}}],\"inLanguage\":\"sk-SK\"},{\"@type\":\"Organization\",\"@id\":\"https:\/\/www.eko-bio-natura.sk\/shop\/#organization\",\"name\":\"EKO-BIO-NATURA BIO OBCHOD\",\"url\":\"https:\/\/www.eko-bio-natura.sk\/shop\/\",\"logo\":{\"@type\":\"ImageObject\",\"inLanguage\":\"sk-SK\",\"@id\":\"https:\/\/www.eko-bio-natura.sk\/shop\/#\/schema\/logo\/image\/\",\"url\":\"https:\/\/www.eko-bio-natura.sk\/shop\/wp-content\/uploads\/2021\/04\/eko-bio-natura_logo.png\",\"contentUrl\":\"https:\/\/www.eko-bio-natura.sk\/shop\/wp-content\/uploads\/2021\/04\/eko-bio-natura_logo.png\",\"width\":552,\"height\":194,\"caption\":\"EKO-BIO-NATURA BIO OBCHOD\"},\"image\":{\"@id\":\"https:\/\/www.eko-bio-natura.sk\/shop\/#\/schema\/logo\/image\/\"}}]}<\/script>\n<!-- \/ Yoast SEO plugin. -->","yoast_head_json":{"title":"\u0160\u00edpkov\u00fd sirup - 250 ml - EKO-BIO-NATURA BIO OBCHOD","robots":{"index":"index","follow":"follow","max-snippet":"max-snippet:-1","max-image-preview":"max-image-preview:large","max-video-preview":"max-video-preview:-1"},"canonical":"https:\/\/www.eko-bio-natura.sk\/shop\/produkt\/sipkovy-sirup-250-ml\/","og_locale":"sk_SK","og_type":"article","og_title":"\u0160\u00edpkov\u00fd sirup - 250 ml - EKO-BIO-NATURA BIO OBCHOD","og_description":"\u0160\u00edpkov\u00fd sirup posil\u0148uje imunitn\u00fd syst\u00e9m a z\u00e1sobuje organizmus vitam\u00ednom C. Pom\u00e1ha pri detoxik\u00e1cii organizmu, zni\u017euje cholesterol a zni\u017euje riziko srdcovo-cievnych ochoren\u00ed.&nbsp; Akt\u00edvne l\u00e1tky: \u0160\u00edpky obsahuj\u00fa aj bioflavonid RUT\u00cdN (vitam\u00edn skupiny P), ktor\u00fd posil\u0148uje cievy, potom vitam\u00edny skupiny B, vitam\u00edny E a&nbsp;K, silicu, v\u00fdznamn\u00e9 mno\u017estvo sol\u00ed hor\u010d\u00edka, \u017eelezo, mang\u00e1n, fosfor, v\u00e1pnik a&nbsp;hor\u010d\u00edk. S\u00fa zn\u00e1me predov\u0161etk\u00fdm svoj\u00edm [&hellip;]","og_url":"https:\/\/www.eko-bio-natura.sk\/shop\/produkt\/sipkovy-sirup-250-ml\/","og_site_name":"EKO-BIO-NATURA BIO OBCHOD","article_modified_time":"2021-12-28T17:08:41+00:00","og_image":[{"width":1024,"height":850,"url":"https:\/\/www.eko-bio-natura.sk\/shop\/wp-content\/uploads\/2021\/12\/6525_bc36ea7c445e2be05c2369adcf556333.jpg","type":"image\/jpeg"}],"twitter_card":"summary_large_image","twitter_misc":{"Predpokladan\u00fd \u010das \u010d\u00edtania":"1 min\u00fata"},"schema":{"@context":"https:\/\/schema.org","@graph":[{"@type":"WebPage","@id":"https:\/\/www.eko-bio-natura.sk\/shop\/produkt\/sipkovy-sirup-250-ml\/","url":"https:\/\/www.eko-bio-natura.sk\/shop\/produkt\/sipkovy-sirup-250-ml\/","name":"\u0160\u00edpkov\u00fd sirup - 250 ml - EKO-BIO-NATURA BIO OBCHOD","isPartOf":{"@id":"https:\/\/www.eko-bio-natura.sk\/shop\/#website"},"primaryImageOfPage":{"@id":"https:\/\/www.eko-bio-natura.sk\/shop\/produkt\/sipkovy-sirup-250-ml\/#primaryimage"},"image":{"@id":"https:\/\/www.eko-bio-natura.sk\/shop\/produkt\/sipkovy-sirup-250-ml\/#primaryimage"},"thumbnailUrl":"https:\/\/www.eko-bio-natura.sk\/shop\/wp-content\/uploads\/2021\/12\/6525_bc36ea7c445e2be05c2369adcf556333.jpg","datePublished":"2021-12-28T17:08:01+00:00","dateModified":"2021-12-28T17:08:41+00:00","breadcrumb":{"@id":"https:\/\/www.eko-bio-natura.sk\/shop\/produkt\/sipkovy-sirup-250-ml\/#breadcrumb"},"inLanguage":"sk-SK","potentialAction":[{"@type":"ReadAction","target":["https:\/\/www.eko-bio-natura.sk\/shop\/produkt\/sipkovy-sirup-250-ml\/"]}]},{"@type":"ImageObject","inLanguage":"sk-SK","@id":"https:\/\/www.eko-bio-natura.sk\/shop\/produkt\/sipkovy-sirup-250-ml\/#primaryimage","url":"https:\/\/www.eko-bio-natura.sk\/shop\/wp-content\/uploads\/2021\/12\/6525_bc36ea7c445e2be05c2369adcf556333.jpg","contentUrl":"https:\/\/www.eko-bio-natura.sk\/shop\/wp-content\/uploads\/2021\/12\/6525_bc36ea7c445e2be05c2369adcf556333.jpg","width":1024,"height":850},{"@type":"BreadcrumbList","@id":"https:\/\/www.eko-bio-natura.sk\/shop\/produkt\/sipkovy-sirup-250-ml\/#breadcrumb","itemListElement":[{"@type":"ListItem","position":1,"name":"Domovsk\u00e1 str\u00e1nka","item":"https:\/\/www.eko-bio-natura.sk\/shop\/"},{"@type":"ListItem","position":2,"name":"Obchod","item":"https:\/\/www.eko-bio-natura.sk\/shop\/?page_id=6"},{"@type":"ListItem","position":3,"name":"\u0160\u00edpkov\u00fd sirup &#8211; 250 ml"}]},{"@type":"WebSite","@id":"https:\/\/www.eko-bio-natura.sk\/shop\/#website","url":"https:\/\/www.eko-bio-natura.sk\/shop\/","name":"EKO-BIO-NATURA BIO OBCHOD","description":"","publisher":{"@id":"https:\/\/www.eko-bio-natura.sk\/shop\/#organization"},"potentialAction":[{"@type":"SearchAction","target":{"@type":"EntryPoint","urlTemplate":"https:\/\/www.eko-bio-natura.sk\/shop\/?s={search_term_string}"},"query-input":{"@type":"PropertyValueSpecification","valueRequired":true,"valueName":"search_term_string"}}],"inLanguage":"sk-SK"},{"@type":"Organization","@id":"https:\/\/www.eko-bio-natura.sk\/shop\/#organization","name":"EKO-BIO-NATURA BIO OBCHOD","url":"https:\/\/www.eko-bio-natura.sk\/shop\/","logo":{"@type":"ImageObject","inLanguage":"sk-SK","@id":"https:\/\/www.eko-bio-natura.sk\/shop\/#\/schema\/logo\/image\/","url":"https:\/\/www.eko-bio-natura.sk\/shop\/wp-content\/uploads\/2021\/04\/eko-bio-natura_logo.png","contentUrl":"https:\/\/www.eko-bio-natura.sk\/shop\/wp-content\/uploads\/2021\/04\/eko-bio-natura_logo.png","width":552,"height":194,"caption":"EKO-BIO-NATURA BIO OBCHOD"},"image":{"@id":"https:\/\/www.eko-bio-natura.sk\/shop\/#\/schema\/logo\/image\/"}}]}},"_links":{"self":[{"href":"https:\/\/www.eko-bio-natura.sk\/shop\/wp-json\/wp\/v2\/product\/7441","targetHints":{"allow":["GET"]}}],"collection":[{"href":"https:\/\/www.eko-bio-natura.sk\/shop\/wp-json\/wp\/v2\/product"}],"about":[{"href":"https:\/\/www.eko-bio-natura.sk\/shop\/wp-json\/wp\/v2\/types\/product"}],"replies":[{"embeddable":true,"href":"https:\/\/www.eko-bio-natura.sk\/shop\/wp-json\/wp\/v2\/comments?post=7441"}],"wp:featuredmedia":[{"embeddable":true,"href":"https:\/\/www.eko-bio-natura.sk\/shop\/wp-json\/wp\/v2\/media\/7442"}],"wp:attachment":[{"href":"https:\/\/www.eko-bio-natura.sk\/shop\/wp-json\/wp\/v2\/media?parent=7441"}],"wp:term":[{"taxonomy":"product_brand","embeddable":true,"href":"https:\/\/www.eko-bio-natura.sk\/shop\/wp-json\/wp\/v2\/product_brand?post=7441"},{"taxonomy":"product_cat","embeddable":true,"href":"https:\/\/www.eko-bio-natura.sk\/shop\/wp-json\/wp\/v2\/product_cat?post=7441"},{"taxonomy":"product_tag","embeddable":true,"href":"https:\/\/www.eko-bio-natura.sk\/shop\/wp-json\/wp\/v2\/product_tag?post=7441"}],"curies":[{"name":"wp","href":"https:\/\/api.w.org\/{rel}","templated":true}]}}