{"id":7426,"date":"2021-12-28T18:07:17","date_gmt":"2021-12-28T17:07:17","guid":{"rendered":"https:\/\/www.eko-bio-natura.sk\/shop\/index.php\/produkt\/rakytnikovy-balzam-pre-slabe-a-poskodene-vlasy-laminace-natura-siberica-400ml\/"},"modified":"2022-05-04T16:39:39","modified_gmt":"2022-05-04T14:39:39","slug":"rakytnikovy-balzam-pre-slabe-a-poskodene-vlasy-laminace-natura-siberica-400ml","status":"publish","type":"product","link":"https:\/\/www.eko-bio-natura.sk\/shop\/produkt\/rakytnikovy-balzam-pre-slabe-a-poskodene-vlasy-laminace-natura-siberica-400ml\/","title":{"rendered":"Rakytn\u00edkov\u00fd balzam pre slab\u00e9 a po\u0161koden\u00e9 vlasy- laminace &#8211; Natura Siberica &#8211; 400ml"},"content":{"rendered":"<p><span style=\"font-family: verdana, geneva; font-size: 12pt;\">Ide\u00e1lny&nbsp;pre starostlivos\u0165&nbsp;o&nbsp;oslaben\u00e9,&nbsp;farben\u00e9,&nbsp;mel\u00edrovan\u00e9&nbsp;vlasy&nbsp;a&nbsp;vlasy&nbsp;po trvalej&nbsp;ondul\u00e1cii.&nbsp;Zace\u013euje&nbsp;povrch vlasov&nbsp;a&nbsp;tvor\u00ed ochrann\u00fa&nbsp;vrstvu, vyhladzuje&nbsp;a&nbsp;vyp\u00edna,&nbsp;u\u013eah\u010duje&nbsp;roz\u010des\u00e1vanie.&nbsp;V\u010faka&nbsp;obsahu&nbsp;vitam\u00ednov&nbsp;a&nbsp;aminokysel\u00edn,&nbsp;vy\u017eivuje&nbsp;a&nbsp;regeneruje&nbsp;vlasy. Altajsk\u00fd&nbsp;rakytn\u00edk&nbsp;je&nbsp;sl\u00e1vna&nbsp;sib\u00edrska&nbsp;bobu\u013ea&nbsp;(tie\u017e&nbsp;zn\u00e1my&nbsp;ako&nbsp;Altajsk\u00fd&nbsp;rakytn\u00edk&nbsp;re\u0161etliakov\u00fd)&nbsp;pou\u017e\u00edvan\u00e1&nbsp;obyvate\u013emi&nbsp;Sib\u00edra&nbsp;po&nbsp;st\u00e1ro\u010dia na posilnenie nielen vlasov, ale&nbsp;o\u017eivenia&nbsp;poko\u017eky&nbsp;a&nbsp;dokonca aj k&nbsp;hojeniu&nbsp;r\u00e1n.<\/span><\/p>\n<p><span style=\"font-family: verdana, geneva; font-size: 12pt;\"><strong>Sp\u00f4sob pou\u017eitia:<\/strong> naneste&nbsp;mal\u00e9&nbsp;mno\u017estvo&nbsp;kondicion\u00e9ru&nbsp;na&nbsp;\u010dist\u00e9&nbsp;vlhk\u00e9&nbsp;vlasy po&nbsp;umyt\u00ed&nbsp;\u0161amp\u00f3nom,&nbsp;rovnomerne od&nbsp;korienkov&nbsp;ku kon\u010dekom, nechajte&nbsp;3-4&nbsp;min\u00faty p\u00f4sobi\u0165&nbsp;a&nbsp;opl\u00e1chnite.&nbsp;<\/span><\/p>\n<p><span style=\"font-family: verdana, geneva; font-size: 12pt;\"><strong>Upozornenie:<\/strong> Vyh\u00fdbajte sa kontaktu s&nbsp;o\u010dami. Skladujte mimo dosahu det\u00ed.<\/span><\/p>\n<p><span style=\"font-family: verdana, geneva; font-size: 12pt;\"><strong>Objem:<\/strong> 400ml<\/span><\/p>\n<p><span style=\"font-family: verdana, geneva; font-size: 12pt;\"><strong>Krajina p\u00f4vodu:<\/strong> EU<\/span><\/p>\n<p><span style=\"font-family: verdana, geneva; font-size: 12pt;\"><strong>Zlo\u017eenie:&nbsp;<\/strong>Aqua, Cetearyl Alcohol, Bis-Cetearyl Amodimethicone, Cyclopentasiloxane, Glyceryl Stearate, Cetrimonium Chloride, Panthenol, Behentrimonium Chloride,&nbsp; Lauryl Glucoside, Phospholipids, Glycine Soja (Soybean) Oil, Glycolipids, Glycine Soja (Soybean) Sterols, Polyquatemium-37, Hippophae Rhamnoides Fruit Oil*, Argania Spinosa Kemel Oil*, Linum Usitatissimum (Linseed) Seed Oil*, Abies Sibirica Needle ExtractWH, Cetraria Nivalis ExtractWH, Diplazium Sibiricum ExtractWH, Rhodiola Rosea Root ExtractWH, Pinus Pumila Needle ExtractWH, Hydrolyzed Wheat Protein, Sodium PCA, Sodium Lactate, Arginine, Asparctic Acid, PCA, Glycine, Alanine, Serine, Valine, Proline, Theronine, Isoleucine, Histidine, Phenylalanine, Retinyl Palmitate, Sodium Ascorbyl Phosphate, Tocopherol, Biotin, Folic Acid, Cyanocobalamin, Niacinamide, Pantothenic Acid, Pyridoxine, Riboflavin, Thiamine, Yeast Polypeptides, Hippophae Rhamnoidesamidopropyl BetaineHR, Pineamidopropyl BetainePS, Glycerin, Cetrimonium Bromide, Benzyl Alcohol, Benzoic Acid, Sorbic Acid, Citric Acid, Parfum, CI 15985, CI 19140<\/span><\/p>\n<p><span style=\"font-family: verdana, geneva; font-size: 12pt;\"><strong><span style=\"font-family: verdana, geneva;\">Kozmetika spolo\u010dnosti Natura Siberica netestuje svoje produkty na zvierat\u00e1ch. Viac inform\u00e1ci\u00ed n\u00e1jdete v <a href=\"http:\/\/www.herbatica.sk\/certifikaty_produktov\/\" target=\"_blank\" rel=\"noopener noreferrer\">\u010dasti Certifik\u00e1ty.<\/a><\/span><\/strong><\/span><\/p>\n","protected":false},"excerpt":{"rendered":"<p>Ide\u00e1lny&nbsp;pre starostlivos\u0165&nbsp;o&nbsp;oslaben\u00e9,&nbsp;farben\u00e9,&nbsp;mel\u00edrovan\u00e9&nbsp;vlasy&nbsp;a&nbsp;vlasy&nbsp;po trvalej&nbsp;ondul\u00e1cii.&nbsp;Zace\u013euje&nbsp;povrch vlasov&nbsp;a&nbsp;tvor\u00ed ochrann\u00fa&nbsp;vrstvu, vyhladzuje&nbsp;a&nbsp;vyp\u00edna,&nbsp;u\u013eah\u010duje&nbsp;roz\u010des\u00e1vanie.&nbsp;V\u010faka&nbsp;obsahu&nbsp;vitam\u00ednov&nbsp;a&nbsp;aminokysel\u00edn,&nbsp;vy\u017eivuje&nbsp;a&nbsp;regeneruje&nbsp;vlasy. Altajsk\u00fd&nbsp;rakytn\u00edk&nbsp;je&nbsp;sl\u00e1vna&nbsp;sib\u00edrska&nbsp;bobu\u013ea&nbsp;(tie\u017e&nbsp;zn\u00e1my&nbsp;ako&nbsp;Altajsk\u00fd&nbsp;rakytn\u00edk&nbsp;re\u0161etliakov\u00fd)&nbsp;pou\u017e\u00edvan\u00e1&nbsp;obyvate\u013emi&nbsp;Sib\u00edra&nbsp;po&nbsp;st\u00e1ro\u010dia na posilnenie nielen vlasov, ale&nbsp;o\u017eivenia&nbsp;poko\u017eky&nbsp;a&nbsp;dokonca aj k&nbsp;hojeniu&nbsp;r\u00e1n. Sp\u00f4sob pou\u017eitia: naneste&nbsp;mal\u00e9&nbsp;mno\u017estvo&nbsp;kondicion\u00e9ru&nbsp;na&nbsp;\u010dist\u00e9&nbsp;vlhk\u00e9&nbsp;vlasy po&nbsp;umyt\u00ed&nbsp;\u0161amp\u00f3nom,&nbsp;rovnomerne od&nbsp;korienkov&nbsp;ku kon\u010dekom, nechajte&nbsp;3-4&nbsp;min\u00faty p\u00f4sobi\u0165&nbsp;a&nbsp;opl\u00e1chnite.&nbsp; Upozornenie: Vyh\u00fdbajte sa kontaktu s&nbsp;o\u010dami. Skladujte mimo dosahu det\u00ed. Objem: 400ml Krajina p\u00f4vodu: EU Zlo\u017eenie:&nbsp;Aqua, Cetearyl Alcohol, Bis-Cetearyl Amodimethicone, Cyclopentasiloxane, Glyceryl Stearate, Cetrimonium Chloride, Panthenol, Behentrimonium Chloride,&nbsp; Lauryl Glucoside, Phospholipids, Glycine Soja (Soybean) [&hellip;]<\/p>\n","protected":false},"featured_media":7427,"comment_status":"open","ping_status":"open","template":"","meta":{"site-sidebar-layout":"default","site-content-layout":"","ast-site-content-layout":"default","site-content-style":"default","site-sidebar-style":"default","ast-global-header-display":"","ast-banner-title-visibility":"","ast-main-header-display":"","ast-hfb-above-header-display":"","ast-hfb-below-header-display":"","ast-hfb-mobile-header-display":"","site-post-title":"","ast-breadcrumbs-content":"","ast-featured-img":"","footer-sml-layout":"","ast-disable-related-posts":"","theme-transparent-header-meta":"","adv-header-id-meta":"","stick-header-meta":"","header-above-stick-meta":"","header-main-stick-meta":"","header-below-stick-meta":"","astra-migrate-meta-layouts":"default","ast-page-background-enabled":"default","ast-page-background-meta":{"desktop":{"background-color":"","background-image":"","background-repeat":"repeat","background-position":"center center","background-size":"auto","background-attachment":"scroll","background-type":"","background-media":"","overlay-type":"","overlay-color":"","overlay-opacity":"","overlay-gradient":""},"tablet":{"background-color":"","background-image":"","background-repeat":"repeat","background-position":"center center","background-size":"auto","background-attachment":"scroll","background-type":"","background-media":"","overlay-type":"","overlay-color":"","overlay-opacity":"","overlay-gradient":""},"mobile":{"background-color":"","background-image":"","background-repeat":"repeat","background-position":"center center","background-size":"auto","background-attachment":"scroll","background-type":"","background-media":"","overlay-type":"","overlay-color":"","overlay-opacity":"","overlay-gradient":""}},"ast-content-background-meta":{"desktop":{"background-color":"var(--ast-global-color-5)","background-image":"","background-repeat":"repeat","background-position":"center center","background-size":"auto","background-attachment":"scroll","background-type":"","background-media":"","overlay-type":"","overlay-color":"","overlay-opacity":"","overlay-gradient":""},"tablet":{"background-color":"var(--ast-global-color-5)","background-image":"","background-repeat":"repeat","background-position":"center center","background-size":"auto","background-attachment":"scroll","background-type":"","background-media":"","overlay-type":"","overlay-color":"","overlay-opacity":"","overlay-gradient":""},"mobile":{"background-color":"var(--ast-global-color-5)","background-image":"","background-repeat":"repeat","background-position":"center center","background-size":"auto","background-attachment":"scroll","background-type":"","background-media":"","overlay-type":"","overlay-color":"","overlay-opacity":"","overlay-gradient":""}}},"product_brand":[],"product_cat":[19,187,30],"product_tag":[],"class_list":{"0":"post-7426","1":"product","2":"type-product","3":"status-publish","4":"has-post-thumbnail","6":"product_cat-prirodna-kozmetika","7":"product_cat-tradicna-ruska-medicina","8":"product_cat-vlasova-kozmetika","9":"pa_cena-dopravy-367","10":"pa_doprava-zasilkovna","11":"pa_ean-524","12":"pa_typ-partnersky-predaj","13":"pa_znacka-natura-siberica","14":"desktop-align-left","15":"tablet-align-left","16":"mobile-align-left","18":"first","19":"instock","20":"product-type-external"},"yoast_head":"<!-- This site is optimized with the Yoast SEO plugin v27.2 - https:\/\/yoast.com\/product\/yoast-seo-wordpress\/ -->\n<title>Rakytn\u00edkov\u00fd balzam pre slab\u00e9 a po\u0161koden\u00e9 vlasy- laminace - Natura Siberica - 400ml - EKO-BIO-NATURA BIO OBCHOD<\/title>\n<meta name=\"robots\" content=\"index, follow, max-snippet:-1, max-image-preview:large, max-video-preview:-1\" \/>\n<link rel=\"canonical\" href=\"https:\/\/www.eko-bio-natura.sk\/shop\/produkt\/rakytnikovy-balzam-pre-slabe-a-poskodene-vlasy-laminace-natura-siberica-400ml\/\" \/>\n<meta property=\"og:locale\" content=\"sk_SK\" \/>\n<meta property=\"og:type\" content=\"article\" \/>\n<meta property=\"og:title\" content=\"Rakytn\u00edkov\u00fd balzam pre slab\u00e9 a po\u0161koden\u00e9 vlasy- laminace - Natura Siberica - 400ml - EKO-BIO-NATURA BIO OBCHOD\" \/>\n<meta property=\"og:description\" content=\"Ide\u00e1lny&nbsp;pre starostlivos\u0165&nbsp;o&nbsp;oslaben\u00e9,&nbsp;farben\u00e9,&nbsp;mel\u00edrovan\u00e9&nbsp;vlasy&nbsp;a&nbsp;vlasy&nbsp;po trvalej&nbsp;ondul\u00e1cii.&nbsp;Zace\u013euje&nbsp;povrch vlasov&nbsp;a&nbsp;tvor\u00ed ochrann\u00fa&nbsp;vrstvu, vyhladzuje&nbsp;a&nbsp;vyp\u00edna,&nbsp;u\u013eah\u010duje&nbsp;roz\u010des\u00e1vanie.&nbsp;V\u010faka&nbsp;obsahu&nbsp;vitam\u00ednov&nbsp;a&nbsp;aminokysel\u00edn,&nbsp;vy\u017eivuje&nbsp;a&nbsp;regeneruje&nbsp;vlasy. Altajsk\u00fd&nbsp;rakytn\u00edk&nbsp;je&nbsp;sl\u00e1vna&nbsp;sib\u00edrska&nbsp;bobu\u013ea&nbsp;(tie\u017e&nbsp;zn\u00e1my&nbsp;ako&nbsp;Altajsk\u00fd&nbsp;rakytn\u00edk&nbsp;re\u0161etliakov\u00fd)&nbsp;pou\u017e\u00edvan\u00e1&nbsp;obyvate\u013emi&nbsp;Sib\u00edra&nbsp;po&nbsp;st\u00e1ro\u010dia na posilnenie nielen vlasov, ale&nbsp;o\u017eivenia&nbsp;poko\u017eky&nbsp;a&nbsp;dokonca aj k&nbsp;hojeniu&nbsp;r\u00e1n. Sp\u00f4sob pou\u017eitia: naneste&nbsp;mal\u00e9&nbsp;mno\u017estvo&nbsp;kondicion\u00e9ru&nbsp;na&nbsp;\u010dist\u00e9&nbsp;vlhk\u00e9&nbsp;vlasy po&nbsp;umyt\u00ed&nbsp;\u0161amp\u00f3nom,&nbsp;rovnomerne od&nbsp;korienkov&nbsp;ku kon\u010dekom, nechajte&nbsp;3-4&nbsp;min\u00faty p\u00f4sobi\u0165&nbsp;a&nbsp;opl\u00e1chnite.&nbsp; Upozornenie: Vyh\u00fdbajte sa kontaktu s&nbsp;o\u010dami. Skladujte mimo dosahu det\u00ed. Objem: 400ml Krajina p\u00f4vodu: EU Zlo\u017eenie:&nbsp;Aqua, Cetearyl Alcohol, Bis-Cetearyl Amodimethicone, Cyclopentasiloxane, Glyceryl Stearate, Cetrimonium Chloride, Panthenol, Behentrimonium Chloride,&nbsp; Lauryl Glucoside, Phospholipids, Glycine Soja (Soybean) [&hellip;]\" \/>\n<meta property=\"og:url\" content=\"https:\/\/www.eko-bio-natura.sk\/shop\/produkt\/rakytnikovy-balzam-pre-slabe-a-poskodene-vlasy-laminace-natura-siberica-400ml\/\" \/>\n<meta property=\"og:site_name\" content=\"EKO-BIO-NATURA BIO OBCHOD\" \/>\n<meta property=\"article:modified_time\" content=\"2022-05-04T14:39:39+00:00\" \/>\n<meta property=\"og:image\" content=\"https:\/\/www.eko-bio-natura.sk\/shop\/wp-content\/uploads\/2021\/12\/5520-2_rakytnikovy-balzam-pre-slabe-a-poskodene-vlasy-laminace-natura-siberica-400ml-scaled.jpg\" \/>\n\t<meta property=\"og:image:width\" content=\"1952\" \/>\n\t<meta property=\"og:image:height\" content=\"2560\" \/>\n\t<meta property=\"og:image:type\" content=\"image\/jpeg\" \/>\n<meta name=\"twitter:card\" content=\"summary_large_image\" \/>\n<meta name=\"twitter:label1\" content=\"Predpokladan\u00fd \u010das \u010d\u00edtania\" \/>\n\t<meta name=\"twitter:data1\" content=\"2 min\u00faty\" \/>\n<script type=\"application\/ld+json\" class=\"yoast-schema-graph\">{\"@context\":\"https:\/\/schema.org\",\"@graph\":[{\"@type\":\"WebPage\",\"@id\":\"https:\/\/www.eko-bio-natura.sk\/shop\/produkt\/rakytnikovy-balzam-pre-slabe-a-poskodene-vlasy-laminace-natura-siberica-400ml\/\",\"url\":\"https:\/\/www.eko-bio-natura.sk\/shop\/produkt\/rakytnikovy-balzam-pre-slabe-a-poskodene-vlasy-laminace-natura-siberica-400ml\/\",\"name\":\"Rakytn\u00edkov\u00fd balzam pre slab\u00e9 a po\u0161koden\u00e9 vlasy- laminace - Natura Siberica - 400ml - EKO-BIO-NATURA BIO OBCHOD\",\"isPartOf\":{\"@id\":\"https:\/\/www.eko-bio-natura.sk\/shop\/#website\"},\"primaryImageOfPage\":{\"@id\":\"https:\/\/www.eko-bio-natura.sk\/shop\/produkt\/rakytnikovy-balzam-pre-slabe-a-poskodene-vlasy-laminace-natura-siberica-400ml\/#primaryimage\"},\"image\":{\"@id\":\"https:\/\/www.eko-bio-natura.sk\/shop\/produkt\/rakytnikovy-balzam-pre-slabe-a-poskodene-vlasy-laminace-natura-siberica-400ml\/#primaryimage\"},\"thumbnailUrl\":\"https:\/\/www.eko-bio-natura.sk\/shop\/wp-content\/uploads\/2021\/12\/5520-2_rakytnikovy-balzam-pre-slabe-a-poskodene-vlasy-laminace-natura-siberica-400ml-scaled.jpg\",\"datePublished\":\"2021-12-28T17:07:17+00:00\",\"dateModified\":\"2022-05-04T14:39:39+00:00\",\"breadcrumb\":{\"@id\":\"https:\/\/www.eko-bio-natura.sk\/shop\/produkt\/rakytnikovy-balzam-pre-slabe-a-poskodene-vlasy-laminace-natura-siberica-400ml\/#breadcrumb\"},\"inLanguage\":\"sk-SK\",\"potentialAction\":[{\"@type\":\"ReadAction\",\"target\":[\"https:\/\/www.eko-bio-natura.sk\/shop\/produkt\/rakytnikovy-balzam-pre-slabe-a-poskodene-vlasy-laminace-natura-siberica-400ml\/\"]}]},{\"@type\":\"ImageObject\",\"inLanguage\":\"sk-SK\",\"@id\":\"https:\/\/www.eko-bio-natura.sk\/shop\/produkt\/rakytnikovy-balzam-pre-slabe-a-poskodene-vlasy-laminace-natura-siberica-400ml\/#primaryimage\",\"url\":\"https:\/\/www.eko-bio-natura.sk\/shop\/wp-content\/uploads\/2021\/12\/5520-2_rakytnikovy-balzam-pre-slabe-a-poskodene-vlasy-laminace-natura-siberica-400ml-scaled.jpg\",\"contentUrl\":\"https:\/\/www.eko-bio-natura.sk\/shop\/wp-content\/uploads\/2021\/12\/5520-2_rakytnikovy-balzam-pre-slabe-a-poskodene-vlasy-laminace-natura-siberica-400ml-scaled.jpg\",\"width\":1952,\"height\":2560},{\"@type\":\"BreadcrumbList\",\"@id\":\"https:\/\/www.eko-bio-natura.sk\/shop\/produkt\/rakytnikovy-balzam-pre-slabe-a-poskodene-vlasy-laminace-natura-siberica-400ml\/#breadcrumb\",\"itemListElement\":[{\"@type\":\"ListItem\",\"position\":1,\"name\":\"Domovsk\u00e1 str\u00e1nka\",\"item\":\"https:\/\/www.eko-bio-natura.sk\/shop\/\"},{\"@type\":\"ListItem\",\"position\":2,\"name\":\"Obchod\",\"item\":\"https:\/\/www.eko-bio-natura.sk\/shop\/?page_id=6\"},{\"@type\":\"ListItem\",\"position\":3,\"name\":\"Rakytn\u00edkov\u00fd balzam pre slab\u00e9 a po\u0161koden\u00e9 vlasy- laminace &#8211; Natura Siberica &#8211; 400ml\"}]},{\"@type\":\"WebSite\",\"@id\":\"https:\/\/www.eko-bio-natura.sk\/shop\/#website\",\"url\":\"https:\/\/www.eko-bio-natura.sk\/shop\/\",\"name\":\"EKO-BIO-NATURA BIO OBCHOD\",\"description\":\"\",\"publisher\":{\"@id\":\"https:\/\/www.eko-bio-natura.sk\/shop\/#organization\"},\"potentialAction\":[{\"@type\":\"SearchAction\",\"target\":{\"@type\":\"EntryPoint\",\"urlTemplate\":\"https:\/\/www.eko-bio-natura.sk\/shop\/?s={search_term_string}\"},\"query-input\":{\"@type\":\"PropertyValueSpecification\",\"valueRequired\":true,\"valueName\":\"search_term_string\"}}],\"inLanguage\":\"sk-SK\"},{\"@type\":\"Organization\",\"@id\":\"https:\/\/www.eko-bio-natura.sk\/shop\/#organization\",\"name\":\"EKO-BIO-NATURA BIO OBCHOD\",\"url\":\"https:\/\/www.eko-bio-natura.sk\/shop\/\",\"logo\":{\"@type\":\"ImageObject\",\"inLanguage\":\"sk-SK\",\"@id\":\"https:\/\/www.eko-bio-natura.sk\/shop\/#\/schema\/logo\/image\/\",\"url\":\"https:\/\/www.eko-bio-natura.sk\/shop\/wp-content\/uploads\/2021\/04\/eko-bio-natura_logo.png\",\"contentUrl\":\"https:\/\/www.eko-bio-natura.sk\/shop\/wp-content\/uploads\/2021\/04\/eko-bio-natura_logo.png\",\"width\":552,\"height\":194,\"caption\":\"EKO-BIO-NATURA BIO OBCHOD\"},\"image\":{\"@id\":\"https:\/\/www.eko-bio-natura.sk\/shop\/#\/schema\/logo\/image\/\"}}]}<\/script>\n<!-- \/ Yoast SEO plugin. -->","yoast_head_json":{"title":"Rakytn\u00edkov\u00fd balzam pre slab\u00e9 a po\u0161koden\u00e9 vlasy- laminace - Natura Siberica - 400ml - EKO-BIO-NATURA BIO OBCHOD","robots":{"index":"index","follow":"follow","max-snippet":"max-snippet:-1","max-image-preview":"max-image-preview:large","max-video-preview":"max-video-preview:-1"},"canonical":"https:\/\/www.eko-bio-natura.sk\/shop\/produkt\/rakytnikovy-balzam-pre-slabe-a-poskodene-vlasy-laminace-natura-siberica-400ml\/","og_locale":"sk_SK","og_type":"article","og_title":"Rakytn\u00edkov\u00fd balzam pre slab\u00e9 a po\u0161koden\u00e9 vlasy- laminace - Natura Siberica - 400ml - EKO-BIO-NATURA BIO OBCHOD","og_description":"Ide\u00e1lny&nbsp;pre starostlivos\u0165&nbsp;o&nbsp;oslaben\u00e9,&nbsp;farben\u00e9,&nbsp;mel\u00edrovan\u00e9&nbsp;vlasy&nbsp;a&nbsp;vlasy&nbsp;po trvalej&nbsp;ondul\u00e1cii.&nbsp;Zace\u013euje&nbsp;povrch vlasov&nbsp;a&nbsp;tvor\u00ed ochrann\u00fa&nbsp;vrstvu, vyhladzuje&nbsp;a&nbsp;vyp\u00edna,&nbsp;u\u013eah\u010duje&nbsp;roz\u010des\u00e1vanie.&nbsp;V\u010faka&nbsp;obsahu&nbsp;vitam\u00ednov&nbsp;a&nbsp;aminokysel\u00edn,&nbsp;vy\u017eivuje&nbsp;a&nbsp;regeneruje&nbsp;vlasy. Altajsk\u00fd&nbsp;rakytn\u00edk&nbsp;je&nbsp;sl\u00e1vna&nbsp;sib\u00edrska&nbsp;bobu\u013ea&nbsp;(tie\u017e&nbsp;zn\u00e1my&nbsp;ako&nbsp;Altajsk\u00fd&nbsp;rakytn\u00edk&nbsp;re\u0161etliakov\u00fd)&nbsp;pou\u017e\u00edvan\u00e1&nbsp;obyvate\u013emi&nbsp;Sib\u00edra&nbsp;po&nbsp;st\u00e1ro\u010dia na posilnenie nielen vlasov, ale&nbsp;o\u017eivenia&nbsp;poko\u017eky&nbsp;a&nbsp;dokonca aj k&nbsp;hojeniu&nbsp;r\u00e1n. Sp\u00f4sob pou\u017eitia: naneste&nbsp;mal\u00e9&nbsp;mno\u017estvo&nbsp;kondicion\u00e9ru&nbsp;na&nbsp;\u010dist\u00e9&nbsp;vlhk\u00e9&nbsp;vlasy po&nbsp;umyt\u00ed&nbsp;\u0161amp\u00f3nom,&nbsp;rovnomerne od&nbsp;korienkov&nbsp;ku kon\u010dekom, nechajte&nbsp;3-4&nbsp;min\u00faty p\u00f4sobi\u0165&nbsp;a&nbsp;opl\u00e1chnite.&nbsp; Upozornenie: Vyh\u00fdbajte sa kontaktu s&nbsp;o\u010dami. Skladujte mimo dosahu det\u00ed. Objem: 400ml Krajina p\u00f4vodu: EU Zlo\u017eenie:&nbsp;Aqua, Cetearyl Alcohol, Bis-Cetearyl Amodimethicone, Cyclopentasiloxane, Glyceryl Stearate, Cetrimonium Chloride, Panthenol, Behentrimonium Chloride,&nbsp; Lauryl Glucoside, Phospholipids, Glycine Soja (Soybean) [&hellip;]","og_url":"https:\/\/www.eko-bio-natura.sk\/shop\/produkt\/rakytnikovy-balzam-pre-slabe-a-poskodene-vlasy-laminace-natura-siberica-400ml\/","og_site_name":"EKO-BIO-NATURA BIO OBCHOD","article_modified_time":"2022-05-04T14:39:39+00:00","og_image":[{"width":1952,"height":2560,"url":"https:\/\/www.eko-bio-natura.sk\/shop\/wp-content\/uploads\/2021\/12\/5520-2_rakytnikovy-balzam-pre-slabe-a-poskodene-vlasy-laminace-natura-siberica-400ml-scaled.jpg","type":"image\/jpeg"}],"twitter_card":"summary_large_image","twitter_misc":{"Predpokladan\u00fd \u010das \u010d\u00edtania":"2 min\u00faty"},"schema":{"@context":"https:\/\/schema.org","@graph":[{"@type":"WebPage","@id":"https:\/\/www.eko-bio-natura.sk\/shop\/produkt\/rakytnikovy-balzam-pre-slabe-a-poskodene-vlasy-laminace-natura-siberica-400ml\/","url":"https:\/\/www.eko-bio-natura.sk\/shop\/produkt\/rakytnikovy-balzam-pre-slabe-a-poskodene-vlasy-laminace-natura-siberica-400ml\/","name":"Rakytn\u00edkov\u00fd balzam pre slab\u00e9 a po\u0161koden\u00e9 vlasy- laminace - Natura Siberica - 400ml - EKO-BIO-NATURA BIO OBCHOD","isPartOf":{"@id":"https:\/\/www.eko-bio-natura.sk\/shop\/#website"},"primaryImageOfPage":{"@id":"https:\/\/www.eko-bio-natura.sk\/shop\/produkt\/rakytnikovy-balzam-pre-slabe-a-poskodene-vlasy-laminace-natura-siberica-400ml\/#primaryimage"},"image":{"@id":"https:\/\/www.eko-bio-natura.sk\/shop\/produkt\/rakytnikovy-balzam-pre-slabe-a-poskodene-vlasy-laminace-natura-siberica-400ml\/#primaryimage"},"thumbnailUrl":"https:\/\/www.eko-bio-natura.sk\/shop\/wp-content\/uploads\/2021\/12\/5520-2_rakytnikovy-balzam-pre-slabe-a-poskodene-vlasy-laminace-natura-siberica-400ml-scaled.jpg","datePublished":"2021-12-28T17:07:17+00:00","dateModified":"2022-05-04T14:39:39+00:00","breadcrumb":{"@id":"https:\/\/www.eko-bio-natura.sk\/shop\/produkt\/rakytnikovy-balzam-pre-slabe-a-poskodene-vlasy-laminace-natura-siberica-400ml\/#breadcrumb"},"inLanguage":"sk-SK","potentialAction":[{"@type":"ReadAction","target":["https:\/\/www.eko-bio-natura.sk\/shop\/produkt\/rakytnikovy-balzam-pre-slabe-a-poskodene-vlasy-laminace-natura-siberica-400ml\/"]}]},{"@type":"ImageObject","inLanguage":"sk-SK","@id":"https:\/\/www.eko-bio-natura.sk\/shop\/produkt\/rakytnikovy-balzam-pre-slabe-a-poskodene-vlasy-laminace-natura-siberica-400ml\/#primaryimage","url":"https:\/\/www.eko-bio-natura.sk\/shop\/wp-content\/uploads\/2021\/12\/5520-2_rakytnikovy-balzam-pre-slabe-a-poskodene-vlasy-laminace-natura-siberica-400ml-scaled.jpg","contentUrl":"https:\/\/www.eko-bio-natura.sk\/shop\/wp-content\/uploads\/2021\/12\/5520-2_rakytnikovy-balzam-pre-slabe-a-poskodene-vlasy-laminace-natura-siberica-400ml-scaled.jpg","width":1952,"height":2560},{"@type":"BreadcrumbList","@id":"https:\/\/www.eko-bio-natura.sk\/shop\/produkt\/rakytnikovy-balzam-pre-slabe-a-poskodene-vlasy-laminace-natura-siberica-400ml\/#breadcrumb","itemListElement":[{"@type":"ListItem","position":1,"name":"Domovsk\u00e1 str\u00e1nka","item":"https:\/\/www.eko-bio-natura.sk\/shop\/"},{"@type":"ListItem","position":2,"name":"Obchod","item":"https:\/\/www.eko-bio-natura.sk\/shop\/?page_id=6"},{"@type":"ListItem","position":3,"name":"Rakytn\u00edkov\u00fd balzam pre slab\u00e9 a po\u0161koden\u00e9 vlasy- laminace &#8211; Natura Siberica &#8211; 400ml"}]},{"@type":"WebSite","@id":"https:\/\/www.eko-bio-natura.sk\/shop\/#website","url":"https:\/\/www.eko-bio-natura.sk\/shop\/","name":"EKO-BIO-NATURA BIO OBCHOD","description":"","publisher":{"@id":"https:\/\/www.eko-bio-natura.sk\/shop\/#organization"},"potentialAction":[{"@type":"SearchAction","target":{"@type":"EntryPoint","urlTemplate":"https:\/\/www.eko-bio-natura.sk\/shop\/?s={search_term_string}"},"query-input":{"@type":"PropertyValueSpecification","valueRequired":true,"valueName":"search_term_string"}}],"inLanguage":"sk-SK"},{"@type":"Organization","@id":"https:\/\/www.eko-bio-natura.sk\/shop\/#organization","name":"EKO-BIO-NATURA BIO OBCHOD","url":"https:\/\/www.eko-bio-natura.sk\/shop\/","logo":{"@type":"ImageObject","inLanguage":"sk-SK","@id":"https:\/\/www.eko-bio-natura.sk\/shop\/#\/schema\/logo\/image\/","url":"https:\/\/www.eko-bio-natura.sk\/shop\/wp-content\/uploads\/2021\/04\/eko-bio-natura_logo.png","contentUrl":"https:\/\/www.eko-bio-natura.sk\/shop\/wp-content\/uploads\/2021\/04\/eko-bio-natura_logo.png","width":552,"height":194,"caption":"EKO-BIO-NATURA BIO OBCHOD"},"image":{"@id":"https:\/\/www.eko-bio-natura.sk\/shop\/#\/schema\/logo\/image\/"}}]}},"_links":{"self":[{"href":"https:\/\/www.eko-bio-natura.sk\/shop\/wp-json\/wp\/v2\/product\/7426","targetHints":{"allow":["GET"]}}],"collection":[{"href":"https:\/\/www.eko-bio-natura.sk\/shop\/wp-json\/wp\/v2\/product"}],"about":[{"href":"https:\/\/www.eko-bio-natura.sk\/shop\/wp-json\/wp\/v2\/types\/product"}],"replies":[{"embeddable":true,"href":"https:\/\/www.eko-bio-natura.sk\/shop\/wp-json\/wp\/v2\/comments?post=7426"}],"wp:featuredmedia":[{"embeddable":true,"href":"https:\/\/www.eko-bio-natura.sk\/shop\/wp-json\/wp\/v2\/media\/7427"}],"wp:attachment":[{"href":"https:\/\/www.eko-bio-natura.sk\/shop\/wp-json\/wp\/v2\/media?parent=7426"}],"wp:term":[{"taxonomy":"product_brand","embeddable":true,"href":"https:\/\/www.eko-bio-natura.sk\/shop\/wp-json\/wp\/v2\/product_brand?post=7426"},{"taxonomy":"product_cat","embeddable":true,"href":"https:\/\/www.eko-bio-natura.sk\/shop\/wp-json\/wp\/v2\/product_cat?post=7426"},{"taxonomy":"product_tag","embeddable":true,"href":"https:\/\/www.eko-bio-natura.sk\/shop\/wp-json\/wp\/v2\/product_tag?post=7426"}],"curies":[{"name":"wp","href":"https:\/\/api.w.org\/{rel}","templated":true}]}}