{"id":7417,"date":"2021-12-28T18:07:17","date_gmt":"2021-12-28T17:07:17","guid":{"rendered":"https:\/\/www.eko-bio-natura.sk\/shop\/index.php\/produkt\/caj-salvia-firma-kima-20x-15g-hmotnost-50-g\/"},"modified":"2022-05-04T16:39:36","modified_gmt":"2022-05-04T14:39:36","slug":"caj-salvia-firma-kima-20x-15g-hmotnost-50-g","status":"publish","type":"product","link":"https:\/\/www.eko-bio-natura.sk\/shop\/produkt\/caj-salvia-firma-kima-20x-15g-hmotnost-50-g\/","title":{"rendered":"\u010caj \u0160alvia &#8211; Firma Kima &#8211; 20x 1,5g Hmotnos\u0165: 50 g"},"content":{"rendered":"<p><span style=\"font-size: 12pt; font-family: verdana, geneva;\">\u0160alviu m\u00f4\u017eete pou\u017ei\u0165 vo forme z\u00e1paru&nbsp;na <strong>chor\u00e9 mandle, bolesti hrdla \u010di z\u00e1paly.<\/strong> Toto pou\u017eitie z\u00e1paru je vonkaj\u0161ie pou\u017eitie, nepije sa \u010daj, ale iba z&nbsp;vonku sa priklad\u00e1 z\u00e1par na hrdlo. Pri z\u00e1pale \u010fasien alebo \u00fastnej dutiny sa pou\u017e\u00edva \u010daj zo \u0161alvie ako kloktadlo alebo sa nan\u00e1\u0161a na vatov\u00fd tamp\u00f3n a&nbsp;ten sa priklad\u00e1 na bo\u013eav\u00e9 miesto. <strong>Napom\u00e1ha zn\u00ed\u017eeniu potenia.&nbsp;<\/strong><\/span><\/p>\n<p><span style=\"font-size: 12pt; font-family: verdana, geneva;\"><strong>Sp\u00f4sob pou\u017eitia:&nbsp;<\/strong>1-2 \u010dajov\u00e9 s\u00e1\u010dky zalejeme 200ml hor\u00facej vody, nech\u00e1me 10-15 min\u00fat l\u00fahova\u0165. Ustanoven\u00e9 odpor\u00fa\u010dan\u00e9 d\u00e1vkovanie sa nesmie prekra\u010dova\u0165. V\u00fd\u017eivov\u00fd doplnok sa nesmie pou\u017e\u00edva\u0165 ako n\u00e1hrada pestrej stravy. Uklada\u0165 mimo dosah det\u00ed. Nie je vhodn\u00e9 pre deti do 3 rokov, tehotn\u00e9 a doj\u010diace \u017eeny.<\/span><\/p>\n<p><span style=\"font-size: 12pt; font-family: verdana, geneva;\"><strong>Zlo\u017eenie:<\/strong>&nbsp;\u0161alviov\u00e1 v\u0148a\u0165<\/span><\/p>\n<p><span style=\"font-size: 12pt; font-family: verdana, geneva;\"><strong>Objem:<\/strong>&nbsp;20 x 1,5 g<\/span><\/p>\n<p><span style=\"font-size: 12pt; font-family: verdana, geneva;\"><strong>Krajina p\u00f4vodu:&nbsp;<\/strong>Rusko<\/span><\/p>\n<p>&nbsp;<\/p>\n","protected":false},"excerpt":{"rendered":"<p>\u0160alviu m\u00f4\u017eete pou\u017ei\u0165 vo forme z\u00e1paru&nbsp;na chor\u00e9 mandle, bolesti hrdla \u010di z\u00e1paly. Toto pou\u017eitie z\u00e1paru je vonkaj\u0161ie pou\u017eitie, nepije sa \u010daj, ale iba z&nbsp;vonku sa priklad\u00e1 z\u00e1par na hrdlo. Pri z\u00e1pale \u010fasien alebo \u00fastnej dutiny sa pou\u017e\u00edva \u010daj zo \u0161alvie ako kloktadlo alebo sa nan\u00e1\u0161a na vatov\u00fd tamp\u00f3n a&nbsp;ten sa priklad\u00e1 na bo\u013eav\u00e9 miesto. Napom\u00e1ha [&hellip;]<\/p>\n","protected":false},"featured_media":234,"comment_status":"open","ping_status":"open","template":"","meta":{"site-sidebar-layout":"default","site-content-layout":"","ast-site-content-layout":"default","site-content-style":"default","site-sidebar-style":"default","ast-global-header-display":"","ast-banner-title-visibility":"","ast-main-header-display":"","ast-hfb-above-header-display":"","ast-hfb-below-header-display":"","ast-hfb-mobile-header-display":"","site-post-title":"","ast-breadcrumbs-content":"","ast-featured-img":"","footer-sml-layout":"","ast-disable-related-posts":"","theme-transparent-header-meta":"","adv-header-id-meta":"","stick-header-meta":"","header-above-stick-meta":"","header-main-stick-meta":"","header-below-stick-meta":"","astra-migrate-meta-layouts":"default","ast-page-background-enabled":"default","ast-page-background-meta":{"desktop":{"background-color":"","background-image":"","background-repeat":"repeat","background-position":"center center","background-size":"auto","background-attachment":"scroll","background-type":"","background-media":"","overlay-type":"","overlay-color":"","overlay-opacity":"","overlay-gradient":""},"tablet":{"background-color":"","background-image":"","background-repeat":"repeat","background-position":"center center","background-size":"auto","background-attachment":"scroll","background-type":"","background-media":"","overlay-type":"","overlay-color":"","overlay-opacity":"","overlay-gradient":""},"mobile":{"background-color":"","background-image":"","background-repeat":"repeat","background-position":"center center","background-size":"auto","background-attachment":"scroll","background-type":"","background-media":"","overlay-type":"","overlay-color":"","overlay-opacity":"","overlay-gradient":""}},"ast-content-background-meta":{"desktop":{"background-color":"var(--ast-global-color-5)","background-image":"","background-repeat":"repeat","background-position":"center center","background-size":"auto","background-attachment":"scroll","background-type":"","background-media":"","overlay-type":"","overlay-color":"","overlay-opacity":"","overlay-gradient":""},"tablet":{"background-color":"var(--ast-global-color-5)","background-image":"","background-repeat":"repeat","background-position":"center center","background-size":"auto","background-attachment":"scroll","background-type":"","background-media":"","overlay-type":"","overlay-color":"","overlay-opacity":"","overlay-gradient":""},"mobile":{"background-color":"var(--ast-global-color-5)","background-image":"","background-repeat":"repeat","background-position":"center center","background-size":"auto","background-attachment":"scroll","background-type":"","background-media":"","overlay-type":"","overlay-color":"","overlay-opacity":"","overlay-gradient":""}}},"product_brand":[],"product_cat":[181],"product_tag":[],"class_list":{"0":"post-7417","1":"product","2":"type-product","3":"status-publish","4":"has-post-thumbnail","6":"product_cat-caje-a-bylinky","7":"pa_cena-dopravy-367","8":"pa_doprava-zasilkovna","9":"pa_typ-partnersky-predaj","10":"pa_znacka-firma-kima","11":"desktop-align-left","12":"tablet-align-left","13":"mobile-align-left","15":"first","16":"instock","17":"product-type-external"},"yoast_head":"<!-- This site is optimized with the Yoast SEO plugin v27.2 - https:\/\/yoast.com\/product\/yoast-seo-wordpress\/ -->\n<title>\u010caj \u0160alvia - Firma Kima - 20x 1,5g Hmotnos\u0165: 50 g - EKO-BIO-NATURA BIO OBCHOD<\/title>\n<meta name=\"robots\" content=\"index, follow, max-snippet:-1, max-image-preview:large, max-video-preview:-1\" \/>\n<link rel=\"canonical\" href=\"https:\/\/www.eko-bio-natura.sk\/shop\/produkt\/caj-salvia-firma-kima-20x-15g-hmotnost-50-g\/\" \/>\n<meta property=\"og:locale\" content=\"sk_SK\" \/>\n<meta property=\"og:type\" content=\"article\" \/>\n<meta property=\"og:title\" content=\"\u010caj \u0160alvia - Firma Kima - 20x 1,5g Hmotnos\u0165: 50 g - EKO-BIO-NATURA BIO OBCHOD\" \/>\n<meta property=\"og:description\" content=\"\u0160alviu m\u00f4\u017eete pou\u017ei\u0165 vo forme z\u00e1paru&nbsp;na chor\u00e9 mandle, bolesti hrdla \u010di z\u00e1paly. Toto pou\u017eitie z\u00e1paru je vonkaj\u0161ie pou\u017eitie, nepije sa \u010daj, ale iba z&nbsp;vonku sa priklad\u00e1 z\u00e1par na hrdlo. Pri z\u00e1pale \u010fasien alebo \u00fastnej dutiny sa pou\u017e\u00edva \u010daj zo \u0161alvie ako kloktadlo alebo sa nan\u00e1\u0161a na vatov\u00fd tamp\u00f3n a&nbsp;ten sa priklad\u00e1 na bo\u013eav\u00e9 miesto. Napom\u00e1ha [&hellip;]\" \/>\n<meta property=\"og:url\" content=\"https:\/\/www.eko-bio-natura.sk\/shop\/produkt\/caj-salvia-firma-kima-20x-15g-hmotnost-50-g\/\" \/>\n<meta property=\"og:site_name\" content=\"EKO-BIO-NATURA BIO OBCHOD\" \/>\n<meta property=\"article:modified_time\" content=\"2022-05-04T14:39:36+00:00\" \/>\n<meta property=\"og:image\" content=\"https:\/\/www.eko-bio-natura.sk\/shop\/wp-content\/uploads\/2021\/03\/5238-2_caj-salvia-firma-kima-20x-1-5g-scaled.jpg\" \/>\n\t<meta property=\"og:image:width\" content=\"2560\" \/>\n\t<meta property=\"og:image:height\" content=\"1923\" \/>\n\t<meta property=\"og:image:type\" content=\"image\/jpeg\" \/>\n<meta name=\"twitter:card\" content=\"summary_large_image\" \/>\n<meta name=\"twitter:label1\" content=\"Predpokladan\u00fd \u010das \u010d\u00edtania\" \/>\n\t<meta name=\"twitter:data1\" content=\"1 min\u00fata\" \/>\n<script type=\"application\/ld+json\" class=\"yoast-schema-graph\">{\"@context\":\"https:\/\/schema.org\",\"@graph\":[{\"@type\":\"WebPage\",\"@id\":\"https:\/\/www.eko-bio-natura.sk\/shop\/produkt\/caj-salvia-firma-kima-20x-15g-hmotnost-50-g\/\",\"url\":\"https:\/\/www.eko-bio-natura.sk\/shop\/produkt\/caj-salvia-firma-kima-20x-15g-hmotnost-50-g\/\",\"name\":\"\u010caj \u0160alvia - Firma Kima - 20x 1,5g Hmotnos\u0165: 50 g - EKO-BIO-NATURA BIO OBCHOD\",\"isPartOf\":{\"@id\":\"https:\/\/www.eko-bio-natura.sk\/shop\/#website\"},\"primaryImageOfPage\":{\"@id\":\"https:\/\/www.eko-bio-natura.sk\/shop\/produkt\/caj-salvia-firma-kima-20x-15g-hmotnost-50-g\/#primaryimage\"},\"image\":{\"@id\":\"https:\/\/www.eko-bio-natura.sk\/shop\/produkt\/caj-salvia-firma-kima-20x-15g-hmotnost-50-g\/#primaryimage\"},\"thumbnailUrl\":\"https:\/\/www.eko-bio-natura.sk\/shop\/wp-content\/uploads\/2021\/03\/5238-2_caj-salvia-firma-kima-20x-1-5g-scaled.jpg\",\"datePublished\":\"2021-12-28T17:07:17+00:00\",\"dateModified\":\"2022-05-04T14:39:36+00:00\",\"breadcrumb\":{\"@id\":\"https:\/\/www.eko-bio-natura.sk\/shop\/produkt\/caj-salvia-firma-kima-20x-15g-hmotnost-50-g\/#breadcrumb\"},\"inLanguage\":\"sk-SK\",\"potentialAction\":[{\"@type\":\"ReadAction\",\"target\":[\"https:\/\/www.eko-bio-natura.sk\/shop\/produkt\/caj-salvia-firma-kima-20x-15g-hmotnost-50-g\/\"]}]},{\"@type\":\"ImageObject\",\"inLanguage\":\"sk-SK\",\"@id\":\"https:\/\/www.eko-bio-natura.sk\/shop\/produkt\/caj-salvia-firma-kima-20x-15g-hmotnost-50-g\/#primaryimage\",\"url\":\"https:\/\/www.eko-bio-natura.sk\/shop\/wp-content\/uploads\/2021\/03\/5238-2_caj-salvia-firma-kima-20x-1-5g-scaled.jpg\",\"contentUrl\":\"https:\/\/www.eko-bio-natura.sk\/shop\/wp-content\/uploads\/2021\/03\/5238-2_caj-salvia-firma-kima-20x-1-5g-scaled.jpg\",\"width\":2560,\"height\":1923},{\"@type\":\"BreadcrumbList\",\"@id\":\"https:\/\/www.eko-bio-natura.sk\/shop\/produkt\/caj-salvia-firma-kima-20x-15g-hmotnost-50-g\/#breadcrumb\",\"itemListElement\":[{\"@type\":\"ListItem\",\"position\":1,\"name\":\"Domovsk\u00e1 str\u00e1nka\",\"item\":\"https:\/\/www.eko-bio-natura.sk\/shop\/\"},{\"@type\":\"ListItem\",\"position\":2,\"name\":\"Obchod\",\"item\":\"https:\/\/www.eko-bio-natura.sk\/shop\/?page_id=6\"},{\"@type\":\"ListItem\",\"position\":3,\"name\":\"\u010caj \u0160alvia &#8211; Firma Kima &#8211; 20x 1,5g Hmotnos\u0165: 50 g\"}]},{\"@type\":\"WebSite\",\"@id\":\"https:\/\/www.eko-bio-natura.sk\/shop\/#website\",\"url\":\"https:\/\/www.eko-bio-natura.sk\/shop\/\",\"name\":\"EKO-BIO-NATURA BIO OBCHOD\",\"description\":\"\",\"publisher\":{\"@id\":\"https:\/\/www.eko-bio-natura.sk\/shop\/#organization\"},\"potentialAction\":[{\"@type\":\"SearchAction\",\"target\":{\"@type\":\"EntryPoint\",\"urlTemplate\":\"https:\/\/www.eko-bio-natura.sk\/shop\/?s={search_term_string}\"},\"query-input\":{\"@type\":\"PropertyValueSpecification\",\"valueRequired\":true,\"valueName\":\"search_term_string\"}}],\"inLanguage\":\"sk-SK\"},{\"@type\":\"Organization\",\"@id\":\"https:\/\/www.eko-bio-natura.sk\/shop\/#organization\",\"name\":\"EKO-BIO-NATURA BIO OBCHOD\",\"url\":\"https:\/\/www.eko-bio-natura.sk\/shop\/\",\"logo\":{\"@type\":\"ImageObject\",\"inLanguage\":\"sk-SK\",\"@id\":\"https:\/\/www.eko-bio-natura.sk\/shop\/#\/schema\/logo\/image\/\",\"url\":\"https:\/\/www.eko-bio-natura.sk\/shop\/wp-content\/uploads\/2021\/04\/eko-bio-natura_logo.png\",\"contentUrl\":\"https:\/\/www.eko-bio-natura.sk\/shop\/wp-content\/uploads\/2021\/04\/eko-bio-natura_logo.png\",\"width\":552,\"height\":194,\"caption\":\"EKO-BIO-NATURA BIO OBCHOD\"},\"image\":{\"@id\":\"https:\/\/www.eko-bio-natura.sk\/shop\/#\/schema\/logo\/image\/\"}}]}<\/script>\n<!-- \/ Yoast SEO plugin. -->","yoast_head_json":{"title":"\u010caj \u0160alvia - Firma Kima - 20x 1,5g Hmotnos\u0165: 50 g - EKO-BIO-NATURA BIO OBCHOD","robots":{"index":"index","follow":"follow","max-snippet":"max-snippet:-1","max-image-preview":"max-image-preview:large","max-video-preview":"max-video-preview:-1"},"canonical":"https:\/\/www.eko-bio-natura.sk\/shop\/produkt\/caj-salvia-firma-kima-20x-15g-hmotnost-50-g\/","og_locale":"sk_SK","og_type":"article","og_title":"\u010caj \u0160alvia - Firma Kima - 20x 1,5g Hmotnos\u0165: 50 g - EKO-BIO-NATURA BIO OBCHOD","og_description":"\u0160alviu m\u00f4\u017eete pou\u017ei\u0165 vo forme z\u00e1paru&nbsp;na chor\u00e9 mandle, bolesti hrdla \u010di z\u00e1paly. Toto pou\u017eitie z\u00e1paru je vonkaj\u0161ie pou\u017eitie, nepije sa \u010daj, ale iba z&nbsp;vonku sa priklad\u00e1 z\u00e1par na hrdlo. Pri z\u00e1pale \u010fasien alebo \u00fastnej dutiny sa pou\u017e\u00edva \u010daj zo \u0161alvie ako kloktadlo alebo sa nan\u00e1\u0161a na vatov\u00fd tamp\u00f3n a&nbsp;ten sa priklad\u00e1 na bo\u013eav\u00e9 miesto. Napom\u00e1ha [&hellip;]","og_url":"https:\/\/www.eko-bio-natura.sk\/shop\/produkt\/caj-salvia-firma-kima-20x-15g-hmotnost-50-g\/","og_site_name":"EKO-BIO-NATURA BIO OBCHOD","article_modified_time":"2022-05-04T14:39:36+00:00","og_image":[{"width":2560,"height":1923,"url":"https:\/\/www.eko-bio-natura.sk\/shop\/wp-content\/uploads\/2021\/03\/5238-2_caj-salvia-firma-kima-20x-1-5g-scaled.jpg","type":"image\/jpeg"}],"twitter_card":"summary_large_image","twitter_misc":{"Predpokladan\u00fd \u010das \u010d\u00edtania":"1 min\u00fata"},"schema":{"@context":"https:\/\/schema.org","@graph":[{"@type":"WebPage","@id":"https:\/\/www.eko-bio-natura.sk\/shop\/produkt\/caj-salvia-firma-kima-20x-15g-hmotnost-50-g\/","url":"https:\/\/www.eko-bio-natura.sk\/shop\/produkt\/caj-salvia-firma-kima-20x-15g-hmotnost-50-g\/","name":"\u010caj \u0160alvia - Firma Kima - 20x 1,5g Hmotnos\u0165: 50 g - EKO-BIO-NATURA BIO OBCHOD","isPartOf":{"@id":"https:\/\/www.eko-bio-natura.sk\/shop\/#website"},"primaryImageOfPage":{"@id":"https:\/\/www.eko-bio-natura.sk\/shop\/produkt\/caj-salvia-firma-kima-20x-15g-hmotnost-50-g\/#primaryimage"},"image":{"@id":"https:\/\/www.eko-bio-natura.sk\/shop\/produkt\/caj-salvia-firma-kima-20x-15g-hmotnost-50-g\/#primaryimage"},"thumbnailUrl":"https:\/\/www.eko-bio-natura.sk\/shop\/wp-content\/uploads\/2021\/03\/5238-2_caj-salvia-firma-kima-20x-1-5g-scaled.jpg","datePublished":"2021-12-28T17:07:17+00:00","dateModified":"2022-05-04T14:39:36+00:00","breadcrumb":{"@id":"https:\/\/www.eko-bio-natura.sk\/shop\/produkt\/caj-salvia-firma-kima-20x-15g-hmotnost-50-g\/#breadcrumb"},"inLanguage":"sk-SK","potentialAction":[{"@type":"ReadAction","target":["https:\/\/www.eko-bio-natura.sk\/shop\/produkt\/caj-salvia-firma-kima-20x-15g-hmotnost-50-g\/"]}]},{"@type":"ImageObject","inLanguage":"sk-SK","@id":"https:\/\/www.eko-bio-natura.sk\/shop\/produkt\/caj-salvia-firma-kima-20x-15g-hmotnost-50-g\/#primaryimage","url":"https:\/\/www.eko-bio-natura.sk\/shop\/wp-content\/uploads\/2021\/03\/5238-2_caj-salvia-firma-kima-20x-1-5g-scaled.jpg","contentUrl":"https:\/\/www.eko-bio-natura.sk\/shop\/wp-content\/uploads\/2021\/03\/5238-2_caj-salvia-firma-kima-20x-1-5g-scaled.jpg","width":2560,"height":1923},{"@type":"BreadcrumbList","@id":"https:\/\/www.eko-bio-natura.sk\/shop\/produkt\/caj-salvia-firma-kima-20x-15g-hmotnost-50-g\/#breadcrumb","itemListElement":[{"@type":"ListItem","position":1,"name":"Domovsk\u00e1 str\u00e1nka","item":"https:\/\/www.eko-bio-natura.sk\/shop\/"},{"@type":"ListItem","position":2,"name":"Obchod","item":"https:\/\/www.eko-bio-natura.sk\/shop\/?page_id=6"},{"@type":"ListItem","position":3,"name":"\u010caj \u0160alvia &#8211; Firma Kima &#8211; 20x 1,5g Hmotnos\u0165: 50 g"}]},{"@type":"WebSite","@id":"https:\/\/www.eko-bio-natura.sk\/shop\/#website","url":"https:\/\/www.eko-bio-natura.sk\/shop\/","name":"EKO-BIO-NATURA BIO OBCHOD","description":"","publisher":{"@id":"https:\/\/www.eko-bio-natura.sk\/shop\/#organization"},"potentialAction":[{"@type":"SearchAction","target":{"@type":"EntryPoint","urlTemplate":"https:\/\/www.eko-bio-natura.sk\/shop\/?s={search_term_string}"},"query-input":{"@type":"PropertyValueSpecification","valueRequired":true,"valueName":"search_term_string"}}],"inLanguage":"sk-SK"},{"@type":"Organization","@id":"https:\/\/www.eko-bio-natura.sk\/shop\/#organization","name":"EKO-BIO-NATURA BIO OBCHOD","url":"https:\/\/www.eko-bio-natura.sk\/shop\/","logo":{"@type":"ImageObject","inLanguage":"sk-SK","@id":"https:\/\/www.eko-bio-natura.sk\/shop\/#\/schema\/logo\/image\/","url":"https:\/\/www.eko-bio-natura.sk\/shop\/wp-content\/uploads\/2021\/04\/eko-bio-natura_logo.png","contentUrl":"https:\/\/www.eko-bio-natura.sk\/shop\/wp-content\/uploads\/2021\/04\/eko-bio-natura_logo.png","width":552,"height":194,"caption":"EKO-BIO-NATURA BIO OBCHOD"},"image":{"@id":"https:\/\/www.eko-bio-natura.sk\/shop\/#\/schema\/logo\/image\/"}}]}},"_links":{"self":[{"href":"https:\/\/www.eko-bio-natura.sk\/shop\/wp-json\/wp\/v2\/product\/7417","targetHints":{"allow":["GET"]}}],"collection":[{"href":"https:\/\/www.eko-bio-natura.sk\/shop\/wp-json\/wp\/v2\/product"}],"about":[{"href":"https:\/\/www.eko-bio-natura.sk\/shop\/wp-json\/wp\/v2\/types\/product"}],"replies":[{"embeddable":true,"href":"https:\/\/www.eko-bio-natura.sk\/shop\/wp-json\/wp\/v2\/comments?post=7417"}],"wp:featuredmedia":[{"embeddable":true,"href":"https:\/\/www.eko-bio-natura.sk\/shop\/wp-json\/wp\/v2\/media\/234"}],"wp:attachment":[{"href":"https:\/\/www.eko-bio-natura.sk\/shop\/wp-json\/wp\/v2\/media?parent=7417"}],"wp:term":[{"taxonomy":"product_brand","embeddable":true,"href":"https:\/\/www.eko-bio-natura.sk\/shop\/wp-json\/wp\/v2\/product_brand?post=7417"},{"taxonomy":"product_cat","embeddable":true,"href":"https:\/\/www.eko-bio-natura.sk\/shop\/wp-json\/wp\/v2\/product_cat?post=7417"},{"taxonomy":"product_tag","embeddable":true,"href":"https:\/\/www.eko-bio-natura.sk\/shop\/wp-json\/wp\/v2\/product_tag?post=7417"}],"curies":[{"name":"wp","href":"https:\/\/api.w.org\/{rel}","templated":true}]}}