{"id":7415,"date":"2021-12-28T18:06:11","date_gmt":"2021-12-28T17:06:11","guid":{"rendered":"https:\/\/www.eko-bio-natura.sk\/shop\/index.php\/produkt\/caj-z-lanovych-semienok-firma-kima-100g\/"},"modified":"2022-05-04T16:39:36","modified_gmt":"2022-05-04T14:39:36","slug":"caj-z-lanovych-semienok-firma-kima-100g","status":"publish","type":"product","link":"https:\/\/www.eko-bio-natura.sk\/shop\/produkt\/caj-z-lanovych-semienok-firma-kima-100g\/","title":{"rendered":"\u010caj z \u013eanov\u00fdch semienok &#8211; Firma Kima &#8211; 100g"},"content":{"rendered":"<p><span style=\"font-size: 12pt; font-family: verdana, geneva;\"><strong><span>\u013dan je&nbsp;<\/span>v\u00fdborn\u00fd protiliek na z\u00e1palov\u00e9 ochorenia d\u00fdchac\u00edch ciest.<span>&nbsp;Konzumovanie \u013eanu sl\u00fa\u017ei na u\u013eah\u010denie priebehu z\u00e1palu priedu\u0161iek, alebo \u013eanov\u00e9ho oleja na zmiernenie k\u0155\u010dovit\u00e9ho s\u0165ahovania. Takto&nbsp;<\/span>zmiernene p\u00f4sob\u00ed nielen na dr\u00e1\u017edenie priedu\u0161iek, ale aj na p\u013e\u00faca.<\/strong><\/span><\/p>\n<p><span style=\"font-size: 12pt; font-family: verdana, geneva;\"><strong>Sp\u00f4sob pou\u017eitia:&nbsp;<\/strong>1 polievkov\u00fa ly\u017eicu zalejem 200ml hor\u00facej vody, 10-15 min\u00fat nech\u00e1me l\u00fahova\u0165. Ustanoven\u00e9 odpor\u00fa\u010dan\u00e9 d\u00e1vkovanie sa nesmie prekra\u010dova\u0165. V\u00fd\u017eivov\u00fd doplnok sa nesmie pou\u017e\u00edva\u0165 ako n\u00e1hrada pestrej stravy. Uklada\u0165 mimo dosah det\u00ed. Nie je vhodn\u00e9 pre deti do 3 rokov, tehotn\u00e9 a doj\u010diace \u017eeny.<\/span><\/p>\n<p><span style=\"font-size: 12pt; font-family: verdana, geneva;\"><strong>Zlo\u017eenie:<\/strong>&nbsp;\u013danov\u00e9 semen\u00e1<\/span><\/p>\n<p><span style=\"font-size: 12pt; font-family: verdana, geneva;\"><strong>Objem:<\/strong>&nbsp;100g<\/span><\/p>\n<p><span style=\"font-size: 12pt; font-family: verdana, geneva;\"><strong>Krajina p\u00f4vodu:<\/strong>&nbsp;RU<\/span><\/p>\n","protected":false},"excerpt":{"rendered":"<p>\u013dan je&nbsp;v\u00fdborn\u00fd protiliek na z\u00e1palov\u00e9 ochorenia d\u00fdchac\u00edch ciest.&nbsp;Konzumovanie \u013eanu sl\u00fa\u017ei na u\u013eah\u010denie priebehu z\u00e1palu priedu\u0161iek, alebo \u013eanov\u00e9ho oleja na zmiernenie k\u0155\u010dovit\u00e9ho s\u0165ahovania. Takto&nbsp;zmiernene p\u00f4sob\u00ed nielen na dr\u00e1\u017edenie priedu\u0161iek, ale aj na p\u013e\u00faca. Sp\u00f4sob pou\u017eitia:&nbsp;1 polievkov\u00fa ly\u017eicu zalejem 200ml hor\u00facej vody, 10-15 min\u00fat nech\u00e1me l\u00fahova\u0165. Ustanoven\u00e9 odpor\u00fa\u010dan\u00e9 d\u00e1vkovanie sa nesmie prekra\u010dova\u0165. V\u00fd\u017eivov\u00fd doplnok sa nesmie pou\u017e\u00edva\u0165 [&hellip;]<\/p>\n","protected":false},"featured_media":7416,"comment_status":"open","ping_status":"open","template":"","meta":{"site-sidebar-layout":"default","site-content-layout":"","ast-site-content-layout":"default","site-content-style":"default","site-sidebar-style":"default","ast-global-header-display":"","ast-banner-title-visibility":"","ast-main-header-display":"","ast-hfb-above-header-display":"","ast-hfb-below-header-display":"","ast-hfb-mobile-header-display":"","site-post-title":"","ast-breadcrumbs-content":"","ast-featured-img":"","footer-sml-layout":"","ast-disable-related-posts":"","theme-transparent-header-meta":"","adv-header-id-meta":"","stick-header-meta":"","header-above-stick-meta":"","header-main-stick-meta":"","header-below-stick-meta":"","astra-migrate-meta-layouts":"default","ast-page-background-enabled":"default","ast-page-background-meta":{"desktop":{"background-color":"","background-image":"","background-repeat":"repeat","background-position":"center center","background-size":"auto","background-attachment":"scroll","background-type":"","background-media":"","overlay-type":"","overlay-color":"","overlay-opacity":"","overlay-gradient":""},"tablet":{"background-color":"","background-image":"","background-repeat":"repeat","background-position":"center center","background-size":"auto","background-attachment":"scroll","background-type":"","background-media":"","overlay-type":"","overlay-color":"","overlay-opacity":"","overlay-gradient":""},"mobile":{"background-color":"","background-image":"","background-repeat":"repeat","background-position":"center center","background-size":"auto","background-attachment":"scroll","background-type":"","background-media":"","overlay-type":"","overlay-color":"","overlay-opacity":"","overlay-gradient":""}},"ast-content-background-meta":{"desktop":{"background-color":"var(--ast-global-color-5)","background-image":"","background-repeat":"repeat","background-position":"center center","background-size":"auto","background-attachment":"scroll","background-type":"","background-media":"","overlay-type":"","overlay-color":"","overlay-opacity":"","overlay-gradient":""},"tablet":{"background-color":"var(--ast-global-color-5)","background-image":"","background-repeat":"repeat","background-position":"center center","background-size":"auto","background-attachment":"scroll","background-type":"","background-media":"","overlay-type":"","overlay-color":"","overlay-opacity":"","overlay-gradient":""},"mobile":{"background-color":"var(--ast-global-color-5)","background-image":"","background-repeat":"repeat","background-position":"center center","background-size":"auto","background-attachment":"scroll","background-type":"","background-media":"","overlay-type":"","overlay-color":"","overlay-opacity":"","overlay-gradient":""}}},"product_brand":[],"product_cat":[71,16,172,181],"product_tag":[],"class_list":{"0":"post-7415","1":"product","2":"type-product","3":"status-publish","4":"has-post-thumbnail","6":"product_cat-alko-a-nealko-napoje","7":"product_cat-bio-potraviny","8":"product_cat-caje","9":"product_cat-caje-a-bylinky","10":"pa_cena-dopravy-367","11":"pa_doprava-zasilkovna","12":"pa_ean-509","13":"pa_typ-partnersky-predaj","14":"pa_znacka-firma-kima","15":"desktop-align-left","16":"tablet-align-left","17":"mobile-align-left","19":"first","20":"instock","21":"product-type-external"},"yoast_head":"<!-- This site is optimized with the Yoast SEO plugin v27.2 - https:\/\/yoast.com\/product\/yoast-seo-wordpress\/ -->\n<title>\u010caj z \u013eanov\u00fdch semienok - Firma Kima - 100g - EKO-BIO-NATURA BIO OBCHOD<\/title>\n<meta name=\"robots\" content=\"index, follow, max-snippet:-1, max-image-preview:large, max-video-preview:-1\" \/>\n<link rel=\"canonical\" href=\"https:\/\/www.eko-bio-natura.sk\/shop\/produkt\/caj-z-lanovych-semienok-firma-kima-100g\/\" \/>\n<meta property=\"og:locale\" content=\"sk_SK\" \/>\n<meta property=\"og:type\" content=\"article\" \/>\n<meta property=\"og:title\" content=\"\u010caj z \u013eanov\u00fdch semienok - Firma Kima - 100g - EKO-BIO-NATURA BIO OBCHOD\" \/>\n<meta property=\"og:description\" content=\"\u013dan je&nbsp;v\u00fdborn\u00fd protiliek na z\u00e1palov\u00e9 ochorenia d\u00fdchac\u00edch ciest.&nbsp;Konzumovanie \u013eanu sl\u00fa\u017ei na u\u013eah\u010denie priebehu z\u00e1palu priedu\u0161iek, alebo \u013eanov\u00e9ho oleja na zmiernenie k\u0155\u010dovit\u00e9ho s\u0165ahovania. Takto&nbsp;zmiernene p\u00f4sob\u00ed nielen na dr\u00e1\u017edenie priedu\u0161iek, ale aj na p\u013e\u00faca. Sp\u00f4sob pou\u017eitia:&nbsp;1 polievkov\u00fa ly\u017eicu zalejem 200ml hor\u00facej vody, 10-15 min\u00fat nech\u00e1me l\u00fahova\u0165. Ustanoven\u00e9 odpor\u00fa\u010dan\u00e9 d\u00e1vkovanie sa nesmie prekra\u010dova\u0165. V\u00fd\u017eivov\u00fd doplnok sa nesmie pou\u017e\u00edva\u0165 [&hellip;]\" \/>\n<meta property=\"og:url\" content=\"https:\/\/www.eko-bio-natura.sk\/shop\/produkt\/caj-z-lanovych-semienok-firma-kima-100g\/\" \/>\n<meta property=\"og:site_name\" content=\"EKO-BIO-NATURA BIO OBCHOD\" \/>\n<meta property=\"article:modified_time\" content=\"2022-05-04T14:39:36+00:00\" \/>\n<meta property=\"og:image\" content=\"https:\/\/www.eko-bio-natura.sk\/shop\/wp-content\/uploads\/2021\/12\/5232-2_caj-z-lanovych-semienok-firma-kima-100g-scaled.jpg\" \/>\n\t<meta property=\"og:image:width\" content=\"1923\" \/>\n\t<meta property=\"og:image:height\" content=\"2560\" \/>\n\t<meta property=\"og:image:type\" content=\"image\/jpeg\" \/>\n<meta name=\"twitter:card\" content=\"summary_large_image\" \/>\n<meta name=\"twitter:label1\" content=\"Predpokladan\u00fd \u010das \u010d\u00edtania\" \/>\n\t<meta name=\"twitter:data1\" content=\"1 min\u00fata\" \/>\n<script type=\"application\/ld+json\" class=\"yoast-schema-graph\">{\"@context\":\"https:\/\/schema.org\",\"@graph\":[{\"@type\":\"WebPage\",\"@id\":\"https:\/\/www.eko-bio-natura.sk\/shop\/produkt\/caj-z-lanovych-semienok-firma-kima-100g\/\",\"url\":\"https:\/\/www.eko-bio-natura.sk\/shop\/produkt\/caj-z-lanovych-semienok-firma-kima-100g\/\",\"name\":\"\u010caj z \u013eanov\u00fdch semienok - Firma Kima - 100g - EKO-BIO-NATURA BIO OBCHOD\",\"isPartOf\":{\"@id\":\"https:\/\/www.eko-bio-natura.sk\/shop\/#website\"},\"primaryImageOfPage\":{\"@id\":\"https:\/\/www.eko-bio-natura.sk\/shop\/produkt\/caj-z-lanovych-semienok-firma-kima-100g\/#primaryimage\"},\"image\":{\"@id\":\"https:\/\/www.eko-bio-natura.sk\/shop\/produkt\/caj-z-lanovych-semienok-firma-kima-100g\/#primaryimage\"},\"thumbnailUrl\":\"https:\/\/www.eko-bio-natura.sk\/shop\/wp-content\/uploads\/2021\/12\/5232-2_caj-z-lanovych-semienok-firma-kima-100g-scaled.jpg\",\"datePublished\":\"2021-12-28T17:06:11+00:00\",\"dateModified\":\"2022-05-04T14:39:36+00:00\",\"breadcrumb\":{\"@id\":\"https:\/\/www.eko-bio-natura.sk\/shop\/produkt\/caj-z-lanovych-semienok-firma-kima-100g\/#breadcrumb\"},\"inLanguage\":\"sk-SK\",\"potentialAction\":[{\"@type\":\"ReadAction\",\"target\":[\"https:\/\/www.eko-bio-natura.sk\/shop\/produkt\/caj-z-lanovych-semienok-firma-kima-100g\/\"]}]},{\"@type\":\"ImageObject\",\"inLanguage\":\"sk-SK\",\"@id\":\"https:\/\/www.eko-bio-natura.sk\/shop\/produkt\/caj-z-lanovych-semienok-firma-kima-100g\/#primaryimage\",\"url\":\"https:\/\/www.eko-bio-natura.sk\/shop\/wp-content\/uploads\/2021\/12\/5232-2_caj-z-lanovych-semienok-firma-kima-100g-scaled.jpg\",\"contentUrl\":\"https:\/\/www.eko-bio-natura.sk\/shop\/wp-content\/uploads\/2021\/12\/5232-2_caj-z-lanovych-semienok-firma-kima-100g-scaled.jpg\",\"width\":1923,\"height\":2560},{\"@type\":\"BreadcrumbList\",\"@id\":\"https:\/\/www.eko-bio-natura.sk\/shop\/produkt\/caj-z-lanovych-semienok-firma-kima-100g\/#breadcrumb\",\"itemListElement\":[{\"@type\":\"ListItem\",\"position\":1,\"name\":\"Domovsk\u00e1 str\u00e1nka\",\"item\":\"https:\/\/www.eko-bio-natura.sk\/shop\/\"},{\"@type\":\"ListItem\",\"position\":2,\"name\":\"Obchod\",\"item\":\"https:\/\/www.eko-bio-natura.sk\/shop\/?page_id=6\"},{\"@type\":\"ListItem\",\"position\":3,\"name\":\"\u010caj z \u013eanov\u00fdch semienok &#8211; Firma Kima &#8211; 100g\"}]},{\"@type\":\"WebSite\",\"@id\":\"https:\/\/www.eko-bio-natura.sk\/shop\/#website\",\"url\":\"https:\/\/www.eko-bio-natura.sk\/shop\/\",\"name\":\"EKO-BIO-NATURA BIO OBCHOD\",\"description\":\"\",\"publisher\":{\"@id\":\"https:\/\/www.eko-bio-natura.sk\/shop\/#organization\"},\"potentialAction\":[{\"@type\":\"SearchAction\",\"target\":{\"@type\":\"EntryPoint\",\"urlTemplate\":\"https:\/\/www.eko-bio-natura.sk\/shop\/?s={search_term_string}\"},\"query-input\":{\"@type\":\"PropertyValueSpecification\",\"valueRequired\":true,\"valueName\":\"search_term_string\"}}],\"inLanguage\":\"sk-SK\"},{\"@type\":\"Organization\",\"@id\":\"https:\/\/www.eko-bio-natura.sk\/shop\/#organization\",\"name\":\"EKO-BIO-NATURA BIO OBCHOD\",\"url\":\"https:\/\/www.eko-bio-natura.sk\/shop\/\",\"logo\":{\"@type\":\"ImageObject\",\"inLanguage\":\"sk-SK\",\"@id\":\"https:\/\/www.eko-bio-natura.sk\/shop\/#\/schema\/logo\/image\/\",\"url\":\"https:\/\/www.eko-bio-natura.sk\/shop\/wp-content\/uploads\/2021\/04\/eko-bio-natura_logo.png\",\"contentUrl\":\"https:\/\/www.eko-bio-natura.sk\/shop\/wp-content\/uploads\/2021\/04\/eko-bio-natura_logo.png\",\"width\":552,\"height\":194,\"caption\":\"EKO-BIO-NATURA BIO OBCHOD\"},\"image\":{\"@id\":\"https:\/\/www.eko-bio-natura.sk\/shop\/#\/schema\/logo\/image\/\"}}]}<\/script>\n<!-- \/ Yoast SEO plugin. -->","yoast_head_json":{"title":"\u010caj z \u013eanov\u00fdch semienok - Firma Kima - 100g - EKO-BIO-NATURA BIO OBCHOD","robots":{"index":"index","follow":"follow","max-snippet":"max-snippet:-1","max-image-preview":"max-image-preview:large","max-video-preview":"max-video-preview:-1"},"canonical":"https:\/\/www.eko-bio-natura.sk\/shop\/produkt\/caj-z-lanovych-semienok-firma-kima-100g\/","og_locale":"sk_SK","og_type":"article","og_title":"\u010caj z \u013eanov\u00fdch semienok - Firma Kima - 100g - EKO-BIO-NATURA BIO OBCHOD","og_description":"\u013dan je&nbsp;v\u00fdborn\u00fd protiliek na z\u00e1palov\u00e9 ochorenia d\u00fdchac\u00edch ciest.&nbsp;Konzumovanie \u013eanu sl\u00fa\u017ei na u\u013eah\u010denie priebehu z\u00e1palu priedu\u0161iek, alebo \u013eanov\u00e9ho oleja na zmiernenie k\u0155\u010dovit\u00e9ho s\u0165ahovania. Takto&nbsp;zmiernene p\u00f4sob\u00ed nielen na dr\u00e1\u017edenie priedu\u0161iek, ale aj na p\u013e\u00faca. Sp\u00f4sob pou\u017eitia:&nbsp;1 polievkov\u00fa ly\u017eicu zalejem 200ml hor\u00facej vody, 10-15 min\u00fat nech\u00e1me l\u00fahova\u0165. Ustanoven\u00e9 odpor\u00fa\u010dan\u00e9 d\u00e1vkovanie sa nesmie prekra\u010dova\u0165. V\u00fd\u017eivov\u00fd doplnok sa nesmie pou\u017e\u00edva\u0165 [&hellip;]","og_url":"https:\/\/www.eko-bio-natura.sk\/shop\/produkt\/caj-z-lanovych-semienok-firma-kima-100g\/","og_site_name":"EKO-BIO-NATURA BIO OBCHOD","article_modified_time":"2022-05-04T14:39:36+00:00","og_image":[{"width":1923,"height":2560,"url":"https:\/\/www.eko-bio-natura.sk\/shop\/wp-content\/uploads\/2021\/12\/5232-2_caj-z-lanovych-semienok-firma-kima-100g-scaled.jpg","type":"image\/jpeg"}],"twitter_card":"summary_large_image","twitter_misc":{"Predpokladan\u00fd \u010das \u010d\u00edtania":"1 min\u00fata"},"schema":{"@context":"https:\/\/schema.org","@graph":[{"@type":"WebPage","@id":"https:\/\/www.eko-bio-natura.sk\/shop\/produkt\/caj-z-lanovych-semienok-firma-kima-100g\/","url":"https:\/\/www.eko-bio-natura.sk\/shop\/produkt\/caj-z-lanovych-semienok-firma-kima-100g\/","name":"\u010caj z \u013eanov\u00fdch semienok - Firma Kima - 100g - EKO-BIO-NATURA BIO OBCHOD","isPartOf":{"@id":"https:\/\/www.eko-bio-natura.sk\/shop\/#website"},"primaryImageOfPage":{"@id":"https:\/\/www.eko-bio-natura.sk\/shop\/produkt\/caj-z-lanovych-semienok-firma-kima-100g\/#primaryimage"},"image":{"@id":"https:\/\/www.eko-bio-natura.sk\/shop\/produkt\/caj-z-lanovych-semienok-firma-kima-100g\/#primaryimage"},"thumbnailUrl":"https:\/\/www.eko-bio-natura.sk\/shop\/wp-content\/uploads\/2021\/12\/5232-2_caj-z-lanovych-semienok-firma-kima-100g-scaled.jpg","datePublished":"2021-12-28T17:06:11+00:00","dateModified":"2022-05-04T14:39:36+00:00","breadcrumb":{"@id":"https:\/\/www.eko-bio-natura.sk\/shop\/produkt\/caj-z-lanovych-semienok-firma-kima-100g\/#breadcrumb"},"inLanguage":"sk-SK","potentialAction":[{"@type":"ReadAction","target":["https:\/\/www.eko-bio-natura.sk\/shop\/produkt\/caj-z-lanovych-semienok-firma-kima-100g\/"]}]},{"@type":"ImageObject","inLanguage":"sk-SK","@id":"https:\/\/www.eko-bio-natura.sk\/shop\/produkt\/caj-z-lanovych-semienok-firma-kima-100g\/#primaryimage","url":"https:\/\/www.eko-bio-natura.sk\/shop\/wp-content\/uploads\/2021\/12\/5232-2_caj-z-lanovych-semienok-firma-kima-100g-scaled.jpg","contentUrl":"https:\/\/www.eko-bio-natura.sk\/shop\/wp-content\/uploads\/2021\/12\/5232-2_caj-z-lanovych-semienok-firma-kima-100g-scaled.jpg","width":1923,"height":2560},{"@type":"BreadcrumbList","@id":"https:\/\/www.eko-bio-natura.sk\/shop\/produkt\/caj-z-lanovych-semienok-firma-kima-100g\/#breadcrumb","itemListElement":[{"@type":"ListItem","position":1,"name":"Domovsk\u00e1 str\u00e1nka","item":"https:\/\/www.eko-bio-natura.sk\/shop\/"},{"@type":"ListItem","position":2,"name":"Obchod","item":"https:\/\/www.eko-bio-natura.sk\/shop\/?page_id=6"},{"@type":"ListItem","position":3,"name":"\u010caj z \u013eanov\u00fdch semienok &#8211; Firma Kima &#8211; 100g"}]},{"@type":"WebSite","@id":"https:\/\/www.eko-bio-natura.sk\/shop\/#website","url":"https:\/\/www.eko-bio-natura.sk\/shop\/","name":"EKO-BIO-NATURA BIO OBCHOD","description":"","publisher":{"@id":"https:\/\/www.eko-bio-natura.sk\/shop\/#organization"},"potentialAction":[{"@type":"SearchAction","target":{"@type":"EntryPoint","urlTemplate":"https:\/\/www.eko-bio-natura.sk\/shop\/?s={search_term_string}"},"query-input":{"@type":"PropertyValueSpecification","valueRequired":true,"valueName":"search_term_string"}}],"inLanguage":"sk-SK"},{"@type":"Organization","@id":"https:\/\/www.eko-bio-natura.sk\/shop\/#organization","name":"EKO-BIO-NATURA BIO OBCHOD","url":"https:\/\/www.eko-bio-natura.sk\/shop\/","logo":{"@type":"ImageObject","inLanguage":"sk-SK","@id":"https:\/\/www.eko-bio-natura.sk\/shop\/#\/schema\/logo\/image\/","url":"https:\/\/www.eko-bio-natura.sk\/shop\/wp-content\/uploads\/2021\/04\/eko-bio-natura_logo.png","contentUrl":"https:\/\/www.eko-bio-natura.sk\/shop\/wp-content\/uploads\/2021\/04\/eko-bio-natura_logo.png","width":552,"height":194,"caption":"EKO-BIO-NATURA BIO OBCHOD"},"image":{"@id":"https:\/\/www.eko-bio-natura.sk\/shop\/#\/schema\/logo\/image\/"}}]}},"_links":{"self":[{"href":"https:\/\/www.eko-bio-natura.sk\/shop\/wp-json\/wp\/v2\/product\/7415","targetHints":{"allow":["GET"]}}],"collection":[{"href":"https:\/\/www.eko-bio-natura.sk\/shop\/wp-json\/wp\/v2\/product"}],"about":[{"href":"https:\/\/www.eko-bio-natura.sk\/shop\/wp-json\/wp\/v2\/types\/product"}],"replies":[{"embeddable":true,"href":"https:\/\/www.eko-bio-natura.sk\/shop\/wp-json\/wp\/v2\/comments?post=7415"}],"wp:featuredmedia":[{"embeddable":true,"href":"https:\/\/www.eko-bio-natura.sk\/shop\/wp-json\/wp\/v2\/media\/7416"}],"wp:attachment":[{"href":"https:\/\/www.eko-bio-natura.sk\/shop\/wp-json\/wp\/v2\/media?parent=7415"}],"wp:term":[{"taxonomy":"product_brand","embeddable":true,"href":"https:\/\/www.eko-bio-natura.sk\/shop\/wp-json\/wp\/v2\/product_brand?post=7415"},{"taxonomy":"product_cat","embeddable":true,"href":"https:\/\/www.eko-bio-natura.sk\/shop\/wp-json\/wp\/v2\/product_cat?post=7415"},{"taxonomy":"product_tag","embeddable":true,"href":"https:\/\/www.eko-bio-natura.sk\/shop\/wp-json\/wp\/v2\/product_tag?post=7415"}],"curies":[{"name":"wp","href":"https:\/\/api.w.org\/{rel}","templated":true}]}}