{"id":7411,"date":"2021-12-28T18:06:11","date_gmt":"2021-12-28T17:06:11","guid":{"rendered":"https:\/\/www.eko-bio-natura.sk\/shop\/index.php\/produkt\/fratti-dermatologicky-hypoalergenny-makky-gel-na-baze-sungitovej-vody-s-cedrovou-zivicou-a-vytazkom-z-brezovych-plodov-200ml\/"},"modified":"2022-05-04T16:39:35","modified_gmt":"2022-05-04T14:39:35","slug":"fratti-dermatologicky-hypoalergenny-makky-gel-na-baze-sungitovej-vody-s-cedrovou-zivicou-a-vytazkom-z-brezovych-plodov-200ml","status":"publish","type":"product","link":"https:\/\/www.eko-bio-natura.sk\/shop\/produkt\/fratti-dermatologicky-hypoalergenny-makky-gel-na-baze-sungitovej-vody-s-cedrovou-zivicou-a-vytazkom-z-brezovych-plodov-200ml\/","title":{"rendered":"Fratti Dermatologick\u00fd, hypoalerg\u00e9nny m\u00e4kk\u00fd g\u00e9l na b\u00e1ze \u0161ungitovej vody s c\u00e9drovou \u017eivicou a v\u00fd\u0165a\u017ekom z brezov\u00fdch plodov &#8211; 200ml"},"content":{"rendered":"<p><span style=\"font-family: verdana, geneva; font-size: 12pt;\"><strong>\u0160ungit<\/strong> je dve miliardy rokov star\u00e1 uhl\u00edkov\u00e1 hornina. Jeho n\u00e1lezisk\u00e1 je len v severoz\u00e1padnom Rusku. \u0160ungit m\u00e1 neoby\u010dajn\u00e9 zlo\u017eenie a v\u010faka ich ho fyzik\u00e1lnym a chemick\u00fdm vlastnostiam aj \u0161irok\u00e9 spektrum vyu\u017eitia. <strong>\u0160ungitov\u00e1 dr\u0165 sa vyu\u017e\u00edva na \u00fapravu vody, le\u0161ten\u00fd \u0161ungit m\u00e1 hojn\u00e9 vyu\u017eitie v lie\u010dite\u013estve a \u0160ungitov\u00e1 voda na\u0161la svoje uplatnenie v kozmetike.<\/strong><\/span><\/p>\n<p><span style=\"font-family: verdana, geneva; font-size: 12pt;\"><strong><br \/>Sp\u00f4sob pou\u017eitia: <\/strong>primeran\u00e9 mno\u017estvo g\u00e9lu nanesieme na ple\u0165, z\u013eahka rozotrieme a opl\u00e1chneme vodou<\/span><\/p>\n<p><span style=\"font-family: verdana, geneva; font-size: 12pt;\"><strong>Upozornenie:<\/strong><strong>&nbsp;<\/strong>nepou\u017e\u00edva\u0165 pri individu\u00e1lnej nezn\u00e1\u0161anlivosti na niektor\u00fa zlo\u017eku<\/span><\/p>\n<p><span style=\"font-family: verdana, geneva; font-size: 12pt;\"><strong>Podmienky skladovania:&nbsp;<\/strong>skladova\u0165 na tmavom mieste pri izbovej teplote<\/span><\/p>\n<p><meta charset=\"UTF-8\" \/><span style=\"font-family: verdana, geneva; font-size: 12pt;\"><strong>Ingredients:<\/strong> Aqua, Magnesium Laureth Sulfate, Glycerin, Cocamidopropyl Betaine, Pelos, PEG-7 Glyceryl Cocoate, Pyrrolidone-5-Sodium Carboxylic, Cocoyl Alaninate Sodium, Xanthan Gum, , Melaeuca Alternifolia (Tea Tree) Leaf Oil, Betula Alba Extract, PEG-40 Hydrogenated Castor Oil, Tetrasodium EDTA, Parfum, Methylchloroisothiazolinone, Methylisothiazolinone, Citric Acid.&nbsp;<\/span><\/p>\n<p><span style=\"font-family: verdana, geneva; font-size: 12pt;\"><strong>Objem:&nbsp;<\/strong>200 ml<\/span><\/p>\n<p><span style=\"font-family: verdana, geneva; font-size: 12pt;\"><strong>Krajina p\u00f4vodu<\/strong>&nbsp;: Rusk\u00e1 feder\u00e1cia<\/span><\/p>\n","protected":false},"excerpt":{"rendered":"<p>\u0160ungit je dve miliardy rokov star\u00e1 uhl\u00edkov\u00e1 hornina. Jeho n\u00e1lezisk\u00e1 je len v severoz\u00e1padnom Rusku. \u0160ungit m\u00e1 neoby\u010dajn\u00e9 zlo\u017eenie a v\u010faka ich ho fyzik\u00e1lnym a chemick\u00fdm vlastnostiam aj \u0161irok\u00e9 spektrum vyu\u017eitia. \u0160ungitov\u00e1 dr\u0165 sa vyu\u017e\u00edva na \u00fapravu vody, le\u0161ten\u00fd \u0161ungit m\u00e1 hojn\u00e9 vyu\u017eitie v lie\u010dite\u013estve a \u0160ungitov\u00e1 voda na\u0161la svoje uplatnenie v kozmetike. Sp\u00f4sob pou\u017eitia: [&hellip;]<\/p>\n","protected":false},"featured_media":7412,"comment_status":"open","ping_status":"open","template":"","meta":{"site-sidebar-layout":"default","site-content-layout":"","ast-site-content-layout":"default","site-content-style":"default","site-sidebar-style":"default","ast-global-header-display":"","ast-banner-title-visibility":"","ast-main-header-display":"","ast-hfb-above-header-display":"","ast-hfb-below-header-display":"","ast-hfb-mobile-header-display":"","site-post-title":"","ast-breadcrumbs-content":"","ast-featured-img":"","footer-sml-layout":"","ast-disable-related-posts":"","theme-transparent-header-meta":"","adv-header-id-meta":"","stick-header-meta":"","header-above-stick-meta":"","header-main-stick-meta":"","header-below-stick-meta":"","astra-migrate-meta-layouts":"default","ast-page-background-enabled":"default","ast-page-background-meta":{"desktop":{"background-color":"","background-image":"","background-repeat":"repeat","background-position":"center center","background-size":"auto","background-attachment":"scroll","background-type":"","background-media":"","overlay-type":"","overlay-color":"","overlay-opacity":"","overlay-gradient":""},"tablet":{"background-color":"","background-image":"","background-repeat":"repeat","background-position":"center center","background-size":"auto","background-attachment":"scroll","background-type":"","background-media":"","overlay-type":"","overlay-color":"","overlay-opacity":"","overlay-gradient":""},"mobile":{"background-color":"","background-image":"","background-repeat":"repeat","background-position":"center center","background-size":"auto","background-attachment":"scroll","background-type":"","background-media":"","overlay-type":"","overlay-color":"","overlay-opacity":"","overlay-gradient":""}},"ast-content-background-meta":{"desktop":{"background-color":"var(--ast-global-color-5)","background-image":"","background-repeat":"repeat","background-position":"center center","background-size":"auto","background-attachment":"scroll","background-type":"","background-media":"","overlay-type":"","overlay-color":"","overlay-opacity":"","overlay-gradient":""},"tablet":{"background-color":"var(--ast-global-color-5)","background-image":"","background-repeat":"repeat","background-position":"center center","background-size":"auto","background-attachment":"scroll","background-type":"","background-media":"","overlay-type":"","overlay-color":"","overlay-opacity":"","overlay-gradient":""},"mobile":{"background-color":"var(--ast-global-color-5)","background-image":"","background-repeat":"repeat","background-position":"center center","background-size":"auto","background-attachment":"scroll","background-type":"","background-media":"","overlay-type":"","overlay-color":"","overlay-opacity":"","overlay-gradient":""}}},"product_brand":[],"product_cat":[39],"product_tag":[],"class_list":{"0":"post-7411","1":"product","2":"type-product","3":"status-publish","4":"has-post-thumbnail","6":"product_cat-telova-kozmetika","7":"pa_cena-dopravy-367","8":"pa_doprava-zasilkovna","9":"pa_ean-507","10":"pa_typ-partnersky-predaj","11":"pa_znacka-fratti","12":"desktop-align-left","13":"tablet-align-left","14":"mobile-align-left","16":"first","17":"instock","18":"product-type-external"},"yoast_head":"<!-- This site is optimized with the Yoast SEO plugin v27.2 - https:\/\/yoast.com\/product\/yoast-seo-wordpress\/ -->\n<title>Fratti Dermatologick\u00fd, hypoalerg\u00e9nny m\u00e4kk\u00fd g\u00e9l na b\u00e1ze \u0161ungitovej vody s c\u00e9drovou \u017eivicou a v\u00fd\u0165a\u017ekom z brezov\u00fdch plodov - 200ml - EKO-BIO-NATURA BIO OBCHOD<\/title>\n<meta name=\"robots\" content=\"index, follow, max-snippet:-1, max-image-preview:large, max-video-preview:-1\" \/>\n<link rel=\"canonical\" href=\"https:\/\/www.eko-bio-natura.sk\/shop\/produkt\/fratti-dermatologicky-hypoalergenny-makky-gel-na-baze-sungitovej-vody-s-cedrovou-zivicou-a-vytazkom-z-brezovych-plodov-200ml\/\" \/>\n<meta property=\"og:locale\" content=\"sk_SK\" \/>\n<meta property=\"og:type\" content=\"article\" \/>\n<meta property=\"og:title\" content=\"Fratti Dermatologick\u00fd, hypoalerg\u00e9nny m\u00e4kk\u00fd g\u00e9l na b\u00e1ze \u0161ungitovej vody s c\u00e9drovou \u017eivicou a v\u00fd\u0165a\u017ekom z brezov\u00fdch plodov - 200ml - EKO-BIO-NATURA BIO OBCHOD\" \/>\n<meta property=\"og:description\" content=\"\u0160ungit je dve miliardy rokov star\u00e1 uhl\u00edkov\u00e1 hornina. Jeho n\u00e1lezisk\u00e1 je len v severoz\u00e1padnom Rusku. \u0160ungit m\u00e1 neoby\u010dajn\u00e9 zlo\u017eenie a v\u010faka ich ho fyzik\u00e1lnym a chemick\u00fdm vlastnostiam aj \u0161irok\u00e9 spektrum vyu\u017eitia. \u0160ungitov\u00e1 dr\u0165 sa vyu\u017e\u00edva na \u00fapravu vody, le\u0161ten\u00fd \u0161ungit m\u00e1 hojn\u00e9 vyu\u017eitie v lie\u010dite\u013estve a \u0160ungitov\u00e1 voda na\u0161la svoje uplatnenie v kozmetike. Sp\u00f4sob pou\u017eitia: [&hellip;]\" \/>\n<meta property=\"og:url\" content=\"https:\/\/www.eko-bio-natura.sk\/shop\/produkt\/fratti-dermatologicky-hypoalergenny-makky-gel-na-baze-sungitovej-vody-s-cedrovou-zivicou-a-vytazkom-z-brezovych-plodov-200ml\/\" \/>\n<meta property=\"og:site_name\" content=\"EKO-BIO-NATURA BIO OBCHOD\" \/>\n<meta property=\"article:modified_time\" content=\"2022-05-04T14:39:35+00:00\" \/>\n<meta property=\"og:image\" content=\"https:\/\/www.eko-bio-natura.sk\/shop\/wp-content\/uploads\/2021\/12\/5181-2_fratti-dermatologicky-hypoalergenny-makky-gel-na-baze-sungitovej-vody-s-cedrovou-zivicou-a-vytazkom-z-brezovych-plodov-200ml-scaled.jpg\" \/>\n\t<meta property=\"og:image:width\" content=\"1943\" \/>\n\t<meta property=\"og:image:height\" content=\"2560\" \/>\n\t<meta property=\"og:image:type\" content=\"image\/jpeg\" \/>\n<meta name=\"twitter:card\" content=\"summary_large_image\" \/>\n<meta name=\"twitter:label1\" content=\"Predpokladan\u00fd \u010das \u010d\u00edtania\" \/>\n\t<meta name=\"twitter:data1\" content=\"1 min\u00fata\" \/>\n<script type=\"application\/ld+json\" class=\"yoast-schema-graph\">{\"@context\":\"https:\/\/schema.org\",\"@graph\":[{\"@type\":\"WebPage\",\"@id\":\"https:\/\/www.eko-bio-natura.sk\/shop\/produkt\/fratti-dermatologicky-hypoalergenny-makky-gel-na-baze-sungitovej-vody-s-cedrovou-zivicou-a-vytazkom-z-brezovych-plodov-200ml\/\",\"url\":\"https:\/\/www.eko-bio-natura.sk\/shop\/produkt\/fratti-dermatologicky-hypoalergenny-makky-gel-na-baze-sungitovej-vody-s-cedrovou-zivicou-a-vytazkom-z-brezovych-plodov-200ml\/\",\"name\":\"Fratti Dermatologick\u00fd, hypoalerg\u00e9nny m\u00e4kk\u00fd g\u00e9l na b\u00e1ze \u0161ungitovej vody s c\u00e9drovou \u017eivicou a v\u00fd\u0165a\u017ekom z brezov\u00fdch plodov - 200ml - EKO-BIO-NATURA BIO OBCHOD\",\"isPartOf\":{\"@id\":\"https:\/\/www.eko-bio-natura.sk\/shop\/#website\"},\"primaryImageOfPage\":{\"@id\":\"https:\/\/www.eko-bio-natura.sk\/shop\/produkt\/fratti-dermatologicky-hypoalergenny-makky-gel-na-baze-sungitovej-vody-s-cedrovou-zivicou-a-vytazkom-z-brezovych-plodov-200ml\/#primaryimage\"},\"image\":{\"@id\":\"https:\/\/www.eko-bio-natura.sk\/shop\/produkt\/fratti-dermatologicky-hypoalergenny-makky-gel-na-baze-sungitovej-vody-s-cedrovou-zivicou-a-vytazkom-z-brezovych-plodov-200ml\/#primaryimage\"},\"thumbnailUrl\":\"https:\/\/www.eko-bio-natura.sk\/shop\/wp-content\/uploads\/2021\/12\/5181-2_fratti-dermatologicky-hypoalergenny-makky-gel-na-baze-sungitovej-vody-s-cedrovou-zivicou-a-vytazkom-z-brezovych-plodov-200ml-scaled.jpg\",\"datePublished\":\"2021-12-28T17:06:11+00:00\",\"dateModified\":\"2022-05-04T14:39:35+00:00\",\"breadcrumb\":{\"@id\":\"https:\/\/www.eko-bio-natura.sk\/shop\/produkt\/fratti-dermatologicky-hypoalergenny-makky-gel-na-baze-sungitovej-vody-s-cedrovou-zivicou-a-vytazkom-z-brezovych-plodov-200ml\/#breadcrumb\"},\"inLanguage\":\"sk-SK\",\"potentialAction\":[{\"@type\":\"ReadAction\",\"target\":[\"https:\/\/www.eko-bio-natura.sk\/shop\/produkt\/fratti-dermatologicky-hypoalergenny-makky-gel-na-baze-sungitovej-vody-s-cedrovou-zivicou-a-vytazkom-z-brezovych-plodov-200ml\/\"]}]},{\"@type\":\"ImageObject\",\"inLanguage\":\"sk-SK\",\"@id\":\"https:\/\/www.eko-bio-natura.sk\/shop\/produkt\/fratti-dermatologicky-hypoalergenny-makky-gel-na-baze-sungitovej-vody-s-cedrovou-zivicou-a-vytazkom-z-brezovych-plodov-200ml\/#primaryimage\",\"url\":\"https:\/\/www.eko-bio-natura.sk\/shop\/wp-content\/uploads\/2021\/12\/5181-2_fratti-dermatologicky-hypoalergenny-makky-gel-na-baze-sungitovej-vody-s-cedrovou-zivicou-a-vytazkom-z-brezovych-plodov-200ml-scaled.jpg\",\"contentUrl\":\"https:\/\/www.eko-bio-natura.sk\/shop\/wp-content\/uploads\/2021\/12\/5181-2_fratti-dermatologicky-hypoalergenny-makky-gel-na-baze-sungitovej-vody-s-cedrovou-zivicou-a-vytazkom-z-brezovych-plodov-200ml-scaled.jpg\",\"width\":1943,\"height\":2560},{\"@type\":\"BreadcrumbList\",\"@id\":\"https:\/\/www.eko-bio-natura.sk\/shop\/produkt\/fratti-dermatologicky-hypoalergenny-makky-gel-na-baze-sungitovej-vody-s-cedrovou-zivicou-a-vytazkom-z-brezovych-plodov-200ml\/#breadcrumb\",\"itemListElement\":[{\"@type\":\"ListItem\",\"position\":1,\"name\":\"Domovsk\u00e1 str\u00e1nka\",\"item\":\"https:\/\/www.eko-bio-natura.sk\/shop\/\"},{\"@type\":\"ListItem\",\"position\":2,\"name\":\"Obchod\",\"item\":\"https:\/\/www.eko-bio-natura.sk\/shop\/?page_id=6\"},{\"@type\":\"ListItem\",\"position\":3,\"name\":\"Fratti Dermatologick\u00fd, hypoalerg\u00e9nny m\u00e4kk\u00fd g\u00e9l na b\u00e1ze \u0161ungitovej vody s c\u00e9drovou \u017eivicou a v\u00fd\u0165a\u017ekom z brezov\u00fdch plodov &#8211; 200ml\"}]},{\"@type\":\"WebSite\",\"@id\":\"https:\/\/www.eko-bio-natura.sk\/shop\/#website\",\"url\":\"https:\/\/www.eko-bio-natura.sk\/shop\/\",\"name\":\"EKO-BIO-NATURA BIO OBCHOD\",\"description\":\"\",\"publisher\":{\"@id\":\"https:\/\/www.eko-bio-natura.sk\/shop\/#organization\"},\"potentialAction\":[{\"@type\":\"SearchAction\",\"target\":{\"@type\":\"EntryPoint\",\"urlTemplate\":\"https:\/\/www.eko-bio-natura.sk\/shop\/?s={search_term_string}\"},\"query-input\":{\"@type\":\"PropertyValueSpecification\",\"valueRequired\":true,\"valueName\":\"search_term_string\"}}],\"inLanguage\":\"sk-SK\"},{\"@type\":\"Organization\",\"@id\":\"https:\/\/www.eko-bio-natura.sk\/shop\/#organization\",\"name\":\"EKO-BIO-NATURA BIO OBCHOD\",\"url\":\"https:\/\/www.eko-bio-natura.sk\/shop\/\",\"logo\":{\"@type\":\"ImageObject\",\"inLanguage\":\"sk-SK\",\"@id\":\"https:\/\/www.eko-bio-natura.sk\/shop\/#\/schema\/logo\/image\/\",\"url\":\"https:\/\/www.eko-bio-natura.sk\/shop\/wp-content\/uploads\/2021\/04\/eko-bio-natura_logo.png\",\"contentUrl\":\"https:\/\/www.eko-bio-natura.sk\/shop\/wp-content\/uploads\/2021\/04\/eko-bio-natura_logo.png\",\"width\":552,\"height\":194,\"caption\":\"EKO-BIO-NATURA BIO OBCHOD\"},\"image\":{\"@id\":\"https:\/\/www.eko-bio-natura.sk\/shop\/#\/schema\/logo\/image\/\"}}]}<\/script>\n<!-- \/ Yoast SEO plugin. -->","yoast_head_json":{"title":"Fratti Dermatologick\u00fd, hypoalerg\u00e9nny m\u00e4kk\u00fd g\u00e9l na b\u00e1ze \u0161ungitovej vody s c\u00e9drovou \u017eivicou a v\u00fd\u0165a\u017ekom z brezov\u00fdch plodov - 200ml - EKO-BIO-NATURA BIO OBCHOD","robots":{"index":"index","follow":"follow","max-snippet":"max-snippet:-1","max-image-preview":"max-image-preview:large","max-video-preview":"max-video-preview:-1"},"canonical":"https:\/\/www.eko-bio-natura.sk\/shop\/produkt\/fratti-dermatologicky-hypoalergenny-makky-gel-na-baze-sungitovej-vody-s-cedrovou-zivicou-a-vytazkom-z-brezovych-plodov-200ml\/","og_locale":"sk_SK","og_type":"article","og_title":"Fratti Dermatologick\u00fd, hypoalerg\u00e9nny m\u00e4kk\u00fd g\u00e9l na b\u00e1ze \u0161ungitovej vody s c\u00e9drovou \u017eivicou a v\u00fd\u0165a\u017ekom z brezov\u00fdch plodov - 200ml - EKO-BIO-NATURA BIO OBCHOD","og_description":"\u0160ungit je dve miliardy rokov star\u00e1 uhl\u00edkov\u00e1 hornina. Jeho n\u00e1lezisk\u00e1 je len v severoz\u00e1padnom Rusku. \u0160ungit m\u00e1 neoby\u010dajn\u00e9 zlo\u017eenie a v\u010faka ich ho fyzik\u00e1lnym a chemick\u00fdm vlastnostiam aj \u0161irok\u00e9 spektrum vyu\u017eitia. \u0160ungitov\u00e1 dr\u0165 sa vyu\u017e\u00edva na \u00fapravu vody, le\u0161ten\u00fd \u0161ungit m\u00e1 hojn\u00e9 vyu\u017eitie v lie\u010dite\u013estve a \u0160ungitov\u00e1 voda na\u0161la svoje uplatnenie v kozmetike. Sp\u00f4sob pou\u017eitia: [&hellip;]","og_url":"https:\/\/www.eko-bio-natura.sk\/shop\/produkt\/fratti-dermatologicky-hypoalergenny-makky-gel-na-baze-sungitovej-vody-s-cedrovou-zivicou-a-vytazkom-z-brezovych-plodov-200ml\/","og_site_name":"EKO-BIO-NATURA BIO OBCHOD","article_modified_time":"2022-05-04T14:39:35+00:00","og_image":[{"width":1943,"height":2560,"url":"https:\/\/www.eko-bio-natura.sk\/shop\/wp-content\/uploads\/2021\/12\/5181-2_fratti-dermatologicky-hypoalergenny-makky-gel-na-baze-sungitovej-vody-s-cedrovou-zivicou-a-vytazkom-z-brezovych-plodov-200ml-scaled.jpg","type":"image\/jpeg"}],"twitter_card":"summary_large_image","twitter_misc":{"Predpokladan\u00fd \u010das \u010d\u00edtania":"1 min\u00fata"},"schema":{"@context":"https:\/\/schema.org","@graph":[{"@type":"WebPage","@id":"https:\/\/www.eko-bio-natura.sk\/shop\/produkt\/fratti-dermatologicky-hypoalergenny-makky-gel-na-baze-sungitovej-vody-s-cedrovou-zivicou-a-vytazkom-z-brezovych-plodov-200ml\/","url":"https:\/\/www.eko-bio-natura.sk\/shop\/produkt\/fratti-dermatologicky-hypoalergenny-makky-gel-na-baze-sungitovej-vody-s-cedrovou-zivicou-a-vytazkom-z-brezovych-plodov-200ml\/","name":"Fratti Dermatologick\u00fd, hypoalerg\u00e9nny m\u00e4kk\u00fd g\u00e9l na b\u00e1ze \u0161ungitovej vody s c\u00e9drovou \u017eivicou a v\u00fd\u0165a\u017ekom z brezov\u00fdch plodov - 200ml - EKO-BIO-NATURA BIO OBCHOD","isPartOf":{"@id":"https:\/\/www.eko-bio-natura.sk\/shop\/#website"},"primaryImageOfPage":{"@id":"https:\/\/www.eko-bio-natura.sk\/shop\/produkt\/fratti-dermatologicky-hypoalergenny-makky-gel-na-baze-sungitovej-vody-s-cedrovou-zivicou-a-vytazkom-z-brezovych-plodov-200ml\/#primaryimage"},"image":{"@id":"https:\/\/www.eko-bio-natura.sk\/shop\/produkt\/fratti-dermatologicky-hypoalergenny-makky-gel-na-baze-sungitovej-vody-s-cedrovou-zivicou-a-vytazkom-z-brezovych-plodov-200ml\/#primaryimage"},"thumbnailUrl":"https:\/\/www.eko-bio-natura.sk\/shop\/wp-content\/uploads\/2021\/12\/5181-2_fratti-dermatologicky-hypoalergenny-makky-gel-na-baze-sungitovej-vody-s-cedrovou-zivicou-a-vytazkom-z-brezovych-plodov-200ml-scaled.jpg","datePublished":"2021-12-28T17:06:11+00:00","dateModified":"2022-05-04T14:39:35+00:00","breadcrumb":{"@id":"https:\/\/www.eko-bio-natura.sk\/shop\/produkt\/fratti-dermatologicky-hypoalergenny-makky-gel-na-baze-sungitovej-vody-s-cedrovou-zivicou-a-vytazkom-z-brezovych-plodov-200ml\/#breadcrumb"},"inLanguage":"sk-SK","potentialAction":[{"@type":"ReadAction","target":["https:\/\/www.eko-bio-natura.sk\/shop\/produkt\/fratti-dermatologicky-hypoalergenny-makky-gel-na-baze-sungitovej-vody-s-cedrovou-zivicou-a-vytazkom-z-brezovych-plodov-200ml\/"]}]},{"@type":"ImageObject","inLanguage":"sk-SK","@id":"https:\/\/www.eko-bio-natura.sk\/shop\/produkt\/fratti-dermatologicky-hypoalergenny-makky-gel-na-baze-sungitovej-vody-s-cedrovou-zivicou-a-vytazkom-z-brezovych-plodov-200ml\/#primaryimage","url":"https:\/\/www.eko-bio-natura.sk\/shop\/wp-content\/uploads\/2021\/12\/5181-2_fratti-dermatologicky-hypoalergenny-makky-gel-na-baze-sungitovej-vody-s-cedrovou-zivicou-a-vytazkom-z-brezovych-plodov-200ml-scaled.jpg","contentUrl":"https:\/\/www.eko-bio-natura.sk\/shop\/wp-content\/uploads\/2021\/12\/5181-2_fratti-dermatologicky-hypoalergenny-makky-gel-na-baze-sungitovej-vody-s-cedrovou-zivicou-a-vytazkom-z-brezovych-plodov-200ml-scaled.jpg","width":1943,"height":2560},{"@type":"BreadcrumbList","@id":"https:\/\/www.eko-bio-natura.sk\/shop\/produkt\/fratti-dermatologicky-hypoalergenny-makky-gel-na-baze-sungitovej-vody-s-cedrovou-zivicou-a-vytazkom-z-brezovych-plodov-200ml\/#breadcrumb","itemListElement":[{"@type":"ListItem","position":1,"name":"Domovsk\u00e1 str\u00e1nka","item":"https:\/\/www.eko-bio-natura.sk\/shop\/"},{"@type":"ListItem","position":2,"name":"Obchod","item":"https:\/\/www.eko-bio-natura.sk\/shop\/?page_id=6"},{"@type":"ListItem","position":3,"name":"Fratti Dermatologick\u00fd, hypoalerg\u00e9nny m\u00e4kk\u00fd g\u00e9l na b\u00e1ze \u0161ungitovej vody s c\u00e9drovou \u017eivicou a v\u00fd\u0165a\u017ekom z brezov\u00fdch plodov &#8211; 200ml"}]},{"@type":"WebSite","@id":"https:\/\/www.eko-bio-natura.sk\/shop\/#website","url":"https:\/\/www.eko-bio-natura.sk\/shop\/","name":"EKO-BIO-NATURA BIO OBCHOD","description":"","publisher":{"@id":"https:\/\/www.eko-bio-natura.sk\/shop\/#organization"},"potentialAction":[{"@type":"SearchAction","target":{"@type":"EntryPoint","urlTemplate":"https:\/\/www.eko-bio-natura.sk\/shop\/?s={search_term_string}"},"query-input":{"@type":"PropertyValueSpecification","valueRequired":true,"valueName":"search_term_string"}}],"inLanguage":"sk-SK"},{"@type":"Organization","@id":"https:\/\/www.eko-bio-natura.sk\/shop\/#organization","name":"EKO-BIO-NATURA BIO OBCHOD","url":"https:\/\/www.eko-bio-natura.sk\/shop\/","logo":{"@type":"ImageObject","inLanguage":"sk-SK","@id":"https:\/\/www.eko-bio-natura.sk\/shop\/#\/schema\/logo\/image\/","url":"https:\/\/www.eko-bio-natura.sk\/shop\/wp-content\/uploads\/2021\/04\/eko-bio-natura_logo.png","contentUrl":"https:\/\/www.eko-bio-natura.sk\/shop\/wp-content\/uploads\/2021\/04\/eko-bio-natura_logo.png","width":552,"height":194,"caption":"EKO-BIO-NATURA BIO OBCHOD"},"image":{"@id":"https:\/\/www.eko-bio-natura.sk\/shop\/#\/schema\/logo\/image\/"}}]}},"_links":{"self":[{"href":"https:\/\/www.eko-bio-natura.sk\/shop\/wp-json\/wp\/v2\/product\/7411","targetHints":{"allow":["GET"]}}],"collection":[{"href":"https:\/\/www.eko-bio-natura.sk\/shop\/wp-json\/wp\/v2\/product"}],"about":[{"href":"https:\/\/www.eko-bio-natura.sk\/shop\/wp-json\/wp\/v2\/types\/product"}],"replies":[{"embeddable":true,"href":"https:\/\/www.eko-bio-natura.sk\/shop\/wp-json\/wp\/v2\/comments?post=7411"}],"wp:featuredmedia":[{"embeddable":true,"href":"https:\/\/www.eko-bio-natura.sk\/shop\/wp-json\/wp\/v2\/media\/7412"}],"wp:attachment":[{"href":"https:\/\/www.eko-bio-natura.sk\/shop\/wp-json\/wp\/v2\/media?parent=7411"}],"wp:term":[{"taxonomy":"product_brand","embeddable":true,"href":"https:\/\/www.eko-bio-natura.sk\/shop\/wp-json\/wp\/v2\/product_brand?post=7411"},{"taxonomy":"product_cat","embeddable":true,"href":"https:\/\/www.eko-bio-natura.sk\/shop\/wp-json\/wp\/v2\/product_cat?post=7411"},{"taxonomy":"product_tag","embeddable":true,"href":"https:\/\/www.eko-bio-natura.sk\/shop\/wp-json\/wp\/v2\/product_tag?post=7411"}],"curies":[{"name":"wp","href":"https:\/\/api.w.org\/{rel}","templated":true}]}}