{"id":741,"date":"2025-04-17T17:29:20","date_gmt":"2025-04-17T15:29:20","guid":{"rendered":"https:\/\/www.eko-bio-natura.sk\/shop\/index.php\/produkt\/bylinarstvi-u-chytre-horakyne-sirup-konopny-elixir-bylinkarstvi-u-chytre-horakyne-250-ml\/"},"modified":"2025-04-17T17:29:20","modified_gmt":"2025-04-17T15:29:20","slug":"bylinarstvi-u-chytre-horakyne-sirup-konopny-elixir-bylinkarstvi-u-chytre-horakyne-250-ml","status":"publish","type":"product","link":"https:\/\/www.eko-bio-natura.sk\/shop\/produkt\/bylinarstvi-u-chytre-horakyne-sirup-konopny-elixir-bylinkarstvi-u-chytre-horakyne-250-ml\/","title":{"rendered":"Bylin\u00e1\u0159stv\u00ed U Chytr\u00e9 hor\u00e1kyn\u011b Sirup &quot;Konopn\u00fd Elix\u00edr&quot; &#8211; Bylink\u00e1\u0159stv\u00ed u Chytr\u00e9 Hor\u00e1kyn\u011b &#8211; 250 ml"},"content":{"rendered":"<p><span style=\"font-size: 12pt; font-family: verdana, geneva;\">Hoci m\u00e1 ve\u013ea \u013eud\u00ed konope spojen\u00e9 s r\u00f4znymi &#8222;kapuc\u00e1\u0159\u00ed&#8220; so zelenou rastlinkou zabalen\u00fa v papieri, tak neodsudzujte konope predbe\u017ene. N\u00e1\u0161 sirup je vyroben\u00fd z CBD konope, ktor\u00e9 neobsahuje THC a p\u00fd\u0161i sa mno\u017estvom pozit\u00edvnych \u00fa\u010dinkov.<\/span><\/p>\n<p><span style=\"font-size: 12pt; font-family: verdana, geneva;\"><strong>\u00da\u010dinky:<\/strong> Prispieva k norm\u00e1lnej \u010dinnosti srdca, posil\u0148uje imunitn\u00fd syst\u00e9m a obranyschopnos\u0165. Zlep\u0161uje stav poko\u017eky, napom\u00e1ha zni\u017eova\u0165 hladinu cukru a cholesterolu, stimuluje \u010dinnos\u0165 svalov a k\u013abov.<\/span><\/p>\n<p><span style=\"font-size: 12pt; font-family: verdana, geneva;\"><strong>Odpor\u00fa\u010dan\u00e9 d\u00e1vkovanie:<\/strong> Dospel\u00ed a deti od 12 rokov 2-3x denne jednu polievkov\u00fa ly\u017eicu, deti od 3 do 12 rokov 2-3x denne jednu \u010dajov\u00fa ly\u017ei\u010dku.<\/span><\/p>\n<p><span style=\"font-size: 12pt; font-family: verdana, geneva;\"><img decoding=\"async\" src=\"\/user\/documents\/upload\/mceclip0-43.jpg?1701248603\" \/><\/span><\/p>\n<p><span style=\"font-size: 12pt; font-family: verdana, geneva;\"><strong><\/strong><\/span><span style=\"font-size: 12pt; font-family: verdana, geneva;\"><strong>V\u00fd\u017eivov\u00e9 \u00fadaje na 100ml sirupu:<\/strong><\/span><\/p>\n<p><span style=\"font-size: 12pt; font-family: verdana, geneva;\">Energetick\u00e1 hodnota 878kJ \/ 207kcal<br \/><\/span><span style=\"font-size: 12pt; font-family: verdana, geneva;\">Tuky <0,5 g<br \/>z toho nas\u00fdten\u00e9 mastn\u00e9 kyseliny <0,1 g<br \/>Sacharidy 52 g<br \/>z toho cukry 52 g<br \/>Bielkoviny 0 g<br \/>So\u013e <0,01g<\/span><\/p>\n<p><span style=\"font-size: 12pt; font-family: verdana, geneva;\"><strong>Objem:<\/strong> 250 ml<\/span><\/p>\n<p><span style=\"font-size: 12pt; font-family: verdana, geneva;\"><strong>Krajina p\u00f4vodu:<\/strong> \u010cesk\u00e1 republika<\/span><\/p>\n<p><span style=\"font-size: 12pt; font-family: verdana, geneva;\"><strong><span>Recenziu k tomuto produktu n\u00e1jdete <a href=\"https:\/\/www.nasezdravie.sk\/magazin\/konopny-elixir-recenzia\" target=\"_blank\" rel=\"noopener noreferrer\">tu<\/a>.<\/span><\/strong><\/span><\/p>\n","protected":false},"excerpt":{"rendered":"<p>Hoci m\u00e1 ve\u013ea \u013eud\u00ed konope spojen\u00e9 s r\u00f4znymi &#8222;kapuc\u00e1\u0159\u00ed&#8220; so zelenou rastlinkou zabalen\u00fa v papieri, tak neodsudzujte konope predbe\u017ene. N\u00e1\u0161 sirup je vyroben\u00fd z CBD konope, ktor\u00e9 neobsahuje THC a p\u00fd\u0161i sa mno\u017estvom pozit\u00edvnych \u00fa\u010dinkov. \u00da\u010dinky: Prispieva k norm\u00e1lnej \u010dinnosti srdca, posil\u0148uje imunitn\u00fd syst\u00e9m a obranyschopnos\u0165. Zlep\u0161uje stav poko\u017eky, napom\u00e1ha zni\u017eova\u0165 hladinu cukru a cholesterolu, [&hellip;]<\/p>\n","protected":false},"featured_media":13960,"comment_status":"open","ping_status":"open","template":"","meta":{"site-sidebar-layout":"default","site-content-layout":"","ast-site-content-layout":"default","site-content-style":"default","site-sidebar-style":"default","ast-global-header-display":"","ast-banner-title-visibility":"","ast-main-header-display":"","ast-hfb-above-header-display":"","ast-hfb-below-header-display":"","ast-hfb-mobile-header-display":"","site-post-title":"","ast-breadcrumbs-content":"","ast-featured-img":"","footer-sml-layout":"","ast-disable-related-posts":"","theme-transparent-header-meta":"","adv-header-id-meta":"","stick-header-meta":"","header-above-stick-meta":"","header-main-stick-meta":"","header-below-stick-meta":"","astra-migrate-meta-layouts":"default","ast-page-background-enabled":"default","ast-page-background-meta":{"desktop":{"background-color":"","background-image":"","background-repeat":"repeat","background-position":"center center","background-size":"auto","background-attachment":"scroll","background-type":"","background-media":"","overlay-type":"","overlay-color":"","overlay-opacity":"","overlay-gradient":""},"tablet":{"background-color":"","background-image":"","background-repeat":"repeat","background-position":"center center","background-size":"auto","background-attachment":"scroll","background-type":"","background-media":"","overlay-type":"","overlay-color":"","overlay-opacity":"","overlay-gradient":""},"mobile":{"background-color":"","background-image":"","background-repeat":"repeat","background-position":"center center","background-size":"auto","background-attachment":"scroll","background-type":"","background-media":"","overlay-type":"","overlay-color":"","overlay-opacity":"","overlay-gradient":""}},"ast-content-background-meta":{"desktop":{"background-color":"var(--ast-global-color-5)","background-image":"","background-repeat":"repeat","background-position":"center center","background-size":"auto","background-attachment":"scroll","background-type":"","background-media":"","overlay-type":"","overlay-color":"","overlay-opacity":"","overlay-gradient":""},"tablet":{"background-color":"var(--ast-global-color-5)","background-image":"","background-repeat":"repeat","background-position":"center center","background-size":"auto","background-attachment":"scroll","background-type":"","background-media":"","overlay-type":"","overlay-color":"","overlay-opacity":"","overlay-gradient":""},"mobile":{"background-color":"var(--ast-global-color-5)","background-image":"","background-repeat":"repeat","background-position":"center center","background-size":"auto","background-attachment":"scroll","background-type":"","background-media":"","overlay-type":"","overlay-color":"","overlay-opacity":"","overlay-gradient":""}}},"product_brand":[],"product_cat":[71,16,217,127,176,51,126],"product_tag":[],"class_list":{"0":"post-741","1":"product","2":"type-product","3":"status-publish","4":"has-post-thumbnail","6":"product_cat-alko-a-nealko-napoje","7":"product_cat-bio-potraviny","8":"product_cat-cholesterol-a-obezita","9":"product_cat-sirupy","10":"product_cat-sirupy-a-limonady","11":"product_cat-cukor-sirupy-a-sladidla","12":"product_cat-zdrave-sladidla","13":"pa_cena-dopravy-367","14":"pa_doprava-zasilkovna","15":"pa_typ-partnersky-predaj","16":"pa_znacka-bylinarstvi-u-chytre-horakyne","17":"desktop-align-left","18":"tablet-align-left","19":"mobile-align-left","21":"first","22":"instock","23":"product-type-external"},"yoast_head":"<!-- This site is optimized with the Yoast SEO plugin v27.2 - https:\/\/yoast.com\/product\/yoast-seo-wordpress\/ -->\n<title>Bylin\u00e1\u0159stv\u00ed U Chytr\u00e9 hor\u00e1kyn\u011b Sirup &quot;Konopn\u00fd Elix\u00edr&quot; - Bylink\u00e1\u0159stv\u00ed u Chytr\u00e9 Hor\u00e1kyn\u011b - 250 ml - EKO-BIO-NATURA BIO OBCHOD<\/title>\n<meta name=\"robots\" content=\"index, follow, max-snippet:-1, max-image-preview:large, max-video-preview:-1\" \/>\n<link rel=\"canonical\" href=\"https:\/\/www.eko-bio-natura.sk\/shop\/produkt\/bylinarstvi-u-chytre-horakyne-sirup-konopny-elixir-bylinkarstvi-u-chytre-horakyne-250-ml\/\" \/>\n<meta property=\"og:locale\" content=\"sk_SK\" \/>\n<meta property=\"og:type\" content=\"article\" \/>\n<meta property=\"og:title\" content=\"Bylin\u00e1\u0159stv\u00ed U Chytr\u00e9 hor\u00e1kyn\u011b Sirup &quot;Konopn\u00fd Elix\u00edr&quot; - Bylink\u00e1\u0159stv\u00ed u Chytr\u00e9 Hor\u00e1kyn\u011b - 250 ml - EKO-BIO-NATURA BIO OBCHOD\" \/>\n<meta property=\"og:description\" content=\"Hoci m\u00e1 ve\u013ea \u013eud\u00ed konope spojen\u00e9 s r\u00f4znymi &#8222;kapuc\u00e1\u0159\u00ed&#8220; so zelenou rastlinkou zabalen\u00fa v papieri, tak neodsudzujte konope predbe\u017ene. N\u00e1\u0161 sirup je vyroben\u00fd z CBD konope, ktor\u00e9 neobsahuje THC a p\u00fd\u0161i sa mno\u017estvom pozit\u00edvnych \u00fa\u010dinkov. \u00da\u010dinky: Prispieva k norm\u00e1lnej \u010dinnosti srdca, posil\u0148uje imunitn\u00fd syst\u00e9m a obranyschopnos\u0165. Zlep\u0161uje stav poko\u017eky, napom\u00e1ha zni\u017eova\u0165 hladinu cukru a cholesterolu, [&hellip;]\" \/>\n<meta property=\"og:url\" content=\"https:\/\/www.eko-bio-natura.sk\/shop\/produkt\/bylinarstvi-u-chytre-horakyne-sirup-konopny-elixir-bylinkarstvi-u-chytre-horakyne-250-ml\/\" \/>\n<meta property=\"og:site_name\" content=\"EKO-BIO-NATURA BIO OBCHOD\" \/>\n<meta property=\"og:image\" content=\"https:\/\/www.eko-bio-natura.sk\/shop\/wp-content\/uploads\/2023\/02\/11681_konopny-elixir-bez-pozadi-nova-fotka.jpg\" \/>\n\t<meta property=\"og:image:width\" content=\"264\" \/>\n\t<meta property=\"og:image:height\" content=\"1000\" \/>\n\t<meta property=\"og:image:type\" content=\"image\/jpeg\" \/>\n<meta name=\"twitter:card\" content=\"summary_large_image\" \/>\n<meta name=\"twitter:label1\" content=\"Predpokladan\u00fd \u010das \u010d\u00edtania\" \/>\n\t<meta name=\"twitter:data1\" content=\"1 min\u00fata\" \/>\n<script type=\"application\/ld+json\" class=\"yoast-schema-graph\">{\"@context\":\"https:\/\/schema.org\",\"@graph\":[{\"@type\":\"WebPage\",\"@id\":\"https:\/\/www.eko-bio-natura.sk\/shop\/produkt\/bylinarstvi-u-chytre-horakyne-sirup-konopny-elixir-bylinkarstvi-u-chytre-horakyne-250-ml\/\",\"url\":\"https:\/\/www.eko-bio-natura.sk\/shop\/produkt\/bylinarstvi-u-chytre-horakyne-sirup-konopny-elixir-bylinkarstvi-u-chytre-horakyne-250-ml\/\",\"name\":\"Bylin\u00e1\u0159stv\u00ed U Chytr\u00e9 hor\u00e1kyn\u011b Sirup &quot;Konopn\u00fd Elix\u00edr&quot; - Bylink\u00e1\u0159stv\u00ed u Chytr\u00e9 Hor\u00e1kyn\u011b - 250 ml - EKO-BIO-NATURA BIO OBCHOD\",\"isPartOf\":{\"@id\":\"https:\/\/www.eko-bio-natura.sk\/shop\/#website\"},\"primaryImageOfPage\":{\"@id\":\"https:\/\/www.eko-bio-natura.sk\/shop\/produkt\/bylinarstvi-u-chytre-horakyne-sirup-konopny-elixir-bylinkarstvi-u-chytre-horakyne-250-ml\/#primaryimage\"},\"image\":{\"@id\":\"https:\/\/www.eko-bio-natura.sk\/shop\/produkt\/bylinarstvi-u-chytre-horakyne-sirup-konopny-elixir-bylinkarstvi-u-chytre-horakyne-250-ml\/#primaryimage\"},\"thumbnailUrl\":\"https:\/\/www.eko-bio-natura.sk\/shop\/wp-content\/uploads\/2023\/02\/11681_konopny-elixir-bez-pozadi-nova-fotka.jpg\",\"datePublished\":\"2025-04-17T15:29:20+00:00\",\"breadcrumb\":{\"@id\":\"https:\/\/www.eko-bio-natura.sk\/shop\/produkt\/bylinarstvi-u-chytre-horakyne-sirup-konopny-elixir-bylinkarstvi-u-chytre-horakyne-250-ml\/#breadcrumb\"},\"inLanguage\":\"sk-SK\",\"potentialAction\":[{\"@type\":\"ReadAction\",\"target\":[\"https:\/\/www.eko-bio-natura.sk\/shop\/produkt\/bylinarstvi-u-chytre-horakyne-sirup-konopny-elixir-bylinkarstvi-u-chytre-horakyne-250-ml\/\"]}]},{\"@type\":\"ImageObject\",\"inLanguage\":\"sk-SK\",\"@id\":\"https:\/\/www.eko-bio-natura.sk\/shop\/produkt\/bylinarstvi-u-chytre-horakyne-sirup-konopny-elixir-bylinkarstvi-u-chytre-horakyne-250-ml\/#primaryimage\",\"url\":\"https:\/\/www.eko-bio-natura.sk\/shop\/wp-content\/uploads\/2023\/02\/11681_konopny-elixir-bez-pozadi-nova-fotka.jpg\",\"contentUrl\":\"https:\/\/www.eko-bio-natura.sk\/shop\/wp-content\/uploads\/2023\/02\/11681_konopny-elixir-bez-pozadi-nova-fotka.jpg\",\"width\":264,\"height\":1000},{\"@type\":\"BreadcrumbList\",\"@id\":\"https:\/\/www.eko-bio-natura.sk\/shop\/produkt\/bylinarstvi-u-chytre-horakyne-sirup-konopny-elixir-bylinkarstvi-u-chytre-horakyne-250-ml\/#breadcrumb\",\"itemListElement\":[{\"@type\":\"ListItem\",\"position\":1,\"name\":\"Domovsk\u00e1 str\u00e1nka\",\"item\":\"https:\/\/www.eko-bio-natura.sk\/shop\/\"},{\"@type\":\"ListItem\",\"position\":2,\"name\":\"Obchod\",\"item\":\"https:\/\/www.eko-bio-natura.sk\/shop\/?page_id=6\"},{\"@type\":\"ListItem\",\"position\":3,\"name\":\"Bylin\u00e1\u0159stv\u00ed U Chytr\u00e9 hor\u00e1kyn\u011b Sirup &quot;Konopn\u00fd Elix\u00edr&quot; &#8211; Bylink\u00e1\u0159stv\u00ed u Chytr\u00e9 Hor\u00e1kyn\u011b &#8211; 250 ml\"}]},{\"@type\":\"WebSite\",\"@id\":\"https:\/\/www.eko-bio-natura.sk\/shop\/#website\",\"url\":\"https:\/\/www.eko-bio-natura.sk\/shop\/\",\"name\":\"EKO-BIO-NATURA BIO OBCHOD\",\"description\":\"\",\"publisher\":{\"@id\":\"https:\/\/www.eko-bio-natura.sk\/shop\/#organization\"},\"potentialAction\":[{\"@type\":\"SearchAction\",\"target\":{\"@type\":\"EntryPoint\",\"urlTemplate\":\"https:\/\/www.eko-bio-natura.sk\/shop\/?s={search_term_string}\"},\"query-input\":{\"@type\":\"PropertyValueSpecification\",\"valueRequired\":true,\"valueName\":\"search_term_string\"}}],\"inLanguage\":\"sk-SK\"},{\"@type\":\"Organization\",\"@id\":\"https:\/\/www.eko-bio-natura.sk\/shop\/#organization\",\"name\":\"EKO-BIO-NATURA BIO OBCHOD\",\"url\":\"https:\/\/www.eko-bio-natura.sk\/shop\/\",\"logo\":{\"@type\":\"ImageObject\",\"inLanguage\":\"sk-SK\",\"@id\":\"https:\/\/www.eko-bio-natura.sk\/shop\/#\/schema\/logo\/image\/\",\"url\":\"https:\/\/www.eko-bio-natura.sk\/shop\/wp-content\/uploads\/2021\/04\/eko-bio-natura_logo.png\",\"contentUrl\":\"https:\/\/www.eko-bio-natura.sk\/shop\/wp-content\/uploads\/2021\/04\/eko-bio-natura_logo.png\",\"width\":552,\"height\":194,\"caption\":\"EKO-BIO-NATURA BIO OBCHOD\"},\"image\":{\"@id\":\"https:\/\/www.eko-bio-natura.sk\/shop\/#\/schema\/logo\/image\/\"}}]}<\/script>\n<!-- \/ Yoast SEO plugin. -->","yoast_head_json":{"title":"Bylin\u00e1\u0159stv\u00ed U Chytr\u00e9 hor\u00e1kyn\u011b Sirup &quot;Konopn\u00fd Elix\u00edr&quot; - Bylink\u00e1\u0159stv\u00ed u Chytr\u00e9 Hor\u00e1kyn\u011b - 250 ml - EKO-BIO-NATURA BIO OBCHOD","robots":{"index":"index","follow":"follow","max-snippet":"max-snippet:-1","max-image-preview":"max-image-preview:large","max-video-preview":"max-video-preview:-1"},"canonical":"https:\/\/www.eko-bio-natura.sk\/shop\/produkt\/bylinarstvi-u-chytre-horakyne-sirup-konopny-elixir-bylinkarstvi-u-chytre-horakyne-250-ml\/","og_locale":"sk_SK","og_type":"article","og_title":"Bylin\u00e1\u0159stv\u00ed U Chytr\u00e9 hor\u00e1kyn\u011b Sirup &quot;Konopn\u00fd Elix\u00edr&quot; - Bylink\u00e1\u0159stv\u00ed u Chytr\u00e9 Hor\u00e1kyn\u011b - 250 ml - EKO-BIO-NATURA BIO OBCHOD","og_description":"Hoci m\u00e1 ve\u013ea \u013eud\u00ed konope spojen\u00e9 s r\u00f4znymi &#8222;kapuc\u00e1\u0159\u00ed&#8220; so zelenou rastlinkou zabalen\u00fa v papieri, tak neodsudzujte konope predbe\u017ene. N\u00e1\u0161 sirup je vyroben\u00fd z CBD konope, ktor\u00e9 neobsahuje THC a p\u00fd\u0161i sa mno\u017estvom pozit\u00edvnych \u00fa\u010dinkov. \u00da\u010dinky: Prispieva k norm\u00e1lnej \u010dinnosti srdca, posil\u0148uje imunitn\u00fd syst\u00e9m a obranyschopnos\u0165. Zlep\u0161uje stav poko\u017eky, napom\u00e1ha zni\u017eova\u0165 hladinu cukru a cholesterolu, [&hellip;]","og_url":"https:\/\/www.eko-bio-natura.sk\/shop\/produkt\/bylinarstvi-u-chytre-horakyne-sirup-konopny-elixir-bylinkarstvi-u-chytre-horakyne-250-ml\/","og_site_name":"EKO-BIO-NATURA BIO OBCHOD","og_image":[{"width":264,"height":1000,"url":"https:\/\/www.eko-bio-natura.sk\/shop\/wp-content\/uploads\/2023\/02\/11681_konopny-elixir-bez-pozadi-nova-fotka.jpg","type":"image\/jpeg"}],"twitter_card":"summary_large_image","twitter_misc":{"Predpokladan\u00fd \u010das \u010d\u00edtania":"1 min\u00fata"},"schema":{"@context":"https:\/\/schema.org","@graph":[{"@type":"WebPage","@id":"https:\/\/www.eko-bio-natura.sk\/shop\/produkt\/bylinarstvi-u-chytre-horakyne-sirup-konopny-elixir-bylinkarstvi-u-chytre-horakyne-250-ml\/","url":"https:\/\/www.eko-bio-natura.sk\/shop\/produkt\/bylinarstvi-u-chytre-horakyne-sirup-konopny-elixir-bylinkarstvi-u-chytre-horakyne-250-ml\/","name":"Bylin\u00e1\u0159stv\u00ed U Chytr\u00e9 hor\u00e1kyn\u011b Sirup &quot;Konopn\u00fd Elix\u00edr&quot; - Bylink\u00e1\u0159stv\u00ed u Chytr\u00e9 Hor\u00e1kyn\u011b - 250 ml - EKO-BIO-NATURA BIO OBCHOD","isPartOf":{"@id":"https:\/\/www.eko-bio-natura.sk\/shop\/#website"},"primaryImageOfPage":{"@id":"https:\/\/www.eko-bio-natura.sk\/shop\/produkt\/bylinarstvi-u-chytre-horakyne-sirup-konopny-elixir-bylinkarstvi-u-chytre-horakyne-250-ml\/#primaryimage"},"image":{"@id":"https:\/\/www.eko-bio-natura.sk\/shop\/produkt\/bylinarstvi-u-chytre-horakyne-sirup-konopny-elixir-bylinkarstvi-u-chytre-horakyne-250-ml\/#primaryimage"},"thumbnailUrl":"https:\/\/www.eko-bio-natura.sk\/shop\/wp-content\/uploads\/2023\/02\/11681_konopny-elixir-bez-pozadi-nova-fotka.jpg","datePublished":"2025-04-17T15:29:20+00:00","breadcrumb":{"@id":"https:\/\/www.eko-bio-natura.sk\/shop\/produkt\/bylinarstvi-u-chytre-horakyne-sirup-konopny-elixir-bylinkarstvi-u-chytre-horakyne-250-ml\/#breadcrumb"},"inLanguage":"sk-SK","potentialAction":[{"@type":"ReadAction","target":["https:\/\/www.eko-bio-natura.sk\/shop\/produkt\/bylinarstvi-u-chytre-horakyne-sirup-konopny-elixir-bylinkarstvi-u-chytre-horakyne-250-ml\/"]}]},{"@type":"ImageObject","inLanguage":"sk-SK","@id":"https:\/\/www.eko-bio-natura.sk\/shop\/produkt\/bylinarstvi-u-chytre-horakyne-sirup-konopny-elixir-bylinkarstvi-u-chytre-horakyne-250-ml\/#primaryimage","url":"https:\/\/www.eko-bio-natura.sk\/shop\/wp-content\/uploads\/2023\/02\/11681_konopny-elixir-bez-pozadi-nova-fotka.jpg","contentUrl":"https:\/\/www.eko-bio-natura.sk\/shop\/wp-content\/uploads\/2023\/02\/11681_konopny-elixir-bez-pozadi-nova-fotka.jpg","width":264,"height":1000},{"@type":"BreadcrumbList","@id":"https:\/\/www.eko-bio-natura.sk\/shop\/produkt\/bylinarstvi-u-chytre-horakyne-sirup-konopny-elixir-bylinkarstvi-u-chytre-horakyne-250-ml\/#breadcrumb","itemListElement":[{"@type":"ListItem","position":1,"name":"Domovsk\u00e1 str\u00e1nka","item":"https:\/\/www.eko-bio-natura.sk\/shop\/"},{"@type":"ListItem","position":2,"name":"Obchod","item":"https:\/\/www.eko-bio-natura.sk\/shop\/?page_id=6"},{"@type":"ListItem","position":3,"name":"Bylin\u00e1\u0159stv\u00ed U Chytr\u00e9 hor\u00e1kyn\u011b Sirup &quot;Konopn\u00fd Elix\u00edr&quot; &#8211; Bylink\u00e1\u0159stv\u00ed u Chytr\u00e9 Hor\u00e1kyn\u011b &#8211; 250 ml"}]},{"@type":"WebSite","@id":"https:\/\/www.eko-bio-natura.sk\/shop\/#website","url":"https:\/\/www.eko-bio-natura.sk\/shop\/","name":"EKO-BIO-NATURA BIO OBCHOD","description":"","publisher":{"@id":"https:\/\/www.eko-bio-natura.sk\/shop\/#organization"},"potentialAction":[{"@type":"SearchAction","target":{"@type":"EntryPoint","urlTemplate":"https:\/\/www.eko-bio-natura.sk\/shop\/?s={search_term_string}"},"query-input":{"@type":"PropertyValueSpecification","valueRequired":true,"valueName":"search_term_string"}}],"inLanguage":"sk-SK"},{"@type":"Organization","@id":"https:\/\/www.eko-bio-natura.sk\/shop\/#organization","name":"EKO-BIO-NATURA BIO OBCHOD","url":"https:\/\/www.eko-bio-natura.sk\/shop\/","logo":{"@type":"ImageObject","inLanguage":"sk-SK","@id":"https:\/\/www.eko-bio-natura.sk\/shop\/#\/schema\/logo\/image\/","url":"https:\/\/www.eko-bio-natura.sk\/shop\/wp-content\/uploads\/2021\/04\/eko-bio-natura_logo.png","contentUrl":"https:\/\/www.eko-bio-natura.sk\/shop\/wp-content\/uploads\/2021\/04\/eko-bio-natura_logo.png","width":552,"height":194,"caption":"EKO-BIO-NATURA BIO OBCHOD"},"image":{"@id":"https:\/\/www.eko-bio-natura.sk\/shop\/#\/schema\/logo\/image\/"}}]}},"_links":{"self":[{"href":"https:\/\/www.eko-bio-natura.sk\/shop\/wp-json\/wp\/v2\/product\/741","targetHints":{"allow":["GET"]}}],"collection":[{"href":"https:\/\/www.eko-bio-natura.sk\/shop\/wp-json\/wp\/v2\/product"}],"about":[{"href":"https:\/\/www.eko-bio-natura.sk\/shop\/wp-json\/wp\/v2\/types\/product"}],"replies":[{"embeddable":true,"href":"https:\/\/www.eko-bio-natura.sk\/shop\/wp-json\/wp\/v2\/comments?post=741"}],"wp:featuredmedia":[{"embeddable":true,"href":"https:\/\/www.eko-bio-natura.sk\/shop\/wp-json\/wp\/v2\/media\/13960"}],"wp:attachment":[{"href":"https:\/\/www.eko-bio-natura.sk\/shop\/wp-json\/wp\/v2\/media?parent=741"}],"wp:term":[{"taxonomy":"product_brand","embeddable":true,"href":"https:\/\/www.eko-bio-natura.sk\/shop\/wp-json\/wp\/v2\/product_brand?post=741"},{"taxonomy":"product_cat","embeddable":true,"href":"https:\/\/www.eko-bio-natura.sk\/shop\/wp-json\/wp\/v2\/product_cat?post=741"},{"taxonomy":"product_tag","embeddable":true,"href":"https:\/\/www.eko-bio-natura.sk\/shop\/wp-json\/wp\/v2\/product_tag?post=741"}],"curies":[{"name":"wp","href":"https:\/\/api.w.org\/{rel}","templated":true}]}}