{"id":7405,"date":"2021-12-28T18:06:11","date_gmt":"2021-12-28T17:06:11","guid":{"rendered":"https:\/\/www.eko-bio-natura.sk\/shop\/index.php\/produkt\/men-intenzivny-organicky-krem-proti-vraskam-sila-medveda-natura-siberica-50-ml\/"},"modified":"2025-04-17T23:09:59","modified_gmt":"2025-04-17T21:09:59","slug":"men-intenzivny-organicky-krem-proti-vraskam-sila-medveda-natura-siberica-50-ml","status":"publish","type":"product","link":"https:\/\/www.eko-bio-natura.sk\/shop\/produkt\/men-intenzivny-organicky-krem-proti-vraskam-sila-medveda-natura-siberica-50-ml\/","title":{"rendered":"Men Intenz\u00edvny organick\u00fd kr\u00e9m proti vr\u00e1skam &quot;Sila Medve\u010fa&quot; &#8211; Natura Siberica &#8211; 50 ml"},"content":{"rendered":"<p><span style=\"font-size: 12pt; font-family: verdana, geneva;\"><strong>Akt\u00edvne zlo\u017eky:<\/strong> Organick\u00fd \u017een\u0161en, divok\u00fd \u013eubovn\u00edk, kyselina hyalur\u00f3nov\u00e1 a&nbsp;panthenol maj\u00fa omladzuj\u00faci \u00fa\u010dinok, redukuj\u00fa vr\u00e1sky, kam\u010datsk\u00fd divok\u00fd v\u010del\u00ed med vy\u017eivuje a hydratuje poko\u017eku, \u010derven\u00e1 medvedica lek\u00e1rska- antioxida\u010dn\u00e9 \u00fa\u010dinky<\/span><\/p>\n<p><span style=\"font-size: 12pt; font-family: verdana, geneva;\"><strong>Sp\u00f4sob pou\u017eitia:<\/strong> Primeran\u00e9 mno\u017estvo kr\u00e9mu naneste na tv\u00e1r a&nbsp;kon\u010dekmi prstov jemne vmas\u00edrujte<\/span><\/p>\n<p><span style=\"font-size: 12pt; font-family: verdana, geneva;\"><strong>Upozornenie:<\/strong> Vyh\u00fdbajte sa kontaktu s&nbsp;o\u010dami, intolerancia na niektor\u00fa zo zlo\u017eiek.<\/span><\/p>\n<p><span style=\"font-size: 12pt; font-family: verdana, geneva;\"><strong>Obsah:<\/strong> 50ml<\/span><\/p>\n<p><span style=\"font-size: 12pt; font-family: verdana, geneva;\"><strong>Krajina p\u00f4vodu:<\/strong> Rusko<\/span><\/p>\n<p><img decoding=\"async\" src=\"https:\/\/www.herbatica.sk\/user\/documents\/upload\/zlozenia\/0636.jpg\" alt=\"0636\" \/><\/p>\n<p><span style=\"font-size: 12pt; font-family: verdana, geneva;\"><strong><span style=\"font-family: verdana, geneva;\">Kozmetika spolo\u010dnosti Natura Siberica netestuje svoje produkty na zvierat\u00e1ch. Viac inform\u00e1ci\u00ed n\u00e1jdete v <a href=\"http:\/\/www.herbatica.sk\/certifikaty_produktov\/\" target=\"_blank\" rel=\"noopener noreferrer\">\u010dasti Certifik\u00e1ty.<\/a><\/span><\/strong><\/span><\/p>\n","protected":false},"excerpt":{"rendered":"<p>Akt\u00edvne zlo\u017eky: Organick\u00fd \u017een\u0161en, divok\u00fd \u013eubovn\u00edk, kyselina hyalur\u00f3nov\u00e1 a&nbsp;panthenol maj\u00fa omladzuj\u00faci \u00fa\u010dinok, redukuj\u00fa vr\u00e1sky, kam\u010datsk\u00fd divok\u00fd v\u010del\u00ed med vy\u017eivuje a hydratuje poko\u017eku, \u010derven\u00e1 medvedica lek\u00e1rska- antioxida\u010dn\u00e9 \u00fa\u010dinky Sp\u00f4sob pou\u017eitia: Primeran\u00e9 mno\u017estvo kr\u00e9mu naneste na tv\u00e1r a&nbsp;kon\u010dekmi prstov jemne vmas\u00edrujte Upozornenie: Vyh\u00fdbajte sa kontaktu s&nbsp;o\u010dami, intolerancia na niektor\u00fa zo zlo\u017eiek. Obsah: 50ml Krajina p\u00f4vodu: Rusko Kozmetika [&hellip;]<\/p>\n","protected":false},"featured_media":7406,"comment_status":"open","ping_status":"open","template":"","meta":{"site-sidebar-layout":"default","site-content-layout":"","ast-site-content-layout":"default","site-content-style":"default","site-sidebar-style":"default","ast-global-header-display":"","ast-banner-title-visibility":"","ast-main-header-display":"","ast-hfb-above-header-display":"","ast-hfb-below-header-display":"","ast-hfb-mobile-header-display":"","site-post-title":"","ast-breadcrumbs-content":"","ast-featured-img":"","footer-sml-layout":"","ast-disable-related-posts":"","theme-transparent-header-meta":"","adv-header-id-meta":"","stick-header-meta":"","header-above-stick-meta":"","header-main-stick-meta":"","header-below-stick-meta":"","astra-migrate-meta-layouts":"default","ast-page-background-enabled":"default","ast-page-background-meta":{"desktop":{"background-color":"","background-image":"","background-repeat":"repeat","background-position":"center center","background-size":"auto","background-attachment":"scroll","background-type":"","background-media":"","overlay-type":"","overlay-color":"","overlay-opacity":"","overlay-gradient":""},"tablet":{"background-color":"","background-image":"","background-repeat":"repeat","background-position":"center center","background-size":"auto","background-attachment":"scroll","background-type":"","background-media":"","overlay-type":"","overlay-color":"","overlay-opacity":"","overlay-gradient":""},"mobile":{"background-color":"","background-image":"","background-repeat":"repeat","background-position":"center center","background-size":"auto","background-attachment":"scroll","background-type":"","background-media":"","overlay-type":"","overlay-color":"","overlay-opacity":"","overlay-gradient":""}},"ast-content-background-meta":{"desktop":{"background-color":"var(--ast-global-color-5)","background-image":"","background-repeat":"repeat","background-position":"center center","background-size":"auto","background-attachment":"scroll","background-type":"","background-media":"","overlay-type":"","overlay-color":"","overlay-opacity":"","overlay-gradient":""},"tablet":{"background-color":"var(--ast-global-color-5)","background-image":"","background-repeat":"repeat","background-position":"center center","background-size":"auto","background-attachment":"scroll","background-type":"","background-media":"","overlay-type":"","overlay-color":"","overlay-opacity":"","overlay-gradient":""},"mobile":{"background-color":"var(--ast-global-color-5)","background-image":"","background-repeat":"repeat","background-position":"center center","background-size":"auto","background-attachment":"scroll","background-type":"","background-media":"","overlay-type":"","overlay-color":"","overlay-opacity":"","overlay-gradient":""}}},"product_brand":[],"product_cat":[16,117,60,49,39],"product_tag":[],"class_list":{"0":"post-7405","1":"product","2":"type-product","3":"status-publish","4":"has-post-thumbnail","6":"product_cat-bio-potraviny","7":"product_cat-med","8":"product_cat-med-a-vcelie-produkty","9":"product_cat-med-dzemy-a-natierky","10":"product_cat-telova-kozmetika","11":"pa_cena-dopravy-367","12":"pa_doprava-zasilkovna","13":"pa_ean-495","14":"pa_typ-partnersky-predaj","15":"pa_znacka-natura-siberica","16":"desktop-align-left","17":"tablet-align-left","18":"mobile-align-left","20":"first","21":"instock","22":"product-type-external"},"yoast_head":"<!-- This site is optimized with the Yoast SEO plugin v27.2 - https:\/\/yoast.com\/product\/yoast-seo-wordpress\/ -->\n<title>Men Intenz\u00edvny organick\u00fd kr\u00e9m proti vr\u00e1skam &quot;Sila Medve\u010fa&quot; - Natura Siberica - 50 ml - EKO-BIO-NATURA BIO OBCHOD<\/title>\n<meta name=\"robots\" content=\"index, follow, max-snippet:-1, max-image-preview:large, max-video-preview:-1\" \/>\n<link rel=\"canonical\" href=\"https:\/\/www.eko-bio-natura.sk\/shop\/produkt\/men-intenzivny-organicky-krem-proti-vraskam-sila-medveda-natura-siberica-50-ml\/\" \/>\n<meta property=\"og:locale\" content=\"sk_SK\" \/>\n<meta property=\"og:type\" content=\"article\" \/>\n<meta property=\"og:title\" content=\"Men Intenz\u00edvny organick\u00fd kr\u00e9m proti vr\u00e1skam &quot;Sila Medve\u010fa&quot; - Natura Siberica - 50 ml - EKO-BIO-NATURA BIO OBCHOD\" \/>\n<meta property=\"og:description\" content=\"Akt\u00edvne zlo\u017eky: Organick\u00fd \u017een\u0161en, divok\u00fd \u013eubovn\u00edk, kyselina hyalur\u00f3nov\u00e1 a&nbsp;panthenol maj\u00fa omladzuj\u00faci \u00fa\u010dinok, redukuj\u00fa vr\u00e1sky, kam\u010datsk\u00fd divok\u00fd v\u010del\u00ed med vy\u017eivuje a hydratuje poko\u017eku, \u010derven\u00e1 medvedica lek\u00e1rska- antioxida\u010dn\u00e9 \u00fa\u010dinky Sp\u00f4sob pou\u017eitia: Primeran\u00e9 mno\u017estvo kr\u00e9mu naneste na tv\u00e1r a&nbsp;kon\u010dekmi prstov jemne vmas\u00edrujte Upozornenie: Vyh\u00fdbajte sa kontaktu s&nbsp;o\u010dami, intolerancia na niektor\u00fa zo zlo\u017eiek. Obsah: 50ml Krajina p\u00f4vodu: Rusko Kozmetika [&hellip;]\" \/>\n<meta property=\"og:url\" content=\"https:\/\/www.eko-bio-natura.sk\/shop\/produkt\/men-intenzivny-organicky-krem-proti-vraskam-sila-medveda-natura-siberica-50-ml\/\" \/>\n<meta property=\"og:site_name\" content=\"EKO-BIO-NATURA BIO OBCHOD\" \/>\n<meta property=\"article:modified_time\" content=\"2025-04-17T21:09:59+00:00\" \/>\n<meta property=\"og:image\" content=\"https:\/\/www.eko-bio-natura.sk\/shop\/wp-content\/uploads\/2021\/12\/5082-2_men-intenzivny-organicky-krem-proti-vraskam-sila-medveda-natura-siberica-50-ml-scaled.jpg\" \/>\n\t<meta property=\"og:image:width\" content=\"2560\" \/>\n\t<meta property=\"og:image:height\" content=\"1923\" \/>\n\t<meta property=\"og:image:type\" content=\"image\/jpeg\" \/>\n<meta name=\"twitter:card\" content=\"summary_large_image\" \/>\n<meta name=\"twitter:label1\" content=\"Predpokladan\u00fd \u010das \u010d\u00edtania\" \/>\n\t<meta name=\"twitter:data1\" content=\"1 min\u00fata\" \/>\n<script type=\"application\/ld+json\" class=\"yoast-schema-graph\">{\"@context\":\"https:\/\/schema.org\",\"@graph\":[{\"@type\":\"WebPage\",\"@id\":\"https:\/\/www.eko-bio-natura.sk\/shop\/produkt\/men-intenzivny-organicky-krem-proti-vraskam-sila-medveda-natura-siberica-50-ml\/\",\"url\":\"https:\/\/www.eko-bio-natura.sk\/shop\/produkt\/men-intenzivny-organicky-krem-proti-vraskam-sila-medveda-natura-siberica-50-ml\/\",\"name\":\"Men Intenz\u00edvny organick\u00fd kr\u00e9m proti vr\u00e1skam &quot;Sila Medve\u010fa&quot; - Natura Siberica - 50 ml - EKO-BIO-NATURA BIO OBCHOD\",\"isPartOf\":{\"@id\":\"https:\/\/www.eko-bio-natura.sk\/shop\/#website\"},\"primaryImageOfPage\":{\"@id\":\"https:\/\/www.eko-bio-natura.sk\/shop\/produkt\/men-intenzivny-organicky-krem-proti-vraskam-sila-medveda-natura-siberica-50-ml\/#primaryimage\"},\"image\":{\"@id\":\"https:\/\/www.eko-bio-natura.sk\/shop\/produkt\/men-intenzivny-organicky-krem-proti-vraskam-sila-medveda-natura-siberica-50-ml\/#primaryimage\"},\"thumbnailUrl\":\"https:\/\/www.eko-bio-natura.sk\/shop\/wp-content\/uploads\/2021\/12\/5082-2_men-intenzivny-organicky-krem-proti-vraskam-sila-medveda-natura-siberica-50-ml-scaled.jpg\",\"datePublished\":\"2021-12-28T17:06:11+00:00\",\"dateModified\":\"2025-04-17T21:09:59+00:00\",\"breadcrumb\":{\"@id\":\"https:\/\/www.eko-bio-natura.sk\/shop\/produkt\/men-intenzivny-organicky-krem-proti-vraskam-sila-medveda-natura-siberica-50-ml\/#breadcrumb\"},\"inLanguage\":\"sk-SK\",\"potentialAction\":[{\"@type\":\"ReadAction\",\"target\":[\"https:\/\/www.eko-bio-natura.sk\/shop\/produkt\/men-intenzivny-organicky-krem-proti-vraskam-sila-medveda-natura-siberica-50-ml\/\"]}]},{\"@type\":\"ImageObject\",\"inLanguage\":\"sk-SK\",\"@id\":\"https:\/\/www.eko-bio-natura.sk\/shop\/produkt\/men-intenzivny-organicky-krem-proti-vraskam-sila-medveda-natura-siberica-50-ml\/#primaryimage\",\"url\":\"https:\/\/www.eko-bio-natura.sk\/shop\/wp-content\/uploads\/2021\/12\/5082-2_men-intenzivny-organicky-krem-proti-vraskam-sila-medveda-natura-siberica-50-ml-scaled.jpg\",\"contentUrl\":\"https:\/\/www.eko-bio-natura.sk\/shop\/wp-content\/uploads\/2021\/12\/5082-2_men-intenzivny-organicky-krem-proti-vraskam-sila-medveda-natura-siberica-50-ml-scaled.jpg\",\"width\":2560,\"height\":1923},{\"@type\":\"BreadcrumbList\",\"@id\":\"https:\/\/www.eko-bio-natura.sk\/shop\/produkt\/men-intenzivny-organicky-krem-proti-vraskam-sila-medveda-natura-siberica-50-ml\/#breadcrumb\",\"itemListElement\":[{\"@type\":\"ListItem\",\"position\":1,\"name\":\"Domovsk\u00e1 str\u00e1nka\",\"item\":\"https:\/\/www.eko-bio-natura.sk\/shop\/\"},{\"@type\":\"ListItem\",\"position\":2,\"name\":\"Obchod\",\"item\":\"https:\/\/www.eko-bio-natura.sk\/shop\/?page_id=6\"},{\"@type\":\"ListItem\",\"position\":3,\"name\":\"Men Intenz\u00edvny organick\u00fd kr\u00e9m proti vr\u00e1skam &quot;Sila Medve\u010fa&quot; &#8211; Natura Siberica &#8211; 50 ml\"}]},{\"@type\":\"WebSite\",\"@id\":\"https:\/\/www.eko-bio-natura.sk\/shop\/#website\",\"url\":\"https:\/\/www.eko-bio-natura.sk\/shop\/\",\"name\":\"EKO-BIO-NATURA BIO OBCHOD\",\"description\":\"\",\"publisher\":{\"@id\":\"https:\/\/www.eko-bio-natura.sk\/shop\/#organization\"},\"potentialAction\":[{\"@type\":\"SearchAction\",\"target\":{\"@type\":\"EntryPoint\",\"urlTemplate\":\"https:\/\/www.eko-bio-natura.sk\/shop\/?s={search_term_string}\"},\"query-input\":{\"@type\":\"PropertyValueSpecification\",\"valueRequired\":true,\"valueName\":\"search_term_string\"}}],\"inLanguage\":\"sk-SK\"},{\"@type\":\"Organization\",\"@id\":\"https:\/\/www.eko-bio-natura.sk\/shop\/#organization\",\"name\":\"EKO-BIO-NATURA BIO OBCHOD\",\"url\":\"https:\/\/www.eko-bio-natura.sk\/shop\/\",\"logo\":{\"@type\":\"ImageObject\",\"inLanguage\":\"sk-SK\",\"@id\":\"https:\/\/www.eko-bio-natura.sk\/shop\/#\/schema\/logo\/image\/\",\"url\":\"https:\/\/www.eko-bio-natura.sk\/shop\/wp-content\/uploads\/2021\/04\/eko-bio-natura_logo.png\",\"contentUrl\":\"https:\/\/www.eko-bio-natura.sk\/shop\/wp-content\/uploads\/2021\/04\/eko-bio-natura_logo.png\",\"width\":552,\"height\":194,\"caption\":\"EKO-BIO-NATURA BIO OBCHOD\"},\"image\":{\"@id\":\"https:\/\/www.eko-bio-natura.sk\/shop\/#\/schema\/logo\/image\/\"}}]}<\/script>\n<!-- \/ Yoast SEO plugin. -->","yoast_head_json":{"title":"Men Intenz\u00edvny organick\u00fd kr\u00e9m proti vr\u00e1skam &quot;Sila Medve\u010fa&quot; - Natura Siberica - 50 ml - EKO-BIO-NATURA BIO OBCHOD","robots":{"index":"index","follow":"follow","max-snippet":"max-snippet:-1","max-image-preview":"max-image-preview:large","max-video-preview":"max-video-preview:-1"},"canonical":"https:\/\/www.eko-bio-natura.sk\/shop\/produkt\/men-intenzivny-organicky-krem-proti-vraskam-sila-medveda-natura-siberica-50-ml\/","og_locale":"sk_SK","og_type":"article","og_title":"Men Intenz\u00edvny organick\u00fd kr\u00e9m proti vr\u00e1skam &quot;Sila Medve\u010fa&quot; - Natura Siberica - 50 ml - EKO-BIO-NATURA BIO OBCHOD","og_description":"Akt\u00edvne zlo\u017eky: Organick\u00fd \u017een\u0161en, divok\u00fd \u013eubovn\u00edk, kyselina hyalur\u00f3nov\u00e1 a&nbsp;panthenol maj\u00fa omladzuj\u00faci \u00fa\u010dinok, redukuj\u00fa vr\u00e1sky, kam\u010datsk\u00fd divok\u00fd v\u010del\u00ed med vy\u017eivuje a hydratuje poko\u017eku, \u010derven\u00e1 medvedica lek\u00e1rska- antioxida\u010dn\u00e9 \u00fa\u010dinky Sp\u00f4sob pou\u017eitia: Primeran\u00e9 mno\u017estvo kr\u00e9mu naneste na tv\u00e1r a&nbsp;kon\u010dekmi prstov jemne vmas\u00edrujte Upozornenie: Vyh\u00fdbajte sa kontaktu s&nbsp;o\u010dami, intolerancia na niektor\u00fa zo zlo\u017eiek. Obsah: 50ml Krajina p\u00f4vodu: Rusko Kozmetika [&hellip;]","og_url":"https:\/\/www.eko-bio-natura.sk\/shop\/produkt\/men-intenzivny-organicky-krem-proti-vraskam-sila-medveda-natura-siberica-50-ml\/","og_site_name":"EKO-BIO-NATURA BIO OBCHOD","article_modified_time":"2025-04-17T21:09:59+00:00","og_image":[{"width":2560,"height":1923,"url":"https:\/\/www.eko-bio-natura.sk\/shop\/wp-content\/uploads\/2021\/12\/5082-2_men-intenzivny-organicky-krem-proti-vraskam-sila-medveda-natura-siberica-50-ml-scaled.jpg","type":"image\/jpeg"}],"twitter_card":"summary_large_image","twitter_misc":{"Predpokladan\u00fd \u010das \u010d\u00edtania":"1 min\u00fata"},"schema":{"@context":"https:\/\/schema.org","@graph":[{"@type":"WebPage","@id":"https:\/\/www.eko-bio-natura.sk\/shop\/produkt\/men-intenzivny-organicky-krem-proti-vraskam-sila-medveda-natura-siberica-50-ml\/","url":"https:\/\/www.eko-bio-natura.sk\/shop\/produkt\/men-intenzivny-organicky-krem-proti-vraskam-sila-medveda-natura-siberica-50-ml\/","name":"Men Intenz\u00edvny organick\u00fd kr\u00e9m proti vr\u00e1skam &quot;Sila Medve\u010fa&quot; - Natura Siberica - 50 ml - EKO-BIO-NATURA BIO OBCHOD","isPartOf":{"@id":"https:\/\/www.eko-bio-natura.sk\/shop\/#website"},"primaryImageOfPage":{"@id":"https:\/\/www.eko-bio-natura.sk\/shop\/produkt\/men-intenzivny-organicky-krem-proti-vraskam-sila-medveda-natura-siberica-50-ml\/#primaryimage"},"image":{"@id":"https:\/\/www.eko-bio-natura.sk\/shop\/produkt\/men-intenzivny-organicky-krem-proti-vraskam-sila-medveda-natura-siberica-50-ml\/#primaryimage"},"thumbnailUrl":"https:\/\/www.eko-bio-natura.sk\/shop\/wp-content\/uploads\/2021\/12\/5082-2_men-intenzivny-organicky-krem-proti-vraskam-sila-medveda-natura-siberica-50-ml-scaled.jpg","datePublished":"2021-12-28T17:06:11+00:00","dateModified":"2025-04-17T21:09:59+00:00","breadcrumb":{"@id":"https:\/\/www.eko-bio-natura.sk\/shop\/produkt\/men-intenzivny-organicky-krem-proti-vraskam-sila-medveda-natura-siberica-50-ml\/#breadcrumb"},"inLanguage":"sk-SK","potentialAction":[{"@type":"ReadAction","target":["https:\/\/www.eko-bio-natura.sk\/shop\/produkt\/men-intenzivny-organicky-krem-proti-vraskam-sila-medveda-natura-siberica-50-ml\/"]}]},{"@type":"ImageObject","inLanguage":"sk-SK","@id":"https:\/\/www.eko-bio-natura.sk\/shop\/produkt\/men-intenzivny-organicky-krem-proti-vraskam-sila-medveda-natura-siberica-50-ml\/#primaryimage","url":"https:\/\/www.eko-bio-natura.sk\/shop\/wp-content\/uploads\/2021\/12\/5082-2_men-intenzivny-organicky-krem-proti-vraskam-sila-medveda-natura-siberica-50-ml-scaled.jpg","contentUrl":"https:\/\/www.eko-bio-natura.sk\/shop\/wp-content\/uploads\/2021\/12\/5082-2_men-intenzivny-organicky-krem-proti-vraskam-sila-medveda-natura-siberica-50-ml-scaled.jpg","width":2560,"height":1923},{"@type":"BreadcrumbList","@id":"https:\/\/www.eko-bio-natura.sk\/shop\/produkt\/men-intenzivny-organicky-krem-proti-vraskam-sila-medveda-natura-siberica-50-ml\/#breadcrumb","itemListElement":[{"@type":"ListItem","position":1,"name":"Domovsk\u00e1 str\u00e1nka","item":"https:\/\/www.eko-bio-natura.sk\/shop\/"},{"@type":"ListItem","position":2,"name":"Obchod","item":"https:\/\/www.eko-bio-natura.sk\/shop\/?page_id=6"},{"@type":"ListItem","position":3,"name":"Men Intenz\u00edvny organick\u00fd kr\u00e9m proti vr\u00e1skam &quot;Sila Medve\u010fa&quot; &#8211; Natura Siberica &#8211; 50 ml"}]},{"@type":"WebSite","@id":"https:\/\/www.eko-bio-natura.sk\/shop\/#website","url":"https:\/\/www.eko-bio-natura.sk\/shop\/","name":"EKO-BIO-NATURA BIO OBCHOD","description":"","publisher":{"@id":"https:\/\/www.eko-bio-natura.sk\/shop\/#organization"},"potentialAction":[{"@type":"SearchAction","target":{"@type":"EntryPoint","urlTemplate":"https:\/\/www.eko-bio-natura.sk\/shop\/?s={search_term_string}"},"query-input":{"@type":"PropertyValueSpecification","valueRequired":true,"valueName":"search_term_string"}}],"inLanguage":"sk-SK"},{"@type":"Organization","@id":"https:\/\/www.eko-bio-natura.sk\/shop\/#organization","name":"EKO-BIO-NATURA BIO OBCHOD","url":"https:\/\/www.eko-bio-natura.sk\/shop\/","logo":{"@type":"ImageObject","inLanguage":"sk-SK","@id":"https:\/\/www.eko-bio-natura.sk\/shop\/#\/schema\/logo\/image\/","url":"https:\/\/www.eko-bio-natura.sk\/shop\/wp-content\/uploads\/2021\/04\/eko-bio-natura_logo.png","contentUrl":"https:\/\/www.eko-bio-natura.sk\/shop\/wp-content\/uploads\/2021\/04\/eko-bio-natura_logo.png","width":552,"height":194,"caption":"EKO-BIO-NATURA BIO OBCHOD"},"image":{"@id":"https:\/\/www.eko-bio-natura.sk\/shop\/#\/schema\/logo\/image\/"}}]}},"_links":{"self":[{"href":"https:\/\/www.eko-bio-natura.sk\/shop\/wp-json\/wp\/v2\/product\/7405","targetHints":{"allow":["GET"]}}],"collection":[{"href":"https:\/\/www.eko-bio-natura.sk\/shop\/wp-json\/wp\/v2\/product"}],"about":[{"href":"https:\/\/www.eko-bio-natura.sk\/shop\/wp-json\/wp\/v2\/types\/product"}],"replies":[{"embeddable":true,"href":"https:\/\/www.eko-bio-natura.sk\/shop\/wp-json\/wp\/v2\/comments?post=7405"}],"wp:featuredmedia":[{"embeddable":true,"href":"https:\/\/www.eko-bio-natura.sk\/shop\/wp-json\/wp\/v2\/media\/7406"}],"wp:attachment":[{"href":"https:\/\/www.eko-bio-natura.sk\/shop\/wp-json\/wp\/v2\/media?parent=7405"}],"wp:term":[{"taxonomy":"product_brand","embeddable":true,"href":"https:\/\/www.eko-bio-natura.sk\/shop\/wp-json\/wp\/v2\/product_brand?post=7405"},{"taxonomy":"product_cat","embeddable":true,"href":"https:\/\/www.eko-bio-natura.sk\/shop\/wp-json\/wp\/v2\/product_cat?post=7405"},{"taxonomy":"product_tag","embeddable":true,"href":"https:\/\/www.eko-bio-natura.sk\/shop\/wp-json\/wp\/v2\/product_tag?post=7405"}],"curies":[{"name":"wp","href":"https:\/\/api.w.org\/{rel}","templated":true}]}}