{"id":7401,"date":"2021-12-28T18:06:11","date_gmt":"2021-12-28T17:06:11","guid":{"rendered":"https:\/\/www.eko-bio-natura.sk\/shop\/index.php\/produkt\/spevnujuca-balzamova-maska-na-vlasy-so-sungitom-s-antioxidantmi-fratti-180ml\/"},"modified":"2022-05-04T16:39:32","modified_gmt":"2022-05-04T14:39:32","slug":"spevnujuca-balzamova-maska-na-vlasy-so-sungitom-s-antioxidantmi-fratti-180ml","status":"publish","type":"product","link":"https:\/\/www.eko-bio-natura.sk\/shop\/produkt\/spevnujuca-balzamova-maska-na-vlasy-so-sungitom-s-antioxidantmi-fratti-180ml\/","title":{"rendered":"Spev\u0148uj\u00faca balzamov\u00e1 maska na vlasy so \u0161ungitom s antioxidantmi &#8211; Fratti &#8211; 180ml"},"content":{"rendered":"<p>&nbsp;<\/p>\n<p><span style=\"font-family: verdana, geneva; font-size: 12pt;\"><a href=\"http:\/\/blog.herbatica.sk\/zazracny-cierny-mineral-z-ruska-sungit\/\" target=\"_blank\" rel=\"noopener noreferrer\">\u0160ungit<\/a> obsahuje fuller\u00e9n, ktor\u00fd je jedn\u00fdm z najsilnej\u0161\u00edch antioxidantov, m\u00e1 \u00fa\u017easn\u00e9 \u010distiace \u00fa\u010dinky. \u0160ungitov\u00e1 voda&nbsp;pom\u00e1ha lie\u010di\u0165 protiz\u00e1palov\u00e9 ochorenia, alergie, k\u013abov\u00e9 probl\u00e9my, ale aj ko\u017en\u00e9 probl\u00e9my.&nbsp;<\/span><\/p>\n<p><span style=\"font-family: verdana, geneva; font-size: 12pt;\">V priebehu rokov sa &nbsp;za\u010dalo so \u0161ungitom a \u0161ungitovou dr\u0165ou st\u00e1le viac a viac experimentova\u0165. <strong>Za\u010dala sa pou\u017e\u00edva\u0165 s jazve\u010d\u00edm tukom, proti bolesti, so v\u010del\u00edm jedom, s n\u00e1tr\u017enicou at\u010f.<\/strong> Fuller\u00e9ny obsiahnut\u00e9 v \u0161ungite akt\u00edvne pohlcuj\u00fa tox\u00edny a v kombin\u00e1cii s bylinkami maj\u00fa maste protiz\u00e1palov\u00e9 \u00fa\u010dinky. \u0160ungit bol tak \u00fa\u010dinn\u00fd, \u017ee sa z drte, byl\u00edn a mast\u00ed za\u010dali vyr\u00e1ba\u0165&nbsp;<a href=\"http:\/\/www.herbatica.sk\/vyhladavanie\/?string=%C5%A1ungit%20kr%C3%A9m%20&amp;utm_source=Blog_Herbatica_SK&amp;utm_campaign=Sungit\">komplexn\u00e9 kr\u00e9my,<\/a>&nbsp;ktor\u00e9 svojou \u00fa\u010dinnos\u0165ou nedovolili v Rusku vst\u00fapi\u0165 na trh t\u00fdm konven\u010dn\u00fdm kr\u00e9mom proti opuchom, ktor\u00e9 pozn\u00e1me z na\u0161ich lek\u00e1rn\u00ed.<\/span><\/p>\n<p><span style=\"font-family: verdana, geneva; font-size: 12pt;\">Viac o&nbsp;\u0161ungite sa dozviete&nbsp;<strong><a href=\"http:\/\/blog.herbatica.sk\/zazracny-cierny-mineral-z-ruska-sungit\/\" target=\"_blank\" rel=\"noopener noreferrer\">na na\u0161om blogu tu.<\/a><\/strong><\/span><\/p>\n<p><span style=\"font-family: verdana, geneva; font-size: 12pt;\"><strong>Sp\u00f4sob pou\u017eitia: <\/strong>Nanies\u0165 na umyt\u00e9 vlhk\u00e9 vlasy, rovnomerne rozotrie\u0165 po celej d\u013a\u017eke vlasov, necha\u0165 p\u00f4sobi\u0165 1-3 min\u00faty a&nbsp;d\u00f4kladne opl\u00e1chnu\u0165 vodou.<\/span><\/p>\n<p><span style=\"font-family: verdana, geneva; font-size: 12pt;\"><meta charset=\"UTF-8\" \/><span><strong>Ingredients:<\/strong> Aqua, Cetearyl Alcohol, Behentrimonium Chloride, Ceteareth-3, Hydroxyethylcellulose, Lanolin, Butyrospermum Parkii Butter, Cetrimonium Chloride, Pelos, Aloe Barbadensis Leaf Juice, Extracts: Betula Alba, Chamomilla Recutita, Panicum Miliaceum, Equisetum Arvense, Salvia Officinalis, Urtica Dioica, Camelia Sinensis, Arctium Lappa, Lawsonia Inermis, Humulus Lupulus; Calcium Pantothenate, Niacin, Biotin,&nbsp;<\/span><br \/><span>Tocopheryl Acetate, Tetrasodium EDTA, Citric Acid, Methylparaben, Methylisothiazolinone, Parfum.&nbsp;<\/span><\/span><\/p>\n<p><span style=\"font-family: verdana, geneva; font-size: 12pt;\"><strong>Obsah balenia<\/strong>: 180 ml<\/span><\/p>\n<p><span style=\"font-family: verdana, geneva; font-size: 12pt;\"><strong>Krajina p\u00f4vodu: <\/strong>Rusko<\/span><\/p>\n","protected":false},"excerpt":{"rendered":"<p>&nbsp; \u0160ungit obsahuje fuller\u00e9n, ktor\u00fd je jedn\u00fdm z najsilnej\u0161\u00edch antioxidantov, m\u00e1 \u00fa\u017easn\u00e9 \u010distiace \u00fa\u010dinky. \u0160ungitov\u00e1 voda&nbsp;pom\u00e1ha lie\u010di\u0165 protiz\u00e1palov\u00e9 ochorenia, alergie, k\u013abov\u00e9 probl\u00e9my, ale aj ko\u017en\u00e9 probl\u00e9my.&nbsp; V priebehu rokov sa &nbsp;za\u010dalo so \u0161ungitom a \u0161ungitovou dr\u0165ou st\u00e1le viac a viac experimentova\u0165. Za\u010dala sa pou\u017e\u00edva\u0165 s jazve\u010d\u00edm tukom, proti bolesti, so v\u010del\u00edm jedom, s n\u00e1tr\u017enicou at\u010f. [&hellip;]<\/p>\n","protected":false},"featured_media":7402,"comment_status":"open","ping_status":"open","template":"","meta":{"site-sidebar-layout":"default","site-content-layout":"","ast-site-content-layout":"default","site-content-style":"default","site-sidebar-style":"default","ast-global-header-display":"","ast-banner-title-visibility":"","ast-main-header-display":"","ast-hfb-above-header-display":"","ast-hfb-below-header-display":"","ast-hfb-mobile-header-display":"","site-post-title":"","ast-breadcrumbs-content":"","ast-featured-img":"","footer-sml-layout":"","ast-disable-related-posts":"","theme-transparent-header-meta":"","adv-header-id-meta":"","stick-header-meta":"","header-above-stick-meta":"","header-main-stick-meta":"","header-below-stick-meta":"","astra-migrate-meta-layouts":"default","ast-page-background-enabled":"default","ast-page-background-meta":{"desktop":{"background-color":"","background-image":"","background-repeat":"repeat","background-position":"center center","background-size":"auto","background-attachment":"scroll","background-type":"","background-media":"","overlay-type":"","overlay-color":"","overlay-opacity":"","overlay-gradient":""},"tablet":{"background-color":"","background-image":"","background-repeat":"repeat","background-position":"center center","background-size":"auto","background-attachment":"scroll","background-type":"","background-media":"","overlay-type":"","overlay-color":"","overlay-opacity":"","overlay-gradient":""},"mobile":{"background-color":"","background-image":"","background-repeat":"repeat","background-position":"center center","background-size":"auto","background-attachment":"scroll","background-type":"","background-media":"","overlay-type":"","overlay-color":"","overlay-opacity":"","overlay-gradient":""}},"ast-content-background-meta":{"desktop":{"background-color":"var(--ast-global-color-5)","background-image":"","background-repeat":"repeat","background-position":"center center","background-size":"auto","background-attachment":"scroll","background-type":"","background-media":"","overlay-type":"","overlay-color":"","overlay-opacity":"","overlay-gradient":""},"tablet":{"background-color":"var(--ast-global-color-5)","background-image":"","background-repeat":"repeat","background-position":"center center","background-size":"auto","background-attachment":"scroll","background-type":"","background-media":"","overlay-type":"","overlay-color":"","overlay-opacity":"","overlay-gradient":""},"mobile":{"background-color":"var(--ast-global-color-5)","background-image":"","background-repeat":"repeat","background-position":"center center","background-size":"auto","background-attachment":"scroll","background-type":"","background-media":"","overlay-type":"","overlay-color":"","overlay-opacity":"","overlay-gradient":""}}},"product_brand":[],"product_cat":[30],"product_tag":[],"class_list":{"0":"post-7401","1":"product","2":"type-product","3":"status-publish","4":"has-post-thumbnail","6":"product_cat-vlasova-kozmetika","7":"pa_cena-dopravy-367","8":"pa_doprava-zasilkovna","9":"pa_ean-492","10":"pa_typ-partnersky-predaj","11":"pa_znacka-fratti","12":"desktop-align-left","13":"tablet-align-left","14":"mobile-align-left","16":"first","17":"instock","18":"product-type-external"},"yoast_head":"<!-- This site is optimized with the Yoast SEO plugin v27.2 - https:\/\/yoast.com\/product\/yoast-seo-wordpress\/ -->\n<title>Spev\u0148uj\u00faca balzamov\u00e1 maska na vlasy so \u0161ungitom s antioxidantmi - Fratti - 180ml - EKO-BIO-NATURA BIO OBCHOD<\/title>\n<meta name=\"robots\" content=\"index, follow, max-snippet:-1, max-image-preview:large, max-video-preview:-1\" \/>\n<link rel=\"canonical\" href=\"https:\/\/www.eko-bio-natura.sk\/shop\/produkt\/spevnujuca-balzamova-maska-na-vlasy-so-sungitom-s-antioxidantmi-fratti-180ml\/\" \/>\n<meta property=\"og:locale\" content=\"sk_SK\" \/>\n<meta property=\"og:type\" content=\"article\" \/>\n<meta property=\"og:title\" content=\"Spev\u0148uj\u00faca balzamov\u00e1 maska na vlasy so \u0161ungitom s antioxidantmi - Fratti - 180ml - EKO-BIO-NATURA BIO OBCHOD\" \/>\n<meta property=\"og:description\" content=\"&nbsp; \u0160ungit obsahuje fuller\u00e9n, ktor\u00fd je jedn\u00fdm z najsilnej\u0161\u00edch antioxidantov, m\u00e1 \u00fa\u017easn\u00e9 \u010distiace \u00fa\u010dinky. \u0160ungitov\u00e1 voda&nbsp;pom\u00e1ha lie\u010di\u0165 protiz\u00e1palov\u00e9 ochorenia, alergie, k\u013abov\u00e9 probl\u00e9my, ale aj ko\u017en\u00e9 probl\u00e9my.&nbsp; V priebehu rokov sa &nbsp;za\u010dalo so \u0161ungitom a \u0161ungitovou dr\u0165ou st\u00e1le viac a viac experimentova\u0165. Za\u010dala sa pou\u017e\u00edva\u0165 s jazve\u010d\u00edm tukom, proti bolesti, so v\u010del\u00edm jedom, s n\u00e1tr\u017enicou at\u010f. [&hellip;]\" \/>\n<meta property=\"og:url\" content=\"https:\/\/www.eko-bio-natura.sk\/shop\/produkt\/spevnujuca-balzamova-maska-na-vlasy-so-sungitom-s-antioxidantmi-fratti-180ml\/\" \/>\n<meta property=\"og:site_name\" content=\"EKO-BIO-NATURA BIO OBCHOD\" \/>\n<meta property=\"article:modified_time\" content=\"2022-05-04T14:39:32+00:00\" \/>\n<meta property=\"og:image\" content=\"https:\/\/www.eko-bio-natura.sk\/shop\/wp-content\/uploads\/2021\/12\/5004-2_spevnujuca-balzamova-maska-na-vlasy-so-sungitom-s-antioxidantmi-fratti-180ml-scaled.jpg\" \/>\n\t<meta property=\"og:image:width\" content=\"1923\" \/>\n\t<meta property=\"og:image:height\" content=\"2560\" \/>\n\t<meta property=\"og:image:type\" content=\"image\/jpeg\" \/>\n<meta name=\"twitter:card\" content=\"summary_large_image\" \/>\n<meta name=\"twitter:label1\" content=\"Predpokladan\u00fd \u010das \u010d\u00edtania\" \/>\n\t<meta name=\"twitter:data1\" content=\"1 min\u00fata\" \/>\n<script type=\"application\/ld+json\" class=\"yoast-schema-graph\">{\"@context\":\"https:\/\/schema.org\",\"@graph\":[{\"@type\":\"WebPage\",\"@id\":\"https:\/\/www.eko-bio-natura.sk\/shop\/produkt\/spevnujuca-balzamova-maska-na-vlasy-so-sungitom-s-antioxidantmi-fratti-180ml\/\",\"url\":\"https:\/\/www.eko-bio-natura.sk\/shop\/produkt\/spevnujuca-balzamova-maska-na-vlasy-so-sungitom-s-antioxidantmi-fratti-180ml\/\",\"name\":\"Spev\u0148uj\u00faca balzamov\u00e1 maska na vlasy so \u0161ungitom s antioxidantmi - Fratti - 180ml - EKO-BIO-NATURA BIO OBCHOD\",\"isPartOf\":{\"@id\":\"https:\/\/www.eko-bio-natura.sk\/shop\/#website\"},\"primaryImageOfPage\":{\"@id\":\"https:\/\/www.eko-bio-natura.sk\/shop\/produkt\/spevnujuca-balzamova-maska-na-vlasy-so-sungitom-s-antioxidantmi-fratti-180ml\/#primaryimage\"},\"image\":{\"@id\":\"https:\/\/www.eko-bio-natura.sk\/shop\/produkt\/spevnujuca-balzamova-maska-na-vlasy-so-sungitom-s-antioxidantmi-fratti-180ml\/#primaryimage\"},\"thumbnailUrl\":\"https:\/\/www.eko-bio-natura.sk\/shop\/wp-content\/uploads\/2021\/12\/5004-2_spevnujuca-balzamova-maska-na-vlasy-so-sungitom-s-antioxidantmi-fratti-180ml-scaled.jpg\",\"datePublished\":\"2021-12-28T17:06:11+00:00\",\"dateModified\":\"2022-05-04T14:39:32+00:00\",\"breadcrumb\":{\"@id\":\"https:\/\/www.eko-bio-natura.sk\/shop\/produkt\/spevnujuca-balzamova-maska-na-vlasy-so-sungitom-s-antioxidantmi-fratti-180ml\/#breadcrumb\"},\"inLanguage\":\"sk-SK\",\"potentialAction\":[{\"@type\":\"ReadAction\",\"target\":[\"https:\/\/www.eko-bio-natura.sk\/shop\/produkt\/spevnujuca-balzamova-maska-na-vlasy-so-sungitom-s-antioxidantmi-fratti-180ml\/\"]}]},{\"@type\":\"ImageObject\",\"inLanguage\":\"sk-SK\",\"@id\":\"https:\/\/www.eko-bio-natura.sk\/shop\/produkt\/spevnujuca-balzamova-maska-na-vlasy-so-sungitom-s-antioxidantmi-fratti-180ml\/#primaryimage\",\"url\":\"https:\/\/www.eko-bio-natura.sk\/shop\/wp-content\/uploads\/2021\/12\/5004-2_spevnujuca-balzamova-maska-na-vlasy-so-sungitom-s-antioxidantmi-fratti-180ml-scaled.jpg\",\"contentUrl\":\"https:\/\/www.eko-bio-natura.sk\/shop\/wp-content\/uploads\/2021\/12\/5004-2_spevnujuca-balzamova-maska-na-vlasy-so-sungitom-s-antioxidantmi-fratti-180ml-scaled.jpg\",\"width\":1923,\"height\":2560},{\"@type\":\"BreadcrumbList\",\"@id\":\"https:\/\/www.eko-bio-natura.sk\/shop\/produkt\/spevnujuca-balzamova-maska-na-vlasy-so-sungitom-s-antioxidantmi-fratti-180ml\/#breadcrumb\",\"itemListElement\":[{\"@type\":\"ListItem\",\"position\":1,\"name\":\"Domovsk\u00e1 str\u00e1nka\",\"item\":\"https:\/\/www.eko-bio-natura.sk\/shop\/\"},{\"@type\":\"ListItem\",\"position\":2,\"name\":\"Obchod\",\"item\":\"https:\/\/www.eko-bio-natura.sk\/shop\/?page_id=6\"},{\"@type\":\"ListItem\",\"position\":3,\"name\":\"Spev\u0148uj\u00faca balzamov\u00e1 maska na vlasy so \u0161ungitom s antioxidantmi &#8211; Fratti &#8211; 180ml\"}]},{\"@type\":\"WebSite\",\"@id\":\"https:\/\/www.eko-bio-natura.sk\/shop\/#website\",\"url\":\"https:\/\/www.eko-bio-natura.sk\/shop\/\",\"name\":\"EKO-BIO-NATURA BIO OBCHOD\",\"description\":\"\",\"publisher\":{\"@id\":\"https:\/\/www.eko-bio-natura.sk\/shop\/#organization\"},\"potentialAction\":[{\"@type\":\"SearchAction\",\"target\":{\"@type\":\"EntryPoint\",\"urlTemplate\":\"https:\/\/www.eko-bio-natura.sk\/shop\/?s={search_term_string}\"},\"query-input\":{\"@type\":\"PropertyValueSpecification\",\"valueRequired\":true,\"valueName\":\"search_term_string\"}}],\"inLanguage\":\"sk-SK\"},{\"@type\":\"Organization\",\"@id\":\"https:\/\/www.eko-bio-natura.sk\/shop\/#organization\",\"name\":\"EKO-BIO-NATURA BIO OBCHOD\",\"url\":\"https:\/\/www.eko-bio-natura.sk\/shop\/\",\"logo\":{\"@type\":\"ImageObject\",\"inLanguage\":\"sk-SK\",\"@id\":\"https:\/\/www.eko-bio-natura.sk\/shop\/#\/schema\/logo\/image\/\",\"url\":\"https:\/\/www.eko-bio-natura.sk\/shop\/wp-content\/uploads\/2021\/04\/eko-bio-natura_logo.png\",\"contentUrl\":\"https:\/\/www.eko-bio-natura.sk\/shop\/wp-content\/uploads\/2021\/04\/eko-bio-natura_logo.png\",\"width\":552,\"height\":194,\"caption\":\"EKO-BIO-NATURA BIO OBCHOD\"},\"image\":{\"@id\":\"https:\/\/www.eko-bio-natura.sk\/shop\/#\/schema\/logo\/image\/\"}}]}<\/script>\n<!-- \/ Yoast SEO plugin. -->","yoast_head_json":{"title":"Spev\u0148uj\u00faca balzamov\u00e1 maska na vlasy so \u0161ungitom s antioxidantmi - Fratti - 180ml - EKO-BIO-NATURA BIO OBCHOD","robots":{"index":"index","follow":"follow","max-snippet":"max-snippet:-1","max-image-preview":"max-image-preview:large","max-video-preview":"max-video-preview:-1"},"canonical":"https:\/\/www.eko-bio-natura.sk\/shop\/produkt\/spevnujuca-balzamova-maska-na-vlasy-so-sungitom-s-antioxidantmi-fratti-180ml\/","og_locale":"sk_SK","og_type":"article","og_title":"Spev\u0148uj\u00faca balzamov\u00e1 maska na vlasy so \u0161ungitom s antioxidantmi - Fratti - 180ml - EKO-BIO-NATURA BIO OBCHOD","og_description":"&nbsp; \u0160ungit obsahuje fuller\u00e9n, ktor\u00fd je jedn\u00fdm z najsilnej\u0161\u00edch antioxidantov, m\u00e1 \u00fa\u017easn\u00e9 \u010distiace \u00fa\u010dinky. \u0160ungitov\u00e1 voda&nbsp;pom\u00e1ha lie\u010di\u0165 protiz\u00e1palov\u00e9 ochorenia, alergie, k\u013abov\u00e9 probl\u00e9my, ale aj ko\u017en\u00e9 probl\u00e9my.&nbsp; V priebehu rokov sa &nbsp;za\u010dalo so \u0161ungitom a \u0161ungitovou dr\u0165ou st\u00e1le viac a viac experimentova\u0165. Za\u010dala sa pou\u017e\u00edva\u0165 s jazve\u010d\u00edm tukom, proti bolesti, so v\u010del\u00edm jedom, s n\u00e1tr\u017enicou at\u010f. [&hellip;]","og_url":"https:\/\/www.eko-bio-natura.sk\/shop\/produkt\/spevnujuca-balzamova-maska-na-vlasy-so-sungitom-s-antioxidantmi-fratti-180ml\/","og_site_name":"EKO-BIO-NATURA BIO OBCHOD","article_modified_time":"2022-05-04T14:39:32+00:00","og_image":[{"width":1923,"height":2560,"url":"https:\/\/www.eko-bio-natura.sk\/shop\/wp-content\/uploads\/2021\/12\/5004-2_spevnujuca-balzamova-maska-na-vlasy-so-sungitom-s-antioxidantmi-fratti-180ml-scaled.jpg","type":"image\/jpeg"}],"twitter_card":"summary_large_image","twitter_misc":{"Predpokladan\u00fd \u010das \u010d\u00edtania":"1 min\u00fata"},"schema":{"@context":"https:\/\/schema.org","@graph":[{"@type":"WebPage","@id":"https:\/\/www.eko-bio-natura.sk\/shop\/produkt\/spevnujuca-balzamova-maska-na-vlasy-so-sungitom-s-antioxidantmi-fratti-180ml\/","url":"https:\/\/www.eko-bio-natura.sk\/shop\/produkt\/spevnujuca-balzamova-maska-na-vlasy-so-sungitom-s-antioxidantmi-fratti-180ml\/","name":"Spev\u0148uj\u00faca balzamov\u00e1 maska na vlasy so \u0161ungitom s antioxidantmi - Fratti - 180ml - EKO-BIO-NATURA BIO OBCHOD","isPartOf":{"@id":"https:\/\/www.eko-bio-natura.sk\/shop\/#website"},"primaryImageOfPage":{"@id":"https:\/\/www.eko-bio-natura.sk\/shop\/produkt\/spevnujuca-balzamova-maska-na-vlasy-so-sungitom-s-antioxidantmi-fratti-180ml\/#primaryimage"},"image":{"@id":"https:\/\/www.eko-bio-natura.sk\/shop\/produkt\/spevnujuca-balzamova-maska-na-vlasy-so-sungitom-s-antioxidantmi-fratti-180ml\/#primaryimage"},"thumbnailUrl":"https:\/\/www.eko-bio-natura.sk\/shop\/wp-content\/uploads\/2021\/12\/5004-2_spevnujuca-balzamova-maska-na-vlasy-so-sungitom-s-antioxidantmi-fratti-180ml-scaled.jpg","datePublished":"2021-12-28T17:06:11+00:00","dateModified":"2022-05-04T14:39:32+00:00","breadcrumb":{"@id":"https:\/\/www.eko-bio-natura.sk\/shop\/produkt\/spevnujuca-balzamova-maska-na-vlasy-so-sungitom-s-antioxidantmi-fratti-180ml\/#breadcrumb"},"inLanguage":"sk-SK","potentialAction":[{"@type":"ReadAction","target":["https:\/\/www.eko-bio-natura.sk\/shop\/produkt\/spevnujuca-balzamova-maska-na-vlasy-so-sungitom-s-antioxidantmi-fratti-180ml\/"]}]},{"@type":"ImageObject","inLanguage":"sk-SK","@id":"https:\/\/www.eko-bio-natura.sk\/shop\/produkt\/spevnujuca-balzamova-maska-na-vlasy-so-sungitom-s-antioxidantmi-fratti-180ml\/#primaryimage","url":"https:\/\/www.eko-bio-natura.sk\/shop\/wp-content\/uploads\/2021\/12\/5004-2_spevnujuca-balzamova-maska-na-vlasy-so-sungitom-s-antioxidantmi-fratti-180ml-scaled.jpg","contentUrl":"https:\/\/www.eko-bio-natura.sk\/shop\/wp-content\/uploads\/2021\/12\/5004-2_spevnujuca-balzamova-maska-na-vlasy-so-sungitom-s-antioxidantmi-fratti-180ml-scaled.jpg","width":1923,"height":2560},{"@type":"BreadcrumbList","@id":"https:\/\/www.eko-bio-natura.sk\/shop\/produkt\/spevnujuca-balzamova-maska-na-vlasy-so-sungitom-s-antioxidantmi-fratti-180ml\/#breadcrumb","itemListElement":[{"@type":"ListItem","position":1,"name":"Domovsk\u00e1 str\u00e1nka","item":"https:\/\/www.eko-bio-natura.sk\/shop\/"},{"@type":"ListItem","position":2,"name":"Obchod","item":"https:\/\/www.eko-bio-natura.sk\/shop\/?page_id=6"},{"@type":"ListItem","position":3,"name":"Spev\u0148uj\u00faca balzamov\u00e1 maska na vlasy so \u0161ungitom s antioxidantmi &#8211; Fratti &#8211; 180ml"}]},{"@type":"WebSite","@id":"https:\/\/www.eko-bio-natura.sk\/shop\/#website","url":"https:\/\/www.eko-bio-natura.sk\/shop\/","name":"EKO-BIO-NATURA BIO OBCHOD","description":"","publisher":{"@id":"https:\/\/www.eko-bio-natura.sk\/shop\/#organization"},"potentialAction":[{"@type":"SearchAction","target":{"@type":"EntryPoint","urlTemplate":"https:\/\/www.eko-bio-natura.sk\/shop\/?s={search_term_string}"},"query-input":{"@type":"PropertyValueSpecification","valueRequired":true,"valueName":"search_term_string"}}],"inLanguage":"sk-SK"},{"@type":"Organization","@id":"https:\/\/www.eko-bio-natura.sk\/shop\/#organization","name":"EKO-BIO-NATURA BIO OBCHOD","url":"https:\/\/www.eko-bio-natura.sk\/shop\/","logo":{"@type":"ImageObject","inLanguage":"sk-SK","@id":"https:\/\/www.eko-bio-natura.sk\/shop\/#\/schema\/logo\/image\/","url":"https:\/\/www.eko-bio-natura.sk\/shop\/wp-content\/uploads\/2021\/04\/eko-bio-natura_logo.png","contentUrl":"https:\/\/www.eko-bio-natura.sk\/shop\/wp-content\/uploads\/2021\/04\/eko-bio-natura_logo.png","width":552,"height":194,"caption":"EKO-BIO-NATURA BIO OBCHOD"},"image":{"@id":"https:\/\/www.eko-bio-natura.sk\/shop\/#\/schema\/logo\/image\/"}}]}},"_links":{"self":[{"href":"https:\/\/www.eko-bio-natura.sk\/shop\/wp-json\/wp\/v2\/product\/7401","targetHints":{"allow":["GET"]}}],"collection":[{"href":"https:\/\/www.eko-bio-natura.sk\/shop\/wp-json\/wp\/v2\/product"}],"about":[{"href":"https:\/\/www.eko-bio-natura.sk\/shop\/wp-json\/wp\/v2\/types\/product"}],"replies":[{"embeddable":true,"href":"https:\/\/www.eko-bio-natura.sk\/shop\/wp-json\/wp\/v2\/comments?post=7401"}],"wp:featuredmedia":[{"embeddable":true,"href":"https:\/\/www.eko-bio-natura.sk\/shop\/wp-json\/wp\/v2\/media\/7402"}],"wp:attachment":[{"href":"https:\/\/www.eko-bio-natura.sk\/shop\/wp-json\/wp\/v2\/media?parent=7401"}],"wp:term":[{"taxonomy":"product_brand","embeddable":true,"href":"https:\/\/www.eko-bio-natura.sk\/shop\/wp-json\/wp\/v2\/product_brand?post=7401"},{"taxonomy":"product_cat","embeddable":true,"href":"https:\/\/www.eko-bio-natura.sk\/shop\/wp-json\/wp\/v2\/product_cat?post=7401"},{"taxonomy":"product_tag","embeddable":true,"href":"https:\/\/www.eko-bio-natura.sk\/shop\/wp-json\/wp\/v2\/product_tag?post=7401"}],"curies":[{"name":"wp","href":"https:\/\/api.w.org\/{rel}","templated":true}]}}