{"id":7392,"date":"2021-12-28T18:05:44","date_gmt":"2021-12-28T17:05:44","guid":{"rendered":"https:\/\/www.eko-bio-natura.sk\/shop\/index.php\/produkt\/caga-extrakt-z-brezovej-huby-pre-spravnu-latkovu-vymenu-vifiteh-100-ml\/"},"modified":"2022-05-04T16:39:30","modified_gmt":"2022-05-04T14:39:30","slug":"caga-extrakt-z-brezovej-huby-pre-spravnu-latkovu-vymenu-vifiteh-100-ml","status":"publish","type":"product","link":"https:\/\/www.eko-bio-natura.sk\/shop\/produkt\/caga-extrakt-z-brezovej-huby-pre-spravnu-latkovu-vymenu-vifiteh-100-ml\/","title":{"rendered":"\u010caga extrakt z\u00a0brezovej huby pre spr\u00e1vnu l\u00e1tkov\u00fa v\u00fdmenu &#8211; Vifiteh &#8211; 100 ml"},"content":{"rendered":"<p><span style=\"font-family: verdana, geneva; font-size: 12pt;\">\u00da\u010dinok Befunginu je komplexn\u00fd a preto nie je potrebn\u00e9 ho kombinova\u0165 s in\u00fdmi bylinami.<\/span><\/p>\n<p><span style=\"font-size: 12pt; font-family: verdana, geneva;\"><strong>Odpor\u00fa\u010dame pou\u017e\u00edva\u0165 pri:<\/strong><\/span><\/p>\n<ul>\n<li>\n<div align=\"justify\"><span style=\"font-family: verdana, geneva; font-size: 12pt;\">pri vredovej chorobe \u017eal\u00fadka a dvan\u00e1stnika<\/span><\/div>\n<\/li>\n<li>\n<div align=\"justify\"><span style=\"font-size: 12pt; font-family: verdana, geneva;\">pri v\u0161etk\u00fdch z\u00e1paloch tr\u00e1viaceho \u00fastrojenstva<\/span><\/div>\n<\/li>\n<li>\n<div align=\"justify\"><span style=\"font-size: 12pt; font-family: verdana, geneva;\">pri chronickej gastrit\u00edde&nbsp;a polyp\u00f3ze \u017eal\u00fadka a \u010driev<\/span><\/div>\n<\/li>\n<li>\n<div align=\"justify\"><span style=\"font-size: 12pt; font-family: verdana, geneva;\">pri psori\u00e1ze, ekz\u00e9me a in\u00fdch ko\u017en\u00fdch probl\u00e9moch<\/span><\/div>\n<\/li>\n<\/ul>\n<p align=\"justify\"><img decoding=\"async\" src=\"https:\/\/www.herbatica.sk\/user\/documents\/upload\/zlozenia\/0198.png\" alt=\"0198\" \/><\/p>\n<p align=\"justify\"><span style=\"font-size: 12pt;\"><strong><span style=\"font-family: verdana, geneva;\">Preklad zlo\u017eenia od v\u00fdrobcu n\u00e1jdete <a title=\"\u010daga zlo\u017eenie - preklad\" href=\"https:\/\/www.herbatica.sk\/user\/documents\/upload\/\u010daga zlo\u017eenie-2.pdf\" target=\"_blank\" rel=\"noopener noreferrer\">tu<\/a>.<\/span><\/strong><\/span><\/p>\n<p align=\"justify\"><span style=\"font-size: 12pt; font-family: verdana, geneva;\"><strong>U\u017e\u00edvanie:<\/strong>&nbsp;Pred pou\u017eit\u00edm pretrepa\u0165 obsah a zmie\u0161a\u0165 v pomere 1 \u010dajov\u00e1 ly\u017ei\u010dka prepar\u00e1tu (5 ml) na 50 ml prevarenej vody. U\u017e\u00edvajte 1 polievkov\u00fa ly\u017eicu tohto roztoku 3 kr\u00e1t za de\u0148 pred jedlom po\u010das 3 &#8211; 5 mesiacov. V pr\u00edpade potreby k\u00faru opakujte po 7 &#8211; 10 d\u0148ovej prest\u00e1vke<\/span><span style=\"font-size: 12pt; font-family: verdana, geneva;\">.&nbsp;Usadenie sedimentov je pr\u00edpustn\u00e9 a prirodzen\u00e9, preto pred ka\u017ed\u00fdm pou\u017eit\u00edm f\u013ea\u0161ti\u010dku pretrepte.<\/span><\/p>\n<p align=\"justify\"><span style=\"font-family: verdana, geneva; font-size: 12pt;\">U \u013eah\u0161\u00edch z\u00e1palov\u00fdch ochoren\u00ed sa Befungin u\u017e\u00edva spravidla len nieko\u013eko dn\u00ed. Pri \u0165a\u017e\u0161\u00edch z\u00e1palov\u00fdch ochoren\u00ed, imunodeficitn\u00fdch stavov a neoplasii tkan\u00edv (&#8222;rakoviny&#8220;) a hemoblast\u00f3z (&#8222;rakoviny krvi&#8220;) je odpor\u00fa\u010dan\u00e9 dlhodob\u00e9 u\u017e\u00edvanie, v niektor\u00fdch pr\u00edpadoch a\u017e 3 &#8211; 6 mesiacov, alebo aj dlh\u0161ie. Po troch mesiacoch aplik\u00e1cie Befunginu odpor\u00fa\u010dame zaradi\u0165 7-14 denn\u00fa prest\u00e1vku.<\/span><\/p>\n<p align=\"justify\"><span style=\"font-size: 12pt; font-family: verdana, geneva;\"><strong>Podmienky skladovania:<\/strong> Skladujte v suchu, chr\u00e1\u0148te pred svetlom, mimo dosahu det\u00ed, pri teplote nepresahuj\u00facej 20 \u00b0C<\/span><\/p>\n<p><span style=\"font-size: 12pt; font-family: verdana, geneva;\"><strong>Upozornenie:<\/strong>&nbsp;<\/span><\/p>\n<p><span style=\"font-family: verdana, geneva; font-size: 12pt;\">Nie je ur\u010den\u00e9 pre deti!&nbsp;&nbsp;&nbsp;&nbsp;&nbsp;&nbsp;&nbsp;&nbsp;&nbsp;&nbsp;<\/span><\/p>\n<p><span style=\"font-family: verdana, geneva; font-size: 12pt;\">Ukladajte mimo dosahu det\u00ed!<\/span><\/p>\n<p><span style=\"font-family: verdana, geneva; font-size: 12pt;\">Ur\u010den\u00e1 odpor\u00fa\u010dan\u00e1 denn\u00e1 d\u00e1vka sa nesmie presiahnu\u0165!<\/span><\/p>\n<p><span style=\"font-family: verdana, geneva; font-size: 12pt;\">Neu\u017e\u00edva\u0165 pri individu\u00e1lnej nezn\u00e1\u0161anlivosti na niektor\u00fa zlo\u017eku pr\u00edpravku.<\/span><\/p>\n<p><span style=\"font-family: verdana, geneva; font-size: 12pt;\">Neu\u017e\u00edva\u0165 po\u010das tehotenstva a&nbsp;doj\u010denia!<\/span><\/p>\n<p><span style=\"font-family: verdana, geneva; font-size: 12pt;\">Pred pou\u017eit\u00edm potrepa\u0165, usadenina, ktor\u00e1 sa vytv\u00e1ra nie je na z\u00e1vadu<\/span><\/p>\n<p><span style=\"font-family: verdana, geneva; font-size: 12pt;\">V&nbsp;pr\u00edpade ak\u00fdchko\u013evek ot\u00e1zok sa pora\u010fte so svoj\u00edm lek\u00e1rom alebo lek\u00e1rnikom!<\/span><\/p>\n<p><span style=\"font-family: verdana, geneva; font-size: 12pt;\"><strong>Upozornenie pod\u013ea nariadenia komisie E\u00da:&nbsp;<\/strong>Tento produkt je registrovan\u00fd ako doplnok stravy. Nem\u00e1 schv\u00e1len\u00e9 lie\u010div\u00e9 \u00fa\u010dinky a nejedn\u00e1 sa o liek. Nie je ur\u010den\u00fd ako n\u00e1hrada pestrej stravy. Neprekra\u010dujte odpor\u00fa\u010dan\u00e9 d\u00e1vkovanie. D\u00e1tum spotreby vyzna\u010den\u00fd na obale.<\/span><\/p>\n<p><span style=\"font-size: 12pt; font-family: verdana, geneva;\"><strong>Obsah:<\/strong>&nbsp;100 ml<\/span><\/p>\n<p><span style=\"font-size: 12pt; font-family: verdana, geneva;\"><strong>Krajina p\u00f4vodu:<\/strong>&nbsp;Rusk\u00e1 feder\u00e1cia<\/span><\/p>\n<p><span style=\"font-size: 12pt; font-family: verdana, geneva;\">Zaujal V\u00e1s tento pr\u00edpravok? Viac o \u0148om a o jeho \u00fa\u010dinkoch sa do\u010d\u00edtate na na\u0161om <a href=\"http:\/\/blog.herbatica.sk\/caga-befungin-rysavec-sikmy\/\">blogu<\/a> a takisto aj o tom ako sme ho <a href=\"http:\/\/blog.herbatica.sk\/test-caga-extrakt-sk\/\">testovali.<\/a><br \/><\/span><\/p>\n<p><span style=\"font-size: 12pt; font-family: verdana, geneva;\">A n\u00e1jdete tam aj tento \u010dl\u00e1nok:&nbsp;<a href=\"http:\/\/blog.herbatica.sk\/brezova-stava-prirodzena-detoxikacia-organizmu\/\">Brezov\u00e1 \u0161\u0165ava a prirodzen\u00e1 detoxik\u00e1cia organizmu.<\/a><\/span><\/p>\n<p><span style=\"font-size: 12pt; font-family: verdana, geneva;\"><a title=\"farmakogn\u00f3zia\" href=\"https:\/\/www.herbatica.sk\/user\/documents\/upload\/farmakogn\u00f3zia.pdf\" target=\"_blank\" rel=\"noopener noreferrer\">Odborn\u00fd vedeck\u00fd v\u00fd\u0165ah z Farmakogn\u00f3znej publik\u00e1cie o hube \u010daga.<\/a><\/span><\/p>\n<p><span style=\"font-size: 12pt; font-family: verdana, geneva;\"><span>Tr\u00e1pi V\u00e1s psori\u00e1za? Podrobne sme sa tejto t\u00e9me venovali v komplexnom a <a href=\"https:\/\/www.herbatica.sk\/blog\/co-je-psoriaza-a-lupienka-priznaky-liecba\/\">odbornom \u010dl\u00e1nku<\/a>, ktor\u00fd n\u00e1m nap\u00edsala PhDr. Mgr. Eva Medveck\u00e1, PhD., DiS.<\/span><\/span><\/p>\n","protected":false},"excerpt":{"rendered":"<p>\u00da\u010dinok Befunginu je komplexn\u00fd a preto nie je potrebn\u00e9 ho kombinova\u0165 s in\u00fdmi bylinami. Odpor\u00fa\u010dame pou\u017e\u00edva\u0165 pri: pri vredovej chorobe \u017eal\u00fadka a dvan\u00e1stnika pri v\u0161etk\u00fdch z\u00e1paloch tr\u00e1viaceho \u00fastrojenstva pri chronickej gastrit\u00edde&nbsp;a polyp\u00f3ze \u017eal\u00fadka a \u010driev pri psori\u00e1ze, ekz\u00e9me a in\u00fdch ko\u017en\u00fdch probl\u00e9moch Preklad zlo\u017eenia od v\u00fdrobcu n\u00e1jdete tu. U\u017e\u00edvanie:&nbsp;Pred pou\u017eit\u00edm pretrepa\u0165 obsah a zmie\u0161a\u0165 v [&hellip;]<\/p>\n","protected":false},"featured_media":7393,"comment_status":"open","ping_status":"open","template":"","meta":{"site-sidebar-layout":"default","site-content-layout":"","ast-site-content-layout":"default","site-content-style":"default","site-sidebar-style":"default","ast-global-header-display":"","ast-banner-title-visibility":"","ast-main-header-display":"","ast-hfb-above-header-display":"","ast-hfb-below-header-display":"","ast-hfb-mobile-header-display":"","site-post-title":"","ast-breadcrumbs-content":"","ast-featured-img":"","footer-sml-layout":"","ast-disable-related-posts":"","theme-transparent-header-meta":"","adv-header-id-meta":"","stick-header-meta":"","header-above-stick-meta":"","header-main-stick-meta":"","header-below-stick-meta":"","astra-migrate-meta-layouts":"default","ast-page-background-enabled":"default","ast-page-background-meta":{"desktop":{"background-color":"","background-image":"","background-repeat":"repeat","background-position":"center center","background-size":"auto","background-attachment":"scroll","background-type":"","background-media":"","overlay-type":"","overlay-color":"","overlay-opacity":"","overlay-gradient":""},"tablet":{"background-color":"","background-image":"","background-repeat":"repeat","background-position":"center center","background-size":"auto","background-attachment":"scroll","background-type":"","background-media":"","overlay-type":"","overlay-color":"","overlay-opacity":"","overlay-gradient":""},"mobile":{"background-color":"","background-image":"","background-repeat":"repeat","background-position":"center center","background-size":"auto","background-attachment":"scroll","background-type":"","background-media":"","overlay-type":"","overlay-color":"","overlay-opacity":"","overlay-gradient":""}},"ast-content-background-meta":{"desktop":{"background-color":"var(--ast-global-color-5)","background-image":"","background-repeat":"repeat","background-position":"center center","background-size":"auto","background-attachment":"scroll","background-type":"","background-media":"","overlay-type":"","overlay-color":"","overlay-opacity":"","overlay-gradient":""},"tablet":{"background-color":"var(--ast-global-color-5)","background-image":"","background-repeat":"repeat","background-position":"center center","background-size":"auto","background-attachment":"scroll","background-type":"","background-media":"","overlay-type":"","overlay-color":"","overlay-opacity":"","overlay-gradient":""},"mobile":{"background-color":"var(--ast-global-color-5)","background-image":"","background-repeat":"repeat","background-position":"center center","background-size":"auto","background-attachment":"scroll","background-type":"","background-media":"","overlay-type":"","overlay-color":"","overlay-opacity":"","overlay-gradient":""}}},"product_brand":[],"product_cat":[204],"product_tag":[],"class_list":{"0":"post-7392","1":"product","2":"type-product","3":"status-publish","4":"has-post-thumbnail","6":"product_cat-kozne-problemy","7":"pa_cena-dopravy-367","8":"pa_doprava-zasilkovna","9":"pa_ean-472","10":"pa_typ-partnersky-predaj","11":"pa_znacka-vifiteh","12":"desktop-align-left","13":"tablet-align-left","14":"mobile-align-left","16":"first","17":"instock","18":"product-type-external"},"yoast_head":"<!-- This site is optimized with the Yoast SEO plugin v27.2 - https:\/\/yoast.com\/product\/yoast-seo-wordpress\/ -->\n<title>\u010caga extrakt z\u00a0brezovej huby pre spr\u00e1vnu l\u00e1tkov\u00fa v\u00fdmenu - Vifiteh - 100 ml - EKO-BIO-NATURA BIO OBCHOD<\/title>\n<meta name=\"robots\" content=\"index, follow, max-snippet:-1, max-image-preview:large, max-video-preview:-1\" \/>\n<link rel=\"canonical\" href=\"https:\/\/www.eko-bio-natura.sk\/shop\/produkt\/caga-extrakt-z-brezovej-huby-pre-spravnu-latkovu-vymenu-vifiteh-100-ml\/\" \/>\n<meta property=\"og:locale\" content=\"sk_SK\" \/>\n<meta property=\"og:type\" content=\"article\" \/>\n<meta property=\"og:title\" content=\"\u010caga extrakt z\u00a0brezovej huby pre spr\u00e1vnu l\u00e1tkov\u00fa v\u00fdmenu - Vifiteh - 100 ml - EKO-BIO-NATURA BIO OBCHOD\" \/>\n<meta property=\"og:description\" content=\"\u00da\u010dinok Befunginu je komplexn\u00fd a preto nie je potrebn\u00e9 ho kombinova\u0165 s in\u00fdmi bylinami. Odpor\u00fa\u010dame pou\u017e\u00edva\u0165 pri: pri vredovej chorobe \u017eal\u00fadka a dvan\u00e1stnika pri v\u0161etk\u00fdch z\u00e1paloch tr\u00e1viaceho \u00fastrojenstva pri chronickej gastrit\u00edde&nbsp;a polyp\u00f3ze \u017eal\u00fadka a \u010driev pri psori\u00e1ze, ekz\u00e9me a in\u00fdch ko\u017en\u00fdch probl\u00e9moch Preklad zlo\u017eenia od v\u00fdrobcu n\u00e1jdete tu. U\u017e\u00edvanie:&nbsp;Pred pou\u017eit\u00edm pretrepa\u0165 obsah a zmie\u0161a\u0165 v [&hellip;]\" \/>\n<meta property=\"og:url\" content=\"https:\/\/www.eko-bio-natura.sk\/shop\/produkt\/caga-extrakt-z-brezovej-huby-pre-spravnu-latkovu-vymenu-vifiteh-100-ml\/\" \/>\n<meta property=\"og:site_name\" content=\"EKO-BIO-NATURA BIO OBCHOD\" \/>\n<meta property=\"article:modified_time\" content=\"2022-05-04T14:39:30+00:00\" \/>\n<meta property=\"og:image\" content=\"https:\/\/www.eko-bio-natura.sk\/shop\/wp-content\/uploads\/2021\/12\/4791_0198-caga-extrakt-scaled.jpg\" \/>\n\t<meta property=\"og:image:width\" content=\"1923\" \/>\n\t<meta property=\"og:image:height\" content=\"2560\" \/>\n\t<meta property=\"og:image:type\" content=\"image\/jpeg\" \/>\n<meta name=\"twitter:card\" content=\"summary_large_image\" \/>\n<meta name=\"twitter:label1\" content=\"Predpokladan\u00fd \u010das \u010d\u00edtania\" \/>\n\t<meta name=\"twitter:data1\" content=\"2 min\u00faty\" \/>\n<script type=\"application\/ld+json\" class=\"yoast-schema-graph\">{\"@context\":\"https:\/\/schema.org\",\"@graph\":[{\"@type\":\"WebPage\",\"@id\":\"https:\/\/www.eko-bio-natura.sk\/shop\/produkt\/caga-extrakt-z-brezovej-huby-pre-spravnu-latkovu-vymenu-vifiteh-100-ml\/\",\"url\":\"https:\/\/www.eko-bio-natura.sk\/shop\/produkt\/caga-extrakt-z-brezovej-huby-pre-spravnu-latkovu-vymenu-vifiteh-100-ml\/\",\"name\":\"\u010caga extrakt z\u00a0brezovej huby pre spr\u00e1vnu l\u00e1tkov\u00fa v\u00fdmenu - Vifiteh - 100 ml - EKO-BIO-NATURA BIO OBCHOD\",\"isPartOf\":{\"@id\":\"https:\/\/www.eko-bio-natura.sk\/shop\/#website\"},\"primaryImageOfPage\":{\"@id\":\"https:\/\/www.eko-bio-natura.sk\/shop\/produkt\/caga-extrakt-z-brezovej-huby-pre-spravnu-latkovu-vymenu-vifiteh-100-ml\/#primaryimage\"},\"image\":{\"@id\":\"https:\/\/www.eko-bio-natura.sk\/shop\/produkt\/caga-extrakt-z-brezovej-huby-pre-spravnu-latkovu-vymenu-vifiteh-100-ml\/#primaryimage\"},\"thumbnailUrl\":\"https:\/\/www.eko-bio-natura.sk\/shop\/wp-content\/uploads\/2021\/12\/4791_0198-caga-extrakt-scaled.jpg\",\"datePublished\":\"2021-12-28T17:05:44+00:00\",\"dateModified\":\"2022-05-04T14:39:30+00:00\",\"breadcrumb\":{\"@id\":\"https:\/\/www.eko-bio-natura.sk\/shop\/produkt\/caga-extrakt-z-brezovej-huby-pre-spravnu-latkovu-vymenu-vifiteh-100-ml\/#breadcrumb\"},\"inLanguage\":\"sk-SK\",\"potentialAction\":[{\"@type\":\"ReadAction\",\"target\":[\"https:\/\/www.eko-bio-natura.sk\/shop\/produkt\/caga-extrakt-z-brezovej-huby-pre-spravnu-latkovu-vymenu-vifiteh-100-ml\/\"]}]},{\"@type\":\"ImageObject\",\"inLanguage\":\"sk-SK\",\"@id\":\"https:\/\/www.eko-bio-natura.sk\/shop\/produkt\/caga-extrakt-z-brezovej-huby-pre-spravnu-latkovu-vymenu-vifiteh-100-ml\/#primaryimage\",\"url\":\"https:\/\/www.eko-bio-natura.sk\/shop\/wp-content\/uploads\/2021\/12\/4791_0198-caga-extrakt-scaled.jpg\",\"contentUrl\":\"https:\/\/www.eko-bio-natura.sk\/shop\/wp-content\/uploads\/2021\/12\/4791_0198-caga-extrakt-scaled.jpg\",\"width\":1923,\"height\":2560},{\"@type\":\"BreadcrumbList\",\"@id\":\"https:\/\/www.eko-bio-natura.sk\/shop\/produkt\/caga-extrakt-z-brezovej-huby-pre-spravnu-latkovu-vymenu-vifiteh-100-ml\/#breadcrumb\",\"itemListElement\":[{\"@type\":\"ListItem\",\"position\":1,\"name\":\"Domovsk\u00e1 str\u00e1nka\",\"item\":\"https:\/\/www.eko-bio-natura.sk\/shop\/\"},{\"@type\":\"ListItem\",\"position\":2,\"name\":\"Obchod\",\"item\":\"https:\/\/www.eko-bio-natura.sk\/shop\/?page_id=6\"},{\"@type\":\"ListItem\",\"position\":3,\"name\":\"\u010caga extrakt z\u00a0brezovej huby pre spr\u00e1vnu l\u00e1tkov\u00fa v\u00fdmenu &#8211; Vifiteh &#8211; 100 ml\"}]},{\"@type\":\"WebSite\",\"@id\":\"https:\/\/www.eko-bio-natura.sk\/shop\/#website\",\"url\":\"https:\/\/www.eko-bio-natura.sk\/shop\/\",\"name\":\"EKO-BIO-NATURA BIO OBCHOD\",\"description\":\"\",\"publisher\":{\"@id\":\"https:\/\/www.eko-bio-natura.sk\/shop\/#organization\"},\"potentialAction\":[{\"@type\":\"SearchAction\",\"target\":{\"@type\":\"EntryPoint\",\"urlTemplate\":\"https:\/\/www.eko-bio-natura.sk\/shop\/?s={search_term_string}\"},\"query-input\":{\"@type\":\"PropertyValueSpecification\",\"valueRequired\":true,\"valueName\":\"search_term_string\"}}],\"inLanguage\":\"sk-SK\"},{\"@type\":\"Organization\",\"@id\":\"https:\/\/www.eko-bio-natura.sk\/shop\/#organization\",\"name\":\"EKO-BIO-NATURA BIO OBCHOD\",\"url\":\"https:\/\/www.eko-bio-natura.sk\/shop\/\",\"logo\":{\"@type\":\"ImageObject\",\"inLanguage\":\"sk-SK\",\"@id\":\"https:\/\/www.eko-bio-natura.sk\/shop\/#\/schema\/logo\/image\/\",\"url\":\"https:\/\/www.eko-bio-natura.sk\/shop\/wp-content\/uploads\/2021\/04\/eko-bio-natura_logo.png\",\"contentUrl\":\"https:\/\/www.eko-bio-natura.sk\/shop\/wp-content\/uploads\/2021\/04\/eko-bio-natura_logo.png\",\"width\":552,\"height\":194,\"caption\":\"EKO-BIO-NATURA BIO OBCHOD\"},\"image\":{\"@id\":\"https:\/\/www.eko-bio-natura.sk\/shop\/#\/schema\/logo\/image\/\"}}]}<\/script>\n<!-- \/ Yoast SEO plugin. -->","yoast_head_json":{"title":"\u010caga extrakt z\u00a0brezovej huby pre spr\u00e1vnu l\u00e1tkov\u00fa v\u00fdmenu - Vifiteh - 100 ml - EKO-BIO-NATURA BIO OBCHOD","robots":{"index":"index","follow":"follow","max-snippet":"max-snippet:-1","max-image-preview":"max-image-preview:large","max-video-preview":"max-video-preview:-1"},"canonical":"https:\/\/www.eko-bio-natura.sk\/shop\/produkt\/caga-extrakt-z-brezovej-huby-pre-spravnu-latkovu-vymenu-vifiteh-100-ml\/","og_locale":"sk_SK","og_type":"article","og_title":"\u010caga extrakt z\u00a0brezovej huby pre spr\u00e1vnu l\u00e1tkov\u00fa v\u00fdmenu - Vifiteh - 100 ml - EKO-BIO-NATURA BIO OBCHOD","og_description":"\u00da\u010dinok Befunginu je komplexn\u00fd a preto nie je potrebn\u00e9 ho kombinova\u0165 s in\u00fdmi bylinami. Odpor\u00fa\u010dame pou\u017e\u00edva\u0165 pri: pri vredovej chorobe \u017eal\u00fadka a dvan\u00e1stnika pri v\u0161etk\u00fdch z\u00e1paloch tr\u00e1viaceho \u00fastrojenstva pri chronickej gastrit\u00edde&nbsp;a polyp\u00f3ze \u017eal\u00fadka a \u010driev pri psori\u00e1ze, ekz\u00e9me a in\u00fdch ko\u017en\u00fdch probl\u00e9moch Preklad zlo\u017eenia od v\u00fdrobcu n\u00e1jdete tu. U\u017e\u00edvanie:&nbsp;Pred pou\u017eit\u00edm pretrepa\u0165 obsah a zmie\u0161a\u0165 v [&hellip;]","og_url":"https:\/\/www.eko-bio-natura.sk\/shop\/produkt\/caga-extrakt-z-brezovej-huby-pre-spravnu-latkovu-vymenu-vifiteh-100-ml\/","og_site_name":"EKO-BIO-NATURA BIO OBCHOD","article_modified_time":"2022-05-04T14:39:30+00:00","og_image":[{"width":1923,"height":2560,"url":"https:\/\/www.eko-bio-natura.sk\/shop\/wp-content\/uploads\/2021\/12\/4791_0198-caga-extrakt-scaled.jpg","type":"image\/jpeg"}],"twitter_card":"summary_large_image","twitter_misc":{"Predpokladan\u00fd \u010das \u010d\u00edtania":"2 min\u00faty"},"schema":{"@context":"https:\/\/schema.org","@graph":[{"@type":"WebPage","@id":"https:\/\/www.eko-bio-natura.sk\/shop\/produkt\/caga-extrakt-z-brezovej-huby-pre-spravnu-latkovu-vymenu-vifiteh-100-ml\/","url":"https:\/\/www.eko-bio-natura.sk\/shop\/produkt\/caga-extrakt-z-brezovej-huby-pre-spravnu-latkovu-vymenu-vifiteh-100-ml\/","name":"\u010caga extrakt z\u00a0brezovej huby pre spr\u00e1vnu l\u00e1tkov\u00fa v\u00fdmenu - Vifiteh - 100 ml - EKO-BIO-NATURA BIO OBCHOD","isPartOf":{"@id":"https:\/\/www.eko-bio-natura.sk\/shop\/#website"},"primaryImageOfPage":{"@id":"https:\/\/www.eko-bio-natura.sk\/shop\/produkt\/caga-extrakt-z-brezovej-huby-pre-spravnu-latkovu-vymenu-vifiteh-100-ml\/#primaryimage"},"image":{"@id":"https:\/\/www.eko-bio-natura.sk\/shop\/produkt\/caga-extrakt-z-brezovej-huby-pre-spravnu-latkovu-vymenu-vifiteh-100-ml\/#primaryimage"},"thumbnailUrl":"https:\/\/www.eko-bio-natura.sk\/shop\/wp-content\/uploads\/2021\/12\/4791_0198-caga-extrakt-scaled.jpg","datePublished":"2021-12-28T17:05:44+00:00","dateModified":"2022-05-04T14:39:30+00:00","breadcrumb":{"@id":"https:\/\/www.eko-bio-natura.sk\/shop\/produkt\/caga-extrakt-z-brezovej-huby-pre-spravnu-latkovu-vymenu-vifiteh-100-ml\/#breadcrumb"},"inLanguage":"sk-SK","potentialAction":[{"@type":"ReadAction","target":["https:\/\/www.eko-bio-natura.sk\/shop\/produkt\/caga-extrakt-z-brezovej-huby-pre-spravnu-latkovu-vymenu-vifiteh-100-ml\/"]}]},{"@type":"ImageObject","inLanguage":"sk-SK","@id":"https:\/\/www.eko-bio-natura.sk\/shop\/produkt\/caga-extrakt-z-brezovej-huby-pre-spravnu-latkovu-vymenu-vifiteh-100-ml\/#primaryimage","url":"https:\/\/www.eko-bio-natura.sk\/shop\/wp-content\/uploads\/2021\/12\/4791_0198-caga-extrakt-scaled.jpg","contentUrl":"https:\/\/www.eko-bio-natura.sk\/shop\/wp-content\/uploads\/2021\/12\/4791_0198-caga-extrakt-scaled.jpg","width":1923,"height":2560},{"@type":"BreadcrumbList","@id":"https:\/\/www.eko-bio-natura.sk\/shop\/produkt\/caga-extrakt-z-brezovej-huby-pre-spravnu-latkovu-vymenu-vifiteh-100-ml\/#breadcrumb","itemListElement":[{"@type":"ListItem","position":1,"name":"Domovsk\u00e1 str\u00e1nka","item":"https:\/\/www.eko-bio-natura.sk\/shop\/"},{"@type":"ListItem","position":2,"name":"Obchod","item":"https:\/\/www.eko-bio-natura.sk\/shop\/?page_id=6"},{"@type":"ListItem","position":3,"name":"\u010caga extrakt z\u00a0brezovej huby pre spr\u00e1vnu l\u00e1tkov\u00fa v\u00fdmenu &#8211; Vifiteh &#8211; 100 ml"}]},{"@type":"WebSite","@id":"https:\/\/www.eko-bio-natura.sk\/shop\/#website","url":"https:\/\/www.eko-bio-natura.sk\/shop\/","name":"EKO-BIO-NATURA BIO OBCHOD","description":"","publisher":{"@id":"https:\/\/www.eko-bio-natura.sk\/shop\/#organization"},"potentialAction":[{"@type":"SearchAction","target":{"@type":"EntryPoint","urlTemplate":"https:\/\/www.eko-bio-natura.sk\/shop\/?s={search_term_string}"},"query-input":{"@type":"PropertyValueSpecification","valueRequired":true,"valueName":"search_term_string"}}],"inLanguage":"sk-SK"},{"@type":"Organization","@id":"https:\/\/www.eko-bio-natura.sk\/shop\/#organization","name":"EKO-BIO-NATURA BIO OBCHOD","url":"https:\/\/www.eko-bio-natura.sk\/shop\/","logo":{"@type":"ImageObject","inLanguage":"sk-SK","@id":"https:\/\/www.eko-bio-natura.sk\/shop\/#\/schema\/logo\/image\/","url":"https:\/\/www.eko-bio-natura.sk\/shop\/wp-content\/uploads\/2021\/04\/eko-bio-natura_logo.png","contentUrl":"https:\/\/www.eko-bio-natura.sk\/shop\/wp-content\/uploads\/2021\/04\/eko-bio-natura_logo.png","width":552,"height":194,"caption":"EKO-BIO-NATURA BIO OBCHOD"},"image":{"@id":"https:\/\/www.eko-bio-natura.sk\/shop\/#\/schema\/logo\/image\/"}}]}},"_links":{"self":[{"href":"https:\/\/www.eko-bio-natura.sk\/shop\/wp-json\/wp\/v2\/product\/7392","targetHints":{"allow":["GET"]}}],"collection":[{"href":"https:\/\/www.eko-bio-natura.sk\/shop\/wp-json\/wp\/v2\/product"}],"about":[{"href":"https:\/\/www.eko-bio-natura.sk\/shop\/wp-json\/wp\/v2\/types\/product"}],"replies":[{"embeddable":true,"href":"https:\/\/www.eko-bio-natura.sk\/shop\/wp-json\/wp\/v2\/comments?post=7392"}],"wp:featuredmedia":[{"embeddable":true,"href":"https:\/\/www.eko-bio-natura.sk\/shop\/wp-json\/wp\/v2\/media\/7393"}],"wp:attachment":[{"href":"https:\/\/www.eko-bio-natura.sk\/shop\/wp-json\/wp\/v2\/media?parent=7392"}],"wp:term":[{"taxonomy":"product_brand","embeddable":true,"href":"https:\/\/www.eko-bio-natura.sk\/shop\/wp-json\/wp\/v2\/product_brand?post=7392"},{"taxonomy":"product_cat","embeddable":true,"href":"https:\/\/www.eko-bio-natura.sk\/shop\/wp-json\/wp\/v2\/product_cat?post=7392"},{"taxonomy":"product_tag","embeddable":true,"href":"https:\/\/www.eko-bio-natura.sk\/shop\/wp-json\/wp\/v2\/product_tag?post=7392"}],"curies":[{"name":"wp","href":"https:\/\/api.w.org\/{rel}","templated":true}]}}