{"id":7386,"date":"2021-12-28T18:05:11","date_gmt":"2021-12-28T17:05:11","guid":{"rendered":"https:\/\/www.eko-bio-natura.sk\/shop\/index.php\/produkt\/prirodne-domace-mydlo-s-matou-a-citronovym-olejom-3v1-babicka-agafia-1000ml\/"},"modified":"2022-05-04T16:39:26","modified_gmt":"2022-05-04T14:39:26","slug":"prirodne-domace-mydlo-s-matou-a-citronovym-olejom-3v1-babicka-agafia-1000ml","status":"publish","type":"product","link":"https:\/\/www.eko-bio-natura.sk\/shop\/produkt\/prirodne-domace-mydlo-s-matou-a-citronovym-olejom-3v1-babicka-agafia-1000ml\/","title":{"rendered":"Pr\u00edrodn\u00e9 dom\u00e1ce mydlo s m\u00e4tou a citr\u00f3nov\u00fdm olejom 3v1 &#8211; Babi\u010dka Agafia -1000ml"},"content":{"rendered":"<p><span style=\"font-family: verdana, geneva; font-size: 12pt;\"><strong>Akt\u00edvne zlo\u017eky<\/strong>: Mydlica lek\u00e1rska- pr\u00edrodn\u00e1 peniaca zlo\u017eka, ktor\u00e1 nevysu\u0161uje poko\u017eku a nesp\u00f4sobuje podr\u00e1\u017edenie. M\u00e4ta pieporn\u00e1, citr\u00f3nov\u00fd olej.<\/span><\/p>\n<p><span style=\"font-family: verdana, geneva; font-size: 12pt;\"><strong>Sp\u00f4sob pou\u017eitia<\/strong>: mal\u00e9 mno\u017estvo mydla nanesieme na mokr\u00fa poko\u017eku, vytvor\u00edme penu a opl\u00e1chneme teplou vodou. Pr\u00edpadne mal\u00e9 mal\u00e9 mno\u017estvo nanies\u0165 na hubku a pou\u017ei\u0165 ako be\u017en\u00fd \u010distiaci prostriedok na riad a kuchynsk\u00e9 plochy.<\/span><\/p>\n<p><span style=\"font-family: verdana, geneva; font-size: 12pt;\"><strong>Upozornenie:<\/strong> nepou\u017e\u00edva\u0165 pri precitlivelosti na niektor\u00fa zo zlo\u017eiek&nbsp;<\/span><\/p>\n<p><span style=\"font-family: verdana, geneva; font-size: 12pt;\"><strong>Objem:<\/strong> 1000ml<\/span><\/p>\n<p><span style=\"font-family: verdana, geneva; font-size: 12pt;\"><strong>Krajina p\u00f4vodu<\/strong>: EU<\/span><\/p>\n<p><strong><span style=\"font-family: verdana, geneva; font-size: 12pt;\">Zlo\u017eenie:<\/span><\/strong><\/p>\n<p><span style=\"font-family: verdana, geneva; font-size: 12pt;\"><em>Aqua(woda mi\u0119towo-cytrynowa), Saponaria Officinalis, Sodium Laureth Sulfate, Sodium chloride, Mentha Arvensis Extrakt, Citrus Medica Limonum Peel Oil, Parfum, Citric Acid, Kathon<\/em><\/span><\/p>\n<p><span style=\"font-family: verdana, geneva; font-size: 12pt;\"><em><strong><span style=\"font-family: verdana, geneva;\">Kozmetika spolo\u010dnosti Babi\u010dka Agafa netestuje svoje produkty na zvierat\u00e1ch. Viac inform\u00e1ci\u00ed n\u00e1jdete v <a href=\"http:\/\/www.herbatica.sk\/certifikaty_produktov\/\" target=\"_blank\" rel=\"noopener noreferrer\">\u010dasti Certifik\u00e1ty.<\/a><\/span><\/strong><\/em><\/span><\/p>\n","protected":false},"excerpt":{"rendered":"<p>Akt\u00edvne zlo\u017eky: Mydlica lek\u00e1rska- pr\u00edrodn\u00e1 peniaca zlo\u017eka, ktor\u00e1 nevysu\u0161uje poko\u017eku a nesp\u00f4sobuje podr\u00e1\u017edenie. M\u00e4ta pieporn\u00e1, citr\u00f3nov\u00fd olej. Sp\u00f4sob pou\u017eitia: mal\u00e9 mno\u017estvo mydla nanesieme na mokr\u00fa poko\u017eku, vytvor\u00edme penu a opl\u00e1chneme teplou vodou. Pr\u00edpadne mal\u00e9 mal\u00e9 mno\u017estvo nanies\u0165 na hubku a pou\u017ei\u0165 ako be\u017en\u00fd \u010distiaci prostriedok na riad a kuchynsk\u00e9 plochy. Upozornenie: nepou\u017e\u00edva\u0165 pri precitlivelosti na [&hellip;]<\/p>\n","protected":false},"featured_media":7387,"comment_status":"open","ping_status":"open","template":"","meta":{"site-sidebar-layout":"default","site-content-layout":"","ast-site-content-layout":"default","site-content-style":"default","site-sidebar-style":"default","ast-global-header-display":"","ast-banner-title-visibility":"","ast-main-header-display":"","ast-hfb-above-header-display":"","ast-hfb-below-header-display":"","ast-hfb-mobile-header-display":"","site-post-title":"","ast-breadcrumbs-content":"","ast-featured-img":"","footer-sml-layout":"","ast-disable-related-posts":"","theme-transparent-header-meta":"","adv-header-id-meta":"","stick-header-meta":"","header-above-stick-meta":"","header-main-stick-meta":"","header-below-stick-meta":"","astra-migrate-meta-layouts":"default","ast-page-background-enabled":"default","ast-page-background-meta":{"desktop":{"background-color":"","background-image":"","background-repeat":"repeat","background-position":"center center","background-size":"auto","background-attachment":"scroll","background-type":"","background-media":"","overlay-type":"","overlay-color":"","overlay-opacity":"","overlay-gradient":""},"tablet":{"background-color":"","background-image":"","background-repeat":"repeat","background-position":"center center","background-size":"auto","background-attachment":"scroll","background-type":"","background-media":"","overlay-type":"","overlay-color":"","overlay-opacity":"","overlay-gradient":""},"mobile":{"background-color":"","background-image":"","background-repeat":"repeat","background-position":"center center","background-size":"auto","background-attachment":"scroll","background-type":"","background-media":"","overlay-type":"","overlay-color":"","overlay-opacity":"","overlay-gradient":""}},"ast-content-background-meta":{"desktop":{"background-color":"var(--ast-global-color-5)","background-image":"","background-repeat":"repeat","background-position":"center center","background-size":"auto","background-attachment":"scroll","background-type":"","background-media":"","overlay-type":"","overlay-color":"","overlay-opacity":"","overlay-gradient":""},"tablet":{"background-color":"var(--ast-global-color-5)","background-image":"","background-repeat":"repeat","background-position":"center center","background-size":"auto","background-attachment":"scroll","background-type":"","background-media":"","overlay-type":"","overlay-color":"","overlay-opacity":"","overlay-gradient":""},"mobile":{"background-color":"var(--ast-global-color-5)","background-image":"","background-repeat":"repeat","background-position":"center center","background-size":"auto","background-attachment":"scroll","background-type":"","background-media":"","overlay-type":"","overlay-color":"","overlay-opacity":"","overlay-gradient":""}}},"product_brand":[],"product_cat":[39],"product_tag":[],"class_list":{"0":"post-7386","1":"product","2":"type-product","3":"status-publish","4":"has-post-thumbnail","6":"product_cat-telova-kozmetika","7":"pa_cena-dopravy-367","8":"pa_doprava-zasilkovna","9":"pa_ean-449","10":"pa_typ-partnersky-predaj","11":"pa_znacka-babicka-agafia","12":"desktop-align-left","13":"tablet-align-left","14":"mobile-align-left","16":"first","17":"instock","18":"product-type-external"},"yoast_head":"<!-- This site is optimized with the Yoast SEO plugin v27.2 - https:\/\/yoast.com\/product\/yoast-seo-wordpress\/ -->\n<title>Pr\u00edrodn\u00e9 dom\u00e1ce mydlo s m\u00e4tou a citr\u00f3nov\u00fdm olejom 3v1 - Babi\u010dka Agafia -1000ml - EKO-BIO-NATURA BIO OBCHOD<\/title>\n<meta name=\"robots\" content=\"index, follow, max-snippet:-1, max-image-preview:large, max-video-preview:-1\" \/>\n<link rel=\"canonical\" href=\"https:\/\/www.eko-bio-natura.sk\/shop\/produkt\/prirodne-domace-mydlo-s-matou-a-citronovym-olejom-3v1-babicka-agafia-1000ml\/\" \/>\n<meta property=\"og:locale\" content=\"sk_SK\" \/>\n<meta property=\"og:type\" content=\"article\" \/>\n<meta property=\"og:title\" content=\"Pr\u00edrodn\u00e9 dom\u00e1ce mydlo s m\u00e4tou a citr\u00f3nov\u00fdm olejom 3v1 - Babi\u010dka Agafia -1000ml - EKO-BIO-NATURA BIO OBCHOD\" \/>\n<meta property=\"og:description\" content=\"Akt\u00edvne zlo\u017eky: Mydlica lek\u00e1rska- pr\u00edrodn\u00e1 peniaca zlo\u017eka, ktor\u00e1 nevysu\u0161uje poko\u017eku a nesp\u00f4sobuje podr\u00e1\u017edenie. M\u00e4ta pieporn\u00e1, citr\u00f3nov\u00fd olej. Sp\u00f4sob pou\u017eitia: mal\u00e9 mno\u017estvo mydla nanesieme na mokr\u00fa poko\u017eku, vytvor\u00edme penu a opl\u00e1chneme teplou vodou. Pr\u00edpadne mal\u00e9 mal\u00e9 mno\u017estvo nanies\u0165 na hubku a pou\u017ei\u0165 ako be\u017en\u00fd \u010distiaci prostriedok na riad a kuchynsk\u00e9 plochy. Upozornenie: nepou\u017e\u00edva\u0165 pri precitlivelosti na [&hellip;]\" \/>\n<meta property=\"og:url\" content=\"https:\/\/www.eko-bio-natura.sk\/shop\/produkt\/prirodne-domace-mydlo-s-matou-a-citronovym-olejom-3v1-babicka-agafia-1000ml\/\" \/>\n<meta property=\"og:site_name\" content=\"EKO-BIO-NATURA BIO OBCHOD\" \/>\n<meta property=\"article:modified_time\" content=\"2022-05-04T14:39:26+00:00\" \/>\n<meta property=\"og:image\" content=\"https:\/\/www.eko-bio-natura.sk\/shop\/wp-content\/uploads\/2021\/12\/4482_prirodne-domace-mydlo-s-matou-a-citronovym-olejom-3v1-babicka-agafia-1000ml-scaled.jpg\" \/>\n\t<meta property=\"og:image:width\" content=\"1923\" \/>\n\t<meta property=\"og:image:height\" content=\"2560\" \/>\n\t<meta property=\"og:image:type\" content=\"image\/jpeg\" \/>\n<meta name=\"twitter:card\" content=\"summary_large_image\" \/>\n<meta name=\"twitter:label1\" content=\"Predpokladan\u00fd \u010das \u010d\u00edtania\" \/>\n\t<meta name=\"twitter:data1\" content=\"1 min\u00fata\" \/>\n<script type=\"application\/ld+json\" class=\"yoast-schema-graph\">{\"@context\":\"https:\/\/schema.org\",\"@graph\":[{\"@type\":\"WebPage\",\"@id\":\"https:\/\/www.eko-bio-natura.sk\/shop\/produkt\/prirodne-domace-mydlo-s-matou-a-citronovym-olejom-3v1-babicka-agafia-1000ml\/\",\"url\":\"https:\/\/www.eko-bio-natura.sk\/shop\/produkt\/prirodne-domace-mydlo-s-matou-a-citronovym-olejom-3v1-babicka-agafia-1000ml\/\",\"name\":\"Pr\u00edrodn\u00e9 dom\u00e1ce mydlo s m\u00e4tou a citr\u00f3nov\u00fdm olejom 3v1 - Babi\u010dka Agafia -1000ml - EKO-BIO-NATURA BIO OBCHOD\",\"isPartOf\":{\"@id\":\"https:\/\/www.eko-bio-natura.sk\/shop\/#website\"},\"primaryImageOfPage\":{\"@id\":\"https:\/\/www.eko-bio-natura.sk\/shop\/produkt\/prirodne-domace-mydlo-s-matou-a-citronovym-olejom-3v1-babicka-agafia-1000ml\/#primaryimage\"},\"image\":{\"@id\":\"https:\/\/www.eko-bio-natura.sk\/shop\/produkt\/prirodne-domace-mydlo-s-matou-a-citronovym-olejom-3v1-babicka-agafia-1000ml\/#primaryimage\"},\"thumbnailUrl\":\"https:\/\/www.eko-bio-natura.sk\/shop\/wp-content\/uploads\/2021\/12\/4482_prirodne-domace-mydlo-s-matou-a-citronovym-olejom-3v1-babicka-agafia-1000ml-scaled.jpg\",\"datePublished\":\"2021-12-28T17:05:11+00:00\",\"dateModified\":\"2022-05-04T14:39:26+00:00\",\"breadcrumb\":{\"@id\":\"https:\/\/www.eko-bio-natura.sk\/shop\/produkt\/prirodne-domace-mydlo-s-matou-a-citronovym-olejom-3v1-babicka-agafia-1000ml\/#breadcrumb\"},\"inLanguage\":\"sk-SK\",\"potentialAction\":[{\"@type\":\"ReadAction\",\"target\":[\"https:\/\/www.eko-bio-natura.sk\/shop\/produkt\/prirodne-domace-mydlo-s-matou-a-citronovym-olejom-3v1-babicka-agafia-1000ml\/\"]}]},{\"@type\":\"ImageObject\",\"inLanguage\":\"sk-SK\",\"@id\":\"https:\/\/www.eko-bio-natura.sk\/shop\/produkt\/prirodne-domace-mydlo-s-matou-a-citronovym-olejom-3v1-babicka-agafia-1000ml\/#primaryimage\",\"url\":\"https:\/\/www.eko-bio-natura.sk\/shop\/wp-content\/uploads\/2021\/12\/4482_prirodne-domace-mydlo-s-matou-a-citronovym-olejom-3v1-babicka-agafia-1000ml-scaled.jpg\",\"contentUrl\":\"https:\/\/www.eko-bio-natura.sk\/shop\/wp-content\/uploads\/2021\/12\/4482_prirodne-domace-mydlo-s-matou-a-citronovym-olejom-3v1-babicka-agafia-1000ml-scaled.jpg\",\"width\":1923,\"height\":2560},{\"@type\":\"BreadcrumbList\",\"@id\":\"https:\/\/www.eko-bio-natura.sk\/shop\/produkt\/prirodne-domace-mydlo-s-matou-a-citronovym-olejom-3v1-babicka-agafia-1000ml\/#breadcrumb\",\"itemListElement\":[{\"@type\":\"ListItem\",\"position\":1,\"name\":\"Domovsk\u00e1 str\u00e1nka\",\"item\":\"https:\/\/www.eko-bio-natura.sk\/shop\/\"},{\"@type\":\"ListItem\",\"position\":2,\"name\":\"Obchod\",\"item\":\"https:\/\/www.eko-bio-natura.sk\/shop\/?page_id=6\"},{\"@type\":\"ListItem\",\"position\":3,\"name\":\"Pr\u00edrodn\u00e9 dom\u00e1ce mydlo s m\u00e4tou a citr\u00f3nov\u00fdm olejom 3v1 &#8211; Babi\u010dka Agafia -1000ml\"}]},{\"@type\":\"WebSite\",\"@id\":\"https:\/\/www.eko-bio-natura.sk\/shop\/#website\",\"url\":\"https:\/\/www.eko-bio-natura.sk\/shop\/\",\"name\":\"EKO-BIO-NATURA BIO OBCHOD\",\"description\":\"\",\"publisher\":{\"@id\":\"https:\/\/www.eko-bio-natura.sk\/shop\/#organization\"},\"potentialAction\":[{\"@type\":\"SearchAction\",\"target\":{\"@type\":\"EntryPoint\",\"urlTemplate\":\"https:\/\/www.eko-bio-natura.sk\/shop\/?s={search_term_string}\"},\"query-input\":{\"@type\":\"PropertyValueSpecification\",\"valueRequired\":true,\"valueName\":\"search_term_string\"}}],\"inLanguage\":\"sk-SK\"},{\"@type\":\"Organization\",\"@id\":\"https:\/\/www.eko-bio-natura.sk\/shop\/#organization\",\"name\":\"EKO-BIO-NATURA BIO OBCHOD\",\"url\":\"https:\/\/www.eko-bio-natura.sk\/shop\/\",\"logo\":{\"@type\":\"ImageObject\",\"inLanguage\":\"sk-SK\",\"@id\":\"https:\/\/www.eko-bio-natura.sk\/shop\/#\/schema\/logo\/image\/\",\"url\":\"https:\/\/www.eko-bio-natura.sk\/shop\/wp-content\/uploads\/2021\/04\/eko-bio-natura_logo.png\",\"contentUrl\":\"https:\/\/www.eko-bio-natura.sk\/shop\/wp-content\/uploads\/2021\/04\/eko-bio-natura_logo.png\",\"width\":552,\"height\":194,\"caption\":\"EKO-BIO-NATURA BIO OBCHOD\"},\"image\":{\"@id\":\"https:\/\/www.eko-bio-natura.sk\/shop\/#\/schema\/logo\/image\/\"}}]}<\/script>\n<!-- \/ Yoast SEO plugin. -->","yoast_head_json":{"title":"Pr\u00edrodn\u00e9 dom\u00e1ce mydlo s m\u00e4tou a citr\u00f3nov\u00fdm olejom 3v1 - Babi\u010dka Agafia -1000ml - EKO-BIO-NATURA BIO OBCHOD","robots":{"index":"index","follow":"follow","max-snippet":"max-snippet:-1","max-image-preview":"max-image-preview:large","max-video-preview":"max-video-preview:-1"},"canonical":"https:\/\/www.eko-bio-natura.sk\/shop\/produkt\/prirodne-domace-mydlo-s-matou-a-citronovym-olejom-3v1-babicka-agafia-1000ml\/","og_locale":"sk_SK","og_type":"article","og_title":"Pr\u00edrodn\u00e9 dom\u00e1ce mydlo s m\u00e4tou a citr\u00f3nov\u00fdm olejom 3v1 - Babi\u010dka Agafia -1000ml - EKO-BIO-NATURA BIO OBCHOD","og_description":"Akt\u00edvne zlo\u017eky: Mydlica lek\u00e1rska- pr\u00edrodn\u00e1 peniaca zlo\u017eka, ktor\u00e1 nevysu\u0161uje poko\u017eku a nesp\u00f4sobuje podr\u00e1\u017edenie. M\u00e4ta pieporn\u00e1, citr\u00f3nov\u00fd olej. Sp\u00f4sob pou\u017eitia: mal\u00e9 mno\u017estvo mydla nanesieme na mokr\u00fa poko\u017eku, vytvor\u00edme penu a opl\u00e1chneme teplou vodou. Pr\u00edpadne mal\u00e9 mal\u00e9 mno\u017estvo nanies\u0165 na hubku a pou\u017ei\u0165 ako be\u017en\u00fd \u010distiaci prostriedok na riad a kuchynsk\u00e9 plochy. Upozornenie: nepou\u017e\u00edva\u0165 pri precitlivelosti na [&hellip;]","og_url":"https:\/\/www.eko-bio-natura.sk\/shop\/produkt\/prirodne-domace-mydlo-s-matou-a-citronovym-olejom-3v1-babicka-agafia-1000ml\/","og_site_name":"EKO-BIO-NATURA BIO OBCHOD","article_modified_time":"2022-05-04T14:39:26+00:00","og_image":[{"width":1923,"height":2560,"url":"https:\/\/www.eko-bio-natura.sk\/shop\/wp-content\/uploads\/2021\/12\/4482_prirodne-domace-mydlo-s-matou-a-citronovym-olejom-3v1-babicka-agafia-1000ml-scaled.jpg","type":"image\/jpeg"}],"twitter_card":"summary_large_image","twitter_misc":{"Predpokladan\u00fd \u010das \u010d\u00edtania":"1 min\u00fata"},"schema":{"@context":"https:\/\/schema.org","@graph":[{"@type":"WebPage","@id":"https:\/\/www.eko-bio-natura.sk\/shop\/produkt\/prirodne-domace-mydlo-s-matou-a-citronovym-olejom-3v1-babicka-agafia-1000ml\/","url":"https:\/\/www.eko-bio-natura.sk\/shop\/produkt\/prirodne-domace-mydlo-s-matou-a-citronovym-olejom-3v1-babicka-agafia-1000ml\/","name":"Pr\u00edrodn\u00e9 dom\u00e1ce mydlo s m\u00e4tou a citr\u00f3nov\u00fdm olejom 3v1 - Babi\u010dka Agafia -1000ml - EKO-BIO-NATURA BIO OBCHOD","isPartOf":{"@id":"https:\/\/www.eko-bio-natura.sk\/shop\/#website"},"primaryImageOfPage":{"@id":"https:\/\/www.eko-bio-natura.sk\/shop\/produkt\/prirodne-domace-mydlo-s-matou-a-citronovym-olejom-3v1-babicka-agafia-1000ml\/#primaryimage"},"image":{"@id":"https:\/\/www.eko-bio-natura.sk\/shop\/produkt\/prirodne-domace-mydlo-s-matou-a-citronovym-olejom-3v1-babicka-agafia-1000ml\/#primaryimage"},"thumbnailUrl":"https:\/\/www.eko-bio-natura.sk\/shop\/wp-content\/uploads\/2021\/12\/4482_prirodne-domace-mydlo-s-matou-a-citronovym-olejom-3v1-babicka-agafia-1000ml-scaled.jpg","datePublished":"2021-12-28T17:05:11+00:00","dateModified":"2022-05-04T14:39:26+00:00","breadcrumb":{"@id":"https:\/\/www.eko-bio-natura.sk\/shop\/produkt\/prirodne-domace-mydlo-s-matou-a-citronovym-olejom-3v1-babicka-agafia-1000ml\/#breadcrumb"},"inLanguage":"sk-SK","potentialAction":[{"@type":"ReadAction","target":["https:\/\/www.eko-bio-natura.sk\/shop\/produkt\/prirodne-domace-mydlo-s-matou-a-citronovym-olejom-3v1-babicka-agafia-1000ml\/"]}]},{"@type":"ImageObject","inLanguage":"sk-SK","@id":"https:\/\/www.eko-bio-natura.sk\/shop\/produkt\/prirodne-domace-mydlo-s-matou-a-citronovym-olejom-3v1-babicka-agafia-1000ml\/#primaryimage","url":"https:\/\/www.eko-bio-natura.sk\/shop\/wp-content\/uploads\/2021\/12\/4482_prirodne-domace-mydlo-s-matou-a-citronovym-olejom-3v1-babicka-agafia-1000ml-scaled.jpg","contentUrl":"https:\/\/www.eko-bio-natura.sk\/shop\/wp-content\/uploads\/2021\/12\/4482_prirodne-domace-mydlo-s-matou-a-citronovym-olejom-3v1-babicka-agafia-1000ml-scaled.jpg","width":1923,"height":2560},{"@type":"BreadcrumbList","@id":"https:\/\/www.eko-bio-natura.sk\/shop\/produkt\/prirodne-domace-mydlo-s-matou-a-citronovym-olejom-3v1-babicka-agafia-1000ml\/#breadcrumb","itemListElement":[{"@type":"ListItem","position":1,"name":"Domovsk\u00e1 str\u00e1nka","item":"https:\/\/www.eko-bio-natura.sk\/shop\/"},{"@type":"ListItem","position":2,"name":"Obchod","item":"https:\/\/www.eko-bio-natura.sk\/shop\/?page_id=6"},{"@type":"ListItem","position":3,"name":"Pr\u00edrodn\u00e9 dom\u00e1ce mydlo s m\u00e4tou a citr\u00f3nov\u00fdm olejom 3v1 &#8211; Babi\u010dka Agafia -1000ml"}]},{"@type":"WebSite","@id":"https:\/\/www.eko-bio-natura.sk\/shop\/#website","url":"https:\/\/www.eko-bio-natura.sk\/shop\/","name":"EKO-BIO-NATURA BIO OBCHOD","description":"","publisher":{"@id":"https:\/\/www.eko-bio-natura.sk\/shop\/#organization"},"potentialAction":[{"@type":"SearchAction","target":{"@type":"EntryPoint","urlTemplate":"https:\/\/www.eko-bio-natura.sk\/shop\/?s={search_term_string}"},"query-input":{"@type":"PropertyValueSpecification","valueRequired":true,"valueName":"search_term_string"}}],"inLanguage":"sk-SK"},{"@type":"Organization","@id":"https:\/\/www.eko-bio-natura.sk\/shop\/#organization","name":"EKO-BIO-NATURA BIO OBCHOD","url":"https:\/\/www.eko-bio-natura.sk\/shop\/","logo":{"@type":"ImageObject","inLanguage":"sk-SK","@id":"https:\/\/www.eko-bio-natura.sk\/shop\/#\/schema\/logo\/image\/","url":"https:\/\/www.eko-bio-natura.sk\/shop\/wp-content\/uploads\/2021\/04\/eko-bio-natura_logo.png","contentUrl":"https:\/\/www.eko-bio-natura.sk\/shop\/wp-content\/uploads\/2021\/04\/eko-bio-natura_logo.png","width":552,"height":194,"caption":"EKO-BIO-NATURA BIO OBCHOD"},"image":{"@id":"https:\/\/www.eko-bio-natura.sk\/shop\/#\/schema\/logo\/image\/"}}]}},"_links":{"self":[{"href":"https:\/\/www.eko-bio-natura.sk\/shop\/wp-json\/wp\/v2\/product\/7386","targetHints":{"allow":["GET"]}}],"collection":[{"href":"https:\/\/www.eko-bio-natura.sk\/shop\/wp-json\/wp\/v2\/product"}],"about":[{"href":"https:\/\/www.eko-bio-natura.sk\/shop\/wp-json\/wp\/v2\/types\/product"}],"replies":[{"embeddable":true,"href":"https:\/\/www.eko-bio-natura.sk\/shop\/wp-json\/wp\/v2\/comments?post=7386"}],"wp:featuredmedia":[{"embeddable":true,"href":"https:\/\/www.eko-bio-natura.sk\/shop\/wp-json\/wp\/v2\/media\/7387"}],"wp:attachment":[{"href":"https:\/\/www.eko-bio-natura.sk\/shop\/wp-json\/wp\/v2\/media?parent=7386"}],"wp:term":[{"taxonomy":"product_brand","embeddable":true,"href":"https:\/\/www.eko-bio-natura.sk\/shop\/wp-json\/wp\/v2\/product_brand?post=7386"},{"taxonomy":"product_cat","embeddable":true,"href":"https:\/\/www.eko-bio-natura.sk\/shop\/wp-json\/wp\/v2\/product_cat?post=7386"},{"taxonomy":"product_tag","embeddable":true,"href":"https:\/\/www.eko-bio-natura.sk\/shop\/wp-json\/wp\/v2\/product_tag?post=7386"}],"curies":[{"name":"wp","href":"https:\/\/api.w.org\/{rel}","templated":true}]}}