{"id":7382,"date":"2021-12-28T18:05:11","date_gmt":"2021-12-28T17:05:11","guid":{"rendered":"https:\/\/www.eko-bio-natura.sk\/shop\/index.php\/produkt\/matovy-zubny-prasok-fitokosmetik-75g\/"},"modified":"2022-05-04T16:39:26","modified_gmt":"2022-05-04T14:39:26","slug":"matovy-zubny-prasok-fitokosmetik-75g","status":"publish","type":"product","link":"https:\/\/www.eko-bio-natura.sk\/shop\/produkt\/matovy-zubny-prasok-fitokosmetik-75g\/","title":{"rendered":"M\u00e4tov\u00fd zubn\u00fd pr\u00e1\u0161ok &#8211; Fitokosmetik &#8211; 75g"},"content":{"rendered":"<p><span style=\"font-family: verdana, geneva; font-size: 12pt;\">Zubn\u00fd pr\u00e1\u0161ok bol vytvoren\u00fd pre d\u00f4kladn\u00e9 \u010distenie \u00fastnej dutiny, odstra\u0148uje bakt\u00e9rie a ne\u010distoty z povrchu zubov, \u010d\u00edm zabra\u0148uje tvorbe zubn\u00e9ho kazu.&nbsp;Oproti be\u017en\u00fdm zubn\u00fdm pr\u00e1\u0161kom neobsahuje fluoridy, konzerva\u010dn\u00e9 l\u00e1tky a&nbsp;umel\u00e9 ar\u00f3my.<\/span><\/p>\n<p><span style=\"font-size: 12pt;\"><strong><span style=\"font-family: verdana, geneva;\">Akt\u00edvne zlo\u017eky:&nbsp;<\/span><\/strong><\/span><\/p>\n<ul>\n<li><span style=\"font-family: verdana, geneva; font-size: 12pt;\">Pr\u00e1\u0161ok obsahuje <strong>esenci\u00e1lny olej z&nbsp;m\u00e4ty<\/strong>, ktor\u00fd dod\u00e1va pocit svie\u017eosti. M\u00e1 abraz\u00edvne \u00fa\u010dinky (\u010distiace), ktor\u00e9 zanechaj\u00fa v\u00e1\u0161 \u00fasmev \u017eiariv\u00fd.<\/span><\/li>\n<\/ul>\n<p><span style=\"font-family: verdana, geneva; font-size: 12pt;\"><strong>Sp\u00f4sob pou\u017eitia:<\/strong> Pr\u00e1\u0161ok nasypeme na zubn\u00fa kefku, pr\u00edpadne n\u00edm dopln\u00edme zubn\u00fa pastu. Vhodn\u00e9 pou\u017e\u00edva\u0165 2x t\u00fd\u017edenne.<\/span><\/p>\n<p><span style=\"font-family: verdana, geneva; font-size: 12pt;\"><strong>Upozornenie:<\/strong> Vyh\u00fdbajte sa kontaktu s&nbsp;o\u010dami. Skladujte mimo dosahu det\u00ed<\/span><\/p>\n<p><span style=\"font-family: verdana, geneva; font-size: 12pt;\"><strong><img decoding=\"async\" src=\"\/user\/documents\/upload\/mceclip0-182.png?1622620625\" width=\"542\" height=\"34\" \/><\/strong><\/span><\/p>\n<p><span style=\"font-family: verdana, geneva; font-size: 12pt;\"><strong>Objem:<\/strong> 75g<\/span><\/p>\n<p><span style=\"font-family: verdana, geneva; font-size: 12pt;\"><strong>Krajina p\u00f4vodu:<\/strong> Rusko<\/span><\/p>\n","protected":false},"excerpt":{"rendered":"<p>Zubn\u00fd pr\u00e1\u0161ok bol vytvoren\u00fd pre d\u00f4kladn\u00e9 \u010distenie \u00fastnej dutiny, odstra\u0148uje bakt\u00e9rie a ne\u010distoty z povrchu zubov, \u010d\u00edm zabra\u0148uje tvorbe zubn\u00e9ho kazu.&nbsp;Oproti be\u017en\u00fdm zubn\u00fdm pr\u00e1\u0161kom neobsahuje fluoridy, konzerva\u010dn\u00e9 l\u00e1tky a&nbsp;umel\u00e9 ar\u00f3my. Akt\u00edvne zlo\u017eky:&nbsp; Pr\u00e1\u0161ok obsahuje esenci\u00e1lny olej z&nbsp;m\u00e4ty, ktor\u00fd dod\u00e1va pocit svie\u017eosti. M\u00e1 abraz\u00edvne \u00fa\u010dinky (\u010distiace), ktor\u00e9 zanechaj\u00fa v\u00e1\u0161 \u00fasmev \u017eiariv\u00fd. Sp\u00f4sob pou\u017eitia: Pr\u00e1\u0161ok nasypeme na [&hellip;]<\/p>\n","protected":false},"featured_media":7383,"comment_status":"open","ping_status":"open","template":"","meta":{"site-sidebar-layout":"default","site-content-layout":"","ast-site-content-layout":"default","site-content-style":"default","site-sidebar-style":"default","ast-global-header-display":"","ast-banner-title-visibility":"","ast-main-header-display":"","ast-hfb-above-header-display":"","ast-hfb-below-header-display":"","ast-hfb-mobile-header-display":"","site-post-title":"","ast-breadcrumbs-content":"","ast-featured-img":"","footer-sml-layout":"","ast-disable-related-posts":"","theme-transparent-header-meta":"","adv-header-id-meta":"","stick-header-meta":"","header-above-stick-meta":"","header-main-stick-meta":"","header-below-stick-meta":"","astra-migrate-meta-layouts":"default","ast-page-background-enabled":"default","ast-page-background-meta":{"desktop":{"background-color":"","background-image":"","background-repeat":"repeat","background-position":"center center","background-size":"auto","background-attachment":"scroll","background-type":"","background-media":"","overlay-type":"","overlay-color":"","overlay-opacity":"","overlay-gradient":""},"tablet":{"background-color":"","background-image":"","background-repeat":"repeat","background-position":"center center","background-size":"auto","background-attachment":"scroll","background-type":"","background-media":"","overlay-type":"","overlay-color":"","overlay-opacity":"","overlay-gradient":""},"mobile":{"background-color":"","background-image":"","background-repeat":"repeat","background-position":"center center","background-size":"auto","background-attachment":"scroll","background-type":"","background-media":"","overlay-type":"","overlay-color":"","overlay-opacity":"","overlay-gradient":""}},"ast-content-background-meta":{"desktop":{"background-color":"var(--ast-global-color-5)","background-image":"","background-repeat":"repeat","background-position":"center center","background-size":"auto","background-attachment":"scroll","background-type":"","background-media":"","overlay-type":"","overlay-color":"","overlay-opacity":"","overlay-gradient":""},"tablet":{"background-color":"var(--ast-global-color-5)","background-image":"","background-repeat":"repeat","background-position":"center center","background-size":"auto","background-attachment":"scroll","background-type":"","background-media":"","overlay-type":"","overlay-color":"","overlay-opacity":"","overlay-gradient":""},"mobile":{"background-color":"var(--ast-global-color-5)","background-image":"","background-repeat":"repeat","background-position":"center center","background-size":"auto","background-attachment":"scroll","background-type":"","background-media":"","overlay-type":"","overlay-color":"","overlay-opacity":"","overlay-gradient":""}}},"product_brand":[],"product_cat":[17,26],"product_tag":[],"class_list":{"0":"post-7382","1":"product","2":"type-product","3":"status-publish","4":"has-post-thumbnail","6":"product_cat-eko-domacnost","7":"product_cat-prirodne-esencialne-oleje","8":"pa_cena-dopravy-367","9":"pa_doprava-zasilkovna","10":"pa_ean-446","11":"pa_typ-partnersky-predaj","12":"pa_znacka-fitokosmetik","13":"desktop-align-left","14":"tablet-align-left","15":"mobile-align-left","17":"first","18":"instock","19":"product-type-external"},"yoast_head":"<!-- This site is optimized with the Yoast SEO plugin v27.2 - https:\/\/yoast.com\/product\/yoast-seo-wordpress\/ -->\n<title>M\u00e4tov\u00fd zubn\u00fd pr\u00e1\u0161ok - Fitokosmetik - 75g - EKO-BIO-NATURA BIO OBCHOD<\/title>\n<meta name=\"robots\" content=\"index, follow, max-snippet:-1, max-image-preview:large, max-video-preview:-1\" \/>\n<link rel=\"canonical\" href=\"https:\/\/www.eko-bio-natura.sk\/shop\/produkt\/matovy-zubny-prasok-fitokosmetik-75g\/\" \/>\n<meta property=\"og:locale\" content=\"sk_SK\" \/>\n<meta property=\"og:type\" content=\"article\" \/>\n<meta property=\"og:title\" content=\"M\u00e4tov\u00fd zubn\u00fd pr\u00e1\u0161ok - Fitokosmetik - 75g - EKO-BIO-NATURA BIO OBCHOD\" \/>\n<meta property=\"og:description\" content=\"Zubn\u00fd pr\u00e1\u0161ok bol vytvoren\u00fd pre d\u00f4kladn\u00e9 \u010distenie \u00fastnej dutiny, odstra\u0148uje bakt\u00e9rie a ne\u010distoty z povrchu zubov, \u010d\u00edm zabra\u0148uje tvorbe zubn\u00e9ho kazu.&nbsp;Oproti be\u017en\u00fdm zubn\u00fdm pr\u00e1\u0161kom neobsahuje fluoridy, konzerva\u010dn\u00e9 l\u00e1tky a&nbsp;umel\u00e9 ar\u00f3my. Akt\u00edvne zlo\u017eky:&nbsp; Pr\u00e1\u0161ok obsahuje esenci\u00e1lny olej z&nbsp;m\u00e4ty, ktor\u00fd dod\u00e1va pocit svie\u017eosti. M\u00e1 abraz\u00edvne \u00fa\u010dinky (\u010distiace), ktor\u00e9 zanechaj\u00fa v\u00e1\u0161 \u00fasmev \u017eiariv\u00fd. Sp\u00f4sob pou\u017eitia: Pr\u00e1\u0161ok nasypeme na [&hellip;]\" \/>\n<meta property=\"og:url\" content=\"https:\/\/www.eko-bio-natura.sk\/shop\/produkt\/matovy-zubny-prasok-fitokosmetik-75g\/\" \/>\n<meta property=\"og:site_name\" content=\"EKO-BIO-NATURA BIO OBCHOD\" \/>\n<meta property=\"article:modified_time\" content=\"2022-05-04T14:39:26+00:00\" \/>\n<meta property=\"og:image\" content=\"https:\/\/www.eko-bio-natura.sk\/shop\/wp-content\/uploads\/2021\/12\/4437-2_matovy-zubny-prasok-fitokosmetik-75g-scaled.jpg\" \/>\n\t<meta property=\"og:image:width\" content=\"2560\" \/>\n\t<meta property=\"og:image:height\" content=\"1923\" \/>\n\t<meta property=\"og:image:type\" content=\"image\/jpeg\" \/>\n<meta name=\"twitter:card\" content=\"summary_large_image\" \/>\n<meta name=\"twitter:label1\" content=\"Predpokladan\u00fd \u010das \u010d\u00edtania\" \/>\n\t<meta name=\"twitter:data1\" content=\"1 min\u00fata\" \/>\n<script type=\"application\/ld+json\" class=\"yoast-schema-graph\">{\"@context\":\"https:\/\/schema.org\",\"@graph\":[{\"@type\":\"WebPage\",\"@id\":\"https:\/\/www.eko-bio-natura.sk\/shop\/produkt\/matovy-zubny-prasok-fitokosmetik-75g\/\",\"url\":\"https:\/\/www.eko-bio-natura.sk\/shop\/produkt\/matovy-zubny-prasok-fitokosmetik-75g\/\",\"name\":\"M\u00e4tov\u00fd zubn\u00fd pr\u00e1\u0161ok - Fitokosmetik - 75g - EKO-BIO-NATURA BIO OBCHOD\",\"isPartOf\":{\"@id\":\"https:\/\/www.eko-bio-natura.sk\/shop\/#website\"},\"primaryImageOfPage\":{\"@id\":\"https:\/\/www.eko-bio-natura.sk\/shop\/produkt\/matovy-zubny-prasok-fitokosmetik-75g\/#primaryimage\"},\"image\":{\"@id\":\"https:\/\/www.eko-bio-natura.sk\/shop\/produkt\/matovy-zubny-prasok-fitokosmetik-75g\/#primaryimage\"},\"thumbnailUrl\":\"https:\/\/www.eko-bio-natura.sk\/shop\/wp-content\/uploads\/2021\/12\/4437-2_matovy-zubny-prasok-fitokosmetik-75g-scaled.jpg\",\"datePublished\":\"2021-12-28T17:05:11+00:00\",\"dateModified\":\"2022-05-04T14:39:26+00:00\",\"breadcrumb\":{\"@id\":\"https:\/\/www.eko-bio-natura.sk\/shop\/produkt\/matovy-zubny-prasok-fitokosmetik-75g\/#breadcrumb\"},\"inLanguage\":\"sk-SK\",\"potentialAction\":[{\"@type\":\"ReadAction\",\"target\":[\"https:\/\/www.eko-bio-natura.sk\/shop\/produkt\/matovy-zubny-prasok-fitokosmetik-75g\/\"]}]},{\"@type\":\"ImageObject\",\"inLanguage\":\"sk-SK\",\"@id\":\"https:\/\/www.eko-bio-natura.sk\/shop\/produkt\/matovy-zubny-prasok-fitokosmetik-75g\/#primaryimage\",\"url\":\"https:\/\/www.eko-bio-natura.sk\/shop\/wp-content\/uploads\/2021\/12\/4437-2_matovy-zubny-prasok-fitokosmetik-75g-scaled.jpg\",\"contentUrl\":\"https:\/\/www.eko-bio-natura.sk\/shop\/wp-content\/uploads\/2021\/12\/4437-2_matovy-zubny-prasok-fitokosmetik-75g-scaled.jpg\",\"width\":2560,\"height\":1923},{\"@type\":\"BreadcrumbList\",\"@id\":\"https:\/\/www.eko-bio-natura.sk\/shop\/produkt\/matovy-zubny-prasok-fitokosmetik-75g\/#breadcrumb\",\"itemListElement\":[{\"@type\":\"ListItem\",\"position\":1,\"name\":\"Domovsk\u00e1 str\u00e1nka\",\"item\":\"https:\/\/www.eko-bio-natura.sk\/shop\/\"},{\"@type\":\"ListItem\",\"position\":2,\"name\":\"Obchod\",\"item\":\"https:\/\/www.eko-bio-natura.sk\/shop\/?page_id=6\"},{\"@type\":\"ListItem\",\"position\":3,\"name\":\"M\u00e4tov\u00fd zubn\u00fd pr\u00e1\u0161ok &#8211; Fitokosmetik &#8211; 75g\"}]},{\"@type\":\"WebSite\",\"@id\":\"https:\/\/www.eko-bio-natura.sk\/shop\/#website\",\"url\":\"https:\/\/www.eko-bio-natura.sk\/shop\/\",\"name\":\"EKO-BIO-NATURA BIO OBCHOD\",\"description\":\"\",\"publisher\":{\"@id\":\"https:\/\/www.eko-bio-natura.sk\/shop\/#organization\"},\"potentialAction\":[{\"@type\":\"SearchAction\",\"target\":{\"@type\":\"EntryPoint\",\"urlTemplate\":\"https:\/\/www.eko-bio-natura.sk\/shop\/?s={search_term_string}\"},\"query-input\":{\"@type\":\"PropertyValueSpecification\",\"valueRequired\":true,\"valueName\":\"search_term_string\"}}],\"inLanguage\":\"sk-SK\"},{\"@type\":\"Organization\",\"@id\":\"https:\/\/www.eko-bio-natura.sk\/shop\/#organization\",\"name\":\"EKO-BIO-NATURA BIO OBCHOD\",\"url\":\"https:\/\/www.eko-bio-natura.sk\/shop\/\",\"logo\":{\"@type\":\"ImageObject\",\"inLanguage\":\"sk-SK\",\"@id\":\"https:\/\/www.eko-bio-natura.sk\/shop\/#\/schema\/logo\/image\/\",\"url\":\"https:\/\/www.eko-bio-natura.sk\/shop\/wp-content\/uploads\/2021\/04\/eko-bio-natura_logo.png\",\"contentUrl\":\"https:\/\/www.eko-bio-natura.sk\/shop\/wp-content\/uploads\/2021\/04\/eko-bio-natura_logo.png\",\"width\":552,\"height\":194,\"caption\":\"EKO-BIO-NATURA BIO OBCHOD\"},\"image\":{\"@id\":\"https:\/\/www.eko-bio-natura.sk\/shop\/#\/schema\/logo\/image\/\"}}]}<\/script>\n<!-- \/ Yoast SEO plugin. -->","yoast_head_json":{"title":"M\u00e4tov\u00fd zubn\u00fd pr\u00e1\u0161ok - Fitokosmetik - 75g - EKO-BIO-NATURA BIO OBCHOD","robots":{"index":"index","follow":"follow","max-snippet":"max-snippet:-1","max-image-preview":"max-image-preview:large","max-video-preview":"max-video-preview:-1"},"canonical":"https:\/\/www.eko-bio-natura.sk\/shop\/produkt\/matovy-zubny-prasok-fitokosmetik-75g\/","og_locale":"sk_SK","og_type":"article","og_title":"M\u00e4tov\u00fd zubn\u00fd pr\u00e1\u0161ok - Fitokosmetik - 75g - EKO-BIO-NATURA BIO OBCHOD","og_description":"Zubn\u00fd pr\u00e1\u0161ok bol vytvoren\u00fd pre d\u00f4kladn\u00e9 \u010distenie \u00fastnej dutiny, odstra\u0148uje bakt\u00e9rie a ne\u010distoty z povrchu zubov, \u010d\u00edm zabra\u0148uje tvorbe zubn\u00e9ho kazu.&nbsp;Oproti be\u017en\u00fdm zubn\u00fdm pr\u00e1\u0161kom neobsahuje fluoridy, konzerva\u010dn\u00e9 l\u00e1tky a&nbsp;umel\u00e9 ar\u00f3my. Akt\u00edvne zlo\u017eky:&nbsp; Pr\u00e1\u0161ok obsahuje esenci\u00e1lny olej z&nbsp;m\u00e4ty, ktor\u00fd dod\u00e1va pocit svie\u017eosti. M\u00e1 abraz\u00edvne \u00fa\u010dinky (\u010distiace), ktor\u00e9 zanechaj\u00fa v\u00e1\u0161 \u00fasmev \u017eiariv\u00fd. Sp\u00f4sob pou\u017eitia: Pr\u00e1\u0161ok nasypeme na [&hellip;]","og_url":"https:\/\/www.eko-bio-natura.sk\/shop\/produkt\/matovy-zubny-prasok-fitokosmetik-75g\/","og_site_name":"EKO-BIO-NATURA BIO OBCHOD","article_modified_time":"2022-05-04T14:39:26+00:00","og_image":[{"width":2560,"height":1923,"url":"https:\/\/www.eko-bio-natura.sk\/shop\/wp-content\/uploads\/2021\/12\/4437-2_matovy-zubny-prasok-fitokosmetik-75g-scaled.jpg","type":"image\/jpeg"}],"twitter_card":"summary_large_image","twitter_misc":{"Predpokladan\u00fd \u010das \u010d\u00edtania":"1 min\u00fata"},"schema":{"@context":"https:\/\/schema.org","@graph":[{"@type":"WebPage","@id":"https:\/\/www.eko-bio-natura.sk\/shop\/produkt\/matovy-zubny-prasok-fitokosmetik-75g\/","url":"https:\/\/www.eko-bio-natura.sk\/shop\/produkt\/matovy-zubny-prasok-fitokosmetik-75g\/","name":"M\u00e4tov\u00fd zubn\u00fd pr\u00e1\u0161ok - Fitokosmetik - 75g - EKO-BIO-NATURA BIO OBCHOD","isPartOf":{"@id":"https:\/\/www.eko-bio-natura.sk\/shop\/#website"},"primaryImageOfPage":{"@id":"https:\/\/www.eko-bio-natura.sk\/shop\/produkt\/matovy-zubny-prasok-fitokosmetik-75g\/#primaryimage"},"image":{"@id":"https:\/\/www.eko-bio-natura.sk\/shop\/produkt\/matovy-zubny-prasok-fitokosmetik-75g\/#primaryimage"},"thumbnailUrl":"https:\/\/www.eko-bio-natura.sk\/shop\/wp-content\/uploads\/2021\/12\/4437-2_matovy-zubny-prasok-fitokosmetik-75g-scaled.jpg","datePublished":"2021-12-28T17:05:11+00:00","dateModified":"2022-05-04T14:39:26+00:00","breadcrumb":{"@id":"https:\/\/www.eko-bio-natura.sk\/shop\/produkt\/matovy-zubny-prasok-fitokosmetik-75g\/#breadcrumb"},"inLanguage":"sk-SK","potentialAction":[{"@type":"ReadAction","target":["https:\/\/www.eko-bio-natura.sk\/shop\/produkt\/matovy-zubny-prasok-fitokosmetik-75g\/"]}]},{"@type":"ImageObject","inLanguage":"sk-SK","@id":"https:\/\/www.eko-bio-natura.sk\/shop\/produkt\/matovy-zubny-prasok-fitokosmetik-75g\/#primaryimage","url":"https:\/\/www.eko-bio-natura.sk\/shop\/wp-content\/uploads\/2021\/12\/4437-2_matovy-zubny-prasok-fitokosmetik-75g-scaled.jpg","contentUrl":"https:\/\/www.eko-bio-natura.sk\/shop\/wp-content\/uploads\/2021\/12\/4437-2_matovy-zubny-prasok-fitokosmetik-75g-scaled.jpg","width":2560,"height":1923},{"@type":"BreadcrumbList","@id":"https:\/\/www.eko-bio-natura.sk\/shop\/produkt\/matovy-zubny-prasok-fitokosmetik-75g\/#breadcrumb","itemListElement":[{"@type":"ListItem","position":1,"name":"Domovsk\u00e1 str\u00e1nka","item":"https:\/\/www.eko-bio-natura.sk\/shop\/"},{"@type":"ListItem","position":2,"name":"Obchod","item":"https:\/\/www.eko-bio-natura.sk\/shop\/?page_id=6"},{"@type":"ListItem","position":3,"name":"M\u00e4tov\u00fd zubn\u00fd pr\u00e1\u0161ok &#8211; Fitokosmetik &#8211; 75g"}]},{"@type":"WebSite","@id":"https:\/\/www.eko-bio-natura.sk\/shop\/#website","url":"https:\/\/www.eko-bio-natura.sk\/shop\/","name":"EKO-BIO-NATURA BIO OBCHOD","description":"","publisher":{"@id":"https:\/\/www.eko-bio-natura.sk\/shop\/#organization"},"potentialAction":[{"@type":"SearchAction","target":{"@type":"EntryPoint","urlTemplate":"https:\/\/www.eko-bio-natura.sk\/shop\/?s={search_term_string}"},"query-input":{"@type":"PropertyValueSpecification","valueRequired":true,"valueName":"search_term_string"}}],"inLanguage":"sk-SK"},{"@type":"Organization","@id":"https:\/\/www.eko-bio-natura.sk\/shop\/#organization","name":"EKO-BIO-NATURA BIO OBCHOD","url":"https:\/\/www.eko-bio-natura.sk\/shop\/","logo":{"@type":"ImageObject","inLanguage":"sk-SK","@id":"https:\/\/www.eko-bio-natura.sk\/shop\/#\/schema\/logo\/image\/","url":"https:\/\/www.eko-bio-natura.sk\/shop\/wp-content\/uploads\/2021\/04\/eko-bio-natura_logo.png","contentUrl":"https:\/\/www.eko-bio-natura.sk\/shop\/wp-content\/uploads\/2021\/04\/eko-bio-natura_logo.png","width":552,"height":194,"caption":"EKO-BIO-NATURA BIO OBCHOD"},"image":{"@id":"https:\/\/www.eko-bio-natura.sk\/shop\/#\/schema\/logo\/image\/"}}]}},"_links":{"self":[{"href":"https:\/\/www.eko-bio-natura.sk\/shop\/wp-json\/wp\/v2\/product\/7382","targetHints":{"allow":["GET"]}}],"collection":[{"href":"https:\/\/www.eko-bio-natura.sk\/shop\/wp-json\/wp\/v2\/product"}],"about":[{"href":"https:\/\/www.eko-bio-natura.sk\/shop\/wp-json\/wp\/v2\/types\/product"}],"replies":[{"embeddable":true,"href":"https:\/\/www.eko-bio-natura.sk\/shop\/wp-json\/wp\/v2\/comments?post=7382"}],"wp:featuredmedia":[{"embeddable":true,"href":"https:\/\/www.eko-bio-natura.sk\/shop\/wp-json\/wp\/v2\/media\/7383"}],"wp:attachment":[{"href":"https:\/\/www.eko-bio-natura.sk\/shop\/wp-json\/wp\/v2\/media?parent=7382"}],"wp:term":[{"taxonomy":"product_brand","embeddable":true,"href":"https:\/\/www.eko-bio-natura.sk\/shop\/wp-json\/wp\/v2\/product_brand?post=7382"},{"taxonomy":"product_cat","embeddable":true,"href":"https:\/\/www.eko-bio-natura.sk\/shop\/wp-json\/wp\/v2\/product_cat?post=7382"},{"taxonomy":"product_tag","embeddable":true,"href":"https:\/\/www.eko-bio-natura.sk\/shop\/wp-json\/wp\/v2\/product_tag?post=7382"}],"curies":[{"name":"wp","href":"https:\/\/api.w.org\/{rel}","templated":true}]}}