{"id":7376,"date":"2021-12-28T18:04:35","date_gmt":"2021-12-28T17:04:35","guid":{"rendered":"https:\/\/www.eko-bio-natura.sk\/shop\/index.php\/produkt\/100-cedrovy-olej-altajsky-za-studena-lisovany-panensky-specialist-objem-100-ml\/"},"modified":"2022-05-04T16:39:24","modified_gmt":"2022-05-04T14:39:24","slug":"100-cedrovy-olej-altajsky-za-studena-lisovany-panensky-specialist-objem-100-ml","status":"publish","type":"product","link":"https:\/\/www.eko-bio-natura.sk\/shop\/produkt\/100-cedrovy-olej-altajsky-za-studena-lisovany-panensky-specialist-objem-100-ml\/","title":{"rendered":"100% C\u00e9drov\u00fd olej Altajsk\u00fd, za studena lisovan\u00fd, panensk\u00fd &#8211; Specialist Objem: 100 ml"},"content":{"rendered":"<p><span style=\"font-size: 12pt; font-family: verdana, geneva;\">Je to Borovica Sib\u00edrska,&nbsp;(Pinus Sibirica, tzv. Kedr).&nbsp;C\u00e9der, ozna\u010dovan\u00fd aj ako&nbsp;\u201estrom \u017eivota\u201c,&nbsp;je mohutn\u00fd ihli\u010dnat\u00fd strom dorastaj\u00faci do v\u00fd\u0161ky 35 a\u017e 40 m.&nbsp;Pre svoje \u00fa\u010dinky bol v\u017edy uctievanou drevinou obyvate\u013eov sib\u00edrskej tajgy. Tento olej obsahuje kvalitn\u00fd pomer \u017eiv\u00edn (komplex hodnotn\u00fdch bielkov\u00edn, tukov a&nbsp;sacharidov), vitam\u00ednov (A,B,E,D,F) a&nbsp;stopov\u00fdch prvkov.&nbsp;<strong><span lang=\"CS\">Pre\u010d\u00edtajte si aj <a href=\"http:\/\/blog.herbatica.sk\/pat-faktov-o-cedrovej-zivici\/\" target=\"_blank\" rel=\"noopener noreferrer\">5 faktov o c\u00e9drovej \u017eivici.<\/a><\/span><\/strong><\/span><\/p>\n<p>&nbsp;<\/p>\n<p><span style=\"font-size: 12pt; font-family: verdana, geneva;\"><strong>Sp\u00f4sob pou\u017eitia:<\/strong> Na prevenciu: 1 \u010dajov\u00fa ly\u017ei\u010dku u\u017ei\u0165 1-2x denne pol hodinu pred jedlom. Na akt\u00edvnu lie\u010dbu: 1 \u010dajov\u00fa ly\u017ei\u010dku 3x denne. Na vonkaj\u0161ie pou\u017eitie: k&nbsp;mas\u00e1\u017ei, lie\u010dba ko\u017en\u00fdch ochoren\u00ed- aplik\u00e1cia priamo na poko\u017eku.<\/span><\/p>\n<p><span style=\"font-size: 12pt; font-family: verdana, geneva;\"><strong>Upozornenie:<\/strong>&nbsp;Vhodn\u00e9 aj pre deti, av\u0161ak&nbsp;<\/span><span style=\"font-family: verdana, geneva; font-size: 12pt;\">len v malom obmedzenom mno\u017estve&nbsp;<\/span><span style=\"font-family: verdana, geneva; font-size: 12pt;\">a pri zaraden\u00ed do jed\u00e1lni\u010dka treba by\u0165 ve\u013emi pozorn\u00fd a sledova\u0165 reakciu organizmu- m\u00f4\u017ee d\u00f4js\u0165 k alergick\u00fdm reakci\u00e1m.<\/span><span style=\"font-family: verdana, geneva; font-size: 12pt;\">&nbsp;Neprekra\u010dujte odpor\u00fa\u010dan\u00fa denn\u00fa d\u00e1vku. Nepou\u017e\u00edvajte ako n\u00e1hradu pestrej stravy. Nepou\u017e\u00edvajte pre individu\u00e1lnej alergii na jednotliv\u00e9 zlo\u017eky.<\/span><\/p>\n<p><span style=\"font-size: 12pt; font-family: verdana, geneva;\"><strong>Podmienky skladovania:<\/strong> Skladujte na suchom a&nbsp;tmavom mieste pri teplote do 20\u00b0C.<\/span><\/p>\n<p><img decoding=\"async\" src=\"https:\/\/www.herbatica.sk\/user\/documents\/upload\/zlozenia\/0510.png\" alt=\"0510\" \/><\/p>\n<p><span style=\"font-size: 12pt; font-family: verdana, geneva;\"><strong>Obsah:<\/strong> 100ml<\/span><\/p>\n<p><span style=\"font-size: 12pt; font-family: verdana, geneva;\"><strong>Krajina p\u00f4vodu:<\/strong> RU<\/span><\/p>\n<p>&nbsp;<\/p>\n<p><strong><span style=\"font-size: 12pt; font-family: verdana, geneva;\">Viac inform\u00e1ci\u00ed o tomto oleji:&nbsp;<\/span><\/strong><\/p>\n<p><span style=\"font-size: 12pt; font-family: verdana, geneva;\">C\u00e9drov\u00fd olej ako v\u00fddatn\u00fd zdroj polynenas\u00fdten\u00fdch mastn\u00fdch kysel\u00edn a&nbsp;vitam\u00ednu E sa odpor\u00fa\u010da u\u017e\u00edva\u0165 denne v&nbsp;mno\u017estve 15ml. Pri pravidelnom u\u017e\u00edvan\u00ed tak\u00e9hoto mno\u017estva c\u00e9drov\u00e9ho oleja svojmu telu zabezpe\u010d\u00edte a\u017e 55% dennej potreby vitam\u00ednu E, ktor\u00fd v&nbsp;kombin\u00e1cii s&nbsp;komplexom nenas\u00fdten\u00fdch mastn\u00fdch kysel\u00edn v\u00fdznamne <strong>posil\u0148uje ne\u0161pecifick\u00fa zlo\u017eku imunity \u013eudsk\u00e9ho organizmu<\/strong>.<\/span><\/p>\n<p><span style=\"font-size: 12pt; font-family: verdana, geneva;\">Pre svoju vysok\u00fa biologick\u00fa aktivitu je tento olej &nbsp;vhodn\u00fdm pr\u00edrodn\u00fdm prostriedkom ako na <strong>prevenciu r\u00f4znych v\u00edrusov\u00fdch a&nbsp;infek\u010dn\u00fdch ochoren\u00ed, tak aj na posilnenie celkovej imunity organizmu, ko\u017en\u00fdch probl\u00e9mov ako je seborea, psori\u00e1za a in\u00e9.<\/strong><\/span><\/p>\n<p><span style=\"font-size: 12pt; font-family: verdana, geneva;\">Navy\u0161e sa vyzna\u010duje v\u00fdborn\u00fdmi chu\u0165ov\u00fdmi a&nbsp;nutri\u010dn\u00fdmi vlastnos\u0165ami, \u010do je nesporne ve\u013ek\u00fdm plusom pri va\u0161om rozhodovan\u00ed o&nbsp;jeho zaraden\u00ed do v\u00e1\u0161ho jed\u00e1lni\u010dka.<\/span><\/p>\n<p><span style=\"font-size: 12pt; font-family: verdana, geneva;\">A m\u00f4\u017eete si pre\u010d\u00edta\u0165 aj o jeho <a href=\"http:\/\/blog.herbatica.sk\/cedrovy-olej\/\" target=\"_blank\" rel=\"noopener noreferrer\">\u010fal\u0161\u00edch \u00fa\u010dinkoch<\/a>.&nbsp;<\/span><\/p>\n<p><span style=\"font-family: verdana, geneva; font-size: 12pt;\">&nbsp;Tr\u00e1pi V\u00e1s psori\u00e1za? Podrobne sme sa tejto t\u00e9me venovali v komplexnom a <a href=\"https:\/\/www.herbatica.sk\/blog\/co-je-psoriaza-a-lupienka-priznaky-liecba\/\">odbornom \u010dl\u00e1nku<\/a>, ktor\u00fd n\u00e1m nap\u00edsala PhDr. Mgr. Eva Medveck\u00e1, PhD., DiS.<\/span><\/p>\n","protected":false},"excerpt":{"rendered":"<p>Je to Borovica Sib\u00edrska,&nbsp;(Pinus Sibirica, tzv. Kedr).&nbsp;C\u00e9der, ozna\u010dovan\u00fd aj ako&nbsp;\u201estrom \u017eivota\u201c,&nbsp;je mohutn\u00fd ihli\u010dnat\u00fd strom dorastaj\u00faci do v\u00fd\u0161ky 35 a\u017e 40 m.&nbsp;Pre svoje \u00fa\u010dinky bol v\u017edy uctievanou drevinou obyvate\u013eov sib\u00edrskej tajgy. Tento olej obsahuje kvalitn\u00fd pomer \u017eiv\u00edn (komplex hodnotn\u00fdch bielkov\u00edn, tukov a&nbsp;sacharidov), vitam\u00ednov (A,B,E,D,F) a&nbsp;stopov\u00fdch prvkov.&nbsp;Pre\u010d\u00edtajte si aj 5 faktov o c\u00e9drovej \u017eivici. &nbsp; Sp\u00f4sob pou\u017eitia: [&hellip;]<\/p>\n","protected":false},"featured_media":7377,"comment_status":"open","ping_status":"open","template":"","meta":{"site-sidebar-layout":"default","site-content-layout":"","ast-site-content-layout":"default","site-content-style":"default","site-sidebar-style":"default","ast-global-header-display":"","ast-banner-title-visibility":"","ast-main-header-display":"","ast-hfb-above-header-display":"","ast-hfb-below-header-display":"","ast-hfb-mobile-header-display":"","site-post-title":"","ast-breadcrumbs-content":"","ast-featured-img":"","footer-sml-layout":"","ast-disable-related-posts":"","theme-transparent-header-meta":"","adv-header-id-meta":"","stick-header-meta":"","header-above-stick-meta":"","header-main-stick-meta":"","header-below-stick-meta":"","astra-migrate-meta-layouts":"default","ast-page-background-enabled":"default","ast-page-background-meta":{"desktop":{"background-color":"","background-image":"","background-repeat":"repeat","background-position":"center center","background-size":"auto","background-attachment":"scroll","background-type":"","background-media":"","overlay-type":"","overlay-color":"","overlay-opacity":"","overlay-gradient":""},"tablet":{"background-color":"","background-image":"","background-repeat":"repeat","background-position":"center center","background-size":"auto","background-attachment":"scroll","background-type":"","background-media":"","overlay-type":"","overlay-color":"","overlay-opacity":"","overlay-gradient":""},"mobile":{"background-color":"","background-image":"","background-repeat":"repeat","background-position":"center center","background-size":"auto","background-attachment":"scroll","background-type":"","background-media":"","overlay-type":"","overlay-color":"","overlay-opacity":"","overlay-gradient":""}},"ast-content-background-meta":{"desktop":{"background-color":"var(--ast-global-color-5)","background-image":"","background-repeat":"repeat","background-position":"center center","background-size":"auto","background-attachment":"scroll","background-type":"","background-media":"","overlay-type":"","overlay-color":"","overlay-opacity":"","overlay-gradient":""},"tablet":{"background-color":"var(--ast-global-color-5)","background-image":"","background-repeat":"repeat","background-position":"center center","background-size":"auto","background-attachment":"scroll","background-type":"","background-media":"","overlay-type":"","overlay-color":"","overlay-opacity":"","overlay-gradient":""},"mobile":{"background-color":"var(--ast-global-color-5)","background-image":"","background-repeat":"repeat","background-position":"center center","background-size":"auto","background-attachment":"scroll","background-type":"","background-media":"","overlay-type":"","overlay-color":"","overlay-opacity":"","overlay-gradient":""}}},"product_brand":[],"product_cat":[18,187,184],"product_tag":[],"class_list":{"0":"post-7376","1":"product","2":"type-product","3":"status-publish","4":"has-post-thumbnail","6":"product_cat-prirodna-lekaren","7":"product_cat-tradicna-ruska-medicina","8":"product_cat-zdrave-oleje","9":"pa_cena-dopravy-367","10":"pa_doprava-zasilkovna","11":"pa_ean-439","12":"pa_typ-partnersky-predaj","13":"pa_znacka-specialist","14":"desktop-align-left","15":"tablet-align-left","16":"mobile-align-left","18":"first","19":"instock","20":"product-type-external"},"yoast_head":"<!-- This site is optimized with the Yoast SEO plugin v27.2 - https:\/\/yoast.com\/product\/yoast-seo-wordpress\/ -->\n<title>100% C\u00e9drov\u00fd olej Altajsk\u00fd, za studena lisovan\u00fd, panensk\u00fd - Specialist Objem: 100 ml - EKO-BIO-NATURA BIO OBCHOD<\/title>\n<meta name=\"robots\" content=\"index, follow, max-snippet:-1, max-image-preview:large, max-video-preview:-1\" \/>\n<link rel=\"canonical\" href=\"https:\/\/www.eko-bio-natura.sk\/shop\/produkt\/100-cedrovy-olej-altajsky-za-studena-lisovany-panensky-specialist-objem-100-ml\/\" \/>\n<meta property=\"og:locale\" content=\"sk_SK\" \/>\n<meta property=\"og:type\" content=\"article\" \/>\n<meta property=\"og:title\" content=\"100% C\u00e9drov\u00fd olej Altajsk\u00fd, za studena lisovan\u00fd, panensk\u00fd - Specialist Objem: 100 ml - EKO-BIO-NATURA BIO OBCHOD\" \/>\n<meta property=\"og:description\" content=\"Je to Borovica Sib\u00edrska,&nbsp;(Pinus Sibirica, tzv. Kedr).&nbsp;C\u00e9der, ozna\u010dovan\u00fd aj ako&nbsp;\u201estrom \u017eivota\u201c,&nbsp;je mohutn\u00fd ihli\u010dnat\u00fd strom dorastaj\u00faci do v\u00fd\u0161ky 35 a\u017e 40 m.&nbsp;Pre svoje \u00fa\u010dinky bol v\u017edy uctievanou drevinou obyvate\u013eov sib\u00edrskej tajgy. Tento olej obsahuje kvalitn\u00fd pomer \u017eiv\u00edn (komplex hodnotn\u00fdch bielkov\u00edn, tukov a&nbsp;sacharidov), vitam\u00ednov (A,B,E,D,F) a&nbsp;stopov\u00fdch prvkov.&nbsp;Pre\u010d\u00edtajte si aj 5 faktov o c\u00e9drovej \u017eivici. &nbsp; Sp\u00f4sob pou\u017eitia: [&hellip;]\" \/>\n<meta property=\"og:url\" content=\"https:\/\/www.eko-bio-natura.sk\/shop\/produkt\/100-cedrovy-olej-altajsky-za-studena-lisovany-panensky-specialist-objem-100-ml\/\" \/>\n<meta property=\"og:site_name\" content=\"EKO-BIO-NATURA BIO OBCHOD\" \/>\n<meta property=\"article:modified_time\" content=\"2022-05-04T14:39:24+00:00\" \/>\n<meta property=\"og:image\" content=\"https:\/\/www.eko-bio-natura.sk\/shop\/wp-content\/uploads\/2021\/12\/4407_specialist-100-cedrovy-olej-altajsky-za-studena-lisovany-100ml-scaled.jpg\" \/>\n\t<meta property=\"og:image:width\" content=\"2192\" \/>\n\t<meta property=\"og:image:height\" content=\"2560\" \/>\n\t<meta property=\"og:image:type\" content=\"image\/jpeg\" \/>\n<meta name=\"twitter:card\" content=\"summary_large_image\" \/>\n<meta name=\"twitter:label1\" content=\"Predpokladan\u00fd \u010das \u010d\u00edtania\" \/>\n\t<meta name=\"twitter:data1\" content=\"2 min\u00faty\" \/>\n<script type=\"application\/ld+json\" class=\"yoast-schema-graph\">{\"@context\":\"https:\/\/schema.org\",\"@graph\":[{\"@type\":\"WebPage\",\"@id\":\"https:\/\/www.eko-bio-natura.sk\/shop\/produkt\/100-cedrovy-olej-altajsky-za-studena-lisovany-panensky-specialist-objem-100-ml\/\",\"url\":\"https:\/\/www.eko-bio-natura.sk\/shop\/produkt\/100-cedrovy-olej-altajsky-za-studena-lisovany-panensky-specialist-objem-100-ml\/\",\"name\":\"100% C\u00e9drov\u00fd olej Altajsk\u00fd, za studena lisovan\u00fd, panensk\u00fd - Specialist Objem: 100 ml - EKO-BIO-NATURA BIO OBCHOD\",\"isPartOf\":{\"@id\":\"https:\/\/www.eko-bio-natura.sk\/shop\/#website\"},\"primaryImageOfPage\":{\"@id\":\"https:\/\/www.eko-bio-natura.sk\/shop\/produkt\/100-cedrovy-olej-altajsky-za-studena-lisovany-panensky-specialist-objem-100-ml\/#primaryimage\"},\"image\":{\"@id\":\"https:\/\/www.eko-bio-natura.sk\/shop\/produkt\/100-cedrovy-olej-altajsky-za-studena-lisovany-panensky-specialist-objem-100-ml\/#primaryimage\"},\"thumbnailUrl\":\"https:\/\/www.eko-bio-natura.sk\/shop\/wp-content\/uploads\/2021\/12\/4407_specialist-100-cedrovy-olej-altajsky-za-studena-lisovany-100ml-scaled.jpg\",\"datePublished\":\"2021-12-28T17:04:35+00:00\",\"dateModified\":\"2022-05-04T14:39:24+00:00\",\"breadcrumb\":{\"@id\":\"https:\/\/www.eko-bio-natura.sk\/shop\/produkt\/100-cedrovy-olej-altajsky-za-studena-lisovany-panensky-specialist-objem-100-ml\/#breadcrumb\"},\"inLanguage\":\"sk-SK\",\"potentialAction\":[{\"@type\":\"ReadAction\",\"target\":[\"https:\/\/www.eko-bio-natura.sk\/shop\/produkt\/100-cedrovy-olej-altajsky-za-studena-lisovany-panensky-specialist-objem-100-ml\/\"]}]},{\"@type\":\"ImageObject\",\"inLanguage\":\"sk-SK\",\"@id\":\"https:\/\/www.eko-bio-natura.sk\/shop\/produkt\/100-cedrovy-olej-altajsky-za-studena-lisovany-panensky-specialist-objem-100-ml\/#primaryimage\",\"url\":\"https:\/\/www.eko-bio-natura.sk\/shop\/wp-content\/uploads\/2021\/12\/4407_specialist-100-cedrovy-olej-altajsky-za-studena-lisovany-100ml-scaled.jpg\",\"contentUrl\":\"https:\/\/www.eko-bio-natura.sk\/shop\/wp-content\/uploads\/2021\/12\/4407_specialist-100-cedrovy-olej-altajsky-za-studena-lisovany-100ml-scaled.jpg\",\"width\":2192,\"height\":2560},{\"@type\":\"BreadcrumbList\",\"@id\":\"https:\/\/www.eko-bio-natura.sk\/shop\/produkt\/100-cedrovy-olej-altajsky-za-studena-lisovany-panensky-specialist-objem-100-ml\/#breadcrumb\",\"itemListElement\":[{\"@type\":\"ListItem\",\"position\":1,\"name\":\"Domovsk\u00e1 str\u00e1nka\",\"item\":\"https:\/\/www.eko-bio-natura.sk\/shop\/\"},{\"@type\":\"ListItem\",\"position\":2,\"name\":\"Obchod\",\"item\":\"https:\/\/www.eko-bio-natura.sk\/shop\/?page_id=6\"},{\"@type\":\"ListItem\",\"position\":3,\"name\":\"100% C\u00e9drov\u00fd olej Altajsk\u00fd, za studena lisovan\u00fd, panensk\u00fd &#8211; Specialist Objem: 100 ml\"}]},{\"@type\":\"WebSite\",\"@id\":\"https:\/\/www.eko-bio-natura.sk\/shop\/#website\",\"url\":\"https:\/\/www.eko-bio-natura.sk\/shop\/\",\"name\":\"EKO-BIO-NATURA BIO OBCHOD\",\"description\":\"\",\"publisher\":{\"@id\":\"https:\/\/www.eko-bio-natura.sk\/shop\/#organization\"},\"potentialAction\":[{\"@type\":\"SearchAction\",\"target\":{\"@type\":\"EntryPoint\",\"urlTemplate\":\"https:\/\/www.eko-bio-natura.sk\/shop\/?s={search_term_string}\"},\"query-input\":{\"@type\":\"PropertyValueSpecification\",\"valueRequired\":true,\"valueName\":\"search_term_string\"}}],\"inLanguage\":\"sk-SK\"},{\"@type\":\"Organization\",\"@id\":\"https:\/\/www.eko-bio-natura.sk\/shop\/#organization\",\"name\":\"EKO-BIO-NATURA BIO OBCHOD\",\"url\":\"https:\/\/www.eko-bio-natura.sk\/shop\/\",\"logo\":{\"@type\":\"ImageObject\",\"inLanguage\":\"sk-SK\",\"@id\":\"https:\/\/www.eko-bio-natura.sk\/shop\/#\/schema\/logo\/image\/\",\"url\":\"https:\/\/www.eko-bio-natura.sk\/shop\/wp-content\/uploads\/2021\/04\/eko-bio-natura_logo.png\",\"contentUrl\":\"https:\/\/www.eko-bio-natura.sk\/shop\/wp-content\/uploads\/2021\/04\/eko-bio-natura_logo.png\",\"width\":552,\"height\":194,\"caption\":\"EKO-BIO-NATURA BIO OBCHOD\"},\"image\":{\"@id\":\"https:\/\/www.eko-bio-natura.sk\/shop\/#\/schema\/logo\/image\/\"}}]}<\/script>\n<!-- \/ Yoast SEO plugin. -->","yoast_head_json":{"title":"100% C\u00e9drov\u00fd olej Altajsk\u00fd, za studena lisovan\u00fd, panensk\u00fd - Specialist Objem: 100 ml - EKO-BIO-NATURA BIO OBCHOD","robots":{"index":"index","follow":"follow","max-snippet":"max-snippet:-1","max-image-preview":"max-image-preview:large","max-video-preview":"max-video-preview:-1"},"canonical":"https:\/\/www.eko-bio-natura.sk\/shop\/produkt\/100-cedrovy-olej-altajsky-za-studena-lisovany-panensky-specialist-objem-100-ml\/","og_locale":"sk_SK","og_type":"article","og_title":"100% C\u00e9drov\u00fd olej Altajsk\u00fd, za studena lisovan\u00fd, panensk\u00fd - Specialist Objem: 100 ml - EKO-BIO-NATURA BIO OBCHOD","og_description":"Je to Borovica Sib\u00edrska,&nbsp;(Pinus Sibirica, tzv. Kedr).&nbsp;C\u00e9der, ozna\u010dovan\u00fd aj ako&nbsp;\u201estrom \u017eivota\u201c,&nbsp;je mohutn\u00fd ihli\u010dnat\u00fd strom dorastaj\u00faci do v\u00fd\u0161ky 35 a\u017e 40 m.&nbsp;Pre svoje \u00fa\u010dinky bol v\u017edy uctievanou drevinou obyvate\u013eov sib\u00edrskej tajgy. Tento olej obsahuje kvalitn\u00fd pomer \u017eiv\u00edn (komplex hodnotn\u00fdch bielkov\u00edn, tukov a&nbsp;sacharidov), vitam\u00ednov (A,B,E,D,F) a&nbsp;stopov\u00fdch prvkov.&nbsp;Pre\u010d\u00edtajte si aj 5 faktov o c\u00e9drovej \u017eivici. &nbsp; Sp\u00f4sob pou\u017eitia: [&hellip;]","og_url":"https:\/\/www.eko-bio-natura.sk\/shop\/produkt\/100-cedrovy-olej-altajsky-za-studena-lisovany-panensky-specialist-objem-100-ml\/","og_site_name":"EKO-BIO-NATURA BIO OBCHOD","article_modified_time":"2022-05-04T14:39:24+00:00","og_image":[{"width":2192,"height":2560,"url":"https:\/\/www.eko-bio-natura.sk\/shop\/wp-content\/uploads\/2021\/12\/4407_specialist-100-cedrovy-olej-altajsky-za-studena-lisovany-100ml-scaled.jpg","type":"image\/jpeg"}],"twitter_card":"summary_large_image","twitter_misc":{"Predpokladan\u00fd \u010das \u010d\u00edtania":"2 min\u00faty"},"schema":{"@context":"https:\/\/schema.org","@graph":[{"@type":"WebPage","@id":"https:\/\/www.eko-bio-natura.sk\/shop\/produkt\/100-cedrovy-olej-altajsky-za-studena-lisovany-panensky-specialist-objem-100-ml\/","url":"https:\/\/www.eko-bio-natura.sk\/shop\/produkt\/100-cedrovy-olej-altajsky-za-studena-lisovany-panensky-specialist-objem-100-ml\/","name":"100% C\u00e9drov\u00fd olej Altajsk\u00fd, za studena lisovan\u00fd, panensk\u00fd - Specialist Objem: 100 ml - EKO-BIO-NATURA BIO OBCHOD","isPartOf":{"@id":"https:\/\/www.eko-bio-natura.sk\/shop\/#website"},"primaryImageOfPage":{"@id":"https:\/\/www.eko-bio-natura.sk\/shop\/produkt\/100-cedrovy-olej-altajsky-za-studena-lisovany-panensky-specialist-objem-100-ml\/#primaryimage"},"image":{"@id":"https:\/\/www.eko-bio-natura.sk\/shop\/produkt\/100-cedrovy-olej-altajsky-za-studena-lisovany-panensky-specialist-objem-100-ml\/#primaryimage"},"thumbnailUrl":"https:\/\/www.eko-bio-natura.sk\/shop\/wp-content\/uploads\/2021\/12\/4407_specialist-100-cedrovy-olej-altajsky-za-studena-lisovany-100ml-scaled.jpg","datePublished":"2021-12-28T17:04:35+00:00","dateModified":"2022-05-04T14:39:24+00:00","breadcrumb":{"@id":"https:\/\/www.eko-bio-natura.sk\/shop\/produkt\/100-cedrovy-olej-altajsky-za-studena-lisovany-panensky-specialist-objem-100-ml\/#breadcrumb"},"inLanguage":"sk-SK","potentialAction":[{"@type":"ReadAction","target":["https:\/\/www.eko-bio-natura.sk\/shop\/produkt\/100-cedrovy-olej-altajsky-za-studena-lisovany-panensky-specialist-objem-100-ml\/"]}]},{"@type":"ImageObject","inLanguage":"sk-SK","@id":"https:\/\/www.eko-bio-natura.sk\/shop\/produkt\/100-cedrovy-olej-altajsky-za-studena-lisovany-panensky-specialist-objem-100-ml\/#primaryimage","url":"https:\/\/www.eko-bio-natura.sk\/shop\/wp-content\/uploads\/2021\/12\/4407_specialist-100-cedrovy-olej-altajsky-za-studena-lisovany-100ml-scaled.jpg","contentUrl":"https:\/\/www.eko-bio-natura.sk\/shop\/wp-content\/uploads\/2021\/12\/4407_specialist-100-cedrovy-olej-altajsky-za-studena-lisovany-100ml-scaled.jpg","width":2192,"height":2560},{"@type":"BreadcrumbList","@id":"https:\/\/www.eko-bio-natura.sk\/shop\/produkt\/100-cedrovy-olej-altajsky-za-studena-lisovany-panensky-specialist-objem-100-ml\/#breadcrumb","itemListElement":[{"@type":"ListItem","position":1,"name":"Domovsk\u00e1 str\u00e1nka","item":"https:\/\/www.eko-bio-natura.sk\/shop\/"},{"@type":"ListItem","position":2,"name":"Obchod","item":"https:\/\/www.eko-bio-natura.sk\/shop\/?page_id=6"},{"@type":"ListItem","position":3,"name":"100% C\u00e9drov\u00fd olej Altajsk\u00fd, za studena lisovan\u00fd, panensk\u00fd &#8211; Specialist Objem: 100 ml"}]},{"@type":"WebSite","@id":"https:\/\/www.eko-bio-natura.sk\/shop\/#website","url":"https:\/\/www.eko-bio-natura.sk\/shop\/","name":"EKO-BIO-NATURA BIO OBCHOD","description":"","publisher":{"@id":"https:\/\/www.eko-bio-natura.sk\/shop\/#organization"},"potentialAction":[{"@type":"SearchAction","target":{"@type":"EntryPoint","urlTemplate":"https:\/\/www.eko-bio-natura.sk\/shop\/?s={search_term_string}"},"query-input":{"@type":"PropertyValueSpecification","valueRequired":true,"valueName":"search_term_string"}}],"inLanguage":"sk-SK"},{"@type":"Organization","@id":"https:\/\/www.eko-bio-natura.sk\/shop\/#organization","name":"EKO-BIO-NATURA BIO OBCHOD","url":"https:\/\/www.eko-bio-natura.sk\/shop\/","logo":{"@type":"ImageObject","inLanguage":"sk-SK","@id":"https:\/\/www.eko-bio-natura.sk\/shop\/#\/schema\/logo\/image\/","url":"https:\/\/www.eko-bio-natura.sk\/shop\/wp-content\/uploads\/2021\/04\/eko-bio-natura_logo.png","contentUrl":"https:\/\/www.eko-bio-natura.sk\/shop\/wp-content\/uploads\/2021\/04\/eko-bio-natura_logo.png","width":552,"height":194,"caption":"EKO-BIO-NATURA BIO OBCHOD"},"image":{"@id":"https:\/\/www.eko-bio-natura.sk\/shop\/#\/schema\/logo\/image\/"}}]}},"_links":{"self":[{"href":"https:\/\/www.eko-bio-natura.sk\/shop\/wp-json\/wp\/v2\/product\/7376","targetHints":{"allow":["GET"]}}],"collection":[{"href":"https:\/\/www.eko-bio-natura.sk\/shop\/wp-json\/wp\/v2\/product"}],"about":[{"href":"https:\/\/www.eko-bio-natura.sk\/shop\/wp-json\/wp\/v2\/types\/product"}],"replies":[{"embeddable":true,"href":"https:\/\/www.eko-bio-natura.sk\/shop\/wp-json\/wp\/v2\/comments?post=7376"}],"wp:featuredmedia":[{"embeddable":true,"href":"https:\/\/www.eko-bio-natura.sk\/shop\/wp-json\/wp\/v2\/media\/7377"}],"wp:attachment":[{"href":"https:\/\/www.eko-bio-natura.sk\/shop\/wp-json\/wp\/v2\/media?parent=7376"}],"wp:term":[{"taxonomy":"product_brand","embeddable":true,"href":"https:\/\/www.eko-bio-natura.sk\/shop\/wp-json\/wp\/v2\/product_brand?post=7376"},{"taxonomy":"product_cat","embeddable":true,"href":"https:\/\/www.eko-bio-natura.sk\/shop\/wp-json\/wp\/v2\/product_cat?post=7376"},{"taxonomy":"product_tag","embeddable":true,"href":"https:\/\/www.eko-bio-natura.sk\/shop\/wp-json\/wp\/v2\/product_tag?post=7376"}],"curies":[{"name":"wp","href":"https:\/\/api.w.org\/{rel}","templated":true}]}}