{"id":7374,"date":"2021-12-28T18:04:35","date_gmt":"2021-12-28T17:04:35","guid":{"rendered":"https:\/\/www.eko-bio-natura.sk\/shop\/index.php\/produkt\/rakytnikovy-olej-za-studena-lisovany-panensky-specialist-objem-100-ml\/"},"modified":"2022-05-04T16:39:24","modified_gmt":"2022-05-04T14:39:24","slug":"rakytnikovy-olej-za-studena-lisovany-panensky-specialist-objem-100-ml","status":"publish","type":"product","link":"https:\/\/www.eko-bio-natura.sk\/shop\/produkt\/rakytnikovy-olej-za-studena-lisovany-panensky-specialist-objem-100-ml\/","title":{"rendered":"Rakytn\u00edkov\u00fd olej, za studena lisovan\u00fd, panensk\u00fd &#8211; Specialist Objem: 100 ml"},"content":{"rendered":"<p style=\"text-align: justify;\"><span style=\"font-size: 12pt; font-family: verdana, geneva;\"><strong>Pr\u00edtomnos\u0165 kyseliny palmitoolejovej v rakytn\u00edkovom oleji<\/strong> v\u00fdrazne ovply\u0148uje zdravie ko\u017ee, ale aj vn\u00fatorn\u00fa stenu d\u00fdchacieho, tr\u00e1viacieho a urogentit\u00e1lneho traktu.<\/span><\/p>\n<p style=\"text-align: justify;\"><span style=\"font-size: 12pt; font-family: verdana, geneva;\"><strong>Rakytn\u00edkov\u00fd olej sa pou\u017e\u00edva aj<\/strong> na v\u00fdplachy \u00fastnej dutiny a krku, a&nbsp;tie\u017e ako zlo\u017eka ple\u0165ov\u00fdch a&nbsp;vlasov\u00fdch masiek. Je dobr\u00fd na prele\u017eaniny &#8211; dekubity a pop\u00e1leniny. Okrem vredov\u00fdch, ko\u017en\u00fdch ochoren\u00ed, \u010di jeho u\u017e\u00edvania po\u010das chemoterapie a r\u00e1dioterapie, ho m\u00f4\u017eu u\u017e\u00edva\u0165 \u013eudia&nbsp;s&nbsp;ateroskler\u00f3zou, u ktor\u00fdch je zv\u00fd\u0161en\u00e9 nebezpe\u010denstvo vzniku tromb\u00f3zy, resp. t\u00fdm, ktor\u00ed tromb\u00f3zu u\u017e prekonali \u2013 aby sa ochr\u00e1nili pred jej n\u00e1vratom (zastavuje toti\u017e tvorbu trombov).<\/span><\/p>\n<p style=\"text-align: justify;\"><span style=\"font-size: 12pt; font-family: verdana, geneva;\">Rakytn\u00edk m\u00e1 <strong>antidepres\u00edvne<\/strong> a&nbsp;<strong>antistresov\u00e9 \u00fa\u010dinky<\/strong>. Napom\u00e1ha vylu\u010dovaniu \u0161kodliv\u00fdch l\u00e1tok z&nbsp;tela, <strong>rozp\u00fa\u0161\u0165a hlieny, podporuje lie\u010dbu p\u013e\u00facnych, obli\u010dkov\u00fdch&nbsp;<\/strong>a<strong> pe\u010de\u0148ov\u00fdch ochoren\u00ed<\/strong>. Je vhodnou alternat\u00edvou pri lie\u010dbe rakoviny, <strong>cukrovky<\/strong>, srdcov\u00fdch chor\u00f4b a&nbsp;ko\u017en\u00fdch chor\u00f4b. P\u00f4sob\u00ed ako biog\u00e9nny (pre \u017eivot d\u00f4le\u017eit\u00fd) stimul\u00e1tor, celkovo posil\u0148uje organizmus a zlep\u0161uje ment\u00e1lnu \u010dulos\u0165.<\/span><\/p>\n<p style=\"text-align: justify;\"><span style=\"font-size: 12pt; font-family: verdana, geneva;\">Obsah sme \u010derpali aj z: <a href=\"https:\/\/www.slovenskypacient.sk\/v-com-sa-skryva-lieciva-sila-rakytnika-resetliakoveho\/\">slovenskypacient.sk<\/a><\/span><\/p>\n<p style=\"text-align: justify;\"><span style=\"font-size: 12pt; font-family: verdana, geneva;\"><strong>Sp\u00f4sob pou\u017eitia:<\/strong> Ako prevenciu m\u00f4\u017eete olej u\u017e\u00edva\u0165 r\u00e1no na la\u010dno 1 \u010dajov\u00fa ly\u017ei\u010dku, na akt\u00edvne rie\u0161enie probl\u00e9mov 3kr\u00e1t za de\u0148 asi 10-15min\u00fat pred jedlom 1 \u010dajov\u00fa ly\u017ei\u010dku.<\/span><\/p>\n<p style=\"text-align: justify;\"><span style=\"font-size: 12pt; font-family: verdana, geneva;\">Vonkaj\u0161ie pou\u017eitie: natierajte problematick\u00e9 miesto aspo\u0148 2 razy za de\u0148.<\/span><\/p>\n<p style=\"text-align: justify;\"><span style=\"font-size: 12pt; font-family: verdana, geneva;\"><strong>Upozornenie:<\/strong> Nie je ur\u010den\u00e9 de\u0165om do 3 rokov! Dodr\u017eujte denn\u00fa odpor\u00fa\u010dan\u00fa d\u00e1vku. Nepou\u017e\u00edvajte ako n\u00e1hradu pestrej stravy. Neu\u017e\u00edvajte pri individu\u00e1lnej alergii na zlo\u017eky oleja. Vyroben\u00e9 bez GMO<\/span><\/p>\n<p style=\"text-align: justify;\"><span style=\"font-size: 12pt; font-family: verdana, geneva;\"><strong>Podmienky skladovania:<\/strong> Skladujte na suchom a tmavom mieste pri teplote do 20\u00b0C. Po otvoren\u00ed skladujte v chladni\u010dke.<\/span><\/p>\n<p style=\"text-align: justify;\"><img decoding=\"async\" src=\"https:\/\/www.herbatica.sk\/user\/documents\/upload\/zlozenia\/0618.png\" alt=\"0618\" \/><\/p>\n<p style=\"text-align: justify;\"><span style=\"font-size: 12pt; font-family: verdana, geneva;\">D\u00f4vod, pre\u010do sa do tohto rakytn\u00edkov\u00e9ho oleja mus\u00ed prida\u0165 slne\u010dnicov\u00fd olej, <strong><a href=\"https:\/\/blog.herbatica.sk\/preco-sa-pridava-do-rakytnikoveho-oleja-aj-slnecnicovy-olej\/\" target=\"_blank\" rel=\"noopener noreferrer\">n\u00e1jdete v tomto \u010dl\u00e1nku.<\/a><\/strong><\/span><\/p>\n<p style=\"text-align: justify;\"><span style=\"font-size: 12pt; font-family: verdana, geneva;\"><strong>Obsah:<\/strong> 100 ml\/250 ml&nbsp; &nbsp; &nbsp; &nbsp; &nbsp; &nbsp; &nbsp;<\/span><\/p>\n<p style=\"text-align: justify;\"><span style=\"font-size: 12pt; font-family: verdana, geneva;\"><strong>Krajina p\u00f4vodu:<\/strong> Rusko<\/span><\/p>\n<p style=\"text-align: justify;\"><strong><span style=\"font-size: 12pt; font-family: verdana, geneva;\">Vedeli ste, \u017ee u\u017e\u00edvanie tohto oleja po\u010das jari v\u00e1s dokonale pripr\u00e1v\u00ed na siln\u00e9 slne\u010dn\u00e9 l\u00fa\u010de v hor\u00facom lete? Zaru\u010d\u00ed V\u00e1m primeran\u00e9 op\u00e1lenie poko\u017eky. Maj\u00fa to nastarosti karotenoidy, pre\u010d\u00edtejte <a href=\"http:\/\/blog.herbatica.sk\/karotenoidy\/\" target=\"_blank\" rel=\"noopener noreferrer\">si o nich viac.<\/a><\/span><\/strong><\/p>\n<p style=\"text-align: justify;\"><strong><span style=\"font-size: 12pt; font-family: verdana, geneva;\">\u00daryvok z \u010dl\u00e1nku o \u00fa\u010dinkoch tohto oleja:&nbsp;<\/span><\/strong><\/p>\n<p style=\"text-align: justify;\"><span style=\"font-size: 12pt; font-family: verdana, geneva;\">Rakytn\u00edkov\u00fd olej sa vyzna\u010duje okrem vysokej koncentr\u00e1cie vitam\u00ednov F,P,K,A a&nbsp;C, najm\u00e4 <strong>vysok\u00fdm obsahom vitam\u00ednu E<\/strong>.<\/span><\/p>\n<p style=\"text-align: justify;\"><span style=\"font-size: 12pt; font-family: verdana, geneva;\">Tento vitam\u00edn sa pova\u017euje za ve\u013emi <strong>v\u00fdznamn\u00fd antioxidant<\/strong>, ktor\u00fd je nevyhnutnou zlo\u017ekou d\u00f4le\u017eit\u00fdch metabolick\u00fdch procesov \u013eudsk\u00e9ho organizmu.<\/span><\/p>\n<p style=\"text-align: justify;\"><span style=\"font-size: 12pt; font-family: verdana, geneva;\">Priaznivo p\u00f4sob\u00ed &nbsp;predov\u0161etk\u00fdm na <strong>pru\u017enos\u0165 a kvalitu ciev, zni\u017euje krvn\u00fd tlak, ako aj riziko infarktu srdcov\u00e9ho svalu a&nbsp;in\u00fdch srdcovo-cievnych ochoren\u00ed, tak<\/strong><strong>tie\u017e pozit\u00edvne ovplyv\u0148uje potenciu, celkovo zni\u017euje \u00fanavu organizmu a&nbsp;zabra\u0148uje dystrofii svalov<\/strong>.<\/span><\/p>\n<p style=\"text-align: justify;\"><span style=\"font-size: 12pt; font-family: verdana, geneva;\">Viac o rakytn\u00edkovom oleji&nbsp;<a title=\"rakytnikovy olej\" href=\"http:\/\/blog.herbatica.sk\/rakytnikovy-olej\/\" target=\"_blank\" rel=\"noopener noreferrer\">tu!<\/a><\/span><\/p>\n<p style=\"text-align: justify;\"><span style=\"font-size: 12pt; font-family: verdana, geneva;\">Pripravili sme pre V\u00e1s \u010dl\u00e1nok aj o <a href=\"http:\/\/blog.herbatica.sk\/rakytnik\/\" target=\"_blank\" rel=\"noopener noreferrer\">\u00fa\u010dinkoch rakytn\u00edka na organizmus.<\/a><\/span><\/p>\n","protected":false},"excerpt":{"rendered":"<p>Pr\u00edtomnos\u0165 kyseliny palmitoolejovej v rakytn\u00edkovom oleji v\u00fdrazne ovply\u0148uje zdravie ko\u017ee, ale aj vn\u00fatorn\u00fa stenu d\u00fdchacieho, tr\u00e1viacieho a urogentit\u00e1lneho traktu. Rakytn\u00edkov\u00fd olej sa pou\u017e\u00edva aj na v\u00fdplachy \u00fastnej dutiny a krku, a&nbsp;tie\u017e ako zlo\u017eka ple\u0165ov\u00fdch a&nbsp;vlasov\u00fdch masiek. Je dobr\u00fd na prele\u017eaniny &#8211; dekubity a pop\u00e1leniny. Okrem vredov\u00fdch, ko\u017en\u00fdch ochoren\u00ed, \u010di jeho u\u017e\u00edvania po\u010das chemoterapie a r\u00e1dioterapie, [&hellip;]<\/p>\n","protected":false},"featured_media":7375,"comment_status":"open","ping_status":"open","template":"","meta":{"site-sidebar-layout":"default","site-content-layout":"","ast-site-content-layout":"default","site-content-style":"default","site-sidebar-style":"default","ast-global-header-display":"","ast-banner-title-visibility":"","ast-main-header-display":"","ast-hfb-above-header-display":"","ast-hfb-below-header-display":"","ast-hfb-mobile-header-display":"","site-post-title":"","ast-breadcrumbs-content":"","ast-featured-img":"","footer-sml-layout":"","ast-disable-related-posts":"","theme-transparent-header-meta":"","adv-header-id-meta":"","stick-header-meta":"","header-above-stick-meta":"","header-main-stick-meta":"","header-below-stick-meta":"","astra-migrate-meta-layouts":"default","ast-page-background-enabled":"default","ast-page-background-meta":{"desktop":{"background-color":"","background-image":"","background-repeat":"repeat","background-position":"center center","background-size":"auto","background-attachment":"scroll","background-type":"","background-media":"","overlay-type":"","overlay-color":"","overlay-opacity":"","overlay-gradient":""},"tablet":{"background-color":"","background-image":"","background-repeat":"repeat","background-position":"center center","background-size":"auto","background-attachment":"scroll","background-type":"","background-media":"","overlay-type":"","overlay-color":"","overlay-opacity":"","overlay-gradient":""},"mobile":{"background-color":"","background-image":"","background-repeat":"repeat","background-position":"center center","background-size":"auto","background-attachment":"scroll","background-type":"","background-media":"","overlay-type":"","overlay-color":"","overlay-opacity":"","overlay-gradient":""}},"ast-content-background-meta":{"desktop":{"background-color":"var(--ast-global-color-5)","background-image":"","background-repeat":"repeat","background-position":"center center","background-size":"auto","background-attachment":"scroll","background-type":"","background-media":"","overlay-type":"","overlay-color":"","overlay-opacity":"","overlay-gradient":""},"tablet":{"background-color":"var(--ast-global-color-5)","background-image":"","background-repeat":"repeat","background-position":"center center","background-size":"auto","background-attachment":"scroll","background-type":"","background-media":"","overlay-type":"","overlay-color":"","overlay-opacity":"","overlay-gradient":""},"mobile":{"background-color":"var(--ast-global-color-5)","background-image":"","background-repeat":"repeat","background-position":"center center","background-size":"auto","background-attachment":"scroll","background-type":"","background-media":"","overlay-type":"","overlay-color":"","overlay-opacity":"","overlay-gradient":""}}},"product_brand":[],"product_cat":[219,187,184],"product_tag":[],"class_list":{"0":"post-7374","1":"product","2":"type-product","3":"status-publish","4":"has-post-thumbnail","6":"product_cat-stres","7":"product_cat-tradicna-ruska-medicina","8":"product_cat-zdrave-oleje","9":"pa_cena-dopravy-367","10":"pa_doprava-zasilkovna","11":"pa_ean-438","12":"pa_typ-partnersky-predaj","13":"pa_znacka-specialist","14":"desktop-align-left","15":"tablet-align-left","16":"mobile-align-left","18":"first","19":"instock","20":"product-type-external"},"yoast_head":"<!-- This site is optimized with the Yoast SEO plugin v27.2 - https:\/\/yoast.com\/product\/yoast-seo-wordpress\/ -->\n<title>Rakytn\u00edkov\u00fd olej, za studena lisovan\u00fd, panensk\u00fd - Specialist Objem: 100 ml - EKO-BIO-NATURA BIO OBCHOD<\/title>\n<meta name=\"robots\" content=\"index, follow, max-snippet:-1, max-image-preview:large, max-video-preview:-1\" \/>\n<link rel=\"canonical\" href=\"https:\/\/www.eko-bio-natura.sk\/shop\/produkt\/rakytnikovy-olej-za-studena-lisovany-panensky-specialist-objem-100-ml\/\" \/>\n<meta property=\"og:locale\" content=\"sk_SK\" \/>\n<meta property=\"og:type\" content=\"article\" \/>\n<meta property=\"og:title\" content=\"Rakytn\u00edkov\u00fd olej, za studena lisovan\u00fd, panensk\u00fd - Specialist Objem: 100 ml - EKO-BIO-NATURA BIO OBCHOD\" \/>\n<meta property=\"og:description\" content=\"Pr\u00edtomnos\u0165 kyseliny palmitoolejovej v rakytn\u00edkovom oleji v\u00fdrazne ovply\u0148uje zdravie ko\u017ee, ale aj vn\u00fatorn\u00fa stenu d\u00fdchacieho, tr\u00e1viacieho a urogentit\u00e1lneho traktu. Rakytn\u00edkov\u00fd olej sa pou\u017e\u00edva aj na v\u00fdplachy \u00fastnej dutiny a krku, a&nbsp;tie\u017e ako zlo\u017eka ple\u0165ov\u00fdch a&nbsp;vlasov\u00fdch masiek. Je dobr\u00fd na prele\u017eaniny &#8211; dekubity a pop\u00e1leniny. Okrem vredov\u00fdch, ko\u017en\u00fdch ochoren\u00ed, \u010di jeho u\u017e\u00edvania po\u010das chemoterapie a r\u00e1dioterapie, [&hellip;]\" \/>\n<meta property=\"og:url\" content=\"https:\/\/www.eko-bio-natura.sk\/shop\/produkt\/rakytnikovy-olej-za-studena-lisovany-panensky-specialist-objem-100-ml\/\" \/>\n<meta property=\"og:site_name\" content=\"EKO-BIO-NATURA BIO OBCHOD\" \/>\n<meta property=\"article:modified_time\" content=\"2022-05-04T14:39:24+00:00\" \/>\n<meta property=\"og:image\" content=\"https:\/\/www.eko-bio-natura.sk\/shop\/wp-content\/uploads\/2021\/12\/4389-1_rakytnikovy-olej-za-studena-lisovany-panensky-specialist-scaled.jpg\" \/>\n\t<meta property=\"og:image:width\" content=\"2560\" \/>\n\t<meta property=\"og:image:height\" content=\"1943\" \/>\n\t<meta property=\"og:image:type\" content=\"image\/jpeg\" \/>\n<meta name=\"twitter:card\" content=\"summary_large_image\" \/>\n<meta name=\"twitter:label1\" content=\"Predpokladan\u00fd \u010das \u010d\u00edtania\" \/>\n\t<meta name=\"twitter:data1\" content=\"3 min\u00faty\" \/>\n<script type=\"application\/ld+json\" class=\"yoast-schema-graph\">{\"@context\":\"https:\/\/schema.org\",\"@graph\":[{\"@type\":\"WebPage\",\"@id\":\"https:\/\/www.eko-bio-natura.sk\/shop\/produkt\/rakytnikovy-olej-za-studena-lisovany-panensky-specialist-objem-100-ml\/\",\"url\":\"https:\/\/www.eko-bio-natura.sk\/shop\/produkt\/rakytnikovy-olej-za-studena-lisovany-panensky-specialist-objem-100-ml\/\",\"name\":\"Rakytn\u00edkov\u00fd olej, za studena lisovan\u00fd, panensk\u00fd - Specialist Objem: 100 ml - EKO-BIO-NATURA BIO OBCHOD\",\"isPartOf\":{\"@id\":\"https:\/\/www.eko-bio-natura.sk\/shop\/#website\"},\"primaryImageOfPage\":{\"@id\":\"https:\/\/www.eko-bio-natura.sk\/shop\/produkt\/rakytnikovy-olej-za-studena-lisovany-panensky-specialist-objem-100-ml\/#primaryimage\"},\"image\":{\"@id\":\"https:\/\/www.eko-bio-natura.sk\/shop\/produkt\/rakytnikovy-olej-za-studena-lisovany-panensky-specialist-objem-100-ml\/#primaryimage\"},\"thumbnailUrl\":\"https:\/\/www.eko-bio-natura.sk\/shop\/wp-content\/uploads\/2021\/12\/4389-1_rakytnikovy-olej-za-studena-lisovany-panensky-specialist-scaled.jpg\",\"datePublished\":\"2021-12-28T17:04:35+00:00\",\"dateModified\":\"2022-05-04T14:39:24+00:00\",\"breadcrumb\":{\"@id\":\"https:\/\/www.eko-bio-natura.sk\/shop\/produkt\/rakytnikovy-olej-za-studena-lisovany-panensky-specialist-objem-100-ml\/#breadcrumb\"},\"inLanguage\":\"sk-SK\",\"potentialAction\":[{\"@type\":\"ReadAction\",\"target\":[\"https:\/\/www.eko-bio-natura.sk\/shop\/produkt\/rakytnikovy-olej-za-studena-lisovany-panensky-specialist-objem-100-ml\/\"]}]},{\"@type\":\"ImageObject\",\"inLanguage\":\"sk-SK\",\"@id\":\"https:\/\/www.eko-bio-natura.sk\/shop\/produkt\/rakytnikovy-olej-za-studena-lisovany-panensky-specialist-objem-100-ml\/#primaryimage\",\"url\":\"https:\/\/www.eko-bio-natura.sk\/shop\/wp-content\/uploads\/2021\/12\/4389-1_rakytnikovy-olej-za-studena-lisovany-panensky-specialist-scaled.jpg\",\"contentUrl\":\"https:\/\/www.eko-bio-natura.sk\/shop\/wp-content\/uploads\/2021\/12\/4389-1_rakytnikovy-olej-za-studena-lisovany-panensky-specialist-scaled.jpg\",\"width\":2560,\"height\":1943},{\"@type\":\"BreadcrumbList\",\"@id\":\"https:\/\/www.eko-bio-natura.sk\/shop\/produkt\/rakytnikovy-olej-za-studena-lisovany-panensky-specialist-objem-100-ml\/#breadcrumb\",\"itemListElement\":[{\"@type\":\"ListItem\",\"position\":1,\"name\":\"Domovsk\u00e1 str\u00e1nka\",\"item\":\"https:\/\/www.eko-bio-natura.sk\/shop\/\"},{\"@type\":\"ListItem\",\"position\":2,\"name\":\"Obchod\",\"item\":\"https:\/\/www.eko-bio-natura.sk\/shop\/?page_id=6\"},{\"@type\":\"ListItem\",\"position\":3,\"name\":\"Rakytn\u00edkov\u00fd olej, za studena lisovan\u00fd, panensk\u00fd &#8211; Specialist Objem: 100 ml\"}]},{\"@type\":\"WebSite\",\"@id\":\"https:\/\/www.eko-bio-natura.sk\/shop\/#website\",\"url\":\"https:\/\/www.eko-bio-natura.sk\/shop\/\",\"name\":\"EKO-BIO-NATURA BIO OBCHOD\",\"description\":\"\",\"publisher\":{\"@id\":\"https:\/\/www.eko-bio-natura.sk\/shop\/#organization\"},\"potentialAction\":[{\"@type\":\"SearchAction\",\"target\":{\"@type\":\"EntryPoint\",\"urlTemplate\":\"https:\/\/www.eko-bio-natura.sk\/shop\/?s={search_term_string}\"},\"query-input\":{\"@type\":\"PropertyValueSpecification\",\"valueRequired\":true,\"valueName\":\"search_term_string\"}}],\"inLanguage\":\"sk-SK\"},{\"@type\":\"Organization\",\"@id\":\"https:\/\/www.eko-bio-natura.sk\/shop\/#organization\",\"name\":\"EKO-BIO-NATURA BIO OBCHOD\",\"url\":\"https:\/\/www.eko-bio-natura.sk\/shop\/\",\"logo\":{\"@type\":\"ImageObject\",\"inLanguage\":\"sk-SK\",\"@id\":\"https:\/\/www.eko-bio-natura.sk\/shop\/#\/schema\/logo\/image\/\",\"url\":\"https:\/\/www.eko-bio-natura.sk\/shop\/wp-content\/uploads\/2021\/04\/eko-bio-natura_logo.png\",\"contentUrl\":\"https:\/\/www.eko-bio-natura.sk\/shop\/wp-content\/uploads\/2021\/04\/eko-bio-natura_logo.png\",\"width\":552,\"height\":194,\"caption\":\"EKO-BIO-NATURA BIO OBCHOD\"},\"image\":{\"@id\":\"https:\/\/www.eko-bio-natura.sk\/shop\/#\/schema\/logo\/image\/\"}}]}<\/script>\n<!-- \/ Yoast SEO plugin. -->","yoast_head_json":{"title":"Rakytn\u00edkov\u00fd olej, za studena lisovan\u00fd, panensk\u00fd - Specialist Objem: 100 ml - EKO-BIO-NATURA BIO OBCHOD","robots":{"index":"index","follow":"follow","max-snippet":"max-snippet:-1","max-image-preview":"max-image-preview:large","max-video-preview":"max-video-preview:-1"},"canonical":"https:\/\/www.eko-bio-natura.sk\/shop\/produkt\/rakytnikovy-olej-za-studena-lisovany-panensky-specialist-objem-100-ml\/","og_locale":"sk_SK","og_type":"article","og_title":"Rakytn\u00edkov\u00fd olej, za studena lisovan\u00fd, panensk\u00fd - Specialist Objem: 100 ml - EKO-BIO-NATURA BIO OBCHOD","og_description":"Pr\u00edtomnos\u0165 kyseliny palmitoolejovej v rakytn\u00edkovom oleji v\u00fdrazne ovply\u0148uje zdravie ko\u017ee, ale aj vn\u00fatorn\u00fa stenu d\u00fdchacieho, tr\u00e1viacieho a urogentit\u00e1lneho traktu. Rakytn\u00edkov\u00fd olej sa pou\u017e\u00edva aj na v\u00fdplachy \u00fastnej dutiny a krku, a&nbsp;tie\u017e ako zlo\u017eka ple\u0165ov\u00fdch a&nbsp;vlasov\u00fdch masiek. Je dobr\u00fd na prele\u017eaniny &#8211; dekubity a pop\u00e1leniny. Okrem vredov\u00fdch, ko\u017en\u00fdch ochoren\u00ed, \u010di jeho u\u017e\u00edvania po\u010das chemoterapie a r\u00e1dioterapie, [&hellip;]","og_url":"https:\/\/www.eko-bio-natura.sk\/shop\/produkt\/rakytnikovy-olej-za-studena-lisovany-panensky-specialist-objem-100-ml\/","og_site_name":"EKO-BIO-NATURA BIO OBCHOD","article_modified_time":"2022-05-04T14:39:24+00:00","og_image":[{"width":2560,"height":1943,"url":"https:\/\/www.eko-bio-natura.sk\/shop\/wp-content\/uploads\/2021\/12\/4389-1_rakytnikovy-olej-za-studena-lisovany-panensky-specialist-scaled.jpg","type":"image\/jpeg"}],"twitter_card":"summary_large_image","twitter_misc":{"Predpokladan\u00fd \u010das \u010d\u00edtania":"3 min\u00faty"},"schema":{"@context":"https:\/\/schema.org","@graph":[{"@type":"WebPage","@id":"https:\/\/www.eko-bio-natura.sk\/shop\/produkt\/rakytnikovy-olej-za-studena-lisovany-panensky-specialist-objem-100-ml\/","url":"https:\/\/www.eko-bio-natura.sk\/shop\/produkt\/rakytnikovy-olej-za-studena-lisovany-panensky-specialist-objem-100-ml\/","name":"Rakytn\u00edkov\u00fd olej, za studena lisovan\u00fd, panensk\u00fd - Specialist Objem: 100 ml - EKO-BIO-NATURA BIO OBCHOD","isPartOf":{"@id":"https:\/\/www.eko-bio-natura.sk\/shop\/#website"},"primaryImageOfPage":{"@id":"https:\/\/www.eko-bio-natura.sk\/shop\/produkt\/rakytnikovy-olej-za-studena-lisovany-panensky-specialist-objem-100-ml\/#primaryimage"},"image":{"@id":"https:\/\/www.eko-bio-natura.sk\/shop\/produkt\/rakytnikovy-olej-za-studena-lisovany-panensky-specialist-objem-100-ml\/#primaryimage"},"thumbnailUrl":"https:\/\/www.eko-bio-natura.sk\/shop\/wp-content\/uploads\/2021\/12\/4389-1_rakytnikovy-olej-za-studena-lisovany-panensky-specialist-scaled.jpg","datePublished":"2021-12-28T17:04:35+00:00","dateModified":"2022-05-04T14:39:24+00:00","breadcrumb":{"@id":"https:\/\/www.eko-bio-natura.sk\/shop\/produkt\/rakytnikovy-olej-za-studena-lisovany-panensky-specialist-objem-100-ml\/#breadcrumb"},"inLanguage":"sk-SK","potentialAction":[{"@type":"ReadAction","target":["https:\/\/www.eko-bio-natura.sk\/shop\/produkt\/rakytnikovy-olej-za-studena-lisovany-panensky-specialist-objem-100-ml\/"]}]},{"@type":"ImageObject","inLanguage":"sk-SK","@id":"https:\/\/www.eko-bio-natura.sk\/shop\/produkt\/rakytnikovy-olej-za-studena-lisovany-panensky-specialist-objem-100-ml\/#primaryimage","url":"https:\/\/www.eko-bio-natura.sk\/shop\/wp-content\/uploads\/2021\/12\/4389-1_rakytnikovy-olej-za-studena-lisovany-panensky-specialist-scaled.jpg","contentUrl":"https:\/\/www.eko-bio-natura.sk\/shop\/wp-content\/uploads\/2021\/12\/4389-1_rakytnikovy-olej-za-studena-lisovany-panensky-specialist-scaled.jpg","width":2560,"height":1943},{"@type":"BreadcrumbList","@id":"https:\/\/www.eko-bio-natura.sk\/shop\/produkt\/rakytnikovy-olej-za-studena-lisovany-panensky-specialist-objem-100-ml\/#breadcrumb","itemListElement":[{"@type":"ListItem","position":1,"name":"Domovsk\u00e1 str\u00e1nka","item":"https:\/\/www.eko-bio-natura.sk\/shop\/"},{"@type":"ListItem","position":2,"name":"Obchod","item":"https:\/\/www.eko-bio-natura.sk\/shop\/?page_id=6"},{"@type":"ListItem","position":3,"name":"Rakytn\u00edkov\u00fd olej, za studena lisovan\u00fd, panensk\u00fd &#8211; Specialist Objem: 100 ml"}]},{"@type":"WebSite","@id":"https:\/\/www.eko-bio-natura.sk\/shop\/#website","url":"https:\/\/www.eko-bio-natura.sk\/shop\/","name":"EKO-BIO-NATURA BIO OBCHOD","description":"","publisher":{"@id":"https:\/\/www.eko-bio-natura.sk\/shop\/#organization"},"potentialAction":[{"@type":"SearchAction","target":{"@type":"EntryPoint","urlTemplate":"https:\/\/www.eko-bio-natura.sk\/shop\/?s={search_term_string}"},"query-input":{"@type":"PropertyValueSpecification","valueRequired":true,"valueName":"search_term_string"}}],"inLanguage":"sk-SK"},{"@type":"Organization","@id":"https:\/\/www.eko-bio-natura.sk\/shop\/#organization","name":"EKO-BIO-NATURA BIO OBCHOD","url":"https:\/\/www.eko-bio-natura.sk\/shop\/","logo":{"@type":"ImageObject","inLanguage":"sk-SK","@id":"https:\/\/www.eko-bio-natura.sk\/shop\/#\/schema\/logo\/image\/","url":"https:\/\/www.eko-bio-natura.sk\/shop\/wp-content\/uploads\/2021\/04\/eko-bio-natura_logo.png","contentUrl":"https:\/\/www.eko-bio-natura.sk\/shop\/wp-content\/uploads\/2021\/04\/eko-bio-natura_logo.png","width":552,"height":194,"caption":"EKO-BIO-NATURA BIO OBCHOD"},"image":{"@id":"https:\/\/www.eko-bio-natura.sk\/shop\/#\/schema\/logo\/image\/"}}]}},"_links":{"self":[{"href":"https:\/\/www.eko-bio-natura.sk\/shop\/wp-json\/wp\/v2\/product\/7374","targetHints":{"allow":["GET"]}}],"collection":[{"href":"https:\/\/www.eko-bio-natura.sk\/shop\/wp-json\/wp\/v2\/product"}],"about":[{"href":"https:\/\/www.eko-bio-natura.sk\/shop\/wp-json\/wp\/v2\/types\/product"}],"replies":[{"embeddable":true,"href":"https:\/\/www.eko-bio-natura.sk\/shop\/wp-json\/wp\/v2\/comments?post=7374"}],"wp:featuredmedia":[{"embeddable":true,"href":"https:\/\/www.eko-bio-natura.sk\/shop\/wp-json\/wp\/v2\/media\/7375"}],"wp:attachment":[{"href":"https:\/\/www.eko-bio-natura.sk\/shop\/wp-json\/wp\/v2\/media?parent=7374"}],"wp:term":[{"taxonomy":"product_brand","embeddable":true,"href":"https:\/\/www.eko-bio-natura.sk\/shop\/wp-json\/wp\/v2\/product_brand?post=7374"},{"taxonomy":"product_cat","embeddable":true,"href":"https:\/\/www.eko-bio-natura.sk\/shop\/wp-json\/wp\/v2\/product_cat?post=7374"},{"taxonomy":"product_tag","embeddable":true,"href":"https:\/\/www.eko-bio-natura.sk\/shop\/wp-json\/wp\/v2\/product_tag?post=7374"}],"curies":[{"name":"wp","href":"https:\/\/api.w.org\/{rel}","templated":true}]}}