{"id":7373,"date":"2021-12-28T18:04:35","date_gmt":"2021-12-28T17:04:35","guid":{"rendered":"https:\/\/www.eko-bio-natura.sk\/shop\/index.php\/produkt\/100-olej-z-ciernej-rasce-za-studena-lisovany-panensky-specialist-objem-100-ml\/"},"modified":"2022-05-04T16:39:24","modified_gmt":"2022-05-04T14:39:24","slug":"100-olej-z-ciernej-rasce-za-studena-lisovany-panensky-specialist-objem-100-ml","status":"publish","type":"product","link":"https:\/\/www.eko-bio-natura.sk\/shop\/produkt\/100-olej-z-ciernej-rasce-za-studena-lisovany-panensky-specialist-objem-100-ml\/","title":{"rendered":"100% olej z \u010diernej rasce, za studena lisovan\u00fd, panensk\u00fd &#8211; Specialist Objem: 100 ml"},"content":{"rendered":"<p><span style=\"font-family: verdana, geneva; font-size: 12pt;\">U tohto oleja sa jeho pr\u00edchu\u0165 m\u00f4\u017ee l\u00ed\u0161i\u0165, v z\u00e1vislosti od p\u00f4vodu krajiny vstupnej suroviny. Jeho vlastnosti a kvalita sa t\u00fdmto nemen\u00ed. Jemnej\u0161ia chu\u0165 je typick\u00e1 pre surovinu z Egypta, Eti\u00f3pia je zasa na chu\u0165 v\u00fdraznej\u0161ia. P\u00f4vod m\u00f4\u017ee by\u0165 e\u0161te Uzbekistan a India.<\/span><\/p>\n<p><span style=\"font-family: verdana, geneva; font-size: 12pt;\">Tento olej je vhodn\u00e9, v z\u00e1ujem celkovej detoxik\u00e1cie organizmu kombinova\u0165 so sirupom zo sladk\u00e9ho drievka. O\u010distn\u00e9 \u00fa\u010dinky na organizmus e\u0161te zlep\u0161uje. <a href=\"https:\/\/www.herbatica.sk\/doplnky-stravy\/vifitex-sirup-z-lekorice-100-g-2\/\" target=\"_blank\" rel=\"noopener noreferrer\">Sirup n\u00e1jdete tu.<\/a>&nbsp;<\/p>\n<p><\/span><\/p>\n<p><span style=\"font-family: verdana, geneva; font-size: 12pt;\"><strong>\u010eal\u0161ie inform\u00e1cie k oleju z \u010diernej rasce:&nbsp;<\/strong><\/span><\/p>\n<p><span style=\"font-family: verdana, geneva; font-size: 12pt;\">\u010cierna rasca (Nigella sativa) je jedna z najsilnej\u0161\u00edch lie\u010div\u00edch rastl\u00edn sveta. Semen\u00e1 \u010diernej rasce sa pou\u017e\u00edvaj\u00fa po st\u00e1ro\u010dia na Bl\u00edzkom v\u00fdchode, v Stredomor\u00ed a Indii. \u010cierna rasca m\u00e1 obzvl\u00e1\u0161\u0165 dlh\u00fa hist\u00f3riu pou\u017eitia v Egypte. Dokonca archeol\u00f3govia pri sk\u00faman\u00ed hrobu egyptsk\u00e9ho kr\u00e1\u013ea Tutanch\u00e1mona na\u0161li f\u013ea\u0161ti\u010dku oleja z \u010diernej rasce, preto\u017ee pod\u013ea star\u00fdch Egyp\u0165anov ju bolo potrebn\u00e9 ma\u0165 pri sebe aj pri posmrtnom \u017eivote. Egyptsk\u00fd lek\u00e1ri pou\u017eivali olej z \u010diernej rasce na upokojenie pokazen\u00fdch \u017eal\u00fadkov fa ra\u00f3nov po ich extravagantn\u00fdch hostin\u00e1ch. Okrem toho pou\u017e\u00edvali olej z \u010diernej rasce aj na bolesti hlavy, zubov, prechladnutie a infekcie. Kr\u00e1\u013eovn\u00e1 Nefertiti zn\u00e1ma svojou ohromuj\u00facou kr\u00e1sou pou\u017e\u00edvala \u010dierny olej na posilnenie nechtov a lesk vlasov.<\/span><\/p>\n<p><span style=\"font-family: verdana, geneva; font-size: 12pt;\">Olej z \u010diernej rasce obsahuje viac ne\u017e 100 \u00fa\u010dinn\u00fdch l\u00e1tok, vr\u00e1tane niektor\u00fdch doteraz neidentifikovan\u00fdch.<\/span><\/p>\n<p><span style=\"font-family: verdana, geneva; font-size: 12pt;\">Hlavn\u00e9 \u00fa\u010dinn\u00e9 l\u00e1tky oleja z \u010diernej rasce:&nbsp;thymoguinone, beta sitosterol, kyselina myristov\u00e1, kyseliny: palmitov\u00e1, palmitolejov\u00e1, stearov\u00e1, olejov\u00e1, linolov\u00e1, linol\u00e9nov\u00e1, arachidonov\u00e1, listov\u00e1, obsahuje prote\u00edn, vitam\u00edn B1, B2, B3, v\u00e1pnik, \u017eelezo, me\u010f, zinok a fosfor.<\/span><\/p>\n<p><span style=\"font-family: verdana, geneva; font-size: 12pt;\"><strong>Olej z \u010diernej rasce \u2013 \u00fa\u010dinky:<\/strong><\/span><br \/><span style=\"font-family: verdana, geneva; font-size: 12pt;\">&#8211; posil\u0148uje imunitn\u00fd syst\u00e9m<\/span><br \/><span style=\"font-family: verdana, geneva; font-size: 12pt;\">&#8211; m\u00e1 siln\u00fd protiz\u00e1palov\u00fd \u00fa\u010dinok a preto je efekt\u00edvny pri lie\u010dbe chor\u00f4b d\u00fdchacie \u00fastrojenstva, prechladnutia, bronchit\u00eddy, &nbsp; &nbsp; &nbsp; &nbsp; vr\u00e1tane astmy (po 6 a\u017e 12 mesa\u010dnom u\u017e\u00edvan\u00ed m\u00f4\u017ee \u00faplne minimalizova\u0165 astmatick\u00e9 z\u00e1chvaty a zjemni\u0165 ich priebeh.<\/span><br \/><span style=\"font-family: verdana, geneva; font-size: 12pt;\">&#8211; pom\u00e1ha pri bolestiach hlavy<\/span><br \/><span style=\"font-family: verdana, geneva; font-size: 12pt;\">&#8211; zni\u017euje vysok\u00fd krvn\u00fd tlak<\/span><br \/><span style=\"font-family: verdana, geneva; font-size: 12pt;\">&#8211;&nbsp;efekt\u00edvny pri lie\u010dbe reumy<\/span><br \/><span style=\"font-family: verdana, geneva; font-size: 12pt;\">&#8211; pom\u00e1ha zmier\u0148ova\u0165 pr\u00edznaky alergi\u00ed r\u00f4zneho druhu (alergia na pe\u013e, prach a \u010fal.)<\/span><br \/><span style=\"font-family: verdana, geneva; font-size: 12pt;\">&#8211;&nbsp;zvy\u0161uje telesn\u00fd v\u00fdkon, pom\u00e1ha pri zotaven\u00ed z \u00fanavy a vy\u010derpania<\/span><br \/><span style=\"font-family: verdana, geneva; font-size: 12pt;\">&#8211; m\u00e1 antiparazit\u00e1rny \u00fa\u010dinok a preto je vhodn\u00fd na potla\u010denie hna\u010diek, z\u00e1pchy, \u00faplavice<\/span><br \/><span style=\"font-family: verdana, geneva; font-size: 12pt;\">&#8211; m\u00e1 schopnos\u0165 upokoji\u0165 podr\u00e1\u017eden\u00fd \u017eal\u00fadok, zmier\u0148uje nad\u00favanie<\/span><br \/><span style=\"font-family: verdana, geneva; font-size: 12pt;\">&#8211; zvy\u0161uje tvorbu matersk\u00e9ho mlieka<\/span><br \/><span style=\"font-family: verdana, geneva; font-size: 12pt;\">&#8211; podporuje \u010dinnos\u0165 obli\u010diek<\/span><br \/><span style=\"font-family: verdana, geneva; font-size: 12pt;\">&#8211; stimuluje men\u0161tru\u00e1ciu<\/span><br \/><span style=\"font-family: verdana, geneva; font-size: 12pt;\">&#8211; jeho protiples\u0148ov\u00fd \u00fa\u010dinok je \u00fa\u010dinn\u00fd pri candide<\/span><br \/><span style=\"font-family: verdana, geneva; font-size: 12pt;\">&#8211; je \u00fa\u010dinn\u00fd pri r\u00f4znych ko\u017en\u00fdch ochoreniach, ako alergie, ekz\u00e9my, akn\u00e9, psori\u00e1za<\/span><br \/><span style=\"font-family: verdana, geneva; font-size: 12pt;\">&#8211; je vhodn\u00fd pre \u013eud\u00ed s autoimunitn\u00fdmi poruchami<\/span><br \/><span><span style=\"font-family: verdana, geneva; font-size: 12pt;\">&#8211; vhodn\u00fd ako podporn\u00fd prostriedok pri lie\u010dbe rakoviny: pankreasu, hrub\u00e9ho \u010dreva, prsn\u00edka.<\/span><\/p>\n<p><span style=\"font-family: verdana, geneva; font-size: 12pt;\">Tento olej m\u00e1 naozaj \u0161pecifick\u00fa chu\u0165 a nemus\u00ed chuti\u0165 ka\u017ed\u00e9mu.&nbsp;<\/span><br \/><\/span><\/p>\n<p><span style=\"font-family: verdana, geneva; font-size: 12pt;\">&nbsp;<\/span><\/p>\n<p><span style=\"font-family: verdana, geneva; font-size: 12pt;\"><strong>Sp\u00f4sob pou\u017eitia:&nbsp;<\/strong>1 \u010dajov\u00e1 ly\u017ei\u010dka denne, m\u00f4\u017ee sa zmie\u0161a\u0165 aj s ovocnou \u0161\u0165avou, jogurtom alebo medom<\/span><\/p>\n<p><span style=\"font-family: verdana, geneva; font-size: 12pt;\"><strong>Podmienky skladovania:<\/strong> Skladujte pri teplote od 0\u00b0-20\u00b0C, mimo priameho slne\u010dn\u00e9ho \u017eiarenia.<\/span><\/p>\n<p><span style=\"font-family: verdana, geneva; font-size: 12pt;\"><strong>Upozornenie:<\/strong> Skladujte mimo dosahu det\u00ed.&nbsp;\u010ciernu rascu by nemali u\u017e\u00edva\u0165 tehotn\u00e9 \u017eeny.<\/span><\/p>\n<p><span style=\"font-family: verdana, geneva; font-size: 12pt;\"><strong>Zlo\u017eenie:<\/strong> 100%-n\u00fd extra panensk\u00fd olej zo semien \u010dernej rasce<\/span><\/p>\n<p><span style=\"font-family: verdana, geneva; font-size: 12pt;\"><strong><\/strong><\/span><span style=\"font-family: verdana, geneva; font-size: 12pt;\"><\/span><br \/><span style=\"font-size: 12pt; font-family: verdana, geneva;\"><strong>Doba trvanlivosti:<\/strong>&nbsp;6 mesiacov. Po otvoren\u00ed spotrebujte do 1 mesiaca.<\/span><span style=\"font-size: 12pt; font-family: verdana, geneva;\"><br \/><\/span><\/p>\n<p><span style=\"font-family: verdana, geneva; font-size: 12pt;\"><strong>Objem:&nbsp;<\/strong>100 ml<\/span><\/p>\n<p><span style=\"font-family: verdana, geneva; font-size: 12pt;\"><strong>Krajina p\u00f4vodu:<\/strong>&nbsp; Rusk\u00e1 feder\u00e1cia<\/span><\/p>\n<p><span style=\"font-size: 12pt; font-family: verdana, geneva;\">&nbsp;<\/span><\/p>\n<p>&nbsp;<\/p>\n","protected":false},"excerpt":{"rendered":"<p>U tohto oleja sa jeho pr\u00edchu\u0165 m\u00f4\u017ee l\u00ed\u0161i\u0165, v z\u00e1vislosti od p\u00f4vodu krajiny vstupnej suroviny. Jeho vlastnosti a kvalita sa t\u00fdmto nemen\u00ed. Jemnej\u0161ia chu\u0165 je typick\u00e1 pre surovinu z Egypta, Eti\u00f3pia je zasa na chu\u0165 v\u00fdraznej\u0161ia. P\u00f4vod m\u00f4\u017ee by\u0165 e\u0161te Uzbekistan a India. Tento olej je vhodn\u00e9, v z\u00e1ujem celkovej detoxik\u00e1cie organizmu kombinova\u0165 so sirupom [&hellip;]<\/p>\n","protected":false},"featured_media":415,"comment_status":"open","ping_status":"open","template":"","meta":{"site-sidebar-layout":"default","site-content-layout":"","ast-site-content-layout":"default","site-content-style":"default","site-sidebar-style":"default","ast-global-header-display":"","ast-banner-title-visibility":"","ast-main-header-display":"","ast-hfb-above-header-display":"","ast-hfb-below-header-display":"","ast-hfb-mobile-header-display":"","site-post-title":"","ast-breadcrumbs-content":"","ast-featured-img":"","footer-sml-layout":"","ast-disable-related-posts":"","theme-transparent-header-meta":"","adv-header-id-meta":"","stick-header-meta":"","header-above-stick-meta":"","header-main-stick-meta":"","header-below-stick-meta":"","astra-migrate-meta-layouts":"default","ast-page-background-enabled":"default","ast-page-background-meta":{"desktop":{"background-color":"","background-image":"","background-repeat":"repeat","background-position":"center center","background-size":"auto","background-attachment":"scroll","background-type":"","background-media":"","overlay-type":"","overlay-color":"","overlay-opacity":"","overlay-gradient":""},"tablet":{"background-color":"","background-image":"","background-repeat":"repeat","background-position":"center center","background-size":"auto","background-attachment":"scroll","background-type":"","background-media":"","overlay-type":"","overlay-color":"","overlay-opacity":"","overlay-gradient":""},"mobile":{"background-color":"","background-image":"","background-repeat":"repeat","background-position":"center center","background-size":"auto","background-attachment":"scroll","background-type":"","background-media":"","overlay-type":"","overlay-color":"","overlay-opacity":"","overlay-gradient":""}},"ast-content-background-meta":{"desktop":{"background-color":"var(--ast-global-color-5)","background-image":"","background-repeat":"repeat","background-position":"center center","background-size":"auto","background-attachment":"scroll","background-type":"","background-media":"","overlay-type":"","overlay-color":"","overlay-opacity":"","overlay-gradient":""},"tablet":{"background-color":"var(--ast-global-color-5)","background-image":"","background-repeat":"repeat","background-position":"center center","background-size":"auto","background-attachment":"scroll","background-type":"","background-media":"","overlay-type":"","overlay-color":"","overlay-opacity":"","overlay-gradient":""},"mobile":{"background-color":"var(--ast-global-color-5)","background-image":"","background-repeat":"repeat","background-position":"center center","background-size":"auto","background-attachment":"scroll","background-type":"","background-media":"","overlay-type":"","overlay-color":"","overlay-opacity":"","overlay-gradient":""}}},"product_brand":[],"product_cat":[207,204,18,187,184],"product_tag":[],"class_list":{"0":"post-7373","1":"product","2":"type-product","3":"status-publish","4":"has-post-thumbnail","6":"product_cat-dychacia-sustava","7":"product_cat-kozne-problemy","8":"product_cat-prirodna-lekaren","9":"product_cat-tradicna-ruska-medicina","10":"product_cat-zdrave-oleje","11":"pa_cena-dopravy-367","12":"pa_doprava-zasilkovna","13":"pa_typ-partnersky-predaj","14":"pa_znacka-specialist","15":"desktop-align-left","16":"tablet-align-left","17":"mobile-align-left","19":"first","20":"instock","21":"product-type-external"},"yoast_head":"<!-- This site is optimized with the Yoast SEO plugin v27.2 - https:\/\/yoast.com\/product\/yoast-seo-wordpress\/ -->\n<title>100% olej z \u010diernej rasce, za studena lisovan\u00fd, panensk\u00fd - Specialist Objem: 100 ml - EKO-BIO-NATURA BIO OBCHOD<\/title>\n<meta name=\"robots\" content=\"index, follow, max-snippet:-1, max-image-preview:large, max-video-preview:-1\" \/>\n<link rel=\"canonical\" href=\"https:\/\/www.eko-bio-natura.sk\/shop\/produkt\/100-olej-z-ciernej-rasce-za-studena-lisovany-panensky-specialist-objem-100-ml\/\" \/>\n<meta property=\"og:locale\" content=\"sk_SK\" \/>\n<meta property=\"og:type\" content=\"article\" \/>\n<meta property=\"og:title\" content=\"100% olej z \u010diernej rasce, za studena lisovan\u00fd, panensk\u00fd - Specialist Objem: 100 ml - EKO-BIO-NATURA BIO OBCHOD\" \/>\n<meta property=\"og:description\" content=\"U tohto oleja sa jeho pr\u00edchu\u0165 m\u00f4\u017ee l\u00ed\u0161i\u0165, v z\u00e1vislosti od p\u00f4vodu krajiny vstupnej suroviny. Jeho vlastnosti a kvalita sa t\u00fdmto nemen\u00ed. Jemnej\u0161ia chu\u0165 je typick\u00e1 pre surovinu z Egypta, Eti\u00f3pia je zasa na chu\u0165 v\u00fdraznej\u0161ia. P\u00f4vod m\u00f4\u017ee by\u0165 e\u0161te Uzbekistan a India. Tento olej je vhodn\u00e9, v z\u00e1ujem celkovej detoxik\u00e1cie organizmu kombinova\u0165 so sirupom [&hellip;]\" \/>\n<meta property=\"og:url\" content=\"https:\/\/www.eko-bio-natura.sk\/shop\/produkt\/100-olej-z-ciernej-rasce-za-studena-lisovany-panensky-specialist-objem-100-ml\/\" \/>\n<meta property=\"og:site_name\" content=\"EKO-BIO-NATURA BIO OBCHOD\" \/>\n<meta property=\"article:modified_time\" content=\"2022-05-04T14:39:24+00:00\" \/>\n<meta property=\"og:image\" content=\"https:\/\/www.eko-bio-natura.sk\/shop\/wp-content\/uploads\/2021\/03\/4386-2_100-olej-z-ciernej-rasce-za-studena-lisovany-panensky-specialist-scaled.jpg\" \/>\n\t<meta property=\"og:image:width\" content=\"2560\" \/>\n\t<meta property=\"og:image:height\" content=\"1943\" \/>\n\t<meta property=\"og:image:type\" content=\"image\/jpeg\" \/>\n<meta name=\"twitter:card\" content=\"summary_large_image\" \/>\n<meta name=\"twitter:label1\" content=\"Predpokladan\u00fd \u010das \u010d\u00edtania\" \/>\n\t<meta name=\"twitter:data1\" content=\"3 min\u00faty\" \/>\n<script type=\"application\/ld+json\" class=\"yoast-schema-graph\">{\"@context\":\"https:\/\/schema.org\",\"@graph\":[{\"@type\":\"WebPage\",\"@id\":\"https:\/\/www.eko-bio-natura.sk\/shop\/produkt\/100-olej-z-ciernej-rasce-za-studena-lisovany-panensky-specialist-objem-100-ml\/\",\"url\":\"https:\/\/www.eko-bio-natura.sk\/shop\/produkt\/100-olej-z-ciernej-rasce-za-studena-lisovany-panensky-specialist-objem-100-ml\/\",\"name\":\"100% olej z \u010diernej rasce, za studena lisovan\u00fd, panensk\u00fd - Specialist Objem: 100 ml - EKO-BIO-NATURA BIO OBCHOD\",\"isPartOf\":{\"@id\":\"https:\/\/www.eko-bio-natura.sk\/shop\/#website\"},\"primaryImageOfPage\":{\"@id\":\"https:\/\/www.eko-bio-natura.sk\/shop\/produkt\/100-olej-z-ciernej-rasce-za-studena-lisovany-panensky-specialist-objem-100-ml\/#primaryimage\"},\"image\":{\"@id\":\"https:\/\/www.eko-bio-natura.sk\/shop\/produkt\/100-olej-z-ciernej-rasce-za-studena-lisovany-panensky-specialist-objem-100-ml\/#primaryimage\"},\"thumbnailUrl\":\"https:\/\/www.eko-bio-natura.sk\/shop\/wp-content\/uploads\/2021\/03\/4386-2_100-olej-z-ciernej-rasce-za-studena-lisovany-panensky-specialist-scaled.jpg\",\"datePublished\":\"2021-12-28T17:04:35+00:00\",\"dateModified\":\"2022-05-04T14:39:24+00:00\",\"breadcrumb\":{\"@id\":\"https:\/\/www.eko-bio-natura.sk\/shop\/produkt\/100-olej-z-ciernej-rasce-za-studena-lisovany-panensky-specialist-objem-100-ml\/#breadcrumb\"},\"inLanguage\":\"sk-SK\",\"potentialAction\":[{\"@type\":\"ReadAction\",\"target\":[\"https:\/\/www.eko-bio-natura.sk\/shop\/produkt\/100-olej-z-ciernej-rasce-za-studena-lisovany-panensky-specialist-objem-100-ml\/\"]}]},{\"@type\":\"ImageObject\",\"inLanguage\":\"sk-SK\",\"@id\":\"https:\/\/www.eko-bio-natura.sk\/shop\/produkt\/100-olej-z-ciernej-rasce-za-studena-lisovany-panensky-specialist-objem-100-ml\/#primaryimage\",\"url\":\"https:\/\/www.eko-bio-natura.sk\/shop\/wp-content\/uploads\/2021\/03\/4386-2_100-olej-z-ciernej-rasce-za-studena-lisovany-panensky-specialist-scaled.jpg\",\"contentUrl\":\"https:\/\/www.eko-bio-natura.sk\/shop\/wp-content\/uploads\/2021\/03\/4386-2_100-olej-z-ciernej-rasce-za-studena-lisovany-panensky-specialist-scaled.jpg\",\"width\":2560,\"height\":1943},{\"@type\":\"BreadcrumbList\",\"@id\":\"https:\/\/www.eko-bio-natura.sk\/shop\/produkt\/100-olej-z-ciernej-rasce-za-studena-lisovany-panensky-specialist-objem-100-ml\/#breadcrumb\",\"itemListElement\":[{\"@type\":\"ListItem\",\"position\":1,\"name\":\"Domovsk\u00e1 str\u00e1nka\",\"item\":\"https:\/\/www.eko-bio-natura.sk\/shop\/\"},{\"@type\":\"ListItem\",\"position\":2,\"name\":\"Obchod\",\"item\":\"https:\/\/www.eko-bio-natura.sk\/shop\/?page_id=6\"},{\"@type\":\"ListItem\",\"position\":3,\"name\":\"100% olej z \u010diernej rasce, za studena lisovan\u00fd, panensk\u00fd &#8211; Specialist Objem: 100 ml\"}]},{\"@type\":\"WebSite\",\"@id\":\"https:\/\/www.eko-bio-natura.sk\/shop\/#website\",\"url\":\"https:\/\/www.eko-bio-natura.sk\/shop\/\",\"name\":\"EKO-BIO-NATURA BIO OBCHOD\",\"description\":\"\",\"publisher\":{\"@id\":\"https:\/\/www.eko-bio-natura.sk\/shop\/#organization\"},\"potentialAction\":[{\"@type\":\"SearchAction\",\"target\":{\"@type\":\"EntryPoint\",\"urlTemplate\":\"https:\/\/www.eko-bio-natura.sk\/shop\/?s={search_term_string}\"},\"query-input\":{\"@type\":\"PropertyValueSpecification\",\"valueRequired\":true,\"valueName\":\"search_term_string\"}}],\"inLanguage\":\"sk-SK\"},{\"@type\":\"Organization\",\"@id\":\"https:\/\/www.eko-bio-natura.sk\/shop\/#organization\",\"name\":\"EKO-BIO-NATURA BIO OBCHOD\",\"url\":\"https:\/\/www.eko-bio-natura.sk\/shop\/\",\"logo\":{\"@type\":\"ImageObject\",\"inLanguage\":\"sk-SK\",\"@id\":\"https:\/\/www.eko-bio-natura.sk\/shop\/#\/schema\/logo\/image\/\",\"url\":\"https:\/\/www.eko-bio-natura.sk\/shop\/wp-content\/uploads\/2021\/04\/eko-bio-natura_logo.png\",\"contentUrl\":\"https:\/\/www.eko-bio-natura.sk\/shop\/wp-content\/uploads\/2021\/04\/eko-bio-natura_logo.png\",\"width\":552,\"height\":194,\"caption\":\"EKO-BIO-NATURA BIO OBCHOD\"},\"image\":{\"@id\":\"https:\/\/www.eko-bio-natura.sk\/shop\/#\/schema\/logo\/image\/\"}}]}<\/script>\n<!-- \/ Yoast SEO plugin. -->","yoast_head_json":{"title":"100% olej z \u010diernej rasce, za studena lisovan\u00fd, panensk\u00fd - Specialist Objem: 100 ml - EKO-BIO-NATURA BIO OBCHOD","robots":{"index":"index","follow":"follow","max-snippet":"max-snippet:-1","max-image-preview":"max-image-preview:large","max-video-preview":"max-video-preview:-1"},"canonical":"https:\/\/www.eko-bio-natura.sk\/shop\/produkt\/100-olej-z-ciernej-rasce-za-studena-lisovany-panensky-specialist-objem-100-ml\/","og_locale":"sk_SK","og_type":"article","og_title":"100% olej z \u010diernej rasce, za studena lisovan\u00fd, panensk\u00fd - Specialist Objem: 100 ml - EKO-BIO-NATURA BIO OBCHOD","og_description":"U tohto oleja sa jeho pr\u00edchu\u0165 m\u00f4\u017ee l\u00ed\u0161i\u0165, v z\u00e1vislosti od p\u00f4vodu krajiny vstupnej suroviny. Jeho vlastnosti a kvalita sa t\u00fdmto nemen\u00ed. Jemnej\u0161ia chu\u0165 je typick\u00e1 pre surovinu z Egypta, Eti\u00f3pia je zasa na chu\u0165 v\u00fdraznej\u0161ia. P\u00f4vod m\u00f4\u017ee by\u0165 e\u0161te Uzbekistan a India. Tento olej je vhodn\u00e9, v z\u00e1ujem celkovej detoxik\u00e1cie organizmu kombinova\u0165 so sirupom [&hellip;]","og_url":"https:\/\/www.eko-bio-natura.sk\/shop\/produkt\/100-olej-z-ciernej-rasce-za-studena-lisovany-panensky-specialist-objem-100-ml\/","og_site_name":"EKO-BIO-NATURA BIO OBCHOD","article_modified_time":"2022-05-04T14:39:24+00:00","og_image":[{"width":2560,"height":1943,"url":"https:\/\/www.eko-bio-natura.sk\/shop\/wp-content\/uploads\/2021\/03\/4386-2_100-olej-z-ciernej-rasce-za-studena-lisovany-panensky-specialist-scaled.jpg","type":"image\/jpeg"}],"twitter_card":"summary_large_image","twitter_misc":{"Predpokladan\u00fd \u010das \u010d\u00edtania":"3 min\u00faty"},"schema":{"@context":"https:\/\/schema.org","@graph":[{"@type":"WebPage","@id":"https:\/\/www.eko-bio-natura.sk\/shop\/produkt\/100-olej-z-ciernej-rasce-za-studena-lisovany-panensky-specialist-objem-100-ml\/","url":"https:\/\/www.eko-bio-natura.sk\/shop\/produkt\/100-olej-z-ciernej-rasce-za-studena-lisovany-panensky-specialist-objem-100-ml\/","name":"100% olej z \u010diernej rasce, za studena lisovan\u00fd, panensk\u00fd - Specialist Objem: 100 ml - EKO-BIO-NATURA BIO OBCHOD","isPartOf":{"@id":"https:\/\/www.eko-bio-natura.sk\/shop\/#website"},"primaryImageOfPage":{"@id":"https:\/\/www.eko-bio-natura.sk\/shop\/produkt\/100-olej-z-ciernej-rasce-za-studena-lisovany-panensky-specialist-objem-100-ml\/#primaryimage"},"image":{"@id":"https:\/\/www.eko-bio-natura.sk\/shop\/produkt\/100-olej-z-ciernej-rasce-za-studena-lisovany-panensky-specialist-objem-100-ml\/#primaryimage"},"thumbnailUrl":"https:\/\/www.eko-bio-natura.sk\/shop\/wp-content\/uploads\/2021\/03\/4386-2_100-olej-z-ciernej-rasce-za-studena-lisovany-panensky-specialist-scaled.jpg","datePublished":"2021-12-28T17:04:35+00:00","dateModified":"2022-05-04T14:39:24+00:00","breadcrumb":{"@id":"https:\/\/www.eko-bio-natura.sk\/shop\/produkt\/100-olej-z-ciernej-rasce-za-studena-lisovany-panensky-specialist-objem-100-ml\/#breadcrumb"},"inLanguage":"sk-SK","potentialAction":[{"@type":"ReadAction","target":["https:\/\/www.eko-bio-natura.sk\/shop\/produkt\/100-olej-z-ciernej-rasce-za-studena-lisovany-panensky-specialist-objem-100-ml\/"]}]},{"@type":"ImageObject","inLanguage":"sk-SK","@id":"https:\/\/www.eko-bio-natura.sk\/shop\/produkt\/100-olej-z-ciernej-rasce-za-studena-lisovany-panensky-specialist-objem-100-ml\/#primaryimage","url":"https:\/\/www.eko-bio-natura.sk\/shop\/wp-content\/uploads\/2021\/03\/4386-2_100-olej-z-ciernej-rasce-za-studena-lisovany-panensky-specialist-scaled.jpg","contentUrl":"https:\/\/www.eko-bio-natura.sk\/shop\/wp-content\/uploads\/2021\/03\/4386-2_100-olej-z-ciernej-rasce-za-studena-lisovany-panensky-specialist-scaled.jpg","width":2560,"height":1943},{"@type":"BreadcrumbList","@id":"https:\/\/www.eko-bio-natura.sk\/shop\/produkt\/100-olej-z-ciernej-rasce-za-studena-lisovany-panensky-specialist-objem-100-ml\/#breadcrumb","itemListElement":[{"@type":"ListItem","position":1,"name":"Domovsk\u00e1 str\u00e1nka","item":"https:\/\/www.eko-bio-natura.sk\/shop\/"},{"@type":"ListItem","position":2,"name":"Obchod","item":"https:\/\/www.eko-bio-natura.sk\/shop\/?page_id=6"},{"@type":"ListItem","position":3,"name":"100% olej z \u010diernej rasce, za studena lisovan\u00fd, panensk\u00fd &#8211; Specialist Objem: 100 ml"}]},{"@type":"WebSite","@id":"https:\/\/www.eko-bio-natura.sk\/shop\/#website","url":"https:\/\/www.eko-bio-natura.sk\/shop\/","name":"EKO-BIO-NATURA BIO OBCHOD","description":"","publisher":{"@id":"https:\/\/www.eko-bio-natura.sk\/shop\/#organization"},"potentialAction":[{"@type":"SearchAction","target":{"@type":"EntryPoint","urlTemplate":"https:\/\/www.eko-bio-natura.sk\/shop\/?s={search_term_string}"},"query-input":{"@type":"PropertyValueSpecification","valueRequired":true,"valueName":"search_term_string"}}],"inLanguage":"sk-SK"},{"@type":"Organization","@id":"https:\/\/www.eko-bio-natura.sk\/shop\/#organization","name":"EKO-BIO-NATURA BIO OBCHOD","url":"https:\/\/www.eko-bio-natura.sk\/shop\/","logo":{"@type":"ImageObject","inLanguage":"sk-SK","@id":"https:\/\/www.eko-bio-natura.sk\/shop\/#\/schema\/logo\/image\/","url":"https:\/\/www.eko-bio-natura.sk\/shop\/wp-content\/uploads\/2021\/04\/eko-bio-natura_logo.png","contentUrl":"https:\/\/www.eko-bio-natura.sk\/shop\/wp-content\/uploads\/2021\/04\/eko-bio-natura_logo.png","width":552,"height":194,"caption":"EKO-BIO-NATURA BIO OBCHOD"},"image":{"@id":"https:\/\/www.eko-bio-natura.sk\/shop\/#\/schema\/logo\/image\/"}}]}},"_links":{"self":[{"href":"https:\/\/www.eko-bio-natura.sk\/shop\/wp-json\/wp\/v2\/product\/7373","targetHints":{"allow":["GET"]}}],"collection":[{"href":"https:\/\/www.eko-bio-natura.sk\/shop\/wp-json\/wp\/v2\/product"}],"about":[{"href":"https:\/\/www.eko-bio-natura.sk\/shop\/wp-json\/wp\/v2\/types\/product"}],"replies":[{"embeddable":true,"href":"https:\/\/www.eko-bio-natura.sk\/shop\/wp-json\/wp\/v2\/comments?post=7373"}],"wp:featuredmedia":[{"embeddable":true,"href":"https:\/\/www.eko-bio-natura.sk\/shop\/wp-json\/wp\/v2\/media\/415"}],"wp:attachment":[{"href":"https:\/\/www.eko-bio-natura.sk\/shop\/wp-json\/wp\/v2\/media?parent=7373"}],"wp:term":[{"taxonomy":"product_brand","embeddable":true,"href":"https:\/\/www.eko-bio-natura.sk\/shop\/wp-json\/wp\/v2\/product_brand?post=7373"},{"taxonomy":"product_cat","embeddable":true,"href":"https:\/\/www.eko-bio-natura.sk\/shop\/wp-json\/wp\/v2\/product_cat?post=7373"},{"taxonomy":"product_tag","embeddable":true,"href":"https:\/\/www.eko-bio-natura.sk\/shop\/wp-json\/wp\/v2\/product_tag?post=7373"}],"curies":[{"name":"wp","href":"https:\/\/api.w.org\/{rel}","templated":true}]}}