{"id":7369,"date":"2021-12-28T18:04:35","date_gmt":"2021-12-28T17:04:35","guid":{"rendered":"https:\/\/www.eko-bio-natura.sk\/shop\/index.php\/produkt\/ricinovy-olej-farmakom-50ml\/"},"modified":"2021-12-28T18:04:36","modified_gmt":"2021-12-28T17:04:36","slug":"ricinovy-olej-farmakom-50ml","status":"publish","type":"product","link":"https:\/\/www.eko-bio-natura.sk\/shop\/produkt\/ricinovy-olej-farmakom-50ml\/","title":{"rendered":"Ric\u00ednov\u00fd olej &#8211; Farmakom &#8211; 50ml"},"content":{"rendered":"<p><span style=\"font-family: verdana, geneva; font-size: 12pt;\">Tento olej je dobr\u00fd aj ako podpora lie\u010dby bradav\u00edc a napom\u00e1ha ur\u00fdch\u013eova\u0165 hojenie poopera\u010dn\u00fdch jaziev- prirodzene regeneruje ple\u0165. \u010ealej napom\u00e1ha pri:&nbsp;<\/span><\/p>\n<p><span style=\"font-family: verdana, geneva; font-size: 12pt;\">-l\u00e1mavosti nechtov- nanies\u0165 ve\u010der<\/span><\/p>\n<p><span style=\"font-family: verdana, geneva; font-size: 12pt;\">-premas\u0165uje extr\u00e9mne such\u00fa poko\u017eku<\/span><\/p>\n<p><span style=\"font-family: verdana, geneva; font-size: 12pt;\">-pom\u00e1ha pri vypad\u00e1van\u00ed vlasov. Pri spr\u00e1vnom nanesen\u00ed navy\u0161e vlasy nebud\u00fa vyzera\u0165 mastne, ale lesklej\u0161ie a bohat\u0161ie, zato\u010d\u00ed aj s lupinami.&nbsp;<\/span><\/p>\n<p><span style=\"font-family: verdana, geneva; font-size: 12pt;\">-uk\u013eudn\u00ed podr\u00e1\u017eden\u00fa poko\u017eku- napr\u00edklad sp\u00e1len\u00e1 ko\u017ea po opa\u013eovan\u00ed<\/span><\/p>\n<p><span style=\"font-family: verdana, geneva; font-size: 12pt;\">-p\u00e1r kvapiek oleja nahrad\u00ed balzam na pery- hydratuje a regeneruje<\/span><\/p>\n<p><span style=\"font-family: verdana, geneva; font-size: 12pt;\">-pom\u00f4\u017ee aj pri nepekn\u00fdch stri\u00e1ch- tehotenstvo. Dobr\u00e9 je mas\u00edrova\u0165 poko\u017eku apspo\u0148 dva kr\u00e1t denne.&nbsp;<\/span><\/p>\n<p><span style=\"font-family: verdana, geneva; font-size: 12pt;\">-pom\u00e1ha aj pri odstra\u0148ovan\u00ed bradav\u00edc<\/span><\/p>\n<p>&nbsp;<\/p>\n<p><span style=\"font-family: verdana, geneva; font-size: 12pt;\"><strong>Sp\u00f4sob pou\u017eitia :<\/strong> je mo\u017en\u00e9 vyu\u017eitie samostane napr. na ple\u0165 okolo&nbsp;o\u010d\u00ed, pr\u00edpadane doplnenie k \u0161amp\u00f3nu maxim\u00e1lne v\u0161ak 10%, na odstr\u00e1nenie bradavi\u010diek a pigmentov\u00fdch \u0161kv\u0155n vtiera\u0165 2x denne r\u00e1no a na noc v priebehu 5-10 min, na zm\u00e4k\u010denie ko\u017ee r\u00fak<\/span><\/p>\n<p><span style=\"font-family: verdana, geneva; font-size: 12pt;\"><strong>Upozornenie :<\/strong> individu\u00e1lna alergia na niektor\u00fa zo zlo\u017eiek<\/span><\/p>\n<p><span style=\"font-family: verdana, geneva; font-size: 12pt;\"><strong>Podmienky skladovania :<\/strong> na tmavom mieste pri izbovej teplote od 5-25\u00b0C<\/span><\/p>\n<p><span style=\"font-family: verdana, geneva; font-size: 12pt;\"><strong>Zlo\u017eenie<\/strong> : ric\u00ednov\u00fd olej<\/span><\/p>\n<p><span style=\"font-family: verdana, geneva; font-size: 12pt;\"><strong>Objem:<\/strong> 50ml<\/span><\/p>\n<p><span style=\"font-family: verdana, geneva; font-size: 12pt;\"><strong>Krajina p\u00f4vodu :<\/strong> Rusko<\/span><\/p>\n<p><span style=\"font-family: verdana, geneva; font-size: 12pt;\">&nbsp;<\/span><\/p>\n","protected":false},"excerpt":{"rendered":"<p>Tento olej je dobr\u00fd aj ako podpora lie\u010dby bradav\u00edc a napom\u00e1ha ur\u00fdch\u013eova\u0165 hojenie poopera\u010dn\u00fdch jaziev- prirodzene regeneruje ple\u0165. \u010ealej napom\u00e1ha pri:&nbsp; -l\u00e1mavosti nechtov- nanies\u0165 ve\u010der -premas\u0165uje extr\u00e9mne such\u00fa poko\u017eku -pom\u00e1ha pri vypad\u00e1van\u00ed vlasov. Pri spr\u00e1vnom nanesen\u00ed navy\u0161e vlasy nebud\u00fa vyzera\u0165 mastne, ale lesklej\u0161ie a bohat\u0161ie, zato\u010d\u00ed aj s lupinami.&nbsp; -uk\u013eudn\u00ed podr\u00e1\u017eden\u00fa poko\u017eku- napr\u00edklad sp\u00e1len\u00e1 ko\u017ea [&hellip;]<\/p>\n","protected":false},"featured_media":7370,"comment_status":"open","ping_status":"open","template":"","meta":{"site-sidebar-layout":"default","site-content-layout":"","ast-site-content-layout":"default","site-content-style":"default","site-sidebar-style":"default","ast-global-header-display":"","ast-banner-title-visibility":"","ast-main-header-display":"","ast-hfb-above-header-display":"","ast-hfb-below-header-display":"","ast-hfb-mobile-header-display":"","site-post-title":"","ast-breadcrumbs-content":"","ast-featured-img":"","footer-sml-layout":"","ast-disable-related-posts":"","theme-transparent-header-meta":"","adv-header-id-meta":"","stick-header-meta":"","header-above-stick-meta":"","header-main-stick-meta":"","header-below-stick-meta":"","astra-migrate-meta-layouts":"default","ast-page-background-enabled":"default","ast-page-background-meta":{"desktop":{"background-color":"","background-image":"","background-repeat":"repeat","background-position":"center center","background-size":"auto","background-attachment":"scroll","background-type":"","background-media":"","overlay-type":"","overlay-color":"","overlay-opacity":"","overlay-gradient":""},"tablet":{"background-color":"","background-image":"","background-repeat":"repeat","background-position":"center center","background-size":"auto","background-attachment":"scroll","background-type":"","background-media":"","overlay-type":"","overlay-color":"","overlay-opacity":"","overlay-gradient":""},"mobile":{"background-color":"","background-image":"","background-repeat":"repeat","background-position":"center center","background-size":"auto","background-attachment":"scroll","background-type":"","background-media":"","overlay-type":"","overlay-color":"","overlay-opacity":"","overlay-gradient":""}},"ast-content-background-meta":{"desktop":{"background-color":"var(--ast-global-color-5)","background-image":"","background-repeat":"repeat","background-position":"center center","background-size":"auto","background-attachment":"scroll","background-type":"","background-media":"","overlay-type":"","overlay-color":"","overlay-opacity":"","overlay-gradient":""},"tablet":{"background-color":"var(--ast-global-color-5)","background-image":"","background-repeat":"repeat","background-position":"center center","background-size":"auto","background-attachment":"scroll","background-type":"","background-media":"","overlay-type":"","overlay-color":"","overlay-opacity":"","overlay-gradient":""},"mobile":{"background-color":"var(--ast-global-color-5)","background-image":"","background-repeat":"repeat","background-position":"center center","background-size":"auto","background-attachment":"scroll","background-type":"","background-media":"","overlay-type":"","overlay-color":"","overlay-opacity":"","overlay-gradient":""}}},"product_brand":[],"product_cat":[184],"product_tag":[],"class_list":{"0":"post-7369","1":"product","2":"type-product","3":"status-publish","4":"has-post-thumbnail","6":"product_cat-zdrave-oleje","7":"pa_cena-dopravy-367","8":"pa_doprava-zasilkovna","9":"pa_ean-424","10":"pa_typ-partnersky-predaj","11":"pa_znacka-farmakom","12":"desktop-align-left","13":"tablet-align-left","14":"mobile-align-left","16":"first","17":"instock","18":"product-type-external"},"yoast_head":"<!-- This site is optimized with the Yoast SEO plugin v27.2 - https:\/\/yoast.com\/product\/yoast-seo-wordpress\/ -->\n<title>Ric\u00ednov\u00fd olej - Farmakom - 50ml - EKO-BIO-NATURA BIO OBCHOD<\/title>\n<meta name=\"robots\" content=\"index, follow, max-snippet:-1, max-image-preview:large, max-video-preview:-1\" \/>\n<link rel=\"canonical\" href=\"https:\/\/www.eko-bio-natura.sk\/shop\/produkt\/ricinovy-olej-farmakom-50ml\/\" \/>\n<meta property=\"og:locale\" content=\"sk_SK\" \/>\n<meta property=\"og:type\" content=\"article\" \/>\n<meta property=\"og:title\" content=\"Ric\u00ednov\u00fd olej - Farmakom - 50ml - EKO-BIO-NATURA BIO OBCHOD\" \/>\n<meta property=\"og:description\" content=\"Tento olej je dobr\u00fd aj ako podpora lie\u010dby bradav\u00edc a napom\u00e1ha ur\u00fdch\u013eova\u0165 hojenie poopera\u010dn\u00fdch jaziev- prirodzene regeneruje ple\u0165. \u010ealej napom\u00e1ha pri:&nbsp; -l\u00e1mavosti nechtov- nanies\u0165 ve\u010der -premas\u0165uje extr\u00e9mne such\u00fa poko\u017eku -pom\u00e1ha pri vypad\u00e1van\u00ed vlasov. Pri spr\u00e1vnom nanesen\u00ed navy\u0161e vlasy nebud\u00fa vyzera\u0165 mastne, ale lesklej\u0161ie a bohat\u0161ie, zato\u010d\u00ed aj s lupinami.&nbsp; -uk\u013eudn\u00ed podr\u00e1\u017eden\u00fa poko\u017eku- napr\u00edklad sp\u00e1len\u00e1 ko\u017ea [&hellip;]\" \/>\n<meta property=\"og:url\" content=\"https:\/\/www.eko-bio-natura.sk\/shop\/produkt\/ricinovy-olej-farmakom-50ml\/\" \/>\n<meta property=\"og:site_name\" content=\"EKO-BIO-NATURA BIO OBCHOD\" \/>\n<meta property=\"article:modified_time\" content=\"2021-12-28T17:04:36+00:00\" \/>\n<meta property=\"og:image\" content=\"https:\/\/www.eko-bio-natura.sk\/shop\/wp-content\/uploads\/2021\/12\/4320-1_ricinovy-olej-farmakom-50ml-scaled.jpg\" \/>\n\t<meta property=\"og:image:width\" content=\"2560\" \/>\n\t<meta property=\"og:image:height\" content=\"1923\" \/>\n\t<meta property=\"og:image:type\" content=\"image\/jpeg\" \/>\n<meta name=\"twitter:card\" content=\"summary_large_image\" \/>\n<meta name=\"twitter:label1\" content=\"Predpokladan\u00fd \u010das \u010d\u00edtania\" \/>\n\t<meta name=\"twitter:data1\" content=\"1 min\u00fata\" \/>\n<script type=\"application\/ld+json\" class=\"yoast-schema-graph\">{\"@context\":\"https:\/\/schema.org\",\"@graph\":[{\"@type\":\"WebPage\",\"@id\":\"https:\/\/www.eko-bio-natura.sk\/shop\/produkt\/ricinovy-olej-farmakom-50ml\/\",\"url\":\"https:\/\/www.eko-bio-natura.sk\/shop\/produkt\/ricinovy-olej-farmakom-50ml\/\",\"name\":\"Ric\u00ednov\u00fd olej - Farmakom - 50ml - EKO-BIO-NATURA BIO OBCHOD\",\"isPartOf\":{\"@id\":\"https:\/\/www.eko-bio-natura.sk\/shop\/#website\"},\"primaryImageOfPage\":{\"@id\":\"https:\/\/www.eko-bio-natura.sk\/shop\/produkt\/ricinovy-olej-farmakom-50ml\/#primaryimage\"},\"image\":{\"@id\":\"https:\/\/www.eko-bio-natura.sk\/shop\/produkt\/ricinovy-olej-farmakom-50ml\/#primaryimage\"},\"thumbnailUrl\":\"https:\/\/www.eko-bio-natura.sk\/shop\/wp-content\/uploads\/2021\/12\/4320-1_ricinovy-olej-farmakom-50ml-scaled.jpg\",\"datePublished\":\"2021-12-28T17:04:35+00:00\",\"dateModified\":\"2021-12-28T17:04:36+00:00\",\"breadcrumb\":{\"@id\":\"https:\/\/www.eko-bio-natura.sk\/shop\/produkt\/ricinovy-olej-farmakom-50ml\/#breadcrumb\"},\"inLanguage\":\"sk-SK\",\"potentialAction\":[{\"@type\":\"ReadAction\",\"target\":[\"https:\/\/www.eko-bio-natura.sk\/shop\/produkt\/ricinovy-olej-farmakom-50ml\/\"]}]},{\"@type\":\"ImageObject\",\"inLanguage\":\"sk-SK\",\"@id\":\"https:\/\/www.eko-bio-natura.sk\/shop\/produkt\/ricinovy-olej-farmakom-50ml\/#primaryimage\",\"url\":\"https:\/\/www.eko-bio-natura.sk\/shop\/wp-content\/uploads\/2021\/12\/4320-1_ricinovy-olej-farmakom-50ml-scaled.jpg\",\"contentUrl\":\"https:\/\/www.eko-bio-natura.sk\/shop\/wp-content\/uploads\/2021\/12\/4320-1_ricinovy-olej-farmakom-50ml-scaled.jpg\",\"width\":2560,\"height\":1923},{\"@type\":\"BreadcrumbList\",\"@id\":\"https:\/\/www.eko-bio-natura.sk\/shop\/produkt\/ricinovy-olej-farmakom-50ml\/#breadcrumb\",\"itemListElement\":[{\"@type\":\"ListItem\",\"position\":1,\"name\":\"Domovsk\u00e1 str\u00e1nka\",\"item\":\"https:\/\/www.eko-bio-natura.sk\/shop\/\"},{\"@type\":\"ListItem\",\"position\":2,\"name\":\"Obchod\",\"item\":\"https:\/\/www.eko-bio-natura.sk\/shop\/?page_id=6\"},{\"@type\":\"ListItem\",\"position\":3,\"name\":\"Ric\u00ednov\u00fd olej &#8211; Farmakom &#8211; 50ml\"}]},{\"@type\":\"WebSite\",\"@id\":\"https:\/\/www.eko-bio-natura.sk\/shop\/#website\",\"url\":\"https:\/\/www.eko-bio-natura.sk\/shop\/\",\"name\":\"EKO-BIO-NATURA BIO OBCHOD\",\"description\":\"\",\"publisher\":{\"@id\":\"https:\/\/www.eko-bio-natura.sk\/shop\/#organization\"},\"potentialAction\":[{\"@type\":\"SearchAction\",\"target\":{\"@type\":\"EntryPoint\",\"urlTemplate\":\"https:\/\/www.eko-bio-natura.sk\/shop\/?s={search_term_string}\"},\"query-input\":{\"@type\":\"PropertyValueSpecification\",\"valueRequired\":true,\"valueName\":\"search_term_string\"}}],\"inLanguage\":\"sk-SK\"},{\"@type\":\"Organization\",\"@id\":\"https:\/\/www.eko-bio-natura.sk\/shop\/#organization\",\"name\":\"EKO-BIO-NATURA BIO OBCHOD\",\"url\":\"https:\/\/www.eko-bio-natura.sk\/shop\/\",\"logo\":{\"@type\":\"ImageObject\",\"inLanguage\":\"sk-SK\",\"@id\":\"https:\/\/www.eko-bio-natura.sk\/shop\/#\/schema\/logo\/image\/\",\"url\":\"https:\/\/www.eko-bio-natura.sk\/shop\/wp-content\/uploads\/2021\/04\/eko-bio-natura_logo.png\",\"contentUrl\":\"https:\/\/www.eko-bio-natura.sk\/shop\/wp-content\/uploads\/2021\/04\/eko-bio-natura_logo.png\",\"width\":552,\"height\":194,\"caption\":\"EKO-BIO-NATURA BIO OBCHOD\"},\"image\":{\"@id\":\"https:\/\/www.eko-bio-natura.sk\/shop\/#\/schema\/logo\/image\/\"}}]}<\/script>\n<!-- \/ Yoast SEO plugin. -->","yoast_head_json":{"title":"Ric\u00ednov\u00fd olej - Farmakom - 50ml - EKO-BIO-NATURA BIO OBCHOD","robots":{"index":"index","follow":"follow","max-snippet":"max-snippet:-1","max-image-preview":"max-image-preview:large","max-video-preview":"max-video-preview:-1"},"canonical":"https:\/\/www.eko-bio-natura.sk\/shop\/produkt\/ricinovy-olej-farmakom-50ml\/","og_locale":"sk_SK","og_type":"article","og_title":"Ric\u00ednov\u00fd olej - Farmakom - 50ml - EKO-BIO-NATURA BIO OBCHOD","og_description":"Tento olej je dobr\u00fd aj ako podpora lie\u010dby bradav\u00edc a napom\u00e1ha ur\u00fdch\u013eova\u0165 hojenie poopera\u010dn\u00fdch jaziev- prirodzene regeneruje ple\u0165. \u010ealej napom\u00e1ha pri:&nbsp; -l\u00e1mavosti nechtov- nanies\u0165 ve\u010der -premas\u0165uje extr\u00e9mne such\u00fa poko\u017eku -pom\u00e1ha pri vypad\u00e1van\u00ed vlasov. Pri spr\u00e1vnom nanesen\u00ed navy\u0161e vlasy nebud\u00fa vyzera\u0165 mastne, ale lesklej\u0161ie a bohat\u0161ie, zato\u010d\u00ed aj s lupinami.&nbsp; -uk\u013eudn\u00ed podr\u00e1\u017eden\u00fa poko\u017eku- napr\u00edklad sp\u00e1len\u00e1 ko\u017ea [&hellip;]","og_url":"https:\/\/www.eko-bio-natura.sk\/shop\/produkt\/ricinovy-olej-farmakom-50ml\/","og_site_name":"EKO-BIO-NATURA BIO OBCHOD","article_modified_time":"2021-12-28T17:04:36+00:00","og_image":[{"width":2560,"height":1923,"url":"https:\/\/www.eko-bio-natura.sk\/shop\/wp-content\/uploads\/2021\/12\/4320-1_ricinovy-olej-farmakom-50ml-scaled.jpg","type":"image\/jpeg"}],"twitter_card":"summary_large_image","twitter_misc":{"Predpokladan\u00fd \u010das \u010d\u00edtania":"1 min\u00fata"},"schema":{"@context":"https:\/\/schema.org","@graph":[{"@type":"WebPage","@id":"https:\/\/www.eko-bio-natura.sk\/shop\/produkt\/ricinovy-olej-farmakom-50ml\/","url":"https:\/\/www.eko-bio-natura.sk\/shop\/produkt\/ricinovy-olej-farmakom-50ml\/","name":"Ric\u00ednov\u00fd olej - Farmakom - 50ml - EKO-BIO-NATURA BIO OBCHOD","isPartOf":{"@id":"https:\/\/www.eko-bio-natura.sk\/shop\/#website"},"primaryImageOfPage":{"@id":"https:\/\/www.eko-bio-natura.sk\/shop\/produkt\/ricinovy-olej-farmakom-50ml\/#primaryimage"},"image":{"@id":"https:\/\/www.eko-bio-natura.sk\/shop\/produkt\/ricinovy-olej-farmakom-50ml\/#primaryimage"},"thumbnailUrl":"https:\/\/www.eko-bio-natura.sk\/shop\/wp-content\/uploads\/2021\/12\/4320-1_ricinovy-olej-farmakom-50ml-scaled.jpg","datePublished":"2021-12-28T17:04:35+00:00","dateModified":"2021-12-28T17:04:36+00:00","breadcrumb":{"@id":"https:\/\/www.eko-bio-natura.sk\/shop\/produkt\/ricinovy-olej-farmakom-50ml\/#breadcrumb"},"inLanguage":"sk-SK","potentialAction":[{"@type":"ReadAction","target":["https:\/\/www.eko-bio-natura.sk\/shop\/produkt\/ricinovy-olej-farmakom-50ml\/"]}]},{"@type":"ImageObject","inLanguage":"sk-SK","@id":"https:\/\/www.eko-bio-natura.sk\/shop\/produkt\/ricinovy-olej-farmakom-50ml\/#primaryimage","url":"https:\/\/www.eko-bio-natura.sk\/shop\/wp-content\/uploads\/2021\/12\/4320-1_ricinovy-olej-farmakom-50ml-scaled.jpg","contentUrl":"https:\/\/www.eko-bio-natura.sk\/shop\/wp-content\/uploads\/2021\/12\/4320-1_ricinovy-olej-farmakom-50ml-scaled.jpg","width":2560,"height":1923},{"@type":"BreadcrumbList","@id":"https:\/\/www.eko-bio-natura.sk\/shop\/produkt\/ricinovy-olej-farmakom-50ml\/#breadcrumb","itemListElement":[{"@type":"ListItem","position":1,"name":"Domovsk\u00e1 str\u00e1nka","item":"https:\/\/www.eko-bio-natura.sk\/shop\/"},{"@type":"ListItem","position":2,"name":"Obchod","item":"https:\/\/www.eko-bio-natura.sk\/shop\/?page_id=6"},{"@type":"ListItem","position":3,"name":"Ric\u00ednov\u00fd olej &#8211; Farmakom &#8211; 50ml"}]},{"@type":"WebSite","@id":"https:\/\/www.eko-bio-natura.sk\/shop\/#website","url":"https:\/\/www.eko-bio-natura.sk\/shop\/","name":"EKO-BIO-NATURA BIO OBCHOD","description":"","publisher":{"@id":"https:\/\/www.eko-bio-natura.sk\/shop\/#organization"},"potentialAction":[{"@type":"SearchAction","target":{"@type":"EntryPoint","urlTemplate":"https:\/\/www.eko-bio-natura.sk\/shop\/?s={search_term_string}"},"query-input":{"@type":"PropertyValueSpecification","valueRequired":true,"valueName":"search_term_string"}}],"inLanguage":"sk-SK"},{"@type":"Organization","@id":"https:\/\/www.eko-bio-natura.sk\/shop\/#organization","name":"EKO-BIO-NATURA BIO OBCHOD","url":"https:\/\/www.eko-bio-natura.sk\/shop\/","logo":{"@type":"ImageObject","inLanguage":"sk-SK","@id":"https:\/\/www.eko-bio-natura.sk\/shop\/#\/schema\/logo\/image\/","url":"https:\/\/www.eko-bio-natura.sk\/shop\/wp-content\/uploads\/2021\/04\/eko-bio-natura_logo.png","contentUrl":"https:\/\/www.eko-bio-natura.sk\/shop\/wp-content\/uploads\/2021\/04\/eko-bio-natura_logo.png","width":552,"height":194,"caption":"EKO-BIO-NATURA BIO OBCHOD"},"image":{"@id":"https:\/\/www.eko-bio-natura.sk\/shop\/#\/schema\/logo\/image\/"}}]}},"_links":{"self":[{"href":"https:\/\/www.eko-bio-natura.sk\/shop\/wp-json\/wp\/v2\/product\/7369","targetHints":{"allow":["GET"]}}],"collection":[{"href":"https:\/\/www.eko-bio-natura.sk\/shop\/wp-json\/wp\/v2\/product"}],"about":[{"href":"https:\/\/www.eko-bio-natura.sk\/shop\/wp-json\/wp\/v2\/types\/product"}],"replies":[{"embeddable":true,"href":"https:\/\/www.eko-bio-natura.sk\/shop\/wp-json\/wp\/v2\/comments?post=7369"}],"wp:featuredmedia":[{"embeddable":true,"href":"https:\/\/www.eko-bio-natura.sk\/shop\/wp-json\/wp\/v2\/media\/7370"}],"wp:attachment":[{"href":"https:\/\/www.eko-bio-natura.sk\/shop\/wp-json\/wp\/v2\/media?parent=7369"}],"wp:term":[{"taxonomy":"product_brand","embeddable":true,"href":"https:\/\/www.eko-bio-natura.sk\/shop\/wp-json\/wp\/v2\/product_brand?post=7369"},{"taxonomy":"product_cat","embeddable":true,"href":"https:\/\/www.eko-bio-natura.sk\/shop\/wp-json\/wp\/v2\/product_cat?post=7369"},{"taxonomy":"product_tag","embeddable":true,"href":"https:\/\/www.eko-bio-natura.sk\/shop\/wp-json\/wp\/v2\/product_tag?post=7369"}],"curies":[{"name":"wp","href":"https:\/\/api.w.org\/{rel}","templated":true}]}}