{"id":7367,"date":"2021-12-28T18:04:35","date_gmt":"2021-12-28T17:04:35","guid":{"rendered":"https:\/\/www.eko-bio-natura.sk\/shop\/index.php\/produkt\/100-olej-z-pestreca-marianskeho-za-studena-lisovany-panensky-specialist-objem-100-ml\/"},"modified":"2022-05-04T16:39:20","modified_gmt":"2022-05-04T14:39:20","slug":"100-olej-z-pestreca-marianskeho-za-studena-lisovany-panensky-specialist-objem-100-ml","status":"publish","type":"product","link":"https:\/\/www.eko-bio-natura.sk\/shop\/produkt\/100-olej-z-pestreca-marianskeho-za-studena-lisovany-panensky-specialist-objem-100-ml\/","title":{"rendered":"100% olej z pestreca mari\u00e1nskeho, za studena lisovan\u00fd, panensk\u00fd &#8211; Specialist Objem: 100 ml"},"content":{"rendered":"<p><span style=\"font-size: 12pt; font-family: verdana, geneva;\">Hlavnou lie\u010divou zlo\u017ekou tohto oleja je <strong>komplex \u00fa\u010dinn\u00fdch l\u00e1tok<\/strong> pod n\u00e1zvom silymar\u00edn, \u010do sp\u00f4sobuje, \u017ee rastlina, ako aj v\u00fd\u0165a\u017eky z&nbsp;nej maj\u00fa predov\u0161etk\u00fdm<strong> ochrann\u00fd a&nbsp;lie\u010div\u00fd vplyv na pe\u010de\u0148ov\u00e9 bunky<\/strong>. Viac sa o \u00fa\u010dinkoch <a href=\"http:\/\/blog.herbatica.sk\/olej-z-pesterca-marianskeho\/\">dozviete na na\u0161om blogu.<\/a><strong><\/p>\n<p>Sp\u00f4sob pou\u017eitia:<\/strong> 1 \u010dajov\u00e1 ly\u017ei\u010dka po jedle 2-3x za de\u0148, alebo ako pr\u00eddavok do \u0161al\u00e1tov alebo in\u00fdch tepelne neupravovan\u00fdch jed\u00e1l po\u010das 1 mesiaca. T\u00fato k\u00faru mo\u017eno opakova\u0165 2-3x za rok. Takmer bez chuti, nemus\u00edte sa b\u00e1\u0165, \u017ee jedlo zmen\u00ed chu\u0165.<\/span><\/p>\n<p><span style=\"font-size: 12pt; font-family: verdana, geneva;\">Olej taktie\u017e m\u00f4\u017eete pou\u017ei\u0165 v&nbsp;kozmetike.<\/span><\/p>\n<p><span style=\"font-size: 12pt; font-family: verdana, geneva;\"><strong>Upozornenie:<\/strong> Nie je ur\u010den\u00e9 de\u0165om do 3 rokov! Dodr\u017eujte denn\u00fa odpor\u00fa\u010dan\u00fa d\u00e1vku. Nepou\u017e\u00edvajte ako n\u00e1hradu pestrej stravy. Neu\u017e\u00edvajte pri individu\u00e1lnej alergii na zlo\u017eky oleja. Vyroben\u00e9 bez GMO<\/span><\/p>\n<p><span style=\"font-size: 12pt; font-family: verdana, geneva;\"><strong>Podmienky skladovania:<\/strong> Skladujte na suchom a tmavom mieste pri teplote do 20\u00b0C. Po otvoren\u00ed skladujte v chladni\u010dke.<\/span><\/p>\n<p><span style=\"font-size: 12pt; font-family: verdana, geneva;\"><strong>Zlo\u017eenie:<\/strong> Za studena lisovan\u00fd olej. 100% z&nbsp;pestreca mari\u00e1nskeho<\/span><\/p>\n<p><span style=\"font-size: 12pt; font-family: verdana, geneva;\"><strong>Obsah:<\/strong> 100ml&nbsp;&nbsp;&nbsp;&nbsp;&nbsp;&nbsp;&nbsp;&nbsp;&nbsp;&nbsp;&nbsp;&nbsp;&nbsp;&nbsp;<\/span><\/p>\n<p><span style=\"font-size: 12pt; font-family: verdana, geneva;\"><strong>Krajina p\u00f4vodu:<\/strong> Rusko<\/span><\/p>\n<p><span style=\"font-size: 12pt; font-family: verdana, geneva;\">&nbsp;<\/span><\/p>\n<p><span style=\"font-size: 12pt; font-family: verdana, geneva;\">Kr\u00e1tky \u010dl\u00e1nok o v\u00fdrobe, \u00fa\u010dinkoch a probl\u00e9moch, pri ktor\u00fdch pestrecov\u00fd olej pom\u00e1ha, n\u00e1jdete&nbsp;<a title=\"pestrec mariansky\" href=\"http:\/\/blog.herbatica.sk\/olej-z-pesterca-marianskeho\/\" target=\"_blank\" rel=\"noopener noreferrer\">tu!<\/a><\/span><\/p>\n","protected":false},"excerpt":{"rendered":"<p>Hlavnou lie\u010divou zlo\u017ekou tohto oleja je komplex \u00fa\u010dinn\u00fdch l\u00e1tok pod n\u00e1zvom silymar\u00edn, \u010do sp\u00f4sobuje, \u017ee rastlina, ako aj v\u00fd\u0165a\u017eky z&nbsp;nej maj\u00fa predov\u0161etk\u00fdm ochrann\u00fd a&nbsp;lie\u010div\u00fd vplyv na pe\u010de\u0148ov\u00e9 bunky. Viac sa o \u00fa\u010dinkoch dozviete na na\u0161om blogu. Sp\u00f4sob pou\u017eitia: 1 \u010dajov\u00e1 ly\u017ei\u010dka po jedle 2-3x za de\u0148, alebo ako pr\u00eddavok do \u0161al\u00e1tov alebo in\u00fdch tepelne neupravovan\u00fdch [&hellip;]<\/p>\n","protected":false},"featured_media":417,"comment_status":"open","ping_status":"open","template":"","meta":{"site-sidebar-layout":"default","site-content-layout":"","ast-site-content-layout":"default","site-content-style":"default","site-sidebar-style":"default","ast-global-header-display":"","ast-banner-title-visibility":"","ast-main-header-display":"","ast-hfb-above-header-display":"","ast-hfb-below-header-display":"","ast-hfb-mobile-header-display":"","site-post-title":"","ast-breadcrumbs-content":"","ast-featured-img":"","footer-sml-layout":"","ast-disable-related-posts":"","theme-transparent-header-meta":"","adv-header-id-meta":"","stick-header-meta":"","header-above-stick-meta":"","header-main-stick-meta":"","header-below-stick-meta":"","astra-migrate-meta-layouts":"default","ast-page-background-enabled":"default","ast-page-background-meta":{"desktop":{"background-color":"","background-image":"","background-repeat":"repeat","background-position":"center center","background-size":"auto","background-attachment":"scroll","background-type":"","background-media":"","overlay-type":"","overlay-color":"","overlay-opacity":"","overlay-gradient":""},"tablet":{"background-color":"","background-image":"","background-repeat":"repeat","background-position":"center center","background-size":"auto","background-attachment":"scroll","background-type":"","background-media":"","overlay-type":"","overlay-color":"","overlay-opacity":"","overlay-gradient":""},"mobile":{"background-color":"","background-image":"","background-repeat":"repeat","background-position":"center center","background-size":"auto","background-attachment":"scroll","background-type":"","background-media":"","overlay-type":"","overlay-color":"","overlay-opacity":"","overlay-gradient":""}},"ast-content-background-meta":{"desktop":{"background-color":"var(--ast-global-color-5)","background-image":"","background-repeat":"repeat","background-position":"center center","background-size":"auto","background-attachment":"scroll","background-type":"","background-media":"","overlay-type":"","overlay-color":"","overlay-opacity":"","overlay-gradient":""},"tablet":{"background-color":"var(--ast-global-color-5)","background-image":"","background-repeat":"repeat","background-position":"center center","background-size":"auto","background-attachment":"scroll","background-type":"","background-media":"","overlay-type":"","overlay-color":"","overlay-opacity":"","overlay-gradient":""},"mobile":{"background-color":"var(--ast-global-color-5)","background-image":"","background-repeat":"repeat","background-position":"center center","background-size":"auto","background-attachment":"scroll","background-type":"","background-media":"","overlay-type":"","overlay-color":"","overlay-opacity":"","overlay-gradient":""}}},"product_brand":[],"product_cat":[18,187,184],"product_tag":[],"class_list":{"0":"post-7367","1":"product","2":"type-product","3":"status-publish","4":"has-post-thumbnail","6":"product_cat-prirodna-lekaren","7":"product_cat-tradicna-ruska-medicina","8":"product_cat-zdrave-oleje","9":"pa_cena-dopravy-367","10":"pa_doprava-zasilkovna","11":"pa_ean-421","12":"pa_typ-partnersky-predaj","13":"pa_znacka-specialist","14":"desktop-align-left","15":"tablet-align-left","16":"mobile-align-left","18":"first","19":"instock","20":"product-type-external"},"yoast_head":"<!-- This site is optimized with the Yoast SEO plugin v27.2 - https:\/\/yoast.com\/product\/yoast-seo-wordpress\/ -->\n<title>100% olej z pestreca mari\u00e1nskeho, za studena lisovan\u00fd, panensk\u00fd - Specialist Objem: 100 ml - EKO-BIO-NATURA BIO OBCHOD<\/title>\n<meta name=\"robots\" content=\"index, follow, max-snippet:-1, max-image-preview:large, max-video-preview:-1\" \/>\n<link rel=\"canonical\" href=\"https:\/\/www.eko-bio-natura.sk\/shop\/produkt\/100-olej-z-pestreca-marianskeho-za-studena-lisovany-panensky-specialist-objem-100-ml\/\" \/>\n<meta property=\"og:locale\" content=\"sk_SK\" \/>\n<meta property=\"og:type\" content=\"article\" \/>\n<meta property=\"og:title\" content=\"100% olej z pestreca mari\u00e1nskeho, za studena lisovan\u00fd, panensk\u00fd - Specialist Objem: 100 ml - EKO-BIO-NATURA BIO OBCHOD\" \/>\n<meta property=\"og:description\" content=\"Hlavnou lie\u010divou zlo\u017ekou tohto oleja je komplex \u00fa\u010dinn\u00fdch l\u00e1tok pod n\u00e1zvom silymar\u00edn, \u010do sp\u00f4sobuje, \u017ee rastlina, ako aj v\u00fd\u0165a\u017eky z&nbsp;nej maj\u00fa predov\u0161etk\u00fdm ochrann\u00fd a&nbsp;lie\u010div\u00fd vplyv na pe\u010de\u0148ov\u00e9 bunky. Viac sa o \u00fa\u010dinkoch dozviete na na\u0161om blogu. Sp\u00f4sob pou\u017eitia: 1 \u010dajov\u00e1 ly\u017ei\u010dka po jedle 2-3x za de\u0148, alebo ako pr\u00eddavok do \u0161al\u00e1tov alebo in\u00fdch tepelne neupravovan\u00fdch [&hellip;]\" \/>\n<meta property=\"og:url\" content=\"https:\/\/www.eko-bio-natura.sk\/shop\/produkt\/100-olej-z-pestreca-marianskeho-za-studena-lisovany-panensky-specialist-objem-100-ml\/\" \/>\n<meta property=\"og:site_name\" content=\"EKO-BIO-NATURA BIO OBCHOD\" \/>\n<meta property=\"article:modified_time\" content=\"2022-05-04T14:39:20+00:00\" \/>\n<meta property=\"og:image\" content=\"https:\/\/www.eko-bio-natura.sk\/shop\/wp-content\/uploads\/2021\/03\/4317-2_100-olej-z-pestreca-marianskeho-za-studena-lisovany-panensky-specialist-scaled.jpg\" \/>\n\t<meta property=\"og:image:width\" content=\"2560\" \/>\n\t<meta property=\"og:image:height\" content=\"1943\" \/>\n\t<meta property=\"og:image:type\" content=\"image\/jpeg\" \/>\n<meta name=\"twitter:card\" content=\"summary_large_image\" \/>\n<meta name=\"twitter:label1\" content=\"Predpokladan\u00fd \u010das \u010d\u00edtania\" \/>\n\t<meta name=\"twitter:data1\" content=\"1 min\u00fata\" \/>\n<script type=\"application\/ld+json\" class=\"yoast-schema-graph\">{\"@context\":\"https:\/\/schema.org\",\"@graph\":[{\"@type\":\"WebPage\",\"@id\":\"https:\/\/www.eko-bio-natura.sk\/shop\/produkt\/100-olej-z-pestreca-marianskeho-za-studena-lisovany-panensky-specialist-objem-100-ml\/\",\"url\":\"https:\/\/www.eko-bio-natura.sk\/shop\/produkt\/100-olej-z-pestreca-marianskeho-za-studena-lisovany-panensky-specialist-objem-100-ml\/\",\"name\":\"100% olej z pestreca mari\u00e1nskeho, za studena lisovan\u00fd, panensk\u00fd - Specialist Objem: 100 ml - EKO-BIO-NATURA BIO OBCHOD\",\"isPartOf\":{\"@id\":\"https:\/\/www.eko-bio-natura.sk\/shop\/#website\"},\"primaryImageOfPage\":{\"@id\":\"https:\/\/www.eko-bio-natura.sk\/shop\/produkt\/100-olej-z-pestreca-marianskeho-za-studena-lisovany-panensky-specialist-objem-100-ml\/#primaryimage\"},\"image\":{\"@id\":\"https:\/\/www.eko-bio-natura.sk\/shop\/produkt\/100-olej-z-pestreca-marianskeho-za-studena-lisovany-panensky-specialist-objem-100-ml\/#primaryimage\"},\"thumbnailUrl\":\"https:\/\/www.eko-bio-natura.sk\/shop\/wp-content\/uploads\/2021\/03\/4317-2_100-olej-z-pestreca-marianskeho-za-studena-lisovany-panensky-specialist-scaled.jpg\",\"datePublished\":\"2021-12-28T17:04:35+00:00\",\"dateModified\":\"2022-05-04T14:39:20+00:00\",\"breadcrumb\":{\"@id\":\"https:\/\/www.eko-bio-natura.sk\/shop\/produkt\/100-olej-z-pestreca-marianskeho-za-studena-lisovany-panensky-specialist-objem-100-ml\/#breadcrumb\"},\"inLanguage\":\"sk-SK\",\"potentialAction\":[{\"@type\":\"ReadAction\",\"target\":[\"https:\/\/www.eko-bio-natura.sk\/shop\/produkt\/100-olej-z-pestreca-marianskeho-za-studena-lisovany-panensky-specialist-objem-100-ml\/\"]}]},{\"@type\":\"ImageObject\",\"inLanguage\":\"sk-SK\",\"@id\":\"https:\/\/www.eko-bio-natura.sk\/shop\/produkt\/100-olej-z-pestreca-marianskeho-za-studena-lisovany-panensky-specialist-objem-100-ml\/#primaryimage\",\"url\":\"https:\/\/www.eko-bio-natura.sk\/shop\/wp-content\/uploads\/2021\/03\/4317-2_100-olej-z-pestreca-marianskeho-za-studena-lisovany-panensky-specialist-scaled.jpg\",\"contentUrl\":\"https:\/\/www.eko-bio-natura.sk\/shop\/wp-content\/uploads\/2021\/03\/4317-2_100-olej-z-pestreca-marianskeho-za-studena-lisovany-panensky-specialist-scaled.jpg\",\"width\":2560,\"height\":1943},{\"@type\":\"BreadcrumbList\",\"@id\":\"https:\/\/www.eko-bio-natura.sk\/shop\/produkt\/100-olej-z-pestreca-marianskeho-za-studena-lisovany-panensky-specialist-objem-100-ml\/#breadcrumb\",\"itemListElement\":[{\"@type\":\"ListItem\",\"position\":1,\"name\":\"Domovsk\u00e1 str\u00e1nka\",\"item\":\"https:\/\/www.eko-bio-natura.sk\/shop\/\"},{\"@type\":\"ListItem\",\"position\":2,\"name\":\"Obchod\",\"item\":\"https:\/\/www.eko-bio-natura.sk\/shop\/?page_id=6\"},{\"@type\":\"ListItem\",\"position\":3,\"name\":\"100% olej z pestreca mari\u00e1nskeho, za studena lisovan\u00fd, panensk\u00fd &#8211; Specialist Objem: 100 ml\"}]},{\"@type\":\"WebSite\",\"@id\":\"https:\/\/www.eko-bio-natura.sk\/shop\/#website\",\"url\":\"https:\/\/www.eko-bio-natura.sk\/shop\/\",\"name\":\"EKO-BIO-NATURA BIO OBCHOD\",\"description\":\"\",\"publisher\":{\"@id\":\"https:\/\/www.eko-bio-natura.sk\/shop\/#organization\"},\"potentialAction\":[{\"@type\":\"SearchAction\",\"target\":{\"@type\":\"EntryPoint\",\"urlTemplate\":\"https:\/\/www.eko-bio-natura.sk\/shop\/?s={search_term_string}\"},\"query-input\":{\"@type\":\"PropertyValueSpecification\",\"valueRequired\":true,\"valueName\":\"search_term_string\"}}],\"inLanguage\":\"sk-SK\"},{\"@type\":\"Organization\",\"@id\":\"https:\/\/www.eko-bio-natura.sk\/shop\/#organization\",\"name\":\"EKO-BIO-NATURA BIO OBCHOD\",\"url\":\"https:\/\/www.eko-bio-natura.sk\/shop\/\",\"logo\":{\"@type\":\"ImageObject\",\"inLanguage\":\"sk-SK\",\"@id\":\"https:\/\/www.eko-bio-natura.sk\/shop\/#\/schema\/logo\/image\/\",\"url\":\"https:\/\/www.eko-bio-natura.sk\/shop\/wp-content\/uploads\/2021\/04\/eko-bio-natura_logo.png\",\"contentUrl\":\"https:\/\/www.eko-bio-natura.sk\/shop\/wp-content\/uploads\/2021\/04\/eko-bio-natura_logo.png\",\"width\":552,\"height\":194,\"caption\":\"EKO-BIO-NATURA BIO OBCHOD\"},\"image\":{\"@id\":\"https:\/\/www.eko-bio-natura.sk\/shop\/#\/schema\/logo\/image\/\"}}]}<\/script>\n<!-- \/ Yoast SEO plugin. -->","yoast_head_json":{"title":"100% olej z pestreca mari\u00e1nskeho, za studena lisovan\u00fd, panensk\u00fd - Specialist Objem: 100 ml - EKO-BIO-NATURA BIO OBCHOD","robots":{"index":"index","follow":"follow","max-snippet":"max-snippet:-1","max-image-preview":"max-image-preview:large","max-video-preview":"max-video-preview:-1"},"canonical":"https:\/\/www.eko-bio-natura.sk\/shop\/produkt\/100-olej-z-pestreca-marianskeho-za-studena-lisovany-panensky-specialist-objem-100-ml\/","og_locale":"sk_SK","og_type":"article","og_title":"100% olej z pestreca mari\u00e1nskeho, za studena lisovan\u00fd, panensk\u00fd - Specialist Objem: 100 ml - EKO-BIO-NATURA BIO OBCHOD","og_description":"Hlavnou lie\u010divou zlo\u017ekou tohto oleja je komplex \u00fa\u010dinn\u00fdch l\u00e1tok pod n\u00e1zvom silymar\u00edn, \u010do sp\u00f4sobuje, \u017ee rastlina, ako aj v\u00fd\u0165a\u017eky z&nbsp;nej maj\u00fa predov\u0161etk\u00fdm ochrann\u00fd a&nbsp;lie\u010div\u00fd vplyv na pe\u010de\u0148ov\u00e9 bunky. Viac sa o \u00fa\u010dinkoch dozviete na na\u0161om blogu. Sp\u00f4sob pou\u017eitia: 1 \u010dajov\u00e1 ly\u017ei\u010dka po jedle 2-3x za de\u0148, alebo ako pr\u00eddavok do \u0161al\u00e1tov alebo in\u00fdch tepelne neupravovan\u00fdch [&hellip;]","og_url":"https:\/\/www.eko-bio-natura.sk\/shop\/produkt\/100-olej-z-pestreca-marianskeho-za-studena-lisovany-panensky-specialist-objem-100-ml\/","og_site_name":"EKO-BIO-NATURA BIO OBCHOD","article_modified_time":"2022-05-04T14:39:20+00:00","og_image":[{"width":2560,"height":1943,"url":"https:\/\/www.eko-bio-natura.sk\/shop\/wp-content\/uploads\/2021\/03\/4317-2_100-olej-z-pestreca-marianskeho-za-studena-lisovany-panensky-specialist-scaled.jpg","type":"image\/jpeg"}],"twitter_card":"summary_large_image","twitter_misc":{"Predpokladan\u00fd \u010das \u010d\u00edtania":"1 min\u00fata"},"schema":{"@context":"https:\/\/schema.org","@graph":[{"@type":"WebPage","@id":"https:\/\/www.eko-bio-natura.sk\/shop\/produkt\/100-olej-z-pestreca-marianskeho-za-studena-lisovany-panensky-specialist-objem-100-ml\/","url":"https:\/\/www.eko-bio-natura.sk\/shop\/produkt\/100-olej-z-pestreca-marianskeho-za-studena-lisovany-panensky-specialist-objem-100-ml\/","name":"100% olej z pestreca mari\u00e1nskeho, za studena lisovan\u00fd, panensk\u00fd - Specialist Objem: 100 ml - EKO-BIO-NATURA BIO OBCHOD","isPartOf":{"@id":"https:\/\/www.eko-bio-natura.sk\/shop\/#website"},"primaryImageOfPage":{"@id":"https:\/\/www.eko-bio-natura.sk\/shop\/produkt\/100-olej-z-pestreca-marianskeho-za-studena-lisovany-panensky-specialist-objem-100-ml\/#primaryimage"},"image":{"@id":"https:\/\/www.eko-bio-natura.sk\/shop\/produkt\/100-olej-z-pestreca-marianskeho-za-studena-lisovany-panensky-specialist-objem-100-ml\/#primaryimage"},"thumbnailUrl":"https:\/\/www.eko-bio-natura.sk\/shop\/wp-content\/uploads\/2021\/03\/4317-2_100-olej-z-pestreca-marianskeho-za-studena-lisovany-panensky-specialist-scaled.jpg","datePublished":"2021-12-28T17:04:35+00:00","dateModified":"2022-05-04T14:39:20+00:00","breadcrumb":{"@id":"https:\/\/www.eko-bio-natura.sk\/shop\/produkt\/100-olej-z-pestreca-marianskeho-za-studena-lisovany-panensky-specialist-objem-100-ml\/#breadcrumb"},"inLanguage":"sk-SK","potentialAction":[{"@type":"ReadAction","target":["https:\/\/www.eko-bio-natura.sk\/shop\/produkt\/100-olej-z-pestreca-marianskeho-za-studena-lisovany-panensky-specialist-objem-100-ml\/"]}]},{"@type":"ImageObject","inLanguage":"sk-SK","@id":"https:\/\/www.eko-bio-natura.sk\/shop\/produkt\/100-olej-z-pestreca-marianskeho-za-studena-lisovany-panensky-specialist-objem-100-ml\/#primaryimage","url":"https:\/\/www.eko-bio-natura.sk\/shop\/wp-content\/uploads\/2021\/03\/4317-2_100-olej-z-pestreca-marianskeho-za-studena-lisovany-panensky-specialist-scaled.jpg","contentUrl":"https:\/\/www.eko-bio-natura.sk\/shop\/wp-content\/uploads\/2021\/03\/4317-2_100-olej-z-pestreca-marianskeho-za-studena-lisovany-panensky-specialist-scaled.jpg","width":2560,"height":1943},{"@type":"BreadcrumbList","@id":"https:\/\/www.eko-bio-natura.sk\/shop\/produkt\/100-olej-z-pestreca-marianskeho-za-studena-lisovany-panensky-specialist-objem-100-ml\/#breadcrumb","itemListElement":[{"@type":"ListItem","position":1,"name":"Domovsk\u00e1 str\u00e1nka","item":"https:\/\/www.eko-bio-natura.sk\/shop\/"},{"@type":"ListItem","position":2,"name":"Obchod","item":"https:\/\/www.eko-bio-natura.sk\/shop\/?page_id=6"},{"@type":"ListItem","position":3,"name":"100% olej z pestreca mari\u00e1nskeho, za studena lisovan\u00fd, panensk\u00fd &#8211; Specialist Objem: 100 ml"}]},{"@type":"WebSite","@id":"https:\/\/www.eko-bio-natura.sk\/shop\/#website","url":"https:\/\/www.eko-bio-natura.sk\/shop\/","name":"EKO-BIO-NATURA BIO OBCHOD","description":"","publisher":{"@id":"https:\/\/www.eko-bio-natura.sk\/shop\/#organization"},"potentialAction":[{"@type":"SearchAction","target":{"@type":"EntryPoint","urlTemplate":"https:\/\/www.eko-bio-natura.sk\/shop\/?s={search_term_string}"},"query-input":{"@type":"PropertyValueSpecification","valueRequired":true,"valueName":"search_term_string"}}],"inLanguage":"sk-SK"},{"@type":"Organization","@id":"https:\/\/www.eko-bio-natura.sk\/shop\/#organization","name":"EKO-BIO-NATURA BIO OBCHOD","url":"https:\/\/www.eko-bio-natura.sk\/shop\/","logo":{"@type":"ImageObject","inLanguage":"sk-SK","@id":"https:\/\/www.eko-bio-natura.sk\/shop\/#\/schema\/logo\/image\/","url":"https:\/\/www.eko-bio-natura.sk\/shop\/wp-content\/uploads\/2021\/04\/eko-bio-natura_logo.png","contentUrl":"https:\/\/www.eko-bio-natura.sk\/shop\/wp-content\/uploads\/2021\/04\/eko-bio-natura_logo.png","width":552,"height":194,"caption":"EKO-BIO-NATURA BIO OBCHOD"},"image":{"@id":"https:\/\/www.eko-bio-natura.sk\/shop\/#\/schema\/logo\/image\/"}}]}},"_links":{"self":[{"href":"https:\/\/www.eko-bio-natura.sk\/shop\/wp-json\/wp\/v2\/product\/7367","targetHints":{"allow":["GET"]}}],"collection":[{"href":"https:\/\/www.eko-bio-natura.sk\/shop\/wp-json\/wp\/v2\/product"}],"about":[{"href":"https:\/\/www.eko-bio-natura.sk\/shop\/wp-json\/wp\/v2\/types\/product"}],"replies":[{"embeddable":true,"href":"https:\/\/www.eko-bio-natura.sk\/shop\/wp-json\/wp\/v2\/comments?post=7367"}],"wp:featuredmedia":[{"embeddable":true,"href":"https:\/\/www.eko-bio-natura.sk\/shop\/wp-json\/wp\/v2\/media\/417"}],"wp:attachment":[{"href":"https:\/\/www.eko-bio-natura.sk\/shop\/wp-json\/wp\/v2\/media?parent=7367"}],"wp:term":[{"taxonomy":"product_brand","embeddable":true,"href":"https:\/\/www.eko-bio-natura.sk\/shop\/wp-json\/wp\/v2\/product_brand?post=7367"},{"taxonomy":"product_cat","embeddable":true,"href":"https:\/\/www.eko-bio-natura.sk\/shop\/wp-json\/wp\/v2\/product_cat?post=7367"},{"taxonomy":"product_tag","embeddable":true,"href":"https:\/\/www.eko-bio-natura.sk\/shop\/wp-json\/wp\/v2\/product_tag?post=7367"}],"curies":[{"name":"wp","href":"https:\/\/api.w.org\/{rel}","templated":true}]}}