{"id":7363,"date":"2021-12-28T18:04:00","date_gmt":"2021-12-28T17:04:00","guid":{"rendered":"https:\/\/www.eko-bio-natura.sk\/shop\/index.php\/produkt\/100-lanovy-olej-za-studena-lisovany-panensky-specialist-objem-100-ml\/"},"modified":"2025-05-28T22:44:23","modified_gmt":"2025-05-28T20:44:23","slug":"100-lanovy-olej-za-studena-lisovany-panensky-specialist-objem-100-ml","status":"publish","type":"product","link":"https:\/\/www.eko-bio-natura.sk\/shop\/produkt\/100-lanovy-olej-za-studena-lisovany-panensky-specialist-objem-100-ml\/","title":{"rendered":"100% \u013eanov\u00fd olej, za studena lisovan\u00fd, panensk\u00fd &#8211; Specialist Objem: 100 ml"},"content":{"rendered":"<p><span style=\"font-family: verdana, geneva; font-size: 12pt;\">Je zdrojom jednor\u00e1zovo, aj viacn\u00e1sobne nas\u00fdten\u00fdch mastn\u00fdch kysel\u00edn (omega 3,6 mastn\u00e9 kyseliny) a je bohat\u00fdm zdrojom vitam\u00ednov B1, B2, B3, B5, B6, E. \u010ealej obsahuje: s\u00edru, kobalt ,nikel, j\u00f3d, me\u010f, drasl\u00edk, zinok.<strong>Prispieva k spr\u00e1vnemu fungovaniu tr\u00e1viaceho traktu.<\/strong><\/span><\/p>\n<p><span style=\"font-size: 12pt; font-family: verdana, geneva;\"><strong>Sp\u00f4sob pou\u017eitia<\/strong>: 1 \u010dajov\u00e1 ly\u017ei\u010dka 2-3x denne do tepelne neupravovan\u00fdch pokrmov alebo na priamu konzum\u00e1ciu.<\/span><\/p>\n<p><span style=\"font-size: 12pt; font-family: verdana, geneva;\"><strong>Upozornenie<\/strong>: nie je zn\u00e1ma \u017eiadna alergia na dan\u00fd v\u00fdrobok.<\/span><\/p>\n<p><span style=\"font-size: 12pt; font-family: verdana, geneva;\"><strong>Podmienky skladovania<\/strong>: po otvoren\u00ed skladova\u0165 v chlade na tmavom mieste.<\/span><\/p>\n<p><span style=\"font-size: 12pt; font-family: verdana, geneva;\"><strong>Zlo\u017eenie<\/strong>: 100% za studena lisovan\u00fd olej z \u013eanov\u00fdch semien.<\/span><\/p>\n<p><span style=\"font-size: 12pt; font-family: verdana, geneva;\"><strong>Obsah<\/strong>:100 ml<\/span><\/p>\n<p><span style=\"font-size: 12pt; font-family: verdana, geneva;\"><strong>Krajina p\u00f4vodu<\/strong>: Rusko<\/span><\/p>\n<p>&nbsp;<\/p>\n<p><span style=\"font-size: 12pt; font-family: verdana, geneva;\">Tento olej m\u00e1 naozaj \u0161pecifick\u00fa chu\u0165 a nemus\u00ed chuti\u0165 ka\u017ed\u00e9mu.&nbsp;<\/span><\/p>\n","protected":false},"excerpt":{"rendered":"<p>Je zdrojom jednor\u00e1zovo, aj viacn\u00e1sobne nas\u00fdten\u00fdch mastn\u00fdch kysel\u00edn (omega 3,6 mastn\u00e9 kyseliny) a je bohat\u00fdm zdrojom vitam\u00ednov B1, B2, B3, B5, B6, E. \u010ealej obsahuje: s\u00edru, kobalt ,nikel, j\u00f3d, me\u010f, drasl\u00edk, zinok.Prispieva k spr\u00e1vnemu fungovaniu tr\u00e1viaceho traktu. Sp\u00f4sob pou\u017eitia: 1 \u010dajov\u00e1 ly\u017ei\u010dka 2-3x denne do tepelne neupravovan\u00fdch pokrmov alebo na priamu konzum\u00e1ciu. Upozornenie: nie je [&hellip;]<\/p>\n","protected":false},"featured_media":421,"comment_status":"open","ping_status":"open","template":"","meta":{"site-sidebar-layout":"default","site-content-layout":"","ast-site-content-layout":"default","site-content-style":"default","site-sidebar-style":"default","ast-global-header-display":"","ast-banner-title-visibility":"","ast-main-header-display":"","ast-hfb-above-header-display":"","ast-hfb-below-header-display":"","ast-hfb-mobile-header-display":"","site-post-title":"","ast-breadcrumbs-content":"","ast-featured-img":"","footer-sml-layout":"","ast-disable-related-posts":"","theme-transparent-header-meta":"","adv-header-id-meta":"","stick-header-meta":"","header-above-stick-meta":"","header-main-stick-meta":"","header-below-stick-meta":"","astra-migrate-meta-layouts":"default","ast-page-background-enabled":"default","ast-page-background-meta":{"desktop":{"background-color":"","background-image":"","background-repeat":"repeat","background-position":"center center","background-size":"auto","background-attachment":"scroll","background-type":"","background-media":"","overlay-type":"","overlay-color":"","overlay-opacity":"","overlay-gradient":""},"tablet":{"background-color":"","background-image":"","background-repeat":"repeat","background-position":"center center","background-size":"auto","background-attachment":"scroll","background-type":"","background-media":"","overlay-type":"","overlay-color":"","overlay-opacity":"","overlay-gradient":""},"mobile":{"background-color":"","background-image":"","background-repeat":"repeat","background-position":"center center","background-size":"auto","background-attachment":"scroll","background-type":"","background-media":"","overlay-type":"","overlay-color":"","overlay-opacity":"","overlay-gradient":""}},"ast-content-background-meta":{"desktop":{"background-color":"var(--ast-global-color-5)","background-image":"","background-repeat":"repeat","background-position":"center center","background-size":"auto","background-attachment":"scroll","background-type":"","background-media":"","overlay-type":"","overlay-color":"","overlay-opacity":"","overlay-gradient":""},"tablet":{"background-color":"var(--ast-global-color-5)","background-image":"","background-repeat":"repeat","background-position":"center center","background-size":"auto","background-attachment":"scroll","background-type":"","background-media":"","overlay-type":"","overlay-color":"","overlay-opacity":"","overlay-gradient":""},"mobile":{"background-color":"var(--ast-global-color-5)","background-image":"","background-repeat":"repeat","background-position":"center center","background-size":"auto","background-attachment":"scroll","background-type":"","background-media":"","overlay-type":"","overlay-color":"","overlay-opacity":"","overlay-gradient":""}}},"product_brand":[],"product_cat":[18,187,184],"product_tag":[],"class_list":{"0":"post-7363","1":"product","2":"type-product","3":"status-publish","4":"has-post-thumbnail","6":"product_cat-prirodna-lekaren","7":"product_cat-tradicna-ruska-medicina","8":"product_cat-zdrave-oleje","9":"pa_cena-dopravy-367","10":"pa_doprava-zasilkovna","11":"pa_ean-419","12":"pa_typ-partnersky-predaj","13":"pa_znacka-specialist","14":"desktop-align-left","15":"tablet-align-left","16":"mobile-align-left","18":"first","19":"instock","20":"product-type-external"},"yoast_head":"<!-- This site is optimized with the Yoast SEO plugin v27.2 - https:\/\/yoast.com\/product\/yoast-seo-wordpress\/ -->\n<title>100% \u013eanov\u00fd olej, za studena lisovan\u00fd, panensk\u00fd - Specialist Objem: 100 ml - EKO-BIO-NATURA BIO OBCHOD<\/title>\n<meta name=\"robots\" content=\"index, follow, max-snippet:-1, max-image-preview:large, max-video-preview:-1\" \/>\n<link rel=\"canonical\" href=\"https:\/\/www.eko-bio-natura.sk\/shop\/produkt\/100-lanovy-olej-za-studena-lisovany-panensky-specialist-objem-100-ml\/\" \/>\n<meta property=\"og:locale\" content=\"sk_SK\" \/>\n<meta property=\"og:type\" content=\"article\" \/>\n<meta property=\"og:title\" content=\"100% \u013eanov\u00fd olej, za studena lisovan\u00fd, panensk\u00fd - Specialist Objem: 100 ml - EKO-BIO-NATURA BIO OBCHOD\" \/>\n<meta property=\"og:description\" content=\"Je zdrojom jednor\u00e1zovo, aj viacn\u00e1sobne nas\u00fdten\u00fdch mastn\u00fdch kysel\u00edn (omega 3,6 mastn\u00e9 kyseliny) a je bohat\u00fdm zdrojom vitam\u00ednov B1, B2, B3, B5, B6, E. \u010ealej obsahuje: s\u00edru, kobalt ,nikel, j\u00f3d, me\u010f, drasl\u00edk, zinok.Prispieva k spr\u00e1vnemu fungovaniu tr\u00e1viaceho traktu. Sp\u00f4sob pou\u017eitia: 1 \u010dajov\u00e1 ly\u017ei\u010dka 2-3x denne do tepelne neupravovan\u00fdch pokrmov alebo na priamu konzum\u00e1ciu. Upozornenie: nie je [&hellip;]\" \/>\n<meta property=\"og:url\" content=\"https:\/\/www.eko-bio-natura.sk\/shop\/produkt\/100-lanovy-olej-za-studena-lisovany-panensky-specialist-objem-100-ml\/\" \/>\n<meta property=\"og:site_name\" content=\"EKO-BIO-NATURA BIO OBCHOD\" \/>\n<meta property=\"article:modified_time\" content=\"2025-05-28T20:44:23+00:00\" \/>\n<meta property=\"og:image\" content=\"https:\/\/www.eko-bio-natura.sk\/shop\/wp-content\/uploads\/2021\/03\/4314-2_100-lanovy-olej-za-studena-lisovany-panensky-specialist-scaled.jpg\" \/>\n\t<meta property=\"og:image:width\" content=\"2560\" \/>\n\t<meta property=\"og:image:height\" content=\"1923\" \/>\n\t<meta property=\"og:image:type\" content=\"image\/jpeg\" \/>\n<meta name=\"twitter:card\" content=\"summary_large_image\" \/>\n<meta name=\"twitter:label1\" content=\"Predpokladan\u00fd \u010das \u010d\u00edtania\" \/>\n\t<meta name=\"twitter:data1\" content=\"1 min\u00fata\" \/>\n<script type=\"application\/ld+json\" class=\"yoast-schema-graph\">{\"@context\":\"https:\/\/schema.org\",\"@graph\":[{\"@type\":\"WebPage\",\"@id\":\"https:\/\/www.eko-bio-natura.sk\/shop\/produkt\/100-lanovy-olej-za-studena-lisovany-panensky-specialist-objem-100-ml\/\",\"url\":\"https:\/\/www.eko-bio-natura.sk\/shop\/produkt\/100-lanovy-olej-za-studena-lisovany-panensky-specialist-objem-100-ml\/\",\"name\":\"100% \u013eanov\u00fd olej, za studena lisovan\u00fd, panensk\u00fd - Specialist Objem: 100 ml - EKO-BIO-NATURA BIO OBCHOD\",\"isPartOf\":{\"@id\":\"https:\/\/www.eko-bio-natura.sk\/shop\/#website\"},\"primaryImageOfPage\":{\"@id\":\"https:\/\/www.eko-bio-natura.sk\/shop\/produkt\/100-lanovy-olej-za-studena-lisovany-panensky-specialist-objem-100-ml\/#primaryimage\"},\"image\":{\"@id\":\"https:\/\/www.eko-bio-natura.sk\/shop\/produkt\/100-lanovy-olej-za-studena-lisovany-panensky-specialist-objem-100-ml\/#primaryimage\"},\"thumbnailUrl\":\"https:\/\/www.eko-bio-natura.sk\/shop\/wp-content\/uploads\/2021\/03\/4314-2_100-lanovy-olej-za-studena-lisovany-panensky-specialist-scaled.jpg\",\"datePublished\":\"2021-12-28T17:04:00+00:00\",\"dateModified\":\"2025-05-28T20:44:23+00:00\",\"breadcrumb\":{\"@id\":\"https:\/\/www.eko-bio-natura.sk\/shop\/produkt\/100-lanovy-olej-za-studena-lisovany-panensky-specialist-objem-100-ml\/#breadcrumb\"},\"inLanguage\":\"sk-SK\",\"potentialAction\":[{\"@type\":\"ReadAction\",\"target\":[\"https:\/\/www.eko-bio-natura.sk\/shop\/produkt\/100-lanovy-olej-za-studena-lisovany-panensky-specialist-objem-100-ml\/\"]}]},{\"@type\":\"ImageObject\",\"inLanguage\":\"sk-SK\",\"@id\":\"https:\/\/www.eko-bio-natura.sk\/shop\/produkt\/100-lanovy-olej-za-studena-lisovany-panensky-specialist-objem-100-ml\/#primaryimage\",\"url\":\"https:\/\/www.eko-bio-natura.sk\/shop\/wp-content\/uploads\/2021\/03\/4314-2_100-lanovy-olej-za-studena-lisovany-panensky-specialist-scaled.jpg\",\"contentUrl\":\"https:\/\/www.eko-bio-natura.sk\/shop\/wp-content\/uploads\/2021\/03\/4314-2_100-lanovy-olej-za-studena-lisovany-panensky-specialist-scaled.jpg\",\"width\":2560,\"height\":1923},{\"@type\":\"BreadcrumbList\",\"@id\":\"https:\/\/www.eko-bio-natura.sk\/shop\/produkt\/100-lanovy-olej-za-studena-lisovany-panensky-specialist-objem-100-ml\/#breadcrumb\",\"itemListElement\":[{\"@type\":\"ListItem\",\"position\":1,\"name\":\"Domovsk\u00e1 str\u00e1nka\",\"item\":\"https:\/\/www.eko-bio-natura.sk\/shop\/\"},{\"@type\":\"ListItem\",\"position\":2,\"name\":\"Obchod\",\"item\":\"https:\/\/www.eko-bio-natura.sk\/shop\/?page_id=6\"},{\"@type\":\"ListItem\",\"position\":3,\"name\":\"100% \u013eanov\u00fd olej, za studena lisovan\u00fd, panensk\u00fd &#8211; Specialist Objem: 100 ml\"}]},{\"@type\":\"WebSite\",\"@id\":\"https:\/\/www.eko-bio-natura.sk\/shop\/#website\",\"url\":\"https:\/\/www.eko-bio-natura.sk\/shop\/\",\"name\":\"EKO-BIO-NATURA BIO OBCHOD\",\"description\":\"\",\"publisher\":{\"@id\":\"https:\/\/www.eko-bio-natura.sk\/shop\/#organization\"},\"potentialAction\":[{\"@type\":\"SearchAction\",\"target\":{\"@type\":\"EntryPoint\",\"urlTemplate\":\"https:\/\/www.eko-bio-natura.sk\/shop\/?s={search_term_string}\"},\"query-input\":{\"@type\":\"PropertyValueSpecification\",\"valueRequired\":true,\"valueName\":\"search_term_string\"}}],\"inLanguage\":\"sk-SK\"},{\"@type\":\"Organization\",\"@id\":\"https:\/\/www.eko-bio-natura.sk\/shop\/#organization\",\"name\":\"EKO-BIO-NATURA BIO OBCHOD\",\"url\":\"https:\/\/www.eko-bio-natura.sk\/shop\/\",\"logo\":{\"@type\":\"ImageObject\",\"inLanguage\":\"sk-SK\",\"@id\":\"https:\/\/www.eko-bio-natura.sk\/shop\/#\/schema\/logo\/image\/\",\"url\":\"https:\/\/www.eko-bio-natura.sk\/shop\/wp-content\/uploads\/2021\/04\/eko-bio-natura_logo.png\",\"contentUrl\":\"https:\/\/www.eko-bio-natura.sk\/shop\/wp-content\/uploads\/2021\/04\/eko-bio-natura_logo.png\",\"width\":552,\"height\":194,\"caption\":\"EKO-BIO-NATURA BIO OBCHOD\"},\"image\":{\"@id\":\"https:\/\/www.eko-bio-natura.sk\/shop\/#\/schema\/logo\/image\/\"}}]}<\/script>\n<!-- \/ Yoast SEO plugin. -->","yoast_head_json":{"title":"100% \u013eanov\u00fd olej, za studena lisovan\u00fd, panensk\u00fd - Specialist Objem: 100 ml - EKO-BIO-NATURA BIO OBCHOD","robots":{"index":"index","follow":"follow","max-snippet":"max-snippet:-1","max-image-preview":"max-image-preview:large","max-video-preview":"max-video-preview:-1"},"canonical":"https:\/\/www.eko-bio-natura.sk\/shop\/produkt\/100-lanovy-olej-za-studena-lisovany-panensky-specialist-objem-100-ml\/","og_locale":"sk_SK","og_type":"article","og_title":"100% \u013eanov\u00fd olej, za studena lisovan\u00fd, panensk\u00fd - Specialist Objem: 100 ml - EKO-BIO-NATURA BIO OBCHOD","og_description":"Je zdrojom jednor\u00e1zovo, aj viacn\u00e1sobne nas\u00fdten\u00fdch mastn\u00fdch kysel\u00edn (omega 3,6 mastn\u00e9 kyseliny) a je bohat\u00fdm zdrojom vitam\u00ednov B1, B2, B3, B5, B6, E. \u010ealej obsahuje: s\u00edru, kobalt ,nikel, j\u00f3d, me\u010f, drasl\u00edk, zinok.Prispieva k spr\u00e1vnemu fungovaniu tr\u00e1viaceho traktu. Sp\u00f4sob pou\u017eitia: 1 \u010dajov\u00e1 ly\u017ei\u010dka 2-3x denne do tepelne neupravovan\u00fdch pokrmov alebo na priamu konzum\u00e1ciu. Upozornenie: nie je [&hellip;]","og_url":"https:\/\/www.eko-bio-natura.sk\/shop\/produkt\/100-lanovy-olej-za-studena-lisovany-panensky-specialist-objem-100-ml\/","og_site_name":"EKO-BIO-NATURA BIO OBCHOD","article_modified_time":"2025-05-28T20:44:23+00:00","og_image":[{"width":2560,"height":1923,"url":"https:\/\/www.eko-bio-natura.sk\/shop\/wp-content\/uploads\/2021\/03\/4314-2_100-lanovy-olej-za-studena-lisovany-panensky-specialist-scaled.jpg","type":"image\/jpeg"}],"twitter_card":"summary_large_image","twitter_misc":{"Predpokladan\u00fd \u010das \u010d\u00edtania":"1 min\u00fata"},"schema":{"@context":"https:\/\/schema.org","@graph":[{"@type":"WebPage","@id":"https:\/\/www.eko-bio-natura.sk\/shop\/produkt\/100-lanovy-olej-za-studena-lisovany-panensky-specialist-objem-100-ml\/","url":"https:\/\/www.eko-bio-natura.sk\/shop\/produkt\/100-lanovy-olej-za-studena-lisovany-panensky-specialist-objem-100-ml\/","name":"100% \u013eanov\u00fd olej, za studena lisovan\u00fd, panensk\u00fd - Specialist Objem: 100 ml - EKO-BIO-NATURA BIO OBCHOD","isPartOf":{"@id":"https:\/\/www.eko-bio-natura.sk\/shop\/#website"},"primaryImageOfPage":{"@id":"https:\/\/www.eko-bio-natura.sk\/shop\/produkt\/100-lanovy-olej-za-studena-lisovany-panensky-specialist-objem-100-ml\/#primaryimage"},"image":{"@id":"https:\/\/www.eko-bio-natura.sk\/shop\/produkt\/100-lanovy-olej-za-studena-lisovany-panensky-specialist-objem-100-ml\/#primaryimage"},"thumbnailUrl":"https:\/\/www.eko-bio-natura.sk\/shop\/wp-content\/uploads\/2021\/03\/4314-2_100-lanovy-olej-za-studena-lisovany-panensky-specialist-scaled.jpg","datePublished":"2021-12-28T17:04:00+00:00","dateModified":"2025-05-28T20:44:23+00:00","breadcrumb":{"@id":"https:\/\/www.eko-bio-natura.sk\/shop\/produkt\/100-lanovy-olej-za-studena-lisovany-panensky-specialist-objem-100-ml\/#breadcrumb"},"inLanguage":"sk-SK","potentialAction":[{"@type":"ReadAction","target":["https:\/\/www.eko-bio-natura.sk\/shop\/produkt\/100-lanovy-olej-za-studena-lisovany-panensky-specialist-objem-100-ml\/"]}]},{"@type":"ImageObject","inLanguage":"sk-SK","@id":"https:\/\/www.eko-bio-natura.sk\/shop\/produkt\/100-lanovy-olej-za-studena-lisovany-panensky-specialist-objem-100-ml\/#primaryimage","url":"https:\/\/www.eko-bio-natura.sk\/shop\/wp-content\/uploads\/2021\/03\/4314-2_100-lanovy-olej-za-studena-lisovany-panensky-specialist-scaled.jpg","contentUrl":"https:\/\/www.eko-bio-natura.sk\/shop\/wp-content\/uploads\/2021\/03\/4314-2_100-lanovy-olej-za-studena-lisovany-panensky-specialist-scaled.jpg","width":2560,"height":1923},{"@type":"BreadcrumbList","@id":"https:\/\/www.eko-bio-natura.sk\/shop\/produkt\/100-lanovy-olej-za-studena-lisovany-panensky-specialist-objem-100-ml\/#breadcrumb","itemListElement":[{"@type":"ListItem","position":1,"name":"Domovsk\u00e1 str\u00e1nka","item":"https:\/\/www.eko-bio-natura.sk\/shop\/"},{"@type":"ListItem","position":2,"name":"Obchod","item":"https:\/\/www.eko-bio-natura.sk\/shop\/?page_id=6"},{"@type":"ListItem","position":3,"name":"100% \u013eanov\u00fd olej, za studena lisovan\u00fd, panensk\u00fd &#8211; Specialist Objem: 100 ml"}]},{"@type":"WebSite","@id":"https:\/\/www.eko-bio-natura.sk\/shop\/#website","url":"https:\/\/www.eko-bio-natura.sk\/shop\/","name":"EKO-BIO-NATURA BIO OBCHOD","description":"","publisher":{"@id":"https:\/\/www.eko-bio-natura.sk\/shop\/#organization"},"potentialAction":[{"@type":"SearchAction","target":{"@type":"EntryPoint","urlTemplate":"https:\/\/www.eko-bio-natura.sk\/shop\/?s={search_term_string}"},"query-input":{"@type":"PropertyValueSpecification","valueRequired":true,"valueName":"search_term_string"}}],"inLanguage":"sk-SK"},{"@type":"Organization","@id":"https:\/\/www.eko-bio-natura.sk\/shop\/#organization","name":"EKO-BIO-NATURA BIO OBCHOD","url":"https:\/\/www.eko-bio-natura.sk\/shop\/","logo":{"@type":"ImageObject","inLanguage":"sk-SK","@id":"https:\/\/www.eko-bio-natura.sk\/shop\/#\/schema\/logo\/image\/","url":"https:\/\/www.eko-bio-natura.sk\/shop\/wp-content\/uploads\/2021\/04\/eko-bio-natura_logo.png","contentUrl":"https:\/\/www.eko-bio-natura.sk\/shop\/wp-content\/uploads\/2021\/04\/eko-bio-natura_logo.png","width":552,"height":194,"caption":"EKO-BIO-NATURA BIO OBCHOD"},"image":{"@id":"https:\/\/www.eko-bio-natura.sk\/shop\/#\/schema\/logo\/image\/"}}]}},"_links":{"self":[{"href":"https:\/\/www.eko-bio-natura.sk\/shop\/wp-json\/wp\/v2\/product\/7363","targetHints":{"allow":["GET"]}}],"collection":[{"href":"https:\/\/www.eko-bio-natura.sk\/shop\/wp-json\/wp\/v2\/product"}],"about":[{"href":"https:\/\/www.eko-bio-natura.sk\/shop\/wp-json\/wp\/v2\/types\/product"}],"replies":[{"embeddable":true,"href":"https:\/\/www.eko-bio-natura.sk\/shop\/wp-json\/wp\/v2\/comments?post=7363"}],"wp:featuredmedia":[{"embeddable":true,"href":"https:\/\/www.eko-bio-natura.sk\/shop\/wp-json\/wp\/v2\/media\/421"}],"wp:attachment":[{"href":"https:\/\/www.eko-bio-natura.sk\/shop\/wp-json\/wp\/v2\/media?parent=7363"}],"wp:term":[{"taxonomy":"product_brand","embeddable":true,"href":"https:\/\/www.eko-bio-natura.sk\/shop\/wp-json\/wp\/v2\/product_brand?post=7363"},{"taxonomy":"product_cat","embeddable":true,"href":"https:\/\/www.eko-bio-natura.sk\/shop\/wp-json\/wp\/v2\/product_cat?post=7363"},{"taxonomy":"product_tag","embeddable":true,"href":"https:\/\/www.eko-bio-natura.sk\/shop\/wp-json\/wp\/v2\/product_tag?post=7363"}],"curies":[{"name":"wp","href":"https:\/\/api.w.org\/{rel}","templated":true}]}}