{"id":7361,"date":"2021-12-28T18:04:00","date_gmt":"2021-12-28T17:04:00","guid":{"rendered":"https:\/\/www.eko-bio-natura.sk\/shop\/index.php\/produkt\/korolev-farm-tibetsky-balzam-valentina-dikula-100-ml\/"},"modified":"2022-05-04T16:39:20","modified_gmt":"2022-05-04T14:39:20","slug":"korolev-farm-tibetsky-balzam-valentina-dikula-100-ml","status":"publish","type":"product","link":"https:\/\/www.eko-bio-natura.sk\/shop\/produkt\/korolev-farm-tibetsky-balzam-valentina-dikula-100-ml\/","title":{"rendered":"Korolev Farm Tibetsk\u00fd balzam Valentina Dikula &#8211; 100 ml"},"content":{"rendered":"<p><span style=\"font-size: 12pt; font-family: verdana, geneva;\"><meta charset=\"UTF-8\" \/><strong><\/strong><\/span><\/p>\n<p><span style=\"font-family: verdana, geneva; font-size: 12pt;\">Jeho charakteristick\u00fdm znakom s\u00fa jeho prirodzen\u00e9 <strong>viaczlo\u017ekov\u00e9 formul\u00e1cie, vysok\u00e1 \u00fa\u010dinnos\u0165, komplexn\u00e9 p\u00f4sobenie, absencia negat\u00edvnych ved\u013eaj\u0161\u00edch \u00fa\u010dinkov.<\/strong>Tibetsk\u00fd g\u00e9lov\u00fd balzam akademika V.I. Dikula, vyvinut\u00fd na z\u00e1klade tradi\u010dn\u00fdch tibetsk\u00fdch receptov, je navrhnut\u00fd tak, aby zabr\u00e1nil ne\u017eiaducim zmen\u00e1m s\u00favisiacim s vekom. Poskytuje lok\u00e1lnu <strong>imunostimul\u00e1ciu a mierny prehrievac\u00ed \u00fa\u010dinok, zlep\u0161uje v\u00fd\u017eivu a krvn\u00fd obeh<\/strong>. Pom\u00e1ha kompenzova\u0165 vekov\u00fd nedostatok \u0161truktur\u00e1lnych prvkov pre obnovu, stimuluje procesy prirodzenej regener\u00e1cie a udr\u017eiava funk\u010dn\u00fd stav. M\u00e1 <strong>dlhotrvaj\u00faci \u00fa\u010dinok<\/strong>,<strong> nesp\u00f4sobuje negat\u00edvne ved\u013eaj\u0161ie \u00fa\u010dinky<\/strong>. Lie\u010div\u00e9 rastliny sa zbieraj\u00fa a sprac\u00favaj\u00fa v s\u00falade s met\u00f3dami a z\u00e1sadami tradi\u010dnej tibetskej medic\u00edny, ktor\u00e1 zoh\u013ead\u0148uje nielen obdobie maxim\u00e1lneho hromadenia lie\u010div\u00fdch l\u00e1tok a \u017eiv\u00edn v rastline, ale aj miesto rastu, de\u0148 lun\u00e1rneho mesiaca priazniv\u00fd pre zber, ako aj denn\u00fa dobu a po\u010dasie podmienky.<\/span><\/p>\n<p><span style=\"font-size: 12pt; font-family: verdana, geneva;\"><strong>Akt\u00edvne l\u00e1tky:<\/strong>&nbsp;\u017een\u0161en, v\u010del\u00ed jed, kapsaic\u00edn, z\u00e1zvor, aloe vera, echinacea, ginkgo biloba, mumio, kolag\u00e9n, glukosam\u00edn hydrochlorid, chondroit\u00edn sulf\u00e1t.<\/span><\/p>\n<p><span style=\"font-size: 12pt; font-family: verdana, geneva;\"><strong>Sp\u00f4sob pou\u017eitia:<\/strong>&nbsp;Naneste balzam na bolestiv\u00e9 miesto na \u010distej poko\u017eke a&nbsp;kr\u00fa\u017eiv\u00fdmi pohybmi mas\u00edrujte asi 3-5 min\u00fat, k\u00fdm sa balzam \u00faplne nevsaje. Opakujte 2-3 denne. Nechajte p\u00f4sobi\u0165 najlep\u0161ie v&nbsp;pokoji a&nbsp;teple. Doba u\u017e\u00edvania 4-5 t\u00fd\u017ed\u0148ov<\/span><\/p>\n<p><span style=\"font-size: 12pt; font-family: verdana, geneva;\"><strong>Ingredients:&nbsp;<\/strong><meta charset=\"UTF-8\" \/><strong>ngredients\/INCI:<\/strong><span> Aqua, Isopropyl Alcohol, Propylene Glycol, Carbomer, Glyceryl Stearate, Cateareth-20, Ceieareth-12, Cetearyl Alcohol, Cetyl Palmitate, PEG-40 Hydrogenated Castor Oif, Menthol, Leaf Aloe Barbadensis Glycol Extract, Astragalus Extract Membran&nbsp; Extr\u0430ct, Panax Ginseng Root Extract, Zingiber OfficinaLis (Ginger) Root Extract, Epilobium Angustifolium Herba Extract, Taraxacum Officinalis (Dandelion) Root Extract, Plantago Major Leaf Extract, Pinus Silvestris Gemma\u0435 Extract, Salvia Leaf Officinalis (Sage) Extract, Echinba Extract\u0430 Herba Extract\u0430&nbsp; , Biostimulating Complex Anti-inflammatory (Helianthus Annuus (Sunflower) Seed Oil, PEG-4\u041e \u041dydrogenated Castor Oil, Propylene Glycol, Propolis Extract, Chamomilla Recutita (Matricaria) Flower Extract, Tosopheryl Acetate, Allantoin, Bisabolol, Retinal Black, Ribes Nigrum (Currant Black)&nbsp; Seed Oil), Hippophae Rhamnoides Oil, Panthenol, Tocopheryl Acetate, Retiny!&nbsp; Palimitate.&nbsp; \u0421apsicum Frutescens Resin, Hydrolyzed Collagen, Glucosamine Hydrochloride, Chondroitin Sulphate, Shilajit (Mumijo), Bee Venom, Glycerin, Medicago Sativa (Alfalfa) Herba, Echina\u0441ea Purpurea Extract, Phenaxyethanol.<\/span><\/span><\/p>\n<p><span style=\"font-size: 12pt; font-family: verdana, geneva;\"><strong>Obsah:<\/strong>&nbsp;100ml<\/span><\/p>\n<p><span style=\"font-size: 12pt; font-family: verdana, geneva;\"><strong>Podmienky skladovania:<\/strong>&nbsp;Skladujte pri teplote 5 &#8211; 25\u00b0C<\/span><\/p>\n<p><span style=\"font-size: 12pt; font-family: verdana, geneva;\"><strong>Krajina p\u00f4vodu:<\/strong>&nbsp;Rusko<\/span><\/p>\n<p><span style=\"font-size: 12pt; font-family: verdana, geneva;\">&nbsp;<\/span><\/p>\n","protected":false},"excerpt":{"rendered":"<p>Jeho charakteristick\u00fdm znakom s\u00fa jeho prirodzen\u00e9 viaczlo\u017ekov\u00e9 formul\u00e1cie, vysok\u00e1 \u00fa\u010dinnos\u0165, komplexn\u00e9 p\u00f4sobenie, absencia negat\u00edvnych ved\u013eaj\u0161\u00edch \u00fa\u010dinkov.Tibetsk\u00fd g\u00e9lov\u00fd balzam akademika V.I. Dikula, vyvinut\u00fd na z\u00e1klade tradi\u010dn\u00fdch tibetsk\u00fdch receptov, je navrhnut\u00fd tak, aby zabr\u00e1nil ne\u017eiaducim zmen\u00e1m s\u00favisiacim s vekom. Poskytuje lok\u00e1lnu imunostimul\u00e1ciu a mierny prehrievac\u00ed \u00fa\u010dinok, zlep\u0161uje v\u00fd\u017eivu a krvn\u00fd obeh. Pom\u00e1ha kompenzova\u0165 vekov\u00fd nedostatok \u0161truktur\u00e1lnych prvkov [&hellip;]<\/p>\n","protected":false},"featured_media":7362,"comment_status":"open","ping_status":"open","template":"","meta":{"site-sidebar-layout":"default","site-content-layout":"","ast-site-content-layout":"default","site-content-style":"default","site-sidebar-style":"default","ast-global-header-display":"","ast-banner-title-visibility":"","ast-main-header-display":"","ast-hfb-above-header-display":"","ast-hfb-below-header-display":"","ast-hfb-mobile-header-display":"","site-post-title":"","ast-breadcrumbs-content":"","ast-featured-img":"","footer-sml-layout":"","ast-disable-related-posts":"","theme-transparent-header-meta":"","adv-header-id-meta":"","stick-header-meta":"","header-above-stick-meta":"","header-main-stick-meta":"","header-below-stick-meta":"","astra-migrate-meta-layouts":"default","ast-page-background-enabled":"default","ast-page-background-meta":{"desktop":{"background-color":"","background-image":"","background-repeat":"repeat","background-position":"center center","background-size":"auto","background-attachment":"scroll","background-type":"","background-media":"","overlay-type":"","overlay-color":"","overlay-opacity":"","overlay-gradient":""},"tablet":{"background-color":"","background-image":"","background-repeat":"repeat","background-position":"center center","background-size":"auto","background-attachment":"scroll","background-type":"","background-media":"","overlay-type":"","overlay-color":"","overlay-opacity":"","overlay-gradient":""},"mobile":{"background-color":"","background-image":"","background-repeat":"repeat","background-position":"center center","background-size":"auto","background-attachment":"scroll","background-type":"","background-media":"","overlay-type":"","overlay-color":"","overlay-opacity":"","overlay-gradient":""}},"ast-content-background-meta":{"desktop":{"background-color":"var(--ast-global-color-5)","background-image":"","background-repeat":"repeat","background-position":"center center","background-size":"auto","background-attachment":"scroll","background-type":"","background-media":"","overlay-type":"","overlay-color":"","overlay-opacity":"","overlay-gradient":""},"tablet":{"background-color":"var(--ast-global-color-5)","background-image":"","background-repeat":"repeat","background-position":"center center","background-size":"auto","background-attachment":"scroll","background-type":"","background-media":"","overlay-type":"","overlay-color":"","overlay-opacity":"","overlay-gradient":""},"mobile":{"background-color":"var(--ast-global-color-5)","background-image":"","background-repeat":"repeat","background-position":"center center","background-size":"auto","background-attachment":"scroll","background-type":"","background-media":"","overlay-type":"","overlay-color":"","overlay-opacity":"","overlay-gradient":""}}},"product_brand":[],"product_cat":[186,187],"product_tag":[],"class_list":{"0":"post-7361","1":"product","2":"type-product","3":"status-publish","4":"has-post-thumbnail","6":"product_cat-liecive-kremy-a-masticky","7":"product_cat-tradicna-ruska-medicina","8":"pa_cena-dopravy-367","9":"pa_doprava-zasilkovna","10":"pa_ean-415","11":"pa_typ-partnersky-predaj","12":"pa_znacka-korolev-farm","13":"desktop-align-left","14":"tablet-align-left","15":"mobile-align-left","17":"first","18":"instock","19":"product-type-external"},"yoast_head":"<!-- This site is optimized with the Yoast SEO plugin v27.2 - https:\/\/yoast.com\/product\/yoast-seo-wordpress\/ -->\n<title>Korolev Farm Tibetsk\u00fd balzam Valentina Dikula - 100 ml - EKO-BIO-NATURA BIO OBCHOD<\/title>\n<meta name=\"robots\" content=\"index, follow, max-snippet:-1, max-image-preview:large, max-video-preview:-1\" \/>\n<link rel=\"canonical\" href=\"https:\/\/www.eko-bio-natura.sk\/shop\/produkt\/korolev-farm-tibetsky-balzam-valentina-dikula-100-ml\/\" \/>\n<meta property=\"og:locale\" content=\"sk_SK\" \/>\n<meta property=\"og:type\" content=\"article\" \/>\n<meta property=\"og:title\" content=\"Korolev Farm Tibetsk\u00fd balzam Valentina Dikula - 100 ml - EKO-BIO-NATURA BIO OBCHOD\" \/>\n<meta property=\"og:description\" content=\"Jeho charakteristick\u00fdm znakom s\u00fa jeho prirodzen\u00e9 viaczlo\u017ekov\u00e9 formul\u00e1cie, vysok\u00e1 \u00fa\u010dinnos\u0165, komplexn\u00e9 p\u00f4sobenie, absencia negat\u00edvnych ved\u013eaj\u0161\u00edch \u00fa\u010dinkov.Tibetsk\u00fd g\u00e9lov\u00fd balzam akademika V.I. Dikula, vyvinut\u00fd na z\u00e1klade tradi\u010dn\u00fdch tibetsk\u00fdch receptov, je navrhnut\u00fd tak, aby zabr\u00e1nil ne\u017eiaducim zmen\u00e1m s\u00favisiacim s vekom. Poskytuje lok\u00e1lnu imunostimul\u00e1ciu a mierny prehrievac\u00ed \u00fa\u010dinok, zlep\u0161uje v\u00fd\u017eivu a krvn\u00fd obeh. Pom\u00e1ha kompenzova\u0165 vekov\u00fd nedostatok \u0161truktur\u00e1lnych prvkov [&hellip;]\" \/>\n<meta property=\"og:url\" content=\"https:\/\/www.eko-bio-natura.sk\/shop\/produkt\/korolev-farm-tibetsky-balzam-valentina-dikula-100-ml\/\" \/>\n<meta property=\"og:site_name\" content=\"EKO-BIO-NATURA BIO OBCHOD\" \/>\n<meta property=\"article:modified_time\" content=\"2022-05-04T14:39:20+00:00\" \/>\n<meta property=\"og:image\" content=\"https:\/\/www.eko-bio-natura.sk\/shop\/wp-content\/uploads\/2021\/12\/4305-2_tibetsky-balzam-valentina-dikula-100-ml-scaled.jpg\" \/>\n\t<meta property=\"og:image:width\" content=\"2560\" \/>\n\t<meta property=\"og:image:height\" content=\"1943\" \/>\n\t<meta property=\"og:image:type\" content=\"image\/jpeg\" \/>\n<meta name=\"twitter:card\" content=\"summary_large_image\" \/>\n<meta name=\"twitter:label1\" content=\"Predpokladan\u00fd \u010das \u010d\u00edtania\" \/>\n\t<meta name=\"twitter:data1\" content=\"2 min\u00faty\" \/>\n<script type=\"application\/ld+json\" class=\"yoast-schema-graph\">{\"@context\":\"https:\/\/schema.org\",\"@graph\":[{\"@type\":\"WebPage\",\"@id\":\"https:\/\/www.eko-bio-natura.sk\/shop\/produkt\/korolev-farm-tibetsky-balzam-valentina-dikula-100-ml\/\",\"url\":\"https:\/\/www.eko-bio-natura.sk\/shop\/produkt\/korolev-farm-tibetsky-balzam-valentina-dikula-100-ml\/\",\"name\":\"Korolev Farm Tibetsk\u00fd balzam Valentina Dikula - 100 ml - EKO-BIO-NATURA BIO OBCHOD\",\"isPartOf\":{\"@id\":\"https:\/\/www.eko-bio-natura.sk\/shop\/#website\"},\"primaryImageOfPage\":{\"@id\":\"https:\/\/www.eko-bio-natura.sk\/shop\/produkt\/korolev-farm-tibetsky-balzam-valentina-dikula-100-ml\/#primaryimage\"},\"image\":{\"@id\":\"https:\/\/www.eko-bio-natura.sk\/shop\/produkt\/korolev-farm-tibetsky-balzam-valentina-dikula-100-ml\/#primaryimage\"},\"thumbnailUrl\":\"https:\/\/www.eko-bio-natura.sk\/shop\/wp-content\/uploads\/2021\/12\/4305-2_tibetsky-balzam-valentina-dikula-100-ml-scaled.jpg\",\"datePublished\":\"2021-12-28T17:04:00+00:00\",\"dateModified\":\"2022-05-04T14:39:20+00:00\",\"breadcrumb\":{\"@id\":\"https:\/\/www.eko-bio-natura.sk\/shop\/produkt\/korolev-farm-tibetsky-balzam-valentina-dikula-100-ml\/#breadcrumb\"},\"inLanguage\":\"sk-SK\",\"potentialAction\":[{\"@type\":\"ReadAction\",\"target\":[\"https:\/\/www.eko-bio-natura.sk\/shop\/produkt\/korolev-farm-tibetsky-balzam-valentina-dikula-100-ml\/\"]}]},{\"@type\":\"ImageObject\",\"inLanguage\":\"sk-SK\",\"@id\":\"https:\/\/www.eko-bio-natura.sk\/shop\/produkt\/korolev-farm-tibetsky-balzam-valentina-dikula-100-ml\/#primaryimage\",\"url\":\"https:\/\/www.eko-bio-natura.sk\/shop\/wp-content\/uploads\/2021\/12\/4305-2_tibetsky-balzam-valentina-dikula-100-ml-scaled.jpg\",\"contentUrl\":\"https:\/\/www.eko-bio-natura.sk\/shop\/wp-content\/uploads\/2021\/12\/4305-2_tibetsky-balzam-valentina-dikula-100-ml-scaled.jpg\",\"width\":2560,\"height\":1943},{\"@type\":\"BreadcrumbList\",\"@id\":\"https:\/\/www.eko-bio-natura.sk\/shop\/produkt\/korolev-farm-tibetsky-balzam-valentina-dikula-100-ml\/#breadcrumb\",\"itemListElement\":[{\"@type\":\"ListItem\",\"position\":1,\"name\":\"Domovsk\u00e1 str\u00e1nka\",\"item\":\"https:\/\/www.eko-bio-natura.sk\/shop\/\"},{\"@type\":\"ListItem\",\"position\":2,\"name\":\"Obchod\",\"item\":\"https:\/\/www.eko-bio-natura.sk\/shop\/?page_id=6\"},{\"@type\":\"ListItem\",\"position\":3,\"name\":\"Korolev Farm Tibetsk\u00fd balzam Valentina Dikula &#8211; 100 ml\"}]},{\"@type\":\"WebSite\",\"@id\":\"https:\/\/www.eko-bio-natura.sk\/shop\/#website\",\"url\":\"https:\/\/www.eko-bio-natura.sk\/shop\/\",\"name\":\"EKO-BIO-NATURA BIO OBCHOD\",\"description\":\"\",\"publisher\":{\"@id\":\"https:\/\/www.eko-bio-natura.sk\/shop\/#organization\"},\"potentialAction\":[{\"@type\":\"SearchAction\",\"target\":{\"@type\":\"EntryPoint\",\"urlTemplate\":\"https:\/\/www.eko-bio-natura.sk\/shop\/?s={search_term_string}\"},\"query-input\":{\"@type\":\"PropertyValueSpecification\",\"valueRequired\":true,\"valueName\":\"search_term_string\"}}],\"inLanguage\":\"sk-SK\"},{\"@type\":\"Organization\",\"@id\":\"https:\/\/www.eko-bio-natura.sk\/shop\/#organization\",\"name\":\"EKO-BIO-NATURA BIO OBCHOD\",\"url\":\"https:\/\/www.eko-bio-natura.sk\/shop\/\",\"logo\":{\"@type\":\"ImageObject\",\"inLanguage\":\"sk-SK\",\"@id\":\"https:\/\/www.eko-bio-natura.sk\/shop\/#\/schema\/logo\/image\/\",\"url\":\"https:\/\/www.eko-bio-natura.sk\/shop\/wp-content\/uploads\/2021\/04\/eko-bio-natura_logo.png\",\"contentUrl\":\"https:\/\/www.eko-bio-natura.sk\/shop\/wp-content\/uploads\/2021\/04\/eko-bio-natura_logo.png\",\"width\":552,\"height\":194,\"caption\":\"EKO-BIO-NATURA BIO OBCHOD\"},\"image\":{\"@id\":\"https:\/\/www.eko-bio-natura.sk\/shop\/#\/schema\/logo\/image\/\"}}]}<\/script>\n<!-- \/ Yoast SEO plugin. -->","yoast_head_json":{"title":"Korolev Farm Tibetsk\u00fd balzam Valentina Dikula - 100 ml - EKO-BIO-NATURA BIO OBCHOD","robots":{"index":"index","follow":"follow","max-snippet":"max-snippet:-1","max-image-preview":"max-image-preview:large","max-video-preview":"max-video-preview:-1"},"canonical":"https:\/\/www.eko-bio-natura.sk\/shop\/produkt\/korolev-farm-tibetsky-balzam-valentina-dikula-100-ml\/","og_locale":"sk_SK","og_type":"article","og_title":"Korolev Farm Tibetsk\u00fd balzam Valentina Dikula - 100 ml - EKO-BIO-NATURA BIO OBCHOD","og_description":"Jeho charakteristick\u00fdm znakom s\u00fa jeho prirodzen\u00e9 viaczlo\u017ekov\u00e9 formul\u00e1cie, vysok\u00e1 \u00fa\u010dinnos\u0165, komplexn\u00e9 p\u00f4sobenie, absencia negat\u00edvnych ved\u013eaj\u0161\u00edch \u00fa\u010dinkov.Tibetsk\u00fd g\u00e9lov\u00fd balzam akademika V.I. Dikula, vyvinut\u00fd na z\u00e1klade tradi\u010dn\u00fdch tibetsk\u00fdch receptov, je navrhnut\u00fd tak, aby zabr\u00e1nil ne\u017eiaducim zmen\u00e1m s\u00favisiacim s vekom. Poskytuje lok\u00e1lnu imunostimul\u00e1ciu a mierny prehrievac\u00ed \u00fa\u010dinok, zlep\u0161uje v\u00fd\u017eivu a krvn\u00fd obeh. Pom\u00e1ha kompenzova\u0165 vekov\u00fd nedostatok \u0161truktur\u00e1lnych prvkov [&hellip;]","og_url":"https:\/\/www.eko-bio-natura.sk\/shop\/produkt\/korolev-farm-tibetsky-balzam-valentina-dikula-100-ml\/","og_site_name":"EKO-BIO-NATURA BIO OBCHOD","article_modified_time":"2022-05-04T14:39:20+00:00","og_image":[{"width":2560,"height":1943,"url":"https:\/\/www.eko-bio-natura.sk\/shop\/wp-content\/uploads\/2021\/12\/4305-2_tibetsky-balzam-valentina-dikula-100-ml-scaled.jpg","type":"image\/jpeg"}],"twitter_card":"summary_large_image","twitter_misc":{"Predpokladan\u00fd \u010das \u010d\u00edtania":"2 min\u00faty"},"schema":{"@context":"https:\/\/schema.org","@graph":[{"@type":"WebPage","@id":"https:\/\/www.eko-bio-natura.sk\/shop\/produkt\/korolev-farm-tibetsky-balzam-valentina-dikula-100-ml\/","url":"https:\/\/www.eko-bio-natura.sk\/shop\/produkt\/korolev-farm-tibetsky-balzam-valentina-dikula-100-ml\/","name":"Korolev Farm Tibetsk\u00fd balzam Valentina Dikula - 100 ml - EKO-BIO-NATURA BIO OBCHOD","isPartOf":{"@id":"https:\/\/www.eko-bio-natura.sk\/shop\/#website"},"primaryImageOfPage":{"@id":"https:\/\/www.eko-bio-natura.sk\/shop\/produkt\/korolev-farm-tibetsky-balzam-valentina-dikula-100-ml\/#primaryimage"},"image":{"@id":"https:\/\/www.eko-bio-natura.sk\/shop\/produkt\/korolev-farm-tibetsky-balzam-valentina-dikula-100-ml\/#primaryimage"},"thumbnailUrl":"https:\/\/www.eko-bio-natura.sk\/shop\/wp-content\/uploads\/2021\/12\/4305-2_tibetsky-balzam-valentina-dikula-100-ml-scaled.jpg","datePublished":"2021-12-28T17:04:00+00:00","dateModified":"2022-05-04T14:39:20+00:00","breadcrumb":{"@id":"https:\/\/www.eko-bio-natura.sk\/shop\/produkt\/korolev-farm-tibetsky-balzam-valentina-dikula-100-ml\/#breadcrumb"},"inLanguage":"sk-SK","potentialAction":[{"@type":"ReadAction","target":["https:\/\/www.eko-bio-natura.sk\/shop\/produkt\/korolev-farm-tibetsky-balzam-valentina-dikula-100-ml\/"]}]},{"@type":"ImageObject","inLanguage":"sk-SK","@id":"https:\/\/www.eko-bio-natura.sk\/shop\/produkt\/korolev-farm-tibetsky-balzam-valentina-dikula-100-ml\/#primaryimage","url":"https:\/\/www.eko-bio-natura.sk\/shop\/wp-content\/uploads\/2021\/12\/4305-2_tibetsky-balzam-valentina-dikula-100-ml-scaled.jpg","contentUrl":"https:\/\/www.eko-bio-natura.sk\/shop\/wp-content\/uploads\/2021\/12\/4305-2_tibetsky-balzam-valentina-dikula-100-ml-scaled.jpg","width":2560,"height":1943},{"@type":"BreadcrumbList","@id":"https:\/\/www.eko-bio-natura.sk\/shop\/produkt\/korolev-farm-tibetsky-balzam-valentina-dikula-100-ml\/#breadcrumb","itemListElement":[{"@type":"ListItem","position":1,"name":"Domovsk\u00e1 str\u00e1nka","item":"https:\/\/www.eko-bio-natura.sk\/shop\/"},{"@type":"ListItem","position":2,"name":"Obchod","item":"https:\/\/www.eko-bio-natura.sk\/shop\/?page_id=6"},{"@type":"ListItem","position":3,"name":"Korolev Farm Tibetsk\u00fd balzam Valentina Dikula &#8211; 100 ml"}]},{"@type":"WebSite","@id":"https:\/\/www.eko-bio-natura.sk\/shop\/#website","url":"https:\/\/www.eko-bio-natura.sk\/shop\/","name":"EKO-BIO-NATURA BIO OBCHOD","description":"","publisher":{"@id":"https:\/\/www.eko-bio-natura.sk\/shop\/#organization"},"potentialAction":[{"@type":"SearchAction","target":{"@type":"EntryPoint","urlTemplate":"https:\/\/www.eko-bio-natura.sk\/shop\/?s={search_term_string}"},"query-input":{"@type":"PropertyValueSpecification","valueRequired":true,"valueName":"search_term_string"}}],"inLanguage":"sk-SK"},{"@type":"Organization","@id":"https:\/\/www.eko-bio-natura.sk\/shop\/#organization","name":"EKO-BIO-NATURA BIO OBCHOD","url":"https:\/\/www.eko-bio-natura.sk\/shop\/","logo":{"@type":"ImageObject","inLanguage":"sk-SK","@id":"https:\/\/www.eko-bio-natura.sk\/shop\/#\/schema\/logo\/image\/","url":"https:\/\/www.eko-bio-natura.sk\/shop\/wp-content\/uploads\/2021\/04\/eko-bio-natura_logo.png","contentUrl":"https:\/\/www.eko-bio-natura.sk\/shop\/wp-content\/uploads\/2021\/04\/eko-bio-natura_logo.png","width":552,"height":194,"caption":"EKO-BIO-NATURA BIO OBCHOD"},"image":{"@id":"https:\/\/www.eko-bio-natura.sk\/shop\/#\/schema\/logo\/image\/"}}]}},"_links":{"self":[{"href":"https:\/\/www.eko-bio-natura.sk\/shop\/wp-json\/wp\/v2\/product\/7361","targetHints":{"allow":["GET"]}}],"collection":[{"href":"https:\/\/www.eko-bio-natura.sk\/shop\/wp-json\/wp\/v2\/product"}],"about":[{"href":"https:\/\/www.eko-bio-natura.sk\/shop\/wp-json\/wp\/v2\/types\/product"}],"replies":[{"embeddable":true,"href":"https:\/\/www.eko-bio-natura.sk\/shop\/wp-json\/wp\/v2\/comments?post=7361"}],"wp:featuredmedia":[{"embeddable":true,"href":"https:\/\/www.eko-bio-natura.sk\/shop\/wp-json\/wp\/v2\/media\/7362"}],"wp:attachment":[{"href":"https:\/\/www.eko-bio-natura.sk\/shop\/wp-json\/wp\/v2\/media?parent=7361"}],"wp:term":[{"taxonomy":"product_brand","embeddable":true,"href":"https:\/\/www.eko-bio-natura.sk\/shop\/wp-json\/wp\/v2\/product_brand?post=7361"},{"taxonomy":"product_cat","embeddable":true,"href":"https:\/\/www.eko-bio-natura.sk\/shop\/wp-json\/wp\/v2\/product_cat?post=7361"},{"taxonomy":"product_tag","embeddable":true,"href":"https:\/\/www.eko-bio-natura.sk\/shop\/wp-json\/wp\/v2\/product_tag?post=7361"}],"curies":[{"name":"wp","href":"https:\/\/api.w.org\/{rel}","templated":true}]}}