{"id":7358,"date":"2021-12-28T18:04:00","date_gmt":"2021-12-28T17:04:00","guid":{"rendered":"https:\/\/www.eko-bio-natura.sk\/shop\/index.php\/produkt\/altajvitamini-visnevskeho-balzam-na-revitalizaciu-pokozky-30g\/"},"modified":"2025-06-04T16:03:17","modified_gmt":"2025-06-04T14:03:17","slug":"altajvitamini-visnevskeho-balzam-na-revitalizaciu-pokozky-30g","status":"publish","type":"product","link":"https:\/\/www.eko-bio-natura.sk\/shop\/produkt\/altajvitamini-visnevskeho-balzam-na-revitalizaciu-pokozky-30g\/","title":{"rendered":"Altajvitamini Vi\u0161nevsk\u00e9ho balzam na revitaliz\u00e1ciu poko\u017eky- 30g"},"content":{"rendered":"<p><span style=\"font-size: 12pt; font-family: verdana, geneva;\"><strong> Pom\u00e1ha hoji\u0165 pop\u00e1leniny, rany a omrzliny.<\/strong> Tento kr\u00e9m sa pou\u017e\u00edva taktie\u017e u&nbsp;pacientov, ktor\u00ed trpia prele\u017eaninami. Produkt m\u00f4\u017ee vies\u0165 k lep\u0161\u00edm v\u00fdsledkom hojenia u \u013eud\u00ed, ktor\u00ed bojuj\u00fa s dekubitmi, teda prele\u017eaninami. <\/span><\/p>\n<p><span style=\"font-size: 12pt; font-family: verdana, geneva;\"><strong>Sp\u00f4sob pou\u017eitia:<\/strong> Kr\u00e9m natiera\u0165 5-6 kr\u00e1t denne na postihnut\u00e9 miesto, po nanesen\u00ed postihnut\u00e9 miesto obviaza\u0165 obv\u00e4zom. &nbsp;<\/span><\/p>\n<p><span style=\"font-size: 12pt; font-family: verdana, geneva;\"><strong>Upozornenie<\/strong>: Neodpor\u00fa\u010da sa pou\u017e\u00edva\u0165 v&nbsp;pr\u00edpade precitlivelosti na niektor\u00fa zo zlo\u017eiek.<\/span><\/p>\n<p><span style=\"font-size: 12pt; font-family: verdana, geneva;\"><img decoding=\"async\" src=\"\/user\/documents\/upload\/mceclip0-195.png?1627454501\" width=\"940\" height=\"51\" \/><\/span><\/p>\n<p><span style=\"font-size: 12pt; font-family: verdana, geneva;\"><strong>Obsah:<\/strong> 30 g<\/span><\/p>\n<p><span style=\"font-size: 12pt; font-family: verdana, geneva;\"><strong>Krajina p\u00f4vodu:<\/strong> Rusko<\/span><\/p>\n<p><span style=\"font-size: 12pt; font-family: verdana, geneva;\">Ruskou medic\u00ednou sa zaober\u00e1me od roku 2015 a za tie roky sme vybrali nieko\u013eko produktov, ktor\u00e9 za to ozaj stoja. Pozn\u00e1te <a href=\"https:\/\/www.herbatica.sk\/caga_aktivna_latka\/\">\u010dagu<\/a>, alebo <a href=\"https:\/\/www.herbatica.sk\/mumio_aktivna_latka\/\">m\u00famio<\/a>? A \u010do <a href=\"https:\/\/www.herbatica.sk\/ceder\/\">c\u00e9der<\/a>? S\u00fa to l\u00e1tky typick\u00e9 hlavne pre <a href=\"https:\/\/www.herbatica.sk\/speci_problem\/\">tradi\u010dn\u00fa rusk\u00fa medic\u00ednu<\/a>.&nbsp;&nbsp;<meta charset=\"utf-8\" \/>Ak by ste si chceli pre\u010d\u00edta\u0165 viac o tradi\u010dnej ruskej medic\u00edne, tak tu sme o nej <a href=\"https:\/\/www.herbatica.sk\/blog\/dedicstvo-ruskych-bylinkarov---spoznajte-tradicnu-medicinu\/\">pripravili <\/a><a href=\"https:\/\/www.herbatica.sk\/blog\/dedicstvo-ruskych-bylinkarov---spoznajte-tradicnu-medicinu\/\">\u010dl\u00e1nok.<\/a><\/span><\/p>\n<p><span style=\"font-size: 12pt; font-family: verdana, geneva;\">Vznik tohto \u0161pecifick\u00e9ho balzamu je zviazan\u00fd s&nbsp;rusk\u00fdm profesorom medic\u00edny Alexandrom Vasiljevi\u010dom Vi\u0161nevskim. Okrem toho, \u017ee p\u00f4sobil v&nbsp;Kazani, absolvoval pracovn\u00e9 pobyty v&nbsp;Nemecku a&nbsp;Franc\u00fazsku, kde \u0161tudoval p\u00f4sobenie anestetika novoka\u00edn pri lie\u010dbe z\u00e1palov\u00fdch procesov \u0165a\u017eko sa hojacich hnisav\u00fdch r\u00e1n.<br \/>Po n\u00e1vrate do Ruska p\u00f4sobil v&nbsp;Moskve, kde vymyslel syst\u00e9m lie\u010dby tak\u00fdchto stavov, kde skombinoval \u010distenie r\u00e1n novoka\u00ednom a&nbsp;n\u00e1sledn\u00e9 prikladanie obv\u00e4zov s&nbsp;balzamom riedkej konzistencie. Balzam obsahoval ako hlavn\u00e9 lie\u010div\u00e9 zlo\u017eky brezov\u00fd decht a&nbsp;xeroform (bizmut tribr\u00f3mfenol\u00e1t) doplnen\u00e9 ric\u00ednov\u00fdm olejom a&nbsp;linimentom \u2013 l\u00e1tkou, ktor\u00e1 podr\u00e1\u017eden\u00edm zvy\u0161uje prietok krvi v&nbsp;okol\u00ed rany a&nbsp;ur\u00fdch\u013euje proces hojenia). <\/span><\/p>\n<p><span style=\"font-size: 12pt; font-family: verdana, geneva;\">V&nbsp;lie\u010dbe pacientov dosahoval ve\u013emi dobr\u00e9 v\u00fdsledky, no jeho olejov\u00fd balzam presl\u00e1vil a\u017e jeho syn Alexander Alexandrovi\u010d Vi\u0161nevskij, ktor\u00fd p\u00f4sobil ako vojensk\u00fd chirurg po\u010das Ve\u013ekej Vlasteneckej vojny (1941 \u2013 1945) a&nbsp;v\u010faka siln\u00fdm antibakteri\u00e1lnym \u00fa\u010dinkom obv\u00e4zov s&nbsp;t\u00fdmto balzamom zachr\u00e1nil mnoho \u017eivotov.<br \/>Pr\u00edpravok sa dlh\u00e9 roky stal s\u00fa\u010das\u0165ou dom\u00e1cich lek\u00e1rni\u010diek v&nbsp;b\u00fdvalom ZSSR a&nbsp;i&nbsp;dodnes je vyh\u013ead\u00e1van\u00fd ako podporn\u00fd prostriedok pri lie\u010dbe \u0165a\u017eko sa hojacich r\u00e1n, prele\u017ean\u00edn, pop\u00e1len\u00edn, hnisav\u00fdch vredov \u010di problematick\u00e9ho hnisav\u00e9ho akn\u00e9. Spolu s&nbsp;d\u00f4kladn\u00fdm a&nbsp;pravideln\u00fdm \u010disten\u00edm r\u00e1n je dobr\u00fdm pomocn\u00edkom.&nbsp;<\/span><\/p>\n<p><span style=\"font-size: 12pt; font-family: verdana, geneva;\"><meta charset=\"utf-8\" \/>E\u0161te st\u00e1le je to \u201en\u00e1rodn\u00fd\u201c balzam, na ktor\u00fd ned\u00e1 dopusti\u0165 predov\u0161etk\u00fdm stredn\u00e1 a&nbsp;star\u0161ia gener\u00e1cia na \u00fazem\u00ed Ruskej Feder\u00e1cie (RF).&nbsp;<meta charset=\"utf-8\" \/>Pod\u013ea www.pubmed.gov \u00fa\u010dinkuje na 15 druhov bakt\u00e9ri\u00ed.&nbsp;<meta charset=\"utf-8\" \/>Na \u00fazem\u00ed RF balzam vyr\u00e1baj\u00fa: Altajvitaminy, Jaroslavskaja farmfabrika, Zeljonaja Dubrava,<br \/>Moskovskaja farmfabrika&nbsp;<\/span><\/p>\n<p><span style=\"font-size: 12pt; font-family: verdana, geneva;\"><br \/>Zdroje:<\/span><span style=\"font-size: 12pt; font-family: verdana, geneva;\"><br \/><a href=\"https:\/\/www.youtube.com\/watch?v=79tYjKyYn6A&amp;amp%3Bab_channel=%D0%9C%D0%B8%D1%8024\" target=\"_blank\" rel=\"noopener noreferrer\">www.youtube.com\/watch?v=79tYjKyYn6A&amp;amp;ab_channel=%D0%9C%D0%B8%D1%8<\/a><br \/><a href=\"https:\/\/www.youtube.com\/watch?v=79tYjKyYn6A&amp;amp%3Bab_channel=%D0%9C%D0%B8%D1%8024\" target=\"_blank\" rel=\"noopener noreferrer\">024<\/a><br \/><a href=\"https:\/\/www.asna.ru\/product\/vishnevskogo_liniment\/\" target=\"_blank\" rel=\"noopener noreferrer\">https:\/\/www.asna.ru\/product\/vishnevskogo_liniment\/<\/a><\/span><\/p>\n<div id=\"gtx-trans\" style=\"position: absolute; left: 10px; top: 710.859px;\">&nbsp;<\/div>\n","protected":false},"excerpt":{"rendered":"<p>Pom\u00e1ha hoji\u0165 pop\u00e1leniny, rany a omrzliny. Tento kr\u00e9m sa pou\u017e\u00edva taktie\u017e u&nbsp;pacientov, ktor\u00ed trpia prele\u017eaninami. Produkt m\u00f4\u017ee vies\u0165 k lep\u0161\u00edm v\u00fdsledkom hojenia u \u013eud\u00ed, ktor\u00ed bojuj\u00fa s dekubitmi, teda prele\u017eaninami. Sp\u00f4sob pou\u017eitia: Kr\u00e9m natiera\u0165 5-6 kr\u00e1t denne na postihnut\u00e9 miesto, po nanesen\u00ed postihnut\u00e9 miesto obviaza\u0165 obv\u00e4zom. &nbsp; Upozornenie: Neodpor\u00fa\u010da sa pou\u017e\u00edva\u0165 v&nbsp;pr\u00edpade precitlivelosti na niektor\u00fa [&hellip;]<\/p>\n","protected":false},"featured_media":7359,"comment_status":"open","ping_status":"open","template":"","meta":{"site-sidebar-layout":"default","site-content-layout":"","ast-site-content-layout":"default","site-content-style":"default","site-sidebar-style":"default","ast-global-header-display":"","ast-banner-title-visibility":"","ast-main-header-display":"","ast-hfb-above-header-display":"","ast-hfb-below-header-display":"","ast-hfb-mobile-header-display":"","site-post-title":"","ast-breadcrumbs-content":"","ast-featured-img":"","footer-sml-layout":"","ast-disable-related-posts":"","theme-transparent-header-meta":"","adv-header-id-meta":"","stick-header-meta":"","header-above-stick-meta":"","header-main-stick-meta":"","header-below-stick-meta":"","astra-migrate-meta-layouts":"default","ast-page-background-enabled":"default","ast-page-background-meta":{"desktop":{"background-color":"","background-image":"","background-repeat":"repeat","background-position":"center center","background-size":"auto","background-attachment":"scroll","background-type":"","background-media":"","overlay-type":"","overlay-color":"","overlay-opacity":"","overlay-gradient":""},"tablet":{"background-color":"","background-image":"","background-repeat":"repeat","background-position":"center center","background-size":"auto","background-attachment":"scroll","background-type":"","background-media":"","overlay-type":"","overlay-color":"","overlay-opacity":"","overlay-gradient":""},"mobile":{"background-color":"","background-image":"","background-repeat":"repeat","background-position":"center center","background-size":"auto","background-attachment":"scroll","background-type":"","background-media":"","overlay-type":"","overlay-color":"","overlay-opacity":"","overlay-gradient":""}},"ast-content-background-meta":{"desktop":{"background-color":"var(--ast-global-color-5)","background-image":"","background-repeat":"repeat","background-position":"center center","background-size":"auto","background-attachment":"scroll","background-type":"","background-media":"","overlay-type":"","overlay-color":"","overlay-opacity":"","overlay-gradient":""},"tablet":{"background-color":"var(--ast-global-color-5)","background-image":"","background-repeat":"repeat","background-position":"center center","background-size":"auto","background-attachment":"scroll","background-type":"","background-media":"","overlay-type":"","overlay-color":"","overlay-opacity":"","overlay-gradient":""},"mobile":{"background-color":"var(--ast-global-color-5)","background-image":"","background-repeat":"repeat","background-position":"center center","background-size":"auto","background-attachment":"scroll","background-type":"","background-media":"","overlay-type":"","overlay-color":"","overlay-opacity":"","overlay-gradient":""}}},"product_brand":[],"product_cat":[39],"product_tag":[],"class_list":{"0":"post-7358","1":"product","2":"type-product","3":"status-publish","4":"has-post-thumbnail","6":"product_cat-telova-kozmetika","7":"pa_cena-dopravy-367","8":"pa_doprava-zasilkovna","9":"pa_ean-403","10":"pa_typ-partnersky-predaj","11":"pa_znacka-altajvitamini","12":"desktop-align-left","13":"tablet-align-left","14":"mobile-align-left","16":"first","17":"instock","18":"product-type-external"},"yoast_head":"<!-- This site is optimized with the Yoast SEO plugin v27.2 - https:\/\/yoast.com\/product\/yoast-seo-wordpress\/ -->\n<title>Altajvitamini Vi\u0161nevsk\u00e9ho balzam na revitaliz\u00e1ciu poko\u017eky- 30g - EKO-BIO-NATURA BIO OBCHOD<\/title>\n<meta name=\"robots\" content=\"index, follow, max-snippet:-1, max-image-preview:large, max-video-preview:-1\" \/>\n<link rel=\"canonical\" href=\"https:\/\/www.eko-bio-natura.sk\/shop\/produkt\/altajvitamini-visnevskeho-balzam-na-revitalizaciu-pokozky-30g\/\" \/>\n<meta property=\"og:locale\" content=\"sk_SK\" \/>\n<meta property=\"og:type\" content=\"article\" \/>\n<meta property=\"og:title\" content=\"Altajvitamini Vi\u0161nevsk\u00e9ho balzam na revitaliz\u00e1ciu poko\u017eky- 30g - EKO-BIO-NATURA BIO OBCHOD\" \/>\n<meta property=\"og:description\" content=\"Pom\u00e1ha hoji\u0165 pop\u00e1leniny, rany a omrzliny. Tento kr\u00e9m sa pou\u017e\u00edva taktie\u017e u&nbsp;pacientov, ktor\u00ed trpia prele\u017eaninami. Produkt m\u00f4\u017ee vies\u0165 k lep\u0161\u00edm v\u00fdsledkom hojenia u \u013eud\u00ed, ktor\u00ed bojuj\u00fa s dekubitmi, teda prele\u017eaninami. Sp\u00f4sob pou\u017eitia: Kr\u00e9m natiera\u0165 5-6 kr\u00e1t denne na postihnut\u00e9 miesto, po nanesen\u00ed postihnut\u00e9 miesto obviaza\u0165 obv\u00e4zom. &nbsp; Upozornenie: Neodpor\u00fa\u010da sa pou\u017e\u00edva\u0165 v&nbsp;pr\u00edpade precitlivelosti na niektor\u00fa [&hellip;]\" \/>\n<meta property=\"og:url\" content=\"https:\/\/www.eko-bio-natura.sk\/shop\/produkt\/altajvitamini-visnevskeho-balzam-na-revitalizaciu-pokozky-30g\/\" \/>\n<meta property=\"og:site_name\" content=\"EKO-BIO-NATURA BIO OBCHOD\" \/>\n<meta property=\"article:modified_time\" content=\"2025-06-04T14:03:17+00:00\" \/>\n<meta property=\"og:image\" content=\"https:\/\/www.eko-bio-natura.sk\/shop\/wp-content\/uploads\/2021\/12\/4200-2_visnevskeho-balzam-na-revitalizaciu-pokozky-30g-scaled.jpg\" \/>\n\t<meta property=\"og:image:width\" content=\"2560\" \/>\n\t<meta property=\"og:image:height\" content=\"1923\" \/>\n\t<meta property=\"og:image:type\" content=\"image\/jpeg\" \/>\n<meta name=\"twitter:card\" content=\"summary_large_image\" \/>\n<meta name=\"twitter:label1\" content=\"Predpokladan\u00fd \u010das \u010d\u00edtania\" \/>\n\t<meta name=\"twitter:data1\" content=\"3 min\u00faty\" \/>\n<script type=\"application\/ld+json\" class=\"yoast-schema-graph\">{\"@context\":\"https:\/\/schema.org\",\"@graph\":[{\"@type\":\"WebPage\",\"@id\":\"https:\/\/www.eko-bio-natura.sk\/shop\/produkt\/altajvitamini-visnevskeho-balzam-na-revitalizaciu-pokozky-30g\/\",\"url\":\"https:\/\/www.eko-bio-natura.sk\/shop\/produkt\/altajvitamini-visnevskeho-balzam-na-revitalizaciu-pokozky-30g\/\",\"name\":\"Altajvitamini Vi\u0161nevsk\u00e9ho balzam na revitaliz\u00e1ciu poko\u017eky- 30g - EKO-BIO-NATURA BIO OBCHOD\",\"isPartOf\":{\"@id\":\"https:\/\/www.eko-bio-natura.sk\/shop\/#website\"},\"primaryImageOfPage\":{\"@id\":\"https:\/\/www.eko-bio-natura.sk\/shop\/produkt\/altajvitamini-visnevskeho-balzam-na-revitalizaciu-pokozky-30g\/#primaryimage\"},\"image\":{\"@id\":\"https:\/\/www.eko-bio-natura.sk\/shop\/produkt\/altajvitamini-visnevskeho-balzam-na-revitalizaciu-pokozky-30g\/#primaryimage\"},\"thumbnailUrl\":\"https:\/\/www.eko-bio-natura.sk\/shop\/wp-content\/uploads\/2021\/12\/4200-2_visnevskeho-balzam-na-revitalizaciu-pokozky-30g-scaled.jpg\",\"datePublished\":\"2021-12-28T17:04:00+00:00\",\"dateModified\":\"2025-06-04T14:03:17+00:00\",\"breadcrumb\":{\"@id\":\"https:\/\/www.eko-bio-natura.sk\/shop\/produkt\/altajvitamini-visnevskeho-balzam-na-revitalizaciu-pokozky-30g\/#breadcrumb\"},\"inLanguage\":\"sk-SK\",\"potentialAction\":[{\"@type\":\"ReadAction\",\"target\":[\"https:\/\/www.eko-bio-natura.sk\/shop\/produkt\/altajvitamini-visnevskeho-balzam-na-revitalizaciu-pokozky-30g\/\"]}]},{\"@type\":\"ImageObject\",\"inLanguage\":\"sk-SK\",\"@id\":\"https:\/\/www.eko-bio-natura.sk\/shop\/produkt\/altajvitamini-visnevskeho-balzam-na-revitalizaciu-pokozky-30g\/#primaryimage\",\"url\":\"https:\/\/www.eko-bio-natura.sk\/shop\/wp-content\/uploads\/2021\/12\/4200-2_visnevskeho-balzam-na-revitalizaciu-pokozky-30g-scaled.jpg\",\"contentUrl\":\"https:\/\/www.eko-bio-natura.sk\/shop\/wp-content\/uploads\/2021\/12\/4200-2_visnevskeho-balzam-na-revitalizaciu-pokozky-30g-scaled.jpg\",\"width\":2560,\"height\":1923},{\"@type\":\"BreadcrumbList\",\"@id\":\"https:\/\/www.eko-bio-natura.sk\/shop\/produkt\/altajvitamini-visnevskeho-balzam-na-revitalizaciu-pokozky-30g\/#breadcrumb\",\"itemListElement\":[{\"@type\":\"ListItem\",\"position\":1,\"name\":\"Domovsk\u00e1 str\u00e1nka\",\"item\":\"https:\/\/www.eko-bio-natura.sk\/shop\/\"},{\"@type\":\"ListItem\",\"position\":2,\"name\":\"Obchod\",\"item\":\"https:\/\/www.eko-bio-natura.sk\/shop\/?page_id=6\"},{\"@type\":\"ListItem\",\"position\":3,\"name\":\"Altajvitamini Vi\u0161nevsk\u00e9ho balzam na revitaliz\u00e1ciu poko\u017eky- 30g\"}]},{\"@type\":\"WebSite\",\"@id\":\"https:\/\/www.eko-bio-natura.sk\/shop\/#website\",\"url\":\"https:\/\/www.eko-bio-natura.sk\/shop\/\",\"name\":\"EKO-BIO-NATURA BIO OBCHOD\",\"description\":\"\",\"publisher\":{\"@id\":\"https:\/\/www.eko-bio-natura.sk\/shop\/#organization\"},\"potentialAction\":[{\"@type\":\"SearchAction\",\"target\":{\"@type\":\"EntryPoint\",\"urlTemplate\":\"https:\/\/www.eko-bio-natura.sk\/shop\/?s={search_term_string}\"},\"query-input\":{\"@type\":\"PropertyValueSpecification\",\"valueRequired\":true,\"valueName\":\"search_term_string\"}}],\"inLanguage\":\"sk-SK\"},{\"@type\":\"Organization\",\"@id\":\"https:\/\/www.eko-bio-natura.sk\/shop\/#organization\",\"name\":\"EKO-BIO-NATURA BIO OBCHOD\",\"url\":\"https:\/\/www.eko-bio-natura.sk\/shop\/\",\"logo\":{\"@type\":\"ImageObject\",\"inLanguage\":\"sk-SK\",\"@id\":\"https:\/\/www.eko-bio-natura.sk\/shop\/#\/schema\/logo\/image\/\",\"url\":\"https:\/\/www.eko-bio-natura.sk\/shop\/wp-content\/uploads\/2021\/04\/eko-bio-natura_logo.png\",\"contentUrl\":\"https:\/\/www.eko-bio-natura.sk\/shop\/wp-content\/uploads\/2021\/04\/eko-bio-natura_logo.png\",\"width\":552,\"height\":194,\"caption\":\"EKO-BIO-NATURA BIO OBCHOD\"},\"image\":{\"@id\":\"https:\/\/www.eko-bio-natura.sk\/shop\/#\/schema\/logo\/image\/\"}}]}<\/script>\n<!-- \/ Yoast SEO plugin. -->","yoast_head_json":{"title":"Altajvitamini Vi\u0161nevsk\u00e9ho balzam na revitaliz\u00e1ciu poko\u017eky- 30g - EKO-BIO-NATURA BIO OBCHOD","robots":{"index":"index","follow":"follow","max-snippet":"max-snippet:-1","max-image-preview":"max-image-preview:large","max-video-preview":"max-video-preview:-1"},"canonical":"https:\/\/www.eko-bio-natura.sk\/shop\/produkt\/altajvitamini-visnevskeho-balzam-na-revitalizaciu-pokozky-30g\/","og_locale":"sk_SK","og_type":"article","og_title":"Altajvitamini Vi\u0161nevsk\u00e9ho balzam na revitaliz\u00e1ciu poko\u017eky- 30g - EKO-BIO-NATURA BIO OBCHOD","og_description":"Pom\u00e1ha hoji\u0165 pop\u00e1leniny, rany a omrzliny. Tento kr\u00e9m sa pou\u017e\u00edva taktie\u017e u&nbsp;pacientov, ktor\u00ed trpia prele\u017eaninami. Produkt m\u00f4\u017ee vies\u0165 k lep\u0161\u00edm v\u00fdsledkom hojenia u \u013eud\u00ed, ktor\u00ed bojuj\u00fa s dekubitmi, teda prele\u017eaninami. Sp\u00f4sob pou\u017eitia: Kr\u00e9m natiera\u0165 5-6 kr\u00e1t denne na postihnut\u00e9 miesto, po nanesen\u00ed postihnut\u00e9 miesto obviaza\u0165 obv\u00e4zom. &nbsp; Upozornenie: Neodpor\u00fa\u010da sa pou\u017e\u00edva\u0165 v&nbsp;pr\u00edpade precitlivelosti na niektor\u00fa [&hellip;]","og_url":"https:\/\/www.eko-bio-natura.sk\/shop\/produkt\/altajvitamini-visnevskeho-balzam-na-revitalizaciu-pokozky-30g\/","og_site_name":"EKO-BIO-NATURA BIO OBCHOD","article_modified_time":"2025-06-04T14:03:17+00:00","og_image":[{"width":2560,"height":1923,"url":"https:\/\/www.eko-bio-natura.sk\/shop\/wp-content\/uploads\/2021\/12\/4200-2_visnevskeho-balzam-na-revitalizaciu-pokozky-30g-scaled.jpg","type":"image\/jpeg"}],"twitter_card":"summary_large_image","twitter_misc":{"Predpokladan\u00fd \u010das \u010d\u00edtania":"3 min\u00faty"},"schema":{"@context":"https:\/\/schema.org","@graph":[{"@type":"WebPage","@id":"https:\/\/www.eko-bio-natura.sk\/shop\/produkt\/altajvitamini-visnevskeho-balzam-na-revitalizaciu-pokozky-30g\/","url":"https:\/\/www.eko-bio-natura.sk\/shop\/produkt\/altajvitamini-visnevskeho-balzam-na-revitalizaciu-pokozky-30g\/","name":"Altajvitamini Vi\u0161nevsk\u00e9ho balzam na revitaliz\u00e1ciu poko\u017eky- 30g - EKO-BIO-NATURA BIO OBCHOD","isPartOf":{"@id":"https:\/\/www.eko-bio-natura.sk\/shop\/#website"},"primaryImageOfPage":{"@id":"https:\/\/www.eko-bio-natura.sk\/shop\/produkt\/altajvitamini-visnevskeho-balzam-na-revitalizaciu-pokozky-30g\/#primaryimage"},"image":{"@id":"https:\/\/www.eko-bio-natura.sk\/shop\/produkt\/altajvitamini-visnevskeho-balzam-na-revitalizaciu-pokozky-30g\/#primaryimage"},"thumbnailUrl":"https:\/\/www.eko-bio-natura.sk\/shop\/wp-content\/uploads\/2021\/12\/4200-2_visnevskeho-balzam-na-revitalizaciu-pokozky-30g-scaled.jpg","datePublished":"2021-12-28T17:04:00+00:00","dateModified":"2025-06-04T14:03:17+00:00","breadcrumb":{"@id":"https:\/\/www.eko-bio-natura.sk\/shop\/produkt\/altajvitamini-visnevskeho-balzam-na-revitalizaciu-pokozky-30g\/#breadcrumb"},"inLanguage":"sk-SK","potentialAction":[{"@type":"ReadAction","target":["https:\/\/www.eko-bio-natura.sk\/shop\/produkt\/altajvitamini-visnevskeho-balzam-na-revitalizaciu-pokozky-30g\/"]}]},{"@type":"ImageObject","inLanguage":"sk-SK","@id":"https:\/\/www.eko-bio-natura.sk\/shop\/produkt\/altajvitamini-visnevskeho-balzam-na-revitalizaciu-pokozky-30g\/#primaryimage","url":"https:\/\/www.eko-bio-natura.sk\/shop\/wp-content\/uploads\/2021\/12\/4200-2_visnevskeho-balzam-na-revitalizaciu-pokozky-30g-scaled.jpg","contentUrl":"https:\/\/www.eko-bio-natura.sk\/shop\/wp-content\/uploads\/2021\/12\/4200-2_visnevskeho-balzam-na-revitalizaciu-pokozky-30g-scaled.jpg","width":2560,"height":1923},{"@type":"BreadcrumbList","@id":"https:\/\/www.eko-bio-natura.sk\/shop\/produkt\/altajvitamini-visnevskeho-balzam-na-revitalizaciu-pokozky-30g\/#breadcrumb","itemListElement":[{"@type":"ListItem","position":1,"name":"Domovsk\u00e1 str\u00e1nka","item":"https:\/\/www.eko-bio-natura.sk\/shop\/"},{"@type":"ListItem","position":2,"name":"Obchod","item":"https:\/\/www.eko-bio-natura.sk\/shop\/?page_id=6"},{"@type":"ListItem","position":3,"name":"Altajvitamini Vi\u0161nevsk\u00e9ho balzam na revitaliz\u00e1ciu poko\u017eky- 30g"}]},{"@type":"WebSite","@id":"https:\/\/www.eko-bio-natura.sk\/shop\/#website","url":"https:\/\/www.eko-bio-natura.sk\/shop\/","name":"EKO-BIO-NATURA BIO OBCHOD","description":"","publisher":{"@id":"https:\/\/www.eko-bio-natura.sk\/shop\/#organization"},"potentialAction":[{"@type":"SearchAction","target":{"@type":"EntryPoint","urlTemplate":"https:\/\/www.eko-bio-natura.sk\/shop\/?s={search_term_string}"},"query-input":{"@type":"PropertyValueSpecification","valueRequired":true,"valueName":"search_term_string"}}],"inLanguage":"sk-SK"},{"@type":"Organization","@id":"https:\/\/www.eko-bio-natura.sk\/shop\/#organization","name":"EKO-BIO-NATURA BIO OBCHOD","url":"https:\/\/www.eko-bio-natura.sk\/shop\/","logo":{"@type":"ImageObject","inLanguage":"sk-SK","@id":"https:\/\/www.eko-bio-natura.sk\/shop\/#\/schema\/logo\/image\/","url":"https:\/\/www.eko-bio-natura.sk\/shop\/wp-content\/uploads\/2021\/04\/eko-bio-natura_logo.png","contentUrl":"https:\/\/www.eko-bio-natura.sk\/shop\/wp-content\/uploads\/2021\/04\/eko-bio-natura_logo.png","width":552,"height":194,"caption":"EKO-BIO-NATURA BIO OBCHOD"},"image":{"@id":"https:\/\/www.eko-bio-natura.sk\/shop\/#\/schema\/logo\/image\/"}}]}},"_links":{"self":[{"href":"https:\/\/www.eko-bio-natura.sk\/shop\/wp-json\/wp\/v2\/product\/7358","targetHints":{"allow":["GET"]}}],"collection":[{"href":"https:\/\/www.eko-bio-natura.sk\/shop\/wp-json\/wp\/v2\/product"}],"about":[{"href":"https:\/\/www.eko-bio-natura.sk\/shop\/wp-json\/wp\/v2\/types\/product"}],"replies":[{"embeddable":true,"href":"https:\/\/www.eko-bio-natura.sk\/shop\/wp-json\/wp\/v2\/comments?post=7358"}],"wp:featuredmedia":[{"embeddable":true,"href":"https:\/\/www.eko-bio-natura.sk\/shop\/wp-json\/wp\/v2\/media\/7359"}],"wp:attachment":[{"href":"https:\/\/www.eko-bio-natura.sk\/shop\/wp-json\/wp\/v2\/media?parent=7358"}],"wp:term":[{"taxonomy":"product_brand","embeddable":true,"href":"https:\/\/www.eko-bio-natura.sk\/shop\/wp-json\/wp\/v2\/product_brand?post=7358"},{"taxonomy":"product_cat","embeddable":true,"href":"https:\/\/www.eko-bio-natura.sk\/shop\/wp-json\/wp\/v2\/product_cat?post=7358"},{"taxonomy":"product_tag","embeddable":true,"href":"https:\/\/www.eko-bio-natura.sk\/shop\/wp-json\/wp\/v2\/product_tag?post=7358"}],"curies":[{"name":"wp","href":"https:\/\/api.w.org\/{rel}","templated":true}]}}