{"id":7356,"date":"2021-12-28T18:03:26","date_gmt":"2021-12-28T17:03:26","guid":{"rendered":"https:\/\/www.eko-bio-natura.sk\/shop\/index.php\/produkt\/caj-z-natrznice-mociarnej-firma-kima-50g\/"},"modified":"2021-12-28T18:03:48","modified_gmt":"2021-12-28T17:03:48","slug":"caj-z-natrznice-mociarnej-firma-kima-50g","status":"publish","type":"product","link":"https:\/\/www.eko-bio-natura.sk\/shop\/produkt\/caj-z-natrznice-mociarnej-firma-kima-50g\/","title":{"rendered":"\u010caj z n\u00e1tr\u017enice mo\u010diarnej &#8211; Firma Kima &#8211; 50g"},"content":{"rendered":"<p><span style=\"font-weight: 400; font-family: verdana, geneva; font-size: 12pt;\"><meta charset=\"UTF-8\" \/><strong><\/strong><\/span><\/p>\n<p><span style=\"font-family: verdana, geneva; font-size: 12pt;\"><strong>N\u00e1tr\u017enica mo\u010diarna<\/strong> rastie v horsk\u00fdch ra\u0161elinov\u00fdch a rybn\u00edkov\u00fdch krajoch, na Slovensku na Orave a v podtatranskej oblasti. Rastie naj\u010dastej\u0161ie na hr\u00e1dzach lesn\u00fdch rybn\u00edkov a pri lesn\u00fdch potokoch. Je z\u00e1konom chr\u00e1nen\u00e1.<\/span><\/p>\n<p><span style=\"font-family: verdana, geneva; font-size: 12pt;\">Rastlina je vysok\u00e1 10 &#8211; 60 cm, patr\u00ed medzi viacro\u010dn\u00e9 polokrovit\u00e9 s drevnatej\u00facim dlh\u00fdm podzemkom, vyrastaj\u00fa z neho hol\u00e9, mierne rozkon\u00e1ren\u00e9 listnat\u00e9 stonky. Listy s\u00fa p\u00e9rovito zlo\u017een\u00e9, p\u00edlkovit\u00e9, sivozelen\u00e9. Kvety a vn\u00fatro kalicha s\u00fa tmavo purpurov\u00e9. Plody s\u00fa na\u017eky, m\u00f4\u017eu na vode pl\u00e1va\u0165 a s\u00fa vyh\u013ead\u00e1van\u00e9 vt\u00e1kmi ako pokrm.<\/span><\/p>\n<p><span style=\"font-family: verdana, geneva; font-size: 12pt;\">Kedysi sa zbieral korene a v\u0148ate (Radix et Herba pentaphylli aq-uatici), pri\u010dom obidve s\u00fa neoby\u010dajne bohat\u00e9 na triesloviny aj farbivo a s\u00fa star\u00fdm \u013eudov\u00fdm prostriedkom<strong> proti hna\u010dke.<\/strong><\/span><\/p>\n<p><span style=\"font-weight: 400; font-family: verdana, geneva; font-size: 12pt;\"><strong><br \/>Sp\u00f4sob pou\u017eitia :<\/strong> &nbsp;1 polievkov\u00fa ly\u017eicu zalia\u0165 200 ml hor\u00facej vody, 10-14 min\u00fat necha\u0165 l\u00fahova\u0165,n\u00e1sledne precedi\u0165 a pi\u0165 ako oby\u010dajn\u00fd \u010daj. <\/span><\/p>\n<p><span style=\"font-weight: 400; font-family: verdana, geneva; font-size: 12pt;\"><strong>Zlo\u017eenie :<\/strong> n\u00e1tr\u017enica mo\u010diarna<\/span><\/p>\n<p><span style=\"font-weight: 400; font-family: verdana, geneva; font-size: 12pt;\"><strong>Obsah<\/strong>&nbsp;: 50 g<\/span><\/p>\n<p><span style=\"font-weight: 400; font-family: verdana, geneva; font-size: 12pt;\"><strong>Krajina p\u00f4vodu<\/strong> : RU<\/span><\/p>\n","protected":false},"excerpt":{"rendered":"<p>N\u00e1tr\u017enica mo\u010diarna rastie v horsk\u00fdch ra\u0161elinov\u00fdch a rybn\u00edkov\u00fdch krajoch, na Slovensku na Orave a v podtatranskej oblasti. Rastie naj\u010dastej\u0161ie na hr\u00e1dzach lesn\u00fdch rybn\u00edkov a pri lesn\u00fdch potokoch. Je z\u00e1konom chr\u00e1nen\u00e1. Rastlina je vysok\u00e1 10 &#8211; 60 cm, patr\u00ed medzi viacro\u010dn\u00e9 polokrovit\u00e9 s drevnatej\u00facim dlh\u00fdm podzemkom, vyrastaj\u00fa z neho hol\u00e9, mierne rozkon\u00e1ren\u00e9 listnat\u00e9 stonky. Listy s\u00fa [&hellip;]<\/p>\n","protected":false},"featured_media":7357,"comment_status":"open","ping_status":"open","template":"","meta":{"site-sidebar-layout":"default","site-content-layout":"","ast-site-content-layout":"default","site-content-style":"default","site-sidebar-style":"default","ast-global-header-display":"","ast-banner-title-visibility":"","ast-main-header-display":"","ast-hfb-above-header-display":"","ast-hfb-below-header-display":"","ast-hfb-mobile-header-display":"","site-post-title":"","ast-breadcrumbs-content":"","ast-featured-img":"","footer-sml-layout":"","ast-disable-related-posts":"","theme-transparent-header-meta":"","adv-header-id-meta":"","stick-header-meta":"","header-above-stick-meta":"","header-main-stick-meta":"","header-below-stick-meta":"","astra-migrate-meta-layouts":"default","ast-page-background-enabled":"default","ast-page-background-meta":{"desktop":{"background-color":"","background-image":"","background-repeat":"repeat","background-position":"center center","background-size":"auto","background-attachment":"scroll","background-type":"","background-media":"","overlay-type":"","overlay-color":"","overlay-opacity":"","overlay-gradient":""},"tablet":{"background-color":"","background-image":"","background-repeat":"repeat","background-position":"center center","background-size":"auto","background-attachment":"scroll","background-type":"","background-media":"","overlay-type":"","overlay-color":"","overlay-opacity":"","overlay-gradient":""},"mobile":{"background-color":"","background-image":"","background-repeat":"repeat","background-position":"center center","background-size":"auto","background-attachment":"scroll","background-type":"","background-media":"","overlay-type":"","overlay-color":"","overlay-opacity":"","overlay-gradient":""}},"ast-content-background-meta":{"desktop":{"background-color":"var(--ast-global-color-5)","background-image":"","background-repeat":"repeat","background-position":"center center","background-size":"auto","background-attachment":"scroll","background-type":"","background-media":"","overlay-type":"","overlay-color":"","overlay-opacity":"","overlay-gradient":""},"tablet":{"background-color":"var(--ast-global-color-5)","background-image":"","background-repeat":"repeat","background-position":"center center","background-size":"auto","background-attachment":"scroll","background-type":"","background-media":"","overlay-type":"","overlay-color":"","overlay-opacity":"","overlay-gradient":""},"mobile":{"background-color":"var(--ast-global-color-5)","background-image":"","background-repeat":"repeat","background-position":"center center","background-size":"auto","background-attachment":"scroll","background-type":"","background-media":"","overlay-type":"","overlay-color":"","overlay-opacity":"","overlay-gradient":""}}},"product_brand":[],"product_cat":[181],"product_tag":[],"class_list":{"0":"post-7356","1":"product","2":"type-product","3":"status-publish","4":"has-post-thumbnail","6":"product_cat-caje-a-bylinky","7":"pa_cena-dopravy-367","8":"pa_doprava-zasilkovna","9":"pa_ean-389","10":"pa_typ-partnersky-predaj","11":"pa_znacka-firma-kima","12":"desktop-align-left","13":"tablet-align-left","14":"mobile-align-left","16":"first","17":"instock","18":"product-type-external"},"yoast_head":"<!-- This site is optimized with the Yoast SEO plugin v27.2 - https:\/\/yoast.com\/product\/yoast-seo-wordpress\/ -->\n<title>\u010caj z n\u00e1tr\u017enice mo\u010diarnej - Firma Kima - 50g - EKO-BIO-NATURA BIO OBCHOD<\/title>\n<meta name=\"robots\" content=\"index, follow, max-snippet:-1, max-image-preview:large, max-video-preview:-1\" \/>\n<link rel=\"canonical\" href=\"https:\/\/www.eko-bio-natura.sk\/shop\/produkt\/caj-z-natrznice-mociarnej-firma-kima-50g\/\" \/>\n<meta property=\"og:locale\" content=\"sk_SK\" \/>\n<meta property=\"og:type\" content=\"article\" \/>\n<meta property=\"og:title\" content=\"\u010caj z n\u00e1tr\u017enice mo\u010diarnej - Firma Kima - 50g - EKO-BIO-NATURA BIO OBCHOD\" \/>\n<meta property=\"og:description\" content=\"N\u00e1tr\u017enica mo\u010diarna rastie v horsk\u00fdch ra\u0161elinov\u00fdch a rybn\u00edkov\u00fdch krajoch, na Slovensku na Orave a v podtatranskej oblasti. Rastie naj\u010dastej\u0161ie na hr\u00e1dzach lesn\u00fdch rybn\u00edkov a pri lesn\u00fdch potokoch. Je z\u00e1konom chr\u00e1nen\u00e1. Rastlina je vysok\u00e1 10 &#8211; 60 cm, patr\u00ed medzi viacro\u010dn\u00e9 polokrovit\u00e9 s drevnatej\u00facim dlh\u00fdm podzemkom, vyrastaj\u00fa z neho hol\u00e9, mierne rozkon\u00e1ren\u00e9 listnat\u00e9 stonky. Listy s\u00fa [&hellip;]\" \/>\n<meta property=\"og:url\" content=\"https:\/\/www.eko-bio-natura.sk\/shop\/produkt\/caj-z-natrznice-mociarnej-firma-kima-50g\/\" \/>\n<meta property=\"og:site_name\" content=\"EKO-BIO-NATURA BIO OBCHOD\" \/>\n<meta property=\"article:modified_time\" content=\"2021-12-28T17:03:48+00:00\" \/>\n<meta property=\"og:image\" content=\"https:\/\/www.eko-bio-natura.sk\/shop\/wp-content\/uploads\/2021\/12\/2393-2_caj-z-natrznice-scaled.jpg\" \/>\n\t<meta property=\"og:image:width\" content=\"2560\" \/>\n\t<meta property=\"og:image:height\" content=\"1923\" \/>\n\t<meta property=\"og:image:type\" content=\"image\/jpeg\" \/>\n<meta name=\"twitter:card\" content=\"summary_large_image\" \/>\n<meta name=\"twitter:label1\" content=\"Predpokladan\u00fd \u010das \u010d\u00edtania\" \/>\n\t<meta name=\"twitter:data1\" content=\"1 min\u00fata\" \/>\n<script type=\"application\/ld+json\" class=\"yoast-schema-graph\">{\"@context\":\"https:\/\/schema.org\",\"@graph\":[{\"@type\":\"WebPage\",\"@id\":\"https:\/\/www.eko-bio-natura.sk\/shop\/produkt\/caj-z-natrznice-mociarnej-firma-kima-50g\/\",\"url\":\"https:\/\/www.eko-bio-natura.sk\/shop\/produkt\/caj-z-natrznice-mociarnej-firma-kima-50g\/\",\"name\":\"\u010caj z n\u00e1tr\u017enice mo\u010diarnej - Firma Kima - 50g - EKO-BIO-NATURA BIO OBCHOD\",\"isPartOf\":{\"@id\":\"https:\/\/www.eko-bio-natura.sk\/shop\/#website\"},\"primaryImageOfPage\":{\"@id\":\"https:\/\/www.eko-bio-natura.sk\/shop\/produkt\/caj-z-natrznice-mociarnej-firma-kima-50g\/#primaryimage\"},\"image\":{\"@id\":\"https:\/\/www.eko-bio-natura.sk\/shop\/produkt\/caj-z-natrznice-mociarnej-firma-kima-50g\/#primaryimage\"},\"thumbnailUrl\":\"https:\/\/www.eko-bio-natura.sk\/shop\/wp-content\/uploads\/2021\/12\/2393-2_caj-z-natrznice-scaled.jpg\",\"datePublished\":\"2021-12-28T17:03:26+00:00\",\"dateModified\":\"2021-12-28T17:03:48+00:00\",\"breadcrumb\":{\"@id\":\"https:\/\/www.eko-bio-natura.sk\/shop\/produkt\/caj-z-natrznice-mociarnej-firma-kima-50g\/#breadcrumb\"},\"inLanguage\":\"sk-SK\",\"potentialAction\":[{\"@type\":\"ReadAction\",\"target\":[\"https:\/\/www.eko-bio-natura.sk\/shop\/produkt\/caj-z-natrznice-mociarnej-firma-kima-50g\/\"]}]},{\"@type\":\"ImageObject\",\"inLanguage\":\"sk-SK\",\"@id\":\"https:\/\/www.eko-bio-natura.sk\/shop\/produkt\/caj-z-natrznice-mociarnej-firma-kima-50g\/#primaryimage\",\"url\":\"https:\/\/www.eko-bio-natura.sk\/shop\/wp-content\/uploads\/2021\/12\/2393-2_caj-z-natrznice-scaled.jpg\",\"contentUrl\":\"https:\/\/www.eko-bio-natura.sk\/shop\/wp-content\/uploads\/2021\/12\/2393-2_caj-z-natrznice-scaled.jpg\",\"width\":2560,\"height\":1923},{\"@type\":\"BreadcrumbList\",\"@id\":\"https:\/\/www.eko-bio-natura.sk\/shop\/produkt\/caj-z-natrznice-mociarnej-firma-kima-50g\/#breadcrumb\",\"itemListElement\":[{\"@type\":\"ListItem\",\"position\":1,\"name\":\"Domovsk\u00e1 str\u00e1nka\",\"item\":\"https:\/\/www.eko-bio-natura.sk\/shop\/\"},{\"@type\":\"ListItem\",\"position\":2,\"name\":\"Obchod\",\"item\":\"https:\/\/www.eko-bio-natura.sk\/shop\/?page_id=6\"},{\"@type\":\"ListItem\",\"position\":3,\"name\":\"\u010caj z n\u00e1tr\u017enice mo\u010diarnej &#8211; Firma Kima &#8211; 50g\"}]},{\"@type\":\"WebSite\",\"@id\":\"https:\/\/www.eko-bio-natura.sk\/shop\/#website\",\"url\":\"https:\/\/www.eko-bio-natura.sk\/shop\/\",\"name\":\"EKO-BIO-NATURA BIO OBCHOD\",\"description\":\"\",\"publisher\":{\"@id\":\"https:\/\/www.eko-bio-natura.sk\/shop\/#organization\"},\"potentialAction\":[{\"@type\":\"SearchAction\",\"target\":{\"@type\":\"EntryPoint\",\"urlTemplate\":\"https:\/\/www.eko-bio-natura.sk\/shop\/?s={search_term_string}\"},\"query-input\":{\"@type\":\"PropertyValueSpecification\",\"valueRequired\":true,\"valueName\":\"search_term_string\"}}],\"inLanguage\":\"sk-SK\"},{\"@type\":\"Organization\",\"@id\":\"https:\/\/www.eko-bio-natura.sk\/shop\/#organization\",\"name\":\"EKO-BIO-NATURA BIO OBCHOD\",\"url\":\"https:\/\/www.eko-bio-natura.sk\/shop\/\",\"logo\":{\"@type\":\"ImageObject\",\"inLanguage\":\"sk-SK\",\"@id\":\"https:\/\/www.eko-bio-natura.sk\/shop\/#\/schema\/logo\/image\/\",\"url\":\"https:\/\/www.eko-bio-natura.sk\/shop\/wp-content\/uploads\/2021\/04\/eko-bio-natura_logo.png\",\"contentUrl\":\"https:\/\/www.eko-bio-natura.sk\/shop\/wp-content\/uploads\/2021\/04\/eko-bio-natura_logo.png\",\"width\":552,\"height\":194,\"caption\":\"EKO-BIO-NATURA BIO OBCHOD\"},\"image\":{\"@id\":\"https:\/\/www.eko-bio-natura.sk\/shop\/#\/schema\/logo\/image\/\"}}]}<\/script>\n<!-- \/ Yoast SEO plugin. -->","yoast_head_json":{"title":"\u010caj z n\u00e1tr\u017enice mo\u010diarnej - Firma Kima - 50g - EKO-BIO-NATURA BIO OBCHOD","robots":{"index":"index","follow":"follow","max-snippet":"max-snippet:-1","max-image-preview":"max-image-preview:large","max-video-preview":"max-video-preview:-1"},"canonical":"https:\/\/www.eko-bio-natura.sk\/shop\/produkt\/caj-z-natrznice-mociarnej-firma-kima-50g\/","og_locale":"sk_SK","og_type":"article","og_title":"\u010caj z n\u00e1tr\u017enice mo\u010diarnej - Firma Kima - 50g - EKO-BIO-NATURA BIO OBCHOD","og_description":"N\u00e1tr\u017enica mo\u010diarna rastie v horsk\u00fdch ra\u0161elinov\u00fdch a rybn\u00edkov\u00fdch krajoch, na Slovensku na Orave a v podtatranskej oblasti. Rastie naj\u010dastej\u0161ie na hr\u00e1dzach lesn\u00fdch rybn\u00edkov a pri lesn\u00fdch potokoch. Je z\u00e1konom chr\u00e1nen\u00e1. Rastlina je vysok\u00e1 10 &#8211; 60 cm, patr\u00ed medzi viacro\u010dn\u00e9 polokrovit\u00e9 s drevnatej\u00facim dlh\u00fdm podzemkom, vyrastaj\u00fa z neho hol\u00e9, mierne rozkon\u00e1ren\u00e9 listnat\u00e9 stonky. Listy s\u00fa [&hellip;]","og_url":"https:\/\/www.eko-bio-natura.sk\/shop\/produkt\/caj-z-natrznice-mociarnej-firma-kima-50g\/","og_site_name":"EKO-BIO-NATURA BIO OBCHOD","article_modified_time":"2021-12-28T17:03:48+00:00","og_image":[{"width":2560,"height":1923,"url":"https:\/\/www.eko-bio-natura.sk\/shop\/wp-content\/uploads\/2021\/12\/2393-2_caj-z-natrznice-scaled.jpg","type":"image\/jpeg"}],"twitter_card":"summary_large_image","twitter_misc":{"Predpokladan\u00fd \u010das \u010d\u00edtania":"1 min\u00fata"},"schema":{"@context":"https:\/\/schema.org","@graph":[{"@type":"WebPage","@id":"https:\/\/www.eko-bio-natura.sk\/shop\/produkt\/caj-z-natrznice-mociarnej-firma-kima-50g\/","url":"https:\/\/www.eko-bio-natura.sk\/shop\/produkt\/caj-z-natrznice-mociarnej-firma-kima-50g\/","name":"\u010caj z n\u00e1tr\u017enice mo\u010diarnej - Firma Kima - 50g - EKO-BIO-NATURA BIO OBCHOD","isPartOf":{"@id":"https:\/\/www.eko-bio-natura.sk\/shop\/#website"},"primaryImageOfPage":{"@id":"https:\/\/www.eko-bio-natura.sk\/shop\/produkt\/caj-z-natrznice-mociarnej-firma-kima-50g\/#primaryimage"},"image":{"@id":"https:\/\/www.eko-bio-natura.sk\/shop\/produkt\/caj-z-natrznice-mociarnej-firma-kima-50g\/#primaryimage"},"thumbnailUrl":"https:\/\/www.eko-bio-natura.sk\/shop\/wp-content\/uploads\/2021\/12\/2393-2_caj-z-natrznice-scaled.jpg","datePublished":"2021-12-28T17:03:26+00:00","dateModified":"2021-12-28T17:03:48+00:00","breadcrumb":{"@id":"https:\/\/www.eko-bio-natura.sk\/shop\/produkt\/caj-z-natrznice-mociarnej-firma-kima-50g\/#breadcrumb"},"inLanguage":"sk-SK","potentialAction":[{"@type":"ReadAction","target":["https:\/\/www.eko-bio-natura.sk\/shop\/produkt\/caj-z-natrznice-mociarnej-firma-kima-50g\/"]}]},{"@type":"ImageObject","inLanguage":"sk-SK","@id":"https:\/\/www.eko-bio-natura.sk\/shop\/produkt\/caj-z-natrznice-mociarnej-firma-kima-50g\/#primaryimage","url":"https:\/\/www.eko-bio-natura.sk\/shop\/wp-content\/uploads\/2021\/12\/2393-2_caj-z-natrznice-scaled.jpg","contentUrl":"https:\/\/www.eko-bio-natura.sk\/shop\/wp-content\/uploads\/2021\/12\/2393-2_caj-z-natrznice-scaled.jpg","width":2560,"height":1923},{"@type":"BreadcrumbList","@id":"https:\/\/www.eko-bio-natura.sk\/shop\/produkt\/caj-z-natrznice-mociarnej-firma-kima-50g\/#breadcrumb","itemListElement":[{"@type":"ListItem","position":1,"name":"Domovsk\u00e1 str\u00e1nka","item":"https:\/\/www.eko-bio-natura.sk\/shop\/"},{"@type":"ListItem","position":2,"name":"Obchod","item":"https:\/\/www.eko-bio-natura.sk\/shop\/?page_id=6"},{"@type":"ListItem","position":3,"name":"\u010caj z n\u00e1tr\u017enice mo\u010diarnej &#8211; Firma Kima &#8211; 50g"}]},{"@type":"WebSite","@id":"https:\/\/www.eko-bio-natura.sk\/shop\/#website","url":"https:\/\/www.eko-bio-natura.sk\/shop\/","name":"EKO-BIO-NATURA BIO OBCHOD","description":"","publisher":{"@id":"https:\/\/www.eko-bio-natura.sk\/shop\/#organization"},"potentialAction":[{"@type":"SearchAction","target":{"@type":"EntryPoint","urlTemplate":"https:\/\/www.eko-bio-natura.sk\/shop\/?s={search_term_string}"},"query-input":{"@type":"PropertyValueSpecification","valueRequired":true,"valueName":"search_term_string"}}],"inLanguage":"sk-SK"},{"@type":"Organization","@id":"https:\/\/www.eko-bio-natura.sk\/shop\/#organization","name":"EKO-BIO-NATURA BIO OBCHOD","url":"https:\/\/www.eko-bio-natura.sk\/shop\/","logo":{"@type":"ImageObject","inLanguage":"sk-SK","@id":"https:\/\/www.eko-bio-natura.sk\/shop\/#\/schema\/logo\/image\/","url":"https:\/\/www.eko-bio-natura.sk\/shop\/wp-content\/uploads\/2021\/04\/eko-bio-natura_logo.png","contentUrl":"https:\/\/www.eko-bio-natura.sk\/shop\/wp-content\/uploads\/2021\/04\/eko-bio-natura_logo.png","width":552,"height":194,"caption":"EKO-BIO-NATURA BIO OBCHOD"},"image":{"@id":"https:\/\/www.eko-bio-natura.sk\/shop\/#\/schema\/logo\/image\/"}}]}},"_links":{"self":[{"href":"https:\/\/www.eko-bio-natura.sk\/shop\/wp-json\/wp\/v2\/product\/7356","targetHints":{"allow":["GET"]}}],"collection":[{"href":"https:\/\/www.eko-bio-natura.sk\/shop\/wp-json\/wp\/v2\/product"}],"about":[{"href":"https:\/\/www.eko-bio-natura.sk\/shop\/wp-json\/wp\/v2\/types\/product"}],"replies":[{"embeddable":true,"href":"https:\/\/www.eko-bio-natura.sk\/shop\/wp-json\/wp\/v2\/comments?post=7356"}],"wp:featuredmedia":[{"embeddable":true,"href":"https:\/\/www.eko-bio-natura.sk\/shop\/wp-json\/wp\/v2\/media\/7357"}],"wp:attachment":[{"href":"https:\/\/www.eko-bio-natura.sk\/shop\/wp-json\/wp\/v2\/media?parent=7356"}],"wp:term":[{"taxonomy":"product_brand","embeddable":true,"href":"https:\/\/www.eko-bio-natura.sk\/shop\/wp-json\/wp\/v2\/product_brand?post=7356"},{"taxonomy":"product_cat","embeddable":true,"href":"https:\/\/www.eko-bio-natura.sk\/shop\/wp-json\/wp\/v2\/product_cat?post=7356"},{"taxonomy":"product_tag","embeddable":true,"href":"https:\/\/www.eko-bio-natura.sk\/shop\/wp-json\/wp\/v2\/product_tag?post=7356"}],"curies":[{"name":"wp","href":"https:\/\/api.w.org\/{rel}","templated":true}]}}