{"id":57,"date":"2025-04-17T17:28:59","date_gmt":"2025-04-17T15:28:59","guid":{"rendered":"https:\/\/www.eko-bio-natura.sk\/shop\/index.php\/produkt\/100-prirodny-caj-imunita-firma-kima-50g\/"},"modified":"2025-04-17T17:29:00","modified_gmt":"2025-04-17T15:29:00","slug":"100-prirodny-caj-imunita-firma-kima-50g","status":"publish","type":"product","link":"https:\/\/www.eko-bio-natura.sk\/shop\/produkt\/100-prirodny-caj-imunita-firma-kima-50g\/","title":{"rendered":"100 % pr\u00edrodn\u00fd \u010daj &quot;Imunita&quot; &#8211; Firma Kima &#8211; 50g"},"content":{"rendered":"<p><span style=\"font-family: verdana, geneva; font-size: 12pt;\"><meta charset=\"UTF-8\" \/><strong><span><\/span><\/strong><\/span><\/p>\n<p><span style=\"font-family: verdana, geneva; font-size: 12pt;\"><strong><\/strong>\u010caj Imunita prispieva k spr\u00e1vnej funkcii imunitn\u00e9ho syst\u00e9mu.<\/span><\/p>\n<p><span style=\"font-family: verdana, geneva; font-size: 12pt;\">Neobsahuje GMO , umel\u00e9 farbiv\u00e1, ar\u00f3my.<br \/><strong><br \/>Sp\u00f4sob pou\u017eitia:<\/strong> 1 polievkov\u00fa ly\u017eicu zalia\u0165 200ml hor\u00facej vody, necha\u0165 vyluhova\u0165 10-15 min\u00fat, precedi\u0165, tro\u0161ku ochladi\u0165. Pi\u0165 ako oby\u010dajn\u00fd \u010daj.<\/span><\/p>\n<p><span style=\"font-family: verdana, geneva; font-size: 12pt;\"><strong>Skladovanie:<\/strong> Skladujte v\u00a0suchom, \u010distom, dobre vetranom priestore, chr\u00e1\u0148te pred \u0161kodcami obiln\u00fdch z\u00e1sob pri teplote od 15\u00b0C do 25\u00b0C, pri vlhkosti nie viac ako 75%.<\/span><\/p>\n<p><span style=\"font-family: verdana, geneva; font-size: 12pt;\"><strong>Zlo\u017eenie:<\/strong> list m\u00e4ty, \u013eubovn\u00edk, list medovky, kvety lipy.<\/span><\/p>\n<p><span style=\"font-family: verdana, geneva; font-size: 12pt;\"><strong>Objem:<\/strong> 50g<\/span><\/p>\n<p><span style=\"font-family: verdana, geneva; font-size: 12pt;\"><strong>Krajina p\u00f4vodu:<\/strong> RU<\/span><\/p>\n","protected":false},"excerpt":{"rendered":"<p>\u010caj Imunita prispieva k spr\u00e1vnej funkcii imunitn\u00e9ho syst\u00e9mu. Neobsahuje GMO , umel\u00e9 farbiv\u00e1, ar\u00f3my.Sp\u00f4sob pou\u017eitia: 1 polievkov\u00fa ly\u017eicu zalia\u0165 200ml hor\u00facej vody, necha\u0165 vyluhova\u0165 10-15 min\u00fat, precedi\u0165, tro\u0161ku ochladi\u0165. Pi\u0165 ako oby\u010dajn\u00fd \u010daj. Skladovanie: Skladujte v\u00a0suchom, \u010distom, dobre vetranom priestore, chr\u00e1\u0148te pred \u0161kodcami obiln\u00fdch z\u00e1sob pri teplote od 15\u00b0C do 25\u00b0C, pri vlhkosti nie viac [&hellip;]<\/p>\n","protected":false},"featured_media":13879,"comment_status":"open","ping_status":"open","template":"","meta":{"site-sidebar-layout":"default","site-content-layout":"","ast-site-content-layout":"default","site-content-style":"default","site-sidebar-style":"default","ast-global-header-display":"","ast-banner-title-visibility":"","ast-main-header-display":"","ast-hfb-above-header-display":"","ast-hfb-below-header-display":"","ast-hfb-mobile-header-display":"","site-post-title":"","ast-breadcrumbs-content":"","ast-featured-img":"","footer-sml-layout":"","ast-disable-related-posts":"","theme-transparent-header-meta":"","adv-header-id-meta":"","stick-header-meta":"","header-above-stick-meta":"","header-main-stick-meta":"","header-below-stick-meta":"","astra-migrate-meta-layouts":"default","ast-page-background-enabled":"default","ast-page-background-meta":{"desktop":{"background-color":"","background-image":"","background-repeat":"repeat","background-position":"center center","background-size":"auto","background-attachment":"scroll","background-type":"","background-media":"","overlay-type":"","overlay-color":"","overlay-opacity":"","overlay-gradient":""},"tablet":{"background-color":"","background-image":"","background-repeat":"repeat","background-position":"center center","background-size":"auto","background-attachment":"scroll","background-type":"","background-media":"","overlay-type":"","overlay-color":"","overlay-opacity":"","overlay-gradient":""},"mobile":{"background-color":"","background-image":"","background-repeat":"repeat","background-position":"center center","background-size":"auto","background-attachment":"scroll","background-type":"","background-media":"","overlay-type":"","overlay-color":"","overlay-opacity":"","overlay-gradient":""}},"ast-content-background-meta":{"desktop":{"background-color":"var(--ast-global-color-5)","background-image":"","background-repeat":"repeat","background-position":"center center","background-size":"auto","background-attachment":"scroll","background-type":"","background-media":"","overlay-type":"","overlay-color":"","overlay-opacity":"","overlay-gradient":""},"tablet":{"background-color":"var(--ast-global-color-5)","background-image":"","background-repeat":"repeat","background-position":"center center","background-size":"auto","background-attachment":"scroll","background-type":"","background-media":"","overlay-type":"","overlay-color":"","overlay-opacity":"","overlay-gradient":""},"mobile":{"background-color":"var(--ast-global-color-5)","background-image":"","background-repeat":"repeat","background-position":"center center","background-size":"auto","background-attachment":"scroll","background-type":"","background-media":"","overlay-type":"","overlay-color":"","overlay-opacity":"","overlay-gradient":""}}},"product_brand":[],"product_cat":[203,18],"product_tag":[],"class_list":{"0":"post-57","1":"product","2":"type-product","3":"status-publish","4":"has-post-thumbnail","6":"product_cat-alergia-a-imunita","7":"product_cat-prirodna-lekaren","8":"pa_cena-dopravy-367","9":"pa_doprava-zasilkovna","10":"pa_ean-379","11":"pa_typ-partnersky-predaj","12":"pa_znacka-firma-kima","13":"desktop-align-left","14":"tablet-align-left","15":"mobile-align-left","17":"first","18":"instock","19":"product-type-external"},"yoast_head":"<!-- This site is optimized with the Yoast SEO plugin v27.2 - https:\/\/yoast.com\/product\/yoast-seo-wordpress\/ -->\n<title>100 % pr\u00edrodn\u00fd \u010daj &quot;Imunita&quot; - Firma Kima - 50g - EKO-BIO-NATURA BIO OBCHOD<\/title>\n<meta name=\"robots\" content=\"index, follow, max-snippet:-1, max-image-preview:large, max-video-preview:-1\" \/>\n<link rel=\"canonical\" href=\"https:\/\/www.eko-bio-natura.sk\/shop\/produkt\/100-prirodny-caj-imunita-firma-kima-50g\/\" \/>\n<meta property=\"og:locale\" content=\"sk_SK\" \/>\n<meta property=\"og:type\" content=\"article\" \/>\n<meta property=\"og:title\" content=\"100 % pr\u00edrodn\u00fd \u010daj &quot;Imunita&quot; - Firma Kima - 50g - EKO-BIO-NATURA BIO OBCHOD\" \/>\n<meta property=\"og:description\" content=\"\u010caj Imunita prispieva k spr\u00e1vnej funkcii imunitn\u00e9ho syst\u00e9mu. Neobsahuje GMO , umel\u00e9 farbiv\u00e1, ar\u00f3my.Sp\u00f4sob pou\u017eitia: 1 polievkov\u00fa ly\u017eicu zalia\u0165 200ml hor\u00facej vody, necha\u0165 vyluhova\u0165 10-15 min\u00fat, precedi\u0165, tro\u0161ku ochladi\u0165. Pi\u0165 ako oby\u010dajn\u00fd \u010daj. Skladovanie: Skladujte v\u00a0suchom, \u010distom, dobre vetranom priestore, chr\u00e1\u0148te pred \u0161kodcami obiln\u00fdch z\u00e1sob pri teplote od 15\u00b0C do 25\u00b0C, pri vlhkosti nie viac [&hellip;]\" \/>\n<meta property=\"og:url\" content=\"https:\/\/www.eko-bio-natura.sk\/shop\/produkt\/100-prirodny-caj-imunita-firma-kima-50g\/\" \/>\n<meta property=\"og:site_name\" content=\"EKO-BIO-NATURA BIO OBCHOD\" \/>\n<meta property=\"article:modified_time\" content=\"2025-04-17T15:29:00+00:00\" \/>\n<meta property=\"og:image\" content=\"https:\/\/www.eko-bio-natura.sk\/shop\/wp-content\/uploads\/2023\/02\/2213-2_caj-imunita-scaled.jpg\" \/>\n\t<meta property=\"og:image:width\" content=\"2560\" \/>\n\t<meta property=\"og:image:height\" content=\"1923\" \/>\n\t<meta property=\"og:image:type\" content=\"image\/jpeg\" \/>\n<meta name=\"twitter:card\" content=\"summary_large_image\" \/>\n<script type=\"application\/ld+json\" class=\"yoast-schema-graph\">{\"@context\":\"https:\/\/schema.org\",\"@graph\":[{\"@type\":\"WebPage\",\"@id\":\"https:\/\/www.eko-bio-natura.sk\/shop\/produkt\/100-prirodny-caj-imunita-firma-kima-50g\/\",\"url\":\"https:\/\/www.eko-bio-natura.sk\/shop\/produkt\/100-prirodny-caj-imunita-firma-kima-50g\/\",\"name\":\"100 % pr\u00edrodn\u00fd \u010daj &quot;Imunita&quot; - Firma Kima - 50g - EKO-BIO-NATURA BIO OBCHOD\",\"isPartOf\":{\"@id\":\"https:\/\/www.eko-bio-natura.sk\/shop\/#website\"},\"primaryImageOfPage\":{\"@id\":\"https:\/\/www.eko-bio-natura.sk\/shop\/produkt\/100-prirodny-caj-imunita-firma-kima-50g\/#primaryimage\"},\"image\":{\"@id\":\"https:\/\/www.eko-bio-natura.sk\/shop\/produkt\/100-prirodny-caj-imunita-firma-kima-50g\/#primaryimage\"},\"thumbnailUrl\":\"https:\/\/www.eko-bio-natura.sk\/shop\/wp-content\/uploads\/2023\/02\/2213-2_caj-imunita-scaled.jpg\",\"datePublished\":\"2025-04-17T15:28:59+00:00\",\"dateModified\":\"2025-04-17T15:29:00+00:00\",\"breadcrumb\":{\"@id\":\"https:\/\/www.eko-bio-natura.sk\/shop\/produkt\/100-prirodny-caj-imunita-firma-kima-50g\/#breadcrumb\"},\"inLanguage\":\"sk-SK\",\"potentialAction\":[{\"@type\":\"ReadAction\",\"target\":[\"https:\/\/www.eko-bio-natura.sk\/shop\/produkt\/100-prirodny-caj-imunita-firma-kima-50g\/\"]}]},{\"@type\":\"ImageObject\",\"inLanguage\":\"sk-SK\",\"@id\":\"https:\/\/www.eko-bio-natura.sk\/shop\/produkt\/100-prirodny-caj-imunita-firma-kima-50g\/#primaryimage\",\"url\":\"https:\/\/www.eko-bio-natura.sk\/shop\/wp-content\/uploads\/2023\/02\/2213-2_caj-imunita-scaled.jpg\",\"contentUrl\":\"https:\/\/www.eko-bio-natura.sk\/shop\/wp-content\/uploads\/2023\/02\/2213-2_caj-imunita-scaled.jpg\",\"width\":2560,\"height\":1923},{\"@type\":\"BreadcrumbList\",\"@id\":\"https:\/\/www.eko-bio-natura.sk\/shop\/produkt\/100-prirodny-caj-imunita-firma-kima-50g\/#breadcrumb\",\"itemListElement\":[{\"@type\":\"ListItem\",\"position\":1,\"name\":\"Domovsk\u00e1 str\u00e1nka\",\"item\":\"https:\/\/www.eko-bio-natura.sk\/shop\/\"},{\"@type\":\"ListItem\",\"position\":2,\"name\":\"Obchod\",\"item\":\"https:\/\/www.eko-bio-natura.sk\/shop\/?page_id=6\"},{\"@type\":\"ListItem\",\"position\":3,\"name\":\"100 % pr\u00edrodn\u00fd \u010daj &quot;Imunita&quot; &#8211; Firma Kima &#8211; 50g\"}]},{\"@type\":\"WebSite\",\"@id\":\"https:\/\/www.eko-bio-natura.sk\/shop\/#website\",\"url\":\"https:\/\/www.eko-bio-natura.sk\/shop\/\",\"name\":\"EKO-BIO-NATURA BIO OBCHOD\",\"description\":\"\",\"publisher\":{\"@id\":\"https:\/\/www.eko-bio-natura.sk\/shop\/#organization\"},\"potentialAction\":[{\"@type\":\"SearchAction\",\"target\":{\"@type\":\"EntryPoint\",\"urlTemplate\":\"https:\/\/www.eko-bio-natura.sk\/shop\/?s={search_term_string}\"},\"query-input\":{\"@type\":\"PropertyValueSpecification\",\"valueRequired\":true,\"valueName\":\"search_term_string\"}}],\"inLanguage\":\"sk-SK\"},{\"@type\":\"Organization\",\"@id\":\"https:\/\/www.eko-bio-natura.sk\/shop\/#organization\",\"name\":\"EKO-BIO-NATURA BIO OBCHOD\",\"url\":\"https:\/\/www.eko-bio-natura.sk\/shop\/\",\"logo\":{\"@type\":\"ImageObject\",\"inLanguage\":\"sk-SK\",\"@id\":\"https:\/\/www.eko-bio-natura.sk\/shop\/#\/schema\/logo\/image\/\",\"url\":\"https:\/\/www.eko-bio-natura.sk\/shop\/wp-content\/uploads\/2021\/04\/eko-bio-natura_logo.png\",\"contentUrl\":\"https:\/\/www.eko-bio-natura.sk\/shop\/wp-content\/uploads\/2021\/04\/eko-bio-natura_logo.png\",\"width\":552,\"height\":194,\"caption\":\"EKO-BIO-NATURA BIO OBCHOD\"},\"image\":{\"@id\":\"https:\/\/www.eko-bio-natura.sk\/shop\/#\/schema\/logo\/image\/\"}}]}<\/script>\n<!-- \/ Yoast SEO plugin. -->","yoast_head_json":{"title":"100 % pr\u00edrodn\u00fd \u010daj &quot;Imunita&quot; - Firma Kima - 50g - EKO-BIO-NATURA BIO OBCHOD","robots":{"index":"index","follow":"follow","max-snippet":"max-snippet:-1","max-image-preview":"max-image-preview:large","max-video-preview":"max-video-preview:-1"},"canonical":"https:\/\/www.eko-bio-natura.sk\/shop\/produkt\/100-prirodny-caj-imunita-firma-kima-50g\/","og_locale":"sk_SK","og_type":"article","og_title":"100 % pr\u00edrodn\u00fd \u010daj &quot;Imunita&quot; - Firma Kima - 50g - EKO-BIO-NATURA BIO OBCHOD","og_description":"\u010caj Imunita prispieva k spr\u00e1vnej funkcii imunitn\u00e9ho syst\u00e9mu. Neobsahuje GMO , umel\u00e9 farbiv\u00e1, ar\u00f3my.Sp\u00f4sob pou\u017eitia: 1 polievkov\u00fa ly\u017eicu zalia\u0165 200ml hor\u00facej vody, necha\u0165 vyluhova\u0165 10-15 min\u00fat, precedi\u0165, tro\u0161ku ochladi\u0165. Pi\u0165 ako oby\u010dajn\u00fd \u010daj. Skladovanie: Skladujte v\u00a0suchom, \u010distom, dobre vetranom priestore, chr\u00e1\u0148te pred \u0161kodcami obiln\u00fdch z\u00e1sob pri teplote od 15\u00b0C do 25\u00b0C, pri vlhkosti nie viac [&hellip;]","og_url":"https:\/\/www.eko-bio-natura.sk\/shop\/produkt\/100-prirodny-caj-imunita-firma-kima-50g\/","og_site_name":"EKO-BIO-NATURA BIO OBCHOD","article_modified_time":"2025-04-17T15:29:00+00:00","og_image":[{"width":2560,"height":1923,"url":"https:\/\/www.eko-bio-natura.sk\/shop\/wp-content\/uploads\/2023\/02\/2213-2_caj-imunita-scaled.jpg","type":"image\/jpeg"}],"twitter_card":"summary_large_image","schema":{"@context":"https:\/\/schema.org","@graph":[{"@type":"WebPage","@id":"https:\/\/www.eko-bio-natura.sk\/shop\/produkt\/100-prirodny-caj-imunita-firma-kima-50g\/","url":"https:\/\/www.eko-bio-natura.sk\/shop\/produkt\/100-prirodny-caj-imunita-firma-kima-50g\/","name":"100 % pr\u00edrodn\u00fd \u010daj &quot;Imunita&quot; - Firma Kima - 50g - EKO-BIO-NATURA BIO OBCHOD","isPartOf":{"@id":"https:\/\/www.eko-bio-natura.sk\/shop\/#website"},"primaryImageOfPage":{"@id":"https:\/\/www.eko-bio-natura.sk\/shop\/produkt\/100-prirodny-caj-imunita-firma-kima-50g\/#primaryimage"},"image":{"@id":"https:\/\/www.eko-bio-natura.sk\/shop\/produkt\/100-prirodny-caj-imunita-firma-kima-50g\/#primaryimage"},"thumbnailUrl":"https:\/\/www.eko-bio-natura.sk\/shop\/wp-content\/uploads\/2023\/02\/2213-2_caj-imunita-scaled.jpg","datePublished":"2025-04-17T15:28:59+00:00","dateModified":"2025-04-17T15:29:00+00:00","breadcrumb":{"@id":"https:\/\/www.eko-bio-natura.sk\/shop\/produkt\/100-prirodny-caj-imunita-firma-kima-50g\/#breadcrumb"},"inLanguage":"sk-SK","potentialAction":[{"@type":"ReadAction","target":["https:\/\/www.eko-bio-natura.sk\/shop\/produkt\/100-prirodny-caj-imunita-firma-kima-50g\/"]}]},{"@type":"ImageObject","inLanguage":"sk-SK","@id":"https:\/\/www.eko-bio-natura.sk\/shop\/produkt\/100-prirodny-caj-imunita-firma-kima-50g\/#primaryimage","url":"https:\/\/www.eko-bio-natura.sk\/shop\/wp-content\/uploads\/2023\/02\/2213-2_caj-imunita-scaled.jpg","contentUrl":"https:\/\/www.eko-bio-natura.sk\/shop\/wp-content\/uploads\/2023\/02\/2213-2_caj-imunita-scaled.jpg","width":2560,"height":1923},{"@type":"BreadcrumbList","@id":"https:\/\/www.eko-bio-natura.sk\/shop\/produkt\/100-prirodny-caj-imunita-firma-kima-50g\/#breadcrumb","itemListElement":[{"@type":"ListItem","position":1,"name":"Domovsk\u00e1 str\u00e1nka","item":"https:\/\/www.eko-bio-natura.sk\/shop\/"},{"@type":"ListItem","position":2,"name":"Obchod","item":"https:\/\/www.eko-bio-natura.sk\/shop\/?page_id=6"},{"@type":"ListItem","position":3,"name":"100 % pr\u00edrodn\u00fd \u010daj &quot;Imunita&quot; &#8211; Firma Kima &#8211; 50g"}]},{"@type":"WebSite","@id":"https:\/\/www.eko-bio-natura.sk\/shop\/#website","url":"https:\/\/www.eko-bio-natura.sk\/shop\/","name":"EKO-BIO-NATURA BIO OBCHOD","description":"","publisher":{"@id":"https:\/\/www.eko-bio-natura.sk\/shop\/#organization"},"potentialAction":[{"@type":"SearchAction","target":{"@type":"EntryPoint","urlTemplate":"https:\/\/www.eko-bio-natura.sk\/shop\/?s={search_term_string}"},"query-input":{"@type":"PropertyValueSpecification","valueRequired":true,"valueName":"search_term_string"}}],"inLanguage":"sk-SK"},{"@type":"Organization","@id":"https:\/\/www.eko-bio-natura.sk\/shop\/#organization","name":"EKO-BIO-NATURA BIO OBCHOD","url":"https:\/\/www.eko-bio-natura.sk\/shop\/","logo":{"@type":"ImageObject","inLanguage":"sk-SK","@id":"https:\/\/www.eko-bio-natura.sk\/shop\/#\/schema\/logo\/image\/","url":"https:\/\/www.eko-bio-natura.sk\/shop\/wp-content\/uploads\/2021\/04\/eko-bio-natura_logo.png","contentUrl":"https:\/\/www.eko-bio-natura.sk\/shop\/wp-content\/uploads\/2021\/04\/eko-bio-natura_logo.png","width":552,"height":194,"caption":"EKO-BIO-NATURA BIO OBCHOD"},"image":{"@id":"https:\/\/www.eko-bio-natura.sk\/shop\/#\/schema\/logo\/image\/"}}]}},"_links":{"self":[{"href":"https:\/\/www.eko-bio-natura.sk\/shop\/wp-json\/wp\/v2\/product\/57","targetHints":{"allow":["GET"]}}],"collection":[{"href":"https:\/\/www.eko-bio-natura.sk\/shop\/wp-json\/wp\/v2\/product"}],"about":[{"href":"https:\/\/www.eko-bio-natura.sk\/shop\/wp-json\/wp\/v2\/types\/product"}],"replies":[{"embeddable":true,"href":"https:\/\/www.eko-bio-natura.sk\/shop\/wp-json\/wp\/v2\/comments?post=57"}],"wp:featuredmedia":[{"embeddable":true,"href":"https:\/\/www.eko-bio-natura.sk\/shop\/wp-json\/wp\/v2\/media\/13879"}],"wp:attachment":[{"href":"https:\/\/www.eko-bio-natura.sk\/shop\/wp-json\/wp\/v2\/media?parent=57"}],"wp:term":[{"taxonomy":"product_brand","embeddable":true,"href":"https:\/\/www.eko-bio-natura.sk\/shop\/wp-json\/wp\/v2\/product_brand?post=57"},{"taxonomy":"product_cat","embeddable":true,"href":"https:\/\/www.eko-bio-natura.sk\/shop\/wp-json\/wp\/v2\/product_cat?post=57"},{"taxonomy":"product_tag","embeddable":true,"href":"https:\/\/www.eko-bio-natura.sk\/shop\/wp-json\/wp\/v2\/product_tag?post=57"}],"curies":[{"name":"wp","href":"https:\/\/api.w.org\/{rel}","templated":true}]}}