{"id":563,"date":"2025-04-17T17:29:03","date_gmt":"2025-04-17T15:29:03","guid":{"rendered":"https:\/\/www.eko-bio-natura.sk\/shop\/index.php\/produkt\/100-olej-zo-sezamovych-semien-za-studena-lisovany-panensky-specialist-100-ml\/"},"modified":"2025-04-17T23:13:02","modified_gmt":"2025-04-17T21:13:02","slug":"100-olej-zo-sezamovych-semien-za-studena-lisovany-panensky-specialist-100-ml","status":"publish","type":"product","link":"https:\/\/www.eko-bio-natura.sk\/shop\/produkt\/100-olej-zo-sezamovych-semien-za-studena-lisovany-panensky-specialist-100-ml\/","title":{"rendered":"100% Olej zo sezamov\u00fdch semien, za studena lisovan\u00fd, panensk\u00fd &#8211; Specialist &#8211; 100 ml"},"content":{"rendered":"<p><span style=\"font-family: verdana, geneva; font-size: 12pt;\"><span>Sezamov\u00fd olej sa vyzna\u010duje svojimi\u00a0protiz\u00e1palov\u00fdmi \u00fa\u010dinkami. V\u010faka tomu, \u017ee ho organizmus dok\u00e1\u017ee \u013eahko str\u00e1vi\u0165 a vyu\u017ei\u0165 jeho cenn\u00e9 l\u00e1tky je vhodn\u00fd aj pre deti.\u00a0<\/span><\/span><\/p>\n<p><span style=\"font-family: verdana, geneva; font-size: 12pt;\">Z na\u0161ich olejov je tento olej <strong>najvhodnej\u0161\u00ed pre pou\u017eitie v studenej kuchyni.<\/strong><\/span><\/p>\n<p><span style=\"font-family: verdana, geneva; font-size: 12pt;\"><strong>Sp\u00f4sob pou\u017eitia:<\/strong>\u00a0Odpor\u00fa\u010da sa u\u017e\u00edva\u0165 pravidelne 1 \u010dajov\u00fa ly\u017ei\u010dku po\u010das jedla 3x denne. Olej je mo\u017en\u00e9 pou\u017ei\u0165 aj na kozmetick\u00e9 \u00fa\u010dely<\/span><\/p>\n<p><span style=\"font-family: verdana, geneva; font-size: 12pt;\"><strong>Upozornenie:<\/strong> Nie je vhodn\u00fd pre deti do 3 rokov! Dodr\u017eujte denn\u00fa odpor\u00fa\u010dan\u00fa d\u00e1vku. Nepou\u017e\u00edvajte ako n\u00e1hradu pestrej stravy. Neu\u017e\u00edvajte pri individu\u00e1lnej alergii na jednotliv\u00e9 zlo\u017eky. Vyroben\u00e9 bez GMO.<\/span><\/p>\n<p><span style=\"font-family: verdana, geneva; font-size: 12pt;\"><strong>Podmienky skladovania:<\/strong> Skladova\u0165 na suchom a tmavom mieste pri teplote do 20\u00b0C. Po otvoren\u00ed uchov\u00e1va\u0165 v chladni\u010dke.<\/span><\/p>\n<p><span style=\"font-family: verdana, geneva; font-size: 12pt;\"><strong>Zlo\u017eenie:<\/strong>\u00a0za studena lisovan\u00fd 100%n\u00fd sezamov\u00fd olej<\/span><\/p>\n<p><span style=\"font-family: verdana, geneva; font-size: 12pt;\"><strong>Objem:<\/strong> 100ml\u00a0\u00a0\u00a0\u00a0\u00a0\u00a0\u00a0\u00a0\u00a0\u00a0\u00a0\u00a0\u00a0\u00a0<\/span><\/p>\n<p><span style=\"font-family: verdana, geneva; font-size: 12pt;\"><strong>Krajina p\u00f4vodu:<\/strong> Rusk\u00e1 feder\u00e1cia<\/span><\/p>\n<p><span style=\"font-family: verdana, geneva; font-size: 12pt;\">Olej p\u00f4sob\u00ed mo\u010dopudne, obsahuje mno\u017estvo vitam\u00ednu E, ale aj ove\u013ea viac. Chcete vedie\u0165 v\u0161etko? :)Pre viac inform\u00e1ci\u00ed o \u00fa\u010dinkoch tohto oleja kliknite \u00a0<a title=\"sezamovy olej\" href=\"http:\/\/herbaticaforyou.tumblr.com\/post\/124915756188\/za-studena-lisovan%C3%A9-oleje-%C4%8Das%C5%A5-11sezamov%C3%BD\" target=\"_blank\" rel=\"noopener noreferrer\">sem!<\/a><\/span><\/p>\n","protected":false},"excerpt":{"rendered":"<p>Sezamov\u00fd olej sa vyzna\u010duje svojimi\u00a0protiz\u00e1palov\u00fdmi \u00fa\u010dinkami. V\u010faka tomu, \u017ee ho organizmus dok\u00e1\u017ee \u013eahko str\u00e1vi\u0165 a vyu\u017ei\u0165 jeho cenn\u00e9 l\u00e1tky je vhodn\u00fd aj pre deti.\u00a0 Z na\u0161ich olejov je tento olej najvhodnej\u0161\u00ed pre pou\u017eitie v studenej kuchyni. Sp\u00f4sob pou\u017eitia:\u00a0Odpor\u00fa\u010da sa u\u017e\u00edva\u0165 pravidelne 1 \u010dajov\u00fa ly\u017ei\u010dku po\u010das jedla 3x denne. Olej je mo\u017en\u00e9 pou\u017ei\u0165 aj na kozmetick\u00e9 [&hellip;]<\/p>\n","protected":false},"featured_media":13888,"comment_status":"open","ping_status":"open","template":"","meta":{"site-sidebar-layout":"default","site-content-layout":"","ast-site-content-layout":"default","site-content-style":"default","site-sidebar-style":"default","ast-global-header-display":"","ast-banner-title-visibility":"","ast-main-header-display":"","ast-hfb-above-header-display":"","ast-hfb-below-header-display":"","ast-hfb-mobile-header-display":"","site-post-title":"","ast-breadcrumbs-content":"","ast-featured-img":"","footer-sml-layout":"","ast-disable-related-posts":"","theme-transparent-header-meta":"","adv-header-id-meta":"","stick-header-meta":"","header-above-stick-meta":"","header-main-stick-meta":"","header-below-stick-meta":"","astra-migrate-meta-layouts":"default","ast-page-background-enabled":"default","ast-page-background-meta":{"desktop":{"background-color":"","background-image":"","background-repeat":"repeat","background-position":"center center","background-size":"auto","background-attachment":"scroll","background-type":"","background-media":"","overlay-type":"","overlay-color":"","overlay-opacity":"","overlay-gradient":""},"tablet":{"background-color":"","background-image":"","background-repeat":"repeat","background-position":"center center","background-size":"auto","background-attachment":"scroll","background-type":"","background-media":"","overlay-type":"","overlay-color":"","overlay-opacity":"","overlay-gradient":""},"mobile":{"background-color":"","background-image":"","background-repeat":"repeat","background-position":"center center","background-size":"auto","background-attachment":"scroll","background-type":"","background-media":"","overlay-type":"","overlay-color":"","overlay-opacity":"","overlay-gradient":""}},"ast-content-background-meta":{"desktop":{"background-color":"var(--ast-global-color-5)","background-image":"","background-repeat":"repeat","background-position":"center center","background-size":"auto","background-attachment":"scroll","background-type":"","background-media":"","overlay-type":"","overlay-color":"","overlay-opacity":"","overlay-gradient":""},"tablet":{"background-color":"var(--ast-global-color-5)","background-image":"","background-repeat":"repeat","background-position":"center center","background-size":"auto","background-attachment":"scroll","background-type":"","background-media":"","overlay-type":"","overlay-color":"","overlay-opacity":"","overlay-gradient":""},"mobile":{"background-color":"var(--ast-global-color-5)","background-image":"","background-repeat":"repeat","background-position":"center center","background-size":"auto","background-attachment":"scroll","background-type":"","background-media":"","overlay-type":"","overlay-color":"","overlay-opacity":"","overlay-gradient":""}}},"product_brand":[],"product_cat":[16,46,18,107,187,184],"product_tag":[],"class_list":{"0":"post-563","1":"product","2":"type-product","3":"status-publish","4":"has-post-thumbnail","6":"product_cat-bio-potraviny","7":"product_cat-oleje-a-octy","8":"product_cat-prirodna-lekaren","9":"product_cat-specialne-oleje-a-tuky","10":"product_cat-tradicna-ruska-medicina","11":"product_cat-zdrave-oleje","12":"pa_cena-dopravy-367","13":"pa_doprava-zasilkovna","14":"pa_ean-425","15":"pa_typ-partnersky-predaj","16":"pa_znacka-specialist","17":"desktop-align-left","18":"tablet-align-left","19":"mobile-align-left","21":"first","22":"instock","23":"product-type-external"},"yoast_head":"<!-- This site is optimized with the Yoast SEO plugin v27.2 - https:\/\/yoast.com\/product\/yoast-seo-wordpress\/ -->\n<title>100% Olej zo sezamov\u00fdch semien, za studena lisovan\u00fd, panensk\u00fd - Specialist - 100 ml - EKO-BIO-NATURA BIO OBCHOD<\/title>\n<meta name=\"robots\" content=\"index, follow, max-snippet:-1, max-image-preview:large, max-video-preview:-1\" \/>\n<link rel=\"canonical\" href=\"https:\/\/www.eko-bio-natura.sk\/shop\/produkt\/100-olej-zo-sezamovych-semien-za-studena-lisovany-panensky-specialist-100-ml\/\" \/>\n<meta property=\"og:locale\" content=\"sk_SK\" \/>\n<meta property=\"og:type\" content=\"article\" \/>\n<meta property=\"og:title\" content=\"100% Olej zo sezamov\u00fdch semien, za studena lisovan\u00fd, panensk\u00fd - Specialist - 100 ml - EKO-BIO-NATURA BIO OBCHOD\" \/>\n<meta property=\"og:description\" content=\"Sezamov\u00fd olej sa vyzna\u010duje svojimi\u00a0protiz\u00e1palov\u00fdmi \u00fa\u010dinkami. V\u010faka tomu, \u017ee ho organizmus dok\u00e1\u017ee \u013eahko str\u00e1vi\u0165 a vyu\u017ei\u0165 jeho cenn\u00e9 l\u00e1tky je vhodn\u00fd aj pre deti.\u00a0 Z na\u0161ich olejov je tento olej najvhodnej\u0161\u00ed pre pou\u017eitie v studenej kuchyni. Sp\u00f4sob pou\u017eitia:\u00a0Odpor\u00fa\u010da sa u\u017e\u00edva\u0165 pravidelne 1 \u010dajov\u00fa ly\u017ei\u010dku po\u010das jedla 3x denne. Olej je mo\u017en\u00e9 pou\u017ei\u0165 aj na kozmetick\u00e9 [&hellip;]\" \/>\n<meta property=\"og:url\" content=\"https:\/\/www.eko-bio-natura.sk\/shop\/produkt\/100-olej-zo-sezamovych-semien-za-studena-lisovany-panensky-specialist-100-ml\/\" \/>\n<meta property=\"og:site_name\" content=\"EKO-BIO-NATURA BIO OBCHOD\" \/>\n<meta property=\"article:modified_time\" content=\"2025-04-17T21:13:02+00:00\" \/>\n<meta property=\"og:image\" content=\"https:\/\/www.eko-bio-natura.sk\/shop\/wp-content\/uploads\/2023\/02\/4323-1_0616-sezamovy-olej.jpg\" \/>\n\t<meta property=\"og:image:width\" content=\"600\" \/>\n\t<meta property=\"og:image:height\" content=\"600\" \/>\n\t<meta property=\"og:image:type\" content=\"image\/jpeg\" \/>\n<meta name=\"twitter:card\" content=\"summary_large_image\" \/>\n<meta name=\"twitter:label1\" content=\"Predpokladan\u00fd \u010das \u010d\u00edtania\" \/>\n\t<meta name=\"twitter:data1\" content=\"1 min\u00fata\" \/>\n<script type=\"application\/ld+json\" class=\"yoast-schema-graph\">{\"@context\":\"https:\/\/schema.org\",\"@graph\":[{\"@type\":\"WebPage\",\"@id\":\"https:\/\/www.eko-bio-natura.sk\/shop\/produkt\/100-olej-zo-sezamovych-semien-za-studena-lisovany-panensky-specialist-100-ml\/\",\"url\":\"https:\/\/www.eko-bio-natura.sk\/shop\/produkt\/100-olej-zo-sezamovych-semien-za-studena-lisovany-panensky-specialist-100-ml\/\",\"name\":\"100% Olej zo sezamov\u00fdch semien, za studena lisovan\u00fd, panensk\u00fd - Specialist - 100 ml - EKO-BIO-NATURA BIO OBCHOD\",\"isPartOf\":{\"@id\":\"https:\/\/www.eko-bio-natura.sk\/shop\/#website\"},\"primaryImageOfPage\":{\"@id\":\"https:\/\/www.eko-bio-natura.sk\/shop\/produkt\/100-olej-zo-sezamovych-semien-za-studena-lisovany-panensky-specialist-100-ml\/#primaryimage\"},\"image\":{\"@id\":\"https:\/\/www.eko-bio-natura.sk\/shop\/produkt\/100-olej-zo-sezamovych-semien-za-studena-lisovany-panensky-specialist-100-ml\/#primaryimage\"},\"thumbnailUrl\":\"https:\/\/www.eko-bio-natura.sk\/shop\/wp-content\/uploads\/2023\/02\/4323-1_0616-sezamovy-olej.jpg\",\"datePublished\":\"2025-04-17T15:29:03+00:00\",\"dateModified\":\"2025-04-17T21:13:02+00:00\",\"breadcrumb\":{\"@id\":\"https:\/\/www.eko-bio-natura.sk\/shop\/produkt\/100-olej-zo-sezamovych-semien-za-studena-lisovany-panensky-specialist-100-ml\/#breadcrumb\"},\"inLanguage\":\"sk-SK\",\"potentialAction\":[{\"@type\":\"ReadAction\",\"target\":[\"https:\/\/www.eko-bio-natura.sk\/shop\/produkt\/100-olej-zo-sezamovych-semien-za-studena-lisovany-panensky-specialist-100-ml\/\"]}]},{\"@type\":\"ImageObject\",\"inLanguage\":\"sk-SK\",\"@id\":\"https:\/\/www.eko-bio-natura.sk\/shop\/produkt\/100-olej-zo-sezamovych-semien-za-studena-lisovany-panensky-specialist-100-ml\/#primaryimage\",\"url\":\"https:\/\/www.eko-bio-natura.sk\/shop\/wp-content\/uploads\/2023\/02\/4323-1_0616-sezamovy-olej.jpg\",\"contentUrl\":\"https:\/\/www.eko-bio-natura.sk\/shop\/wp-content\/uploads\/2023\/02\/4323-1_0616-sezamovy-olej.jpg\",\"width\":600,\"height\":600},{\"@type\":\"BreadcrumbList\",\"@id\":\"https:\/\/www.eko-bio-natura.sk\/shop\/produkt\/100-olej-zo-sezamovych-semien-za-studena-lisovany-panensky-specialist-100-ml\/#breadcrumb\",\"itemListElement\":[{\"@type\":\"ListItem\",\"position\":1,\"name\":\"Domovsk\u00e1 str\u00e1nka\",\"item\":\"https:\/\/www.eko-bio-natura.sk\/shop\/\"},{\"@type\":\"ListItem\",\"position\":2,\"name\":\"Obchod\",\"item\":\"https:\/\/www.eko-bio-natura.sk\/shop\/?page_id=6\"},{\"@type\":\"ListItem\",\"position\":3,\"name\":\"100% Olej zo sezamov\u00fdch semien, za studena lisovan\u00fd, panensk\u00fd &#8211; Specialist &#8211; 100 ml\"}]},{\"@type\":\"WebSite\",\"@id\":\"https:\/\/www.eko-bio-natura.sk\/shop\/#website\",\"url\":\"https:\/\/www.eko-bio-natura.sk\/shop\/\",\"name\":\"EKO-BIO-NATURA BIO OBCHOD\",\"description\":\"\",\"publisher\":{\"@id\":\"https:\/\/www.eko-bio-natura.sk\/shop\/#organization\"},\"potentialAction\":[{\"@type\":\"SearchAction\",\"target\":{\"@type\":\"EntryPoint\",\"urlTemplate\":\"https:\/\/www.eko-bio-natura.sk\/shop\/?s={search_term_string}\"},\"query-input\":{\"@type\":\"PropertyValueSpecification\",\"valueRequired\":true,\"valueName\":\"search_term_string\"}}],\"inLanguage\":\"sk-SK\"},{\"@type\":\"Organization\",\"@id\":\"https:\/\/www.eko-bio-natura.sk\/shop\/#organization\",\"name\":\"EKO-BIO-NATURA BIO OBCHOD\",\"url\":\"https:\/\/www.eko-bio-natura.sk\/shop\/\",\"logo\":{\"@type\":\"ImageObject\",\"inLanguage\":\"sk-SK\",\"@id\":\"https:\/\/www.eko-bio-natura.sk\/shop\/#\/schema\/logo\/image\/\",\"url\":\"https:\/\/www.eko-bio-natura.sk\/shop\/wp-content\/uploads\/2021\/04\/eko-bio-natura_logo.png\",\"contentUrl\":\"https:\/\/www.eko-bio-natura.sk\/shop\/wp-content\/uploads\/2021\/04\/eko-bio-natura_logo.png\",\"width\":552,\"height\":194,\"caption\":\"EKO-BIO-NATURA BIO OBCHOD\"},\"image\":{\"@id\":\"https:\/\/www.eko-bio-natura.sk\/shop\/#\/schema\/logo\/image\/\"}}]}<\/script>\n<!-- \/ Yoast SEO plugin. -->","yoast_head_json":{"title":"100% Olej zo sezamov\u00fdch semien, za studena lisovan\u00fd, panensk\u00fd - Specialist - 100 ml - EKO-BIO-NATURA BIO OBCHOD","robots":{"index":"index","follow":"follow","max-snippet":"max-snippet:-1","max-image-preview":"max-image-preview:large","max-video-preview":"max-video-preview:-1"},"canonical":"https:\/\/www.eko-bio-natura.sk\/shop\/produkt\/100-olej-zo-sezamovych-semien-za-studena-lisovany-panensky-specialist-100-ml\/","og_locale":"sk_SK","og_type":"article","og_title":"100% Olej zo sezamov\u00fdch semien, za studena lisovan\u00fd, panensk\u00fd - Specialist - 100 ml - EKO-BIO-NATURA BIO OBCHOD","og_description":"Sezamov\u00fd olej sa vyzna\u010duje svojimi\u00a0protiz\u00e1palov\u00fdmi \u00fa\u010dinkami. V\u010faka tomu, \u017ee ho organizmus dok\u00e1\u017ee \u013eahko str\u00e1vi\u0165 a vyu\u017ei\u0165 jeho cenn\u00e9 l\u00e1tky je vhodn\u00fd aj pre deti.\u00a0 Z na\u0161ich olejov je tento olej najvhodnej\u0161\u00ed pre pou\u017eitie v studenej kuchyni. Sp\u00f4sob pou\u017eitia:\u00a0Odpor\u00fa\u010da sa u\u017e\u00edva\u0165 pravidelne 1 \u010dajov\u00fa ly\u017ei\u010dku po\u010das jedla 3x denne. Olej je mo\u017en\u00e9 pou\u017ei\u0165 aj na kozmetick\u00e9 [&hellip;]","og_url":"https:\/\/www.eko-bio-natura.sk\/shop\/produkt\/100-olej-zo-sezamovych-semien-za-studena-lisovany-panensky-specialist-100-ml\/","og_site_name":"EKO-BIO-NATURA BIO OBCHOD","article_modified_time":"2025-04-17T21:13:02+00:00","og_image":[{"width":600,"height":600,"url":"https:\/\/www.eko-bio-natura.sk\/shop\/wp-content\/uploads\/2023\/02\/4323-1_0616-sezamovy-olej.jpg","type":"image\/jpeg"}],"twitter_card":"summary_large_image","twitter_misc":{"Predpokladan\u00fd \u010das \u010d\u00edtania":"1 min\u00fata"},"schema":{"@context":"https:\/\/schema.org","@graph":[{"@type":"WebPage","@id":"https:\/\/www.eko-bio-natura.sk\/shop\/produkt\/100-olej-zo-sezamovych-semien-za-studena-lisovany-panensky-specialist-100-ml\/","url":"https:\/\/www.eko-bio-natura.sk\/shop\/produkt\/100-olej-zo-sezamovych-semien-za-studena-lisovany-panensky-specialist-100-ml\/","name":"100% Olej zo sezamov\u00fdch semien, za studena lisovan\u00fd, panensk\u00fd - Specialist - 100 ml - EKO-BIO-NATURA BIO OBCHOD","isPartOf":{"@id":"https:\/\/www.eko-bio-natura.sk\/shop\/#website"},"primaryImageOfPage":{"@id":"https:\/\/www.eko-bio-natura.sk\/shop\/produkt\/100-olej-zo-sezamovych-semien-za-studena-lisovany-panensky-specialist-100-ml\/#primaryimage"},"image":{"@id":"https:\/\/www.eko-bio-natura.sk\/shop\/produkt\/100-olej-zo-sezamovych-semien-za-studena-lisovany-panensky-specialist-100-ml\/#primaryimage"},"thumbnailUrl":"https:\/\/www.eko-bio-natura.sk\/shop\/wp-content\/uploads\/2023\/02\/4323-1_0616-sezamovy-olej.jpg","datePublished":"2025-04-17T15:29:03+00:00","dateModified":"2025-04-17T21:13:02+00:00","breadcrumb":{"@id":"https:\/\/www.eko-bio-natura.sk\/shop\/produkt\/100-olej-zo-sezamovych-semien-za-studena-lisovany-panensky-specialist-100-ml\/#breadcrumb"},"inLanguage":"sk-SK","potentialAction":[{"@type":"ReadAction","target":["https:\/\/www.eko-bio-natura.sk\/shop\/produkt\/100-olej-zo-sezamovych-semien-za-studena-lisovany-panensky-specialist-100-ml\/"]}]},{"@type":"ImageObject","inLanguage":"sk-SK","@id":"https:\/\/www.eko-bio-natura.sk\/shop\/produkt\/100-olej-zo-sezamovych-semien-za-studena-lisovany-panensky-specialist-100-ml\/#primaryimage","url":"https:\/\/www.eko-bio-natura.sk\/shop\/wp-content\/uploads\/2023\/02\/4323-1_0616-sezamovy-olej.jpg","contentUrl":"https:\/\/www.eko-bio-natura.sk\/shop\/wp-content\/uploads\/2023\/02\/4323-1_0616-sezamovy-olej.jpg","width":600,"height":600},{"@type":"BreadcrumbList","@id":"https:\/\/www.eko-bio-natura.sk\/shop\/produkt\/100-olej-zo-sezamovych-semien-za-studena-lisovany-panensky-specialist-100-ml\/#breadcrumb","itemListElement":[{"@type":"ListItem","position":1,"name":"Domovsk\u00e1 str\u00e1nka","item":"https:\/\/www.eko-bio-natura.sk\/shop\/"},{"@type":"ListItem","position":2,"name":"Obchod","item":"https:\/\/www.eko-bio-natura.sk\/shop\/?page_id=6"},{"@type":"ListItem","position":3,"name":"100% Olej zo sezamov\u00fdch semien, za studena lisovan\u00fd, panensk\u00fd &#8211; Specialist &#8211; 100 ml"}]},{"@type":"WebSite","@id":"https:\/\/www.eko-bio-natura.sk\/shop\/#website","url":"https:\/\/www.eko-bio-natura.sk\/shop\/","name":"EKO-BIO-NATURA BIO OBCHOD","description":"","publisher":{"@id":"https:\/\/www.eko-bio-natura.sk\/shop\/#organization"},"potentialAction":[{"@type":"SearchAction","target":{"@type":"EntryPoint","urlTemplate":"https:\/\/www.eko-bio-natura.sk\/shop\/?s={search_term_string}"},"query-input":{"@type":"PropertyValueSpecification","valueRequired":true,"valueName":"search_term_string"}}],"inLanguage":"sk-SK"},{"@type":"Organization","@id":"https:\/\/www.eko-bio-natura.sk\/shop\/#organization","name":"EKO-BIO-NATURA BIO OBCHOD","url":"https:\/\/www.eko-bio-natura.sk\/shop\/","logo":{"@type":"ImageObject","inLanguage":"sk-SK","@id":"https:\/\/www.eko-bio-natura.sk\/shop\/#\/schema\/logo\/image\/","url":"https:\/\/www.eko-bio-natura.sk\/shop\/wp-content\/uploads\/2021\/04\/eko-bio-natura_logo.png","contentUrl":"https:\/\/www.eko-bio-natura.sk\/shop\/wp-content\/uploads\/2021\/04\/eko-bio-natura_logo.png","width":552,"height":194,"caption":"EKO-BIO-NATURA BIO OBCHOD"},"image":{"@id":"https:\/\/www.eko-bio-natura.sk\/shop\/#\/schema\/logo\/image\/"}}]}},"_links":{"self":[{"href":"https:\/\/www.eko-bio-natura.sk\/shop\/wp-json\/wp\/v2\/product\/563","targetHints":{"allow":["GET"]}}],"collection":[{"href":"https:\/\/www.eko-bio-natura.sk\/shop\/wp-json\/wp\/v2\/product"}],"about":[{"href":"https:\/\/www.eko-bio-natura.sk\/shop\/wp-json\/wp\/v2\/types\/product"}],"replies":[{"embeddable":true,"href":"https:\/\/www.eko-bio-natura.sk\/shop\/wp-json\/wp\/v2\/comments?post=563"}],"wp:featuredmedia":[{"embeddable":true,"href":"https:\/\/www.eko-bio-natura.sk\/shop\/wp-json\/wp\/v2\/media\/13888"}],"wp:attachment":[{"href":"https:\/\/www.eko-bio-natura.sk\/shop\/wp-json\/wp\/v2\/media?parent=563"}],"wp:term":[{"taxonomy":"product_brand","embeddable":true,"href":"https:\/\/www.eko-bio-natura.sk\/shop\/wp-json\/wp\/v2\/product_brand?post=563"},{"taxonomy":"product_cat","embeddable":true,"href":"https:\/\/www.eko-bio-natura.sk\/shop\/wp-json\/wp\/v2\/product_cat?post=563"},{"taxonomy":"product_tag","embeddable":true,"href":"https:\/\/www.eko-bio-natura.sk\/shop\/wp-json\/wp\/v2\/product_tag?post=563"}],"curies":[{"name":"wp","href":"https:\/\/api.w.org\/{rel}","templated":true}]}}