{"id":289,"date":"2025-04-17T17:29:09","date_gmt":"2025-04-17T15:29:09","guid":{"rendered":"https:\/\/www.eko-bio-natura.sk\/shop\/index.php\/produkt\/natrznica-mociarna-sabelnik-evalar-60-tabliet\/"},"modified":"2025-04-17T17:29:09","modified_gmt":"2025-04-17T15:29:09","slug":"natrznica-mociarna-sabelnik-evalar-60-tabliet","status":"publish","type":"product","link":"https:\/\/www.eko-bio-natura.sk\/shop\/produkt\/natrznica-mociarna-sabelnik-evalar-60-tabliet\/","title":{"rendered":"N\u00e1tr\u017enica mo\u010diarna &quot;sabelnik&quot; &#8211; Evalar &#8211; 60 tabliet"},"content":{"rendered":"<p><span style=\"font-family: verdana, geneva; font-size: 12pt;\">N\u00e1tr\u017enica pom\u00e1ha pri <strong>z\u00e1paloch miechov\u00fdch nervov, k\u013abov\u00fdch \u0165a\u017ekostiach a bolestiach r\u00f4zneho p\u00f4vodu, proti m\u00e4knutiu kost\u00ed, pri ukladan\u00ed sol\u00ed, bolestiach chrbtice<\/strong>. S\u00fa star\u00fdm \u013eudov\u00fdm prostriedkom proti hna\u010dke.\u00a0Pre\u010d\u00edtajte si viac o tomto v\u00fdrobcovi\u00a0<a href=\"http:\/\/blog.herbatica.sk\/evalar-doplnky-stravy-na-bylinnej-baze\/\">v \u010dl\u00e1nku na na\u0161om blogu.<\/a><\/span><\/p>\n<table>\n<tbody>\n<tr>\n<td colspan=\"2\">\n<p><b>Obsah jednotliv\u00fdch akt\u00edvnych zlo\u017eiek v\u00a0dennej d\u00e1vke (2 tbl) a % odpor\u00fa\u010danej dennej spotreby<\/b><\/p>\n<\/td>\n<\/tr>\n<tr>\n<td>\n<p><span style=\"font-weight: 400;\">Pr\u00e1\u0161ok z\u00a0kore\u0148a n\u00e1tr\u017enice mo\u010diarnej \u00a0 \u00a0 \u00a0 \u00a0 \u00a0 \u00a0 \u00a0 \u00a0 \u00a0 \u00a0 \u00a0 \u00a0 \u00a0 \u00a0 \u00a0 800 mg<\/span><\/p>\n<p><span style=\"font-weight: 400;\">Tan\u00edn\u00a0 \u00a0 \u00a0 \u00a0 \u00a0 \u00a0 \u00a0 \u00a0 \u00a0 \u00a0 \u00a0 \u00a0 \u00a0 \u00a0 \u00a0 \u00a0 \u00a0 \u00a0 \u00a0 \u00a0 \u00a0 \u00a0 \u00a0 \u00a0 \u00a0 \u00a0 \u00a0 \u00a0 \u00a0 \u00a0 \u00a0 \u00a0 \u00a0 \u00a0 \u00a0 \u00a0 \u00a0 \u00a0 \u00a020 mg\u00a0<\/span><\/p>\n<\/td>\n<td>\n<p><span style=\"font-weight: 400;\">&#8211;<\/span><\/p>\n<p><span style=\"font-weight: 400;\">17 % 1<\/span><\/p>\n<\/td>\n<\/tr>\n<tr>\n<td colspan=\"2\">\n<p><span style=\"font-weight: 400;\">1\u00a0 <\/span><span style=\"font-weight: 400;\">neprevy\u0161uje najvy\u0161\u0161iu povolen\u00fa hranicu pr\u00edjmu<\/span><\/p>\n<\/td>\n<\/tr>\n<\/tbody>\n<\/table>\n<p>\u00a0<\/p>\n<p><img decoding=\"async\" src=\"\/user\/documents\/upload\/mceclip0-283.png?1643113449\" \/><\/p>\n<p><span style=\"font-size: 12pt; font-family: verdana, geneva;\"><strong>Odpor\u00fa\u010dan\u00e9 d\u00e1vkovanie: <span style=\"font-weight: 400;\">dospel\u00ed u\u017e\u00edvaj\u00fa 2 tablety 1 \u2013kr\u00e1t denne s\u00a0jedlom<\/span><\/strong>\u00a0po\u010das 30 dn\u00ed<\/span><\/p>\n<p><span style=\"font-size: 12pt; font-family: verdana, geneva;\"><strong>Upozornenie:\u00a0<\/strong>Nepou\u017e\u00edva\u0165 pri individu\u00e1lnej nezn\u00e1\u0161anlivosti na ak\u00fako\u013evek zlo\u017eku pr\u00edpravku.<\/span><\/p>\n<p><span style=\"font-size: 12pt; font-family: verdana, geneva;\">\u00a0 \u00a0 \u00a0 \u00a0 \u00a0 \u00a0 \u00a0 \u00a0 \u00a0 \u00a0 \u00a0Nepou\u017e\u00edva\u0165 v\u00a0tehotenstve a\u00a0obdob\u00ed doj\u010denia\u00a0<\/span><\/p>\n<p><span style=\"font-size: 12pt; font-family: verdana, geneva;\">\u00a0 \u00a0 \u00a0 \u00a0 \u00a0 \u00a0 \u00a0 \u00a0 \u00a0 \u00a0 \u00a0Pred za\u010dat\u00edm u\u017e\u00edvania v\u00fd\u017eivov\u00e9ho doplnku sa pora\u010fte so svoj\u00edm lek\u00e1rom alebo lek\u00e1rnikom!<\/span><\/p>\n<p><span style=\"font-size: 12pt; font-family: verdana, geneva;\"><strong>Pr\u00edpravok nie je lie\u010divo a\u00a0nenahr\u00e1dza zdrav\u00fa a\u00a0vyv\u00e1\u017een\u00fa stravu!<\/strong><\/span><\/p>\n<p><span style=\"font-size: 12pt; font-family: verdana, geneva;\"><strong>Obsah balenia<\/strong>: 60 ks po\u0165ahovan\u00fdch tabliet \u00e1 500 mg<\/span><\/p>\n<p><span style=\"font-size: 12pt; font-family: verdana, geneva;\"><strong>Krajina p\u00f4vodu: <\/strong>Rusko<\/span><\/p>\n","protected":false},"excerpt":{"rendered":"<p>N\u00e1tr\u017enica pom\u00e1ha pri z\u00e1paloch miechov\u00fdch nervov, k\u013abov\u00fdch \u0165a\u017ekostiach a bolestiach r\u00f4zneho p\u00f4vodu, proti m\u00e4knutiu kost\u00ed, pri ukladan\u00ed sol\u00ed, bolestiach chrbtice. S\u00fa star\u00fdm \u013eudov\u00fdm prostriedkom proti hna\u010dke.\u00a0Pre\u010d\u00edtajte si viac o tomto v\u00fdrobcovi\u00a0v \u010dl\u00e1nku na na\u0161om blogu. Obsah jednotliv\u00fdch akt\u00edvnych zlo\u017eiek v\u00a0dennej d\u00e1vke (2 tbl) a % odpor\u00fa\u010danej dennej spotreby Pr\u00e1\u0161ok z\u00a0kore\u0148a n\u00e1tr\u017enice mo\u010diarnej \u00a0 \u00a0 \u00a0 [&hellip;]<\/p>\n","protected":false},"featured_media":13916,"comment_status":"open","ping_status":"open","template":"","meta":{"site-sidebar-layout":"default","site-content-layout":"","ast-site-content-layout":"default","site-content-style":"default","site-sidebar-style":"default","ast-global-header-display":"","ast-banner-title-visibility":"","ast-main-header-display":"","ast-hfb-above-header-display":"","ast-hfb-below-header-display":"","ast-hfb-mobile-header-display":"","site-post-title":"","ast-breadcrumbs-content":"","ast-featured-img":"","footer-sml-layout":"","ast-disable-related-posts":"","theme-transparent-header-meta":"","adv-header-id-meta":"","stick-header-meta":"","header-above-stick-meta":"","header-main-stick-meta":"","header-below-stick-meta":"","astra-migrate-meta-layouts":"default","ast-page-background-enabled":"default","ast-page-background-meta":{"desktop":{"background-color":"","background-image":"","background-repeat":"repeat","background-position":"center center","background-size":"auto","background-attachment":"scroll","background-type":"","background-media":"","overlay-type":"","overlay-color":"","overlay-opacity":"","overlay-gradient":""},"tablet":{"background-color":"","background-image":"","background-repeat":"repeat","background-position":"center center","background-size":"auto","background-attachment":"scroll","background-type":"","background-media":"","overlay-type":"","overlay-color":"","overlay-opacity":"","overlay-gradient":""},"mobile":{"background-color":"","background-image":"","background-repeat":"repeat","background-position":"center center","background-size":"auto","background-attachment":"scroll","background-type":"","background-media":"","overlay-type":"","overlay-color":"","overlay-opacity":"","overlay-gradient":""}},"ast-content-background-meta":{"desktop":{"background-color":"var(--ast-global-color-5)","background-image":"","background-repeat":"repeat","background-position":"center center","background-size":"auto","background-attachment":"scroll","background-type":"","background-media":"","overlay-type":"","overlay-color":"","overlay-opacity":"","overlay-gradient":""},"tablet":{"background-color":"var(--ast-global-color-5)","background-image":"","background-repeat":"repeat","background-position":"center center","background-size":"auto","background-attachment":"scroll","background-type":"","background-media":"","overlay-type":"","overlay-color":"","overlay-opacity":"","overlay-gradient":""},"mobile":{"background-color":"var(--ast-global-color-5)","background-image":"","background-repeat":"repeat","background-position":"center center","background-size":"auto","background-attachment":"scroll","background-type":"","background-media":"","overlay-type":"","overlay-color":"","overlay-opacity":"","overlay-gradient":""}}},"product_brand":[],"product_cat":[18,180,192,193],"product_tag":[],"class_list":{"0":"post-289","1":"product","2":"type-product","3":"status-publish","4":"has-post-thumbnail","6":"product_cat-prirodna-lekaren","7":"product_cat-vitaminy-a-mineraly","8":"product_cat-vyzivove-doplnky","9":"product_cat-vyzivove-doplnky-pre-dospelych","10":"pa_cena-dopravy-367","11":"pa_doprava-zasilkovna","12":"pa_ean-557","13":"pa_typ-partnersky-predaj","14":"pa_znacka-evalar","15":"desktop-align-left","16":"tablet-align-left","17":"mobile-align-left","19":"first","20":"instock","21":"product-type-external"},"yoast_head":"<!-- This site is optimized with the Yoast SEO plugin v27.2 - https:\/\/yoast.com\/product\/yoast-seo-wordpress\/ -->\n<title>N\u00e1tr\u017enica mo\u010diarna &quot;sabelnik&quot; - Evalar - 60 tabliet - EKO-BIO-NATURA BIO OBCHOD<\/title>\n<meta name=\"robots\" content=\"index, follow, max-snippet:-1, max-image-preview:large, max-video-preview:-1\" \/>\n<link rel=\"canonical\" href=\"https:\/\/www.eko-bio-natura.sk\/shop\/produkt\/natrznica-mociarna-sabelnik-evalar-60-tabliet\/\" \/>\n<meta property=\"og:locale\" content=\"sk_SK\" \/>\n<meta property=\"og:type\" content=\"article\" \/>\n<meta property=\"og:title\" content=\"N\u00e1tr\u017enica mo\u010diarna &quot;sabelnik&quot; - Evalar - 60 tabliet - EKO-BIO-NATURA BIO OBCHOD\" \/>\n<meta property=\"og:description\" content=\"N\u00e1tr\u017enica pom\u00e1ha pri z\u00e1paloch miechov\u00fdch nervov, k\u013abov\u00fdch \u0165a\u017ekostiach a bolestiach r\u00f4zneho p\u00f4vodu, proti m\u00e4knutiu kost\u00ed, pri ukladan\u00ed sol\u00ed, bolestiach chrbtice. S\u00fa star\u00fdm \u013eudov\u00fdm prostriedkom proti hna\u010dke.\u00a0Pre\u010d\u00edtajte si viac o tomto v\u00fdrobcovi\u00a0v \u010dl\u00e1nku na na\u0161om blogu. Obsah jednotliv\u00fdch akt\u00edvnych zlo\u017eiek v\u00a0dennej d\u00e1vke (2 tbl) a % odpor\u00fa\u010danej dennej spotreby Pr\u00e1\u0161ok z\u00a0kore\u0148a n\u00e1tr\u017enice mo\u010diarnej \u00a0 \u00a0 \u00a0 [&hellip;]\" \/>\n<meta property=\"og:url\" content=\"https:\/\/www.eko-bio-natura.sk\/shop\/produkt\/natrznica-mociarna-sabelnik-evalar-60-tabliet\/\" \/>\n<meta property=\"og:site_name\" content=\"EKO-BIO-NATURA BIO OBCHOD\" \/>\n<meta property=\"og:image\" content=\"https:\/\/www.eko-bio-natura.sk\/shop\/wp-content\/uploads\/2023\/02\/6708-2_natrznica-mociarna-sabelnik-evalar-60-tabliet-scaled.jpg\" \/>\n\t<meta property=\"og:image:width\" content=\"2560\" \/>\n\t<meta property=\"og:image:height\" content=\"1943\" \/>\n\t<meta property=\"og:image:type\" content=\"image\/jpeg\" \/>\n<meta name=\"twitter:card\" content=\"summary_large_image\" \/>\n<meta name=\"twitter:label1\" content=\"Predpokladan\u00fd \u010das \u010d\u00edtania\" \/>\n\t<meta name=\"twitter:data1\" content=\"1 min\u00fata\" \/>\n<script type=\"application\/ld+json\" class=\"yoast-schema-graph\">{\"@context\":\"https:\/\/schema.org\",\"@graph\":[{\"@type\":\"WebPage\",\"@id\":\"https:\/\/www.eko-bio-natura.sk\/shop\/produkt\/natrznica-mociarna-sabelnik-evalar-60-tabliet\/\",\"url\":\"https:\/\/www.eko-bio-natura.sk\/shop\/produkt\/natrznica-mociarna-sabelnik-evalar-60-tabliet\/\",\"name\":\"N\u00e1tr\u017enica mo\u010diarna &quot;sabelnik&quot; - Evalar - 60 tabliet - EKO-BIO-NATURA BIO OBCHOD\",\"isPartOf\":{\"@id\":\"https:\/\/www.eko-bio-natura.sk\/shop\/#website\"},\"primaryImageOfPage\":{\"@id\":\"https:\/\/www.eko-bio-natura.sk\/shop\/produkt\/natrznica-mociarna-sabelnik-evalar-60-tabliet\/#primaryimage\"},\"image\":{\"@id\":\"https:\/\/www.eko-bio-natura.sk\/shop\/produkt\/natrznica-mociarna-sabelnik-evalar-60-tabliet\/#primaryimage\"},\"thumbnailUrl\":\"https:\/\/www.eko-bio-natura.sk\/shop\/wp-content\/uploads\/2023\/02\/6708-2_natrznica-mociarna-sabelnik-evalar-60-tabliet-scaled.jpg\",\"datePublished\":\"2025-04-17T15:29:09+00:00\",\"breadcrumb\":{\"@id\":\"https:\/\/www.eko-bio-natura.sk\/shop\/produkt\/natrznica-mociarna-sabelnik-evalar-60-tabliet\/#breadcrumb\"},\"inLanguage\":\"sk-SK\",\"potentialAction\":[{\"@type\":\"ReadAction\",\"target\":[\"https:\/\/www.eko-bio-natura.sk\/shop\/produkt\/natrznica-mociarna-sabelnik-evalar-60-tabliet\/\"]}]},{\"@type\":\"ImageObject\",\"inLanguage\":\"sk-SK\",\"@id\":\"https:\/\/www.eko-bio-natura.sk\/shop\/produkt\/natrznica-mociarna-sabelnik-evalar-60-tabliet\/#primaryimage\",\"url\":\"https:\/\/www.eko-bio-natura.sk\/shop\/wp-content\/uploads\/2023\/02\/6708-2_natrznica-mociarna-sabelnik-evalar-60-tabliet-scaled.jpg\",\"contentUrl\":\"https:\/\/www.eko-bio-natura.sk\/shop\/wp-content\/uploads\/2023\/02\/6708-2_natrznica-mociarna-sabelnik-evalar-60-tabliet-scaled.jpg\",\"width\":2560,\"height\":1943},{\"@type\":\"BreadcrumbList\",\"@id\":\"https:\/\/www.eko-bio-natura.sk\/shop\/produkt\/natrznica-mociarna-sabelnik-evalar-60-tabliet\/#breadcrumb\",\"itemListElement\":[{\"@type\":\"ListItem\",\"position\":1,\"name\":\"Domovsk\u00e1 str\u00e1nka\",\"item\":\"https:\/\/www.eko-bio-natura.sk\/shop\/\"},{\"@type\":\"ListItem\",\"position\":2,\"name\":\"Obchod\",\"item\":\"https:\/\/www.eko-bio-natura.sk\/shop\/?page_id=6\"},{\"@type\":\"ListItem\",\"position\":3,\"name\":\"N\u00e1tr\u017enica mo\u010diarna &quot;sabelnik&quot; &#8211; Evalar &#8211; 60 tabliet\"}]},{\"@type\":\"WebSite\",\"@id\":\"https:\/\/www.eko-bio-natura.sk\/shop\/#website\",\"url\":\"https:\/\/www.eko-bio-natura.sk\/shop\/\",\"name\":\"EKO-BIO-NATURA BIO OBCHOD\",\"description\":\"\",\"publisher\":{\"@id\":\"https:\/\/www.eko-bio-natura.sk\/shop\/#organization\"},\"potentialAction\":[{\"@type\":\"SearchAction\",\"target\":{\"@type\":\"EntryPoint\",\"urlTemplate\":\"https:\/\/www.eko-bio-natura.sk\/shop\/?s={search_term_string}\"},\"query-input\":{\"@type\":\"PropertyValueSpecification\",\"valueRequired\":true,\"valueName\":\"search_term_string\"}}],\"inLanguage\":\"sk-SK\"},{\"@type\":\"Organization\",\"@id\":\"https:\/\/www.eko-bio-natura.sk\/shop\/#organization\",\"name\":\"EKO-BIO-NATURA BIO OBCHOD\",\"url\":\"https:\/\/www.eko-bio-natura.sk\/shop\/\",\"logo\":{\"@type\":\"ImageObject\",\"inLanguage\":\"sk-SK\",\"@id\":\"https:\/\/www.eko-bio-natura.sk\/shop\/#\/schema\/logo\/image\/\",\"url\":\"https:\/\/www.eko-bio-natura.sk\/shop\/wp-content\/uploads\/2021\/04\/eko-bio-natura_logo.png\",\"contentUrl\":\"https:\/\/www.eko-bio-natura.sk\/shop\/wp-content\/uploads\/2021\/04\/eko-bio-natura_logo.png\",\"width\":552,\"height\":194,\"caption\":\"EKO-BIO-NATURA BIO OBCHOD\"},\"image\":{\"@id\":\"https:\/\/www.eko-bio-natura.sk\/shop\/#\/schema\/logo\/image\/\"}}]}<\/script>\n<!-- \/ Yoast SEO plugin. -->","yoast_head_json":{"title":"N\u00e1tr\u017enica mo\u010diarna &quot;sabelnik&quot; - Evalar - 60 tabliet - EKO-BIO-NATURA BIO OBCHOD","robots":{"index":"index","follow":"follow","max-snippet":"max-snippet:-1","max-image-preview":"max-image-preview:large","max-video-preview":"max-video-preview:-1"},"canonical":"https:\/\/www.eko-bio-natura.sk\/shop\/produkt\/natrznica-mociarna-sabelnik-evalar-60-tabliet\/","og_locale":"sk_SK","og_type":"article","og_title":"N\u00e1tr\u017enica mo\u010diarna &quot;sabelnik&quot; - Evalar - 60 tabliet - EKO-BIO-NATURA BIO OBCHOD","og_description":"N\u00e1tr\u017enica pom\u00e1ha pri z\u00e1paloch miechov\u00fdch nervov, k\u013abov\u00fdch \u0165a\u017ekostiach a bolestiach r\u00f4zneho p\u00f4vodu, proti m\u00e4knutiu kost\u00ed, pri ukladan\u00ed sol\u00ed, bolestiach chrbtice. S\u00fa star\u00fdm \u013eudov\u00fdm prostriedkom proti hna\u010dke.\u00a0Pre\u010d\u00edtajte si viac o tomto v\u00fdrobcovi\u00a0v \u010dl\u00e1nku na na\u0161om blogu. Obsah jednotliv\u00fdch akt\u00edvnych zlo\u017eiek v\u00a0dennej d\u00e1vke (2 tbl) a % odpor\u00fa\u010danej dennej spotreby Pr\u00e1\u0161ok z\u00a0kore\u0148a n\u00e1tr\u017enice mo\u010diarnej \u00a0 \u00a0 \u00a0 [&hellip;]","og_url":"https:\/\/www.eko-bio-natura.sk\/shop\/produkt\/natrznica-mociarna-sabelnik-evalar-60-tabliet\/","og_site_name":"EKO-BIO-NATURA BIO OBCHOD","og_image":[{"width":2560,"height":1943,"url":"https:\/\/www.eko-bio-natura.sk\/shop\/wp-content\/uploads\/2023\/02\/6708-2_natrznica-mociarna-sabelnik-evalar-60-tabliet-scaled.jpg","type":"image\/jpeg"}],"twitter_card":"summary_large_image","twitter_misc":{"Predpokladan\u00fd \u010das \u010d\u00edtania":"1 min\u00fata"},"schema":{"@context":"https:\/\/schema.org","@graph":[{"@type":"WebPage","@id":"https:\/\/www.eko-bio-natura.sk\/shop\/produkt\/natrznica-mociarna-sabelnik-evalar-60-tabliet\/","url":"https:\/\/www.eko-bio-natura.sk\/shop\/produkt\/natrznica-mociarna-sabelnik-evalar-60-tabliet\/","name":"N\u00e1tr\u017enica mo\u010diarna &quot;sabelnik&quot; - Evalar - 60 tabliet - EKO-BIO-NATURA BIO OBCHOD","isPartOf":{"@id":"https:\/\/www.eko-bio-natura.sk\/shop\/#website"},"primaryImageOfPage":{"@id":"https:\/\/www.eko-bio-natura.sk\/shop\/produkt\/natrznica-mociarna-sabelnik-evalar-60-tabliet\/#primaryimage"},"image":{"@id":"https:\/\/www.eko-bio-natura.sk\/shop\/produkt\/natrznica-mociarna-sabelnik-evalar-60-tabliet\/#primaryimage"},"thumbnailUrl":"https:\/\/www.eko-bio-natura.sk\/shop\/wp-content\/uploads\/2023\/02\/6708-2_natrznica-mociarna-sabelnik-evalar-60-tabliet-scaled.jpg","datePublished":"2025-04-17T15:29:09+00:00","breadcrumb":{"@id":"https:\/\/www.eko-bio-natura.sk\/shop\/produkt\/natrznica-mociarna-sabelnik-evalar-60-tabliet\/#breadcrumb"},"inLanguage":"sk-SK","potentialAction":[{"@type":"ReadAction","target":["https:\/\/www.eko-bio-natura.sk\/shop\/produkt\/natrznica-mociarna-sabelnik-evalar-60-tabliet\/"]}]},{"@type":"ImageObject","inLanguage":"sk-SK","@id":"https:\/\/www.eko-bio-natura.sk\/shop\/produkt\/natrznica-mociarna-sabelnik-evalar-60-tabliet\/#primaryimage","url":"https:\/\/www.eko-bio-natura.sk\/shop\/wp-content\/uploads\/2023\/02\/6708-2_natrznica-mociarna-sabelnik-evalar-60-tabliet-scaled.jpg","contentUrl":"https:\/\/www.eko-bio-natura.sk\/shop\/wp-content\/uploads\/2023\/02\/6708-2_natrznica-mociarna-sabelnik-evalar-60-tabliet-scaled.jpg","width":2560,"height":1943},{"@type":"BreadcrumbList","@id":"https:\/\/www.eko-bio-natura.sk\/shop\/produkt\/natrznica-mociarna-sabelnik-evalar-60-tabliet\/#breadcrumb","itemListElement":[{"@type":"ListItem","position":1,"name":"Domovsk\u00e1 str\u00e1nka","item":"https:\/\/www.eko-bio-natura.sk\/shop\/"},{"@type":"ListItem","position":2,"name":"Obchod","item":"https:\/\/www.eko-bio-natura.sk\/shop\/?page_id=6"},{"@type":"ListItem","position":3,"name":"N\u00e1tr\u017enica mo\u010diarna &quot;sabelnik&quot; &#8211; Evalar &#8211; 60 tabliet"}]},{"@type":"WebSite","@id":"https:\/\/www.eko-bio-natura.sk\/shop\/#website","url":"https:\/\/www.eko-bio-natura.sk\/shop\/","name":"EKO-BIO-NATURA BIO OBCHOD","description":"","publisher":{"@id":"https:\/\/www.eko-bio-natura.sk\/shop\/#organization"},"potentialAction":[{"@type":"SearchAction","target":{"@type":"EntryPoint","urlTemplate":"https:\/\/www.eko-bio-natura.sk\/shop\/?s={search_term_string}"},"query-input":{"@type":"PropertyValueSpecification","valueRequired":true,"valueName":"search_term_string"}}],"inLanguage":"sk-SK"},{"@type":"Organization","@id":"https:\/\/www.eko-bio-natura.sk\/shop\/#organization","name":"EKO-BIO-NATURA BIO OBCHOD","url":"https:\/\/www.eko-bio-natura.sk\/shop\/","logo":{"@type":"ImageObject","inLanguage":"sk-SK","@id":"https:\/\/www.eko-bio-natura.sk\/shop\/#\/schema\/logo\/image\/","url":"https:\/\/www.eko-bio-natura.sk\/shop\/wp-content\/uploads\/2021\/04\/eko-bio-natura_logo.png","contentUrl":"https:\/\/www.eko-bio-natura.sk\/shop\/wp-content\/uploads\/2021\/04\/eko-bio-natura_logo.png","width":552,"height":194,"caption":"EKO-BIO-NATURA BIO OBCHOD"},"image":{"@id":"https:\/\/www.eko-bio-natura.sk\/shop\/#\/schema\/logo\/image\/"}}]}},"_links":{"self":[{"href":"https:\/\/www.eko-bio-natura.sk\/shop\/wp-json\/wp\/v2\/product\/289","targetHints":{"allow":["GET"]}}],"collection":[{"href":"https:\/\/www.eko-bio-natura.sk\/shop\/wp-json\/wp\/v2\/product"}],"about":[{"href":"https:\/\/www.eko-bio-natura.sk\/shop\/wp-json\/wp\/v2\/types\/product"}],"replies":[{"embeddable":true,"href":"https:\/\/www.eko-bio-natura.sk\/shop\/wp-json\/wp\/v2\/comments?post=289"}],"wp:featuredmedia":[{"embeddable":true,"href":"https:\/\/www.eko-bio-natura.sk\/shop\/wp-json\/wp\/v2\/media\/13916"}],"wp:attachment":[{"href":"https:\/\/www.eko-bio-natura.sk\/shop\/wp-json\/wp\/v2\/media?parent=289"}],"wp:term":[{"taxonomy":"product_brand","embeddable":true,"href":"https:\/\/www.eko-bio-natura.sk\/shop\/wp-json\/wp\/v2\/product_brand?post=289"},{"taxonomy":"product_cat","embeddable":true,"href":"https:\/\/www.eko-bio-natura.sk\/shop\/wp-json\/wp\/v2\/product_cat?post=289"},{"taxonomy":"product_tag","embeddable":true,"href":"https:\/\/www.eko-bio-natura.sk\/shop\/wp-json\/wp\/v2\/product_tag?post=289"}],"curies":[{"name":"wp","href":"https:\/\/api.w.org\/{rel}","templated":true}]}}