{"id":241,"date":"2025-04-17T17:29:05","date_gmt":"2025-04-17T15:29:05","guid":{"rendered":"https:\/\/www.eko-bio-natura.sk\/shop\/index.php\/produkt\/ginkgo-biloba-evalar-40mg\/"},"modified":"2025-04-17T17:29:05","modified_gmt":"2025-04-17T15:29:05","slug":"ginkgo-biloba-evalar-40mg","status":"publish","type":"product","link":"https:\/\/www.eko-bio-natura.sk\/shop\/produkt\/ginkgo-biloba-evalar-40mg\/","title":{"rendered":"Ginkgo Biloba &#8211; Evalar &#8211; 40mg"},"content":{"rendered":"<p><span style=\"font-family: verdana, geneva; font-size: 12pt;\"><meta charset=\"UTF-8\" \/><strong><\/strong><\/span><\/p>\n<p><span style=\"font-family: verdana, geneva; font-size: 12pt;\">Ginkgo sa vyu\u017e\u00edvalo a vyu\u017e\u00edva vo viacer\u00fdch oblastiach:<\/span><\/p>\n<ul>\n<li><span style=\"font-family: verdana, geneva; font-size: 12pt;\"><strong><picture class=\"wp-image-1028 sp-no-webp\">&nbsp;v medic\u00ednskych prepar\u00e1toch<\/picture><\/strong> s\u00fa vyu\u017e\u00edvan\u00e9 na roz\u0161irovanie ciev, zlep\u0161enie okysli\u010dovania krvi a aj jej lep\u0161iu cirkul\u00e1ciu, \u010do sa hod\u00ed aj pri erekcii<\/span><br \/><span style=\"font-family: verdana, geneva; font-size: 12pt;\"><strong><picture class=\"wp-image-1028 sp-no-webp\"><\/picture><\/strong><\/span><\/li>\n<li><span style=\"font-family: verdana, geneva; font-size: 12pt;\"><strong><picture class=\"wp-image-1028 sp-no-webp\">v \u010c\u00edne sa v tradi\u010dnej medic\u00edne<\/picture><\/strong> varen\u00e9 plody vyu\u017e\u00edvali pri probl\u00e9moch s astmou alebo ka\u0161\u013eom, tak\u017ee aj pri ochoreniach d\u00fdchacej s\u00fastavy<\/span><br \/><span style=\"font-family: verdana, geneva; font-size: 12pt;\"><strong><picture class=\"wp-image-1028 sp-no-webp\"><\/picture><\/strong><\/span><\/li>\n<li><span style=\"font-family: verdana, geneva; font-size: 12pt;\"><strong><picture class=\"wp-image-1028 sp-no-webp\">Ginko je zn\u00e1me aj ako s\u00fa\u010das\u0165 v\u00fd\u017eivov\u00fdch doplnkov vyu\u017e\u00edvan\u00fdch na zlep\u0161enie pam\u00e4ti, podpore u\u010denia sa a tie\u017e pri <\/picture>zv\u00fd\u0161en\u00ed pozornosti a s\u00fastredenia<\/strong><\/span><\/li>\n<\/ul>\n<p><span style=\"font-family: verdana, geneva; font-size: 12pt;\"><strong><br \/>Sp\u00f4sob pou\u017eitia<\/strong> : dospel\u00ed 1 tableta 1x denne v&nbsp;priebehu jedla po dobu minim\u00e1lne 3 t\u00fd\u017ed\u0148ov, tento kurz opakova\u0165 3x ro\u010dne<\/span><\/p>\n<p><span style=\"font-family: verdana, geneva; font-size: 12pt;\"><strong>Upozornenie<\/strong>: Neu\u017e\u00edvajte pri individu\u00e1lnej nezn\u00e1\u0161anlivosti na jednotliv\u00e9 zlo\u017eky pr\u00edpravku.<\/span><\/p>\n<p><span style=\"font-family: verdana, geneva; font-size: 12pt;\"><strong>Upozornenie pod\u013ea nariadenia komisie E\u00da:&nbsp;<\/strong>Tento produkt je registrovan\u00fd ako doplnok stravy. Nem\u00e1 schv\u00e1len\u00e9 lie\u010div\u00e9 \u00fa\u010dinky a nejedn\u00e1 sa o liek. Nie je ur\u010den\u00e9 ako n\u00e1hrada pestrej stravy. Neprekra\u010dujte odpor\u00fa\u010dan\u00e9 d\u00e1vkovanie. D\u00e1tum spotreby vyzna\u010den\u00fd na obale.<\/span><\/p>\n<p><span style=\"font-family: verdana, geneva; font-size: 12pt;\"><strong>Podmienky skladovania<\/strong> : na tmavom mieste pri izbovej teplote<\/span><\/p>\n<table>\n<tbody>\n<tr>\n<td colspan=\"2\">\n<p><b>Obsah jednotliv\u00fdch akt\u00edvnych zlo\u017eiek v&nbsp;dennej d\u00e1vke (1 tbl) <\/b><b>&nbsp;<\/b><b>a % odpor\u00fa\u010danej dennej spotreby<\/b><\/p>\n<\/td>\n<\/tr>\n<tr>\n<td>\n<p><span style=\"font-weight: 400;\">Ginko Biloba &#8211; extrakt&nbsp; &nbsp; &nbsp; &nbsp; &nbsp; &nbsp; &nbsp; &nbsp; &nbsp; &nbsp; &nbsp; &nbsp; &nbsp; &nbsp; &nbsp; &nbsp; &nbsp; &nbsp; &nbsp; &nbsp; &nbsp;40 mg<\/span><\/p>\n<\/td>\n<td>\n<p><span style=\"font-weight: 400;\">26 % <\/span><span style=\"font-weight: 400;\">1<\/span><\/p>\n<\/td>\n<\/tr>\n<tr>\n<td>\n<p><span style=\"font-weight: 400;\">Glyc\u00edn <\/span> <span style=\"font-weight: 400;\"> &nbsp; &nbsp; &nbsp; &nbsp; &nbsp; &nbsp; &nbsp; &nbsp; &nbsp; &nbsp; &nbsp; &nbsp; &nbsp; &nbsp; &nbsp; &nbsp; &nbsp; &nbsp; &nbsp; &nbsp; &nbsp; &nbsp; &nbsp; &nbsp; &nbsp; &nbsp; &nbsp; &nbsp; &nbsp; &nbsp; &nbsp; 20 mg<\/span><\/p>\n<\/td>\n<td>\n<ul>\n<li style=\"font-weight: 400;\" aria-level=\"1\"><\/li>\n<\/ul>\n<\/td>\n<\/tr>\n<tr>\n<td colspan=\"2\">\n<p><span style=\"font-weight: 400;\">1&nbsp; <\/span><span style=\"font-weight: 400;\">neprevy\u0161ujte najvy\u0161\u0161iu povolen\u00fa hranicu pr\u00edjmu<\/span><\/p>\n<p><span style=\"font-weight: 400;\">V&nbsp;s\u00falade s&nbsp;TU 9100-138-21428156-13<\/span><\/p>\n<\/td>\n<\/tr>\n<\/tbody>\n<\/table>\n<p>&nbsp;<span style=\"font-family: verdana, geneva; font-size: 12pt;\"><strong><\/strong><\/span><\/p>\n<p><span style=\"font-family: verdana, geneva; font-size: 12pt;\"><strong><\/strong><\/span><span style=\"font-family: verdana, geneva; font-size: 12pt;\"><strong><\/strong><\/span><span style=\"font-family: verdana, geneva; font-size: 12pt;\"><strong><img decoding=\"async\" src=\"\/user\/documents\/upload\/mceclip0-351.png?1688386066\" \/>Balenie:<\/strong> 40 tabliet<\/span><\/p>\n<p><span style=\"font-family: verdana, geneva; font-size: 12pt;\"><strong>Krajina p\u00f4vodu<\/strong> : Rusk\u00e1 feder\u00e1cia<\/span><\/p>\n<p><span style=\"font-family: verdana, geneva; font-size: 12pt;\">Pre\u010d\u00edtajte si viac o tomto v\u00fdrobcovi&nbsp;<a href=\"http:\/\/blog.herbatica.sk\/evalar-doplnky-stravy-na-bylinnej-baze\/\" target=\"_blank\" rel=\"noopener noreferrer\">v \u010dl\u00e1nku na na\u0161om blogu.<\/a><\/span><\/p>\n","protected":false},"excerpt":{"rendered":"<p>Ginkgo sa vyu\u017e\u00edvalo a vyu\u017e\u00edva vo viacer\u00fdch oblastiach: &nbsp;v medic\u00ednskych prepar\u00e1toch s\u00fa vyu\u017e\u00edvan\u00e9 na roz\u0161irovanie ciev, zlep\u0161enie okysli\u010dovania krvi a aj jej lep\u0161iu cirkul\u00e1ciu, \u010do sa hod\u00ed aj pri erekcii v \u010c\u00edne sa v tradi\u010dnej medic\u00edne varen\u00e9 plody vyu\u017e\u00edvali pri probl\u00e9moch s astmou alebo ka\u0161\u013eom, tak\u017ee aj pri ochoreniach d\u00fdchacej s\u00fastavy Ginko je zn\u00e1me aj [&hellip;]<\/p>\n","protected":false},"featured_media":13906,"comment_status":"open","ping_status":"open","template":"","meta":{"site-sidebar-layout":"default","site-content-layout":"","ast-site-content-layout":"default","site-content-style":"default","site-sidebar-style":"default","ast-global-header-display":"","ast-banner-title-visibility":"","ast-main-header-display":"","ast-hfb-above-header-display":"","ast-hfb-below-header-display":"","ast-hfb-mobile-header-display":"","site-post-title":"","ast-breadcrumbs-content":"","ast-featured-img":"","footer-sml-layout":"","ast-disable-related-posts":"","theme-transparent-header-meta":"","adv-header-id-meta":"","stick-header-meta":"","header-above-stick-meta":"","header-main-stick-meta":"","header-below-stick-meta":"","astra-migrate-meta-layouts":"default","ast-page-background-enabled":"default","ast-page-background-meta":{"desktop":{"background-color":"","background-image":"","background-repeat":"repeat","background-position":"center center","background-size":"auto","background-attachment":"scroll","background-type":"","background-media":"","overlay-type":"","overlay-color":"","overlay-opacity":"","overlay-gradient":""},"tablet":{"background-color":"","background-image":"","background-repeat":"repeat","background-position":"center center","background-size":"auto","background-attachment":"scroll","background-type":"","background-media":"","overlay-type":"","overlay-color":"","overlay-opacity":"","overlay-gradient":""},"mobile":{"background-color":"","background-image":"","background-repeat":"repeat","background-position":"center center","background-size":"auto","background-attachment":"scroll","background-type":"","background-media":"","overlay-type":"","overlay-color":"","overlay-opacity":"","overlay-gradient":""}},"ast-content-background-meta":{"desktop":{"background-color":"var(--ast-global-color-5)","background-image":"","background-repeat":"repeat","background-position":"center center","background-size":"auto","background-attachment":"scroll","background-type":"","background-media":"","overlay-type":"","overlay-color":"","overlay-opacity":"","overlay-gradient":""},"tablet":{"background-color":"var(--ast-global-color-5)","background-image":"","background-repeat":"repeat","background-position":"center center","background-size":"auto","background-attachment":"scroll","background-type":"","background-media":"","overlay-type":"","overlay-color":"","overlay-opacity":"","overlay-gradient":""},"mobile":{"background-color":"var(--ast-global-color-5)","background-image":"","background-repeat":"repeat","background-position":"center center","background-size":"auto","background-attachment":"scroll","background-type":"","background-media":"","overlay-type":"","overlay-color":"","overlay-opacity":"","overlay-gradient":""}}},"product_brand":[],"product_cat":[220,18,180,192,193],"product_tag":[],"class_list":{"0":"post-241","1":"product","2":"type-product","3":"status-publish","4":"has-post-thumbnail","6":"product_cat-pamat-a-koncentracia","7":"product_cat-prirodna-lekaren","8":"product_cat-vitaminy-a-mineraly","9":"product_cat-vyzivove-doplnky","10":"product_cat-vyzivove-doplnky-pre-dospelych","11":"pa_cena-dopravy-367","12":"pa_doprava-zasilkovna","13":"pa_ean-515","14":"pa_typ-partnersky-predaj","15":"pa_znacka-evalar","16":"desktop-align-left","17":"tablet-align-left","18":"mobile-align-left","20":"first","21":"instock","22":"product-type-external"},"yoast_head":"<!-- This site is optimized with the Yoast SEO plugin v27.2 - https:\/\/yoast.com\/product\/yoast-seo-wordpress\/ -->\n<title>Ginkgo Biloba - Evalar - 40mg - EKO-BIO-NATURA BIO OBCHOD<\/title>\n<meta name=\"robots\" content=\"index, follow, max-snippet:-1, max-image-preview:large, max-video-preview:-1\" \/>\n<link rel=\"canonical\" href=\"https:\/\/www.eko-bio-natura.sk\/shop\/produkt\/ginkgo-biloba-evalar-40mg\/\" \/>\n<meta property=\"og:locale\" content=\"sk_SK\" \/>\n<meta property=\"og:type\" content=\"article\" \/>\n<meta property=\"og:title\" content=\"Ginkgo Biloba - Evalar - 40mg - EKO-BIO-NATURA BIO OBCHOD\" \/>\n<meta property=\"og:description\" content=\"Ginkgo sa vyu\u017e\u00edvalo a vyu\u017e\u00edva vo viacer\u00fdch oblastiach: &nbsp;v medic\u00ednskych prepar\u00e1toch s\u00fa vyu\u017e\u00edvan\u00e9 na roz\u0161irovanie ciev, zlep\u0161enie okysli\u010dovania krvi a aj jej lep\u0161iu cirkul\u00e1ciu, \u010do sa hod\u00ed aj pri erekcii v \u010c\u00edne sa v tradi\u010dnej medic\u00edne varen\u00e9 plody vyu\u017e\u00edvali pri probl\u00e9moch s astmou alebo ka\u0161\u013eom, tak\u017ee aj pri ochoreniach d\u00fdchacej s\u00fastavy Ginko je zn\u00e1me aj [&hellip;]\" \/>\n<meta property=\"og:url\" content=\"https:\/\/www.eko-bio-natura.sk\/shop\/produkt\/ginkgo-biloba-evalar-40mg\/\" \/>\n<meta property=\"og:site_name\" content=\"EKO-BIO-NATURA BIO OBCHOD\" \/>\n<meta property=\"og:image\" content=\"https:\/\/www.eko-bio-natura.sk\/shop\/wp-content\/uploads\/2023\/02\/5370-2_ginkgo-biloba-evalar-40mg-scaled.jpg\" \/>\n\t<meta property=\"og:image:width\" content=\"2560\" \/>\n\t<meta property=\"og:image:height\" content=\"1923\" \/>\n\t<meta property=\"og:image:type\" content=\"image\/jpeg\" \/>\n<meta name=\"twitter:card\" content=\"summary_large_image\" \/>\n<meta name=\"twitter:label1\" content=\"Predpokladan\u00fd \u010das \u010d\u00edtania\" \/>\n\t<meta name=\"twitter:data1\" content=\"2 min\u00faty\" \/>\n<script type=\"application\/ld+json\" class=\"yoast-schema-graph\">{\"@context\":\"https:\/\/schema.org\",\"@graph\":[{\"@type\":\"WebPage\",\"@id\":\"https:\/\/www.eko-bio-natura.sk\/shop\/produkt\/ginkgo-biloba-evalar-40mg\/\",\"url\":\"https:\/\/www.eko-bio-natura.sk\/shop\/produkt\/ginkgo-biloba-evalar-40mg\/\",\"name\":\"Ginkgo Biloba - Evalar - 40mg - EKO-BIO-NATURA BIO OBCHOD\",\"isPartOf\":{\"@id\":\"https:\/\/www.eko-bio-natura.sk\/shop\/#website\"},\"primaryImageOfPage\":{\"@id\":\"https:\/\/www.eko-bio-natura.sk\/shop\/produkt\/ginkgo-biloba-evalar-40mg\/#primaryimage\"},\"image\":{\"@id\":\"https:\/\/www.eko-bio-natura.sk\/shop\/produkt\/ginkgo-biloba-evalar-40mg\/#primaryimage\"},\"thumbnailUrl\":\"https:\/\/www.eko-bio-natura.sk\/shop\/wp-content\/uploads\/2023\/02\/5370-2_ginkgo-biloba-evalar-40mg-scaled.jpg\",\"datePublished\":\"2025-04-17T15:29:05+00:00\",\"breadcrumb\":{\"@id\":\"https:\/\/www.eko-bio-natura.sk\/shop\/produkt\/ginkgo-biloba-evalar-40mg\/#breadcrumb\"},\"inLanguage\":\"sk-SK\",\"potentialAction\":[{\"@type\":\"ReadAction\",\"target\":[\"https:\/\/www.eko-bio-natura.sk\/shop\/produkt\/ginkgo-biloba-evalar-40mg\/\"]}]},{\"@type\":\"ImageObject\",\"inLanguage\":\"sk-SK\",\"@id\":\"https:\/\/www.eko-bio-natura.sk\/shop\/produkt\/ginkgo-biloba-evalar-40mg\/#primaryimage\",\"url\":\"https:\/\/www.eko-bio-natura.sk\/shop\/wp-content\/uploads\/2023\/02\/5370-2_ginkgo-biloba-evalar-40mg-scaled.jpg\",\"contentUrl\":\"https:\/\/www.eko-bio-natura.sk\/shop\/wp-content\/uploads\/2023\/02\/5370-2_ginkgo-biloba-evalar-40mg-scaled.jpg\",\"width\":2560,\"height\":1923},{\"@type\":\"BreadcrumbList\",\"@id\":\"https:\/\/www.eko-bio-natura.sk\/shop\/produkt\/ginkgo-biloba-evalar-40mg\/#breadcrumb\",\"itemListElement\":[{\"@type\":\"ListItem\",\"position\":1,\"name\":\"Domovsk\u00e1 str\u00e1nka\",\"item\":\"https:\/\/www.eko-bio-natura.sk\/shop\/\"},{\"@type\":\"ListItem\",\"position\":2,\"name\":\"Obchod\",\"item\":\"https:\/\/www.eko-bio-natura.sk\/shop\/?page_id=6\"},{\"@type\":\"ListItem\",\"position\":3,\"name\":\"Ginkgo Biloba &#8211; Evalar &#8211; 40mg\"}]},{\"@type\":\"WebSite\",\"@id\":\"https:\/\/www.eko-bio-natura.sk\/shop\/#website\",\"url\":\"https:\/\/www.eko-bio-natura.sk\/shop\/\",\"name\":\"EKO-BIO-NATURA BIO OBCHOD\",\"description\":\"\",\"publisher\":{\"@id\":\"https:\/\/www.eko-bio-natura.sk\/shop\/#organization\"},\"potentialAction\":[{\"@type\":\"SearchAction\",\"target\":{\"@type\":\"EntryPoint\",\"urlTemplate\":\"https:\/\/www.eko-bio-natura.sk\/shop\/?s={search_term_string}\"},\"query-input\":{\"@type\":\"PropertyValueSpecification\",\"valueRequired\":true,\"valueName\":\"search_term_string\"}}],\"inLanguage\":\"sk-SK\"},{\"@type\":\"Organization\",\"@id\":\"https:\/\/www.eko-bio-natura.sk\/shop\/#organization\",\"name\":\"EKO-BIO-NATURA BIO OBCHOD\",\"url\":\"https:\/\/www.eko-bio-natura.sk\/shop\/\",\"logo\":{\"@type\":\"ImageObject\",\"inLanguage\":\"sk-SK\",\"@id\":\"https:\/\/www.eko-bio-natura.sk\/shop\/#\/schema\/logo\/image\/\",\"url\":\"https:\/\/www.eko-bio-natura.sk\/shop\/wp-content\/uploads\/2021\/04\/eko-bio-natura_logo.png\",\"contentUrl\":\"https:\/\/www.eko-bio-natura.sk\/shop\/wp-content\/uploads\/2021\/04\/eko-bio-natura_logo.png\",\"width\":552,\"height\":194,\"caption\":\"EKO-BIO-NATURA BIO OBCHOD\"},\"image\":{\"@id\":\"https:\/\/www.eko-bio-natura.sk\/shop\/#\/schema\/logo\/image\/\"}}]}<\/script>\n<!-- \/ Yoast SEO plugin. -->","yoast_head_json":{"title":"Ginkgo Biloba - Evalar - 40mg - EKO-BIO-NATURA BIO OBCHOD","robots":{"index":"index","follow":"follow","max-snippet":"max-snippet:-1","max-image-preview":"max-image-preview:large","max-video-preview":"max-video-preview:-1"},"canonical":"https:\/\/www.eko-bio-natura.sk\/shop\/produkt\/ginkgo-biloba-evalar-40mg\/","og_locale":"sk_SK","og_type":"article","og_title":"Ginkgo Biloba - Evalar - 40mg - EKO-BIO-NATURA BIO OBCHOD","og_description":"Ginkgo sa vyu\u017e\u00edvalo a vyu\u017e\u00edva vo viacer\u00fdch oblastiach: &nbsp;v medic\u00ednskych prepar\u00e1toch s\u00fa vyu\u017e\u00edvan\u00e9 na roz\u0161irovanie ciev, zlep\u0161enie okysli\u010dovania krvi a aj jej lep\u0161iu cirkul\u00e1ciu, \u010do sa hod\u00ed aj pri erekcii v \u010c\u00edne sa v tradi\u010dnej medic\u00edne varen\u00e9 plody vyu\u017e\u00edvali pri probl\u00e9moch s astmou alebo ka\u0161\u013eom, tak\u017ee aj pri ochoreniach d\u00fdchacej s\u00fastavy Ginko je zn\u00e1me aj [&hellip;]","og_url":"https:\/\/www.eko-bio-natura.sk\/shop\/produkt\/ginkgo-biloba-evalar-40mg\/","og_site_name":"EKO-BIO-NATURA BIO OBCHOD","og_image":[{"width":2560,"height":1923,"url":"https:\/\/www.eko-bio-natura.sk\/shop\/wp-content\/uploads\/2023\/02\/5370-2_ginkgo-biloba-evalar-40mg-scaled.jpg","type":"image\/jpeg"}],"twitter_card":"summary_large_image","twitter_misc":{"Predpokladan\u00fd \u010das \u010d\u00edtania":"2 min\u00faty"},"schema":{"@context":"https:\/\/schema.org","@graph":[{"@type":"WebPage","@id":"https:\/\/www.eko-bio-natura.sk\/shop\/produkt\/ginkgo-biloba-evalar-40mg\/","url":"https:\/\/www.eko-bio-natura.sk\/shop\/produkt\/ginkgo-biloba-evalar-40mg\/","name":"Ginkgo Biloba - Evalar - 40mg - EKO-BIO-NATURA BIO OBCHOD","isPartOf":{"@id":"https:\/\/www.eko-bio-natura.sk\/shop\/#website"},"primaryImageOfPage":{"@id":"https:\/\/www.eko-bio-natura.sk\/shop\/produkt\/ginkgo-biloba-evalar-40mg\/#primaryimage"},"image":{"@id":"https:\/\/www.eko-bio-natura.sk\/shop\/produkt\/ginkgo-biloba-evalar-40mg\/#primaryimage"},"thumbnailUrl":"https:\/\/www.eko-bio-natura.sk\/shop\/wp-content\/uploads\/2023\/02\/5370-2_ginkgo-biloba-evalar-40mg-scaled.jpg","datePublished":"2025-04-17T15:29:05+00:00","breadcrumb":{"@id":"https:\/\/www.eko-bio-natura.sk\/shop\/produkt\/ginkgo-biloba-evalar-40mg\/#breadcrumb"},"inLanguage":"sk-SK","potentialAction":[{"@type":"ReadAction","target":["https:\/\/www.eko-bio-natura.sk\/shop\/produkt\/ginkgo-biloba-evalar-40mg\/"]}]},{"@type":"ImageObject","inLanguage":"sk-SK","@id":"https:\/\/www.eko-bio-natura.sk\/shop\/produkt\/ginkgo-biloba-evalar-40mg\/#primaryimage","url":"https:\/\/www.eko-bio-natura.sk\/shop\/wp-content\/uploads\/2023\/02\/5370-2_ginkgo-biloba-evalar-40mg-scaled.jpg","contentUrl":"https:\/\/www.eko-bio-natura.sk\/shop\/wp-content\/uploads\/2023\/02\/5370-2_ginkgo-biloba-evalar-40mg-scaled.jpg","width":2560,"height":1923},{"@type":"BreadcrumbList","@id":"https:\/\/www.eko-bio-natura.sk\/shop\/produkt\/ginkgo-biloba-evalar-40mg\/#breadcrumb","itemListElement":[{"@type":"ListItem","position":1,"name":"Domovsk\u00e1 str\u00e1nka","item":"https:\/\/www.eko-bio-natura.sk\/shop\/"},{"@type":"ListItem","position":2,"name":"Obchod","item":"https:\/\/www.eko-bio-natura.sk\/shop\/?page_id=6"},{"@type":"ListItem","position":3,"name":"Ginkgo Biloba &#8211; Evalar &#8211; 40mg"}]},{"@type":"WebSite","@id":"https:\/\/www.eko-bio-natura.sk\/shop\/#website","url":"https:\/\/www.eko-bio-natura.sk\/shop\/","name":"EKO-BIO-NATURA BIO OBCHOD","description":"","publisher":{"@id":"https:\/\/www.eko-bio-natura.sk\/shop\/#organization"},"potentialAction":[{"@type":"SearchAction","target":{"@type":"EntryPoint","urlTemplate":"https:\/\/www.eko-bio-natura.sk\/shop\/?s={search_term_string}"},"query-input":{"@type":"PropertyValueSpecification","valueRequired":true,"valueName":"search_term_string"}}],"inLanguage":"sk-SK"},{"@type":"Organization","@id":"https:\/\/www.eko-bio-natura.sk\/shop\/#organization","name":"EKO-BIO-NATURA BIO OBCHOD","url":"https:\/\/www.eko-bio-natura.sk\/shop\/","logo":{"@type":"ImageObject","inLanguage":"sk-SK","@id":"https:\/\/www.eko-bio-natura.sk\/shop\/#\/schema\/logo\/image\/","url":"https:\/\/www.eko-bio-natura.sk\/shop\/wp-content\/uploads\/2021\/04\/eko-bio-natura_logo.png","contentUrl":"https:\/\/www.eko-bio-natura.sk\/shop\/wp-content\/uploads\/2021\/04\/eko-bio-natura_logo.png","width":552,"height":194,"caption":"EKO-BIO-NATURA BIO OBCHOD"},"image":{"@id":"https:\/\/www.eko-bio-natura.sk\/shop\/#\/schema\/logo\/image\/"}}]}},"_links":{"self":[{"href":"https:\/\/www.eko-bio-natura.sk\/shop\/wp-json\/wp\/v2\/product\/241","targetHints":{"allow":["GET"]}}],"collection":[{"href":"https:\/\/www.eko-bio-natura.sk\/shop\/wp-json\/wp\/v2\/product"}],"about":[{"href":"https:\/\/www.eko-bio-natura.sk\/shop\/wp-json\/wp\/v2\/types\/product"}],"replies":[{"embeddable":true,"href":"https:\/\/www.eko-bio-natura.sk\/shop\/wp-json\/wp\/v2\/comments?post=241"}],"wp:featuredmedia":[{"embeddable":true,"href":"https:\/\/www.eko-bio-natura.sk\/shop\/wp-json\/wp\/v2\/media\/13906"}],"wp:attachment":[{"href":"https:\/\/www.eko-bio-natura.sk\/shop\/wp-json\/wp\/v2\/media?parent=241"}],"wp:term":[{"taxonomy":"product_brand","embeddable":true,"href":"https:\/\/www.eko-bio-natura.sk\/shop\/wp-json\/wp\/v2\/product_brand?post=241"},{"taxonomy":"product_cat","embeddable":true,"href":"https:\/\/www.eko-bio-natura.sk\/shop\/wp-json\/wp\/v2\/product_cat?post=241"},{"taxonomy":"product_tag","embeddable":true,"href":"https:\/\/www.eko-bio-natura.sk\/shop\/wp-json\/wp\/v2\/product_tag?post=241"}],"curies":[{"name":"wp","href":"https:\/\/api.w.org\/{rel}","templated":true}]}}