{"id":14597,"date":"2025-04-17T17:22:22","date_gmt":"2025-04-17T15:22:22","guid":{"rendered":"https:\/\/www.eko-bio-natura.sk\/shop\/produkt\/orieskovy-krem-bozsky-pernicek-190-g\/"},"modified":"2025-04-17T23:10:50","modified_gmt":"2025-04-17T21:10:50","slug":"orieskovy-krem-bozsky-pernicek-190-g","status":"publish","type":"product","link":"https:\/\/www.eko-bio-natura.sk\/shop\/produkt\/orieskovy-krem-bozsky-pernicek-190-g\/","title":{"rendered":"Orie\u0161kov\u00fd kr\u00e9m Bo\u017esk\u00fd Pern\u00ed\u010dek, 190 g"},"content":{"rendered":"<p>Kto by nemiloval orie\u0161kov\u00fd kr\u00e9m s \u010dokol\u00e1dou? A pokia\u013e je navy\u0161e doplnen\u00fd o aromatick\u00e9 korenie s v\u00f4\u0148ou Vianoc, tak tomu neodol\u00e1 naozaj nikto. Dokonale prepracovan\u00e1 recept\u00fara, ktor\u00e1 zl\u00e1ka mal\u00fdch aj ve\u013ek\u00fdch ma\u0161krtn\u00edkov. Jemn\u00fd kr\u00e9m, v ktorom n\u00e1jdete ingrediencie, ktor\u00e9 sa pou\u017e\u00edvaj\u00fa pri pe\u010den\u00ed tradi\u010dn\u00fdch pern\u00ed\u010dkov. Pre v\u0161etk\u00fdch, ktor\u00ed chc\u00fa zahna\u0165 chu\u0165 na sladk\u00e9 a z\u00e1rove\u0148 doda\u0165 telu prospe\u0161n\u00e9 \u017eiviny, a nie pr\u00e1zdne kal\u00f3rie.<\/p>\n","protected":false},"excerpt":{"rendered":"<p>Kto by nemiloval orie\u0161kov\u00fd kr\u00e9m s \u010dokol\u00e1dou? A pokia\u013e je navy\u0161e doplnen\u00fd o aromatick\u00e9 korenie s v\u00f4\u0148ou Vianoc, tak tomu neodol\u00e1 naozaj nikto. Dokonale prepracovan\u00e1 recept\u00fara, ktor\u00e1 zl\u00e1ka mal\u00fdch aj ve\u013ek\u00fdch ma\u0161krtn\u00edkov. Jemn\u00fd kr\u00e9m, v ktorom n\u00e1jdete ingrediencie, ktor\u00e9 sa pou\u017e\u00edvaj\u00fa pri pe\u010den\u00ed tradi\u010dn\u00fdch pern\u00ed\u010dkov. Pre v\u0161etk\u00fdch, ktor\u00ed chc\u00fa zahna\u0165 chu\u0165 na sladk\u00e9 a z\u00e1rove\u0148 [&hellip;]<\/p>\n","protected":false},"featured_media":14598,"comment_status":"open","ping_status":"open","template":"","meta":{"site-sidebar-layout":"default","site-content-layout":"","ast-site-content-layout":"default","site-content-style":"default","site-sidebar-style":"default","ast-global-header-display":"","ast-banner-title-visibility":"","ast-main-header-display":"","ast-hfb-above-header-display":"","ast-hfb-below-header-display":"","ast-hfb-mobile-header-display":"","site-post-title":"","ast-breadcrumbs-content":"","ast-featured-img":"","footer-sml-layout":"","ast-disable-related-posts":"","theme-transparent-header-meta":"","adv-header-id-meta":"","stick-header-meta":"","header-above-stick-meta":"","header-main-stick-meta":"","header-below-stick-meta":"","astra-migrate-meta-layouts":"default","ast-page-background-enabled":"default","ast-page-background-meta":{"desktop":{"background-color":"","background-image":"","background-repeat":"repeat","background-position":"center center","background-size":"auto","background-attachment":"scroll","background-type":"","background-media":"","overlay-type":"","overlay-color":"","overlay-opacity":"","overlay-gradient":""},"tablet":{"background-color":"","background-image":"","background-repeat":"repeat","background-position":"center center","background-size":"auto","background-attachment":"scroll","background-type":"","background-media":"","overlay-type":"","overlay-color":"","overlay-opacity":"","overlay-gradient":""},"mobile":{"background-color":"","background-image":"","background-repeat":"repeat","background-position":"center center","background-size":"auto","background-attachment":"scroll","background-type":"","background-media":"","overlay-type":"","overlay-color":"","overlay-opacity":"","overlay-gradient":""}},"ast-content-background-meta":{"desktop":{"background-color":"var(--ast-global-color-5)","background-image":"","background-repeat":"repeat","background-position":"center center","background-size":"auto","background-attachment":"scroll","background-type":"","background-media":"","overlay-type":"","overlay-color":"","overlay-opacity":"","overlay-gradient":""},"tablet":{"background-color":"var(--ast-global-color-5)","background-image":"","background-repeat":"repeat","background-position":"center center","background-size":"auto","background-attachment":"scroll","background-type":"","background-media":"","overlay-type":"","overlay-color":"","overlay-opacity":"","overlay-gradient":""},"mobile":{"background-color":"var(--ast-global-color-5)","background-image":"","background-repeat":"repeat","background-position":"center center","background-size":"auto","background-attachment":"scroll","background-type":"","background-media":"","overlay-type":"","overlay-color":"","overlay-opacity":"","overlay-gradient":""}}},"product_brand":[],"product_cat":[16,49,119,147,56],"product_tag":[],"class_list":{"0":"post-14597","1":"product","2":"type-product","3":"status-publish","4":"has-post-thumbnail","6":"product_cat-bio-potraviny","7":"product_cat-med-dzemy-a-natierky","8":"product_cat-orechove-masla-a-kremy","9":"product_cat-orechy-a-semena","10":"product_cat-susene-ovocie-a-orechy","11":"pa_ean-4521","12":"pa_typ-partnersky-predaj","13":"pa_znacka-bozske-orisky","14":"desktop-align-left","15":"tablet-align-left","16":"mobile-align-left","18":"first","19":"instock","20":"product-type-external"},"yoast_head":"<!-- This site is optimized with the Yoast SEO plugin v27.2 - https:\/\/yoast.com\/product\/yoast-seo-wordpress\/ -->\n<title>Orie\u0161kov\u00fd kr\u00e9m Bo\u017esk\u00fd Pern\u00ed\u010dek, 190 g - EKO-BIO-NATURA BIO OBCHOD<\/title>\n<meta name=\"robots\" content=\"index, follow, max-snippet:-1, max-image-preview:large, max-video-preview:-1\" \/>\n<link rel=\"canonical\" href=\"https:\/\/www.eko-bio-natura.sk\/shop\/produkt\/orieskovy-krem-bozsky-pernicek-190-g\/\" \/>\n<meta property=\"og:locale\" content=\"sk_SK\" \/>\n<meta property=\"og:type\" content=\"article\" \/>\n<meta property=\"og:title\" content=\"Orie\u0161kov\u00fd kr\u00e9m Bo\u017esk\u00fd Pern\u00ed\u010dek, 190 g - EKO-BIO-NATURA BIO OBCHOD\" \/>\n<meta property=\"og:description\" content=\"Kto by nemiloval orie\u0161kov\u00fd kr\u00e9m s \u010dokol\u00e1dou? A pokia\u013e je navy\u0161e doplnen\u00fd o aromatick\u00e9 korenie s v\u00f4\u0148ou Vianoc, tak tomu neodol\u00e1 naozaj nikto. Dokonale prepracovan\u00e1 recept\u00fara, ktor\u00e1 zl\u00e1ka mal\u00fdch aj ve\u013ek\u00fdch ma\u0161krtn\u00edkov. Jemn\u00fd kr\u00e9m, v ktorom n\u00e1jdete ingrediencie, ktor\u00e9 sa pou\u017e\u00edvaj\u00fa pri pe\u010den\u00ed tradi\u010dn\u00fdch pern\u00ed\u010dkov. Pre v\u0161etk\u00fdch, ktor\u00ed chc\u00fa zahna\u0165 chu\u0165 na sladk\u00e9 a z\u00e1rove\u0148 [&hellip;]\" \/>\n<meta property=\"og:url\" content=\"https:\/\/www.eko-bio-natura.sk\/shop\/produkt\/orieskovy-krem-bozsky-pernicek-190-g\/\" \/>\n<meta property=\"og:site_name\" content=\"EKO-BIO-NATURA BIO OBCHOD\" \/>\n<meta property=\"article:modified_time\" content=\"2025-04-17T21:10:50+00:00\" \/>\n<meta property=\"og:image\" content=\"https:\/\/www.eko-bio-natura.sk\/shop\/wp-content\/uploads\/2023\/10\/9640_bozsky-pernicek-orechovy-krem-01.jpg\" \/>\n\t<meta property=\"og:image:width\" content=\"1024\" \/>\n\t<meta property=\"og:image:height\" content=\"768\" \/>\n\t<meta property=\"og:image:type\" content=\"image\/jpeg\" \/>\n<meta name=\"twitter:card\" content=\"summary_large_image\" \/>\n<script type=\"application\/ld+json\" class=\"yoast-schema-graph\">{\"@context\":\"https:\/\/schema.org\",\"@graph\":[{\"@type\":\"WebPage\",\"@id\":\"https:\/\/www.eko-bio-natura.sk\/shop\/produkt\/orieskovy-krem-bozsky-pernicek-190-g\/\",\"url\":\"https:\/\/www.eko-bio-natura.sk\/shop\/produkt\/orieskovy-krem-bozsky-pernicek-190-g\/\",\"name\":\"Orie\u0161kov\u00fd kr\u00e9m Bo\u017esk\u00fd Pern\u00ed\u010dek, 190 g - EKO-BIO-NATURA BIO OBCHOD\",\"isPartOf\":{\"@id\":\"https:\/\/www.eko-bio-natura.sk\/shop\/#website\"},\"primaryImageOfPage\":{\"@id\":\"https:\/\/www.eko-bio-natura.sk\/shop\/produkt\/orieskovy-krem-bozsky-pernicek-190-g\/#primaryimage\"},\"image\":{\"@id\":\"https:\/\/www.eko-bio-natura.sk\/shop\/produkt\/orieskovy-krem-bozsky-pernicek-190-g\/#primaryimage\"},\"thumbnailUrl\":\"https:\/\/www.eko-bio-natura.sk\/shop\/wp-content\/uploads\/2023\/10\/9640_bozsky-pernicek-orechovy-krem-01.jpg\",\"datePublished\":\"2025-04-17T15:22:22+00:00\",\"dateModified\":\"2025-04-17T21:10:50+00:00\",\"breadcrumb\":{\"@id\":\"https:\/\/www.eko-bio-natura.sk\/shop\/produkt\/orieskovy-krem-bozsky-pernicek-190-g\/#breadcrumb\"},\"inLanguage\":\"sk-SK\",\"potentialAction\":[{\"@type\":\"ReadAction\",\"target\":[\"https:\/\/www.eko-bio-natura.sk\/shop\/produkt\/orieskovy-krem-bozsky-pernicek-190-g\/\"]}]},{\"@type\":\"ImageObject\",\"inLanguage\":\"sk-SK\",\"@id\":\"https:\/\/www.eko-bio-natura.sk\/shop\/produkt\/orieskovy-krem-bozsky-pernicek-190-g\/#primaryimage\",\"url\":\"https:\/\/www.eko-bio-natura.sk\/shop\/wp-content\/uploads\/2023\/10\/9640_bozsky-pernicek-orechovy-krem-01.jpg\",\"contentUrl\":\"https:\/\/www.eko-bio-natura.sk\/shop\/wp-content\/uploads\/2023\/10\/9640_bozsky-pernicek-orechovy-krem-01.jpg\",\"width\":1024,\"height\":768},{\"@type\":\"BreadcrumbList\",\"@id\":\"https:\/\/www.eko-bio-natura.sk\/shop\/produkt\/orieskovy-krem-bozsky-pernicek-190-g\/#breadcrumb\",\"itemListElement\":[{\"@type\":\"ListItem\",\"position\":1,\"name\":\"Domovsk\u00e1 str\u00e1nka\",\"item\":\"https:\/\/www.eko-bio-natura.sk\/shop\/\"},{\"@type\":\"ListItem\",\"position\":2,\"name\":\"Obchod\",\"item\":\"https:\/\/www.eko-bio-natura.sk\/shop\/?page_id=6\"},{\"@type\":\"ListItem\",\"position\":3,\"name\":\"Orie\u0161kov\u00fd kr\u00e9m Bo\u017esk\u00fd Pern\u00ed\u010dek, 190 g\"}]},{\"@type\":\"WebSite\",\"@id\":\"https:\/\/www.eko-bio-natura.sk\/shop\/#website\",\"url\":\"https:\/\/www.eko-bio-natura.sk\/shop\/\",\"name\":\"EKO-BIO-NATURA BIO OBCHOD\",\"description\":\"\",\"publisher\":{\"@id\":\"https:\/\/www.eko-bio-natura.sk\/shop\/#organization\"},\"potentialAction\":[{\"@type\":\"SearchAction\",\"target\":{\"@type\":\"EntryPoint\",\"urlTemplate\":\"https:\/\/www.eko-bio-natura.sk\/shop\/?s={search_term_string}\"},\"query-input\":{\"@type\":\"PropertyValueSpecification\",\"valueRequired\":true,\"valueName\":\"search_term_string\"}}],\"inLanguage\":\"sk-SK\"},{\"@type\":\"Organization\",\"@id\":\"https:\/\/www.eko-bio-natura.sk\/shop\/#organization\",\"name\":\"EKO-BIO-NATURA BIO OBCHOD\",\"url\":\"https:\/\/www.eko-bio-natura.sk\/shop\/\",\"logo\":{\"@type\":\"ImageObject\",\"inLanguage\":\"sk-SK\",\"@id\":\"https:\/\/www.eko-bio-natura.sk\/shop\/#\/schema\/logo\/image\/\",\"url\":\"https:\/\/www.eko-bio-natura.sk\/shop\/wp-content\/uploads\/2021\/04\/eko-bio-natura_logo.png\",\"contentUrl\":\"https:\/\/www.eko-bio-natura.sk\/shop\/wp-content\/uploads\/2021\/04\/eko-bio-natura_logo.png\",\"width\":552,\"height\":194,\"caption\":\"EKO-BIO-NATURA BIO OBCHOD\"},\"image\":{\"@id\":\"https:\/\/www.eko-bio-natura.sk\/shop\/#\/schema\/logo\/image\/\"}}]}<\/script>\n<!-- \/ Yoast SEO plugin. -->","yoast_head_json":{"title":"Orie\u0161kov\u00fd kr\u00e9m Bo\u017esk\u00fd Pern\u00ed\u010dek, 190 g - EKO-BIO-NATURA BIO OBCHOD","robots":{"index":"index","follow":"follow","max-snippet":"max-snippet:-1","max-image-preview":"max-image-preview:large","max-video-preview":"max-video-preview:-1"},"canonical":"https:\/\/www.eko-bio-natura.sk\/shop\/produkt\/orieskovy-krem-bozsky-pernicek-190-g\/","og_locale":"sk_SK","og_type":"article","og_title":"Orie\u0161kov\u00fd kr\u00e9m Bo\u017esk\u00fd Pern\u00ed\u010dek, 190 g - EKO-BIO-NATURA BIO OBCHOD","og_description":"Kto by nemiloval orie\u0161kov\u00fd kr\u00e9m s \u010dokol\u00e1dou? A pokia\u013e je navy\u0161e doplnen\u00fd o aromatick\u00e9 korenie s v\u00f4\u0148ou Vianoc, tak tomu neodol\u00e1 naozaj nikto. Dokonale prepracovan\u00e1 recept\u00fara, ktor\u00e1 zl\u00e1ka mal\u00fdch aj ve\u013ek\u00fdch ma\u0161krtn\u00edkov. Jemn\u00fd kr\u00e9m, v ktorom n\u00e1jdete ingrediencie, ktor\u00e9 sa pou\u017e\u00edvaj\u00fa pri pe\u010den\u00ed tradi\u010dn\u00fdch pern\u00ed\u010dkov. Pre v\u0161etk\u00fdch, ktor\u00ed chc\u00fa zahna\u0165 chu\u0165 na sladk\u00e9 a z\u00e1rove\u0148 [&hellip;]","og_url":"https:\/\/www.eko-bio-natura.sk\/shop\/produkt\/orieskovy-krem-bozsky-pernicek-190-g\/","og_site_name":"EKO-BIO-NATURA BIO OBCHOD","article_modified_time":"2025-04-17T21:10:50+00:00","og_image":[{"width":1024,"height":768,"url":"https:\/\/www.eko-bio-natura.sk\/shop\/wp-content\/uploads\/2023\/10\/9640_bozsky-pernicek-orechovy-krem-01.jpg","type":"image\/jpeg"}],"twitter_card":"summary_large_image","schema":{"@context":"https:\/\/schema.org","@graph":[{"@type":"WebPage","@id":"https:\/\/www.eko-bio-natura.sk\/shop\/produkt\/orieskovy-krem-bozsky-pernicek-190-g\/","url":"https:\/\/www.eko-bio-natura.sk\/shop\/produkt\/orieskovy-krem-bozsky-pernicek-190-g\/","name":"Orie\u0161kov\u00fd kr\u00e9m Bo\u017esk\u00fd Pern\u00ed\u010dek, 190 g - EKO-BIO-NATURA BIO OBCHOD","isPartOf":{"@id":"https:\/\/www.eko-bio-natura.sk\/shop\/#website"},"primaryImageOfPage":{"@id":"https:\/\/www.eko-bio-natura.sk\/shop\/produkt\/orieskovy-krem-bozsky-pernicek-190-g\/#primaryimage"},"image":{"@id":"https:\/\/www.eko-bio-natura.sk\/shop\/produkt\/orieskovy-krem-bozsky-pernicek-190-g\/#primaryimage"},"thumbnailUrl":"https:\/\/www.eko-bio-natura.sk\/shop\/wp-content\/uploads\/2023\/10\/9640_bozsky-pernicek-orechovy-krem-01.jpg","datePublished":"2025-04-17T15:22:22+00:00","dateModified":"2025-04-17T21:10:50+00:00","breadcrumb":{"@id":"https:\/\/www.eko-bio-natura.sk\/shop\/produkt\/orieskovy-krem-bozsky-pernicek-190-g\/#breadcrumb"},"inLanguage":"sk-SK","potentialAction":[{"@type":"ReadAction","target":["https:\/\/www.eko-bio-natura.sk\/shop\/produkt\/orieskovy-krem-bozsky-pernicek-190-g\/"]}]},{"@type":"ImageObject","inLanguage":"sk-SK","@id":"https:\/\/www.eko-bio-natura.sk\/shop\/produkt\/orieskovy-krem-bozsky-pernicek-190-g\/#primaryimage","url":"https:\/\/www.eko-bio-natura.sk\/shop\/wp-content\/uploads\/2023\/10\/9640_bozsky-pernicek-orechovy-krem-01.jpg","contentUrl":"https:\/\/www.eko-bio-natura.sk\/shop\/wp-content\/uploads\/2023\/10\/9640_bozsky-pernicek-orechovy-krem-01.jpg","width":1024,"height":768},{"@type":"BreadcrumbList","@id":"https:\/\/www.eko-bio-natura.sk\/shop\/produkt\/orieskovy-krem-bozsky-pernicek-190-g\/#breadcrumb","itemListElement":[{"@type":"ListItem","position":1,"name":"Domovsk\u00e1 str\u00e1nka","item":"https:\/\/www.eko-bio-natura.sk\/shop\/"},{"@type":"ListItem","position":2,"name":"Obchod","item":"https:\/\/www.eko-bio-natura.sk\/shop\/?page_id=6"},{"@type":"ListItem","position":3,"name":"Orie\u0161kov\u00fd kr\u00e9m Bo\u017esk\u00fd Pern\u00ed\u010dek, 190 g"}]},{"@type":"WebSite","@id":"https:\/\/www.eko-bio-natura.sk\/shop\/#website","url":"https:\/\/www.eko-bio-natura.sk\/shop\/","name":"EKO-BIO-NATURA BIO OBCHOD","description":"","publisher":{"@id":"https:\/\/www.eko-bio-natura.sk\/shop\/#organization"},"potentialAction":[{"@type":"SearchAction","target":{"@type":"EntryPoint","urlTemplate":"https:\/\/www.eko-bio-natura.sk\/shop\/?s={search_term_string}"},"query-input":{"@type":"PropertyValueSpecification","valueRequired":true,"valueName":"search_term_string"}}],"inLanguage":"sk-SK"},{"@type":"Organization","@id":"https:\/\/www.eko-bio-natura.sk\/shop\/#organization","name":"EKO-BIO-NATURA BIO OBCHOD","url":"https:\/\/www.eko-bio-natura.sk\/shop\/","logo":{"@type":"ImageObject","inLanguage":"sk-SK","@id":"https:\/\/www.eko-bio-natura.sk\/shop\/#\/schema\/logo\/image\/","url":"https:\/\/www.eko-bio-natura.sk\/shop\/wp-content\/uploads\/2021\/04\/eko-bio-natura_logo.png","contentUrl":"https:\/\/www.eko-bio-natura.sk\/shop\/wp-content\/uploads\/2021\/04\/eko-bio-natura_logo.png","width":552,"height":194,"caption":"EKO-BIO-NATURA BIO OBCHOD"},"image":{"@id":"https:\/\/www.eko-bio-natura.sk\/shop\/#\/schema\/logo\/image\/"}}]}},"_links":{"self":[{"href":"https:\/\/www.eko-bio-natura.sk\/shop\/wp-json\/wp\/v2\/product\/14597","targetHints":{"allow":["GET"]}}],"collection":[{"href":"https:\/\/www.eko-bio-natura.sk\/shop\/wp-json\/wp\/v2\/product"}],"about":[{"href":"https:\/\/www.eko-bio-natura.sk\/shop\/wp-json\/wp\/v2\/types\/product"}],"replies":[{"embeddable":true,"href":"https:\/\/www.eko-bio-natura.sk\/shop\/wp-json\/wp\/v2\/comments?post=14597"}],"wp:featuredmedia":[{"embeddable":true,"href":"https:\/\/www.eko-bio-natura.sk\/shop\/wp-json\/wp\/v2\/media\/14598"}],"wp:attachment":[{"href":"https:\/\/www.eko-bio-natura.sk\/shop\/wp-json\/wp\/v2\/media?parent=14597"}],"wp:term":[{"taxonomy":"product_brand","embeddable":true,"href":"https:\/\/www.eko-bio-natura.sk\/shop\/wp-json\/wp\/v2\/product_brand?post=14597"},{"taxonomy":"product_cat","embeddable":true,"href":"https:\/\/www.eko-bio-natura.sk\/shop\/wp-json\/wp\/v2\/product_cat?post=14597"},{"taxonomy":"product_tag","embeddable":true,"href":"https:\/\/www.eko-bio-natura.sk\/shop\/wp-json\/wp\/v2\/product_tag?post=14597"}],"curies":[{"name":"wp","href":"https:\/\/api.w.org\/{rel}","templated":true}]}}