{"id":14515,"date":"2025-04-17T17:22:12","date_gmt":"2025-04-17T15:22:12","guid":{"rendered":"https:\/\/www.eko-bio-natura.sk\/shop\/produkt\/light-roast-zrnkova-jemne-prazena-bio-kava-1000-g\/"},"modified":"2025-04-17T17:22:15","modified_gmt":"2025-04-17T15:22:15","slug":"light-roast-zrnkova-jemne-prazena-bio-kava-1000-g","status":"publish","type":"product","link":"https:\/\/www.eko-bio-natura.sk\/shop\/produkt\/light-roast-zrnkova-jemne-prazena-bio-kava-1000-g\/","title":{"rendered":"LIGHT ROAST zrnkov\u00e1 jemne pra\u017een\u00e1 BIO k\u00e1va, 1000 g"},"content":{"rendered":"<p>K\u00e1va s bylinami? Je v\u00fdnimo\u010dn\u00e1 t\u00fdm, \u017ee je kombinovan\u00e1 s bylinnou pr\u00edmesou, ktor\u00e1 zn\u00ed\u017ei kyslos\u0165 pra\u017eenej k\u00e1vy a mierne upravuje \u00fa\u010dinky kofe\u00ednu. Jemne pra\u017een\u00e1 k\u00e1va s vy\u0161\u0161\u00edm obsahom kofe\u00ednu v\u00e1s nadchne svojou chu\u0165ou karamelu s ovocn\u00fdmi t\u00f3nmi.\u00a0<br \/>\nV zrnkovej k\u00e1ve chu\u0165 byliniek takmer nepostrehnete, bylinky s\u00fa na zrn\u00e1 nastriekan\u00e9 v aeros\u00f3lovej forme.<\/p>\n","protected":false},"excerpt":{"rendered":"<p>K\u00e1va s bylinami? Je v\u00fdnimo\u010dn\u00e1 t\u00fdm, \u017ee je kombinovan\u00e1 s bylinnou pr\u00edmesou, ktor\u00e1 zn\u00ed\u017ei kyslos\u0165 pra\u017eenej k\u00e1vy a mierne upravuje \u00fa\u010dinky kofe\u00ednu. Jemne pra\u017een\u00e1 k\u00e1va s vy\u0161\u0161\u00edm obsahom kofe\u00ednu v\u00e1s nadchne svojou chu\u0165ou karamelu s ovocn\u00fdmi t\u00f3nmi.\u00a0 V zrnkovej k\u00e1ve chu\u0165 byliniek takmer nepostrehnete, bylinky s\u00fa na zrn\u00e1 nastriekan\u00e9 v aeros\u00f3lovej forme.<\/p>\n","protected":false},"featured_media":14516,"comment_status":"open","ping_status":"open","template":"","meta":{"site-sidebar-layout":"default","site-content-layout":"","ast-site-content-layout":"default","site-content-style":"default","site-sidebar-style":"default","ast-global-header-display":"","ast-banner-title-visibility":"","ast-main-header-display":"","ast-hfb-above-header-display":"","ast-hfb-below-header-display":"","ast-hfb-mobile-header-display":"","site-post-title":"","ast-breadcrumbs-content":"","ast-featured-img":"","footer-sml-layout":"","ast-disable-related-posts":"","theme-transparent-header-meta":"","adv-header-id-meta":"","stick-header-meta":"","header-above-stick-meta":"","header-main-stick-meta":"","header-below-stick-meta":"","astra-migrate-meta-layouts":"default","ast-page-background-enabled":"default","ast-page-background-meta":{"desktop":{"background-color":"","background-image":"","background-repeat":"repeat","background-position":"center center","background-size":"auto","background-attachment":"scroll","background-type":"","background-media":"","overlay-type":"","overlay-color":"","overlay-opacity":"","overlay-gradient":""},"tablet":{"background-color":"","background-image":"","background-repeat":"repeat","background-position":"center center","background-size":"auto","background-attachment":"scroll","background-type":"","background-media":"","overlay-type":"","overlay-color":"","overlay-opacity":"","overlay-gradient":""},"mobile":{"background-color":"","background-image":"","background-repeat":"repeat","background-position":"center center","background-size":"auto","background-attachment":"scroll","background-type":"","background-media":"","overlay-type":"","overlay-color":"","overlay-opacity":"","overlay-gradient":""}},"ast-content-background-meta":{"desktop":{"background-color":"var(--ast-global-color-5)","background-image":"","background-repeat":"repeat","background-position":"center center","background-size":"auto","background-attachment":"scroll","background-type":"","background-media":"","overlay-type":"","overlay-color":"","overlay-opacity":"","overlay-gradient":""},"tablet":{"background-color":"var(--ast-global-color-5)","background-image":"","background-repeat":"repeat","background-position":"center center","background-size":"auto","background-attachment":"scroll","background-type":"","background-media":"","overlay-type":"","overlay-color":"","overlay-opacity":"","overlay-gradient":""},"mobile":{"background-color":"var(--ast-global-color-5)","background-image":"","background-repeat":"repeat","background-position":"center center","background-size":"auto","background-attachment":"scroll","background-type":"","background-media":"","overlay-type":"","overlay-color":"","overlay-opacity":"","overlay-gradient":""}}},"product_brand":[],"product_cat":[71,16,173],"product_tag":[],"class_list":{"0":"post-14515","1":"product","2":"type-product","3":"status-publish","4":"has-post-thumbnail","6":"product_cat-alko-a-nealko-napoje","7":"product_cat-bio-potraviny","8":"product_cat-kava-a-kavoviny","9":"pa_ean-4483","10":"pa_typ-partnersky-predaj","11":"pa_znacka-cafezia","12":"desktop-align-left","13":"tablet-align-left","14":"mobile-align-left","16":"first","17":"instock","18":"product-type-external"},"yoast_head":"<!-- This site is optimized with the Yoast SEO plugin v27.2 - https:\/\/yoast.com\/product\/yoast-seo-wordpress\/ -->\n<title>LIGHT ROAST zrnkov\u00e1 jemne pra\u017een\u00e1 BIO k\u00e1va, 1000 g - EKO-BIO-NATURA BIO OBCHOD<\/title>\n<meta name=\"robots\" content=\"index, follow, max-snippet:-1, max-image-preview:large, max-video-preview:-1\" \/>\n<link rel=\"canonical\" href=\"https:\/\/www.eko-bio-natura.sk\/shop\/produkt\/light-roast-zrnkova-jemne-prazena-bio-kava-1000-g\/\" \/>\n<meta property=\"og:locale\" content=\"sk_SK\" \/>\n<meta property=\"og:type\" content=\"article\" \/>\n<meta property=\"og:title\" content=\"LIGHT ROAST zrnkov\u00e1 jemne pra\u017een\u00e1 BIO k\u00e1va, 1000 g - EKO-BIO-NATURA BIO OBCHOD\" \/>\n<meta property=\"og:description\" content=\"K\u00e1va s bylinami? Je v\u00fdnimo\u010dn\u00e1 t\u00fdm, \u017ee je kombinovan\u00e1 s bylinnou pr\u00edmesou, ktor\u00e1 zn\u00ed\u017ei kyslos\u0165 pra\u017eenej k\u00e1vy a mierne upravuje \u00fa\u010dinky kofe\u00ednu. Jemne pra\u017een\u00e1 k\u00e1va s vy\u0161\u0161\u00edm obsahom kofe\u00ednu v\u00e1s nadchne svojou chu\u0165ou karamelu s ovocn\u00fdmi t\u00f3nmi.\u00a0 V zrnkovej k\u00e1ve chu\u0165 byliniek takmer nepostrehnete, bylinky s\u00fa na zrn\u00e1 nastriekan\u00e9 v aeros\u00f3lovej forme.\" \/>\n<meta property=\"og:url\" content=\"https:\/\/www.eko-bio-natura.sk\/shop\/produkt\/light-roast-zrnkova-jemne-prazena-bio-kava-1000-g\/\" \/>\n<meta property=\"og:site_name\" content=\"EKO-BIO-NATURA BIO OBCHOD\" \/>\n<meta property=\"article:modified_time\" content=\"2025-04-17T15:22:15+00:00\" \/>\n<meta property=\"og:image\" content=\"https:\/\/www.eko-bio-natura.sk\/shop\/wp-content\/uploads\/2023\/10\/6280-2_hlavni-obrazek.jpg\" \/>\n\t<meta property=\"og:image:width\" content=\"650\" \/>\n\t<meta property=\"og:image:height\" content=\"650\" \/>\n\t<meta property=\"og:image:type\" content=\"image\/jpeg\" \/>\n<meta name=\"twitter:card\" content=\"summary_large_image\" \/>\n<script type=\"application\/ld+json\" class=\"yoast-schema-graph\">{\"@context\":\"https:\/\/schema.org\",\"@graph\":[{\"@type\":\"WebPage\",\"@id\":\"https:\/\/www.eko-bio-natura.sk\/shop\/produkt\/light-roast-zrnkova-jemne-prazena-bio-kava-1000-g\/\",\"url\":\"https:\/\/www.eko-bio-natura.sk\/shop\/produkt\/light-roast-zrnkova-jemne-prazena-bio-kava-1000-g\/\",\"name\":\"LIGHT ROAST zrnkov\u00e1 jemne pra\u017een\u00e1 BIO k\u00e1va, 1000 g - EKO-BIO-NATURA BIO OBCHOD\",\"isPartOf\":{\"@id\":\"https:\/\/www.eko-bio-natura.sk\/shop\/#website\"},\"primaryImageOfPage\":{\"@id\":\"https:\/\/www.eko-bio-natura.sk\/shop\/produkt\/light-roast-zrnkova-jemne-prazena-bio-kava-1000-g\/#primaryimage\"},\"image\":{\"@id\":\"https:\/\/www.eko-bio-natura.sk\/shop\/produkt\/light-roast-zrnkova-jemne-prazena-bio-kava-1000-g\/#primaryimage\"},\"thumbnailUrl\":\"https:\/\/www.eko-bio-natura.sk\/shop\/wp-content\/uploads\/2023\/10\/6280-2_hlavni-obrazek.jpg\",\"datePublished\":\"2025-04-17T15:22:12+00:00\",\"dateModified\":\"2025-04-17T15:22:15+00:00\",\"breadcrumb\":{\"@id\":\"https:\/\/www.eko-bio-natura.sk\/shop\/produkt\/light-roast-zrnkova-jemne-prazena-bio-kava-1000-g\/#breadcrumb\"},\"inLanguage\":\"sk-SK\",\"potentialAction\":[{\"@type\":\"ReadAction\",\"target\":[\"https:\/\/www.eko-bio-natura.sk\/shop\/produkt\/light-roast-zrnkova-jemne-prazena-bio-kava-1000-g\/\"]}]},{\"@type\":\"ImageObject\",\"inLanguage\":\"sk-SK\",\"@id\":\"https:\/\/www.eko-bio-natura.sk\/shop\/produkt\/light-roast-zrnkova-jemne-prazena-bio-kava-1000-g\/#primaryimage\",\"url\":\"https:\/\/www.eko-bio-natura.sk\/shop\/wp-content\/uploads\/2023\/10\/6280-2_hlavni-obrazek.jpg\",\"contentUrl\":\"https:\/\/www.eko-bio-natura.sk\/shop\/wp-content\/uploads\/2023\/10\/6280-2_hlavni-obrazek.jpg\",\"width\":650,\"height\":650},{\"@type\":\"BreadcrumbList\",\"@id\":\"https:\/\/www.eko-bio-natura.sk\/shop\/produkt\/light-roast-zrnkova-jemne-prazena-bio-kava-1000-g\/#breadcrumb\",\"itemListElement\":[{\"@type\":\"ListItem\",\"position\":1,\"name\":\"Domovsk\u00e1 str\u00e1nka\",\"item\":\"https:\/\/www.eko-bio-natura.sk\/shop\/\"},{\"@type\":\"ListItem\",\"position\":2,\"name\":\"Obchod\",\"item\":\"https:\/\/www.eko-bio-natura.sk\/shop\/?page_id=6\"},{\"@type\":\"ListItem\",\"position\":3,\"name\":\"LIGHT ROAST zrnkov\u00e1 jemne pra\u017een\u00e1 BIO k\u00e1va, 1000 g\"}]},{\"@type\":\"WebSite\",\"@id\":\"https:\/\/www.eko-bio-natura.sk\/shop\/#website\",\"url\":\"https:\/\/www.eko-bio-natura.sk\/shop\/\",\"name\":\"EKO-BIO-NATURA BIO OBCHOD\",\"description\":\"\",\"publisher\":{\"@id\":\"https:\/\/www.eko-bio-natura.sk\/shop\/#organization\"},\"potentialAction\":[{\"@type\":\"SearchAction\",\"target\":{\"@type\":\"EntryPoint\",\"urlTemplate\":\"https:\/\/www.eko-bio-natura.sk\/shop\/?s={search_term_string}\"},\"query-input\":{\"@type\":\"PropertyValueSpecification\",\"valueRequired\":true,\"valueName\":\"search_term_string\"}}],\"inLanguage\":\"sk-SK\"},{\"@type\":\"Organization\",\"@id\":\"https:\/\/www.eko-bio-natura.sk\/shop\/#organization\",\"name\":\"EKO-BIO-NATURA BIO OBCHOD\",\"url\":\"https:\/\/www.eko-bio-natura.sk\/shop\/\",\"logo\":{\"@type\":\"ImageObject\",\"inLanguage\":\"sk-SK\",\"@id\":\"https:\/\/www.eko-bio-natura.sk\/shop\/#\/schema\/logo\/image\/\",\"url\":\"https:\/\/www.eko-bio-natura.sk\/shop\/wp-content\/uploads\/2021\/04\/eko-bio-natura_logo.png\",\"contentUrl\":\"https:\/\/www.eko-bio-natura.sk\/shop\/wp-content\/uploads\/2021\/04\/eko-bio-natura_logo.png\",\"width\":552,\"height\":194,\"caption\":\"EKO-BIO-NATURA BIO OBCHOD\"},\"image\":{\"@id\":\"https:\/\/www.eko-bio-natura.sk\/shop\/#\/schema\/logo\/image\/\"}}]}<\/script>\n<!-- \/ Yoast SEO plugin. -->","yoast_head_json":{"title":"LIGHT ROAST zrnkov\u00e1 jemne pra\u017een\u00e1 BIO k\u00e1va, 1000 g - EKO-BIO-NATURA BIO OBCHOD","robots":{"index":"index","follow":"follow","max-snippet":"max-snippet:-1","max-image-preview":"max-image-preview:large","max-video-preview":"max-video-preview:-1"},"canonical":"https:\/\/www.eko-bio-natura.sk\/shop\/produkt\/light-roast-zrnkova-jemne-prazena-bio-kava-1000-g\/","og_locale":"sk_SK","og_type":"article","og_title":"LIGHT ROAST zrnkov\u00e1 jemne pra\u017een\u00e1 BIO k\u00e1va, 1000 g - EKO-BIO-NATURA BIO OBCHOD","og_description":"K\u00e1va s bylinami? Je v\u00fdnimo\u010dn\u00e1 t\u00fdm, \u017ee je kombinovan\u00e1 s bylinnou pr\u00edmesou, ktor\u00e1 zn\u00ed\u017ei kyslos\u0165 pra\u017eenej k\u00e1vy a mierne upravuje \u00fa\u010dinky kofe\u00ednu. Jemne pra\u017een\u00e1 k\u00e1va s vy\u0161\u0161\u00edm obsahom kofe\u00ednu v\u00e1s nadchne svojou chu\u0165ou karamelu s ovocn\u00fdmi t\u00f3nmi.\u00a0 V zrnkovej k\u00e1ve chu\u0165 byliniek takmer nepostrehnete, bylinky s\u00fa na zrn\u00e1 nastriekan\u00e9 v aeros\u00f3lovej forme.","og_url":"https:\/\/www.eko-bio-natura.sk\/shop\/produkt\/light-roast-zrnkova-jemne-prazena-bio-kava-1000-g\/","og_site_name":"EKO-BIO-NATURA BIO OBCHOD","article_modified_time":"2025-04-17T15:22:15+00:00","og_image":[{"width":650,"height":650,"url":"https:\/\/www.eko-bio-natura.sk\/shop\/wp-content\/uploads\/2023\/10\/6280-2_hlavni-obrazek.jpg","type":"image\/jpeg"}],"twitter_card":"summary_large_image","schema":{"@context":"https:\/\/schema.org","@graph":[{"@type":"WebPage","@id":"https:\/\/www.eko-bio-natura.sk\/shop\/produkt\/light-roast-zrnkova-jemne-prazena-bio-kava-1000-g\/","url":"https:\/\/www.eko-bio-natura.sk\/shop\/produkt\/light-roast-zrnkova-jemne-prazena-bio-kava-1000-g\/","name":"LIGHT ROAST zrnkov\u00e1 jemne pra\u017een\u00e1 BIO k\u00e1va, 1000 g - EKO-BIO-NATURA BIO OBCHOD","isPartOf":{"@id":"https:\/\/www.eko-bio-natura.sk\/shop\/#website"},"primaryImageOfPage":{"@id":"https:\/\/www.eko-bio-natura.sk\/shop\/produkt\/light-roast-zrnkova-jemne-prazena-bio-kava-1000-g\/#primaryimage"},"image":{"@id":"https:\/\/www.eko-bio-natura.sk\/shop\/produkt\/light-roast-zrnkova-jemne-prazena-bio-kava-1000-g\/#primaryimage"},"thumbnailUrl":"https:\/\/www.eko-bio-natura.sk\/shop\/wp-content\/uploads\/2023\/10\/6280-2_hlavni-obrazek.jpg","datePublished":"2025-04-17T15:22:12+00:00","dateModified":"2025-04-17T15:22:15+00:00","breadcrumb":{"@id":"https:\/\/www.eko-bio-natura.sk\/shop\/produkt\/light-roast-zrnkova-jemne-prazena-bio-kava-1000-g\/#breadcrumb"},"inLanguage":"sk-SK","potentialAction":[{"@type":"ReadAction","target":["https:\/\/www.eko-bio-natura.sk\/shop\/produkt\/light-roast-zrnkova-jemne-prazena-bio-kava-1000-g\/"]}]},{"@type":"ImageObject","inLanguage":"sk-SK","@id":"https:\/\/www.eko-bio-natura.sk\/shop\/produkt\/light-roast-zrnkova-jemne-prazena-bio-kava-1000-g\/#primaryimage","url":"https:\/\/www.eko-bio-natura.sk\/shop\/wp-content\/uploads\/2023\/10\/6280-2_hlavni-obrazek.jpg","contentUrl":"https:\/\/www.eko-bio-natura.sk\/shop\/wp-content\/uploads\/2023\/10\/6280-2_hlavni-obrazek.jpg","width":650,"height":650},{"@type":"BreadcrumbList","@id":"https:\/\/www.eko-bio-natura.sk\/shop\/produkt\/light-roast-zrnkova-jemne-prazena-bio-kava-1000-g\/#breadcrumb","itemListElement":[{"@type":"ListItem","position":1,"name":"Domovsk\u00e1 str\u00e1nka","item":"https:\/\/www.eko-bio-natura.sk\/shop\/"},{"@type":"ListItem","position":2,"name":"Obchod","item":"https:\/\/www.eko-bio-natura.sk\/shop\/?page_id=6"},{"@type":"ListItem","position":3,"name":"LIGHT ROAST zrnkov\u00e1 jemne pra\u017een\u00e1 BIO k\u00e1va, 1000 g"}]},{"@type":"WebSite","@id":"https:\/\/www.eko-bio-natura.sk\/shop\/#website","url":"https:\/\/www.eko-bio-natura.sk\/shop\/","name":"EKO-BIO-NATURA BIO OBCHOD","description":"","publisher":{"@id":"https:\/\/www.eko-bio-natura.sk\/shop\/#organization"},"potentialAction":[{"@type":"SearchAction","target":{"@type":"EntryPoint","urlTemplate":"https:\/\/www.eko-bio-natura.sk\/shop\/?s={search_term_string}"},"query-input":{"@type":"PropertyValueSpecification","valueRequired":true,"valueName":"search_term_string"}}],"inLanguage":"sk-SK"},{"@type":"Organization","@id":"https:\/\/www.eko-bio-natura.sk\/shop\/#organization","name":"EKO-BIO-NATURA BIO OBCHOD","url":"https:\/\/www.eko-bio-natura.sk\/shop\/","logo":{"@type":"ImageObject","inLanguage":"sk-SK","@id":"https:\/\/www.eko-bio-natura.sk\/shop\/#\/schema\/logo\/image\/","url":"https:\/\/www.eko-bio-natura.sk\/shop\/wp-content\/uploads\/2021\/04\/eko-bio-natura_logo.png","contentUrl":"https:\/\/www.eko-bio-natura.sk\/shop\/wp-content\/uploads\/2021\/04\/eko-bio-natura_logo.png","width":552,"height":194,"caption":"EKO-BIO-NATURA BIO OBCHOD"},"image":{"@id":"https:\/\/www.eko-bio-natura.sk\/shop\/#\/schema\/logo\/image\/"}}]}},"_links":{"self":[{"href":"https:\/\/www.eko-bio-natura.sk\/shop\/wp-json\/wp\/v2\/product\/14515","targetHints":{"allow":["GET"]}}],"collection":[{"href":"https:\/\/www.eko-bio-natura.sk\/shop\/wp-json\/wp\/v2\/product"}],"about":[{"href":"https:\/\/www.eko-bio-natura.sk\/shop\/wp-json\/wp\/v2\/types\/product"}],"replies":[{"embeddable":true,"href":"https:\/\/www.eko-bio-natura.sk\/shop\/wp-json\/wp\/v2\/comments?post=14515"}],"wp:featuredmedia":[{"embeddable":true,"href":"https:\/\/www.eko-bio-natura.sk\/shop\/wp-json\/wp\/v2\/media\/14516"}],"wp:attachment":[{"href":"https:\/\/www.eko-bio-natura.sk\/shop\/wp-json\/wp\/v2\/media?parent=14515"}],"wp:term":[{"taxonomy":"product_brand","embeddable":true,"href":"https:\/\/www.eko-bio-natura.sk\/shop\/wp-json\/wp\/v2\/product_brand?post=14515"},{"taxonomy":"product_cat","embeddable":true,"href":"https:\/\/www.eko-bio-natura.sk\/shop\/wp-json\/wp\/v2\/product_cat?post=14515"},{"taxonomy":"product_tag","embeddable":true,"href":"https:\/\/www.eko-bio-natura.sk\/shop\/wp-json\/wp\/v2\/product_tag?post=14515"}],"curies":[{"name":"wp","href":"https:\/\/api.w.org\/{rel}","templated":true}]}}