{"id":14437,"date":"2025-04-17T17:22:04","date_gmt":"2025-04-17T15:22:04","guid":{"rendered":"https:\/\/www.eko-bio-natura.sk\/shop\/produkt\/tulsi-so-zelenym-cajom-a-ashwagandhou-bio-25-sackov\/"},"modified":"2025-04-17T17:22:05","modified_gmt":"2025-04-17T15:22:05","slug":"tulsi-so-zelenym-cajom-a-ashwagandhou-bio-25-sackov","status":"publish","type":"product","link":"https:\/\/www.eko-bio-natura.sk\/shop\/produkt\/tulsi-so-zelenym-cajom-a-ashwagandhou-bio-25-sackov\/","title":{"rendered":"Tulsi so zelen\u00fdm \u010dajom a ashwagandhou BIO, 25 s\u00e1\u010dkov"},"content":{"rendered":"<p>Vysk\u00fa\u0161ajte vyv\u00e1\u017een\u00fa zmes ajurv\u00e9dskych byl\u00edn Tulsi a A\u0161wagandy doplnen\u00fdch zelen\u00fdm \u010dajom. A\u0161waganda \u010di\u017ee indick\u00fd \u017een\u0161en je adaptog\u00e9n, ktor\u00fd prispieva k du\u0161evnej a kognit\u00edvne \u010dinnosti a p\u00f4sob\u00ed na koncentr\u00e1ciu a \u00fanavu. Zelen\u00fd \u010daj je ide\u00e1lny pre osvie\u017eenie tela. T\u00e1to bylinn\u00e1 zmes, v organickej kvalite, je ide\u00e1lnym spolo\u010dn\u00edkom pre va\u0161e chv\u00ed\u013eky relax\u00e1cie pri ka\u017edodennej \u0161\u00e1lke \u010daju.<\/p>\n","protected":false},"excerpt":{"rendered":"<p>Vysk\u00fa\u0161ajte vyv\u00e1\u017een\u00fa zmes ajurv\u00e9dskych byl\u00edn Tulsi a A\u0161wagandy doplnen\u00fdch zelen\u00fdm \u010dajom. A\u0161waganda \u010di\u017ee indick\u00fd \u017een\u0161en je adaptog\u00e9n, ktor\u00fd prispieva k du\u0161evnej a kognit\u00edvne \u010dinnosti a p\u00f4sob\u00ed na koncentr\u00e1ciu a \u00fanavu. Zelen\u00fd \u010daj je ide\u00e1lny pre osvie\u017eenie tela. T\u00e1to bylinn\u00e1 zmes, v organickej kvalite, je ide\u00e1lnym spolo\u010dn\u00edkom pre va\u0161e chv\u00ed\u013eky relax\u00e1cie pri ka\u017edodennej \u0161\u00e1lke \u010daju.<\/p>\n","protected":false},"featured_media":14438,"comment_status":"open","ping_status":"open","template":"","meta":{"site-sidebar-layout":"default","site-content-layout":"","ast-site-content-layout":"default","site-content-style":"default","site-sidebar-style":"default","ast-global-header-display":"","ast-banner-title-visibility":"","ast-main-header-display":"","ast-hfb-above-header-display":"","ast-hfb-below-header-display":"","ast-hfb-mobile-header-display":"","site-post-title":"","ast-breadcrumbs-content":"","ast-featured-img":"","footer-sml-layout":"","ast-disable-related-posts":"","theme-transparent-header-meta":"","adv-header-id-meta":"","stick-header-meta":"","header-above-stick-meta":"","header-main-stick-meta":"","header-below-stick-meta":"","astra-migrate-meta-layouts":"default","ast-page-background-enabled":"default","ast-page-background-meta":{"desktop":{"background-color":"","background-image":"","background-repeat":"repeat","background-position":"center center","background-size":"auto","background-attachment":"scroll","background-type":"","background-media":"","overlay-type":"","overlay-color":"","overlay-opacity":"","overlay-gradient":""},"tablet":{"background-color":"","background-image":"","background-repeat":"repeat","background-position":"center center","background-size":"auto","background-attachment":"scroll","background-type":"","background-media":"","overlay-type":"","overlay-color":"","overlay-opacity":"","overlay-gradient":""},"mobile":{"background-color":"","background-image":"","background-repeat":"repeat","background-position":"center center","background-size":"auto","background-attachment":"scroll","background-type":"","background-media":"","overlay-type":"","overlay-color":"","overlay-opacity":"","overlay-gradient":""}},"ast-content-background-meta":{"desktop":{"background-color":"var(--ast-global-color-5)","background-image":"","background-repeat":"repeat","background-position":"center center","background-size":"auto","background-attachment":"scroll","background-type":"","background-media":"","overlay-type":"","overlay-color":"","overlay-opacity":"","overlay-gradient":""},"tablet":{"background-color":"var(--ast-global-color-5)","background-image":"","background-repeat":"repeat","background-position":"center center","background-size":"auto","background-attachment":"scroll","background-type":"","background-media":"","overlay-type":"","overlay-color":"","overlay-opacity":"","overlay-gradient":""},"mobile":{"background-color":"var(--ast-global-color-5)","background-image":"","background-repeat":"repeat","background-position":"center center","background-size":"auto","background-attachment":"scroll","background-type":"","background-media":"","overlay-type":"","overlay-color":"","overlay-opacity":"","overlay-gradient":""}}},"product_brand":[],"product_cat":[71,16,172,181],"product_tag":[],"class_list":{"0":"post-14437","1":"product","2":"type-product","3":"status-publish","4":"has-post-thumbnail","6":"product_cat-alko-a-nealko-napoje","7":"product_cat-bio-potraviny","8":"product_cat-caje","9":"product_cat-caje-a-bylinky","10":"pa_ean-4439","11":"pa_typ-partnersky-predaj","12":"pa_znacka-organic-india","13":"desktop-align-left","14":"tablet-align-left","15":"mobile-align-left","17":"first","18":"instock","19":"product-type-external"},"yoast_head":"<!-- This site is optimized with the Yoast SEO plugin v27.2 - https:\/\/yoast.com\/product\/yoast-seo-wordpress\/ -->\n<title>Tulsi so zelen\u00fdm \u010dajom a ashwagandhou BIO, 25 s\u00e1\u010dkov - EKO-BIO-NATURA BIO OBCHOD<\/title>\n<meta name=\"robots\" content=\"index, follow, max-snippet:-1, max-image-preview:large, max-video-preview:-1\" \/>\n<link rel=\"canonical\" href=\"https:\/\/www.eko-bio-natura.sk\/shop\/produkt\/tulsi-so-zelenym-cajom-a-ashwagandhou-bio-25-sackov\/\" \/>\n<meta property=\"og:locale\" content=\"sk_SK\" \/>\n<meta property=\"og:type\" content=\"article\" \/>\n<meta property=\"og:title\" content=\"Tulsi so zelen\u00fdm \u010dajom a ashwagandhou BIO, 25 s\u00e1\u010dkov - EKO-BIO-NATURA BIO OBCHOD\" \/>\n<meta property=\"og:description\" content=\"Vysk\u00fa\u0161ajte vyv\u00e1\u017een\u00fa zmes ajurv\u00e9dskych byl\u00edn Tulsi a A\u0161wagandy doplnen\u00fdch zelen\u00fdm \u010dajom. A\u0161waganda \u010di\u017ee indick\u00fd \u017een\u0161en je adaptog\u00e9n, ktor\u00fd prispieva k du\u0161evnej a kognit\u00edvne \u010dinnosti a p\u00f4sob\u00ed na koncentr\u00e1ciu a \u00fanavu. Zelen\u00fd \u010daj je ide\u00e1lny pre osvie\u017eenie tela. T\u00e1to bylinn\u00e1 zmes, v organickej kvalite, je ide\u00e1lnym spolo\u010dn\u00edkom pre va\u0161e chv\u00ed\u013eky relax\u00e1cie pri ka\u017edodennej \u0161\u00e1lke \u010daju.\" \/>\n<meta property=\"og:url\" content=\"https:\/\/www.eko-bio-natura.sk\/shop\/produkt\/tulsi-so-zelenym-cajom-a-ashwagandhou-bio-25-sackov\/\" \/>\n<meta property=\"og:site_name\" content=\"EKO-BIO-NATURA BIO OBCHOD\" \/>\n<meta property=\"article:modified_time\" content=\"2025-04-17T15:22:05+00:00\" \/>\n<meta property=\"og:image\" content=\"https:\/\/www.eko-bio-natura.sk\/shop\/wp-content\/uploads\/2023\/10\/5731-1_hlavni-obrazek.jpg\" \/>\n\t<meta property=\"og:image:width\" content=\"650\" \/>\n\t<meta property=\"og:image:height\" content=\"650\" \/>\n\t<meta property=\"og:image:type\" content=\"image\/jpeg\" \/>\n<meta name=\"twitter:card\" content=\"summary_large_image\" \/>\n<script type=\"application\/ld+json\" class=\"yoast-schema-graph\">{\"@context\":\"https:\/\/schema.org\",\"@graph\":[{\"@type\":\"WebPage\",\"@id\":\"https:\/\/www.eko-bio-natura.sk\/shop\/produkt\/tulsi-so-zelenym-cajom-a-ashwagandhou-bio-25-sackov\/\",\"url\":\"https:\/\/www.eko-bio-natura.sk\/shop\/produkt\/tulsi-so-zelenym-cajom-a-ashwagandhou-bio-25-sackov\/\",\"name\":\"Tulsi so zelen\u00fdm \u010dajom a ashwagandhou BIO, 25 s\u00e1\u010dkov - EKO-BIO-NATURA BIO OBCHOD\",\"isPartOf\":{\"@id\":\"https:\/\/www.eko-bio-natura.sk\/shop\/#website\"},\"primaryImageOfPage\":{\"@id\":\"https:\/\/www.eko-bio-natura.sk\/shop\/produkt\/tulsi-so-zelenym-cajom-a-ashwagandhou-bio-25-sackov\/#primaryimage\"},\"image\":{\"@id\":\"https:\/\/www.eko-bio-natura.sk\/shop\/produkt\/tulsi-so-zelenym-cajom-a-ashwagandhou-bio-25-sackov\/#primaryimage\"},\"thumbnailUrl\":\"https:\/\/www.eko-bio-natura.sk\/shop\/wp-content\/uploads\/2023\/10\/5731-1_hlavni-obrazek.jpg\",\"datePublished\":\"2025-04-17T15:22:04+00:00\",\"dateModified\":\"2025-04-17T15:22:05+00:00\",\"breadcrumb\":{\"@id\":\"https:\/\/www.eko-bio-natura.sk\/shop\/produkt\/tulsi-so-zelenym-cajom-a-ashwagandhou-bio-25-sackov\/#breadcrumb\"},\"inLanguage\":\"sk-SK\",\"potentialAction\":[{\"@type\":\"ReadAction\",\"target\":[\"https:\/\/www.eko-bio-natura.sk\/shop\/produkt\/tulsi-so-zelenym-cajom-a-ashwagandhou-bio-25-sackov\/\"]}]},{\"@type\":\"ImageObject\",\"inLanguage\":\"sk-SK\",\"@id\":\"https:\/\/www.eko-bio-natura.sk\/shop\/produkt\/tulsi-so-zelenym-cajom-a-ashwagandhou-bio-25-sackov\/#primaryimage\",\"url\":\"https:\/\/www.eko-bio-natura.sk\/shop\/wp-content\/uploads\/2023\/10\/5731-1_hlavni-obrazek.jpg\",\"contentUrl\":\"https:\/\/www.eko-bio-natura.sk\/shop\/wp-content\/uploads\/2023\/10\/5731-1_hlavni-obrazek.jpg\",\"width\":650,\"height\":650},{\"@type\":\"BreadcrumbList\",\"@id\":\"https:\/\/www.eko-bio-natura.sk\/shop\/produkt\/tulsi-so-zelenym-cajom-a-ashwagandhou-bio-25-sackov\/#breadcrumb\",\"itemListElement\":[{\"@type\":\"ListItem\",\"position\":1,\"name\":\"Domovsk\u00e1 str\u00e1nka\",\"item\":\"https:\/\/www.eko-bio-natura.sk\/shop\/\"},{\"@type\":\"ListItem\",\"position\":2,\"name\":\"Obchod\",\"item\":\"https:\/\/www.eko-bio-natura.sk\/shop\/?page_id=6\"},{\"@type\":\"ListItem\",\"position\":3,\"name\":\"Tulsi so zelen\u00fdm \u010dajom a ashwagandhou BIO, 25 s\u00e1\u010dkov\"}]},{\"@type\":\"WebSite\",\"@id\":\"https:\/\/www.eko-bio-natura.sk\/shop\/#website\",\"url\":\"https:\/\/www.eko-bio-natura.sk\/shop\/\",\"name\":\"EKO-BIO-NATURA BIO OBCHOD\",\"description\":\"\",\"publisher\":{\"@id\":\"https:\/\/www.eko-bio-natura.sk\/shop\/#organization\"},\"potentialAction\":[{\"@type\":\"SearchAction\",\"target\":{\"@type\":\"EntryPoint\",\"urlTemplate\":\"https:\/\/www.eko-bio-natura.sk\/shop\/?s={search_term_string}\"},\"query-input\":{\"@type\":\"PropertyValueSpecification\",\"valueRequired\":true,\"valueName\":\"search_term_string\"}}],\"inLanguage\":\"sk-SK\"},{\"@type\":\"Organization\",\"@id\":\"https:\/\/www.eko-bio-natura.sk\/shop\/#organization\",\"name\":\"EKO-BIO-NATURA BIO OBCHOD\",\"url\":\"https:\/\/www.eko-bio-natura.sk\/shop\/\",\"logo\":{\"@type\":\"ImageObject\",\"inLanguage\":\"sk-SK\",\"@id\":\"https:\/\/www.eko-bio-natura.sk\/shop\/#\/schema\/logo\/image\/\",\"url\":\"https:\/\/www.eko-bio-natura.sk\/shop\/wp-content\/uploads\/2021\/04\/eko-bio-natura_logo.png\",\"contentUrl\":\"https:\/\/www.eko-bio-natura.sk\/shop\/wp-content\/uploads\/2021\/04\/eko-bio-natura_logo.png\",\"width\":552,\"height\":194,\"caption\":\"EKO-BIO-NATURA BIO OBCHOD\"},\"image\":{\"@id\":\"https:\/\/www.eko-bio-natura.sk\/shop\/#\/schema\/logo\/image\/\"}}]}<\/script>\n<!-- \/ Yoast SEO plugin. -->","yoast_head_json":{"title":"Tulsi so zelen\u00fdm \u010dajom a ashwagandhou BIO, 25 s\u00e1\u010dkov - EKO-BIO-NATURA BIO OBCHOD","robots":{"index":"index","follow":"follow","max-snippet":"max-snippet:-1","max-image-preview":"max-image-preview:large","max-video-preview":"max-video-preview:-1"},"canonical":"https:\/\/www.eko-bio-natura.sk\/shop\/produkt\/tulsi-so-zelenym-cajom-a-ashwagandhou-bio-25-sackov\/","og_locale":"sk_SK","og_type":"article","og_title":"Tulsi so zelen\u00fdm \u010dajom a ashwagandhou BIO, 25 s\u00e1\u010dkov - EKO-BIO-NATURA BIO OBCHOD","og_description":"Vysk\u00fa\u0161ajte vyv\u00e1\u017een\u00fa zmes ajurv\u00e9dskych byl\u00edn Tulsi a A\u0161wagandy doplnen\u00fdch zelen\u00fdm \u010dajom. A\u0161waganda \u010di\u017ee indick\u00fd \u017een\u0161en je adaptog\u00e9n, ktor\u00fd prispieva k du\u0161evnej a kognit\u00edvne \u010dinnosti a p\u00f4sob\u00ed na koncentr\u00e1ciu a \u00fanavu. Zelen\u00fd \u010daj je ide\u00e1lny pre osvie\u017eenie tela. T\u00e1to bylinn\u00e1 zmes, v organickej kvalite, je ide\u00e1lnym spolo\u010dn\u00edkom pre va\u0161e chv\u00ed\u013eky relax\u00e1cie pri ka\u017edodennej \u0161\u00e1lke \u010daju.","og_url":"https:\/\/www.eko-bio-natura.sk\/shop\/produkt\/tulsi-so-zelenym-cajom-a-ashwagandhou-bio-25-sackov\/","og_site_name":"EKO-BIO-NATURA BIO OBCHOD","article_modified_time":"2025-04-17T15:22:05+00:00","og_image":[{"width":650,"height":650,"url":"https:\/\/www.eko-bio-natura.sk\/shop\/wp-content\/uploads\/2023\/10\/5731-1_hlavni-obrazek.jpg","type":"image\/jpeg"}],"twitter_card":"summary_large_image","schema":{"@context":"https:\/\/schema.org","@graph":[{"@type":"WebPage","@id":"https:\/\/www.eko-bio-natura.sk\/shop\/produkt\/tulsi-so-zelenym-cajom-a-ashwagandhou-bio-25-sackov\/","url":"https:\/\/www.eko-bio-natura.sk\/shop\/produkt\/tulsi-so-zelenym-cajom-a-ashwagandhou-bio-25-sackov\/","name":"Tulsi so zelen\u00fdm \u010dajom a ashwagandhou BIO, 25 s\u00e1\u010dkov - EKO-BIO-NATURA BIO OBCHOD","isPartOf":{"@id":"https:\/\/www.eko-bio-natura.sk\/shop\/#website"},"primaryImageOfPage":{"@id":"https:\/\/www.eko-bio-natura.sk\/shop\/produkt\/tulsi-so-zelenym-cajom-a-ashwagandhou-bio-25-sackov\/#primaryimage"},"image":{"@id":"https:\/\/www.eko-bio-natura.sk\/shop\/produkt\/tulsi-so-zelenym-cajom-a-ashwagandhou-bio-25-sackov\/#primaryimage"},"thumbnailUrl":"https:\/\/www.eko-bio-natura.sk\/shop\/wp-content\/uploads\/2023\/10\/5731-1_hlavni-obrazek.jpg","datePublished":"2025-04-17T15:22:04+00:00","dateModified":"2025-04-17T15:22:05+00:00","breadcrumb":{"@id":"https:\/\/www.eko-bio-natura.sk\/shop\/produkt\/tulsi-so-zelenym-cajom-a-ashwagandhou-bio-25-sackov\/#breadcrumb"},"inLanguage":"sk-SK","potentialAction":[{"@type":"ReadAction","target":["https:\/\/www.eko-bio-natura.sk\/shop\/produkt\/tulsi-so-zelenym-cajom-a-ashwagandhou-bio-25-sackov\/"]}]},{"@type":"ImageObject","inLanguage":"sk-SK","@id":"https:\/\/www.eko-bio-natura.sk\/shop\/produkt\/tulsi-so-zelenym-cajom-a-ashwagandhou-bio-25-sackov\/#primaryimage","url":"https:\/\/www.eko-bio-natura.sk\/shop\/wp-content\/uploads\/2023\/10\/5731-1_hlavni-obrazek.jpg","contentUrl":"https:\/\/www.eko-bio-natura.sk\/shop\/wp-content\/uploads\/2023\/10\/5731-1_hlavni-obrazek.jpg","width":650,"height":650},{"@type":"BreadcrumbList","@id":"https:\/\/www.eko-bio-natura.sk\/shop\/produkt\/tulsi-so-zelenym-cajom-a-ashwagandhou-bio-25-sackov\/#breadcrumb","itemListElement":[{"@type":"ListItem","position":1,"name":"Domovsk\u00e1 str\u00e1nka","item":"https:\/\/www.eko-bio-natura.sk\/shop\/"},{"@type":"ListItem","position":2,"name":"Obchod","item":"https:\/\/www.eko-bio-natura.sk\/shop\/?page_id=6"},{"@type":"ListItem","position":3,"name":"Tulsi so zelen\u00fdm \u010dajom a ashwagandhou BIO, 25 s\u00e1\u010dkov"}]},{"@type":"WebSite","@id":"https:\/\/www.eko-bio-natura.sk\/shop\/#website","url":"https:\/\/www.eko-bio-natura.sk\/shop\/","name":"EKO-BIO-NATURA BIO OBCHOD","description":"","publisher":{"@id":"https:\/\/www.eko-bio-natura.sk\/shop\/#organization"},"potentialAction":[{"@type":"SearchAction","target":{"@type":"EntryPoint","urlTemplate":"https:\/\/www.eko-bio-natura.sk\/shop\/?s={search_term_string}"},"query-input":{"@type":"PropertyValueSpecification","valueRequired":true,"valueName":"search_term_string"}}],"inLanguage":"sk-SK"},{"@type":"Organization","@id":"https:\/\/www.eko-bio-natura.sk\/shop\/#organization","name":"EKO-BIO-NATURA BIO OBCHOD","url":"https:\/\/www.eko-bio-natura.sk\/shop\/","logo":{"@type":"ImageObject","inLanguage":"sk-SK","@id":"https:\/\/www.eko-bio-natura.sk\/shop\/#\/schema\/logo\/image\/","url":"https:\/\/www.eko-bio-natura.sk\/shop\/wp-content\/uploads\/2021\/04\/eko-bio-natura_logo.png","contentUrl":"https:\/\/www.eko-bio-natura.sk\/shop\/wp-content\/uploads\/2021\/04\/eko-bio-natura_logo.png","width":552,"height":194,"caption":"EKO-BIO-NATURA BIO OBCHOD"},"image":{"@id":"https:\/\/www.eko-bio-natura.sk\/shop\/#\/schema\/logo\/image\/"}}]}},"_links":{"self":[{"href":"https:\/\/www.eko-bio-natura.sk\/shop\/wp-json\/wp\/v2\/product\/14437","targetHints":{"allow":["GET"]}}],"collection":[{"href":"https:\/\/www.eko-bio-natura.sk\/shop\/wp-json\/wp\/v2\/product"}],"about":[{"href":"https:\/\/www.eko-bio-natura.sk\/shop\/wp-json\/wp\/v2\/types\/product"}],"replies":[{"embeddable":true,"href":"https:\/\/www.eko-bio-natura.sk\/shop\/wp-json\/wp\/v2\/comments?post=14437"}],"wp:featuredmedia":[{"embeddable":true,"href":"https:\/\/www.eko-bio-natura.sk\/shop\/wp-json\/wp\/v2\/media\/14438"}],"wp:attachment":[{"href":"https:\/\/www.eko-bio-natura.sk\/shop\/wp-json\/wp\/v2\/media?parent=14437"}],"wp:term":[{"taxonomy":"product_brand","embeddable":true,"href":"https:\/\/www.eko-bio-natura.sk\/shop\/wp-json\/wp\/v2\/product_brand?post=14437"},{"taxonomy":"product_cat","embeddable":true,"href":"https:\/\/www.eko-bio-natura.sk\/shop\/wp-json\/wp\/v2\/product_cat?post=14437"},{"taxonomy":"product_tag","embeddable":true,"href":"https:\/\/www.eko-bio-natura.sk\/shop\/wp-json\/wp\/v2\/product_tag?post=14437"}],"curies":[{"name":"wp","href":"https:\/\/api.w.org\/{rel}","templated":true}]}}