{"id":14315,"date":"2025-04-17T17:21:46","date_gmt":"2025-04-17T15:21:46","guid":{"rendered":"https:\/\/www.eko-bio-natura.sk\/shop\/produkt\/vodne-kefirove-kultury-testovacie-balenie-5g\/"},"modified":"2025-04-17T17:21:46","modified_gmt":"2025-04-17T15:21:46","slug":"vodne-kefirove-kultury-testovacie-balenie-5g","status":"publish","type":"product","link":"https:\/\/www.eko-bio-natura.sk\/shop\/produkt\/vodne-kefirove-kultury-testovacie-balenie-5g\/","title":{"rendered":"Vodn\u00e9 kef\u00edrov\u00e9 kult\u00fary, testovacie balenie, 5g"},"content":{"rendered":"<p>Vrec\u00fa\u0161ka pln\u00e9 kef\u00edrov\u00fdch kult\u00far, z ktor\u00fdch si m\u00f4\u017eete doma urobi\u0165 vlastn\u00fd kef\u00edr. Sta\u010d\u00ed k tomu trochu vody, kokosov\u00e9ho mlieka alebo napr\u00edklad ovocnej \u0161\u0165avy. Pr\u00edprava trv\u00e1 p\u00e1r dn\u00ed, ale va\u0161e zdravie (a hlavne \u010dreva) v\u00e1s za to bud\u00fa milova\u0165. Pre\u010do? Preto\u017ee dom\u00e1ce kef\u00edr vznik\u00e1 fermentovan\u00edm \u010di\u017ee kvasen\u00edm. V\u010faka tomu je pln\u00fd priate\u013esk\u00fdch bakt\u00e9ri\u00ed, enz\u00fdmov a \u010fal\u0161\u00edch l\u00e1tok, ktor\u00e9 telu \u010dasto ch\u00fdbaj\u00fa. Vyk\u00fazlite si \u010derstv\u00fd vodn\u00fd alebo napr\u00edklad kokosov\u00fd kef\u00edr!<br \/>\nPros\u00edm POZOR!\u00a0Skladujte kult\u00fary v chladni\u010dke, max. teplota pre skladovanie je 20\u00b0C, letn\u00e9 teploty ich m\u00f4\u017eu po\u0161kodi\u0165.<\/p>\n","protected":false},"excerpt":{"rendered":"<p>Vrec\u00fa\u0161ka pln\u00e9 kef\u00edrov\u00fdch kult\u00far, z ktor\u00fdch si m\u00f4\u017eete doma urobi\u0165 vlastn\u00fd kef\u00edr. Sta\u010d\u00ed k tomu trochu vody, kokosov\u00e9ho mlieka alebo napr\u00edklad ovocnej \u0161\u0165avy. Pr\u00edprava trv\u00e1 p\u00e1r dn\u00ed, ale va\u0161e zdravie (a hlavne \u010dreva) v\u00e1s za to bud\u00fa milova\u0165. Pre\u010do? Preto\u017ee dom\u00e1ce kef\u00edr vznik\u00e1 fermentovan\u00edm \u010di\u017ee kvasen\u00edm. V\u010faka tomu je pln\u00fd priate\u013esk\u00fdch bakt\u00e9ri\u00ed, enz\u00fdmov a \u010fal\u0161\u00edch [&hellip;]<\/p>\n","protected":false},"featured_media":14316,"comment_status":"open","ping_status":"open","template":"","meta":{"site-sidebar-layout":"default","site-content-layout":"","ast-site-content-layout":"default","site-content-style":"default","site-sidebar-style":"default","ast-global-header-display":"","ast-banner-title-visibility":"","ast-main-header-display":"","ast-hfb-above-header-display":"","ast-hfb-below-header-display":"","ast-hfb-mobile-header-display":"","site-post-title":"","ast-breadcrumbs-content":"","ast-featured-img":"","footer-sml-layout":"","ast-disable-related-posts":"","theme-transparent-header-meta":"","adv-header-id-meta":"","stick-header-meta":"","header-above-stick-meta":"","header-main-stick-meta":"","header-below-stick-meta":"","astra-migrate-meta-layouts":"default","ast-page-background-enabled":"default","ast-page-background-meta":{"desktop":{"background-color":"","background-image":"","background-repeat":"repeat","background-position":"center center","background-size":"auto","background-attachment":"scroll","background-type":"","background-media":"","overlay-type":"","overlay-color":"","overlay-opacity":"","overlay-gradient":""},"tablet":{"background-color":"","background-image":"","background-repeat":"repeat","background-position":"center center","background-size":"auto","background-attachment":"scroll","background-type":"","background-media":"","overlay-type":"","overlay-color":"","overlay-opacity":"","overlay-gradient":""},"mobile":{"background-color":"","background-image":"","background-repeat":"repeat","background-position":"center center","background-size":"auto","background-attachment":"scroll","background-type":"","background-media":"","overlay-type":"","overlay-color":"","overlay-opacity":"","overlay-gradient":""}},"ast-content-background-meta":{"desktop":{"background-color":"var(--ast-global-color-5)","background-image":"","background-repeat":"repeat","background-position":"center center","background-size":"auto","background-attachment":"scroll","background-type":"","background-media":"","overlay-type":"","overlay-color":"","overlay-opacity":"","overlay-gradient":""},"tablet":{"background-color":"var(--ast-global-color-5)","background-image":"","background-repeat":"repeat","background-position":"center center","background-size":"auto","background-attachment":"scroll","background-type":"","background-media":"","overlay-type":"","overlay-color":"","overlay-opacity":"","overlay-gradient":""},"mobile":{"background-color":"var(--ast-global-color-5)","background-image":"","background-repeat":"repeat","background-position":"center center","background-size":"auto","background-attachment":"scroll","background-type":"","background-media":"","overlay-type":"","overlay-color":"","overlay-opacity":"","overlay-gradient":""}}},"product_brand":[],"product_cat":[16],"product_tag":[],"class_list":{"0":"post-14315","1":"product","2":"type-product","3":"status-publish","4":"has-post-thumbnail","6":"product_cat-bio-potraviny","7":"pa_ean-4370","8":"pa_typ-partnersky-predaj","9":"pa_znacka-wugi","10":"desktop-align-left","11":"tablet-align-left","12":"mobile-align-left","14":"first","15":"instock","16":"product-type-external"},"yoast_head":"<!-- This site is optimized with the Yoast SEO plugin v27.2 - https:\/\/yoast.com\/product\/yoast-seo-wordpress\/ -->\n<title>Vodn\u00e9 kef\u00edrov\u00e9 kult\u00fary, testovacie balenie, 5g - EKO-BIO-NATURA BIO OBCHOD<\/title>\n<meta name=\"robots\" content=\"index, follow, max-snippet:-1, max-image-preview:large, max-video-preview:-1\" \/>\n<link rel=\"canonical\" href=\"https:\/\/www.eko-bio-natura.sk\/shop\/produkt\/vodne-kefirove-kultury-testovacie-balenie-5g\/\" \/>\n<meta property=\"og:locale\" content=\"sk_SK\" \/>\n<meta property=\"og:type\" content=\"article\" \/>\n<meta property=\"og:title\" content=\"Vodn\u00e9 kef\u00edrov\u00e9 kult\u00fary, testovacie balenie, 5g - EKO-BIO-NATURA BIO OBCHOD\" \/>\n<meta property=\"og:description\" content=\"Vrec\u00fa\u0161ka pln\u00e9 kef\u00edrov\u00fdch kult\u00far, z ktor\u00fdch si m\u00f4\u017eete doma urobi\u0165 vlastn\u00fd kef\u00edr. Sta\u010d\u00ed k tomu trochu vody, kokosov\u00e9ho mlieka alebo napr\u00edklad ovocnej \u0161\u0165avy. Pr\u00edprava trv\u00e1 p\u00e1r dn\u00ed, ale va\u0161e zdravie (a hlavne \u010dreva) v\u00e1s za to bud\u00fa milova\u0165. Pre\u010do? Preto\u017ee dom\u00e1ce kef\u00edr vznik\u00e1 fermentovan\u00edm \u010di\u017ee kvasen\u00edm. V\u010faka tomu je pln\u00fd priate\u013esk\u00fdch bakt\u00e9ri\u00ed, enz\u00fdmov a \u010fal\u0161\u00edch [&hellip;]\" \/>\n<meta property=\"og:url\" content=\"https:\/\/www.eko-bio-natura.sk\/shop\/produkt\/vodne-kefirove-kultury-testovacie-balenie-5g\/\" \/>\n<meta property=\"og:site_name\" content=\"EKO-BIO-NATURA BIO OBCHOD\" \/>\n<meta property=\"og:image\" content=\"https:\/\/www.eko-bio-natura.sk\/shop\/wp-content\/uploads\/2023\/10\/4990-1_hlavni-obrazek.png\" \/>\n\t<meta property=\"og:image:width\" content=\"650\" \/>\n\t<meta property=\"og:image:height\" content=\"650\" \/>\n\t<meta property=\"og:image:type\" content=\"image\/png\" \/>\n<meta name=\"twitter:card\" content=\"summary_large_image\" \/>\n<meta name=\"twitter:label1\" content=\"Predpokladan\u00fd \u010das \u010d\u00edtania\" \/>\n\t<meta name=\"twitter:data1\" content=\"1 min\u00fata\" \/>\n<script type=\"application\/ld+json\" class=\"yoast-schema-graph\">{\"@context\":\"https:\/\/schema.org\",\"@graph\":[{\"@type\":\"WebPage\",\"@id\":\"https:\/\/www.eko-bio-natura.sk\/shop\/produkt\/vodne-kefirove-kultury-testovacie-balenie-5g\/\",\"url\":\"https:\/\/www.eko-bio-natura.sk\/shop\/produkt\/vodne-kefirove-kultury-testovacie-balenie-5g\/\",\"name\":\"Vodn\u00e9 kef\u00edrov\u00e9 kult\u00fary, testovacie balenie, 5g - EKO-BIO-NATURA BIO OBCHOD\",\"isPartOf\":{\"@id\":\"https:\/\/www.eko-bio-natura.sk\/shop\/#website\"},\"primaryImageOfPage\":{\"@id\":\"https:\/\/www.eko-bio-natura.sk\/shop\/produkt\/vodne-kefirove-kultury-testovacie-balenie-5g\/#primaryimage\"},\"image\":{\"@id\":\"https:\/\/www.eko-bio-natura.sk\/shop\/produkt\/vodne-kefirove-kultury-testovacie-balenie-5g\/#primaryimage\"},\"thumbnailUrl\":\"https:\/\/www.eko-bio-natura.sk\/shop\/wp-content\/uploads\/2023\/10\/4990-1_hlavni-obrazek.png\",\"datePublished\":\"2025-04-17T15:21:46+00:00\",\"breadcrumb\":{\"@id\":\"https:\/\/www.eko-bio-natura.sk\/shop\/produkt\/vodne-kefirove-kultury-testovacie-balenie-5g\/#breadcrumb\"},\"inLanguage\":\"sk-SK\",\"potentialAction\":[{\"@type\":\"ReadAction\",\"target\":[\"https:\/\/www.eko-bio-natura.sk\/shop\/produkt\/vodne-kefirove-kultury-testovacie-balenie-5g\/\"]}]},{\"@type\":\"ImageObject\",\"inLanguage\":\"sk-SK\",\"@id\":\"https:\/\/www.eko-bio-natura.sk\/shop\/produkt\/vodne-kefirove-kultury-testovacie-balenie-5g\/#primaryimage\",\"url\":\"https:\/\/www.eko-bio-natura.sk\/shop\/wp-content\/uploads\/2023\/10\/4990-1_hlavni-obrazek.png\",\"contentUrl\":\"https:\/\/www.eko-bio-natura.sk\/shop\/wp-content\/uploads\/2023\/10\/4990-1_hlavni-obrazek.png\",\"width\":650,\"height\":650},{\"@type\":\"BreadcrumbList\",\"@id\":\"https:\/\/www.eko-bio-natura.sk\/shop\/produkt\/vodne-kefirove-kultury-testovacie-balenie-5g\/#breadcrumb\",\"itemListElement\":[{\"@type\":\"ListItem\",\"position\":1,\"name\":\"Domovsk\u00e1 str\u00e1nka\",\"item\":\"https:\/\/www.eko-bio-natura.sk\/shop\/\"},{\"@type\":\"ListItem\",\"position\":2,\"name\":\"Obchod\",\"item\":\"https:\/\/www.eko-bio-natura.sk\/shop\/?page_id=6\"},{\"@type\":\"ListItem\",\"position\":3,\"name\":\"Vodn\u00e9 kef\u00edrov\u00e9 kult\u00fary, testovacie balenie, 5g\"}]},{\"@type\":\"WebSite\",\"@id\":\"https:\/\/www.eko-bio-natura.sk\/shop\/#website\",\"url\":\"https:\/\/www.eko-bio-natura.sk\/shop\/\",\"name\":\"EKO-BIO-NATURA BIO OBCHOD\",\"description\":\"\",\"publisher\":{\"@id\":\"https:\/\/www.eko-bio-natura.sk\/shop\/#organization\"},\"potentialAction\":[{\"@type\":\"SearchAction\",\"target\":{\"@type\":\"EntryPoint\",\"urlTemplate\":\"https:\/\/www.eko-bio-natura.sk\/shop\/?s={search_term_string}\"},\"query-input\":{\"@type\":\"PropertyValueSpecification\",\"valueRequired\":true,\"valueName\":\"search_term_string\"}}],\"inLanguage\":\"sk-SK\"},{\"@type\":\"Organization\",\"@id\":\"https:\/\/www.eko-bio-natura.sk\/shop\/#organization\",\"name\":\"EKO-BIO-NATURA BIO OBCHOD\",\"url\":\"https:\/\/www.eko-bio-natura.sk\/shop\/\",\"logo\":{\"@type\":\"ImageObject\",\"inLanguage\":\"sk-SK\",\"@id\":\"https:\/\/www.eko-bio-natura.sk\/shop\/#\/schema\/logo\/image\/\",\"url\":\"https:\/\/www.eko-bio-natura.sk\/shop\/wp-content\/uploads\/2021\/04\/eko-bio-natura_logo.png\",\"contentUrl\":\"https:\/\/www.eko-bio-natura.sk\/shop\/wp-content\/uploads\/2021\/04\/eko-bio-natura_logo.png\",\"width\":552,\"height\":194,\"caption\":\"EKO-BIO-NATURA BIO OBCHOD\"},\"image\":{\"@id\":\"https:\/\/www.eko-bio-natura.sk\/shop\/#\/schema\/logo\/image\/\"}}]}<\/script>\n<!-- \/ Yoast SEO plugin. -->","yoast_head_json":{"title":"Vodn\u00e9 kef\u00edrov\u00e9 kult\u00fary, testovacie balenie, 5g - EKO-BIO-NATURA BIO OBCHOD","robots":{"index":"index","follow":"follow","max-snippet":"max-snippet:-1","max-image-preview":"max-image-preview:large","max-video-preview":"max-video-preview:-1"},"canonical":"https:\/\/www.eko-bio-natura.sk\/shop\/produkt\/vodne-kefirove-kultury-testovacie-balenie-5g\/","og_locale":"sk_SK","og_type":"article","og_title":"Vodn\u00e9 kef\u00edrov\u00e9 kult\u00fary, testovacie balenie, 5g - EKO-BIO-NATURA BIO OBCHOD","og_description":"Vrec\u00fa\u0161ka pln\u00e9 kef\u00edrov\u00fdch kult\u00far, z ktor\u00fdch si m\u00f4\u017eete doma urobi\u0165 vlastn\u00fd kef\u00edr. Sta\u010d\u00ed k tomu trochu vody, kokosov\u00e9ho mlieka alebo napr\u00edklad ovocnej \u0161\u0165avy. Pr\u00edprava trv\u00e1 p\u00e1r dn\u00ed, ale va\u0161e zdravie (a hlavne \u010dreva) v\u00e1s za to bud\u00fa milova\u0165. Pre\u010do? Preto\u017ee dom\u00e1ce kef\u00edr vznik\u00e1 fermentovan\u00edm \u010di\u017ee kvasen\u00edm. V\u010faka tomu je pln\u00fd priate\u013esk\u00fdch bakt\u00e9ri\u00ed, enz\u00fdmov a \u010fal\u0161\u00edch [&hellip;]","og_url":"https:\/\/www.eko-bio-natura.sk\/shop\/produkt\/vodne-kefirove-kultury-testovacie-balenie-5g\/","og_site_name":"EKO-BIO-NATURA BIO OBCHOD","og_image":[{"width":650,"height":650,"url":"https:\/\/www.eko-bio-natura.sk\/shop\/wp-content\/uploads\/2023\/10\/4990-1_hlavni-obrazek.png","type":"image\/png"}],"twitter_card":"summary_large_image","twitter_misc":{"Predpokladan\u00fd \u010das \u010d\u00edtania":"1 min\u00fata"},"schema":{"@context":"https:\/\/schema.org","@graph":[{"@type":"WebPage","@id":"https:\/\/www.eko-bio-natura.sk\/shop\/produkt\/vodne-kefirove-kultury-testovacie-balenie-5g\/","url":"https:\/\/www.eko-bio-natura.sk\/shop\/produkt\/vodne-kefirove-kultury-testovacie-balenie-5g\/","name":"Vodn\u00e9 kef\u00edrov\u00e9 kult\u00fary, testovacie balenie, 5g - EKO-BIO-NATURA BIO OBCHOD","isPartOf":{"@id":"https:\/\/www.eko-bio-natura.sk\/shop\/#website"},"primaryImageOfPage":{"@id":"https:\/\/www.eko-bio-natura.sk\/shop\/produkt\/vodne-kefirove-kultury-testovacie-balenie-5g\/#primaryimage"},"image":{"@id":"https:\/\/www.eko-bio-natura.sk\/shop\/produkt\/vodne-kefirove-kultury-testovacie-balenie-5g\/#primaryimage"},"thumbnailUrl":"https:\/\/www.eko-bio-natura.sk\/shop\/wp-content\/uploads\/2023\/10\/4990-1_hlavni-obrazek.png","datePublished":"2025-04-17T15:21:46+00:00","breadcrumb":{"@id":"https:\/\/www.eko-bio-natura.sk\/shop\/produkt\/vodne-kefirove-kultury-testovacie-balenie-5g\/#breadcrumb"},"inLanguage":"sk-SK","potentialAction":[{"@type":"ReadAction","target":["https:\/\/www.eko-bio-natura.sk\/shop\/produkt\/vodne-kefirove-kultury-testovacie-balenie-5g\/"]}]},{"@type":"ImageObject","inLanguage":"sk-SK","@id":"https:\/\/www.eko-bio-natura.sk\/shop\/produkt\/vodne-kefirove-kultury-testovacie-balenie-5g\/#primaryimage","url":"https:\/\/www.eko-bio-natura.sk\/shop\/wp-content\/uploads\/2023\/10\/4990-1_hlavni-obrazek.png","contentUrl":"https:\/\/www.eko-bio-natura.sk\/shop\/wp-content\/uploads\/2023\/10\/4990-1_hlavni-obrazek.png","width":650,"height":650},{"@type":"BreadcrumbList","@id":"https:\/\/www.eko-bio-natura.sk\/shop\/produkt\/vodne-kefirove-kultury-testovacie-balenie-5g\/#breadcrumb","itemListElement":[{"@type":"ListItem","position":1,"name":"Domovsk\u00e1 str\u00e1nka","item":"https:\/\/www.eko-bio-natura.sk\/shop\/"},{"@type":"ListItem","position":2,"name":"Obchod","item":"https:\/\/www.eko-bio-natura.sk\/shop\/?page_id=6"},{"@type":"ListItem","position":3,"name":"Vodn\u00e9 kef\u00edrov\u00e9 kult\u00fary, testovacie balenie, 5g"}]},{"@type":"WebSite","@id":"https:\/\/www.eko-bio-natura.sk\/shop\/#website","url":"https:\/\/www.eko-bio-natura.sk\/shop\/","name":"EKO-BIO-NATURA BIO OBCHOD","description":"","publisher":{"@id":"https:\/\/www.eko-bio-natura.sk\/shop\/#organization"},"potentialAction":[{"@type":"SearchAction","target":{"@type":"EntryPoint","urlTemplate":"https:\/\/www.eko-bio-natura.sk\/shop\/?s={search_term_string}"},"query-input":{"@type":"PropertyValueSpecification","valueRequired":true,"valueName":"search_term_string"}}],"inLanguage":"sk-SK"},{"@type":"Organization","@id":"https:\/\/www.eko-bio-natura.sk\/shop\/#organization","name":"EKO-BIO-NATURA BIO OBCHOD","url":"https:\/\/www.eko-bio-natura.sk\/shop\/","logo":{"@type":"ImageObject","inLanguage":"sk-SK","@id":"https:\/\/www.eko-bio-natura.sk\/shop\/#\/schema\/logo\/image\/","url":"https:\/\/www.eko-bio-natura.sk\/shop\/wp-content\/uploads\/2021\/04\/eko-bio-natura_logo.png","contentUrl":"https:\/\/www.eko-bio-natura.sk\/shop\/wp-content\/uploads\/2021\/04\/eko-bio-natura_logo.png","width":552,"height":194,"caption":"EKO-BIO-NATURA BIO OBCHOD"},"image":{"@id":"https:\/\/www.eko-bio-natura.sk\/shop\/#\/schema\/logo\/image\/"}}]}},"_links":{"self":[{"href":"https:\/\/www.eko-bio-natura.sk\/shop\/wp-json\/wp\/v2\/product\/14315","targetHints":{"allow":["GET"]}}],"collection":[{"href":"https:\/\/www.eko-bio-natura.sk\/shop\/wp-json\/wp\/v2\/product"}],"about":[{"href":"https:\/\/www.eko-bio-natura.sk\/shop\/wp-json\/wp\/v2\/types\/product"}],"replies":[{"embeddable":true,"href":"https:\/\/www.eko-bio-natura.sk\/shop\/wp-json\/wp\/v2\/comments?post=14315"}],"wp:featuredmedia":[{"embeddable":true,"href":"https:\/\/www.eko-bio-natura.sk\/shop\/wp-json\/wp\/v2\/media\/14316"}],"wp:attachment":[{"href":"https:\/\/www.eko-bio-natura.sk\/shop\/wp-json\/wp\/v2\/media?parent=14315"}],"wp:term":[{"taxonomy":"product_brand","embeddable":true,"href":"https:\/\/www.eko-bio-natura.sk\/shop\/wp-json\/wp\/v2\/product_brand?post=14315"},{"taxonomy":"product_cat","embeddable":true,"href":"https:\/\/www.eko-bio-natura.sk\/shop\/wp-json\/wp\/v2\/product_cat?post=14315"},{"taxonomy":"product_tag","embeddable":true,"href":"https:\/\/www.eko-bio-natura.sk\/shop\/wp-json\/wp\/v2\/product_tag?post=14315"}],"curies":[{"name":"wp","href":"https:\/\/api.w.org\/{rel}","templated":true}]}}