{"id":1269,"date":"2025-04-17T17:29:38","date_gmt":"2025-04-17T15:29:38","guid":{"rendered":"https:\/\/www.eko-bio-natura.sk\/shop\/index.php\/produkt\/masticha-terapia-bio-jablcny-ocot-350-ml\/"},"modified":"2025-04-17T17:29:38","modified_gmt":"2025-04-17T15:29:38","slug":"masticha-terapia-bio-jablcny-ocot-350-ml","status":"publish","type":"product","link":"https:\/\/www.eko-bio-natura.sk\/shop\/produkt\/masticha-terapia-bio-jablcny-ocot-350-ml\/","title":{"rendered":"Masticha Terapia Bio Jabl\u010dn\u00fd ocot \u2013 350 ml"},"content":{"rendered":"<p><span style=\"font-family: verdana, geneva; font-size: 12pt;\">Jabl\u010dn\u00fd ocot\u00a0je produkt, ktor\u00fd vznik\u00e1 ferment\u00e1ciou jab\u013ak. Tento n\u00e1poj je zn\u00e1my u\u017e viac ne\u017e 400 rokov v\u010faka svojim unik\u00e1tnym vlastnostiam. Bio-ferment\u00e1ciou jab\u013ak si jabl\u010dn\u00fd ocot uchov\u00e1va <strong>mno\u017estvo enz\u00fdmov, vitam\u00ednov a miner\u00e1lov prospe\u0161n\u00fdch pre zdravie<\/strong>. Kv\u00f4li uchovaniu v\u0161etk\u00fdch potrebn\u00fdch l\u00e1tok <strong>nesmie by\u0165 tento pasterizovan\u00fd ani filtrovan\u00fd<\/strong>.\u00a0Jabl\u010dn\u00fd ocot\u00a0s maximom \u00fa\u010dinn\u00fdch l\u00e1tok je charakteristick\u00fd jemnou usadeninou na spodku fla\u0161e.<\/span><\/p>\n<p><span style=\"font-family: verdana, geneva; font-size: 12pt;\"><span>V octe je 0,6% alkoholu, \u010do je ofici\u00e1lne povolen\u00e9 mno\u017estvo.<\/span><\/span><\/p>\n<h2><span style=\"font-family: verdana, geneva; font-size: 12pt;\">Na \u010do sl\u00fa\u017ei jabl\u010dn\u00fd ocot<\/span><\/h2>\n<p><span style=\"font-family: verdana, geneva; font-size: 12pt;\">Jabl\u010dn\u00fd ocot\u00a0je ur\u010den\u00fd na vn\u00fatorn\u00e9, aj vonkaj\u0161ie pou\u017eitie. Naj\u010dastej\u0161ie sa v\u0161ak u\u017e\u00edva pre podporu zdravia v nasledovn\u00fdch oblastiach:<\/span><\/p>\n<ul>\n<li><span style=\"font-family: verdana, geneva; font-size: 12pt;\"><strong>podpora tr\u00e1venia<\/strong>\u00a0\u2013 enz\u00fdmy obsiahnut\u00e9 v jabl\u010dnom octe stimuluj\u00fa tvorbu \u017eal\u00fado\u010dn\u00fdch \u0161tiav, uti\u0161uj\u00fa z\u00e1paly tr\u00e1viaceho traktu, obnovuj\u00fa \u010drevn\u00fa mikrofl\u00f3ru a upravuj\u00fa kvalitu stolice<\/span><\/li>\n<li><span style=\"font-family: verdana, geneva; font-size: 12pt;\"><strong>posil\u0148uje \u00fa\u010dinky chioskej mastichy<\/strong>\u00a0\u2013 pre maximalizovanie \u00fa\u010dinkov chioskej mastichy je potrebn\u00e1 kvalitn\u00e1 tvorba \u017eal\u00fado\u010dn\u00fdch \u0161tiav, ktor\u00fa jabl\u010dn\u00fd ocot zabezpe\u010duje<\/span><\/li>\n<li><span style=\"font-family: verdana, geneva; font-size: 12pt;\"><strong>zni\u017eovanie hladiny cukru v krvi a vysok\u00e9ho cholesterolu<\/strong>\u00a0\u2013 jabl\u010dn\u00fd ocot obsahuje kyselinu octov\u00fa, ktor\u00e1 odb\u00farava podko\u017en\u00fd tuk a uvo\u013e\u0148uje cholesterol z ciev<\/span><\/li>\n<li><span style=\"font-family: verdana, geneva; font-size: 12pt;\"><strong>odvodnenie a pre\u010distenie mo\u010dov\u00fdch ciest\u00a0<\/strong>\u2013 kyselina octov\u00e1 taktie\u017e pre\u010dis\u0165uje mo\u010dov\u00e9 cesty a obli\u010dky, \u010d\u00edm ur\u00fdch\u013euje vylu\u010dovanie nadbyto\u010dnej vody z tela a eliminuje z\u00e1paly v mo\u010dov\u00fdch cest\u00e1ch<\/span><\/li>\n<li><span style=\"font-family: verdana, geneva; font-size: 12pt;\"><strong>posilnenie imunity<\/strong>\u00a0\u2013 mno\u017estvo enz\u00fdmov, vitam\u00ednov a miner\u00e1lov obsiahnut\u00fdch v jabl\u010dnom octe priaznivo vpl\u00fdva na celkov\u00fd stav zdravie a obranyschopnosti organizmu<\/span><\/li>\n<\/ul>\n<h2><span style=\"font-family: verdana, geneva; font-size: 12pt;\"><strong>D\u00e1vkovanie a doba u\u017e\u00edvania<\/strong>:\u00a0Jabl\u010dn\u00fd ocot\u00a0u\u017e\u00edvajte v pomere 1 a\u017e 2 \u010dajov\u00e9 ly\u017ei\u010dky octu do 2dcl poh\u00e1ra s\u00a0vodou (rozmie\u0161a\u0165) 2x denne. U\u017e\u00edva\u0165 pred jedlom \u2013\u00a0najlep\u0161ie\u00a0aj spolu s mastichou. Jabl\u010dn\u00fd ocot sa odpor\u00fa\u010da u\u017e\u00edva\u0165 dlhodobo.\u00a0<\/span><\/h2>\n<p><span style=\"font-family: verdana, geneva; font-size: 12pt;\"><strong>Koncentr\u00e1cia: <\/strong>6%<\/span><\/p>\n<p><span style=\"font-size: 12pt; font-family: verdana, geneva;\"><strong>Objem:<\/strong>\u00a0350 ml<\/span><\/p>\n<p><span style=\"font-size: 12pt; font-family: verdana, geneva;\"><strong>Krajina p\u00f4vodu:<\/strong>\u00a0Slovensko\u00a0<\/span><\/p>\n<p><span style=\"font-family: verdana, geneva; font-size: 12pt;\">\u00a0<\/span><\/p>\n","protected":false},"excerpt":{"rendered":"<p>Jabl\u010dn\u00fd ocot\u00a0je produkt, ktor\u00fd vznik\u00e1 ferment\u00e1ciou jab\u013ak. Tento n\u00e1poj je zn\u00e1my u\u017e viac ne\u017e 400 rokov v\u010faka svojim unik\u00e1tnym vlastnostiam. Bio-ferment\u00e1ciou jab\u013ak si jabl\u010dn\u00fd ocot uchov\u00e1va mno\u017estvo enz\u00fdmov, vitam\u00ednov a miner\u00e1lov prospe\u0161n\u00fdch pre zdravie. Kv\u00f4li uchovaniu v\u0161etk\u00fdch potrebn\u00fdch l\u00e1tok nesmie by\u0165 tento pasterizovan\u00fd ani filtrovan\u00fd.\u00a0Jabl\u010dn\u00fd ocot\u00a0s maximom \u00fa\u010dinn\u00fdch l\u00e1tok je charakteristick\u00fd jemnou usadeninou na spodku [&hellip;]<\/p>\n","protected":false},"featured_media":14016,"comment_status":"open","ping_status":"open","template":"","meta":{"site-sidebar-layout":"default","site-content-layout":"","ast-site-content-layout":"default","site-content-style":"default","site-sidebar-style":"default","ast-global-header-display":"","ast-banner-title-visibility":"","ast-main-header-display":"","ast-hfb-above-header-display":"","ast-hfb-below-header-display":"","ast-hfb-mobile-header-display":"","site-post-title":"","ast-breadcrumbs-content":"","ast-featured-img":"","footer-sml-layout":"","ast-disable-related-posts":"","theme-transparent-header-meta":"","adv-header-id-meta":"","stick-header-meta":"","header-above-stick-meta":"","header-main-stick-meta":"","header-below-stick-meta":"","astra-migrate-meta-layouts":"default","ast-page-background-enabled":"default","ast-page-background-meta":{"desktop":{"background-color":"","background-image":"","background-repeat":"repeat","background-position":"center center","background-size":"auto","background-attachment":"scroll","background-type":"","background-media":"","overlay-type":"","overlay-color":"","overlay-opacity":"","overlay-gradient":""},"tablet":{"background-color":"","background-image":"","background-repeat":"repeat","background-position":"center center","background-size":"auto","background-attachment":"scroll","background-type":"","background-media":"","overlay-type":"","overlay-color":"","overlay-opacity":"","overlay-gradient":""},"mobile":{"background-color":"","background-image":"","background-repeat":"repeat","background-position":"center center","background-size":"auto","background-attachment":"scroll","background-type":"","background-media":"","overlay-type":"","overlay-color":"","overlay-opacity":"","overlay-gradient":""}},"ast-content-background-meta":{"desktop":{"background-color":"var(--ast-global-color-5)","background-image":"","background-repeat":"repeat","background-position":"center center","background-size":"auto","background-attachment":"scroll","background-type":"","background-media":"","overlay-type":"","overlay-color":"","overlay-opacity":"","overlay-gradient":""},"tablet":{"background-color":"var(--ast-global-color-5)","background-image":"","background-repeat":"repeat","background-position":"center center","background-size":"auto","background-attachment":"scroll","background-type":"","background-media":"","overlay-type":"","overlay-color":"","overlay-opacity":"","overlay-gradient":""},"mobile":{"background-color":"var(--ast-global-color-5)","background-image":"","background-repeat":"repeat","background-position":"center center","background-size":"auto","background-attachment":"scroll","background-type":"","background-media":"","overlay-type":"","overlay-color":"","overlay-opacity":"","overlay-gradient":""}}},"product_brand":[],"product_cat":[2740,217,192,193],"product_tag":[2551],"class_list":{"0":"post-1269","1":"product","2":"type-product","3":"status-publish","4":"has-post-thumbnail","6":"product_cat-bio","7":"product_cat-cholesterol-a-obezita","8":"product_cat-vyzivove-doplnky","9":"product_cat-vyzivove-doplnky-pre-dospelych","10":"product_tag-bio","11":"pa_cena-dopravy-367","12":"pa_doprava-zasilkovna","13":"pa_ean-890","14":"pa_typ-partnersky-predaj","15":"pa_znacka-masticha-terapia","16":"desktop-align-left","17":"tablet-align-left","18":"mobile-align-left","20":"first","21":"instock","22":"product-type-external"},"yoast_head":"<!-- This site is optimized with the Yoast SEO plugin v27.2 - https:\/\/yoast.com\/product\/yoast-seo-wordpress\/ -->\n<title>Masticha Terapia Bio Jabl\u010dn\u00fd ocot \u2013 350 ml - EKO-BIO-NATURA BIO OBCHOD<\/title>\n<meta name=\"robots\" content=\"index, follow, max-snippet:-1, max-image-preview:large, max-video-preview:-1\" \/>\n<link rel=\"canonical\" href=\"https:\/\/www.eko-bio-natura.sk\/shop\/produkt\/masticha-terapia-bio-jablcny-ocot-350-ml\/\" \/>\n<meta property=\"og:locale\" content=\"sk_SK\" \/>\n<meta property=\"og:type\" content=\"article\" \/>\n<meta property=\"og:title\" content=\"Masticha Terapia Bio Jabl\u010dn\u00fd ocot \u2013 350 ml - EKO-BIO-NATURA BIO OBCHOD\" \/>\n<meta property=\"og:description\" content=\"Jabl\u010dn\u00fd ocot\u00a0je produkt, ktor\u00fd vznik\u00e1 ferment\u00e1ciou jab\u013ak. Tento n\u00e1poj je zn\u00e1my u\u017e viac ne\u017e 400 rokov v\u010faka svojim unik\u00e1tnym vlastnostiam. Bio-ferment\u00e1ciou jab\u013ak si jabl\u010dn\u00fd ocot uchov\u00e1va mno\u017estvo enz\u00fdmov, vitam\u00ednov a miner\u00e1lov prospe\u0161n\u00fdch pre zdravie. Kv\u00f4li uchovaniu v\u0161etk\u00fdch potrebn\u00fdch l\u00e1tok nesmie by\u0165 tento pasterizovan\u00fd ani filtrovan\u00fd.\u00a0Jabl\u010dn\u00fd ocot\u00a0s maximom \u00fa\u010dinn\u00fdch l\u00e1tok je charakteristick\u00fd jemnou usadeninou na spodku [&hellip;]\" \/>\n<meta property=\"og:url\" content=\"https:\/\/www.eko-bio-natura.sk\/shop\/produkt\/masticha-terapia-bio-jablcny-ocot-350-ml\/\" \/>\n<meta property=\"og:site_name\" content=\"EKO-BIO-NATURA BIO OBCHOD\" \/>\n<meta property=\"og:image\" content=\"https:\/\/www.eko-bio-natura.sk\/shop\/wp-content\/uploads\/2023\/02\/13313_ocot-sq.jpg\" \/>\n\t<meta property=\"og:image:width\" content=\"1894\" \/>\n\t<meta property=\"og:image:height\" content=\"2048\" \/>\n\t<meta property=\"og:image:type\" content=\"image\/jpeg\" \/>\n<meta name=\"twitter:card\" content=\"summary_large_image\" \/>\n<meta name=\"twitter:label1\" content=\"Predpokladan\u00fd \u010das \u010d\u00edtania\" \/>\n\t<meta name=\"twitter:data1\" content=\"2 min\u00faty\" \/>\n<script type=\"application\/ld+json\" class=\"yoast-schema-graph\">{\"@context\":\"https:\/\/schema.org\",\"@graph\":[{\"@type\":\"WebPage\",\"@id\":\"https:\/\/www.eko-bio-natura.sk\/shop\/produkt\/masticha-terapia-bio-jablcny-ocot-350-ml\/\",\"url\":\"https:\/\/www.eko-bio-natura.sk\/shop\/produkt\/masticha-terapia-bio-jablcny-ocot-350-ml\/\",\"name\":\"Masticha Terapia Bio Jabl\u010dn\u00fd ocot \u2013 350 ml - EKO-BIO-NATURA BIO OBCHOD\",\"isPartOf\":{\"@id\":\"https:\/\/www.eko-bio-natura.sk\/shop\/#website\"},\"primaryImageOfPage\":{\"@id\":\"https:\/\/www.eko-bio-natura.sk\/shop\/produkt\/masticha-terapia-bio-jablcny-ocot-350-ml\/#primaryimage\"},\"image\":{\"@id\":\"https:\/\/www.eko-bio-natura.sk\/shop\/produkt\/masticha-terapia-bio-jablcny-ocot-350-ml\/#primaryimage\"},\"thumbnailUrl\":\"https:\/\/www.eko-bio-natura.sk\/shop\/wp-content\/uploads\/2023\/02\/13313_ocot-sq.jpg\",\"datePublished\":\"2025-04-17T15:29:38+00:00\",\"breadcrumb\":{\"@id\":\"https:\/\/www.eko-bio-natura.sk\/shop\/produkt\/masticha-terapia-bio-jablcny-ocot-350-ml\/#breadcrumb\"},\"inLanguage\":\"sk-SK\",\"potentialAction\":[{\"@type\":\"ReadAction\",\"target\":[\"https:\/\/www.eko-bio-natura.sk\/shop\/produkt\/masticha-terapia-bio-jablcny-ocot-350-ml\/\"]}]},{\"@type\":\"ImageObject\",\"inLanguage\":\"sk-SK\",\"@id\":\"https:\/\/www.eko-bio-natura.sk\/shop\/produkt\/masticha-terapia-bio-jablcny-ocot-350-ml\/#primaryimage\",\"url\":\"https:\/\/www.eko-bio-natura.sk\/shop\/wp-content\/uploads\/2023\/02\/13313_ocot-sq.jpg\",\"contentUrl\":\"https:\/\/www.eko-bio-natura.sk\/shop\/wp-content\/uploads\/2023\/02\/13313_ocot-sq.jpg\",\"width\":1894,\"height\":2048},{\"@type\":\"BreadcrumbList\",\"@id\":\"https:\/\/www.eko-bio-natura.sk\/shop\/produkt\/masticha-terapia-bio-jablcny-ocot-350-ml\/#breadcrumb\",\"itemListElement\":[{\"@type\":\"ListItem\",\"position\":1,\"name\":\"Domovsk\u00e1 str\u00e1nka\",\"item\":\"https:\/\/www.eko-bio-natura.sk\/shop\/\"},{\"@type\":\"ListItem\",\"position\":2,\"name\":\"Obchod\",\"item\":\"https:\/\/www.eko-bio-natura.sk\/shop\/?page_id=6\"},{\"@type\":\"ListItem\",\"position\":3,\"name\":\"Masticha Terapia Bio Jabl\u010dn\u00fd ocot \u2013 350 ml\"}]},{\"@type\":\"WebSite\",\"@id\":\"https:\/\/www.eko-bio-natura.sk\/shop\/#website\",\"url\":\"https:\/\/www.eko-bio-natura.sk\/shop\/\",\"name\":\"EKO-BIO-NATURA BIO OBCHOD\",\"description\":\"\",\"publisher\":{\"@id\":\"https:\/\/www.eko-bio-natura.sk\/shop\/#organization\"},\"potentialAction\":[{\"@type\":\"SearchAction\",\"target\":{\"@type\":\"EntryPoint\",\"urlTemplate\":\"https:\/\/www.eko-bio-natura.sk\/shop\/?s={search_term_string}\"},\"query-input\":{\"@type\":\"PropertyValueSpecification\",\"valueRequired\":true,\"valueName\":\"search_term_string\"}}],\"inLanguage\":\"sk-SK\"},{\"@type\":\"Organization\",\"@id\":\"https:\/\/www.eko-bio-natura.sk\/shop\/#organization\",\"name\":\"EKO-BIO-NATURA BIO OBCHOD\",\"url\":\"https:\/\/www.eko-bio-natura.sk\/shop\/\",\"logo\":{\"@type\":\"ImageObject\",\"inLanguage\":\"sk-SK\",\"@id\":\"https:\/\/www.eko-bio-natura.sk\/shop\/#\/schema\/logo\/image\/\",\"url\":\"https:\/\/www.eko-bio-natura.sk\/shop\/wp-content\/uploads\/2021\/04\/eko-bio-natura_logo.png\",\"contentUrl\":\"https:\/\/www.eko-bio-natura.sk\/shop\/wp-content\/uploads\/2021\/04\/eko-bio-natura_logo.png\",\"width\":552,\"height\":194,\"caption\":\"EKO-BIO-NATURA BIO OBCHOD\"},\"image\":{\"@id\":\"https:\/\/www.eko-bio-natura.sk\/shop\/#\/schema\/logo\/image\/\"}}]}<\/script>\n<!-- \/ Yoast SEO plugin. -->","yoast_head_json":{"title":"Masticha Terapia Bio Jabl\u010dn\u00fd ocot \u2013 350 ml - EKO-BIO-NATURA BIO OBCHOD","robots":{"index":"index","follow":"follow","max-snippet":"max-snippet:-1","max-image-preview":"max-image-preview:large","max-video-preview":"max-video-preview:-1"},"canonical":"https:\/\/www.eko-bio-natura.sk\/shop\/produkt\/masticha-terapia-bio-jablcny-ocot-350-ml\/","og_locale":"sk_SK","og_type":"article","og_title":"Masticha Terapia Bio Jabl\u010dn\u00fd ocot \u2013 350 ml - EKO-BIO-NATURA BIO OBCHOD","og_description":"Jabl\u010dn\u00fd ocot\u00a0je produkt, ktor\u00fd vznik\u00e1 ferment\u00e1ciou jab\u013ak. Tento n\u00e1poj je zn\u00e1my u\u017e viac ne\u017e 400 rokov v\u010faka svojim unik\u00e1tnym vlastnostiam. Bio-ferment\u00e1ciou jab\u013ak si jabl\u010dn\u00fd ocot uchov\u00e1va mno\u017estvo enz\u00fdmov, vitam\u00ednov a miner\u00e1lov prospe\u0161n\u00fdch pre zdravie. Kv\u00f4li uchovaniu v\u0161etk\u00fdch potrebn\u00fdch l\u00e1tok nesmie by\u0165 tento pasterizovan\u00fd ani filtrovan\u00fd.\u00a0Jabl\u010dn\u00fd ocot\u00a0s maximom \u00fa\u010dinn\u00fdch l\u00e1tok je charakteristick\u00fd jemnou usadeninou na spodku [&hellip;]","og_url":"https:\/\/www.eko-bio-natura.sk\/shop\/produkt\/masticha-terapia-bio-jablcny-ocot-350-ml\/","og_site_name":"EKO-BIO-NATURA BIO OBCHOD","og_image":[{"width":1894,"height":2048,"url":"https:\/\/www.eko-bio-natura.sk\/shop\/wp-content\/uploads\/2023\/02\/13313_ocot-sq.jpg","type":"image\/jpeg"}],"twitter_card":"summary_large_image","twitter_misc":{"Predpokladan\u00fd \u010das \u010d\u00edtania":"2 min\u00faty"},"schema":{"@context":"https:\/\/schema.org","@graph":[{"@type":"WebPage","@id":"https:\/\/www.eko-bio-natura.sk\/shop\/produkt\/masticha-terapia-bio-jablcny-ocot-350-ml\/","url":"https:\/\/www.eko-bio-natura.sk\/shop\/produkt\/masticha-terapia-bio-jablcny-ocot-350-ml\/","name":"Masticha Terapia Bio Jabl\u010dn\u00fd ocot \u2013 350 ml - EKO-BIO-NATURA BIO OBCHOD","isPartOf":{"@id":"https:\/\/www.eko-bio-natura.sk\/shop\/#website"},"primaryImageOfPage":{"@id":"https:\/\/www.eko-bio-natura.sk\/shop\/produkt\/masticha-terapia-bio-jablcny-ocot-350-ml\/#primaryimage"},"image":{"@id":"https:\/\/www.eko-bio-natura.sk\/shop\/produkt\/masticha-terapia-bio-jablcny-ocot-350-ml\/#primaryimage"},"thumbnailUrl":"https:\/\/www.eko-bio-natura.sk\/shop\/wp-content\/uploads\/2023\/02\/13313_ocot-sq.jpg","datePublished":"2025-04-17T15:29:38+00:00","breadcrumb":{"@id":"https:\/\/www.eko-bio-natura.sk\/shop\/produkt\/masticha-terapia-bio-jablcny-ocot-350-ml\/#breadcrumb"},"inLanguage":"sk-SK","potentialAction":[{"@type":"ReadAction","target":["https:\/\/www.eko-bio-natura.sk\/shop\/produkt\/masticha-terapia-bio-jablcny-ocot-350-ml\/"]}]},{"@type":"ImageObject","inLanguage":"sk-SK","@id":"https:\/\/www.eko-bio-natura.sk\/shop\/produkt\/masticha-terapia-bio-jablcny-ocot-350-ml\/#primaryimage","url":"https:\/\/www.eko-bio-natura.sk\/shop\/wp-content\/uploads\/2023\/02\/13313_ocot-sq.jpg","contentUrl":"https:\/\/www.eko-bio-natura.sk\/shop\/wp-content\/uploads\/2023\/02\/13313_ocot-sq.jpg","width":1894,"height":2048},{"@type":"BreadcrumbList","@id":"https:\/\/www.eko-bio-natura.sk\/shop\/produkt\/masticha-terapia-bio-jablcny-ocot-350-ml\/#breadcrumb","itemListElement":[{"@type":"ListItem","position":1,"name":"Domovsk\u00e1 str\u00e1nka","item":"https:\/\/www.eko-bio-natura.sk\/shop\/"},{"@type":"ListItem","position":2,"name":"Obchod","item":"https:\/\/www.eko-bio-natura.sk\/shop\/?page_id=6"},{"@type":"ListItem","position":3,"name":"Masticha Terapia Bio Jabl\u010dn\u00fd ocot \u2013 350 ml"}]},{"@type":"WebSite","@id":"https:\/\/www.eko-bio-natura.sk\/shop\/#website","url":"https:\/\/www.eko-bio-natura.sk\/shop\/","name":"EKO-BIO-NATURA BIO OBCHOD","description":"","publisher":{"@id":"https:\/\/www.eko-bio-natura.sk\/shop\/#organization"},"potentialAction":[{"@type":"SearchAction","target":{"@type":"EntryPoint","urlTemplate":"https:\/\/www.eko-bio-natura.sk\/shop\/?s={search_term_string}"},"query-input":{"@type":"PropertyValueSpecification","valueRequired":true,"valueName":"search_term_string"}}],"inLanguage":"sk-SK"},{"@type":"Organization","@id":"https:\/\/www.eko-bio-natura.sk\/shop\/#organization","name":"EKO-BIO-NATURA BIO OBCHOD","url":"https:\/\/www.eko-bio-natura.sk\/shop\/","logo":{"@type":"ImageObject","inLanguage":"sk-SK","@id":"https:\/\/www.eko-bio-natura.sk\/shop\/#\/schema\/logo\/image\/","url":"https:\/\/www.eko-bio-natura.sk\/shop\/wp-content\/uploads\/2021\/04\/eko-bio-natura_logo.png","contentUrl":"https:\/\/www.eko-bio-natura.sk\/shop\/wp-content\/uploads\/2021\/04\/eko-bio-natura_logo.png","width":552,"height":194,"caption":"EKO-BIO-NATURA BIO OBCHOD"},"image":{"@id":"https:\/\/www.eko-bio-natura.sk\/shop\/#\/schema\/logo\/image\/"}}]}},"_links":{"self":[{"href":"https:\/\/www.eko-bio-natura.sk\/shop\/wp-json\/wp\/v2\/product\/1269","targetHints":{"allow":["GET"]}}],"collection":[{"href":"https:\/\/www.eko-bio-natura.sk\/shop\/wp-json\/wp\/v2\/product"}],"about":[{"href":"https:\/\/www.eko-bio-natura.sk\/shop\/wp-json\/wp\/v2\/types\/product"}],"replies":[{"embeddable":true,"href":"https:\/\/www.eko-bio-natura.sk\/shop\/wp-json\/wp\/v2\/comments?post=1269"}],"wp:featuredmedia":[{"embeddable":true,"href":"https:\/\/www.eko-bio-natura.sk\/shop\/wp-json\/wp\/v2\/media\/14016"}],"wp:attachment":[{"href":"https:\/\/www.eko-bio-natura.sk\/shop\/wp-json\/wp\/v2\/media?parent=1269"}],"wp:term":[{"taxonomy":"product_brand","embeddable":true,"href":"https:\/\/www.eko-bio-natura.sk\/shop\/wp-json\/wp\/v2\/product_brand?post=1269"},{"taxonomy":"product_cat","embeddable":true,"href":"https:\/\/www.eko-bio-natura.sk\/shop\/wp-json\/wp\/v2\/product_cat?post=1269"},{"taxonomy":"product_tag","embeddable":true,"href":"https:\/\/www.eko-bio-natura.sk\/shop\/wp-json\/wp\/v2\/product_tag?post=1269"}],"curies":[{"name":"wp","href":"https:\/\/api.w.org\/{rel}","templated":true}]}}