{"id":1247,"date":"2025-04-17T17:29:38","date_gmt":"2025-04-17T15:29:38","guid":{"rendered":"https:\/\/www.eko-bio-natura.sk\/shop\/index.php\/produkt\/bylinarstvi-u-chytre-horakyne-zaludocne-kvapky-bylinkarstvi-u-chytre-horakyne-50-ml\/"},"modified":"2025-05-23T14:05:46","modified_gmt":"2025-05-23T12:05:46","slug":"bylinarstvi-u-chytre-horakyne-zaludocne-kvapky-bylinkarstvi-u-chytre-horakyne-50-ml","status":"publish","type":"product","link":"https:\/\/www.eko-bio-natura.sk\/shop\/produkt\/bylinarstvi-u-chytre-horakyne-zaludocne-kvapky-bylinkarstvi-u-chytre-horakyne-50-ml\/","title":{"rendered":"Bylin\u00e1\u0159stv\u00ed U Chytr\u00e9 hor\u00e1kyn\u011b \u017dal\u00fado\u010dn\u00e9 kvapky &#8211; Bylink\u00e1\u0159stv\u00ed U Chytr\u00e9 hor\u00e1kyn\u011b &#8211; 50 ml"},"content":{"rendered":"<p><span style=\"font-size: 12pt; font-family: verdana, geneva;\">Vyroben\u00e9 s l\u00e1skou a starostlivos\u0165ou pre najvy\u0161\u0161iu mo\u017en\u00fa \u00fa\u010dinnos\u0165 bylinn\u00e9ho extraktu pre va\u0161e telo. Bylinky s\u00fa neobmedzen\u00fdm darom pr\u00edrody, ktor\u00fd je potrebn\u00e9 \u010derpa\u0165.<\/span><\/p>\n<p><span style=\"font-size: 12pt; font-family: verdana, geneva;\"><span class=\"gmail_default\">\u200b<\/span>Tieto kvapky s\u00fa v\u00fdborn\u00e9 na upokojenie \u017eal\u00fado\u010dn\u00fdch \u0161tiav, jemn\u00e9 z\u00e1paly \u017eal\u00fadka a \u010dreva, proti nad\u00favaniu, na upokojenie nervov\u00e9ho syst\u00e9mu, pre\u010distenie \u017el\u010dn\u00edka a pankreasu a ich spr\u00e1vnu funkciu. Pri ak\u00fatnych \u0165a\u017ekostiach je \u00fa\u010dinnos\u0165 kvapiek do 30 min.<\/span><\/p>\n<p><span style=\"font-size: 12pt; font-family: verdana, geneva;\"><strong><img decoding=\"async\" src=\"\/user\/documents\/upload\/mceclip0-365.png?1688645263\" \/><\/strong><\/span><\/p>\n<p><span style=\"font-size: 12pt; font-family: verdana, geneva;\"><strong><\/strong><\/span><span style=\"font-size: 12pt; font-family: verdana, geneva;\"><strong>ODPOR\u00da\u010cAN\u00c9 D\u00c1VKOVANIE:<\/strong> 15-30 kvapiek 2x denne. Denn\u00e1 d\u00e1vka 2-4ml (30-60 kvapiek denne). Neprekra\u010dujte odpor\u00fa\u010dan\u00e9 d\u00e1vkovanie.<\/span><\/p>\n<p><span style=\"font-size: 12pt; font-family: verdana, geneva;\"><strong>SKLADOVANIE<\/strong>: Uchov\u00e1vajte v suchu pri izbovej teplote. Neskladova\u0165 na priamom slnku a mrazu.<\/span><\/p>\n<p><span style=\"font-size: 12pt; font-family: verdana, geneva;\"><strong>V\u0160EOBECN\u00c9 UPOZORNENIA:<\/strong> Doplnok stravy. Nie je vhodn\u00fd pre deti, tehotn\u00e9 a doj\u010diace \u017eeny. Uklada\u0165 mimo dosahu det\u00ed. Nenahradzujte pestr\u00fa a vyv\u00e1\u017een\u00fa stravu.<\/span><\/p>\n","protected":false},"excerpt":{"rendered":"<p>Vyroben\u00e9 s l\u00e1skou a starostlivos\u0165ou pre najvy\u0161\u0161iu mo\u017en\u00fa \u00fa\u010dinnos\u0165 bylinn\u00e9ho extraktu pre va\u0161e telo. Bylinky s\u00fa neobmedzen\u00fdm darom pr\u00edrody, ktor\u00fd je potrebn\u00e9 \u010derpa\u0165. \u200bTieto kvapky s\u00fa v\u00fdborn\u00e9 na upokojenie \u017eal\u00fado\u010dn\u00fdch \u0161tiav, jemn\u00e9 z\u00e1paly \u017eal\u00fadka a \u010dreva, proti nad\u00favaniu, na upokojenie nervov\u00e9ho syst\u00e9mu, pre\u010distenie \u017el\u010dn\u00edka a pankreasu a ich spr\u00e1vnu funkciu. Pri ak\u00fatnych \u0165a\u017ekostiach je \u00fa\u010dinnos\u0165 [&hellip;]<\/p>\n","protected":false},"featured_media":14015,"comment_status":"open","ping_status":"open","template":"","meta":{"site-sidebar-layout":"default","site-content-layout":"","ast-site-content-layout":"default","site-content-style":"default","site-sidebar-style":"default","ast-global-header-display":"","ast-banner-title-visibility":"","ast-main-header-display":"","ast-hfb-above-header-display":"","ast-hfb-below-header-display":"","ast-hfb-mobile-header-display":"","site-post-title":"","ast-breadcrumbs-content":"","ast-featured-img":"","footer-sml-layout":"","ast-disable-related-posts":"","theme-transparent-header-meta":"","adv-header-id-meta":"","stick-header-meta":"","header-above-stick-meta":"","header-main-stick-meta":"","header-below-stick-meta":"","astra-migrate-meta-layouts":"default","ast-page-background-enabled":"default","ast-page-background-meta":{"desktop":{"background-color":"","background-image":"","background-repeat":"repeat","background-position":"center center","background-size":"auto","background-attachment":"scroll","background-type":"","background-media":"","overlay-type":"","overlay-color":"","overlay-opacity":"","overlay-gradient":""},"tablet":{"background-color":"","background-image":"","background-repeat":"repeat","background-position":"center center","background-size":"auto","background-attachment":"scroll","background-type":"","background-media":"","overlay-type":"","overlay-color":"","overlay-opacity":"","overlay-gradient":""},"mobile":{"background-color":"","background-image":"","background-repeat":"repeat","background-position":"center center","background-size":"auto","background-attachment":"scroll","background-type":"","background-media":"","overlay-type":"","overlay-color":"","overlay-opacity":"","overlay-gradient":""}},"ast-content-background-meta":{"desktop":{"background-color":"var(--ast-global-color-5)","background-image":"","background-repeat":"repeat","background-position":"center center","background-size":"auto","background-attachment":"scroll","background-type":"","background-media":"","overlay-type":"","overlay-color":"","overlay-opacity":"","overlay-gradient":""},"tablet":{"background-color":"var(--ast-global-color-5)","background-image":"","background-repeat":"repeat","background-position":"center center","background-size":"auto","background-attachment":"scroll","background-type":"","background-media":"","overlay-type":"","overlay-color":"","overlay-opacity":"","overlay-gradient":""},"mobile":{"background-color":"var(--ast-global-color-5)","background-image":"","background-repeat":"repeat","background-position":"center center","background-size":"auto","background-attachment":"scroll","background-type":"","background-media":"","overlay-type":"","overlay-color":"","overlay-opacity":"","overlay-gradient":""}}},"product_brand":[],"product_cat":[190,18],"product_tag":[],"class_list":{"0":"post-1247","1":"product","2":"type-product","3":"status-publish","4":"has-post-thumbnail","6":"product_cat-bylinne-tinktury","7":"product_cat-prirodna-lekaren","8":"pa_cena-dopravy-367","9":"pa_doprava-zasilkovna","10":"pa_typ-partnersky-predaj","11":"pa_znacka-bylinarstvi-u-chytre-horakyne","12":"desktop-align-left","13":"tablet-align-left","14":"mobile-align-left","16":"first","17":"instock","18":"product-type-external"},"yoast_head":"<!-- This site is optimized with the Yoast SEO plugin v27.2 - https:\/\/yoast.com\/product\/yoast-seo-wordpress\/ -->\n<title>Bylin\u00e1\u0159stv\u00ed U Chytr\u00e9 hor\u00e1kyn\u011b \u017dal\u00fado\u010dn\u00e9 kvapky - Bylink\u00e1\u0159stv\u00ed U Chytr\u00e9 hor\u00e1kyn\u011b - 50 ml - EKO-BIO-NATURA BIO OBCHOD<\/title>\n<meta name=\"robots\" content=\"index, follow, max-snippet:-1, max-image-preview:large, max-video-preview:-1\" \/>\n<link rel=\"canonical\" href=\"https:\/\/www.eko-bio-natura.sk\/shop\/produkt\/bylinarstvi-u-chytre-horakyne-zaludocne-kvapky-bylinkarstvi-u-chytre-horakyne-50-ml\/\" \/>\n<meta property=\"og:locale\" content=\"sk_SK\" \/>\n<meta property=\"og:type\" content=\"article\" \/>\n<meta property=\"og:title\" content=\"Bylin\u00e1\u0159stv\u00ed U Chytr\u00e9 hor\u00e1kyn\u011b \u017dal\u00fado\u010dn\u00e9 kvapky - Bylink\u00e1\u0159stv\u00ed U Chytr\u00e9 hor\u00e1kyn\u011b - 50 ml - EKO-BIO-NATURA BIO OBCHOD\" \/>\n<meta property=\"og:description\" content=\"Vyroben\u00e9 s l\u00e1skou a starostlivos\u0165ou pre najvy\u0161\u0161iu mo\u017en\u00fa \u00fa\u010dinnos\u0165 bylinn\u00e9ho extraktu pre va\u0161e telo. Bylinky s\u00fa neobmedzen\u00fdm darom pr\u00edrody, ktor\u00fd je potrebn\u00e9 \u010derpa\u0165. \u200bTieto kvapky s\u00fa v\u00fdborn\u00e9 na upokojenie \u017eal\u00fado\u010dn\u00fdch \u0161tiav, jemn\u00e9 z\u00e1paly \u017eal\u00fadka a \u010dreva, proti nad\u00favaniu, na upokojenie nervov\u00e9ho syst\u00e9mu, pre\u010distenie \u017el\u010dn\u00edka a pankreasu a ich spr\u00e1vnu funkciu. Pri ak\u00fatnych \u0165a\u017ekostiach je \u00fa\u010dinnos\u0165 [&hellip;]\" \/>\n<meta property=\"og:url\" content=\"https:\/\/www.eko-bio-natura.sk\/shop\/produkt\/bylinarstvi-u-chytre-horakyne-zaludocne-kvapky-bylinkarstvi-u-chytre-horakyne-50-ml\/\" \/>\n<meta property=\"og:site_name\" content=\"EKO-BIO-NATURA BIO OBCHOD\" \/>\n<meta property=\"article:modified_time\" content=\"2025-05-23T12:05:46+00:00\" \/>\n<meta property=\"og:image\" content=\"https:\/\/www.eko-bio-natura.sk\/shop\/wp-content\/uploads\/2023\/02\/13262_1184-zal.jpg\" \/>\n\t<meta property=\"og:image:width\" content=\"1024\" \/>\n\t<meta property=\"og:image:height\" content=\"768\" \/>\n\t<meta property=\"og:image:type\" content=\"image\/jpeg\" \/>\n<meta name=\"twitter:card\" content=\"summary_large_image\" \/>\n<meta name=\"twitter:label1\" content=\"Predpokladan\u00fd \u010das \u010d\u00edtania\" \/>\n\t<meta name=\"twitter:data1\" content=\"1 min\u00fata\" \/>\n<script type=\"application\/ld+json\" class=\"yoast-schema-graph\">{\"@context\":\"https:\/\/schema.org\",\"@graph\":[{\"@type\":\"WebPage\",\"@id\":\"https:\/\/www.eko-bio-natura.sk\/shop\/produkt\/bylinarstvi-u-chytre-horakyne-zaludocne-kvapky-bylinkarstvi-u-chytre-horakyne-50-ml\/\",\"url\":\"https:\/\/www.eko-bio-natura.sk\/shop\/produkt\/bylinarstvi-u-chytre-horakyne-zaludocne-kvapky-bylinkarstvi-u-chytre-horakyne-50-ml\/\",\"name\":\"Bylin\u00e1\u0159stv\u00ed U Chytr\u00e9 hor\u00e1kyn\u011b \u017dal\u00fado\u010dn\u00e9 kvapky - Bylink\u00e1\u0159stv\u00ed U Chytr\u00e9 hor\u00e1kyn\u011b - 50 ml - EKO-BIO-NATURA BIO OBCHOD\",\"isPartOf\":{\"@id\":\"https:\/\/www.eko-bio-natura.sk\/shop\/#website\"},\"primaryImageOfPage\":{\"@id\":\"https:\/\/www.eko-bio-natura.sk\/shop\/produkt\/bylinarstvi-u-chytre-horakyne-zaludocne-kvapky-bylinkarstvi-u-chytre-horakyne-50-ml\/#primaryimage\"},\"image\":{\"@id\":\"https:\/\/www.eko-bio-natura.sk\/shop\/produkt\/bylinarstvi-u-chytre-horakyne-zaludocne-kvapky-bylinkarstvi-u-chytre-horakyne-50-ml\/#primaryimage\"},\"thumbnailUrl\":\"https:\/\/www.eko-bio-natura.sk\/shop\/wp-content\/uploads\/2023\/02\/13262_1184-zal.jpg\",\"datePublished\":\"2025-04-17T15:29:38+00:00\",\"dateModified\":\"2025-05-23T12:05:46+00:00\",\"breadcrumb\":{\"@id\":\"https:\/\/www.eko-bio-natura.sk\/shop\/produkt\/bylinarstvi-u-chytre-horakyne-zaludocne-kvapky-bylinkarstvi-u-chytre-horakyne-50-ml\/#breadcrumb\"},\"inLanguage\":\"sk-SK\",\"potentialAction\":[{\"@type\":\"ReadAction\",\"target\":[\"https:\/\/www.eko-bio-natura.sk\/shop\/produkt\/bylinarstvi-u-chytre-horakyne-zaludocne-kvapky-bylinkarstvi-u-chytre-horakyne-50-ml\/\"]}]},{\"@type\":\"ImageObject\",\"inLanguage\":\"sk-SK\",\"@id\":\"https:\/\/www.eko-bio-natura.sk\/shop\/produkt\/bylinarstvi-u-chytre-horakyne-zaludocne-kvapky-bylinkarstvi-u-chytre-horakyne-50-ml\/#primaryimage\",\"url\":\"https:\/\/www.eko-bio-natura.sk\/shop\/wp-content\/uploads\/2023\/02\/13262_1184-zal.jpg\",\"contentUrl\":\"https:\/\/www.eko-bio-natura.sk\/shop\/wp-content\/uploads\/2023\/02\/13262_1184-zal.jpg\",\"width\":1024,\"height\":768},{\"@type\":\"BreadcrumbList\",\"@id\":\"https:\/\/www.eko-bio-natura.sk\/shop\/produkt\/bylinarstvi-u-chytre-horakyne-zaludocne-kvapky-bylinkarstvi-u-chytre-horakyne-50-ml\/#breadcrumb\",\"itemListElement\":[{\"@type\":\"ListItem\",\"position\":1,\"name\":\"Domovsk\u00e1 str\u00e1nka\",\"item\":\"https:\/\/www.eko-bio-natura.sk\/shop\/\"},{\"@type\":\"ListItem\",\"position\":2,\"name\":\"Obchod\",\"item\":\"https:\/\/www.eko-bio-natura.sk\/shop\/?page_id=6\"},{\"@type\":\"ListItem\",\"position\":3,\"name\":\"Bylin\u00e1\u0159stv\u00ed U Chytr\u00e9 hor\u00e1kyn\u011b \u017dal\u00fado\u010dn\u00e9 kvapky &#8211; Bylink\u00e1\u0159stv\u00ed U Chytr\u00e9 hor\u00e1kyn\u011b &#8211; 50 ml\"}]},{\"@type\":\"WebSite\",\"@id\":\"https:\/\/www.eko-bio-natura.sk\/shop\/#website\",\"url\":\"https:\/\/www.eko-bio-natura.sk\/shop\/\",\"name\":\"EKO-BIO-NATURA BIO OBCHOD\",\"description\":\"\",\"publisher\":{\"@id\":\"https:\/\/www.eko-bio-natura.sk\/shop\/#organization\"},\"potentialAction\":[{\"@type\":\"SearchAction\",\"target\":{\"@type\":\"EntryPoint\",\"urlTemplate\":\"https:\/\/www.eko-bio-natura.sk\/shop\/?s={search_term_string}\"},\"query-input\":{\"@type\":\"PropertyValueSpecification\",\"valueRequired\":true,\"valueName\":\"search_term_string\"}}],\"inLanguage\":\"sk-SK\"},{\"@type\":\"Organization\",\"@id\":\"https:\/\/www.eko-bio-natura.sk\/shop\/#organization\",\"name\":\"EKO-BIO-NATURA BIO OBCHOD\",\"url\":\"https:\/\/www.eko-bio-natura.sk\/shop\/\",\"logo\":{\"@type\":\"ImageObject\",\"inLanguage\":\"sk-SK\",\"@id\":\"https:\/\/www.eko-bio-natura.sk\/shop\/#\/schema\/logo\/image\/\",\"url\":\"https:\/\/www.eko-bio-natura.sk\/shop\/wp-content\/uploads\/2021\/04\/eko-bio-natura_logo.png\",\"contentUrl\":\"https:\/\/www.eko-bio-natura.sk\/shop\/wp-content\/uploads\/2021\/04\/eko-bio-natura_logo.png\",\"width\":552,\"height\":194,\"caption\":\"EKO-BIO-NATURA BIO OBCHOD\"},\"image\":{\"@id\":\"https:\/\/www.eko-bio-natura.sk\/shop\/#\/schema\/logo\/image\/\"}}]}<\/script>\n<!-- \/ Yoast SEO plugin. -->","yoast_head_json":{"title":"Bylin\u00e1\u0159stv\u00ed U Chytr\u00e9 hor\u00e1kyn\u011b \u017dal\u00fado\u010dn\u00e9 kvapky - Bylink\u00e1\u0159stv\u00ed U Chytr\u00e9 hor\u00e1kyn\u011b - 50 ml - EKO-BIO-NATURA BIO OBCHOD","robots":{"index":"index","follow":"follow","max-snippet":"max-snippet:-1","max-image-preview":"max-image-preview:large","max-video-preview":"max-video-preview:-1"},"canonical":"https:\/\/www.eko-bio-natura.sk\/shop\/produkt\/bylinarstvi-u-chytre-horakyne-zaludocne-kvapky-bylinkarstvi-u-chytre-horakyne-50-ml\/","og_locale":"sk_SK","og_type":"article","og_title":"Bylin\u00e1\u0159stv\u00ed U Chytr\u00e9 hor\u00e1kyn\u011b \u017dal\u00fado\u010dn\u00e9 kvapky - Bylink\u00e1\u0159stv\u00ed U Chytr\u00e9 hor\u00e1kyn\u011b - 50 ml - EKO-BIO-NATURA BIO OBCHOD","og_description":"Vyroben\u00e9 s l\u00e1skou a starostlivos\u0165ou pre najvy\u0161\u0161iu mo\u017en\u00fa \u00fa\u010dinnos\u0165 bylinn\u00e9ho extraktu pre va\u0161e telo. Bylinky s\u00fa neobmedzen\u00fdm darom pr\u00edrody, ktor\u00fd je potrebn\u00e9 \u010derpa\u0165. \u200bTieto kvapky s\u00fa v\u00fdborn\u00e9 na upokojenie \u017eal\u00fado\u010dn\u00fdch \u0161tiav, jemn\u00e9 z\u00e1paly \u017eal\u00fadka a \u010dreva, proti nad\u00favaniu, na upokojenie nervov\u00e9ho syst\u00e9mu, pre\u010distenie \u017el\u010dn\u00edka a pankreasu a ich spr\u00e1vnu funkciu. Pri ak\u00fatnych \u0165a\u017ekostiach je \u00fa\u010dinnos\u0165 [&hellip;]","og_url":"https:\/\/www.eko-bio-natura.sk\/shop\/produkt\/bylinarstvi-u-chytre-horakyne-zaludocne-kvapky-bylinkarstvi-u-chytre-horakyne-50-ml\/","og_site_name":"EKO-BIO-NATURA BIO OBCHOD","article_modified_time":"2025-05-23T12:05:46+00:00","og_image":[{"width":1024,"height":768,"url":"https:\/\/www.eko-bio-natura.sk\/shop\/wp-content\/uploads\/2023\/02\/13262_1184-zal.jpg","type":"image\/jpeg"}],"twitter_card":"summary_large_image","twitter_misc":{"Predpokladan\u00fd \u010das \u010d\u00edtania":"1 min\u00fata"},"schema":{"@context":"https:\/\/schema.org","@graph":[{"@type":"WebPage","@id":"https:\/\/www.eko-bio-natura.sk\/shop\/produkt\/bylinarstvi-u-chytre-horakyne-zaludocne-kvapky-bylinkarstvi-u-chytre-horakyne-50-ml\/","url":"https:\/\/www.eko-bio-natura.sk\/shop\/produkt\/bylinarstvi-u-chytre-horakyne-zaludocne-kvapky-bylinkarstvi-u-chytre-horakyne-50-ml\/","name":"Bylin\u00e1\u0159stv\u00ed U Chytr\u00e9 hor\u00e1kyn\u011b \u017dal\u00fado\u010dn\u00e9 kvapky - Bylink\u00e1\u0159stv\u00ed U Chytr\u00e9 hor\u00e1kyn\u011b - 50 ml - EKO-BIO-NATURA BIO OBCHOD","isPartOf":{"@id":"https:\/\/www.eko-bio-natura.sk\/shop\/#website"},"primaryImageOfPage":{"@id":"https:\/\/www.eko-bio-natura.sk\/shop\/produkt\/bylinarstvi-u-chytre-horakyne-zaludocne-kvapky-bylinkarstvi-u-chytre-horakyne-50-ml\/#primaryimage"},"image":{"@id":"https:\/\/www.eko-bio-natura.sk\/shop\/produkt\/bylinarstvi-u-chytre-horakyne-zaludocne-kvapky-bylinkarstvi-u-chytre-horakyne-50-ml\/#primaryimage"},"thumbnailUrl":"https:\/\/www.eko-bio-natura.sk\/shop\/wp-content\/uploads\/2023\/02\/13262_1184-zal.jpg","datePublished":"2025-04-17T15:29:38+00:00","dateModified":"2025-05-23T12:05:46+00:00","breadcrumb":{"@id":"https:\/\/www.eko-bio-natura.sk\/shop\/produkt\/bylinarstvi-u-chytre-horakyne-zaludocne-kvapky-bylinkarstvi-u-chytre-horakyne-50-ml\/#breadcrumb"},"inLanguage":"sk-SK","potentialAction":[{"@type":"ReadAction","target":["https:\/\/www.eko-bio-natura.sk\/shop\/produkt\/bylinarstvi-u-chytre-horakyne-zaludocne-kvapky-bylinkarstvi-u-chytre-horakyne-50-ml\/"]}]},{"@type":"ImageObject","inLanguage":"sk-SK","@id":"https:\/\/www.eko-bio-natura.sk\/shop\/produkt\/bylinarstvi-u-chytre-horakyne-zaludocne-kvapky-bylinkarstvi-u-chytre-horakyne-50-ml\/#primaryimage","url":"https:\/\/www.eko-bio-natura.sk\/shop\/wp-content\/uploads\/2023\/02\/13262_1184-zal.jpg","contentUrl":"https:\/\/www.eko-bio-natura.sk\/shop\/wp-content\/uploads\/2023\/02\/13262_1184-zal.jpg","width":1024,"height":768},{"@type":"BreadcrumbList","@id":"https:\/\/www.eko-bio-natura.sk\/shop\/produkt\/bylinarstvi-u-chytre-horakyne-zaludocne-kvapky-bylinkarstvi-u-chytre-horakyne-50-ml\/#breadcrumb","itemListElement":[{"@type":"ListItem","position":1,"name":"Domovsk\u00e1 str\u00e1nka","item":"https:\/\/www.eko-bio-natura.sk\/shop\/"},{"@type":"ListItem","position":2,"name":"Obchod","item":"https:\/\/www.eko-bio-natura.sk\/shop\/?page_id=6"},{"@type":"ListItem","position":3,"name":"Bylin\u00e1\u0159stv\u00ed U Chytr\u00e9 hor\u00e1kyn\u011b \u017dal\u00fado\u010dn\u00e9 kvapky &#8211; Bylink\u00e1\u0159stv\u00ed U Chytr\u00e9 hor\u00e1kyn\u011b &#8211; 50 ml"}]},{"@type":"WebSite","@id":"https:\/\/www.eko-bio-natura.sk\/shop\/#website","url":"https:\/\/www.eko-bio-natura.sk\/shop\/","name":"EKO-BIO-NATURA BIO OBCHOD","description":"","publisher":{"@id":"https:\/\/www.eko-bio-natura.sk\/shop\/#organization"},"potentialAction":[{"@type":"SearchAction","target":{"@type":"EntryPoint","urlTemplate":"https:\/\/www.eko-bio-natura.sk\/shop\/?s={search_term_string}"},"query-input":{"@type":"PropertyValueSpecification","valueRequired":true,"valueName":"search_term_string"}}],"inLanguage":"sk-SK"},{"@type":"Organization","@id":"https:\/\/www.eko-bio-natura.sk\/shop\/#organization","name":"EKO-BIO-NATURA BIO OBCHOD","url":"https:\/\/www.eko-bio-natura.sk\/shop\/","logo":{"@type":"ImageObject","inLanguage":"sk-SK","@id":"https:\/\/www.eko-bio-natura.sk\/shop\/#\/schema\/logo\/image\/","url":"https:\/\/www.eko-bio-natura.sk\/shop\/wp-content\/uploads\/2021\/04\/eko-bio-natura_logo.png","contentUrl":"https:\/\/www.eko-bio-natura.sk\/shop\/wp-content\/uploads\/2021\/04\/eko-bio-natura_logo.png","width":552,"height":194,"caption":"EKO-BIO-NATURA BIO OBCHOD"},"image":{"@id":"https:\/\/www.eko-bio-natura.sk\/shop\/#\/schema\/logo\/image\/"}}]}},"_links":{"self":[{"href":"https:\/\/www.eko-bio-natura.sk\/shop\/wp-json\/wp\/v2\/product\/1247","targetHints":{"allow":["GET"]}}],"collection":[{"href":"https:\/\/www.eko-bio-natura.sk\/shop\/wp-json\/wp\/v2\/product"}],"about":[{"href":"https:\/\/www.eko-bio-natura.sk\/shop\/wp-json\/wp\/v2\/types\/product"}],"replies":[{"embeddable":true,"href":"https:\/\/www.eko-bio-natura.sk\/shop\/wp-json\/wp\/v2\/comments?post=1247"}],"wp:featuredmedia":[{"embeddable":true,"href":"https:\/\/www.eko-bio-natura.sk\/shop\/wp-json\/wp\/v2\/media\/14015"}],"wp:attachment":[{"href":"https:\/\/www.eko-bio-natura.sk\/shop\/wp-json\/wp\/v2\/media?parent=1247"}],"wp:term":[{"taxonomy":"product_brand","embeddable":true,"href":"https:\/\/www.eko-bio-natura.sk\/shop\/wp-json\/wp\/v2\/product_brand?post=1247"},{"taxonomy":"product_cat","embeddable":true,"href":"https:\/\/www.eko-bio-natura.sk\/shop\/wp-json\/wp\/v2\/product_cat?post=1247"},{"taxonomy":"product_tag","embeddable":true,"href":"https:\/\/www.eko-bio-natura.sk\/shop\/wp-json\/wp\/v2\/product_tag?post=1247"}],"curies":[{"name":"wp","href":"https:\/\/api.w.org\/{rel}","templated":true}]}}