{"id":12285,"date":"2025-04-17T14:11:12","date_gmt":"2025-04-17T12:11:12","guid":{"rendered":"https:\/\/www.eko-bio-natura.sk\/shop\/produkt\/wild-and-coco-essential-protein-180-tabletiek\/"},"modified":"2025-04-17T14:11:13","modified_gmt":"2025-04-17T12:11:13","slug":"wild-and-coco-essential-protein-180-tabletiek","status":"publish","type":"product","link":"https:\/\/www.eko-bio-natura.sk\/shop\/produkt\/wild-and-coco-essential-protein-180-tabletiek\/","title":{"rendered":"Wild and Coco Essential Protein 180 tabletiek"},"content":{"rendered":"<h2 class=\"wp-block-heading has-text-align-center\">To najd\u00f4le\u017eitej\u0161ie za 20 sek\u00fand<\/h2><p>Essential Protein umo\u017e\u0148uje vytvori\u0165 a\u017e 7-kr\u00e1t viac bielkov\u00edn ako ich be\u017en\u00e9 zdroje. Prin\u00e1\u0161a nov\u00fd sp\u00f4sob efekt\u00edvneho a inteligentn\u00e9ho doplnenia bielkov\u00edn. U\u013eah\u010duje \u017eivot v\u00e1m, v\u00e1\u0161mu tr\u00e1veniu aj obli\u010dk\u00e1m. Produkt je vhodn\u00fd aj pre veg\u00e1nov.<\/p><h2 class=\"wp-block-heading has-text-align-center\">K\u013e\u00fa\u010dov\u00e9 benefity<\/h2><ul class=\"wp-block-list\"><li>100 % \u010dist\u00e9&nbsp;kry\u0161t\u00e1ly aminokysel\u00edn vo farmaceutickej kvalite<\/li><li>\u013eahko str\u00e1vite\u013en\u00e9, ide\u00e1lne na la\u010dn\u00fd \u017eal\u00fadok<\/li><li>vhodn\u00e9 na preru\u0161ovan\u00fd p\u00f4st na udr\u017eanie svalovej hmoty a doplnenie energie<\/li><li>dop\u013a\u0148a energiu po\u010das di\u00e9ty alebo p\u00f4stu<\/li><\/ul><h2 class=\"wp-block-heading has-text-align-center\">Suplementova\u0165 proteiny efekt\u00edvne?<\/h2><p class=\"has-text-align-center\">\u010cist\u00e9 esenci\u00e1lne aminokyseliny&nbsp;farmaceutickej kvality&nbsp;s 99 % biologickou dostupnos\u0165ou. Benefity s\u00fa jasn\u00e9:<\/p><ul class=\"wp-block-list\"><li>A\u017e 7-kr\u00e1t \u00fa\u010dinnej\u0161ie&nbsp;ako be\u017en\u00fd pr\u00e1\u0161kov\u00fd prote\u00edn<\/li><li>Dosahuj\u00fa r\u00fdchle v\u00fdsledky<\/li><li>Neza\u0165a\u017euj\u00fa tr\u00e1venie a obli\u010dky<\/li><li>Bez pr\u00eddavn\u00fdch l\u00e1tok<\/li><\/ul><p class=\"has-text-align-center\">S Essential Proteinom podpor\u00edte rast a zachovanie svalovej hmoty ove\u013ea lep\u0161ie ako s be\u017en\u00fdmi prote\u00ednov\u00fdmi doplnkami. V\u010faka \u010dist\u00fdm aminokyselin\u00e1m sa&nbsp;vyhnete zbyto\u010dn\u00fdm kal\u00f3ri\u00e1m a za\u0165a\u017eeniu&nbsp;\u017eal\u00fadka \u010di obli\u010diek. Skuto\u010dne v\u00fdhodn\u00e9 rie\u0161enie pre obe strany!<\/p><p class=\"has-text-align-center\">Zatia\u013e \u010do bielkoviny sa musia najprv rozlo\u017ei\u0165 na aminokyseliny, aby ich telo mohlo vyu\u017ei\u0165, kry\u0161talick\u00e9 aminokyseliny z Essential Protein s\u00fa&nbsp;k dispoz\u00edcii okam\u017eite.<\/p><p class=\"tw-text-p-l tw-text-black\">Z osobn\u00fdch sk\u00fasenost\u00ed m\u00f4\u017eem smelo odporu\u010di\u0165 vybran\u00e9 produkty&nbsp;Wild&nbsp;&amp; Coco&nbsp;z \u010ceskej Republiky.&nbsp;Osobne pozn\u00e1m ich v\u00fdvoj\u00e1rov, ktor\u00ed na trh prin\u00e1\u0161aj\u00fa jedny z najkomplexnej\u0161\u00edch symbiot\u00edk. Ich efekt som poc\u00edtil u\u017e za 3 dni u\u017e\u00edvania a plne sp\u013a\u0148aj\u00fa moje&nbsp;3 siln\u00e9 \u0161tandardy:<\/p><ul class=\"wp-block-list\"><li>Inovat\u00edvnos\u0165&nbsp;\u2013 citlivo zvolen\u00e1 zmes probiotick\u00fdch kme\u0148ov, ktor\u00e9 nevytv\u00e1raj\u00fa histam\u00edn a reguluj\u00fa jeho prirodzen\u00fa tvorbu.<\/li><li>Synergia a v\u00fdber funk\u010dn\u00fdch foriem&nbsp;\u2013 komplex a\u017e 28 \u0161pecifick\u00fdch kme\u0148ov bakt\u00e9ri\u00ed spolo\u010dne s prebiotikami pre synergick\u00fd efekt.<\/li><li>D\u00f4vera v p\u00f4vod a v\u00fdrobu&nbsp;\u2013 eliminuj\u00fa chemick\u00e9 spracovanie, s\u00fa 100&nbsp;% bez lepku, mlieka \u010di umel\u00edn a nepou\u017e\u00edvaj\u00fa lacn\u00e9 kapsule, ktor\u00e9 maj\u00fa ne\u017eiad\u00face ved\u013eaj\u0161ie \u00fa\u010dinky na tr\u00e1venie a n\u00e1\u0161 mikrobi\u00f3m.<\/li><\/ul><h2 class=\"wp-block-heading has-text-align-center\">Bez pr\u00eddavn\u00fdch l\u00e1tok a kal\u00f3ri\u00ed navy\u0161e<\/h2><p class=\"has-text-align-center\">Esenci\u00e1lne bielkoviny obsahuj\u00fa len esenci\u00e1lne aminokyseliny, ktor\u00e9 si telo nedok\u00e1\u017ee vytvori\u0165 samo a mus\u00ed ich z\u00edska\u0165 z potravy. V\u010faka konzum\u00e1cii nala\u010dno neza\u0165a\u017euj\u00fa tr\u00e1venie. S\u00fa vhodn\u00e9 pre r\u00f4zne intolerancie a&nbsp;veg\u00e1nov. S\u00fa \u013eahk\u00e9, prenosn\u00e9 a nemusia sa mixova\u0165 do smoothie<\/p><p class=\"has-text-align-center\">Tieto aminokyseliny v esenci\u00e1lnych bielkovin\u00e1ch sa vyr\u00e1baj\u00fa riadenou ferment\u00e1ciou, ktorej princ\u00edp je podobn\u00fd n\u00e1\u0161mu tr\u00e1veniu. Potom sa&nbsp;\u010distia na farmaceutick\u00fa kvalitu,&nbsp;kry\u0161talizuj\u00fa, mie\u0161aj\u00fa v spr\u00e1vnom pomere a lisuj\u00fa do tabliet&nbsp;bez ak\u00fdchko\u013evek \u010fal\u0161\u00edch pr\u00edsad.<\/p><p class=\"has-text-align-center\">\u010cist\u00e9 aminokyseliny m\u00f4\u017ee telo dokonale vyu\u017ei\u0165 ako stavebn\u00e9 kamene. V tomto pr\u00edpade sa neprodukuj\u00fa \u017eiadne kal\u00f3rie! Sna\u017e\u00edte sa schudn\u00fa\u0165 alebo si udr\u017ea\u0165 n\u00edzky podiel telesn\u00e9ho tuku? Tento produkt je stvoren\u00fd pre v\u00e1s.<\/p><h2 class=\"wp-block-heading has-text-align-center\">Jednoduch\u00e9, \u00fa\u010dinn\u00e9, veg\u00e1nske<\/h2><p class=\"has-text-align-center\">Pri v\u00fdrobe Essential Protein vyber\u00e1me len esenci\u00e1lne aminokyseliny v optim\u00e1lnom pomere. Zameriavame sa na&nbsp;maxim\u00e1lnu biologick\u00fa dostupnos\u0165 (99 %)&nbsp;a minim\u00e1lne vylu\u010dovanie metabolick\u00e9ho odpadu (1 %).<\/p><p class=\"has-text-align-center\">Obli\u010dky, pe\u010de\u0148 a tr\u00e1venie nie s\u00fa za\u0165a\u017een\u00e9&nbsp;esenci\u00e1lnymi bielkovinami. Absorpcia prebieha priamo cez sliznice. Navy\u0161e Essential Protein neobsahuje \u017eiadne ar\u00f3my, sladidl\u00e1 ani konzerva\u010dn\u00e9 l\u00e1tky a je vyroben\u00fd bez pou\u017eitia GMO zlo\u017eiek.<\/p><p class=\"has-text-align-center\">Zabezpe\u010dte si pr\u00edsun d\u00f4le\u017eit\u00fdch bielkov\u00edn bez toho, aby ste si zaplnili \u017eal\u00fadok kokteilmi alebo in\u00fdmi n\u00e1hradami jedla. Jednoduch\u00e9 a \u010dist\u00e9 doplnenie bielkov\u00edn.<\/p><h2 class=\"wp-block-heading has-text-align-center\">Optim\u00e1lne u\u017e\u00edvanie<\/h2><p class=\"has-text-align-center\">Odpor\u00fa\u010dan\u00e9 d\u00e1vkovanie:&nbsp;2 \u00d7 4-5 tabliet&nbsp;(r\u00e1no a popoludn\u00ed), zapi\u0165 vodou. Mno\u017estvo aj pravidelnos\u0165 si v\u0161ak m\u00f4\u017eete individu\u00e1lne meni\u0165 pod\u013ea toho, ko\u013eko bielkov\u00edn potrebujete.<\/p><p class=\"has-text-align-center\">Balenie obsahuje 45&nbsp;d\u00e1vok&nbsp;(180 veg\u00e1nskych kaps\u00fal).<\/p>","protected":false},"excerpt":{"rendered":"","protected":false},"featured_media":12286,"comment_status":"open","ping_status":"open","template":"","meta":{"site-sidebar-layout":"default","site-content-layout":"","ast-site-content-layout":"default","site-content-style":"default","site-sidebar-style":"default","ast-global-header-display":"","ast-banner-title-visibility":"","ast-main-header-display":"","ast-hfb-above-header-display":"","ast-hfb-below-header-display":"","ast-hfb-mobile-header-display":"","site-post-title":"","ast-breadcrumbs-content":"","ast-featured-img":"","footer-sml-layout":"","ast-disable-related-posts":"","theme-transparent-header-meta":"","adv-header-id-meta":"","stick-header-meta":"","header-above-stick-meta":"","header-main-stick-meta":"","header-below-stick-meta":"","astra-migrate-meta-layouts":"default","ast-page-background-enabled":"default","ast-page-background-meta":{"desktop":{"background-color":"","background-image":"","background-repeat":"repeat","background-position":"center center","background-size":"auto","background-attachment":"scroll","background-type":"","background-media":"","overlay-type":"","overlay-color":"","overlay-opacity":"","overlay-gradient":""},"tablet":{"background-color":"","background-image":"","background-repeat":"repeat","background-position":"center center","background-size":"auto","background-attachment":"scroll","background-type":"","background-media":"","overlay-type":"","overlay-color":"","overlay-opacity":"","overlay-gradient":""},"mobile":{"background-color":"","background-image":"","background-repeat":"repeat","background-position":"center center","background-size":"auto","background-attachment":"scroll","background-type":"","background-media":"","overlay-type":"","overlay-color":"","overlay-opacity":"","overlay-gradient":""}},"ast-content-background-meta":{"desktop":{"background-color":"var(--ast-global-color-5)","background-image":"","background-repeat":"repeat","background-position":"center center","background-size":"auto","background-attachment":"scroll","background-type":"","background-media":"","overlay-type":"","overlay-color":"","overlay-opacity":"","overlay-gradient":""},"tablet":{"background-color":"var(--ast-global-color-5)","background-image":"","background-repeat":"repeat","background-position":"center center","background-size":"auto","background-attachment":"scroll","background-type":"","background-media":"","overlay-type":"","overlay-color":"","overlay-opacity":"","overlay-gradient":""},"mobile":{"background-color":"var(--ast-global-color-5)","background-image":"","background-repeat":"repeat","background-position":"center center","background-size":"auto","background-attachment":"scroll","background-type":"","background-media":"","overlay-type":"","overlay-color":"","overlay-opacity":"","overlay-gradient":""}}},"product_brand":[],"product_cat":[18,192,193],"product_tag":[364],"class_list":{"0":"post-12285","1":"product","2":"type-product","3":"status-publish","4":"has-post-thumbnail","6":"product_cat-prirodna-lekaren","7":"product_cat-vyzivove-doplnky","8":"product_cat-vyzivove-doplnky-pre-dospelych","9":"product_tag-lokalny-produkt","10":"pa_cena-dopravy-2564","11":"pa_doprava-kurier","12":"pa_typ-partnersky-predaj","13":"pa_znacka-powerlogy","14":"desktop-align-left","15":"tablet-align-left","16":"mobile-align-left","18":"first","19":"instock","20":"product-type-external"},"yoast_head":"<!-- This site is optimized with the Yoast SEO plugin v27.2 - https:\/\/yoast.com\/product\/yoast-seo-wordpress\/ -->\n<title>Wild and Coco Essential Protein 180 tabletiek - EKO-BIO-NATURA BIO OBCHOD<\/title>\n<meta name=\"robots\" content=\"index, follow, max-snippet:-1, max-image-preview:large, max-video-preview:-1\" \/>\n<link rel=\"canonical\" href=\"https:\/\/www.eko-bio-natura.sk\/shop\/produkt\/wild-and-coco-essential-protein-180-tabletiek\/\" \/>\n<meta property=\"og:locale\" content=\"sk_SK\" \/>\n<meta property=\"og:type\" content=\"article\" \/>\n<meta property=\"og:title\" content=\"Wild and Coco Essential Protein 180 tabletiek - EKO-BIO-NATURA BIO OBCHOD\" \/>\n<meta property=\"og:url\" content=\"https:\/\/www.eko-bio-natura.sk\/shop\/produkt\/wild-and-coco-essential-protein-180-tabletiek\/\" \/>\n<meta property=\"og:site_name\" content=\"EKO-BIO-NATURA BIO OBCHOD\" \/>\n<meta property=\"article:modified_time\" content=\"2025-04-17T12:11:13+00:00\" \/>\n<meta property=\"og:image\" content=\"https:\/\/www.eko-bio-natura.sk\/shop\/wp-content\/uploads\/2022\/06\/essential-protein-wildcoco-crop.png\" \/>\n\t<meta property=\"og:image:width\" content=\"2000\" \/>\n\t<meta property=\"og:image:height\" content=\"2000\" \/>\n\t<meta property=\"og:image:type\" content=\"image\/png\" \/>\n<meta name=\"twitter:card\" content=\"summary_large_image\" \/>\n<meta name=\"twitter:label1\" content=\"Predpokladan\u00fd \u010das \u010d\u00edtania\" \/>\n\t<meta name=\"twitter:data1\" content=\"3 min\u00faty\" \/>\n<script type=\"application\/ld+json\" class=\"yoast-schema-graph\">{\"@context\":\"https:\/\/schema.org\",\"@graph\":[{\"@type\":\"WebPage\",\"@id\":\"https:\/\/www.eko-bio-natura.sk\/shop\/produkt\/wild-and-coco-essential-protein-180-tabletiek\/\",\"url\":\"https:\/\/www.eko-bio-natura.sk\/shop\/produkt\/wild-and-coco-essential-protein-180-tabletiek\/\",\"name\":\"Wild and Coco Essential Protein 180 tabletiek - EKO-BIO-NATURA BIO OBCHOD\",\"isPartOf\":{\"@id\":\"https:\/\/www.eko-bio-natura.sk\/shop\/#website\"},\"primaryImageOfPage\":{\"@id\":\"https:\/\/www.eko-bio-natura.sk\/shop\/produkt\/wild-and-coco-essential-protein-180-tabletiek\/#primaryimage\"},\"image\":{\"@id\":\"https:\/\/www.eko-bio-natura.sk\/shop\/produkt\/wild-and-coco-essential-protein-180-tabletiek\/#primaryimage\"},\"thumbnailUrl\":\"https:\/\/www.eko-bio-natura.sk\/shop\/wp-content\/uploads\/2022\/06\/essential-protein-wildcoco-crop.png\",\"datePublished\":\"2025-04-17T12:11:12+00:00\",\"dateModified\":\"2025-04-17T12:11:13+00:00\",\"breadcrumb\":{\"@id\":\"https:\/\/www.eko-bio-natura.sk\/shop\/produkt\/wild-and-coco-essential-protein-180-tabletiek\/#breadcrumb\"},\"inLanguage\":\"sk-SK\",\"potentialAction\":[{\"@type\":\"ReadAction\",\"target\":[\"https:\/\/www.eko-bio-natura.sk\/shop\/produkt\/wild-and-coco-essential-protein-180-tabletiek\/\"]}]},{\"@type\":\"ImageObject\",\"inLanguage\":\"sk-SK\",\"@id\":\"https:\/\/www.eko-bio-natura.sk\/shop\/produkt\/wild-and-coco-essential-protein-180-tabletiek\/#primaryimage\",\"url\":\"https:\/\/www.eko-bio-natura.sk\/shop\/wp-content\/uploads\/2022\/06\/essential-protein-wildcoco-crop.png\",\"contentUrl\":\"https:\/\/www.eko-bio-natura.sk\/shop\/wp-content\/uploads\/2022\/06\/essential-protein-wildcoco-crop.png\",\"width\":2000,\"height\":2000},{\"@type\":\"BreadcrumbList\",\"@id\":\"https:\/\/www.eko-bio-natura.sk\/shop\/produkt\/wild-and-coco-essential-protein-180-tabletiek\/#breadcrumb\",\"itemListElement\":[{\"@type\":\"ListItem\",\"position\":1,\"name\":\"Domovsk\u00e1 str\u00e1nka\",\"item\":\"https:\/\/www.eko-bio-natura.sk\/shop\/\"},{\"@type\":\"ListItem\",\"position\":2,\"name\":\"Obchod\",\"item\":\"https:\/\/www.eko-bio-natura.sk\/shop\/?page_id=6\"},{\"@type\":\"ListItem\",\"position\":3,\"name\":\"Wild and Coco Essential Protein 180 tabletiek\"}]},{\"@type\":\"WebSite\",\"@id\":\"https:\/\/www.eko-bio-natura.sk\/shop\/#website\",\"url\":\"https:\/\/www.eko-bio-natura.sk\/shop\/\",\"name\":\"EKO-BIO-NATURA BIO OBCHOD\",\"description\":\"\",\"publisher\":{\"@id\":\"https:\/\/www.eko-bio-natura.sk\/shop\/#organization\"},\"potentialAction\":[{\"@type\":\"SearchAction\",\"target\":{\"@type\":\"EntryPoint\",\"urlTemplate\":\"https:\/\/www.eko-bio-natura.sk\/shop\/?s={search_term_string}\"},\"query-input\":{\"@type\":\"PropertyValueSpecification\",\"valueRequired\":true,\"valueName\":\"search_term_string\"}}],\"inLanguage\":\"sk-SK\"},{\"@type\":\"Organization\",\"@id\":\"https:\/\/www.eko-bio-natura.sk\/shop\/#organization\",\"name\":\"EKO-BIO-NATURA BIO OBCHOD\",\"url\":\"https:\/\/www.eko-bio-natura.sk\/shop\/\",\"logo\":{\"@type\":\"ImageObject\",\"inLanguage\":\"sk-SK\",\"@id\":\"https:\/\/www.eko-bio-natura.sk\/shop\/#\/schema\/logo\/image\/\",\"url\":\"https:\/\/www.eko-bio-natura.sk\/shop\/wp-content\/uploads\/2021\/04\/eko-bio-natura_logo.png\",\"contentUrl\":\"https:\/\/www.eko-bio-natura.sk\/shop\/wp-content\/uploads\/2021\/04\/eko-bio-natura_logo.png\",\"width\":552,\"height\":194,\"caption\":\"EKO-BIO-NATURA BIO OBCHOD\"},\"image\":{\"@id\":\"https:\/\/www.eko-bio-natura.sk\/shop\/#\/schema\/logo\/image\/\"}}]}<\/script>\n<!-- \/ Yoast SEO plugin. -->","yoast_head_json":{"title":"Wild and Coco Essential Protein 180 tabletiek - EKO-BIO-NATURA BIO OBCHOD","robots":{"index":"index","follow":"follow","max-snippet":"max-snippet:-1","max-image-preview":"max-image-preview:large","max-video-preview":"max-video-preview:-1"},"canonical":"https:\/\/www.eko-bio-natura.sk\/shop\/produkt\/wild-and-coco-essential-protein-180-tabletiek\/","og_locale":"sk_SK","og_type":"article","og_title":"Wild and Coco Essential Protein 180 tabletiek - EKO-BIO-NATURA BIO OBCHOD","og_url":"https:\/\/www.eko-bio-natura.sk\/shop\/produkt\/wild-and-coco-essential-protein-180-tabletiek\/","og_site_name":"EKO-BIO-NATURA BIO OBCHOD","article_modified_time":"2025-04-17T12:11:13+00:00","og_image":[{"width":2000,"height":2000,"url":"https:\/\/www.eko-bio-natura.sk\/shop\/wp-content\/uploads\/2022\/06\/essential-protein-wildcoco-crop.png","type":"image\/png"}],"twitter_card":"summary_large_image","twitter_misc":{"Predpokladan\u00fd \u010das \u010d\u00edtania":"3 min\u00faty"},"schema":{"@context":"https:\/\/schema.org","@graph":[{"@type":"WebPage","@id":"https:\/\/www.eko-bio-natura.sk\/shop\/produkt\/wild-and-coco-essential-protein-180-tabletiek\/","url":"https:\/\/www.eko-bio-natura.sk\/shop\/produkt\/wild-and-coco-essential-protein-180-tabletiek\/","name":"Wild and Coco Essential Protein 180 tabletiek - EKO-BIO-NATURA BIO OBCHOD","isPartOf":{"@id":"https:\/\/www.eko-bio-natura.sk\/shop\/#website"},"primaryImageOfPage":{"@id":"https:\/\/www.eko-bio-natura.sk\/shop\/produkt\/wild-and-coco-essential-protein-180-tabletiek\/#primaryimage"},"image":{"@id":"https:\/\/www.eko-bio-natura.sk\/shop\/produkt\/wild-and-coco-essential-protein-180-tabletiek\/#primaryimage"},"thumbnailUrl":"https:\/\/www.eko-bio-natura.sk\/shop\/wp-content\/uploads\/2022\/06\/essential-protein-wildcoco-crop.png","datePublished":"2025-04-17T12:11:12+00:00","dateModified":"2025-04-17T12:11:13+00:00","breadcrumb":{"@id":"https:\/\/www.eko-bio-natura.sk\/shop\/produkt\/wild-and-coco-essential-protein-180-tabletiek\/#breadcrumb"},"inLanguage":"sk-SK","potentialAction":[{"@type":"ReadAction","target":["https:\/\/www.eko-bio-natura.sk\/shop\/produkt\/wild-and-coco-essential-protein-180-tabletiek\/"]}]},{"@type":"ImageObject","inLanguage":"sk-SK","@id":"https:\/\/www.eko-bio-natura.sk\/shop\/produkt\/wild-and-coco-essential-protein-180-tabletiek\/#primaryimage","url":"https:\/\/www.eko-bio-natura.sk\/shop\/wp-content\/uploads\/2022\/06\/essential-protein-wildcoco-crop.png","contentUrl":"https:\/\/www.eko-bio-natura.sk\/shop\/wp-content\/uploads\/2022\/06\/essential-protein-wildcoco-crop.png","width":2000,"height":2000},{"@type":"BreadcrumbList","@id":"https:\/\/www.eko-bio-natura.sk\/shop\/produkt\/wild-and-coco-essential-protein-180-tabletiek\/#breadcrumb","itemListElement":[{"@type":"ListItem","position":1,"name":"Domovsk\u00e1 str\u00e1nka","item":"https:\/\/www.eko-bio-natura.sk\/shop\/"},{"@type":"ListItem","position":2,"name":"Obchod","item":"https:\/\/www.eko-bio-natura.sk\/shop\/?page_id=6"},{"@type":"ListItem","position":3,"name":"Wild and Coco Essential Protein 180 tabletiek"}]},{"@type":"WebSite","@id":"https:\/\/www.eko-bio-natura.sk\/shop\/#website","url":"https:\/\/www.eko-bio-natura.sk\/shop\/","name":"EKO-BIO-NATURA BIO OBCHOD","description":"","publisher":{"@id":"https:\/\/www.eko-bio-natura.sk\/shop\/#organization"},"potentialAction":[{"@type":"SearchAction","target":{"@type":"EntryPoint","urlTemplate":"https:\/\/www.eko-bio-natura.sk\/shop\/?s={search_term_string}"},"query-input":{"@type":"PropertyValueSpecification","valueRequired":true,"valueName":"search_term_string"}}],"inLanguage":"sk-SK"},{"@type":"Organization","@id":"https:\/\/www.eko-bio-natura.sk\/shop\/#organization","name":"EKO-BIO-NATURA BIO OBCHOD","url":"https:\/\/www.eko-bio-natura.sk\/shop\/","logo":{"@type":"ImageObject","inLanguage":"sk-SK","@id":"https:\/\/www.eko-bio-natura.sk\/shop\/#\/schema\/logo\/image\/","url":"https:\/\/www.eko-bio-natura.sk\/shop\/wp-content\/uploads\/2021\/04\/eko-bio-natura_logo.png","contentUrl":"https:\/\/www.eko-bio-natura.sk\/shop\/wp-content\/uploads\/2021\/04\/eko-bio-natura_logo.png","width":552,"height":194,"caption":"EKO-BIO-NATURA BIO OBCHOD"},"image":{"@id":"https:\/\/www.eko-bio-natura.sk\/shop\/#\/schema\/logo\/image\/"}}]}},"_links":{"self":[{"href":"https:\/\/www.eko-bio-natura.sk\/shop\/wp-json\/wp\/v2\/product\/12285","targetHints":{"allow":["GET"]}}],"collection":[{"href":"https:\/\/www.eko-bio-natura.sk\/shop\/wp-json\/wp\/v2\/product"}],"about":[{"href":"https:\/\/www.eko-bio-natura.sk\/shop\/wp-json\/wp\/v2\/types\/product"}],"replies":[{"embeddable":true,"href":"https:\/\/www.eko-bio-natura.sk\/shop\/wp-json\/wp\/v2\/comments?post=12285"}],"wp:featuredmedia":[{"embeddable":true,"href":"https:\/\/www.eko-bio-natura.sk\/shop\/wp-json\/wp\/v2\/media\/12286"}],"wp:attachment":[{"href":"https:\/\/www.eko-bio-natura.sk\/shop\/wp-json\/wp\/v2\/media?parent=12285"}],"wp:term":[{"taxonomy":"product_brand","embeddable":true,"href":"https:\/\/www.eko-bio-natura.sk\/shop\/wp-json\/wp\/v2\/product_brand?post=12285"},{"taxonomy":"product_cat","embeddable":true,"href":"https:\/\/www.eko-bio-natura.sk\/shop\/wp-json\/wp\/v2\/product_cat?post=12285"},{"taxonomy":"product_tag","embeddable":true,"href":"https:\/\/www.eko-bio-natura.sk\/shop\/wp-json\/wp\/v2\/product_tag?post=12285"}],"curies":[{"name":"wp","href":"https:\/\/api.w.org\/{rel}","templated":true}]}}