{"id":12283,"date":"2025-04-17T14:11:12","date_gmt":"2025-04-17T12:11:12","guid":{"rendered":"https:\/\/www.eko-bio-natura.sk\/shop\/produkt\/wild-and-coco-histabiotics-30-kapsul\/"},"modified":"2025-04-17T14:11:13","modified_gmt":"2025-04-17T12:11:13","slug":"wild-and-coco-histabiotics-30-kapsul","status":"publish","type":"product","link":"https:\/\/www.eko-bio-natura.sk\/shop\/produkt\/wild-and-coco-histabiotics-30-kapsul\/","title":{"rendered":"Wild and Coco Histabiotics 30 kaps\u00fal"},"content":{"rendered":"<h2 class=\"wp-block-heading has-text-align-center\">To najd\u00f4le\u017eitej\u0161ie za 20 sek\u00fand<\/h2><p>Probiotik\u00e1 Histabiotics reguluj\u00fa prirodzen\u00fa tvorbu histam\u00ednu a s\u00fa vhodn\u00e9 pre zn\u00ed\u017eenie vplyvu potravinov\u00fdch intoleranci\u00ed \u2013 aj histam\u00ednovej intolerancie. Jedna kapsula obsahuje 10 mili\u00e1rd probiotick\u00fdch bakt\u00e9ri\u00ed. Produkt je vhodn\u00fd aj pre veg\u00e1nov.<\/p><h2 class=\"wp-block-heading has-text-align-center\">K\u013e\u00fa\u010dov\u00e9 benefity<\/h2><ul class=\"wp-block-list\"><li>1. Zmier\u0148uj\u00fa existuj\u00facu potravinov\u00fa citlivos\u0165 alebo histam\u00ednov\u00fa intoleranciu.&nbsp;Histabiotik\u00e1 pom\u00e1haj\u00fa dlhodobo regulova\u0165 histam\u00edn pri u\u017e existuj\u00facej potravinovej citlivosti alebo histam\u00ednovej intolerancii.<\/li><li>2. Podporuj\u00fa zdravie \u010driev a zn\u00ed\u017ei\u0165 priepustnos\u0165 \u010drevnej steny.&nbsp;Histabiotik\u00e1 podporuj\u00fa obnovu \u010drevnej steny a udr\u017eiavanie jej optim\u00e1lneho stavu. To je ve\u013emi u\u017eito\u010dn\u00e9 pri rie\u0161en\u00ed probl\u00e9mov s nepriepustn\u00fdmi \u010drevami (tzv. \u201eleaky gut\u201c), ktor\u00e9 m\u00f4\u017eu vies\u0165 k novej citlivosti na potraviny.<\/li><\/ul><h2 class=\"wp-block-heading has-text-align-center\">Zlep\u0161enie mikrobi\u00f3mu<\/h2><p class=\"has-text-align-center\">V holistickom pr\u00edstupe funk\u010dnej medic\u00edny k n\u00e1\u0161mu tr\u00e1veniu, imunite a celkov\u00e9mu ment\u00e1lnemu aj fyzick\u00e9mu zdraviu hr\u00e1 \u013eudsk\u00fd&nbsp;mikrobi\u00f3m k\u013e\u00fa\u010dov\u00fa \u00falohu.&nbsp;Nie nadarmo sa v \u010d\u00ednskej medic\u00edne po tis\u00edcro\u010dia ozna\u010doval ako druh\u00fd mozog.<\/p><p class=\"has-text-align-center\">Vybra\u0165 v\u0161ak naozaj \u017eiv\u00e9 a funk\u010dn\u00e9 probiotik\u00e1 s prebiotikami, ktor\u00e9 prispej\u00fa k v\u00fdznamnej podpore&nbsp;\u010drevnej mikrofl\u00f3ry&nbsp;nie je \u013eahk\u00e9. Na trhu n\u00e1jdete ve\u013ea rie\u0161en\u00ed, ktor\u00e9 m\u00f4\u017eu kr\u00e1tkodobo pom\u00f4c\u0165, ale ich sila nie je dosta\u010duj\u00faca na trvalej\u0161ie premodelovanie \u010drevnej fl\u00f3ry.<\/p><h2 class=\"wp-block-heading has-text-align-center\">Zdrav\u00fd mikrobi\u00f3m zabezpe\u010duje<\/h2><ul class=\"wp-block-list\"><li>Zn\u00ed\u017eenie stresu<\/li><li>Vstreb\u00e1vanie \u017eiv\u00edn z potravy<\/li><li>Odolnos\u0165 vo\u010di infekcii<\/li><li>Emocion\u00e1lnu stabilitu a rados\u0165<\/li><li>V\u00fdrobu tepla<\/li><\/ul><p class=\"tw-text-p-l tw-text-black\">Z osobn\u00fdch sk\u00fasenost\u00ed m\u00f4\u017eem smelo odporu\u010di\u0165 vybran\u00e9 produkty&nbsp;Wild&nbsp;&amp; Coco&nbsp;z \u010ceskej Republiky.&nbsp;Osobne pozn\u00e1m ich v\u00fdvoj\u00e1rov, ktor\u00ed na trh prin\u00e1\u0161aj\u00fa jedny z najkomplexnej\u0161\u00edch symbiot\u00edk. Ich efekt som poc\u00edtil u\u017e za 3 dni u\u017e\u00edvania a plne sp\u013a\u0148aj\u00fa moje&nbsp;3 siln\u00e9 \u0161tandardy:<\/p><ul class=\"wp-block-list\"><li>Inovat\u00edvnos\u0165&nbsp;\u2013 citlivo zvolen\u00e1 zmes probiotick\u00fdch kme\u0148ov, ktor\u00e9 nevytv\u00e1raj\u00fa histam\u00edn a reguluj\u00fa jeho prirodzen\u00fa tvorbu.<\/li><li>Synergia a v\u00fdber funk\u010dn\u00fdch foriem&nbsp;\u2013 komplex a\u017e 28 \u0161pecifick\u00fdch kme\u0148ov bakt\u00e9ri\u00ed spolo\u010dne s prebiotikami pre synergick\u00fd efekt.<\/li><li>D\u00f4vera v p\u00f4vod a v\u00fdrobu&nbsp;\u2013 eliminuj\u00fa chemick\u00e9 spracovanie, s\u00fa 100&nbsp;% bez lepku, mlieka \u010di umel\u00edn a nepou\u017e\u00edvaj\u00fa lacn\u00e9 kapsule, ktor\u00e9 maj\u00fa ne\u017eiad\u00face ved\u013eaj\u0161ie \u00fa\u010dinky na tr\u00e1venie a n\u00e1\u0161 mikrobi\u00f3m.<\/li><\/ul><h2 class=\"wp-block-heading has-text-align-center\">\u010co je histam\u00edn?<\/h2><p class=\"has-text-align-center\">Histam\u00edn je horm\u00f3n, ktor\u00e9ho m\u00e1 mnoho z n\u00e1s v tele viac, ako potrebuje. Zv\u00fd\u0161en\u00e9 hladiny sa zvy\u010dajne sp\u00e1jaj\u00fa s r\u00f4znymi&nbsp;alergiami, potravinovou citlivos\u0165ou, histam\u00ednovou intoleranciou&nbsp;a in\u00fdmi odch\u00fdlkami od norm\u00e1lneho zdrav\u00e9ho stavu. Nadmerne vysok\u00e9 hladiny histam\u00ednu m\u00f4\u017eu n\u00e1sledne sp\u00f4sobi\u0165 tr\u00e1viace \u0165a\u017ekosti, vyr\u00e1\u017eky, opuchy, ka\u0161e\u013e, k\u00fdchanie, poruchy sp\u00e1nku a \u010fal\u0161ie probl\u00e9my.<\/p><h2 class=\"wp-block-heading has-text-align-center\">Ako zist\u00edm, \u010di m\u00e1m zv\u00fd\u0161en\u00fa hladinu histam\u00ednu?<\/h2><p class=\"has-text-align-center\">M\u00f4\u017ee sa mera\u0165 testom u lek\u00e1ra alebo samovy\u0161etren\u00edm z krvi alebo stolice. Z\u00e1rove\u0148 si m\u00f4\u017eeme da\u0165 z\u00e1le\u017ea\u0165 na pocitoch. V pr\u00edpade zv\u00fd\u0161enej hladiny histam\u00ednu sme pre\u0165a\u017een\u00ed, chce sa n\u00e1m k\u00fdcha\u0165, zle sp\u00edme, sme nepokojn\u00ed.<\/p><h2 class=\"wp-block-heading has-text-align-center\">\u010co presne sa deje v \u010drev\u00e1ch po u\u017e\u00edvan\u00ed Histabiotics?<\/h2><p class=\"has-text-align-center\">Tieto vybran\u00e9 probiotick\u00e9 bakt\u00e9rie reguluj\u00fa aktivitu \u017e\u00edrnych buniek (zodpovedn\u00fdch za produkciu histam\u00ednu) a&nbsp;posil\u0148uj\u00fa zdravie \u010drevnej steny&nbsp;(r\u00f4znymi mechanizmami \u2013 v\u00e4\u010d\u0161ina kme\u0148ov pom\u00e1ha odb\u00farava\u0165 nadbyto\u010dn\u00fd histam\u00edn zn\u00ed\u017een\u00edm regul\u00e1cie IgE a histam\u00ednov\u00fdch receptorov a zv\u00fd\u0161en\u00edm regul\u00e1cie protiz\u00e1palov\u00fdch l\u00e1tok). V\u0161etky tieto mechanizmy ved\u00fa k&nbsp;zn\u00ed\u017eeniu nadbyto\u010dn\u00e9ho histam\u00ednu,&nbsp;ktor\u00fd sa produkuje pr\u00e1ve v nefunk\u010dnej \u010drevnej stene a \u010dinnos\u0165ou \u017e\u00edrnych buniek.<\/p><h2 class=\"wp-block-heading has-text-align-center\">Optim\u00e1lne u\u017e\u00edvanie<\/h2><p class=\"has-text-align-center\">Odpor\u00fa\u010dan\u00e9 d\u00e1vkovanie: 1-3 kapsuly r\u00e1no na la\u010dn\u00fd \u017eal\u00fadok.&nbsp;Ak za\u010d\u00ednate, zvy\u0161ujte po\u010det kaps\u00fal ka\u017ed\u00fd t\u00fd\u017ede\u0148 o 1 denne.<\/p><p class=\"has-text-align-center\">Balenie obsahuje 15&nbsp;d\u00e1vok&nbsp;(30 veg\u00e1nskych kaps\u00fal).<\/p>","protected":false},"excerpt":{"rendered":"","protected":false},"featured_media":12284,"comment_status":"open","ping_status":"open","template":"","meta":{"site-sidebar-layout":"default","site-content-layout":"","ast-site-content-layout":"default","site-content-style":"default","site-sidebar-style":"default","ast-global-header-display":"","ast-banner-title-visibility":"","ast-main-header-display":"","ast-hfb-above-header-display":"","ast-hfb-below-header-display":"","ast-hfb-mobile-header-display":"","site-post-title":"","ast-breadcrumbs-content":"","ast-featured-img":"","footer-sml-layout":"","ast-disable-related-posts":"","theme-transparent-header-meta":"","adv-header-id-meta":"","stick-header-meta":"","header-above-stick-meta":"","header-main-stick-meta":"","header-below-stick-meta":"","astra-migrate-meta-layouts":"default","ast-page-background-enabled":"default","ast-page-background-meta":{"desktop":{"background-color":"","background-image":"","background-repeat":"repeat","background-position":"center center","background-size":"auto","background-attachment":"scroll","background-type":"","background-media":"","overlay-type":"","overlay-color":"","overlay-opacity":"","overlay-gradient":""},"tablet":{"background-color":"","background-image":"","background-repeat":"repeat","background-position":"center center","background-size":"auto","background-attachment":"scroll","background-type":"","background-media":"","overlay-type":"","overlay-color":"","overlay-opacity":"","overlay-gradient":""},"mobile":{"background-color":"","background-image":"","background-repeat":"repeat","background-position":"center center","background-size":"auto","background-attachment":"scroll","background-type":"","background-media":"","overlay-type":"","overlay-color":"","overlay-opacity":"","overlay-gradient":""}},"ast-content-background-meta":{"desktop":{"background-color":"var(--ast-global-color-5)","background-image":"","background-repeat":"repeat","background-position":"center center","background-size":"auto","background-attachment":"scroll","background-type":"","background-media":"","overlay-type":"","overlay-color":"","overlay-opacity":"","overlay-gradient":""},"tablet":{"background-color":"var(--ast-global-color-5)","background-image":"","background-repeat":"repeat","background-position":"center center","background-size":"auto","background-attachment":"scroll","background-type":"","background-media":"","overlay-type":"","overlay-color":"","overlay-opacity":"","overlay-gradient":""},"mobile":{"background-color":"var(--ast-global-color-5)","background-image":"","background-repeat":"repeat","background-position":"center center","background-size":"auto","background-attachment":"scroll","background-type":"","background-media":"","overlay-type":"","overlay-color":"","overlay-opacity":"","overlay-gradient":""}}},"product_brand":[],"product_cat":[2740,18,192,193],"product_tag":[2551,364],"class_list":{"0":"post-12283","1":"product","2":"type-product","3":"status-publish","4":"has-post-thumbnail","6":"product_cat-bio","7":"product_cat-prirodna-lekaren","8":"product_cat-vyzivove-doplnky","9":"product_cat-vyzivove-doplnky-pre-dospelych","10":"product_tag-bio","11":"product_tag-lokalny-produkt","12":"pa_cena-dopravy-2564","13":"pa_doprava-kurier","14":"pa_typ-partnersky-predaj","15":"pa_znacka-powerlogy","16":"desktop-align-left","17":"tablet-align-left","18":"mobile-align-left","20":"first","21":"instock","22":"product-type-external"},"yoast_head":"<!-- This site is optimized with the Yoast SEO plugin v27.2 - https:\/\/yoast.com\/product\/yoast-seo-wordpress\/ -->\n<title>Wild and Coco Histabiotics 30 kaps\u00fal - EKO-BIO-NATURA BIO OBCHOD<\/title>\n<meta name=\"robots\" content=\"index, follow, max-snippet:-1, max-image-preview:large, max-video-preview:-1\" \/>\n<link rel=\"canonical\" href=\"https:\/\/www.eko-bio-natura.sk\/shop\/produkt\/wild-and-coco-histabiotics-30-kapsul\/\" \/>\n<meta property=\"og:locale\" content=\"sk_SK\" \/>\n<meta property=\"og:type\" content=\"article\" \/>\n<meta property=\"og:title\" content=\"Wild and Coco Histabiotics 30 kaps\u00fal - EKO-BIO-NATURA BIO OBCHOD\" \/>\n<meta property=\"og:url\" content=\"https:\/\/www.eko-bio-natura.sk\/shop\/produkt\/wild-and-coco-histabiotics-30-kapsul\/\" \/>\n<meta property=\"og:site_name\" content=\"EKO-BIO-NATURA BIO OBCHOD\" \/>\n<meta property=\"article:modified_time\" content=\"2025-04-17T12:11:13+00:00\" \/>\n<meta property=\"og:image\" content=\"https:\/\/www.eko-bio-natura.sk\/shop\/wp-content\/uploads\/2022\/06\/histabiotics-wildcoco-crop.png\" \/>\n\t<meta property=\"og:image:width\" content=\"2000\" \/>\n\t<meta property=\"og:image:height\" content=\"2000\" \/>\n\t<meta property=\"og:image:type\" content=\"image\/png\" \/>\n<meta name=\"twitter:card\" content=\"summary_large_image\" \/>\n<meta name=\"twitter:label1\" content=\"Predpokladan\u00fd \u010das \u010d\u00edtania\" \/>\n\t<meta name=\"twitter:data1\" content=\"3 min\u00faty\" \/>\n<script type=\"application\/ld+json\" class=\"yoast-schema-graph\">{\"@context\":\"https:\/\/schema.org\",\"@graph\":[{\"@type\":\"WebPage\",\"@id\":\"https:\/\/www.eko-bio-natura.sk\/shop\/produkt\/wild-and-coco-histabiotics-30-kapsul\/\",\"url\":\"https:\/\/www.eko-bio-natura.sk\/shop\/produkt\/wild-and-coco-histabiotics-30-kapsul\/\",\"name\":\"Wild and Coco Histabiotics 30 kaps\u00fal - EKO-BIO-NATURA BIO OBCHOD\",\"isPartOf\":{\"@id\":\"https:\/\/www.eko-bio-natura.sk\/shop\/#website\"},\"primaryImageOfPage\":{\"@id\":\"https:\/\/www.eko-bio-natura.sk\/shop\/produkt\/wild-and-coco-histabiotics-30-kapsul\/#primaryimage\"},\"image\":{\"@id\":\"https:\/\/www.eko-bio-natura.sk\/shop\/produkt\/wild-and-coco-histabiotics-30-kapsul\/#primaryimage\"},\"thumbnailUrl\":\"https:\/\/www.eko-bio-natura.sk\/shop\/wp-content\/uploads\/2022\/06\/histabiotics-wildcoco-crop.png\",\"datePublished\":\"2025-04-17T12:11:12+00:00\",\"dateModified\":\"2025-04-17T12:11:13+00:00\",\"breadcrumb\":{\"@id\":\"https:\/\/www.eko-bio-natura.sk\/shop\/produkt\/wild-and-coco-histabiotics-30-kapsul\/#breadcrumb\"},\"inLanguage\":\"sk-SK\",\"potentialAction\":[{\"@type\":\"ReadAction\",\"target\":[\"https:\/\/www.eko-bio-natura.sk\/shop\/produkt\/wild-and-coco-histabiotics-30-kapsul\/\"]}]},{\"@type\":\"ImageObject\",\"inLanguage\":\"sk-SK\",\"@id\":\"https:\/\/www.eko-bio-natura.sk\/shop\/produkt\/wild-and-coco-histabiotics-30-kapsul\/#primaryimage\",\"url\":\"https:\/\/www.eko-bio-natura.sk\/shop\/wp-content\/uploads\/2022\/06\/histabiotics-wildcoco-crop.png\",\"contentUrl\":\"https:\/\/www.eko-bio-natura.sk\/shop\/wp-content\/uploads\/2022\/06\/histabiotics-wildcoco-crop.png\",\"width\":2000,\"height\":2000},{\"@type\":\"BreadcrumbList\",\"@id\":\"https:\/\/www.eko-bio-natura.sk\/shop\/produkt\/wild-and-coco-histabiotics-30-kapsul\/#breadcrumb\",\"itemListElement\":[{\"@type\":\"ListItem\",\"position\":1,\"name\":\"Domovsk\u00e1 str\u00e1nka\",\"item\":\"https:\/\/www.eko-bio-natura.sk\/shop\/\"},{\"@type\":\"ListItem\",\"position\":2,\"name\":\"Obchod\",\"item\":\"https:\/\/www.eko-bio-natura.sk\/shop\/?page_id=6\"},{\"@type\":\"ListItem\",\"position\":3,\"name\":\"Wild and Coco Histabiotics 30 kaps\u00fal\"}]},{\"@type\":\"WebSite\",\"@id\":\"https:\/\/www.eko-bio-natura.sk\/shop\/#website\",\"url\":\"https:\/\/www.eko-bio-natura.sk\/shop\/\",\"name\":\"EKO-BIO-NATURA BIO OBCHOD\",\"description\":\"\",\"publisher\":{\"@id\":\"https:\/\/www.eko-bio-natura.sk\/shop\/#organization\"},\"potentialAction\":[{\"@type\":\"SearchAction\",\"target\":{\"@type\":\"EntryPoint\",\"urlTemplate\":\"https:\/\/www.eko-bio-natura.sk\/shop\/?s={search_term_string}\"},\"query-input\":{\"@type\":\"PropertyValueSpecification\",\"valueRequired\":true,\"valueName\":\"search_term_string\"}}],\"inLanguage\":\"sk-SK\"},{\"@type\":\"Organization\",\"@id\":\"https:\/\/www.eko-bio-natura.sk\/shop\/#organization\",\"name\":\"EKO-BIO-NATURA BIO OBCHOD\",\"url\":\"https:\/\/www.eko-bio-natura.sk\/shop\/\",\"logo\":{\"@type\":\"ImageObject\",\"inLanguage\":\"sk-SK\",\"@id\":\"https:\/\/www.eko-bio-natura.sk\/shop\/#\/schema\/logo\/image\/\",\"url\":\"https:\/\/www.eko-bio-natura.sk\/shop\/wp-content\/uploads\/2021\/04\/eko-bio-natura_logo.png\",\"contentUrl\":\"https:\/\/www.eko-bio-natura.sk\/shop\/wp-content\/uploads\/2021\/04\/eko-bio-natura_logo.png\",\"width\":552,\"height\":194,\"caption\":\"EKO-BIO-NATURA BIO OBCHOD\"},\"image\":{\"@id\":\"https:\/\/www.eko-bio-natura.sk\/shop\/#\/schema\/logo\/image\/\"}}]}<\/script>\n<!-- \/ Yoast SEO plugin. -->","yoast_head_json":{"title":"Wild and Coco Histabiotics 30 kaps\u00fal - EKO-BIO-NATURA BIO OBCHOD","robots":{"index":"index","follow":"follow","max-snippet":"max-snippet:-1","max-image-preview":"max-image-preview:large","max-video-preview":"max-video-preview:-1"},"canonical":"https:\/\/www.eko-bio-natura.sk\/shop\/produkt\/wild-and-coco-histabiotics-30-kapsul\/","og_locale":"sk_SK","og_type":"article","og_title":"Wild and Coco Histabiotics 30 kaps\u00fal - EKO-BIO-NATURA BIO OBCHOD","og_url":"https:\/\/www.eko-bio-natura.sk\/shop\/produkt\/wild-and-coco-histabiotics-30-kapsul\/","og_site_name":"EKO-BIO-NATURA BIO OBCHOD","article_modified_time":"2025-04-17T12:11:13+00:00","og_image":[{"width":2000,"height":2000,"url":"https:\/\/www.eko-bio-natura.sk\/shop\/wp-content\/uploads\/2022\/06\/histabiotics-wildcoco-crop.png","type":"image\/png"}],"twitter_card":"summary_large_image","twitter_misc":{"Predpokladan\u00fd \u010das \u010d\u00edtania":"3 min\u00faty"},"schema":{"@context":"https:\/\/schema.org","@graph":[{"@type":"WebPage","@id":"https:\/\/www.eko-bio-natura.sk\/shop\/produkt\/wild-and-coco-histabiotics-30-kapsul\/","url":"https:\/\/www.eko-bio-natura.sk\/shop\/produkt\/wild-and-coco-histabiotics-30-kapsul\/","name":"Wild and Coco Histabiotics 30 kaps\u00fal - EKO-BIO-NATURA BIO OBCHOD","isPartOf":{"@id":"https:\/\/www.eko-bio-natura.sk\/shop\/#website"},"primaryImageOfPage":{"@id":"https:\/\/www.eko-bio-natura.sk\/shop\/produkt\/wild-and-coco-histabiotics-30-kapsul\/#primaryimage"},"image":{"@id":"https:\/\/www.eko-bio-natura.sk\/shop\/produkt\/wild-and-coco-histabiotics-30-kapsul\/#primaryimage"},"thumbnailUrl":"https:\/\/www.eko-bio-natura.sk\/shop\/wp-content\/uploads\/2022\/06\/histabiotics-wildcoco-crop.png","datePublished":"2025-04-17T12:11:12+00:00","dateModified":"2025-04-17T12:11:13+00:00","breadcrumb":{"@id":"https:\/\/www.eko-bio-natura.sk\/shop\/produkt\/wild-and-coco-histabiotics-30-kapsul\/#breadcrumb"},"inLanguage":"sk-SK","potentialAction":[{"@type":"ReadAction","target":["https:\/\/www.eko-bio-natura.sk\/shop\/produkt\/wild-and-coco-histabiotics-30-kapsul\/"]}]},{"@type":"ImageObject","inLanguage":"sk-SK","@id":"https:\/\/www.eko-bio-natura.sk\/shop\/produkt\/wild-and-coco-histabiotics-30-kapsul\/#primaryimage","url":"https:\/\/www.eko-bio-natura.sk\/shop\/wp-content\/uploads\/2022\/06\/histabiotics-wildcoco-crop.png","contentUrl":"https:\/\/www.eko-bio-natura.sk\/shop\/wp-content\/uploads\/2022\/06\/histabiotics-wildcoco-crop.png","width":2000,"height":2000},{"@type":"BreadcrumbList","@id":"https:\/\/www.eko-bio-natura.sk\/shop\/produkt\/wild-and-coco-histabiotics-30-kapsul\/#breadcrumb","itemListElement":[{"@type":"ListItem","position":1,"name":"Domovsk\u00e1 str\u00e1nka","item":"https:\/\/www.eko-bio-natura.sk\/shop\/"},{"@type":"ListItem","position":2,"name":"Obchod","item":"https:\/\/www.eko-bio-natura.sk\/shop\/?page_id=6"},{"@type":"ListItem","position":3,"name":"Wild and Coco Histabiotics 30 kaps\u00fal"}]},{"@type":"WebSite","@id":"https:\/\/www.eko-bio-natura.sk\/shop\/#website","url":"https:\/\/www.eko-bio-natura.sk\/shop\/","name":"EKO-BIO-NATURA BIO OBCHOD","description":"","publisher":{"@id":"https:\/\/www.eko-bio-natura.sk\/shop\/#organization"},"potentialAction":[{"@type":"SearchAction","target":{"@type":"EntryPoint","urlTemplate":"https:\/\/www.eko-bio-natura.sk\/shop\/?s={search_term_string}"},"query-input":{"@type":"PropertyValueSpecification","valueRequired":true,"valueName":"search_term_string"}}],"inLanguage":"sk-SK"},{"@type":"Organization","@id":"https:\/\/www.eko-bio-natura.sk\/shop\/#organization","name":"EKO-BIO-NATURA BIO OBCHOD","url":"https:\/\/www.eko-bio-natura.sk\/shop\/","logo":{"@type":"ImageObject","inLanguage":"sk-SK","@id":"https:\/\/www.eko-bio-natura.sk\/shop\/#\/schema\/logo\/image\/","url":"https:\/\/www.eko-bio-natura.sk\/shop\/wp-content\/uploads\/2021\/04\/eko-bio-natura_logo.png","contentUrl":"https:\/\/www.eko-bio-natura.sk\/shop\/wp-content\/uploads\/2021\/04\/eko-bio-natura_logo.png","width":552,"height":194,"caption":"EKO-BIO-NATURA BIO OBCHOD"},"image":{"@id":"https:\/\/www.eko-bio-natura.sk\/shop\/#\/schema\/logo\/image\/"}}]}},"_links":{"self":[{"href":"https:\/\/www.eko-bio-natura.sk\/shop\/wp-json\/wp\/v2\/product\/12283","targetHints":{"allow":["GET"]}}],"collection":[{"href":"https:\/\/www.eko-bio-natura.sk\/shop\/wp-json\/wp\/v2\/product"}],"about":[{"href":"https:\/\/www.eko-bio-natura.sk\/shop\/wp-json\/wp\/v2\/types\/product"}],"replies":[{"embeddable":true,"href":"https:\/\/www.eko-bio-natura.sk\/shop\/wp-json\/wp\/v2\/comments?post=12283"}],"wp:featuredmedia":[{"embeddable":true,"href":"https:\/\/www.eko-bio-natura.sk\/shop\/wp-json\/wp\/v2\/media\/12284"}],"wp:attachment":[{"href":"https:\/\/www.eko-bio-natura.sk\/shop\/wp-json\/wp\/v2\/media?parent=12283"}],"wp:term":[{"taxonomy":"product_brand","embeddable":true,"href":"https:\/\/www.eko-bio-natura.sk\/shop\/wp-json\/wp\/v2\/product_brand?post=12283"},{"taxonomy":"product_cat","embeddable":true,"href":"https:\/\/www.eko-bio-natura.sk\/shop\/wp-json\/wp\/v2\/product_cat?post=12283"},{"taxonomy":"product_tag","embeddable":true,"href":"https:\/\/www.eko-bio-natura.sk\/shop\/wp-json\/wp\/v2\/product_tag?post=12283"}],"curies":[{"name":"wp","href":"https:\/\/api.w.org\/{rel}","templated":true}]}}