{"id":12281,"date":"2025-04-17T14:11:12","date_gmt":"2025-04-17T12:11:12","guid":{"rendered":"https:\/\/www.eko-bio-natura.sk\/shop\/produkt\/wild-and-coco-superhuman-enzymes-30-kapsul\/"},"modified":"2025-04-17T14:11:13","modified_gmt":"2025-04-17T12:11:13","slug":"wild-and-coco-superhuman-enzymes-30-kapsul","status":"publish","type":"product","link":"https:\/\/www.eko-bio-natura.sk\/shop\/produkt\/wild-and-coco-superhuman-enzymes-30-kapsul\/","title":{"rendered":"Wild and Coco Superhuman Enzymes 30 kaps\u00fal"},"content":{"rendered":"<h2 class=\"wp-block-heading has-text-align-center\">To najd\u00f4le\u017eitej\u0161ie za 20 sek\u00fand<\/h2><p>Superhuman Enzymes zvy\u0161uj\u00fa vyu\u017eitie \u017eiv\u00edn a podporuj\u00fa tr\u00e1venie varen\u00fdch potrav\u00edn. 1 kapsula obsahuje mno\u017estvo r\u00f4znych enz\u00fdmov a vitam\u00ednov skupiny B. Konzumuje sa spolu s jedlom a je vhodn\u00e1 aj pre veg\u00e1nov.<\/p><h2 class=\"wp-block-heading has-text-align-center\">Enz\u00fdmy s\u00fa k\u013e\u00fa\u010dov\u00e9<\/h2><p class=\"has-text-align-center\">V\u00e4\u010d\u0161ina z n\u00e1s v\u0161ak konzumuje viac \u010di menej tepelne upraven\u00e9 potraviny a teploty nad 40 \u00b0C spo\u013eahlivo ni\u010dia enz\u00fdmy. Telo si ich potom mus\u00ed vyrobi\u0165 samo.<\/p><p class=\"has-text-align-center\">Superhuman Enzymes,&nbsp;zmes \u010disto rastlinn\u00fdch enz\u00fdmov, u\u013eah\u010duje telu pr\u00e1cu \u2013 pom\u00e1ha \u201eodomkn\u00fa\u0165\u201c viac prospe\u0161n\u00fdch l\u00e1tok z potrav\u00edn a m\u00f4\u017ee prispie\u0165 k celkovej vitalite a dobr\u00e9mu pocitu z jedla. T\u00e1to starostlivo zostaven\u00e1 bylinn\u00e1 zmes obsahuje&nbsp;\u0161irok\u00fa \u0161k\u00e1lu enz\u00fdmov&nbsp;v ide\u00e1lnom pomere, ktor\u00e9 pom\u00e1haj\u00fa rozklada\u0165 jednotliv\u00e9 \u017eiviny z potravy<\/p><h2 class=\"wp-block-heading has-text-align-center\">Lep\u0161ie tr\u00e1venie<\/h2><p class=\"has-text-align-center\">Ak konzumujeme preva\u017ene varen\u00e9 potraviny, telo si mus\u00ed v\u0161etky enz\u00fdmy na tr\u00e1venie vyrobi\u0165 samo. Dop\u013a\u0148anie kvalitn\u00fdch enz\u00fdmov vo forme Superhuman Enzymes u\u013eah\u010duje pr\u00e1cu organizmu. Takisto sa staraj\u00fa o&nbsp;odb\u00faravanie odpadov\u00fdch l\u00e1tok&nbsp;v tele, a preto s\u00fa vhodnou s\u00fa\u010das\u0165ou detoxika\u010dnej di\u00e9ty.<\/p><p class=\"has-text-align-center\">St\u00e1va sa, \u017ee zjeme nevhodn\u00fa kombin\u00e1ciu potrav\u00edn alebo m\u00e1me&nbsp;oslaben\u00fa schopnos\u0165&nbsp;produkova\u0165 ur\u010dit\u00e9 enz\u00fdmy. V\u00fdsledkom je nepohodlie v oblasti brucha, ktor\u00e9 pravdepodobne v\u0161etci pozn\u00e1me. V t\u00fdchto pr\u00edpadoch m\u00f4\u017eu by\u0165 ve\u013emi u\u017eito\u010dn\u00e9 tieto tr\u00e1viace enz\u00fdmy.<\/p><p class=\"has-text-align-center\">Stravujete sa vegetari\u00e1nsky\/veg\u00e1nsky?&nbsp;Ve\u013ek\u00e9 mno\u017estvo varenej zeleniny znamen\u00e1 aj ve\u013ea vl\u00e1kniny. K\u00fdm sa na\u0148 telo adaptuje, m\u00f4\u017ee sp\u00f4sobova\u0165 r\u00f4zne tr\u00e1viace probl\u00e9my. N\u00e1\u0161 produkt obsahuje aj enz\u00fdmy, ktor\u00e9 rozkladaj\u00fa vl\u00e1kninu a prispievaj\u00fa tak k jej spracovaniu.<\/p><p class=\"tw-text-p-l tw-text-black\">Z osobn\u00fdch sk\u00fasenost\u00ed m\u00f4\u017eem smelo odporu\u010di\u0165 vybran\u00e9 produkty&nbsp;Wild&nbsp;&amp; Coco&nbsp;z \u010ceskej Republiky.&nbsp;Osobne pozn\u00e1m ich v\u00fdvoj\u00e1rov, ktor\u00ed na trh prin\u00e1\u0161aj\u00fa jedny z najkomplexnej\u0161\u00edch symbiot\u00edk. Ich efekt som poc\u00edtil u\u017e za 3 dni u\u017e\u00edvania a plne sp\u013a\u0148aj\u00fa moje&nbsp;3 siln\u00e9 \u0161tandardy:<\/p><ul class=\"wp-block-list\"><li>Inovat\u00edvnos\u0165&nbsp;\u2013 citlivo zvolen\u00e1 zmes probiotick\u00fdch kme\u0148ov, ktor\u00e9 nevytv\u00e1raj\u00fa histam\u00edn a reguluj\u00fa jeho prirodzen\u00fa tvorbu.<\/li><li>Synergia a v\u00fdber funk\u010dn\u00fdch foriem&nbsp;\u2013 komplex a\u017e 28 \u0161pecifick\u00fdch kme\u0148ov bakt\u00e9ri\u00ed spolo\u010dne s prebiotikami pre synergick\u00fd efekt.<\/li><li>D\u00f4vera v p\u00f4vod a v\u00fdrobu&nbsp;\u2013 eliminuj\u00fa chemick\u00e9 spracovanie, s\u00fa 100&nbsp;% bez lepku, mlieka \u010di umel\u00edn a nepou\u017e\u00edvaj\u00fa lacn\u00e9 kapsule, ktor\u00e9 maj\u00fa ne\u017eiad\u00face ved\u013eaj\u0161ie \u00fa\u010dinky na tr\u00e1venie a n\u00e1\u0161 mikrobi\u00f3m.<\/li><\/ul><h2 class=\"wp-block-heading has-text-align-center\">Enz\u00fdmy v balen\u00ed<\/h2><ul class=\"wp-block-list\"><li>Prote\u00e1za&nbsp;(zmes prote\u00e1zov\u00fdch enz\u00fdmov) rozklad\u00e1 bielkoviny na aminokyseliny<\/li><li>Amyl\u00e1za&nbsp;(zmes enz\u00fdmov amyl\u00e1zy) rozklad\u00e1 \u0161krob na jednoduch\u0161ie sacharidy<\/li><li>Celul\u00e1za&nbsp;rozklad\u00e1 celul\u00f3zu, zlo\u017eit\u00fd sacharid rastlinnej vl\u00e1kniny (\u013eudsk\u00e9 telo celul\u00e1zu nedok\u00e1\u017ee produkova\u0165)<\/li><li>Lip\u00e1za&nbsp;na rozklad tukov<\/li><li>Lakt\u00e1za&nbsp;pom\u00e1ha \u0161tiepi\u0165 mlie\u010dny cukor lakt\u00f3zu, preto m\u00f4\u017ee by\u0165 prospe\u0161n\u00e1 pre osoby, ktor\u00e9 maj\u00fa probl\u00e9my s tr\u00e1ven\u00edm lakt\u00f3zy<\/li><li>Taktie\u017e obsahuj\u00fa glukoamyl\u00e1zu, diast\u00e1zu, invert\u00e1zu, pektin\u00e1zu, hemicelul\u00e1zu, xylan\u00e1zu, alfa-galaktozid\u00e1zu a beta-glukan\u00e1zu<\/li><li>Ako bonus obsahuj\u00fa&nbsp;d\u00f4le\u017eit\u00e9 vitam\u00edny skupiny B&nbsp;(B1, B6, B12)<\/li><\/ul><h2 class=\"wp-block-heading has-text-align-center\">Optim\u00e1lne u\u017e\u00edvanie<\/h2><p class=\"has-text-align-center\">Odpor\u00fa\u010dan\u00e9 d\u00e1vkovanie: 1 kapsula s ka\u017ed\u00fdm jedlom.&nbsp;Vzh\u013eadom na vysok\u00fa funk\u010dnos\u0165 produktu je to optim\u00e1lna d\u00e1vka, na rozdiel od niektor\u00fdch konkuren\u010dn\u00fdch enz\u00fdmov, kde je odpor\u00fa\u010dan\u00e9 d\u00e1vkovanie vy\u0161\u0161ie.<\/p><p class=\"has-text-align-center\">Balenie obsahuje 30&nbsp;d\u00e1vok&nbsp;(30 veg\u00e1nskych kaps\u00fal).<\/p>","protected":false},"excerpt":{"rendered":"","protected":false},"featured_media":12282,"comment_status":"open","ping_status":"open","template":"","meta":{"site-sidebar-layout":"default","site-content-layout":"","ast-site-content-layout":"default","site-content-style":"default","site-sidebar-style":"default","ast-global-header-display":"","ast-banner-title-visibility":"","ast-main-header-display":"","ast-hfb-above-header-display":"","ast-hfb-below-header-display":"","ast-hfb-mobile-header-display":"","site-post-title":"","ast-breadcrumbs-content":"","ast-featured-img":"","footer-sml-layout":"","ast-disable-related-posts":"","theme-transparent-header-meta":"","adv-header-id-meta":"","stick-header-meta":"","header-above-stick-meta":"","header-main-stick-meta":"","header-below-stick-meta":"","astra-migrate-meta-layouts":"default","ast-page-background-enabled":"default","ast-page-background-meta":{"desktop":{"background-color":"","background-image":"","background-repeat":"repeat","background-position":"center center","background-size":"auto","background-attachment":"scroll","background-type":"","background-media":"","overlay-type":"","overlay-color":"","overlay-opacity":"","overlay-gradient":""},"tablet":{"background-color":"","background-image":"","background-repeat":"repeat","background-position":"center center","background-size":"auto","background-attachment":"scroll","background-type":"","background-media":"","overlay-type":"","overlay-color":"","overlay-opacity":"","overlay-gradient":""},"mobile":{"background-color":"","background-image":"","background-repeat":"repeat","background-position":"center center","background-size":"auto","background-attachment":"scroll","background-type":"","background-media":"","overlay-type":"","overlay-color":"","overlay-opacity":"","overlay-gradient":""}},"ast-content-background-meta":{"desktop":{"background-color":"var(--ast-global-color-5)","background-image":"","background-repeat":"repeat","background-position":"center center","background-size":"auto","background-attachment":"scroll","background-type":"","background-media":"","overlay-type":"","overlay-color":"","overlay-opacity":"","overlay-gradient":""},"tablet":{"background-color":"var(--ast-global-color-5)","background-image":"","background-repeat":"repeat","background-position":"center center","background-size":"auto","background-attachment":"scroll","background-type":"","background-media":"","overlay-type":"","overlay-color":"","overlay-opacity":"","overlay-gradient":""},"mobile":{"background-color":"var(--ast-global-color-5)","background-image":"","background-repeat":"repeat","background-position":"center center","background-size":"auto","background-attachment":"scroll","background-type":"","background-media":"","overlay-type":"","overlay-color":"","overlay-opacity":"","overlay-gradient":""}}},"product_brand":[],"product_cat":[18,192,193],"product_tag":[364],"class_list":{"0":"post-12281","1":"product","2":"type-product","3":"status-publish","4":"has-post-thumbnail","6":"product_cat-prirodna-lekaren","7":"product_cat-vyzivove-doplnky","8":"product_cat-vyzivove-doplnky-pre-dospelych","9":"product_tag-lokalny-produkt","10":"pa_cena-dopravy-2564","11":"pa_doprava-kurier","12":"pa_typ-partnersky-predaj","13":"pa_znacka-powerlogy","14":"desktop-align-left","15":"tablet-align-left","16":"mobile-align-left","18":"first","19":"instock","20":"product-type-external"},"yoast_head":"<!-- This site is optimized with the Yoast SEO plugin v27.2 - https:\/\/yoast.com\/product\/yoast-seo-wordpress\/ -->\n<title>Wild and Coco Superhuman Enzymes 30 kaps\u00fal - EKO-BIO-NATURA BIO OBCHOD<\/title>\n<meta name=\"robots\" content=\"index, follow, max-snippet:-1, max-image-preview:large, max-video-preview:-1\" \/>\n<link rel=\"canonical\" href=\"https:\/\/www.eko-bio-natura.sk\/shop\/produkt\/wild-and-coco-superhuman-enzymes-30-kapsul\/\" \/>\n<meta property=\"og:locale\" content=\"sk_SK\" \/>\n<meta property=\"og:type\" content=\"article\" \/>\n<meta property=\"og:title\" content=\"Wild and Coco Superhuman Enzymes 30 kaps\u00fal - EKO-BIO-NATURA BIO OBCHOD\" \/>\n<meta property=\"og:url\" content=\"https:\/\/www.eko-bio-natura.sk\/shop\/produkt\/wild-and-coco-superhuman-enzymes-30-kapsul\/\" \/>\n<meta property=\"og:site_name\" content=\"EKO-BIO-NATURA BIO OBCHOD\" \/>\n<meta property=\"article:modified_time\" content=\"2025-04-17T12:11:13+00:00\" \/>\n<meta property=\"og:image\" content=\"https:\/\/www.eko-bio-natura.sk\/shop\/wp-content\/uploads\/2022\/06\/superhuman-enzymes-wildcoco-crop.png\" \/>\n\t<meta property=\"og:image:width\" content=\"2000\" \/>\n\t<meta property=\"og:image:height\" content=\"2000\" \/>\n\t<meta property=\"og:image:type\" content=\"image\/png\" \/>\n<meta name=\"twitter:card\" content=\"summary_large_image\" \/>\n<meta name=\"twitter:label1\" content=\"Predpokladan\u00fd \u010das \u010d\u00edtania\" \/>\n\t<meta name=\"twitter:data1\" content=\"3 min\u00faty\" \/>\n<script type=\"application\/ld+json\" class=\"yoast-schema-graph\">{\"@context\":\"https:\/\/schema.org\",\"@graph\":[{\"@type\":\"WebPage\",\"@id\":\"https:\/\/www.eko-bio-natura.sk\/shop\/produkt\/wild-and-coco-superhuman-enzymes-30-kapsul\/\",\"url\":\"https:\/\/www.eko-bio-natura.sk\/shop\/produkt\/wild-and-coco-superhuman-enzymes-30-kapsul\/\",\"name\":\"Wild and Coco Superhuman Enzymes 30 kaps\u00fal - EKO-BIO-NATURA BIO OBCHOD\",\"isPartOf\":{\"@id\":\"https:\/\/www.eko-bio-natura.sk\/shop\/#website\"},\"primaryImageOfPage\":{\"@id\":\"https:\/\/www.eko-bio-natura.sk\/shop\/produkt\/wild-and-coco-superhuman-enzymes-30-kapsul\/#primaryimage\"},\"image\":{\"@id\":\"https:\/\/www.eko-bio-natura.sk\/shop\/produkt\/wild-and-coco-superhuman-enzymes-30-kapsul\/#primaryimage\"},\"thumbnailUrl\":\"https:\/\/www.eko-bio-natura.sk\/shop\/wp-content\/uploads\/2022\/06\/superhuman-enzymes-wildcoco-crop.png\",\"datePublished\":\"2025-04-17T12:11:12+00:00\",\"dateModified\":\"2025-04-17T12:11:13+00:00\",\"breadcrumb\":{\"@id\":\"https:\/\/www.eko-bio-natura.sk\/shop\/produkt\/wild-and-coco-superhuman-enzymes-30-kapsul\/#breadcrumb\"},\"inLanguage\":\"sk-SK\",\"potentialAction\":[{\"@type\":\"ReadAction\",\"target\":[\"https:\/\/www.eko-bio-natura.sk\/shop\/produkt\/wild-and-coco-superhuman-enzymes-30-kapsul\/\"]}]},{\"@type\":\"ImageObject\",\"inLanguage\":\"sk-SK\",\"@id\":\"https:\/\/www.eko-bio-natura.sk\/shop\/produkt\/wild-and-coco-superhuman-enzymes-30-kapsul\/#primaryimage\",\"url\":\"https:\/\/www.eko-bio-natura.sk\/shop\/wp-content\/uploads\/2022\/06\/superhuman-enzymes-wildcoco-crop.png\",\"contentUrl\":\"https:\/\/www.eko-bio-natura.sk\/shop\/wp-content\/uploads\/2022\/06\/superhuman-enzymes-wildcoco-crop.png\",\"width\":2000,\"height\":2000},{\"@type\":\"BreadcrumbList\",\"@id\":\"https:\/\/www.eko-bio-natura.sk\/shop\/produkt\/wild-and-coco-superhuman-enzymes-30-kapsul\/#breadcrumb\",\"itemListElement\":[{\"@type\":\"ListItem\",\"position\":1,\"name\":\"Domovsk\u00e1 str\u00e1nka\",\"item\":\"https:\/\/www.eko-bio-natura.sk\/shop\/\"},{\"@type\":\"ListItem\",\"position\":2,\"name\":\"Obchod\",\"item\":\"https:\/\/www.eko-bio-natura.sk\/shop\/?page_id=6\"},{\"@type\":\"ListItem\",\"position\":3,\"name\":\"Wild and Coco Superhuman Enzymes 30 kaps\u00fal\"}]},{\"@type\":\"WebSite\",\"@id\":\"https:\/\/www.eko-bio-natura.sk\/shop\/#website\",\"url\":\"https:\/\/www.eko-bio-natura.sk\/shop\/\",\"name\":\"EKO-BIO-NATURA BIO OBCHOD\",\"description\":\"\",\"publisher\":{\"@id\":\"https:\/\/www.eko-bio-natura.sk\/shop\/#organization\"},\"potentialAction\":[{\"@type\":\"SearchAction\",\"target\":{\"@type\":\"EntryPoint\",\"urlTemplate\":\"https:\/\/www.eko-bio-natura.sk\/shop\/?s={search_term_string}\"},\"query-input\":{\"@type\":\"PropertyValueSpecification\",\"valueRequired\":true,\"valueName\":\"search_term_string\"}}],\"inLanguage\":\"sk-SK\"},{\"@type\":\"Organization\",\"@id\":\"https:\/\/www.eko-bio-natura.sk\/shop\/#organization\",\"name\":\"EKO-BIO-NATURA BIO OBCHOD\",\"url\":\"https:\/\/www.eko-bio-natura.sk\/shop\/\",\"logo\":{\"@type\":\"ImageObject\",\"inLanguage\":\"sk-SK\",\"@id\":\"https:\/\/www.eko-bio-natura.sk\/shop\/#\/schema\/logo\/image\/\",\"url\":\"https:\/\/www.eko-bio-natura.sk\/shop\/wp-content\/uploads\/2021\/04\/eko-bio-natura_logo.png\",\"contentUrl\":\"https:\/\/www.eko-bio-natura.sk\/shop\/wp-content\/uploads\/2021\/04\/eko-bio-natura_logo.png\",\"width\":552,\"height\":194,\"caption\":\"EKO-BIO-NATURA BIO OBCHOD\"},\"image\":{\"@id\":\"https:\/\/www.eko-bio-natura.sk\/shop\/#\/schema\/logo\/image\/\"}}]}<\/script>\n<!-- \/ Yoast SEO plugin. -->","yoast_head_json":{"title":"Wild and Coco Superhuman Enzymes 30 kaps\u00fal - EKO-BIO-NATURA BIO OBCHOD","robots":{"index":"index","follow":"follow","max-snippet":"max-snippet:-1","max-image-preview":"max-image-preview:large","max-video-preview":"max-video-preview:-1"},"canonical":"https:\/\/www.eko-bio-natura.sk\/shop\/produkt\/wild-and-coco-superhuman-enzymes-30-kapsul\/","og_locale":"sk_SK","og_type":"article","og_title":"Wild and Coco Superhuman Enzymes 30 kaps\u00fal - EKO-BIO-NATURA BIO OBCHOD","og_url":"https:\/\/www.eko-bio-natura.sk\/shop\/produkt\/wild-and-coco-superhuman-enzymes-30-kapsul\/","og_site_name":"EKO-BIO-NATURA BIO OBCHOD","article_modified_time":"2025-04-17T12:11:13+00:00","og_image":[{"width":2000,"height":2000,"url":"https:\/\/www.eko-bio-natura.sk\/shop\/wp-content\/uploads\/2022\/06\/superhuman-enzymes-wildcoco-crop.png","type":"image\/png"}],"twitter_card":"summary_large_image","twitter_misc":{"Predpokladan\u00fd \u010das \u010d\u00edtania":"3 min\u00faty"},"schema":{"@context":"https:\/\/schema.org","@graph":[{"@type":"WebPage","@id":"https:\/\/www.eko-bio-natura.sk\/shop\/produkt\/wild-and-coco-superhuman-enzymes-30-kapsul\/","url":"https:\/\/www.eko-bio-natura.sk\/shop\/produkt\/wild-and-coco-superhuman-enzymes-30-kapsul\/","name":"Wild and Coco Superhuman Enzymes 30 kaps\u00fal - EKO-BIO-NATURA BIO OBCHOD","isPartOf":{"@id":"https:\/\/www.eko-bio-natura.sk\/shop\/#website"},"primaryImageOfPage":{"@id":"https:\/\/www.eko-bio-natura.sk\/shop\/produkt\/wild-and-coco-superhuman-enzymes-30-kapsul\/#primaryimage"},"image":{"@id":"https:\/\/www.eko-bio-natura.sk\/shop\/produkt\/wild-and-coco-superhuman-enzymes-30-kapsul\/#primaryimage"},"thumbnailUrl":"https:\/\/www.eko-bio-natura.sk\/shop\/wp-content\/uploads\/2022\/06\/superhuman-enzymes-wildcoco-crop.png","datePublished":"2025-04-17T12:11:12+00:00","dateModified":"2025-04-17T12:11:13+00:00","breadcrumb":{"@id":"https:\/\/www.eko-bio-natura.sk\/shop\/produkt\/wild-and-coco-superhuman-enzymes-30-kapsul\/#breadcrumb"},"inLanguage":"sk-SK","potentialAction":[{"@type":"ReadAction","target":["https:\/\/www.eko-bio-natura.sk\/shop\/produkt\/wild-and-coco-superhuman-enzymes-30-kapsul\/"]}]},{"@type":"ImageObject","inLanguage":"sk-SK","@id":"https:\/\/www.eko-bio-natura.sk\/shop\/produkt\/wild-and-coco-superhuman-enzymes-30-kapsul\/#primaryimage","url":"https:\/\/www.eko-bio-natura.sk\/shop\/wp-content\/uploads\/2022\/06\/superhuman-enzymes-wildcoco-crop.png","contentUrl":"https:\/\/www.eko-bio-natura.sk\/shop\/wp-content\/uploads\/2022\/06\/superhuman-enzymes-wildcoco-crop.png","width":2000,"height":2000},{"@type":"BreadcrumbList","@id":"https:\/\/www.eko-bio-natura.sk\/shop\/produkt\/wild-and-coco-superhuman-enzymes-30-kapsul\/#breadcrumb","itemListElement":[{"@type":"ListItem","position":1,"name":"Domovsk\u00e1 str\u00e1nka","item":"https:\/\/www.eko-bio-natura.sk\/shop\/"},{"@type":"ListItem","position":2,"name":"Obchod","item":"https:\/\/www.eko-bio-natura.sk\/shop\/?page_id=6"},{"@type":"ListItem","position":3,"name":"Wild and Coco Superhuman Enzymes 30 kaps\u00fal"}]},{"@type":"WebSite","@id":"https:\/\/www.eko-bio-natura.sk\/shop\/#website","url":"https:\/\/www.eko-bio-natura.sk\/shop\/","name":"EKO-BIO-NATURA BIO OBCHOD","description":"","publisher":{"@id":"https:\/\/www.eko-bio-natura.sk\/shop\/#organization"},"potentialAction":[{"@type":"SearchAction","target":{"@type":"EntryPoint","urlTemplate":"https:\/\/www.eko-bio-natura.sk\/shop\/?s={search_term_string}"},"query-input":{"@type":"PropertyValueSpecification","valueRequired":true,"valueName":"search_term_string"}}],"inLanguage":"sk-SK"},{"@type":"Organization","@id":"https:\/\/www.eko-bio-natura.sk\/shop\/#organization","name":"EKO-BIO-NATURA BIO OBCHOD","url":"https:\/\/www.eko-bio-natura.sk\/shop\/","logo":{"@type":"ImageObject","inLanguage":"sk-SK","@id":"https:\/\/www.eko-bio-natura.sk\/shop\/#\/schema\/logo\/image\/","url":"https:\/\/www.eko-bio-natura.sk\/shop\/wp-content\/uploads\/2021\/04\/eko-bio-natura_logo.png","contentUrl":"https:\/\/www.eko-bio-natura.sk\/shop\/wp-content\/uploads\/2021\/04\/eko-bio-natura_logo.png","width":552,"height":194,"caption":"EKO-BIO-NATURA BIO OBCHOD"},"image":{"@id":"https:\/\/www.eko-bio-natura.sk\/shop\/#\/schema\/logo\/image\/"}}]}},"_links":{"self":[{"href":"https:\/\/www.eko-bio-natura.sk\/shop\/wp-json\/wp\/v2\/product\/12281","targetHints":{"allow":["GET"]}}],"collection":[{"href":"https:\/\/www.eko-bio-natura.sk\/shop\/wp-json\/wp\/v2\/product"}],"about":[{"href":"https:\/\/www.eko-bio-natura.sk\/shop\/wp-json\/wp\/v2\/types\/product"}],"replies":[{"embeddable":true,"href":"https:\/\/www.eko-bio-natura.sk\/shop\/wp-json\/wp\/v2\/comments?post=12281"}],"wp:featuredmedia":[{"embeddable":true,"href":"https:\/\/www.eko-bio-natura.sk\/shop\/wp-json\/wp\/v2\/media\/12282"}],"wp:attachment":[{"href":"https:\/\/www.eko-bio-natura.sk\/shop\/wp-json\/wp\/v2\/media?parent=12281"}],"wp:term":[{"taxonomy":"product_brand","embeddable":true,"href":"https:\/\/www.eko-bio-natura.sk\/shop\/wp-json\/wp\/v2\/product_brand?post=12281"},{"taxonomy":"product_cat","embeddable":true,"href":"https:\/\/www.eko-bio-natura.sk\/shop\/wp-json\/wp\/v2\/product_cat?post=12281"},{"taxonomy":"product_tag","embeddable":true,"href":"https:\/\/www.eko-bio-natura.sk\/shop\/wp-json\/wp\/v2\/product_tag?post=12281"}],"curies":[{"name":"wp","href":"https:\/\/api.w.org\/{rel}","templated":true}]}}