{"id":12275,"date":"2025-04-17T14:11:12","date_gmt":"2025-04-17T12:11:12","guid":{"rendered":"https:\/\/www.eko-bio-natura.sk\/shop\/produkt\/deortegas-organic-extra-virgin-olive-oil-hojiblanca-500-ml\/"},"modified":"2025-04-17T23:13:04","modified_gmt":"2025-04-17T21:13:04","slug":"deortegas-organic-extra-virgin-olive-oil-hojiblanca-500-ml","status":"publish","type":"product","link":"https:\/\/www.eko-bio-natura.sk\/shop\/produkt\/deortegas-organic-extra-virgin-olive-oil-hojiblanca-500-ml\/","title":{"rendered":"Deortegas Organic Extra Virgin Olive Oil Hojiblanca 500&nbsp;ml"},"content":{"rendered":"<h2 class=\"wp-block-heading has-text-align-center\">To najd\u00f4le\u017eitej\u0161ie za 20 sek\u00fand<\/h2><p>\u0160panielsky extra panensk\u00fd BIO olivov\u00fd olej ocenen\u00fd na svetov\u00fdch s\u00fa\u0165a\u017eiach. Sp\u013a\u0148a tie najpr\u00edsnej\u0161ie krit\u00e9ri\u00e1 v\u00fdnimo\u010dnej chuti a kvality. M\u00e1 extr\u00e9mne n\u00edzku kyslos\u0165 0,14 % a vysok\u00fd obsah funk\u010dn\u00fdch polyfenolov (250 mg\/kg).<\/p><h2 class=\"wp-block-heading has-text-align-center\">K\u013e\u00fa\u010dov\u00e9 benefity<\/h2><ul class=\"wp-block-list\"><li>Extra panensk\u00fd olivov\u00fd olej v\u00fdberovej kvality&nbsp;s ekologick\u00fdm spracovan\u00edm.<\/li><li>Lisovan\u00fd za studena&nbsp;s pou\u017eit\u00edm modernej technol\u00f3gie centrifug\u00e1cie pre zachovanie kvality.<\/li><li>Ovocn\u00e9 a siln\u00e9 telo&nbsp;s v\u00fdnimo\u010dnou dochu\u0165ou paradajok.  <\/li><li>Extr\u00e9mne n\u00edzka kyslos\u0165 pod 0,14 % a&nbsp;vysok\u00e1 stabilita proti oxid\u00e1cii.<\/li><li>Vysok\u00fd obsah polyfenolov&nbsp;\u2013 zdravotn\u00e9 benefity olivov\u00e9ho oleja.<\/li><\/ul><h2 class=\"wp-block-heading has-text-align-center\">V \u010dom je unik\u00e1tny?<\/h2><p class=\"has-text-align-center\">Vynikaj\u00faci olej vytvoren\u00fd z ol\u00edv Hojiblanca z malej rodinnej farmy Deortegas v \u0161panielskej Yecle.<\/p><p class=\"has-text-align-center\">Olej m\u00e1&nbsp;\u017eiarivo zlat\u00fa farbu,&nbsp;zamatov\u00fa v\u00f4\u0148u a v\u010faka svojej jedine\u010dnej chuti z\u00edskal viacero ocenen\u00ed. Kyslos\u0165 je&nbsp;mimoriadne n\u00edzka \u2013 0,14 %.&nbsp;Kvalita je mimoriadne vysok\u00e1.<\/p><p class=\"has-text-align-center\">Olivy s\u00fa pestovan\u00e9 bez hnoj\u00edv, resp. jedin\u00fdm hnojivom s\u00fa zvy\u0161ky z procesu tvorby olivov\u00fdch olejov. Pou\u017e\u00edva sa met\u00f3da \u201esuch\u00e9ho po\u013enohospod\u00e1rstva\u201c, ktor\u00e1 zabezpe\u010duje ich&nbsp;vysok\u00fa v\u00fd\u017eivov\u00fa hodnotu.&nbsp;S\u00fa pln\u00e9 prospe\u0161n\u00fdch fytonutrientov. Ru\u010dne sa zbieraj\u00fa na prelome okt\u00f3bra a novembra. V\u010faka&nbsp;vysok\u00e9mu obsahu polyfenolov&nbsp;je olej neofici\u00e1lnym pr\u00edrodn\u00fdm funk\u010dn\u00fdm liekom.<\/p><p class=\"tw-text-p-l tw-text-black\">Sme nad\u0161en\u00ed, \u017ee kvalita n\u00e1\u0161ho oleja bola op\u00e4tovne potvrden\u00e1. V s\u00fa\u0165a\u017ei extra panensk\u00fdch olivov\u00fdch olejov Flos Olei 2020 s\u00fa\u0165a\u017eilo 500 zna\u010diek. Deortegas z\u00edskal&nbsp;98 bodov zo 100,&nbsp;\u010d\u00edm sa zaradil medzi najlep\u0161ie olivov\u00e9 oleje na svete.<\/p><p class=\"has-text-align-center\">Odroda:&nbsp;Hojiblanca.&nbsp;Filtr\u00e1cia:&nbsp;\u017eiadna.&nbsp;Pestovanie:&nbsp;tradi\u010dn\u00e9.&nbsp;Kyslos\u0165:&nbsp;0,14 %. Vysok\u00fd obsah kyseliny olejovej. Spracovan\u00e9 s maxim\u00e1lnym oh\u013eadom na \u017eivotn\u00e9 prostredie.  <\/p><h2 class=\"wp-block-heading has-text-align-center\">Najlep\u0161ie vyu\u017eitie<\/h2><ul class=\"wp-block-list\"><li>Denne 1 a\u017e 2 polievkov\u00e9 ly\u017eice&nbsp;r\u00e1no alebo ve\u010der pre zdravie.<\/li><li>Ako n\u00e1hradu&nbsp;nevhodn\u00fdch rastlinn\u00fdch a \u017eivo\u010d\u00ed\u0161nych tukov vo v\u00fd\u017eive.<\/li><li>Do \u0161al\u00e1tov a dresingov&nbsp;namiesto be\u017en\u00fdch olejov.<\/li><li>Na dokon\u010dovanie jed\u00e1l alebo&nbsp;gurm\u00e1nske z\u00e1\u017eitky.<\/li><li>Na podporu&nbsp;low carb a keto lifestyle.<\/li><\/ul><p class=\"has-text-align-center\">.<\/p>","protected":false},"excerpt":{"rendered":"","protected":false},"featured_media":14757,"comment_status":"open","ping_status":"open","template":"","meta":{"site-sidebar-layout":"default","site-content-layout":"","ast-site-content-layout":"default","site-content-style":"default","site-sidebar-style":"default","ast-global-header-display":"","ast-banner-title-visibility":"","ast-main-header-display":"","ast-hfb-above-header-display":"","ast-hfb-below-header-display":"","ast-hfb-mobile-header-display":"","site-post-title":"","ast-breadcrumbs-content":"","ast-featured-img":"","footer-sml-layout":"","ast-disable-related-posts":"","theme-transparent-header-meta":"","adv-header-id-meta":"","stick-header-meta":"","header-above-stick-meta":"","header-main-stick-meta":"","header-below-stick-meta":"","astra-migrate-meta-layouts":"default","ast-page-background-enabled":"default","ast-page-background-meta":{"desktop":{"background-color":"","background-image":"","background-repeat":"repeat","background-position":"center center","background-size":"auto","background-attachment":"scroll","background-type":"","background-media":"","overlay-type":"","overlay-color":"","overlay-opacity":"","overlay-gradient":""},"tablet":{"background-color":"","background-image":"","background-repeat":"repeat","background-position":"center center","background-size":"auto","background-attachment":"scroll","background-type":"","background-media":"","overlay-type":"","overlay-color":"","overlay-opacity":"","overlay-gradient":""},"mobile":{"background-color":"","background-image":"","background-repeat":"repeat","background-position":"center center","background-size":"auto","background-attachment":"scroll","background-type":"","background-media":"","overlay-type":"","overlay-color":"","overlay-opacity":"","overlay-gradient":""}},"ast-content-background-meta":{"desktop":{"background-color":"var(--ast-global-color-5)","background-image":"","background-repeat":"repeat","background-position":"center center","background-size":"auto","background-attachment":"scroll","background-type":"","background-media":"","overlay-type":"","overlay-color":"","overlay-opacity":"","overlay-gradient":""},"tablet":{"background-color":"var(--ast-global-color-5)","background-image":"","background-repeat":"repeat","background-position":"center center","background-size":"auto","background-attachment":"scroll","background-type":"","background-media":"","overlay-type":"","overlay-color":"","overlay-opacity":"","overlay-gradient":""},"mobile":{"background-color":"var(--ast-global-color-5)","background-image":"","background-repeat":"repeat","background-position":"center center","background-size":"auto","background-attachment":"scroll","background-type":"","background-media":"","overlay-type":"","overlay-color":"","overlay-opacity":"","overlay-gradient":""}}},"product_brand":[],"product_cat":[16,105,46,107],"product_tag":[364],"class_list":{"0":"post-12275","1":"product","2":"type-product","3":"status-publish","4":"has-post-thumbnail","6":"product_cat-bio-potraviny","7":"product_cat-kuchynske-oleje-a-tuky","8":"product_cat-oleje-a-octy","9":"product_cat-specialne-oleje-a-tuky","10":"product_tag-lokalny-produkt","11":"pa_cena-dopravy-2564","12":"pa_doprava-kurier","13":"pa_typ-partnersky-predaj","14":"pa_znacka-powerlogy","15":"desktop-align-left","16":"tablet-align-left","17":"mobile-align-left","19":"first","20":"instock","21":"product-type-external"},"yoast_head":"<!-- This site is optimized with the Yoast SEO plugin v27.2 - https:\/\/yoast.com\/product\/yoast-seo-wordpress\/ -->\n<title>Deortegas Organic Extra Virgin Olive Oil Hojiblanca 500&nbsp;ml - EKO-BIO-NATURA BIO OBCHOD<\/title>\n<meta name=\"robots\" content=\"index, follow, max-snippet:-1, max-image-preview:large, max-video-preview:-1\" \/>\n<link rel=\"canonical\" href=\"https:\/\/www.eko-bio-natura.sk\/shop\/produkt\/deortegas-organic-extra-virgin-olive-oil-hojiblanca-500-ml\/\" \/>\n<meta property=\"og:locale\" content=\"sk_SK\" \/>\n<meta property=\"og:type\" content=\"article\" \/>\n<meta property=\"og:title\" content=\"Deortegas Organic Extra Virgin Olive Oil Hojiblanca 500&nbsp;ml - EKO-BIO-NATURA BIO OBCHOD\" \/>\n<meta property=\"og:url\" content=\"https:\/\/www.eko-bio-natura.sk\/shop\/produkt\/deortegas-organic-extra-virgin-olive-oil-hojiblanca-500-ml\/\" \/>\n<meta property=\"og:site_name\" content=\"EKO-BIO-NATURA BIO OBCHOD\" \/>\n<meta property=\"article:modified_time\" content=\"2025-04-17T21:13:04+00:00\" \/>\n<meta property=\"og:image\" content=\"https:\/\/www.eko-bio-natura.sk\/shop\/wp-content\/uploads\/2025\/04\/deortegas-aceite-oliva-virgen-extra-ecologico-hojiblanca-box.png\" \/>\n\t<meta property=\"og:image:width\" content=\"1280\" \/>\n\t<meta property=\"og:image:height\" content=\"1280\" \/>\n\t<meta property=\"og:image:type\" content=\"image\/png\" \/>\n<meta name=\"twitter:card\" content=\"summary_large_image\" \/>\n<meta name=\"twitter:label1\" content=\"Predpokladan\u00fd \u010das \u010d\u00edtania\" \/>\n\t<meta name=\"twitter:data1\" content=\"2 min\u00faty\" \/>\n<script type=\"application\/ld+json\" class=\"yoast-schema-graph\">{\"@context\":\"https:\/\/schema.org\",\"@graph\":[{\"@type\":\"WebPage\",\"@id\":\"https:\/\/www.eko-bio-natura.sk\/shop\/produkt\/deortegas-organic-extra-virgin-olive-oil-hojiblanca-500-ml\/\",\"url\":\"https:\/\/www.eko-bio-natura.sk\/shop\/produkt\/deortegas-organic-extra-virgin-olive-oil-hojiblanca-500-ml\/\",\"name\":\"Deortegas Organic Extra Virgin Olive Oil Hojiblanca 500&nbsp;ml - EKO-BIO-NATURA BIO OBCHOD\",\"isPartOf\":{\"@id\":\"https:\/\/www.eko-bio-natura.sk\/shop\/#website\"},\"primaryImageOfPage\":{\"@id\":\"https:\/\/www.eko-bio-natura.sk\/shop\/produkt\/deortegas-organic-extra-virgin-olive-oil-hojiblanca-500-ml\/#primaryimage\"},\"image\":{\"@id\":\"https:\/\/www.eko-bio-natura.sk\/shop\/produkt\/deortegas-organic-extra-virgin-olive-oil-hojiblanca-500-ml\/#primaryimage\"},\"thumbnailUrl\":\"https:\/\/www.eko-bio-natura.sk\/shop\/wp-content\/uploads\/2025\/04\/deortegas-aceite-oliva-virgen-extra-ecologico-hojiblanca-box.png\",\"datePublished\":\"2025-04-17T12:11:12+00:00\",\"dateModified\":\"2025-04-17T21:13:04+00:00\",\"breadcrumb\":{\"@id\":\"https:\/\/www.eko-bio-natura.sk\/shop\/produkt\/deortegas-organic-extra-virgin-olive-oil-hojiblanca-500-ml\/#breadcrumb\"},\"inLanguage\":\"sk-SK\",\"potentialAction\":[{\"@type\":\"ReadAction\",\"target\":[\"https:\/\/www.eko-bio-natura.sk\/shop\/produkt\/deortegas-organic-extra-virgin-olive-oil-hojiblanca-500-ml\/\"]}]},{\"@type\":\"ImageObject\",\"inLanguage\":\"sk-SK\",\"@id\":\"https:\/\/www.eko-bio-natura.sk\/shop\/produkt\/deortegas-organic-extra-virgin-olive-oil-hojiblanca-500-ml\/#primaryimage\",\"url\":\"https:\/\/www.eko-bio-natura.sk\/shop\/wp-content\/uploads\/2025\/04\/deortegas-aceite-oliva-virgen-extra-ecologico-hojiblanca-box.png\",\"contentUrl\":\"https:\/\/www.eko-bio-natura.sk\/shop\/wp-content\/uploads\/2025\/04\/deortegas-aceite-oliva-virgen-extra-ecologico-hojiblanca-box.png\",\"width\":1280,\"height\":1280},{\"@type\":\"BreadcrumbList\",\"@id\":\"https:\/\/www.eko-bio-natura.sk\/shop\/produkt\/deortegas-organic-extra-virgin-olive-oil-hojiblanca-500-ml\/#breadcrumb\",\"itemListElement\":[{\"@type\":\"ListItem\",\"position\":1,\"name\":\"Domovsk\u00e1 str\u00e1nka\",\"item\":\"https:\/\/www.eko-bio-natura.sk\/shop\/\"},{\"@type\":\"ListItem\",\"position\":2,\"name\":\"Obchod\",\"item\":\"https:\/\/www.eko-bio-natura.sk\/shop\/?page_id=6\"},{\"@type\":\"ListItem\",\"position\":3,\"name\":\"Deortegas Organic Extra Virgin Olive Oil Hojiblanca 500&nbsp;ml\"}]},{\"@type\":\"WebSite\",\"@id\":\"https:\/\/www.eko-bio-natura.sk\/shop\/#website\",\"url\":\"https:\/\/www.eko-bio-natura.sk\/shop\/\",\"name\":\"EKO-BIO-NATURA BIO OBCHOD\",\"description\":\"\",\"publisher\":{\"@id\":\"https:\/\/www.eko-bio-natura.sk\/shop\/#organization\"},\"potentialAction\":[{\"@type\":\"SearchAction\",\"target\":{\"@type\":\"EntryPoint\",\"urlTemplate\":\"https:\/\/www.eko-bio-natura.sk\/shop\/?s={search_term_string}\"},\"query-input\":{\"@type\":\"PropertyValueSpecification\",\"valueRequired\":true,\"valueName\":\"search_term_string\"}}],\"inLanguage\":\"sk-SK\"},{\"@type\":\"Organization\",\"@id\":\"https:\/\/www.eko-bio-natura.sk\/shop\/#organization\",\"name\":\"EKO-BIO-NATURA BIO OBCHOD\",\"url\":\"https:\/\/www.eko-bio-natura.sk\/shop\/\",\"logo\":{\"@type\":\"ImageObject\",\"inLanguage\":\"sk-SK\",\"@id\":\"https:\/\/www.eko-bio-natura.sk\/shop\/#\/schema\/logo\/image\/\",\"url\":\"https:\/\/www.eko-bio-natura.sk\/shop\/wp-content\/uploads\/2021\/04\/eko-bio-natura_logo.png\",\"contentUrl\":\"https:\/\/www.eko-bio-natura.sk\/shop\/wp-content\/uploads\/2021\/04\/eko-bio-natura_logo.png\",\"width\":552,\"height\":194,\"caption\":\"EKO-BIO-NATURA BIO OBCHOD\"},\"image\":{\"@id\":\"https:\/\/www.eko-bio-natura.sk\/shop\/#\/schema\/logo\/image\/\"}}]}<\/script>\n<!-- \/ Yoast SEO plugin. -->","yoast_head_json":{"title":"Deortegas Organic Extra Virgin Olive Oil Hojiblanca 500&nbsp;ml - EKO-BIO-NATURA BIO OBCHOD","robots":{"index":"index","follow":"follow","max-snippet":"max-snippet:-1","max-image-preview":"max-image-preview:large","max-video-preview":"max-video-preview:-1"},"canonical":"https:\/\/www.eko-bio-natura.sk\/shop\/produkt\/deortegas-organic-extra-virgin-olive-oil-hojiblanca-500-ml\/","og_locale":"sk_SK","og_type":"article","og_title":"Deortegas Organic Extra Virgin Olive Oil Hojiblanca 500&nbsp;ml - EKO-BIO-NATURA BIO OBCHOD","og_url":"https:\/\/www.eko-bio-natura.sk\/shop\/produkt\/deortegas-organic-extra-virgin-olive-oil-hojiblanca-500-ml\/","og_site_name":"EKO-BIO-NATURA BIO OBCHOD","article_modified_time":"2025-04-17T21:13:04+00:00","og_image":[{"width":1280,"height":1280,"url":"https:\/\/www.eko-bio-natura.sk\/shop\/wp-content\/uploads\/2025\/04\/deortegas-aceite-oliva-virgen-extra-ecologico-hojiblanca-box.png","type":"image\/png"}],"twitter_card":"summary_large_image","twitter_misc":{"Predpokladan\u00fd \u010das \u010d\u00edtania":"2 min\u00faty"},"schema":{"@context":"https:\/\/schema.org","@graph":[{"@type":"WebPage","@id":"https:\/\/www.eko-bio-natura.sk\/shop\/produkt\/deortegas-organic-extra-virgin-olive-oil-hojiblanca-500-ml\/","url":"https:\/\/www.eko-bio-natura.sk\/shop\/produkt\/deortegas-organic-extra-virgin-olive-oil-hojiblanca-500-ml\/","name":"Deortegas Organic Extra Virgin Olive Oil Hojiblanca 500&nbsp;ml - EKO-BIO-NATURA BIO OBCHOD","isPartOf":{"@id":"https:\/\/www.eko-bio-natura.sk\/shop\/#website"},"primaryImageOfPage":{"@id":"https:\/\/www.eko-bio-natura.sk\/shop\/produkt\/deortegas-organic-extra-virgin-olive-oil-hojiblanca-500-ml\/#primaryimage"},"image":{"@id":"https:\/\/www.eko-bio-natura.sk\/shop\/produkt\/deortegas-organic-extra-virgin-olive-oil-hojiblanca-500-ml\/#primaryimage"},"thumbnailUrl":"https:\/\/www.eko-bio-natura.sk\/shop\/wp-content\/uploads\/2025\/04\/deortegas-aceite-oliva-virgen-extra-ecologico-hojiblanca-box.png","datePublished":"2025-04-17T12:11:12+00:00","dateModified":"2025-04-17T21:13:04+00:00","breadcrumb":{"@id":"https:\/\/www.eko-bio-natura.sk\/shop\/produkt\/deortegas-organic-extra-virgin-olive-oil-hojiblanca-500-ml\/#breadcrumb"},"inLanguage":"sk-SK","potentialAction":[{"@type":"ReadAction","target":["https:\/\/www.eko-bio-natura.sk\/shop\/produkt\/deortegas-organic-extra-virgin-olive-oil-hojiblanca-500-ml\/"]}]},{"@type":"ImageObject","inLanguage":"sk-SK","@id":"https:\/\/www.eko-bio-natura.sk\/shop\/produkt\/deortegas-organic-extra-virgin-olive-oil-hojiblanca-500-ml\/#primaryimage","url":"https:\/\/www.eko-bio-natura.sk\/shop\/wp-content\/uploads\/2025\/04\/deortegas-aceite-oliva-virgen-extra-ecologico-hojiblanca-box.png","contentUrl":"https:\/\/www.eko-bio-natura.sk\/shop\/wp-content\/uploads\/2025\/04\/deortegas-aceite-oliva-virgen-extra-ecologico-hojiblanca-box.png","width":1280,"height":1280},{"@type":"BreadcrumbList","@id":"https:\/\/www.eko-bio-natura.sk\/shop\/produkt\/deortegas-organic-extra-virgin-olive-oil-hojiblanca-500-ml\/#breadcrumb","itemListElement":[{"@type":"ListItem","position":1,"name":"Domovsk\u00e1 str\u00e1nka","item":"https:\/\/www.eko-bio-natura.sk\/shop\/"},{"@type":"ListItem","position":2,"name":"Obchod","item":"https:\/\/www.eko-bio-natura.sk\/shop\/?page_id=6"},{"@type":"ListItem","position":3,"name":"Deortegas Organic Extra Virgin Olive Oil Hojiblanca 500&nbsp;ml"}]},{"@type":"WebSite","@id":"https:\/\/www.eko-bio-natura.sk\/shop\/#website","url":"https:\/\/www.eko-bio-natura.sk\/shop\/","name":"EKO-BIO-NATURA BIO OBCHOD","description":"","publisher":{"@id":"https:\/\/www.eko-bio-natura.sk\/shop\/#organization"},"potentialAction":[{"@type":"SearchAction","target":{"@type":"EntryPoint","urlTemplate":"https:\/\/www.eko-bio-natura.sk\/shop\/?s={search_term_string}"},"query-input":{"@type":"PropertyValueSpecification","valueRequired":true,"valueName":"search_term_string"}}],"inLanguage":"sk-SK"},{"@type":"Organization","@id":"https:\/\/www.eko-bio-natura.sk\/shop\/#organization","name":"EKO-BIO-NATURA BIO OBCHOD","url":"https:\/\/www.eko-bio-natura.sk\/shop\/","logo":{"@type":"ImageObject","inLanguage":"sk-SK","@id":"https:\/\/www.eko-bio-natura.sk\/shop\/#\/schema\/logo\/image\/","url":"https:\/\/www.eko-bio-natura.sk\/shop\/wp-content\/uploads\/2021\/04\/eko-bio-natura_logo.png","contentUrl":"https:\/\/www.eko-bio-natura.sk\/shop\/wp-content\/uploads\/2021\/04\/eko-bio-natura_logo.png","width":552,"height":194,"caption":"EKO-BIO-NATURA BIO OBCHOD"},"image":{"@id":"https:\/\/www.eko-bio-natura.sk\/shop\/#\/schema\/logo\/image\/"}}]}},"_links":{"self":[{"href":"https:\/\/www.eko-bio-natura.sk\/shop\/wp-json\/wp\/v2\/product\/12275","targetHints":{"allow":["GET"]}}],"collection":[{"href":"https:\/\/www.eko-bio-natura.sk\/shop\/wp-json\/wp\/v2\/product"}],"about":[{"href":"https:\/\/www.eko-bio-natura.sk\/shop\/wp-json\/wp\/v2\/types\/product"}],"replies":[{"embeddable":true,"href":"https:\/\/www.eko-bio-natura.sk\/shop\/wp-json\/wp\/v2\/comments?post=12275"}],"wp:featuredmedia":[{"embeddable":true,"href":"https:\/\/www.eko-bio-natura.sk\/shop\/wp-json\/wp\/v2\/media\/14757"}],"wp:attachment":[{"href":"https:\/\/www.eko-bio-natura.sk\/shop\/wp-json\/wp\/v2\/media?parent=12275"}],"wp:term":[{"taxonomy":"product_brand","embeddable":true,"href":"https:\/\/www.eko-bio-natura.sk\/shop\/wp-json\/wp\/v2\/product_brand?post=12275"},{"taxonomy":"product_cat","embeddable":true,"href":"https:\/\/www.eko-bio-natura.sk\/shop\/wp-json\/wp\/v2\/product_cat?post=12275"},{"taxonomy":"product_tag","embeddable":true,"href":"https:\/\/www.eko-bio-natura.sk\/shop\/wp-json\/wp\/v2\/product_tag?post=12275"}],"curies":[{"name":"wp","href":"https:\/\/api.w.org\/{rel}","templated":true}]}}