{"id":12256,"date":"2025-04-17T14:11:12","date_gmt":"2025-04-17T12:11:12","guid":{"rendered":"https:\/\/www.eko-bio-natura.sk\/shop\/produkt\/powerlogy-mak-a-mandle-krem-330-g\/"},"modified":"2025-04-17T23:10:51","modified_gmt":"2025-04-17T21:10:51","slug":"powerlogy-mak-a-mandle-krem-330-g","status":"publish","type":"product","link":"https:\/\/www.eko-bio-natura.sk\/shop\/produkt\/powerlogy-mak-a-mandle-krem-330-g\/","title":{"rendered":"Powerlogy Mak a Mandle Kr\u00e9m 330&nbsp;g"},"content":{"rendered":"<h2 class=\"wp-block-heading has-text-align-center\">To najd\u00f4le\u017eitej\u0161ie za 20 sek\u00fand<\/h2><p>Sladk\u00e1 makovo-orie\u0161kov\u00e1 n\u00e1tierka so \u0161tipkou soli. Tradi\u010dn\u00e9 chute spojen\u00e9 do jedn\u00e9ho kr\u00e9mu. Bez lepku, mlieka, palmov\u00e9ho oleja a umel\u00fdch konzervantov. Vyhrajte sa pri pe\u010den\u00ed najr\u00f4znej\u0161\u00edch dobr\u00f4t sk\u00f4r, ako kr\u00e9m zjete. ?&nbsp;Vysk\u00fa\u0161ajte makov\u00fd kr\u00e9m v kombin\u00e1cii s chrumkavou granolou v dom\u00e1cich, jablkov\u00fdch chia poh\u00e1roch.&nbsp;<\/p><h2 class=\"wp-block-heading has-text-align-center\">K\u013e\u00fa\u010dov\u00e9 benefity<\/h2><ul class=\"wp-block-list\"><li>Mandle a mak v\u00fdberovej kvality.<\/li><li>N\u00edzky obsah cukru&nbsp;pri zachovan\u00ed sladkej chute.<\/li><li>\u0160tipka morskej soli pre&nbsp;umocnenie chu\u0165ov\u00e9ho z\u00e1\u017eitku.<\/li><li>Bez mlieka, bez lepku,&nbsp;bez ara\u0161idov,&nbsp;palmov\u00e9ho oleja&nbsp;\u010di umel\u00fdch konzervantov.<\/li><li>Detailn\u00e9 laborat\u00f3rne testy&nbsp;na kontrolu ochratox\u00ednov, aflatox\u00ednov a oxid\u00e1cie orechov.<\/li><\/ul><p class=\"has-text-align-left\">Powerlogy orechov\u00e9 kr\u00e9my sp\u013a\u0148aj\u00fa najvy\u0161\u0161ie krit\u00e9ri\u00e1 kvality a ich cie\u013eom je nielen&nbsp;v\u00fdnimo\u010dn\u00e1 chu\u0165, ale aj&nbsp;vysok\u00e1 v\u00fd\u017eivov\u00e1 hodnota.<\/p><p class=\"has-text-align-left\">V Powerlogy sa sna\u017e\u00edme urobi\u0165 maximum pre v\u00fdvoj produktov, ktor\u00e9 v sebe sp\u00e1jaj\u00fa silu \u010distej chuti a funk\u010dnosti pre extra energiu a nadpriemern\u00fd fyzick\u00fd i ment\u00e1lny v\u00fdkon. Ver\u00edme, \u017ee kvalitn\u00e9 jedlo men\u00ed myslenie, a preto maj\u00fa v\u0161etky na\u0161e produkty vysok\u00fa v\u00fd\u017eivov\u00fa hodnotu.<\/p><h2 class=\"wp-block-heading has-text-align-center has-text-color has-link-color wp-elements-a7c8602bbc92c635f61926ce047bbb21\" style=\"color:#3e2924\">V \u010dom je unik\u00e1tny?<\/h2><p class=\"has-text-align-center has-text-color has-link-color wp-elements-2e3ed58b52615ea9ac4f40700b3ef4ab\" style=\"color:#3e2924\">Ak chcete na na\u0161om \u00fazem\u00ed pripravi\u0165 nie\u010do sviato\u010dn\u00e9 a sladk\u00e9,&nbsp;mak je tou spr\u00e1vnou ingredienciou.&nbsp;Preto sme sa rozhodli vyu\u017ei\u0165 mnoh\u00fdmi ob\u013e\u00faben\u00e9 modr\u00e9 zrnk\u00e1 a vyk\u00fazli\u0165 z nich nie\u010do viac. Kvalitn\u00fd mak sme spojili s jemne pra\u017een\u00fdmi mand\u013eami, pridali trstinov\u00fd cukor a v\u0161etko korunovali \u0161tipkou morskej soli. Ako op\u00edsa\u0165 v\u00fdsledn\u00fa chu\u0165?&nbsp;Predstavte si viano\u010dn\u00fd kol\u00e1\u010d s makom a orechami\u2026 bez cesta!&nbsp;Akoby ste jedli viano\u010dn\u00fd \u0161tedr\u00e1k ly\u017eicou.<\/p><p class=\"has-text-align-center has-text-color has-link-color wp-elements-bad90950fc86728296dd0d131b6f3a31\" style=\"color:#3e2924\">Pravdepodobne&nbsp;prv\u00fd makovo-orechov\u00fd kr\u00e9m na Slovensku&nbsp;m\u00e1 okrem rozpr\u00e1vkovej chuti aj v\u00fd\u017eivov\u00e9 v\u00fdhody. Ako je u n\u00e1s zvykom, vych\u00e1dzaj\u00fa zo starostlivo vyberanej kombin\u00e1cie pr\u00e9miov\u00fdch ingredienci\u00ed.<\/p><h2 class=\"wp-block-heading has-text-align-center has-black-color has-text-color has-link-color wp-elements-f6a48ee4ec134b7031fa805119e903a3\">Pre\u010do mak a mandle?<\/h2><p class=\"has-text-align-center\">V prvom rade si zopakujme benefity maku. V\u010faka&nbsp;vysok\u00e9mu mno\u017estvo vl\u00e1kniny&nbsp;(a\u017e 23 g na 100 g) v\u00e1m zlep\u0161\u00ed tr\u00e1venie a r\u00fdchlej\u0161ie navod\u00ed pocit s\u00fdtosti. Je tie\u017e bohat\u00fd na&nbsp;omega-3 mastn\u00e9 kyseliny&nbsp;a&nbsp;podporuje vyu\u017eite\u013enos\u0165 vitam\u00ednov&nbsp;rozpustn\u00fdch v tukoch. Ka\u017ed\u00e1 porcia obsahuje v\u00fdznamn\u00e9 mno\u017estvo&nbsp;vitam\u00ednu E a nieko\u013eko miner\u00e1lnych l\u00e1tok&nbsp;(me\u010f, zinok, hor\u010d\u00edk, \u017eelezo a v\u00e1pnik). Jedenie maku je teda prevenciou proti osteopor\u00f3ze, zlep\u0161uje pam\u00e4\u0165 \u010di nechty a vlasy.<\/p><p class=\"has-text-align-center\">Ani mandle nezaost\u00e1vaj\u00fa. Zvy\u0161uj\u00fa celkov\u00e9 mno\u017estvo&nbsp;vl\u00e1kniny aj vitam\u00ednu E&nbsp;v kr\u00e9me a dod\u00e1vaj\u00fa mu&nbsp;typick\u00fa pra\u017een\u00fa chu\u0165.&nbsp;U n\u00e1s je \u0161tandardom, \u017ee orie\u0161kov\u00e9 kr\u00e9my obsahuj\u00fa menej cukru ne\u017e je zvykom. Viete, ako by chutil makov\u00fd kol\u00e1\u010d s&nbsp;15 % cukru?&nbsp;My nie. Ale tomuto kr\u00e9mu toto mno\u017estvo cukru&nbsp;dokonalo sta\u010d\u00ed.<\/p><h2 class=\"wp-block-heading has-text-align-center\">Vyu\u017eitie produktu:<\/h2><ul class=\"wp-block-list\"><li>Prida\u0165&nbsp;do dom\u00e1ceho pe\u010denia&nbsp;ako zdroj kvalitn\u00fdch tukov a jedine\u010dnej chuti.<\/li><li>Prida\u0165 do ka\u0161e \u010di&nbsp;<a href=\"https:\/\/powerlogy.com\/power-granola\">granoly<\/a>.<\/li><li>Len tak na ly\u017eicu.<\/li><\/ul>","protected":false},"excerpt":{"rendered":"","protected":false},"featured_media":14148,"comment_status":"open","ping_status":"open","template":"","meta":{"site-sidebar-layout":"default","site-content-layout":"","ast-site-content-layout":"default","site-content-style":"default","site-sidebar-style":"default","ast-global-header-display":"","ast-banner-title-visibility":"","ast-main-header-display":"","ast-hfb-above-header-display":"","ast-hfb-below-header-display":"","ast-hfb-mobile-header-display":"","site-post-title":"","ast-breadcrumbs-content":"","ast-featured-img":"","footer-sml-layout":"","ast-disable-related-posts":"","theme-transparent-header-meta":"","adv-header-id-meta":"","stick-header-meta":"","header-above-stick-meta":"","header-main-stick-meta":"","header-below-stick-meta":"","astra-migrate-meta-layouts":"default","ast-page-background-enabled":"default","ast-page-background-meta":{"desktop":{"background-color":"","background-image":"","background-repeat":"repeat","background-position":"center center","background-size":"auto","background-attachment":"scroll","background-type":"","background-media":"","overlay-type":"","overlay-color":"","overlay-opacity":"","overlay-gradient":""},"tablet":{"background-color":"","background-image":"","background-repeat":"repeat","background-position":"center center","background-size":"auto","background-attachment":"scroll","background-type":"","background-media":"","overlay-type":"","overlay-color":"","overlay-opacity":"","overlay-gradient":""},"mobile":{"background-color":"","background-image":"","background-repeat":"repeat","background-position":"center center","background-size":"auto","background-attachment":"scroll","background-type":"","background-media":"","overlay-type":"","overlay-color":"","overlay-opacity":"","overlay-gradient":""}},"ast-content-background-meta":{"desktop":{"background-color":"var(--ast-global-color-5)","background-image":"","background-repeat":"repeat","background-position":"center center","background-size":"auto","background-attachment":"scroll","background-type":"","background-media":"","overlay-type":"","overlay-color":"","overlay-opacity":"","overlay-gradient":""},"tablet":{"background-color":"var(--ast-global-color-5)","background-image":"","background-repeat":"repeat","background-position":"center center","background-size":"auto","background-attachment":"scroll","background-type":"","background-media":"","overlay-type":"","overlay-color":"","overlay-opacity":"","overlay-gradient":""},"mobile":{"background-color":"var(--ast-global-color-5)","background-image":"","background-repeat":"repeat","background-position":"center center","background-size":"auto","background-attachment":"scroll","background-type":"","background-media":"","overlay-type":"","overlay-color":"","overlay-opacity":"","overlay-gradient":""}}},"product_brand":[],"product_cat":[16,49,119],"product_tag":[364],"class_list":{"0":"post-12256","1":"product","2":"type-product","3":"status-publish","4":"has-post-thumbnail","6":"product_cat-bio-potraviny","7":"product_cat-med-dzemy-a-natierky","8":"product_cat-orechove-masla-a-kremy","9":"product_tag-lokalny-produkt","10":"pa_cena-dopravy-2564","11":"pa_doprava-kurier","12":"pa_typ-partnersky-predaj","13":"pa_znacka-powerlogy","14":"desktop-align-left","15":"tablet-align-left","16":"mobile-align-left","18":"first","19":"instock","20":"sale","21":"product-type-external"},"yoast_head":"<!-- This site is optimized with the Yoast SEO plugin v27.2 - https:\/\/yoast.com\/product\/yoast-seo-wordpress\/ -->\n<title>Powerlogy Mak a Mandle Kr\u00e9m 330&nbsp;g - EKO-BIO-NATURA BIO OBCHOD<\/title>\n<meta name=\"robots\" content=\"index, follow, max-snippet:-1, max-image-preview:large, max-video-preview:-1\" \/>\n<link rel=\"canonical\" href=\"https:\/\/www.eko-bio-natura.sk\/shop\/produkt\/powerlogy-mak-a-mandle-krem-330-g\/\" \/>\n<meta property=\"og:locale\" content=\"sk_SK\" \/>\n<meta property=\"og:type\" content=\"article\" \/>\n<meta property=\"og:title\" content=\"Powerlogy Mak a Mandle Kr\u00e9m 330&nbsp;g - EKO-BIO-NATURA BIO OBCHOD\" \/>\n<meta property=\"og:url\" content=\"https:\/\/www.eko-bio-natura.sk\/shop\/produkt\/powerlogy-mak-a-mandle-krem-330-g\/\" \/>\n<meta property=\"og:site_name\" content=\"EKO-BIO-NATURA BIO OBCHOD\" \/>\n<meta property=\"article:modified_time\" content=\"2025-04-17T21:10:51+00:00\" \/>\n<meta property=\"og:image\" content=\"https:\/\/www.eko-bio-natura.sk\/shop\/wp-content\/uploads\/2023\/07\/mak-a-mandle-330g-crop3.png\" \/>\n\t<meta property=\"og:image:width\" content=\"1000\" \/>\n\t<meta property=\"og:image:height\" content=\"1000\" \/>\n\t<meta property=\"og:image:type\" content=\"image\/png\" \/>\n<meta name=\"twitter:card\" content=\"summary_large_image\" \/>\n<meta name=\"twitter:label1\" content=\"Predpokladan\u00fd \u010das \u010d\u00edtania\" \/>\n\t<meta name=\"twitter:data1\" content=\"3 min\u00faty\" \/>\n<script type=\"application\/ld+json\" class=\"yoast-schema-graph\">{\"@context\":\"https:\/\/schema.org\",\"@graph\":[{\"@type\":\"WebPage\",\"@id\":\"https:\/\/www.eko-bio-natura.sk\/shop\/produkt\/powerlogy-mak-a-mandle-krem-330-g\/\",\"url\":\"https:\/\/www.eko-bio-natura.sk\/shop\/produkt\/powerlogy-mak-a-mandle-krem-330-g\/\",\"name\":\"Powerlogy Mak a Mandle Kr\u00e9m 330&nbsp;g - EKO-BIO-NATURA BIO OBCHOD\",\"isPartOf\":{\"@id\":\"https:\/\/www.eko-bio-natura.sk\/shop\/#website\"},\"primaryImageOfPage\":{\"@id\":\"https:\/\/www.eko-bio-natura.sk\/shop\/produkt\/powerlogy-mak-a-mandle-krem-330-g\/#primaryimage\"},\"image\":{\"@id\":\"https:\/\/www.eko-bio-natura.sk\/shop\/produkt\/powerlogy-mak-a-mandle-krem-330-g\/#primaryimage\"},\"thumbnailUrl\":\"https:\/\/www.eko-bio-natura.sk\/shop\/wp-content\/uploads\/2023\/07\/mak-a-mandle-330g-crop3.png\",\"datePublished\":\"2025-04-17T12:11:12+00:00\",\"dateModified\":\"2025-04-17T21:10:51+00:00\",\"breadcrumb\":{\"@id\":\"https:\/\/www.eko-bio-natura.sk\/shop\/produkt\/powerlogy-mak-a-mandle-krem-330-g\/#breadcrumb\"},\"inLanguage\":\"sk-SK\",\"potentialAction\":[{\"@type\":\"ReadAction\",\"target\":[\"https:\/\/www.eko-bio-natura.sk\/shop\/produkt\/powerlogy-mak-a-mandle-krem-330-g\/\"]}]},{\"@type\":\"ImageObject\",\"inLanguage\":\"sk-SK\",\"@id\":\"https:\/\/www.eko-bio-natura.sk\/shop\/produkt\/powerlogy-mak-a-mandle-krem-330-g\/#primaryimage\",\"url\":\"https:\/\/www.eko-bio-natura.sk\/shop\/wp-content\/uploads\/2023\/07\/mak-a-mandle-330g-crop3.png\",\"contentUrl\":\"https:\/\/www.eko-bio-natura.sk\/shop\/wp-content\/uploads\/2023\/07\/mak-a-mandle-330g-crop3.png\",\"width\":1000,\"height\":1000},{\"@type\":\"BreadcrumbList\",\"@id\":\"https:\/\/www.eko-bio-natura.sk\/shop\/produkt\/powerlogy-mak-a-mandle-krem-330-g\/#breadcrumb\",\"itemListElement\":[{\"@type\":\"ListItem\",\"position\":1,\"name\":\"Domovsk\u00e1 str\u00e1nka\",\"item\":\"https:\/\/www.eko-bio-natura.sk\/shop\/\"},{\"@type\":\"ListItem\",\"position\":2,\"name\":\"Obchod\",\"item\":\"https:\/\/www.eko-bio-natura.sk\/shop\/?page_id=6\"},{\"@type\":\"ListItem\",\"position\":3,\"name\":\"Powerlogy Mak a Mandle Kr\u00e9m 330&nbsp;g\"}]},{\"@type\":\"WebSite\",\"@id\":\"https:\/\/www.eko-bio-natura.sk\/shop\/#website\",\"url\":\"https:\/\/www.eko-bio-natura.sk\/shop\/\",\"name\":\"EKO-BIO-NATURA BIO OBCHOD\",\"description\":\"\",\"publisher\":{\"@id\":\"https:\/\/www.eko-bio-natura.sk\/shop\/#organization\"},\"potentialAction\":[{\"@type\":\"SearchAction\",\"target\":{\"@type\":\"EntryPoint\",\"urlTemplate\":\"https:\/\/www.eko-bio-natura.sk\/shop\/?s={search_term_string}\"},\"query-input\":{\"@type\":\"PropertyValueSpecification\",\"valueRequired\":true,\"valueName\":\"search_term_string\"}}],\"inLanguage\":\"sk-SK\"},{\"@type\":\"Organization\",\"@id\":\"https:\/\/www.eko-bio-natura.sk\/shop\/#organization\",\"name\":\"EKO-BIO-NATURA BIO OBCHOD\",\"url\":\"https:\/\/www.eko-bio-natura.sk\/shop\/\",\"logo\":{\"@type\":\"ImageObject\",\"inLanguage\":\"sk-SK\",\"@id\":\"https:\/\/www.eko-bio-natura.sk\/shop\/#\/schema\/logo\/image\/\",\"url\":\"https:\/\/www.eko-bio-natura.sk\/shop\/wp-content\/uploads\/2021\/04\/eko-bio-natura_logo.png\",\"contentUrl\":\"https:\/\/www.eko-bio-natura.sk\/shop\/wp-content\/uploads\/2021\/04\/eko-bio-natura_logo.png\",\"width\":552,\"height\":194,\"caption\":\"EKO-BIO-NATURA BIO OBCHOD\"},\"image\":{\"@id\":\"https:\/\/www.eko-bio-natura.sk\/shop\/#\/schema\/logo\/image\/\"}}]}<\/script>\n<!-- \/ Yoast SEO plugin. -->","yoast_head_json":{"title":"Powerlogy Mak a Mandle Kr\u00e9m 330&nbsp;g - EKO-BIO-NATURA BIO OBCHOD","robots":{"index":"index","follow":"follow","max-snippet":"max-snippet:-1","max-image-preview":"max-image-preview:large","max-video-preview":"max-video-preview:-1"},"canonical":"https:\/\/www.eko-bio-natura.sk\/shop\/produkt\/powerlogy-mak-a-mandle-krem-330-g\/","og_locale":"sk_SK","og_type":"article","og_title":"Powerlogy Mak a Mandle Kr\u00e9m 330&nbsp;g - EKO-BIO-NATURA BIO OBCHOD","og_url":"https:\/\/www.eko-bio-natura.sk\/shop\/produkt\/powerlogy-mak-a-mandle-krem-330-g\/","og_site_name":"EKO-BIO-NATURA BIO OBCHOD","article_modified_time":"2025-04-17T21:10:51+00:00","og_image":[{"width":1000,"height":1000,"url":"https:\/\/www.eko-bio-natura.sk\/shop\/wp-content\/uploads\/2023\/07\/mak-a-mandle-330g-crop3.png","type":"image\/png"}],"twitter_card":"summary_large_image","twitter_misc":{"Predpokladan\u00fd \u010das \u010d\u00edtania":"3 min\u00faty"},"schema":{"@context":"https:\/\/schema.org","@graph":[{"@type":"WebPage","@id":"https:\/\/www.eko-bio-natura.sk\/shop\/produkt\/powerlogy-mak-a-mandle-krem-330-g\/","url":"https:\/\/www.eko-bio-natura.sk\/shop\/produkt\/powerlogy-mak-a-mandle-krem-330-g\/","name":"Powerlogy Mak a Mandle Kr\u00e9m 330&nbsp;g - EKO-BIO-NATURA BIO OBCHOD","isPartOf":{"@id":"https:\/\/www.eko-bio-natura.sk\/shop\/#website"},"primaryImageOfPage":{"@id":"https:\/\/www.eko-bio-natura.sk\/shop\/produkt\/powerlogy-mak-a-mandle-krem-330-g\/#primaryimage"},"image":{"@id":"https:\/\/www.eko-bio-natura.sk\/shop\/produkt\/powerlogy-mak-a-mandle-krem-330-g\/#primaryimage"},"thumbnailUrl":"https:\/\/www.eko-bio-natura.sk\/shop\/wp-content\/uploads\/2023\/07\/mak-a-mandle-330g-crop3.png","datePublished":"2025-04-17T12:11:12+00:00","dateModified":"2025-04-17T21:10:51+00:00","breadcrumb":{"@id":"https:\/\/www.eko-bio-natura.sk\/shop\/produkt\/powerlogy-mak-a-mandle-krem-330-g\/#breadcrumb"},"inLanguage":"sk-SK","potentialAction":[{"@type":"ReadAction","target":["https:\/\/www.eko-bio-natura.sk\/shop\/produkt\/powerlogy-mak-a-mandle-krem-330-g\/"]}]},{"@type":"ImageObject","inLanguage":"sk-SK","@id":"https:\/\/www.eko-bio-natura.sk\/shop\/produkt\/powerlogy-mak-a-mandle-krem-330-g\/#primaryimage","url":"https:\/\/www.eko-bio-natura.sk\/shop\/wp-content\/uploads\/2023\/07\/mak-a-mandle-330g-crop3.png","contentUrl":"https:\/\/www.eko-bio-natura.sk\/shop\/wp-content\/uploads\/2023\/07\/mak-a-mandle-330g-crop3.png","width":1000,"height":1000},{"@type":"BreadcrumbList","@id":"https:\/\/www.eko-bio-natura.sk\/shop\/produkt\/powerlogy-mak-a-mandle-krem-330-g\/#breadcrumb","itemListElement":[{"@type":"ListItem","position":1,"name":"Domovsk\u00e1 str\u00e1nka","item":"https:\/\/www.eko-bio-natura.sk\/shop\/"},{"@type":"ListItem","position":2,"name":"Obchod","item":"https:\/\/www.eko-bio-natura.sk\/shop\/?page_id=6"},{"@type":"ListItem","position":3,"name":"Powerlogy Mak a Mandle Kr\u00e9m 330&nbsp;g"}]},{"@type":"WebSite","@id":"https:\/\/www.eko-bio-natura.sk\/shop\/#website","url":"https:\/\/www.eko-bio-natura.sk\/shop\/","name":"EKO-BIO-NATURA BIO OBCHOD","description":"","publisher":{"@id":"https:\/\/www.eko-bio-natura.sk\/shop\/#organization"},"potentialAction":[{"@type":"SearchAction","target":{"@type":"EntryPoint","urlTemplate":"https:\/\/www.eko-bio-natura.sk\/shop\/?s={search_term_string}"},"query-input":{"@type":"PropertyValueSpecification","valueRequired":true,"valueName":"search_term_string"}}],"inLanguage":"sk-SK"},{"@type":"Organization","@id":"https:\/\/www.eko-bio-natura.sk\/shop\/#organization","name":"EKO-BIO-NATURA BIO OBCHOD","url":"https:\/\/www.eko-bio-natura.sk\/shop\/","logo":{"@type":"ImageObject","inLanguage":"sk-SK","@id":"https:\/\/www.eko-bio-natura.sk\/shop\/#\/schema\/logo\/image\/","url":"https:\/\/www.eko-bio-natura.sk\/shop\/wp-content\/uploads\/2021\/04\/eko-bio-natura_logo.png","contentUrl":"https:\/\/www.eko-bio-natura.sk\/shop\/wp-content\/uploads\/2021\/04\/eko-bio-natura_logo.png","width":552,"height":194,"caption":"EKO-BIO-NATURA BIO OBCHOD"},"image":{"@id":"https:\/\/www.eko-bio-natura.sk\/shop\/#\/schema\/logo\/image\/"}}]}},"_links":{"self":[{"href":"https:\/\/www.eko-bio-natura.sk\/shop\/wp-json\/wp\/v2\/product\/12256","targetHints":{"allow":["GET"]}}],"collection":[{"href":"https:\/\/www.eko-bio-natura.sk\/shop\/wp-json\/wp\/v2\/product"}],"about":[{"href":"https:\/\/www.eko-bio-natura.sk\/shop\/wp-json\/wp\/v2\/types\/product"}],"replies":[{"embeddable":true,"href":"https:\/\/www.eko-bio-natura.sk\/shop\/wp-json\/wp\/v2\/comments?post=12256"}],"wp:featuredmedia":[{"embeddable":true,"href":"https:\/\/www.eko-bio-natura.sk\/shop\/wp-json\/wp\/v2\/media\/14148"}],"wp:attachment":[{"href":"https:\/\/www.eko-bio-natura.sk\/shop\/wp-json\/wp\/v2\/media?parent=12256"}],"wp:term":[{"taxonomy":"product_brand","embeddable":true,"href":"https:\/\/www.eko-bio-natura.sk\/shop\/wp-json\/wp\/v2\/product_brand?post=12256"},{"taxonomy":"product_cat","embeddable":true,"href":"https:\/\/www.eko-bio-natura.sk\/shop\/wp-json\/wp\/v2\/product_cat?post=12256"},{"taxonomy":"product_tag","embeddable":true,"href":"https:\/\/www.eko-bio-natura.sk\/shop\/wp-json\/wp\/v2\/product_tag?post=12256"}],"curies":[{"name":"wp","href":"https:\/\/api.w.org\/{rel}","templated":true}]}}