{"id":12249,"date":"2025-04-17T14:11:11","date_gmt":"2025-04-17T12:11:11","guid":{"rendered":"https:\/\/www.eko-bio-natura.sk\/shop\/produkt\/powerlogy-patrik-le-giang-pack\/"},"modified":"2025-04-17T14:11:11","modified_gmt":"2025-04-17T12:11:11","slug":"powerlogy-patrik-le-giang-pack","status":"publish","type":"product","link":"https:\/\/www.eko-bio-natura.sk\/shop\/produkt\/powerlogy-patrik-le-giang-pack\/","title":{"rendered":"Powerlogy Patrik Le Giang&nbsp;Pack"},"content":{"rendered":"<h2 class=\"wp-block-heading has-text-align-center\">To najd\u00f4le\u017eitej\u0161ie za 20 sek\u00fand<\/h2><p>Kolag\u00e9n reprezentuje\u00a0funk\u010dn\u00fa v\u00fd\u017eivu poko\u017eky, vlasov, nechtov, \u0161liach a k\u013abov. Pr\u00e9miov\u00fd BIO MCT olej s vysok\u00fdm obsahom kyseliny kaprylovej (C8) zase efekt\u00edvne dod\u00e1 r\u00fdchlu energiu mozgu i svalom. A lahodn\u00e9 Organic Espresso v\u00e1m posunie chu\u0165ov\u00fd z\u00e1\u017eitok z k\u00e1vy na in\u00fa \u00farove\u0148. Potraviny neobsahuj\u00fa lakt\u00f3zu, lepok, s\u00f3ju, cukor ani umel\u00e9 konzervanty.<\/p><h2 class=\"wp-block-heading has-text-align-center\">Kto je Patrik?<\/h2><p class=\"has-text-align-center has-black-color has-text-color has-link-color wp-elements-e6fdbed37aa37d02063c8cebaedd6ece\">Patrik Le Giang&nbsp;je vrcholov\u00fd futbalista v pra\u017eskom klube Bohemians, ktor\u00fd si raz\u00ed svoju cestu. Nielen v kari\u00e9re, ale aj v pr\u00edstupe k \u017eivotu.<\/p><p class=\"has-text-align-center has-black-color has-text-color has-link-color wp-elements-66e03c2ffaf49bcc0a24c86f1ee76f57\">Medzi hr\u00e1\u010dmi a kamar\u00e1tmi je zn\u00e1me, \u017ee&nbsp;m\u00e1 \u0161pecifick\u00fd pr\u00edstup k \u017eivotu a strave.&nbsp;Netaj\u00ed sa t\u00fdm, \u017ee klasick\u00e9 bohat\u00e9 ra\u0148ajky nie s\u00fa pre neho a pr\u00e1ve&nbsp;<a href=\"https:\/\/powerlogy.com\/blog\/power-coffee-s-mct-olejom-maslom\">\u201enepriestre\u013en\u00e1 k\u00e1va\u201c s MCT olejom<\/a>&nbsp;mu d\u00e1va mo\u017enos\u0165 ako by\u0165 pln\u00fd energie a z\u00e1rove\u0148 sa c\u00edti\u0165 \u013eahko. To sa vo futbalovej br\u00e1nke hod\u00ed.  <\/p><p class=\"tw-text-p-l tw-text-black\">Dlhodobo fungujem pod\u013ea protokolu\u00a0\u010diasto\u010dn\u00e9ho hladovania,\u00a0v\u010faka ktor\u00e9mu sa m\u00f4\u017eem spo\u013eahn\u00fa\u0165 na energiu svojho tela. Stravu a spr\u00e1vne nastavenie mysle pova\u017eujem za \u017eivotn\u00fd \u0161t\u00fdl.\u00a0A Powerlogy mi s t\u00fdmto ve\u013emi pom\u00e1ha.\u00a0Dlh\u00e9 roky tvor\u00ed moje ra\u0148ajky\u00a0Power Coffee s MCT olejom.\u00a0Po nej som pln\u00fd energie a c\u00edtim sa \u013eahko. A v r\u00e1mci regener\u00e1cie je zase pomocn\u00edkom\u00a0Powerlogy Collagen.<\/p><h2 class=\"wp-block-heading has-text-align-center\">V \u010dom je n\u00e1\u0161 kolag\u00e9n unik\u00e1tny?<\/h2><p class=\"has-text-align-center has-black-color has-text-color has-link-color wp-elements-5012a70c2fd5d17148684e9155a7f71c\">Prote\u00edn&nbsp;kolag\u00e9n je z\u00e1kladnou stavebnou jednotkou&nbsp;poko\u017eky, vlasov, nechtov, \u0161liach, k\u013abov a chrupaviek. Dal by sa nazva\u0165 lepidlom, ktor\u00e9 n\u00e1s dr\u017e\u00ed pokope. Telo ho s\u00edce prirodzene produkuje, no s narastaj\u00facim vekom sa jeho produkcia zni\u017euje. To vedie k oslabeniu \u0161trukt\u00far buniek a prejavom starnutia. Preto je ve\u013emi d\u00f4le\u017eit\u00e9 vybra\u0165 si&nbsp;kvalitn\u00fd hydrolyzovan\u00fd kolag\u00e9n&nbsp;a zakomponova\u0165 ho do stravy.<\/p><p class=\"has-text-align-center has-black-color has-text-color has-link-color wp-elements-2172f41c39af80e32ded28dadba6e3d2\">Popri v\u0161etk\u00fdch ostatn\u00fdch benefitoch je n\u00e1\u0161 kolag\u00e9n\u00a0v\u00fdborne rozpustn\u00fd\u00a0v tepl\u00fdch aj studen\u00fdch kombin\u00e1ciach, a tak ho m\u00f4\u017eete prida\u0165 do k\u00e1vy, polievok, smoothies \u010di om\u00e1\u010dok. <\/p><h2 class=\"wp-block-heading has-text-align-center\">V \u010dom je n\u00e1\u0161 MCT olej unik\u00e1tny?<\/h2><p class=\"has-text-align-center has-black-color has-text-color has-link-color wp-elements-6dae3baaf78a6cd314af85d9bb602496\">Powerlogy Organic MCT Oil\u00a0je \u0161peci\u00e1lny extrakt\u00a0100 % kokosov\u00e9ho p\u00f4vodu\u00a0bez chemick\u00fdch pr\u00eddavkov a umel\u00fdch konzervantov. Obsahuje iba r\u00fdchlo vstrebateln\u00e9 triglyceridy so stredne dlh\u00fdm re\u0165azcom C8 a C10, ktor\u00e9 metabolizuj\u00fa\u00a0r\u00fdchlej\u0161ie a \u013eah\u0161ie ako be\u017en\u00e9 tuky, prote\u00edny \u010di sacharidy.<\/p><p class=\"has-text-align-center\">K\u00fdm olivov\u00fd olej tr\u00e1vite ako komplexn\u00fd tuk, nehovoriac o omega-6 mastn\u00fdch kyselin\u00e1ch in\u00fdch rastlinn\u00fdch olejov, tak MCT olej tr\u00e1vite v r\u00fdchlej metabolickej dr\u00e1he podobne ako sacharidy.&nbsp;R\u00fdchlo sa vstreb\u00e1va&nbsp;a premie\u0148a na ket\u00f3ny, v\u010faka ktor\u00fdm z\u00edskate&nbsp;dlhotrvaj\u00facu stabiln\u00fa energiu, ktor\u00fa v\u00e1m cukor neposkytne.<\/p><p class=\"has-text-align-center has-black-color has-text-color has-link-color wp-elements-c57f9e846eef00b7c2fc9840652ed61c\">N\u00e1\u0161 MCT olej v BIO kvalite je bez chute a ar\u00f3my, \u010di\u017ee m\u00e1 v\u0161estrann\u00e9 vyu\u017eitie. Vyu\u017e\u00edva sa hlavne na\u00a0podporu ment\u00e1lneho v\u00fdkonu, pri prechode na low carb a\u017e ketogenick\u00fa stravu alebo na z\u00edskanie extra energie pri \u0161porte.\u00a0Odpor\u00fa\u010dan\u00e1 denn\u00e1 d\u00e1vka\u00a0pre be\u017en\u00e9ho \u010dloveka je 10 \u2013 15 ml do n\u00e1poja alebo jedla 1 a\u017e 2-kr\u00e1t denne. MCT olej je nen\u00e1ro\u010dn\u00fd na skladovanie, nevy\u017eaduje chladni\u010dku a je tekut\u00fd pri izbovej teplote. Zauj\u00edma v\u00e1s viac? Detaily sa dozviete\u00a0<a href=\"https:\/\/powerlogy.com\/power-mct-oil-500ml\">na str\u00e1nke MCT oleja<\/a>.<\/p><h2 class=\"wp-block-heading has-text-align-center\">V \u010dom je k\u00e1va unik\u00e1tna?<\/h2><p class=\"has-text-align-center has-black-color has-text-color has-link-color wp-elements-8f86cafd0df6b2b264ec6008098c0c75\">Tr\u00fafame si poveda\u0165, \u017ee a\u017e 80 % k\u00e1vy,\u00a0ktor\u00fa be\u017ene pijeme, p\u00f4sob\u00ed na organizmus toxicky a zab\u00edja tak v\u0161etok skvel\u00fd potenci\u00e1l bezchybnej v\u00fdberovej k\u00e1vy. \u010ci u\u017e je to nekvalitn\u00fdm v\u00fdberom z\u0155n, spracovan\u00edm, alebo r\u00fdchlym pra\u017een\u00edm k\u00e1vy, zistili sme, \u017ee tak\u00e1to k\u00e1va n\u00e1m skr\u00e1tka nerob\u00ed dobre.<\/p><p class=\"has-text-align-center\">Cie\u013eom Organic Espressa je&nbsp;vyv\u00e1\u017een\u00e1, siln\u00e1 a stabiln\u00e1 chu\u0165.&nbsp;Ani hork\u00e1, ani kysl\u00e1, no s trvalou&nbsp;kvalitou potvrdenou ofici\u00e1lnymi laborat\u00f3rnymi testami.&nbsp;V\u010faka vybranej met\u00f3de spracovania a&nbsp;pra\u017eenia dok\u00e1\u017eeme plne rozlo\u017ei\u0165 ne\u017eiaduce kyseliny, pri\u010dom dostaneme z&nbsp;k\u00e1vy&nbsp;maximum esenci\u00e1lnych olejov,&nbsp;v&nbsp;ktor\u00fdch je ukryt\u00e9&nbsp;antioxida\u010dn\u00e9, chu\u0165ov\u00e9&nbsp;a&nbsp;stimula\u010dn\u00e9 bohatstvo.&nbsp;T\u00e1to&nbsp;k\u00e1va sp\u013a\u0148a tie najpr\u00edsnej\u0161ie krit\u00e9ri\u00e1 kvality pre skuto\u010dn\u00fa&nbsp;podporu v\u00e1\u0161ho organizmu a pote\u0161enie v\u00e1\u0161ho&nbsp;jazyka.<\/p><p class=\"has-text-align-center has-black-color has-text-color has-link-color wp-elements-30b51b6da2124a6eb476dd7c9f033b7c\">A preto z tejto espresso k\u00e1vy m\u00f4\u017eete o\u010dak\u00e1va\u0165 skuto\u010dne \u010dist\u00fa energiu a zdrav\u00e9 nakopnutie\u00a0bez podr\u00e1\u017edenia \u017eal\u00fadka. Samozrejme, denn\u00e1 d\u00e1vka je pre ka\u017ed\u00e9ho individu\u00e1lna. Odpor\u00fa\u010dame sa pohybova\u0165 v intervale 1 a\u017e 4 k\u00e1vy denne, pri\u010dom z\u00e1le\u017e\u00ed na tom, \u010di to bude menej kofe\u00ednov\u00e9 espresso alebo siln\u00e1 zalievan\u00e1 k\u00e1va.\u00a0<a href=\"https:\/\/powerlogy.com\/organic-espresso-1000g\">Viac detailov o na\u0161ej k\u00e1ve.<\/a><\/p><h2 class=\"wp-block-heading has-text-align-center\">Viac o produktoch<\/h2><p class=\"has-text-align-center has-black-color has-text-color has-link-color wp-elements-599edbdbf48e5ce7094a9138051d2ff8\"><a href=\"https:\/\/powerlogy.com\/power-mct-oil-500ml\">Powerlogy Organic Ceremonial Cacao 300\u00a0g<\/a><\/p><p class=\"has-text-align-center has-black-color has-text-color has-link-color wp-elements-3f93d72008690a90f8a942dfbae3b3a5\"><a href=\"https:\/\/powerlogy.com\/organic-espresso\">Powerlogy Organic Coffee 900\u00a0g<\/a><\/p><p class=\"has-text-align-center has-black-color has-text-color has-link-color wp-elements-0eb2a6af69123e42f7888b28754b30c1\"><a href=\"https:\/\/powerlogy.com\/collagen-300g\">Powerlogy Natural Collagen 300\u00a0g<\/a><\/p>","protected":false},"excerpt":{"rendered":"","protected":false},"featured_media":14146,"comment_status":"open","ping_status":"open","template":"","meta":{"site-sidebar-layout":"default","site-content-layout":"","ast-site-content-layout":"default","site-content-style":"default","site-sidebar-style":"default","ast-global-header-display":"","ast-banner-title-visibility":"","ast-main-header-display":"","ast-hfb-above-header-display":"","ast-hfb-below-header-display":"","ast-hfb-mobile-header-display":"","site-post-title":"","ast-breadcrumbs-content":"","ast-featured-img":"","footer-sml-layout":"","ast-disable-related-posts":"","theme-transparent-header-meta":"","adv-header-id-meta":"","stick-header-meta":"","header-above-stick-meta":"","header-main-stick-meta":"","header-below-stick-meta":"","astra-migrate-meta-layouts":"default","ast-page-background-enabled":"default","ast-page-background-meta":{"desktop":{"background-color":"","background-image":"","background-repeat":"repeat","background-position":"center center","background-size":"auto","background-attachment":"scroll","background-type":"","background-media":"","overlay-type":"","overlay-color":"","overlay-opacity":"","overlay-gradient":""},"tablet":{"background-color":"","background-image":"","background-repeat":"repeat","background-position":"center center","background-size":"auto","background-attachment":"scroll","background-type":"","background-media":"","overlay-type":"","overlay-color":"","overlay-opacity":"","overlay-gradient":""},"mobile":{"background-color":"","background-image":"","background-repeat":"repeat","background-position":"center center","background-size":"auto","background-attachment":"scroll","background-type":"","background-media":"","overlay-type":"","overlay-color":"","overlay-opacity":"","overlay-gradient":""}},"ast-content-background-meta":{"desktop":{"background-color":"var(--ast-global-color-5)","background-image":"","background-repeat":"repeat","background-position":"center center","background-size":"auto","background-attachment":"scroll","background-type":"","background-media":"","overlay-type":"","overlay-color":"","overlay-opacity":"","overlay-gradient":""},"tablet":{"background-color":"var(--ast-global-color-5)","background-image":"","background-repeat":"repeat","background-position":"center center","background-size":"auto","background-attachment":"scroll","background-type":"","background-media":"","overlay-type":"","overlay-color":"","overlay-opacity":"","overlay-gradient":""},"mobile":{"background-color":"var(--ast-global-color-5)","background-image":"","background-repeat":"repeat","background-position":"center center","background-size":"auto","background-attachment":"scroll","background-type":"","background-media":"","overlay-type":"","overlay-color":"","overlay-opacity":"","overlay-gradient":""}}},"product_brand":[],"product_cat":[16],"product_tag":[364],"class_list":{"0":"post-12249","1":"product","2":"type-product","3":"status-publish","4":"has-post-thumbnail","6":"product_cat-bio-potraviny","7":"product_tag-lokalny-produkt","8":"pa_cena-dopravy-2564","9":"pa_doprava-kurier","10":"pa_typ-partnersky-predaj","11":"pa_znacka-powerlogy","12":"desktop-align-left","13":"tablet-align-left","14":"mobile-align-left","16":"first","17":"instock","18":"sale","19":"product-type-external"},"yoast_head":"<!-- This site is optimized with the Yoast SEO plugin v27.2 - https:\/\/yoast.com\/product\/yoast-seo-wordpress\/ -->\n<title>Powerlogy Patrik Le Giang&nbsp;Pack - EKO-BIO-NATURA BIO OBCHOD<\/title>\n<meta name=\"robots\" content=\"index, follow, max-snippet:-1, max-image-preview:large, max-video-preview:-1\" \/>\n<link rel=\"canonical\" href=\"https:\/\/www.eko-bio-natura.sk\/shop\/produkt\/powerlogy-patrik-le-giang-pack\/\" \/>\n<meta property=\"og:locale\" content=\"sk_SK\" \/>\n<meta property=\"og:type\" content=\"article\" \/>\n<meta property=\"og:title\" content=\"Powerlogy Patrik Le Giang&nbsp;Pack - EKO-BIO-NATURA BIO OBCHOD\" \/>\n<meta property=\"og:url\" content=\"https:\/\/www.eko-bio-natura.sk\/shop\/produkt\/powerlogy-patrik-le-giang-pack\/\" \/>\n<meta property=\"og:site_name\" content=\"EKO-BIO-NATURA BIO OBCHOD\" \/>\n<meta property=\"og:image\" content=\"https:\/\/www.eko-bio-natura.sk\/shop\/wp-content\/uploads\/2023\/07\/patrik-le-giang-pack.png\" \/>\n\t<meta property=\"og:image:width\" content=\"1000\" \/>\n\t<meta property=\"og:image:height\" content=\"1000\" \/>\n\t<meta property=\"og:image:type\" content=\"image\/png\" \/>\n<meta name=\"twitter:card\" content=\"summary_large_image\" \/>\n<meta name=\"twitter:label1\" content=\"Predpokladan\u00fd \u010das \u010d\u00edtania\" \/>\n\t<meta name=\"twitter:data1\" content=\"4 min\u00faty\" \/>\n<script type=\"application\/ld+json\" class=\"yoast-schema-graph\">{\"@context\":\"https:\/\/schema.org\",\"@graph\":[{\"@type\":\"WebPage\",\"@id\":\"https:\/\/www.eko-bio-natura.sk\/shop\/produkt\/powerlogy-patrik-le-giang-pack\/\",\"url\":\"https:\/\/www.eko-bio-natura.sk\/shop\/produkt\/powerlogy-patrik-le-giang-pack\/\",\"name\":\"Powerlogy Patrik Le Giang&nbsp;Pack - EKO-BIO-NATURA BIO OBCHOD\",\"isPartOf\":{\"@id\":\"https:\/\/www.eko-bio-natura.sk\/shop\/#website\"},\"primaryImageOfPage\":{\"@id\":\"https:\/\/www.eko-bio-natura.sk\/shop\/produkt\/powerlogy-patrik-le-giang-pack\/#primaryimage\"},\"image\":{\"@id\":\"https:\/\/www.eko-bio-natura.sk\/shop\/produkt\/powerlogy-patrik-le-giang-pack\/#primaryimage\"},\"thumbnailUrl\":\"https:\/\/www.eko-bio-natura.sk\/shop\/wp-content\/uploads\/2023\/07\/patrik-le-giang-pack.png\",\"datePublished\":\"2025-04-17T12:11:11+00:00\",\"breadcrumb\":{\"@id\":\"https:\/\/www.eko-bio-natura.sk\/shop\/produkt\/powerlogy-patrik-le-giang-pack\/#breadcrumb\"},\"inLanguage\":\"sk-SK\",\"potentialAction\":[{\"@type\":\"ReadAction\",\"target\":[\"https:\/\/www.eko-bio-natura.sk\/shop\/produkt\/powerlogy-patrik-le-giang-pack\/\"]}]},{\"@type\":\"ImageObject\",\"inLanguage\":\"sk-SK\",\"@id\":\"https:\/\/www.eko-bio-natura.sk\/shop\/produkt\/powerlogy-patrik-le-giang-pack\/#primaryimage\",\"url\":\"https:\/\/www.eko-bio-natura.sk\/shop\/wp-content\/uploads\/2023\/07\/patrik-le-giang-pack.png\",\"contentUrl\":\"https:\/\/www.eko-bio-natura.sk\/shop\/wp-content\/uploads\/2023\/07\/patrik-le-giang-pack.png\",\"width\":1000,\"height\":1000},{\"@type\":\"BreadcrumbList\",\"@id\":\"https:\/\/www.eko-bio-natura.sk\/shop\/produkt\/powerlogy-patrik-le-giang-pack\/#breadcrumb\",\"itemListElement\":[{\"@type\":\"ListItem\",\"position\":1,\"name\":\"Domovsk\u00e1 str\u00e1nka\",\"item\":\"https:\/\/www.eko-bio-natura.sk\/shop\/\"},{\"@type\":\"ListItem\",\"position\":2,\"name\":\"Obchod\",\"item\":\"https:\/\/www.eko-bio-natura.sk\/shop\/?page_id=6\"},{\"@type\":\"ListItem\",\"position\":3,\"name\":\"Powerlogy Patrik Le Giang&nbsp;Pack\"}]},{\"@type\":\"WebSite\",\"@id\":\"https:\/\/www.eko-bio-natura.sk\/shop\/#website\",\"url\":\"https:\/\/www.eko-bio-natura.sk\/shop\/\",\"name\":\"EKO-BIO-NATURA BIO OBCHOD\",\"description\":\"\",\"publisher\":{\"@id\":\"https:\/\/www.eko-bio-natura.sk\/shop\/#organization\"},\"potentialAction\":[{\"@type\":\"SearchAction\",\"target\":{\"@type\":\"EntryPoint\",\"urlTemplate\":\"https:\/\/www.eko-bio-natura.sk\/shop\/?s={search_term_string}\"},\"query-input\":{\"@type\":\"PropertyValueSpecification\",\"valueRequired\":true,\"valueName\":\"search_term_string\"}}],\"inLanguage\":\"sk-SK\"},{\"@type\":\"Organization\",\"@id\":\"https:\/\/www.eko-bio-natura.sk\/shop\/#organization\",\"name\":\"EKO-BIO-NATURA BIO OBCHOD\",\"url\":\"https:\/\/www.eko-bio-natura.sk\/shop\/\",\"logo\":{\"@type\":\"ImageObject\",\"inLanguage\":\"sk-SK\",\"@id\":\"https:\/\/www.eko-bio-natura.sk\/shop\/#\/schema\/logo\/image\/\",\"url\":\"https:\/\/www.eko-bio-natura.sk\/shop\/wp-content\/uploads\/2021\/04\/eko-bio-natura_logo.png\",\"contentUrl\":\"https:\/\/www.eko-bio-natura.sk\/shop\/wp-content\/uploads\/2021\/04\/eko-bio-natura_logo.png\",\"width\":552,\"height\":194,\"caption\":\"EKO-BIO-NATURA BIO OBCHOD\"},\"image\":{\"@id\":\"https:\/\/www.eko-bio-natura.sk\/shop\/#\/schema\/logo\/image\/\"}}]}<\/script>\n<!-- \/ Yoast SEO plugin. -->","yoast_head_json":{"title":"Powerlogy Patrik Le Giang&nbsp;Pack - EKO-BIO-NATURA BIO OBCHOD","robots":{"index":"index","follow":"follow","max-snippet":"max-snippet:-1","max-image-preview":"max-image-preview:large","max-video-preview":"max-video-preview:-1"},"canonical":"https:\/\/www.eko-bio-natura.sk\/shop\/produkt\/powerlogy-patrik-le-giang-pack\/","og_locale":"sk_SK","og_type":"article","og_title":"Powerlogy Patrik Le Giang&nbsp;Pack - EKO-BIO-NATURA BIO OBCHOD","og_url":"https:\/\/www.eko-bio-natura.sk\/shop\/produkt\/powerlogy-patrik-le-giang-pack\/","og_site_name":"EKO-BIO-NATURA BIO OBCHOD","og_image":[{"width":1000,"height":1000,"url":"https:\/\/www.eko-bio-natura.sk\/shop\/wp-content\/uploads\/2023\/07\/patrik-le-giang-pack.png","type":"image\/png"}],"twitter_card":"summary_large_image","twitter_misc":{"Predpokladan\u00fd \u010das \u010d\u00edtania":"4 min\u00faty"},"schema":{"@context":"https:\/\/schema.org","@graph":[{"@type":"WebPage","@id":"https:\/\/www.eko-bio-natura.sk\/shop\/produkt\/powerlogy-patrik-le-giang-pack\/","url":"https:\/\/www.eko-bio-natura.sk\/shop\/produkt\/powerlogy-patrik-le-giang-pack\/","name":"Powerlogy Patrik Le Giang&nbsp;Pack - EKO-BIO-NATURA BIO OBCHOD","isPartOf":{"@id":"https:\/\/www.eko-bio-natura.sk\/shop\/#website"},"primaryImageOfPage":{"@id":"https:\/\/www.eko-bio-natura.sk\/shop\/produkt\/powerlogy-patrik-le-giang-pack\/#primaryimage"},"image":{"@id":"https:\/\/www.eko-bio-natura.sk\/shop\/produkt\/powerlogy-patrik-le-giang-pack\/#primaryimage"},"thumbnailUrl":"https:\/\/www.eko-bio-natura.sk\/shop\/wp-content\/uploads\/2023\/07\/patrik-le-giang-pack.png","datePublished":"2025-04-17T12:11:11+00:00","breadcrumb":{"@id":"https:\/\/www.eko-bio-natura.sk\/shop\/produkt\/powerlogy-patrik-le-giang-pack\/#breadcrumb"},"inLanguage":"sk-SK","potentialAction":[{"@type":"ReadAction","target":["https:\/\/www.eko-bio-natura.sk\/shop\/produkt\/powerlogy-patrik-le-giang-pack\/"]}]},{"@type":"ImageObject","inLanguage":"sk-SK","@id":"https:\/\/www.eko-bio-natura.sk\/shop\/produkt\/powerlogy-patrik-le-giang-pack\/#primaryimage","url":"https:\/\/www.eko-bio-natura.sk\/shop\/wp-content\/uploads\/2023\/07\/patrik-le-giang-pack.png","contentUrl":"https:\/\/www.eko-bio-natura.sk\/shop\/wp-content\/uploads\/2023\/07\/patrik-le-giang-pack.png","width":1000,"height":1000},{"@type":"BreadcrumbList","@id":"https:\/\/www.eko-bio-natura.sk\/shop\/produkt\/powerlogy-patrik-le-giang-pack\/#breadcrumb","itemListElement":[{"@type":"ListItem","position":1,"name":"Domovsk\u00e1 str\u00e1nka","item":"https:\/\/www.eko-bio-natura.sk\/shop\/"},{"@type":"ListItem","position":2,"name":"Obchod","item":"https:\/\/www.eko-bio-natura.sk\/shop\/?page_id=6"},{"@type":"ListItem","position":3,"name":"Powerlogy Patrik Le Giang&nbsp;Pack"}]},{"@type":"WebSite","@id":"https:\/\/www.eko-bio-natura.sk\/shop\/#website","url":"https:\/\/www.eko-bio-natura.sk\/shop\/","name":"EKO-BIO-NATURA BIO OBCHOD","description":"","publisher":{"@id":"https:\/\/www.eko-bio-natura.sk\/shop\/#organization"},"potentialAction":[{"@type":"SearchAction","target":{"@type":"EntryPoint","urlTemplate":"https:\/\/www.eko-bio-natura.sk\/shop\/?s={search_term_string}"},"query-input":{"@type":"PropertyValueSpecification","valueRequired":true,"valueName":"search_term_string"}}],"inLanguage":"sk-SK"},{"@type":"Organization","@id":"https:\/\/www.eko-bio-natura.sk\/shop\/#organization","name":"EKO-BIO-NATURA BIO OBCHOD","url":"https:\/\/www.eko-bio-natura.sk\/shop\/","logo":{"@type":"ImageObject","inLanguage":"sk-SK","@id":"https:\/\/www.eko-bio-natura.sk\/shop\/#\/schema\/logo\/image\/","url":"https:\/\/www.eko-bio-natura.sk\/shop\/wp-content\/uploads\/2021\/04\/eko-bio-natura_logo.png","contentUrl":"https:\/\/www.eko-bio-natura.sk\/shop\/wp-content\/uploads\/2021\/04\/eko-bio-natura_logo.png","width":552,"height":194,"caption":"EKO-BIO-NATURA BIO OBCHOD"},"image":{"@id":"https:\/\/www.eko-bio-natura.sk\/shop\/#\/schema\/logo\/image\/"}}]}},"_links":{"self":[{"href":"https:\/\/www.eko-bio-natura.sk\/shop\/wp-json\/wp\/v2\/product\/12249","targetHints":{"allow":["GET"]}}],"collection":[{"href":"https:\/\/www.eko-bio-natura.sk\/shop\/wp-json\/wp\/v2\/product"}],"about":[{"href":"https:\/\/www.eko-bio-natura.sk\/shop\/wp-json\/wp\/v2\/types\/product"}],"replies":[{"embeddable":true,"href":"https:\/\/www.eko-bio-natura.sk\/shop\/wp-json\/wp\/v2\/comments?post=12249"}],"wp:featuredmedia":[{"embeddable":true,"href":"https:\/\/www.eko-bio-natura.sk\/shop\/wp-json\/wp\/v2\/media\/14146"}],"wp:attachment":[{"href":"https:\/\/www.eko-bio-natura.sk\/shop\/wp-json\/wp\/v2\/media?parent=12249"}],"wp:term":[{"taxonomy":"product_brand","embeddable":true,"href":"https:\/\/www.eko-bio-natura.sk\/shop\/wp-json\/wp\/v2\/product_brand?post=12249"},{"taxonomy":"product_cat","embeddable":true,"href":"https:\/\/www.eko-bio-natura.sk\/shop\/wp-json\/wp\/v2\/product_cat?post=12249"},{"taxonomy":"product_tag","embeddable":true,"href":"https:\/\/www.eko-bio-natura.sk\/shop\/wp-json\/wp\/v2\/product_tag?post=12249"}],"curies":[{"name":"wp","href":"https:\/\/api.w.org\/{rel}","templated":true}]}}