{"id":1112,"date":"2025-04-17T17:29:17","date_gmt":"2025-04-17T15:29:17","guid":{"rendered":"https:\/\/www.eko-bio-natura.sk\/shop\/index.php\/produkt\/hydrolyzovany-morsky-kolagen-s-vitaminom-c-a-biotinom-norsk-kollagen-biopharma-25x5-g-prichut-bez-prichute\/"},"modified":"2025-04-17T17:29:17","modified_gmt":"2025-04-17T15:29:17","slug":"hydrolyzovany-morsky-kolagen-s-vitaminom-c-a-biotinom-norsk-kollagen-biopharma-25x5-g-prichut-bez-prichute","status":"publish","type":"product","link":"https:\/\/www.eko-bio-natura.sk\/shop\/produkt\/hydrolyzovany-morsky-kolagen-s-vitaminom-c-a-biotinom-norsk-kollagen-biopharma-25x5-g-prichut-bez-prichute\/","title":{"rendered":"Hydrolyzovan\u00fd morsk\u00fd kolag\u00e9n s vitam\u00ednom C a biotinom &#8211; Norsk Kollagen &#8211; Biopharma &#8211; 25&#215;5 g Pr\u00edchu\u0165: Bez pr\u00edchute"},"content":{"rendered":"<p><span style=\"font-family: verdana, geneva; font-size: 12pt;\"><strong>Viete o kolag\u00e9ne, \u017ee:&nbsp;<\/strong><\/span><\/p>\n<ul>\n<li><span style=\"font-family: verdana, geneva; font-size: 12pt;\">je&nbsp;jednou z najd\u00f4le\u017eitej\u0161\u00edch bielkov\u00edn v \u013eudskom tele. <strong>Jeho \u00falohou je udr\u017eiava\u0165 vitalitu a pru\u017enos\u0165 tela, jeho nedostatok vyvol\u00e1va starnutie a ochromenie funk\u010dnosti tela ako celku.<\/strong><\/span><\/li>\n<li><span style=\"font-family: verdana, geneva; font-size: 12pt;\">Vekom sa zni\u017euje a postupne str\u00e1ca schopnos\u0165 tela produkova\u0165 kolag\u00e9n a navonok spozorujeme jeho nedostatok na stave vlasov, nechtov a poko\u017eky. <strong>Vlasy s\u00fa such\u00e9, l\u00e1mav\u00e9, poko\u017eka str\u00e1ca elasticitu a nechty sa roz\u0161tiepia sk\u00f4r ako narast\u00fa. <\/strong><\/span><\/li>\n<li><span style=\"font-family: verdana, geneva; font-size: 12pt;\">Vn\u00fatorne sa nedostatok kolag\u00e9nu prejav\u00ed na strnulosti a strate pru\u017enosti \u0161liach a v\u0161etk\u00fdch spojivov\u00fdch tkan\u00edv.&nbsp;<\/span><\/li>\n<\/ul>\n<div class=\"row product-content-columns\">&nbsp;<\/div>\n<div id=\"tab-description\" class=\"product-desc product-section\">\n<p><span style=\"font-family: verdana, geneva; font-size: 12pt;\"><strong>Pre\u010do pr\u00e1ve NORSK KOLLAGEN?&nbsp;<\/strong><\/span><\/p>\n<p><span style=\"font-family: verdana, geneva; font-size: 12pt;\">V\u00e4\u010d\u0161ina s\u00fa\u010dasn\u00fdch kolag\u00e9nov\u00fdch pr\u00edpravkov sa vyr\u00e1ba z brav\u010dovej ko\u017ee, \u010do zvy\u0161uje riziko n\u00e1kazy r\u00f4znymi chorobami a \u013eudsk\u00e9 telo m\u00e1 mnoho probl\u00e9mov s jeho vyu\u017eit\u00edm a vstreb\u00e1van\u00edm. NORSK KOLLAGEN je z\u00edskan\u00fd z rybej ko\u017ee \u2013 presnej\u0161ie, z&nbsp;<strong>podko\u017enej vrstvy tuku morsk\u00fdch r\u00fdb. Je netoxick\u00fd a ve\u013emi podobn\u00fd \u013eudsk\u00e9mu kolag\u00e9nu<\/strong>, preto je ve\u013emi dobre vstrebate\u013en\u00fd a bezpe\u010dn\u00fd. Naj\u00fa\u010dinnej\u0161\u00ed je pri pravidelnom vn\u00fatornom u\u017e\u00edvan\u00ed.<\/span><\/p>\n<p><span style=\"font-family: verdana, geneva; font-size: 12pt;\"><strong>Jedn\u00e1 sa o \u010disto pr\u00edrodn\u00fd rozpustn\u00fd n\u00e1poj, bez umel\u00fdch farb\u00edv, pr\u00edchute a konzerva\u010dn\u00fdch l\u00e1tok, bez GMO a bez radioakt\u00edvn\u00fdch pr\u00edsad.&nbsp;<\/strong><\/span><\/p>\n<p><span style=\"font-family: verdana, geneva; font-size: 12pt;\"><strong>Sp\u00f4sob pou\u017eitia:<\/strong> Pije sa vo forme kolag\u00e9nov\u00e9ho n\u00e1poja, ktor\u00fd vznik\u00e1 zaroben\u00edm obsahu vrecka \u2013 pr\u00e1\u0161ku &#8211; s tekutinou. Takto vzniknut\u00fd&nbsp;<strong>n\u00e1poj po vypit\u00ed prenik\u00e1 do najhlb\u0161ej vrstvy ko\u017ee, kde znovu obnovuje vstreb\u00e1vanie kolag\u00e9nu, a t\u00fdm omladzuje ko\u017eu zvn\u00fatra a zvy\u0161uje jej pru\u017enos\u0165.<\/strong><\/span><\/p>\n<p><span style=\"font-family: verdana, geneva; font-size: 12pt;\"><strong>Zlo\u017eenie:<\/strong>&nbsp;100% \u010dist\u00fd hydrolyzovan\u00fd morsk\u00fd kolag\u00e9n, kyselina L-askorbov\u00e1 (Vitam\u00edn C), D-biotin, protihrudkuj\u00face \u010dinidlo<\/span><\/p>\n<p><span style=\"font-family: verdana, geneva; font-size: 12pt;\"><strong>D\u00e1vkovanie:<\/strong>&nbsp;1 porcia denne, rozmie\u0161a\u0165 v tekutine a vypite&nbsp;<\/span><\/p>\n<p><span style=\"font-family: verdana, geneva; font-size: 12pt;\"><strong>Obsah v 1 porcii:<\/strong>&nbsp;hydrolyzovan\u00fd morsk\u00fd kolag\u00e9n &#8211; 5000 mg, kyselina L-askorbov\u00e1 &#8211; 40 mg, D-biotin &#8211; 25 mikrogramov, protihrudkuj\u00face \u010dinidlo<\/span><\/p>\n<p><span style=\"font-family: verdana, geneva; font-size: 12pt;\"><strong>Skladovanie<\/strong>: v suchu, chr\u00e1nte pred mrazom a vlhkos\u0165ou<\/span><\/p>\n<p><span style=\"font-family: verdana, geneva; font-size: 12pt;\"><strong>Upozornenie:<\/strong>&nbsp;udr\u017eujte mimo dosahu det\u00ed, nie je ur\u010den\u00e9 ako n\u00e1harada pesterj stravy&nbsp;<\/span><\/p>\n<p><span style=\"font-family: verdana, geneva; font-size: 12pt;\"><strong>Obsah balenia:&nbsp;<\/strong>25 x 5 g<\/span><\/p>\n<p><span style=\"font-family: verdana, geneva; font-size: 12pt;\"><strong>Krajina p\u00f4vodu:&nbsp;<\/strong>N\u00f3rsko&nbsp;<\/span><\/p>\n<p><span style=\"font-size: 12pt;\"><span style=\"font-family: verdana, geneva;\">Viac o produkte NORSK KOLLAGEN sa dozviete<\/span><strong><span style=\"font-family: verdana, geneva;\"> <a href=\"https:\/\/blog.herbatica.sk\/sila-a-zdravie-zo-severnych-mori\/\" target=\"_blank\" rel=\"noopener noreferrer\">v na\u0161om \u010dl\u00e1nku tu.&nbsp;<\/a><\/span><\/strong><\/span><\/p>\n<p>&nbsp;<\/p>\n<hr \/>\n<p><span style=\"font-family: verdana, geneva; font-size: 12pt;\"><strong><span style=\"font-size: 12pt;\"><span style=\"font-family: verdana, geneva;\">N\u00e1\u0161 TIP:&nbsp;<\/p>\n<p>Vysk\u00fa\u0161ajte aj na\u0161u NOVINKU s vylep\u0161enou recept\u00farou &#8211; <a href=\"https:\/\/www.herbatica.sk\/vitaminy-a-potravinove-doplnky\/bioaktivny-kolagen-s-peptidmi-a-vitaminmi-pre-krasu--nechty--vlasy-a-pokozku-300g-herbatica\/\">Bioakt\u00edvny kolag\u00e9n s peptidmi a vitam\u00ednom C s ovocnou pr\u00edchu\u0165ou.<\/a><\/span><\/span><\/strong><\/span><\/p>\n<ul>\n<li><span style=\"font-family: verdana, geneva; font-size: 12pt;\"><strong><span style=\"font-size: 12pt;\"><span style=\"font-family: verdana, geneva;\">atrakt\u00edvna cena<br \/><\/span><\/span><\/strong><\/span><\/li>\n<li><span style=\"font-family: verdana, geneva; font-size: 12pt;\"><strong><span style=\"font-size: 12pt;\"><span style=\"font-family: verdana, geneva;\">v\u00fdhodn\u00e9 300 g balenie<\/span><\/span><\/strong><\/span><\/li>\n<li><span style=\"font-family: verdana, geneva; font-size: 12pt;\"><strong><span style=\"font-size: 12pt;\"><span style=\"font-family: verdana, geneva;\">lahodn\u00e1 chu\u0165<\/span><\/span><\/strong><\/span><\/li>\n<li><span style=\"font-family: verdana, geneva; font-size: 12pt;\"><strong><span style=\"font-size: 12pt;\"><span style=\"font-family: verdana, geneva;\">inovat\u00edvne zlo\u017eenie s peptidmi a vitam\u00ednmi <\/span><\/span><\/strong><\/span><\/li>\n<\/ul>\n<\/div>\n","protected":false},"excerpt":{"rendered":"<p>Viete o kolag\u00e9ne, \u017ee:&nbsp; je&nbsp;jednou z najd\u00f4le\u017eitej\u0161\u00edch bielkov\u00edn v \u013eudskom tele. Jeho \u00falohou je udr\u017eiava\u0165 vitalitu a pru\u017enos\u0165 tela, jeho nedostatok vyvol\u00e1va starnutie a ochromenie funk\u010dnosti tela ako celku. Vekom sa zni\u017euje a postupne str\u00e1ca schopnos\u0165 tela produkova\u0165 kolag\u00e9n a navonok spozorujeme jeho nedostatok na stave vlasov, nechtov a poko\u017eky. Vlasy s\u00fa such\u00e9, l\u00e1mav\u00e9, poko\u017eka [&hellip;]<\/p>\n","protected":false},"featured_media":14133,"comment_status":"open","ping_status":"open","template":"","meta":{"site-sidebar-layout":"default","site-content-layout":"","ast-site-content-layout":"default","site-content-style":"default","site-sidebar-style":"default","ast-global-header-display":"","ast-banner-title-visibility":"","ast-main-header-display":"","ast-hfb-above-header-display":"","ast-hfb-below-header-display":"","ast-hfb-mobile-header-display":"","site-post-title":"","ast-breadcrumbs-content":"","ast-featured-img":"","footer-sml-layout":"","ast-disable-related-posts":"","theme-transparent-header-meta":"","adv-header-id-meta":"","stick-header-meta":"","header-above-stick-meta":"","header-main-stick-meta":"","header-below-stick-meta":"","astra-migrate-meta-layouts":"default","ast-page-background-enabled":"default","ast-page-background-meta":{"desktop":{"background-color":"","background-image":"","background-repeat":"repeat","background-position":"center center","background-size":"auto","background-attachment":"scroll","background-type":"","background-media":"","overlay-type":"","overlay-color":"","overlay-opacity":"","overlay-gradient":""},"tablet":{"background-color":"","background-image":"","background-repeat":"repeat","background-position":"center center","background-size":"auto","background-attachment":"scroll","background-type":"","background-media":"","overlay-type":"","overlay-color":"","overlay-opacity":"","overlay-gradient":""},"mobile":{"background-color":"","background-image":"","background-repeat":"repeat","background-position":"center center","background-size":"auto","background-attachment":"scroll","background-type":"","background-media":"","overlay-type":"","overlay-color":"","overlay-opacity":"","overlay-gradient":""}},"ast-content-background-meta":{"desktop":{"background-color":"var(--ast-global-color-5)","background-image":"","background-repeat":"repeat","background-position":"center center","background-size":"auto","background-attachment":"scroll","background-type":"","background-media":"","overlay-type":"","overlay-color":"","overlay-opacity":"","overlay-gradient":""},"tablet":{"background-color":"var(--ast-global-color-5)","background-image":"","background-repeat":"repeat","background-position":"center center","background-size":"auto","background-attachment":"scroll","background-type":"","background-media":"","overlay-type":"","overlay-color":"","overlay-opacity":"","overlay-gradient":""},"mobile":{"background-color":"var(--ast-global-color-5)","background-image":"","background-repeat":"repeat","background-position":"center center","background-size":"auto","background-attachment":"scroll","background-type":"","background-media":"","overlay-type":"","overlay-color":"","overlay-opacity":"","overlay-gradient":""}}},"product_brand":[],"product_cat":[2740,19,30],"product_tag":[2551],"class_list":{"0":"post-1112","1":"product","2":"type-product","3":"status-publish","4":"has-post-thumbnail","6":"product_cat-bio","7":"product_cat-prirodna-kozmetika","8":"product_cat-vlasova-kozmetika","9":"product_tag-bio","10":"pa_cena-dopravy-367","11":"pa_doprava-zasilkovna","12":"pa_typ-partnersky-predaj","13":"pa_znacka-biopharma","14":"desktop-align-left","15":"tablet-align-left","16":"mobile-align-left","18":"first","19":"instock","20":"product-type-external"},"yoast_head":"<!-- This site is optimized with the Yoast SEO plugin v27.2 - https:\/\/yoast.com\/product\/yoast-seo-wordpress\/ -->\n<title>Hydrolyzovan\u00fd morsk\u00fd kolag\u00e9n s vitam\u00ednom C a biotinom - Norsk Kollagen - Biopharma - 25x5 g Pr\u00edchu\u0165: Bez pr\u00edchute - EKO-BIO-NATURA BIO OBCHOD<\/title>\n<meta name=\"robots\" content=\"index, follow, max-snippet:-1, max-image-preview:large, max-video-preview:-1\" \/>\n<link rel=\"canonical\" href=\"https:\/\/www.eko-bio-natura.sk\/shop\/produkt\/hydrolyzovany-morsky-kolagen-s-vitaminom-c-a-biotinom-norsk-kollagen-biopharma-25x5-g-prichut-bez-prichute\/\" \/>\n<meta property=\"og:locale\" content=\"sk_SK\" \/>\n<meta property=\"og:type\" content=\"article\" \/>\n<meta property=\"og:title\" content=\"Hydrolyzovan\u00fd morsk\u00fd kolag\u00e9n s vitam\u00ednom C a biotinom - Norsk Kollagen - Biopharma - 25x5 g Pr\u00edchu\u0165: Bez pr\u00edchute - EKO-BIO-NATURA BIO OBCHOD\" \/>\n<meta property=\"og:description\" content=\"Viete o kolag\u00e9ne, \u017ee:&nbsp; je&nbsp;jednou z najd\u00f4le\u017eitej\u0161\u00edch bielkov\u00edn v \u013eudskom tele. Jeho \u00falohou je udr\u017eiava\u0165 vitalitu a pru\u017enos\u0165 tela, jeho nedostatok vyvol\u00e1va starnutie a ochromenie funk\u010dnosti tela ako celku. Vekom sa zni\u017euje a postupne str\u00e1ca schopnos\u0165 tela produkova\u0165 kolag\u00e9n a navonok spozorujeme jeho nedostatok na stave vlasov, nechtov a poko\u017eky. Vlasy s\u00fa such\u00e9, l\u00e1mav\u00e9, poko\u017eka [&hellip;]\" \/>\n<meta property=\"og:url\" content=\"https:\/\/www.eko-bio-natura.sk\/shop\/produkt\/hydrolyzovany-morsky-kolagen-s-vitaminom-c-a-biotinom-norsk-kollagen-biopharma-25x5-g-prichut-bez-prichute\/\" \/>\n<meta property=\"og:site_name\" content=\"EKO-BIO-NATURA BIO OBCHOD\" \/>\n<meta property=\"og:image\" content=\"https:\/\/www.eko-bio-natura.sk\/shop\/wp-content\/uploads\/2023\/07\/8880_vyr-766biopharma-morsky-kolagen-na-pitie.jpg\" \/>\n\t<meta property=\"og:image:width\" content=\"600\" \/>\n\t<meta property=\"og:image:height\" content=\"600\" \/>\n\t<meta property=\"og:image:type\" content=\"image\/jpeg\" \/>\n<meta name=\"twitter:card\" content=\"summary_large_image\" \/>\n<meta name=\"twitter:label1\" content=\"Predpokladan\u00fd \u010das \u010d\u00edtania\" \/>\n\t<meta name=\"twitter:data1\" content=\"2 min\u00faty\" \/>\n<script type=\"application\/ld+json\" class=\"yoast-schema-graph\">{\"@context\":\"https:\/\/schema.org\",\"@graph\":[{\"@type\":\"WebPage\",\"@id\":\"https:\/\/www.eko-bio-natura.sk\/shop\/produkt\/hydrolyzovany-morsky-kolagen-s-vitaminom-c-a-biotinom-norsk-kollagen-biopharma-25x5-g-prichut-bez-prichute\/\",\"url\":\"https:\/\/www.eko-bio-natura.sk\/shop\/produkt\/hydrolyzovany-morsky-kolagen-s-vitaminom-c-a-biotinom-norsk-kollagen-biopharma-25x5-g-prichut-bez-prichute\/\",\"name\":\"Hydrolyzovan\u00fd morsk\u00fd kolag\u00e9n s vitam\u00ednom C a biotinom - Norsk Kollagen - Biopharma - 25x5 g Pr\u00edchu\u0165: Bez pr\u00edchute - EKO-BIO-NATURA BIO OBCHOD\",\"isPartOf\":{\"@id\":\"https:\/\/www.eko-bio-natura.sk\/shop\/#website\"},\"primaryImageOfPage\":{\"@id\":\"https:\/\/www.eko-bio-natura.sk\/shop\/produkt\/hydrolyzovany-morsky-kolagen-s-vitaminom-c-a-biotinom-norsk-kollagen-biopharma-25x5-g-prichut-bez-prichute\/#primaryimage\"},\"image\":{\"@id\":\"https:\/\/www.eko-bio-natura.sk\/shop\/produkt\/hydrolyzovany-morsky-kolagen-s-vitaminom-c-a-biotinom-norsk-kollagen-biopharma-25x5-g-prichut-bez-prichute\/#primaryimage\"},\"thumbnailUrl\":\"https:\/\/www.eko-bio-natura.sk\/shop\/wp-content\/uploads\/2023\/07\/8880_vyr-766biopharma-morsky-kolagen-na-pitie.jpg\",\"datePublished\":\"2025-04-17T15:29:17+00:00\",\"breadcrumb\":{\"@id\":\"https:\/\/www.eko-bio-natura.sk\/shop\/produkt\/hydrolyzovany-morsky-kolagen-s-vitaminom-c-a-biotinom-norsk-kollagen-biopharma-25x5-g-prichut-bez-prichute\/#breadcrumb\"},\"inLanguage\":\"sk-SK\",\"potentialAction\":[{\"@type\":\"ReadAction\",\"target\":[\"https:\/\/www.eko-bio-natura.sk\/shop\/produkt\/hydrolyzovany-morsky-kolagen-s-vitaminom-c-a-biotinom-norsk-kollagen-biopharma-25x5-g-prichut-bez-prichute\/\"]}]},{\"@type\":\"ImageObject\",\"inLanguage\":\"sk-SK\",\"@id\":\"https:\/\/www.eko-bio-natura.sk\/shop\/produkt\/hydrolyzovany-morsky-kolagen-s-vitaminom-c-a-biotinom-norsk-kollagen-biopharma-25x5-g-prichut-bez-prichute\/#primaryimage\",\"url\":\"https:\/\/www.eko-bio-natura.sk\/shop\/wp-content\/uploads\/2023\/07\/8880_vyr-766biopharma-morsky-kolagen-na-pitie.jpg\",\"contentUrl\":\"https:\/\/www.eko-bio-natura.sk\/shop\/wp-content\/uploads\/2023\/07\/8880_vyr-766biopharma-morsky-kolagen-na-pitie.jpg\",\"width\":600,\"height\":600},{\"@type\":\"BreadcrumbList\",\"@id\":\"https:\/\/www.eko-bio-natura.sk\/shop\/produkt\/hydrolyzovany-morsky-kolagen-s-vitaminom-c-a-biotinom-norsk-kollagen-biopharma-25x5-g-prichut-bez-prichute\/#breadcrumb\",\"itemListElement\":[{\"@type\":\"ListItem\",\"position\":1,\"name\":\"Domovsk\u00e1 str\u00e1nka\",\"item\":\"https:\/\/www.eko-bio-natura.sk\/shop\/\"},{\"@type\":\"ListItem\",\"position\":2,\"name\":\"Obchod\",\"item\":\"https:\/\/www.eko-bio-natura.sk\/shop\/?page_id=6\"},{\"@type\":\"ListItem\",\"position\":3,\"name\":\"Hydrolyzovan\u00fd morsk\u00fd kolag\u00e9n s vitam\u00ednom C a biotinom &#8211; Norsk Kollagen &#8211; Biopharma &#8211; 25&#215;5 g Pr\u00edchu\u0165: Bez pr\u00edchute\"}]},{\"@type\":\"WebSite\",\"@id\":\"https:\/\/www.eko-bio-natura.sk\/shop\/#website\",\"url\":\"https:\/\/www.eko-bio-natura.sk\/shop\/\",\"name\":\"EKO-BIO-NATURA BIO OBCHOD\",\"description\":\"\",\"publisher\":{\"@id\":\"https:\/\/www.eko-bio-natura.sk\/shop\/#organization\"},\"potentialAction\":[{\"@type\":\"SearchAction\",\"target\":{\"@type\":\"EntryPoint\",\"urlTemplate\":\"https:\/\/www.eko-bio-natura.sk\/shop\/?s={search_term_string}\"},\"query-input\":{\"@type\":\"PropertyValueSpecification\",\"valueRequired\":true,\"valueName\":\"search_term_string\"}}],\"inLanguage\":\"sk-SK\"},{\"@type\":\"Organization\",\"@id\":\"https:\/\/www.eko-bio-natura.sk\/shop\/#organization\",\"name\":\"EKO-BIO-NATURA BIO OBCHOD\",\"url\":\"https:\/\/www.eko-bio-natura.sk\/shop\/\",\"logo\":{\"@type\":\"ImageObject\",\"inLanguage\":\"sk-SK\",\"@id\":\"https:\/\/www.eko-bio-natura.sk\/shop\/#\/schema\/logo\/image\/\",\"url\":\"https:\/\/www.eko-bio-natura.sk\/shop\/wp-content\/uploads\/2021\/04\/eko-bio-natura_logo.png\",\"contentUrl\":\"https:\/\/www.eko-bio-natura.sk\/shop\/wp-content\/uploads\/2021\/04\/eko-bio-natura_logo.png\",\"width\":552,\"height\":194,\"caption\":\"EKO-BIO-NATURA BIO OBCHOD\"},\"image\":{\"@id\":\"https:\/\/www.eko-bio-natura.sk\/shop\/#\/schema\/logo\/image\/\"}}]}<\/script>\n<!-- \/ Yoast SEO plugin. -->","yoast_head_json":{"title":"Hydrolyzovan\u00fd morsk\u00fd kolag\u00e9n s vitam\u00ednom C a biotinom - Norsk Kollagen - Biopharma - 25x5 g Pr\u00edchu\u0165: Bez pr\u00edchute - EKO-BIO-NATURA BIO OBCHOD","robots":{"index":"index","follow":"follow","max-snippet":"max-snippet:-1","max-image-preview":"max-image-preview:large","max-video-preview":"max-video-preview:-1"},"canonical":"https:\/\/www.eko-bio-natura.sk\/shop\/produkt\/hydrolyzovany-morsky-kolagen-s-vitaminom-c-a-biotinom-norsk-kollagen-biopharma-25x5-g-prichut-bez-prichute\/","og_locale":"sk_SK","og_type":"article","og_title":"Hydrolyzovan\u00fd morsk\u00fd kolag\u00e9n s vitam\u00ednom C a biotinom - Norsk Kollagen - Biopharma - 25x5 g Pr\u00edchu\u0165: Bez pr\u00edchute - EKO-BIO-NATURA BIO OBCHOD","og_description":"Viete o kolag\u00e9ne, \u017ee:&nbsp; je&nbsp;jednou z najd\u00f4le\u017eitej\u0161\u00edch bielkov\u00edn v \u013eudskom tele. Jeho \u00falohou je udr\u017eiava\u0165 vitalitu a pru\u017enos\u0165 tela, jeho nedostatok vyvol\u00e1va starnutie a ochromenie funk\u010dnosti tela ako celku. Vekom sa zni\u017euje a postupne str\u00e1ca schopnos\u0165 tela produkova\u0165 kolag\u00e9n a navonok spozorujeme jeho nedostatok na stave vlasov, nechtov a poko\u017eky. Vlasy s\u00fa such\u00e9, l\u00e1mav\u00e9, poko\u017eka [&hellip;]","og_url":"https:\/\/www.eko-bio-natura.sk\/shop\/produkt\/hydrolyzovany-morsky-kolagen-s-vitaminom-c-a-biotinom-norsk-kollagen-biopharma-25x5-g-prichut-bez-prichute\/","og_site_name":"EKO-BIO-NATURA BIO OBCHOD","og_image":[{"width":600,"height":600,"url":"https:\/\/www.eko-bio-natura.sk\/shop\/wp-content\/uploads\/2023\/07\/8880_vyr-766biopharma-morsky-kolagen-na-pitie.jpg","type":"image\/jpeg"}],"twitter_card":"summary_large_image","twitter_misc":{"Predpokladan\u00fd \u010das \u010d\u00edtania":"2 min\u00faty"},"schema":{"@context":"https:\/\/schema.org","@graph":[{"@type":"WebPage","@id":"https:\/\/www.eko-bio-natura.sk\/shop\/produkt\/hydrolyzovany-morsky-kolagen-s-vitaminom-c-a-biotinom-norsk-kollagen-biopharma-25x5-g-prichut-bez-prichute\/","url":"https:\/\/www.eko-bio-natura.sk\/shop\/produkt\/hydrolyzovany-morsky-kolagen-s-vitaminom-c-a-biotinom-norsk-kollagen-biopharma-25x5-g-prichut-bez-prichute\/","name":"Hydrolyzovan\u00fd morsk\u00fd kolag\u00e9n s vitam\u00ednom C a biotinom - Norsk Kollagen - Biopharma - 25x5 g Pr\u00edchu\u0165: Bez pr\u00edchute - EKO-BIO-NATURA BIO OBCHOD","isPartOf":{"@id":"https:\/\/www.eko-bio-natura.sk\/shop\/#website"},"primaryImageOfPage":{"@id":"https:\/\/www.eko-bio-natura.sk\/shop\/produkt\/hydrolyzovany-morsky-kolagen-s-vitaminom-c-a-biotinom-norsk-kollagen-biopharma-25x5-g-prichut-bez-prichute\/#primaryimage"},"image":{"@id":"https:\/\/www.eko-bio-natura.sk\/shop\/produkt\/hydrolyzovany-morsky-kolagen-s-vitaminom-c-a-biotinom-norsk-kollagen-biopharma-25x5-g-prichut-bez-prichute\/#primaryimage"},"thumbnailUrl":"https:\/\/www.eko-bio-natura.sk\/shop\/wp-content\/uploads\/2023\/07\/8880_vyr-766biopharma-morsky-kolagen-na-pitie.jpg","datePublished":"2025-04-17T15:29:17+00:00","breadcrumb":{"@id":"https:\/\/www.eko-bio-natura.sk\/shop\/produkt\/hydrolyzovany-morsky-kolagen-s-vitaminom-c-a-biotinom-norsk-kollagen-biopharma-25x5-g-prichut-bez-prichute\/#breadcrumb"},"inLanguage":"sk-SK","potentialAction":[{"@type":"ReadAction","target":["https:\/\/www.eko-bio-natura.sk\/shop\/produkt\/hydrolyzovany-morsky-kolagen-s-vitaminom-c-a-biotinom-norsk-kollagen-biopharma-25x5-g-prichut-bez-prichute\/"]}]},{"@type":"ImageObject","inLanguage":"sk-SK","@id":"https:\/\/www.eko-bio-natura.sk\/shop\/produkt\/hydrolyzovany-morsky-kolagen-s-vitaminom-c-a-biotinom-norsk-kollagen-biopharma-25x5-g-prichut-bez-prichute\/#primaryimage","url":"https:\/\/www.eko-bio-natura.sk\/shop\/wp-content\/uploads\/2023\/07\/8880_vyr-766biopharma-morsky-kolagen-na-pitie.jpg","contentUrl":"https:\/\/www.eko-bio-natura.sk\/shop\/wp-content\/uploads\/2023\/07\/8880_vyr-766biopharma-morsky-kolagen-na-pitie.jpg","width":600,"height":600},{"@type":"BreadcrumbList","@id":"https:\/\/www.eko-bio-natura.sk\/shop\/produkt\/hydrolyzovany-morsky-kolagen-s-vitaminom-c-a-biotinom-norsk-kollagen-biopharma-25x5-g-prichut-bez-prichute\/#breadcrumb","itemListElement":[{"@type":"ListItem","position":1,"name":"Domovsk\u00e1 str\u00e1nka","item":"https:\/\/www.eko-bio-natura.sk\/shop\/"},{"@type":"ListItem","position":2,"name":"Obchod","item":"https:\/\/www.eko-bio-natura.sk\/shop\/?page_id=6"},{"@type":"ListItem","position":3,"name":"Hydrolyzovan\u00fd morsk\u00fd kolag\u00e9n s vitam\u00ednom C a biotinom &#8211; Norsk Kollagen &#8211; Biopharma &#8211; 25&#215;5 g Pr\u00edchu\u0165: Bez pr\u00edchute"}]},{"@type":"WebSite","@id":"https:\/\/www.eko-bio-natura.sk\/shop\/#website","url":"https:\/\/www.eko-bio-natura.sk\/shop\/","name":"EKO-BIO-NATURA BIO OBCHOD","description":"","publisher":{"@id":"https:\/\/www.eko-bio-natura.sk\/shop\/#organization"},"potentialAction":[{"@type":"SearchAction","target":{"@type":"EntryPoint","urlTemplate":"https:\/\/www.eko-bio-natura.sk\/shop\/?s={search_term_string}"},"query-input":{"@type":"PropertyValueSpecification","valueRequired":true,"valueName":"search_term_string"}}],"inLanguage":"sk-SK"},{"@type":"Organization","@id":"https:\/\/www.eko-bio-natura.sk\/shop\/#organization","name":"EKO-BIO-NATURA BIO OBCHOD","url":"https:\/\/www.eko-bio-natura.sk\/shop\/","logo":{"@type":"ImageObject","inLanguage":"sk-SK","@id":"https:\/\/www.eko-bio-natura.sk\/shop\/#\/schema\/logo\/image\/","url":"https:\/\/www.eko-bio-natura.sk\/shop\/wp-content\/uploads\/2021\/04\/eko-bio-natura_logo.png","contentUrl":"https:\/\/www.eko-bio-natura.sk\/shop\/wp-content\/uploads\/2021\/04\/eko-bio-natura_logo.png","width":552,"height":194,"caption":"EKO-BIO-NATURA BIO OBCHOD"},"image":{"@id":"https:\/\/www.eko-bio-natura.sk\/shop\/#\/schema\/logo\/image\/"}}]}},"_links":{"self":[{"href":"https:\/\/www.eko-bio-natura.sk\/shop\/wp-json\/wp\/v2\/product\/1112","targetHints":{"allow":["GET"]}}],"collection":[{"href":"https:\/\/www.eko-bio-natura.sk\/shop\/wp-json\/wp\/v2\/product"}],"about":[{"href":"https:\/\/www.eko-bio-natura.sk\/shop\/wp-json\/wp\/v2\/types\/product"}],"replies":[{"embeddable":true,"href":"https:\/\/www.eko-bio-natura.sk\/shop\/wp-json\/wp\/v2\/comments?post=1112"}],"wp:featuredmedia":[{"embeddable":true,"href":"https:\/\/www.eko-bio-natura.sk\/shop\/wp-json\/wp\/v2\/media\/14133"}],"wp:attachment":[{"href":"https:\/\/www.eko-bio-natura.sk\/shop\/wp-json\/wp\/v2\/media?parent=1112"}],"wp:term":[{"taxonomy":"product_brand","embeddable":true,"href":"https:\/\/www.eko-bio-natura.sk\/shop\/wp-json\/wp\/v2\/product_brand?post=1112"},{"taxonomy":"product_cat","embeddable":true,"href":"https:\/\/www.eko-bio-natura.sk\/shop\/wp-json\/wp\/v2\/product_cat?post=1112"},{"taxonomy":"product_tag","embeddable":true,"href":"https:\/\/www.eko-bio-natura.sk\/shop\/wp-json\/wp\/v2\/product_tag?post=1112"}],"curies":[{"name":"wp","href":"https:\/\/api.w.org\/{rel}","templated":true}]}}