{"id":1090,"date":"2025-04-17T17:29:34","date_gmt":"2025-04-17T15:29:34","guid":{"rendered":"https:\/\/www.eko-bio-natura.sk\/shop\/index.php\/produkt\/manuka-health-cukriky-manuka-mgo400-zazvor-a-citon-65g\/"},"modified":"2025-04-17T23:09:54","modified_gmt":"2025-04-17T21:09:54","slug":"manuka-health-cukriky-manuka-mgo400-zazvor-a-citon-65g","status":"publish","type":"product","link":"https:\/\/www.eko-bio-natura.sk\/shop\/produkt\/manuka-health-cukriky-manuka-mgo400-zazvor-a-citon-65g\/","title":{"rendered":"Manuka Health Cukr\u00edky Manuka MGO\u2122400+ z\u00e1zvor a cit\u00f3n, 65g"},"content":{"rendered":"<p><span style=\"font-family: verdana, geneva; font-size: 12pt;\"><\/span><span style=\"font-family: verdana, geneva; font-size: 12pt;\">S obsahom vysokokvalitn\u00e9ho MGO\u2122 400+&nbsp;Manuka medu, ktor\u00fd m\u00e1 v\u00e1m zaru\u010duje pr\u00edrodn\u00fd metylglyoxal v koncentr\u00e1cii 400 mg\/kg medu.<\/span><\/p>\n<ul>\n<li><span style=\"font-family: verdana, geneva; font-size: 12pt;\">ru\u010dne balen\u00e9<\/span><\/li>\n<li><span style=\"font-family: verdana, geneva; font-size: 12pt;\">100% pr\u00edrodn\u00e9 zlo\u017eenie<\/span><\/li>\n<li><span style=\"font-family: verdana, geneva; font-size: 12pt;\">bez umel\u00fdch pr\u00edchut\u00ed a&nbsp;farb\u00edv<\/span><\/li>\n<li><span style=\"font-family: verdana, geneva; font-size: 12pt;\">bez lepku a&nbsp;bez obsahu orechov<\/span><\/li>\n<li><span style=\"font-family: verdana, geneva; font-size: 12pt;\">vhodn\u00e9 pre vegetari\u00e1nov<\/span><\/li>\n<\/ul>\n<p><span style=\"font-family: verdana, geneva; font-size: 12pt;\"><strong>Upozornenie:&nbsp;<\/strong>&nbsp;M\u00f4\u017ee obsahova\u0165 stopy mlieka a s\u00f3je.<\/span><\/p>\n<p><span style=\"font-family: verdana, geneva; font-size: 12pt;\"><strong>INGREDIENCIE:&nbsp;<\/strong>&nbsp;Trstinov\u00fd cukor, gluk\u00f3za, Manuka med (8%), voda, pr\u00edrodn\u00fd citr\u00f3nov\u00fd olej, pr\u00edrodn\u00fd z\u00e1zvorov\u00fd extrakt, vitam\u00edn C.<\/span><\/p>\n<table style=\"height: 256px;\" border=\"0\" width=\"562\" rules=\"rows\">\n<tbody>\n<tr>\n<td style=\"width: 108.148px;\"><span style=\"font-family: verdana, geneva; font-size: 12pt;\">&nbsp;<\/span><\/td>\n<td style=\"width: 253.333px;\">\n<p><span style=\"font-family: verdana, geneva; font-size: 12pt;\"><strong>&nbsp;<\/strong>&nbsp;\u00d8 hodnota&nbsp;<strong>na cukr\u00edk 4,3 g&nbsp;&nbsp;<\/strong><\/span><\/p>\n<\/td>\n<td style=\"width: 199.259px;\">\n<p><span style=\"font-family: verdana, geneva; font-size: 12pt;\"><strong>&nbsp;&nbsp;<\/strong>\u00d8 hodnota<strong>&nbsp;<\/strong><strong>na 100 g&nbsp;&nbsp;<\/strong><\/span><\/p>\n<\/td>\n<\/tr>\n<tr>\n<td style=\"width: 108.148px;\"><span style=\"font-family: verdana, geneva; font-size: 12pt;\">&nbsp;Energia<\/span><\/td>\n<td style=\"width: 253.333px;\"><span style=\"font-family: verdana, geneva; font-size: 12pt;\">73 kJ<\/span><\/td>\n<td style=\"width: 199.259px;\"><span style=\"font-family: verdana, geneva; font-size: 12pt;\">1690 kJ<\/span><\/td>\n<\/tr>\n<tr>\n<td style=\"width: 108.148px;\"><span style=\"font-family: verdana, geneva; font-size: 12pt;\">&nbsp;Prote\u00edny<\/span><\/td>\n<td style=\"width: 253.333px;\"><span style=\"font-family: verdana, geneva; font-size: 12pt;\">&nbsp;menej ako 0,1 g&nbsp;<\/span><\/td>\n<td style=\"width: 199.259px;\"><span style=\"font-family: verdana, geneva; font-size: 12pt;\">0,3 g<\/span><\/td>\n<\/tr>\n<tr>\n<td style=\"width: 108.148px;\"><span style=\"font-family: verdana, geneva; font-size: 12pt;\">&nbsp;Tuk<\/span><\/td>\n<td style=\"width: 253.333px;\"><span style=\"font-family: verdana, geneva; font-size: 12pt;\">&nbsp;menej ako 0,1 g&nbsp;<\/span><\/td>\n<td style=\"width: 199.259px;\"><span style=\"font-family: verdana, geneva; font-size: 12pt;\">0,2 g<\/span><\/td>\n<\/tr>\n<tr>\n<td style=\"width: 108.148px;\"><span style=\"font-family: verdana, geneva; font-size: 12pt;\">&nbsp;&#8211; nas\u00fdten\u00fd&nbsp;&nbsp;<\/span><\/td>\n<td style=\"width: 253.333px;\"><span style=\"font-family: verdana, geneva; font-size: 12pt;\">&nbsp;menej ako 0,1 g&nbsp;<\/span><\/td>\n<td style=\"width: 199.259px;\"><span style=\"font-family: verdana, geneva; font-size: 12pt;\">0,1 g<\/span><\/td>\n<\/tr>\n<tr>\n<td style=\"width: 108.148px;\"><span style=\"font-family: verdana, geneva; font-size: 12pt;\">&nbsp;Sacharidy&nbsp;&nbsp;<\/span><\/td>\n<td style=\"width: 253.333px;\"><span style=\"font-family: verdana, geneva; font-size: 12pt;\">&nbsp;4,2 g&nbsp;<\/span><\/td>\n<td style=\"width: 199.259px;\"><span style=\"font-family: verdana, geneva; font-size: 12pt;\">98,8 g<\/span><\/td>\n<\/tr>\n<tr>\n<td style=\"width: 108.148px;\"><span style=\"font-family: verdana, geneva; font-size: 12pt;\">&nbsp;&#8211; cukry<\/span><\/td>\n<td style=\"width: 253.333px;\"><span style=\"font-family: verdana, geneva; font-size: 12pt;\">&nbsp; 3,0 g&nbsp;<\/span><\/td>\n<td style=\"width: 199.259px;\"><span style=\"font-family: verdana, geneva; font-size: 12pt;\">&nbsp;&nbsp;70,9 g<\/span><\/td>\n<\/tr>\n<tr>\n<td style=\"width: 108.148px;\"><span style=\"font-family: verdana, geneva; font-size: 12pt;\">&nbsp;Sod\u00edk<\/span><\/td>\n<td style=\"width: 253.333px;\"><span style=\"font-family: verdana, geneva; font-size: 12pt;\">&nbsp;1,6 mg&nbsp;<\/span><\/td>\n<td style=\"width: 199.259px;\"><span style=\"font-family: verdana, geneva; font-size: 12pt;\">38 mg<\/span><\/td>\n<\/tr>\n<tr>\n<td style=\"width: 108.148px;\"><span style=\"font-family: verdana, geneva; font-size: 12pt;\">&nbsp;Vitam\u00edn C<\/span><\/td>\n<td style=\"width: 253.333px;\"><span style=\"font-family: verdana, geneva; font-size: 12pt;\">&nbsp;4,9 mg&nbsp;<\/span><\/td>\n<td style=\"width: 199.259px;\"><span style=\"font-family: verdana, geneva; font-size: 12pt;\">113,1 mg<\/span><\/td>\n<\/tr>\n<\/tbody>\n<\/table>\n<p>&nbsp;<\/p>\n<p><span style=\"font-family: verdana, geneva; font-size: 12pt;\"><strong>BALENIE:<\/strong>&nbsp;64,5 g obsahuje 15 cukr\u00edkov<\/span><\/p>\n","protected":false},"excerpt":{"rendered":"<p>S obsahom vysokokvalitn\u00e9ho MGO\u2122 400+&nbsp;Manuka medu, ktor\u00fd m\u00e1 v\u00e1m zaru\u010duje pr\u00edrodn\u00fd metylglyoxal v koncentr\u00e1cii 400 mg\/kg medu. ru\u010dne balen\u00e9 100% pr\u00edrodn\u00e9 zlo\u017eenie bez umel\u00fdch pr\u00edchut\u00ed a&nbsp;farb\u00edv bez lepku a&nbsp;bez obsahu orechov vhodn\u00e9 pre vegetari\u00e1nov Upozornenie:&nbsp;&nbsp;M\u00f4\u017ee obsahova\u0165 stopy mlieka a s\u00f3je. INGREDIENCIE:&nbsp;&nbsp;Trstinov\u00fd cukor, gluk\u00f3za, Manuka med (8%), voda, pr\u00edrodn\u00fd citr\u00f3nov\u00fd olej, pr\u00edrodn\u00fd z\u00e1zvorov\u00fd extrakt, vitam\u00edn C. [&hellip;]<\/p>\n","protected":false},"featured_media":14009,"comment_status":"open","ping_status":"open","template":"","meta":{"site-sidebar-layout":"default","site-content-layout":"","ast-site-content-layout":"default","site-content-style":"default","site-sidebar-style":"default","ast-global-header-display":"","ast-banner-title-visibility":"","ast-main-header-display":"","ast-hfb-above-header-display":"","ast-hfb-below-header-display":"","ast-hfb-mobile-header-display":"","site-post-title":"","ast-breadcrumbs-content":"","ast-featured-img":"","footer-sml-layout":"","ast-disable-related-posts":"","theme-transparent-header-meta":"","adv-header-id-meta":"","stick-header-meta":"","header-above-stick-meta":"","header-main-stick-meta":"","header-below-stick-meta":"","astra-migrate-meta-layouts":"default","ast-page-background-enabled":"default","ast-page-background-meta":{"desktop":{"background-color":"","background-image":"","background-repeat":"repeat","background-position":"center center","background-size":"auto","background-attachment":"scroll","background-type":"","background-media":"","overlay-type":"","overlay-color":"","overlay-opacity":"","overlay-gradient":""},"tablet":{"background-color":"","background-image":"","background-repeat":"repeat","background-position":"center center","background-size":"auto","background-attachment":"scroll","background-type":"","background-media":"","overlay-type":"","overlay-color":"","overlay-opacity":"","overlay-gradient":""},"mobile":{"background-color":"","background-image":"","background-repeat":"repeat","background-position":"center center","background-size":"auto","background-attachment":"scroll","background-type":"","background-media":"","overlay-type":"","overlay-color":"","overlay-opacity":"","overlay-gradient":""}},"ast-content-background-meta":{"desktop":{"background-color":"var(--ast-global-color-5)","background-image":"","background-repeat":"repeat","background-position":"center center","background-size":"auto","background-attachment":"scroll","background-type":"","background-media":"","overlay-type":"","overlay-color":"","overlay-opacity":"","overlay-gradient":""},"tablet":{"background-color":"var(--ast-global-color-5)","background-image":"","background-repeat":"repeat","background-position":"center center","background-size":"auto","background-attachment":"scroll","background-type":"","background-media":"","overlay-type":"","overlay-color":"","overlay-opacity":"","overlay-gradient":""},"mobile":{"background-color":"var(--ast-global-color-5)","background-image":"","background-repeat":"repeat","background-position":"center center","background-size":"auto","background-attachment":"scroll","background-type":"","background-media":"","overlay-type":"","overlay-color":"","overlay-opacity":"","overlay-gradient":""}}},"product_brand":[],"product_cat":[2744,16,117,60,49,109,47],"product_tag":[361],"class_list":{"0":"post-1090","1":"product","2":"type-product","3":"status-publish","4":"has-post-thumbnail","6":"product_cat-bez-lepku","7":"product_cat-bio-potraviny","8":"product_cat-med","9":"product_cat-med-a-vcelie-produkty","10":"product_cat-med-dzemy-a-natierky","11":"product_cat-sladkosti","12":"product_cat-slane-pochutiny-a-sladkosti","13":"product_tag-bez-lepku","14":"pa_cena-dopravy-367","15":"pa_doprava-zasilkovna","16":"pa_ean-835","17":"pa_typ-partnersky-predaj","18":"pa_znacka-manuka-health","19":"desktop-align-left","20":"tablet-align-left","21":"mobile-align-left","23":"first","24":"instock","25":"product-type-external"},"yoast_head":"<!-- This site is optimized with the Yoast SEO plugin v27.2 - https:\/\/yoast.com\/product\/yoast-seo-wordpress\/ -->\n<title>Manuka Health Cukr\u00edky Manuka MGO\u2122400+ z\u00e1zvor a cit\u00f3n, 65g - EKO-BIO-NATURA BIO OBCHOD<\/title>\n<meta name=\"robots\" content=\"index, follow, max-snippet:-1, max-image-preview:large, max-video-preview:-1\" \/>\n<link rel=\"canonical\" href=\"https:\/\/www.eko-bio-natura.sk\/shop\/produkt\/manuka-health-cukriky-manuka-mgo400-zazvor-a-citon-65g\/\" \/>\n<meta property=\"og:locale\" content=\"sk_SK\" \/>\n<meta property=\"og:type\" content=\"article\" \/>\n<meta property=\"og:title\" content=\"Manuka Health Cukr\u00edky Manuka MGO\u2122400+ z\u00e1zvor a cit\u00f3n, 65g - EKO-BIO-NATURA BIO OBCHOD\" \/>\n<meta property=\"og:description\" content=\"S obsahom vysokokvalitn\u00e9ho MGO\u2122 400+&nbsp;Manuka medu, ktor\u00fd m\u00e1 v\u00e1m zaru\u010duje pr\u00edrodn\u00fd metylglyoxal v koncentr\u00e1cii 400 mg\/kg medu. ru\u010dne balen\u00e9 100% pr\u00edrodn\u00e9 zlo\u017eenie bez umel\u00fdch pr\u00edchut\u00ed a&nbsp;farb\u00edv bez lepku a&nbsp;bez obsahu orechov vhodn\u00e9 pre vegetari\u00e1nov Upozornenie:&nbsp;&nbsp;M\u00f4\u017ee obsahova\u0165 stopy mlieka a s\u00f3je. INGREDIENCIE:&nbsp;&nbsp;Trstinov\u00fd cukor, gluk\u00f3za, Manuka med (8%), voda, pr\u00edrodn\u00fd citr\u00f3nov\u00fd olej, pr\u00edrodn\u00fd z\u00e1zvorov\u00fd extrakt, vitam\u00edn C. [&hellip;]\" \/>\n<meta property=\"og:url\" content=\"https:\/\/www.eko-bio-natura.sk\/shop\/produkt\/manuka-health-cukriky-manuka-mgo400-zazvor-a-citon-65g\/\" \/>\n<meta property=\"og:site_name\" content=\"EKO-BIO-NATURA BIO OBCHOD\" \/>\n<meta property=\"article:modified_time\" content=\"2025-04-17T21:09:54+00:00\" \/>\n<meta property=\"og:image\" content=\"https:\/\/www.eko-bio-natura.sk\/shop\/wp-content\/uploads\/2023\/02\/12866_193-cukriky-manuka-mgo-400-zazvor-a-citron-65g.png\" \/>\n\t<meta property=\"og:image:width\" content=\"510\" \/>\n\t<meta property=\"og:image:height\" content=\"820\" \/>\n\t<meta property=\"og:image:type\" content=\"image\/png\" \/>\n<meta name=\"twitter:card\" content=\"summary_large_image\" \/>\n<meta name=\"twitter:label1\" content=\"Predpokladan\u00fd \u010das \u010d\u00edtania\" \/>\n\t<meta name=\"twitter:data1\" content=\"1 min\u00fata\" \/>\n<script type=\"application\/ld+json\" class=\"yoast-schema-graph\">{\"@context\":\"https:\/\/schema.org\",\"@graph\":[{\"@type\":\"WebPage\",\"@id\":\"https:\/\/www.eko-bio-natura.sk\/shop\/produkt\/manuka-health-cukriky-manuka-mgo400-zazvor-a-citon-65g\/\",\"url\":\"https:\/\/www.eko-bio-natura.sk\/shop\/produkt\/manuka-health-cukriky-manuka-mgo400-zazvor-a-citon-65g\/\",\"name\":\"Manuka Health Cukr\u00edky Manuka MGO\u2122400+ z\u00e1zvor a cit\u00f3n, 65g - EKO-BIO-NATURA BIO OBCHOD\",\"isPartOf\":{\"@id\":\"https:\/\/www.eko-bio-natura.sk\/shop\/#website\"},\"primaryImageOfPage\":{\"@id\":\"https:\/\/www.eko-bio-natura.sk\/shop\/produkt\/manuka-health-cukriky-manuka-mgo400-zazvor-a-citon-65g\/#primaryimage\"},\"image\":{\"@id\":\"https:\/\/www.eko-bio-natura.sk\/shop\/produkt\/manuka-health-cukriky-manuka-mgo400-zazvor-a-citon-65g\/#primaryimage\"},\"thumbnailUrl\":\"https:\/\/www.eko-bio-natura.sk\/shop\/wp-content\/uploads\/2023\/02\/12866_193-cukriky-manuka-mgo-400-zazvor-a-citron-65g.png\",\"datePublished\":\"2025-04-17T15:29:34+00:00\",\"dateModified\":\"2025-04-17T21:09:54+00:00\",\"breadcrumb\":{\"@id\":\"https:\/\/www.eko-bio-natura.sk\/shop\/produkt\/manuka-health-cukriky-manuka-mgo400-zazvor-a-citon-65g\/#breadcrumb\"},\"inLanguage\":\"sk-SK\",\"potentialAction\":[{\"@type\":\"ReadAction\",\"target\":[\"https:\/\/www.eko-bio-natura.sk\/shop\/produkt\/manuka-health-cukriky-manuka-mgo400-zazvor-a-citon-65g\/\"]}]},{\"@type\":\"ImageObject\",\"inLanguage\":\"sk-SK\",\"@id\":\"https:\/\/www.eko-bio-natura.sk\/shop\/produkt\/manuka-health-cukriky-manuka-mgo400-zazvor-a-citon-65g\/#primaryimage\",\"url\":\"https:\/\/www.eko-bio-natura.sk\/shop\/wp-content\/uploads\/2023\/02\/12866_193-cukriky-manuka-mgo-400-zazvor-a-citron-65g.png\",\"contentUrl\":\"https:\/\/www.eko-bio-natura.sk\/shop\/wp-content\/uploads\/2023\/02\/12866_193-cukriky-manuka-mgo-400-zazvor-a-citron-65g.png\",\"width\":510,\"height\":820},{\"@type\":\"BreadcrumbList\",\"@id\":\"https:\/\/www.eko-bio-natura.sk\/shop\/produkt\/manuka-health-cukriky-manuka-mgo400-zazvor-a-citon-65g\/#breadcrumb\",\"itemListElement\":[{\"@type\":\"ListItem\",\"position\":1,\"name\":\"Domovsk\u00e1 str\u00e1nka\",\"item\":\"https:\/\/www.eko-bio-natura.sk\/shop\/\"},{\"@type\":\"ListItem\",\"position\":2,\"name\":\"Obchod\",\"item\":\"https:\/\/www.eko-bio-natura.sk\/shop\/?page_id=6\"},{\"@type\":\"ListItem\",\"position\":3,\"name\":\"Manuka Health Cukr\u00edky Manuka MGO\u2122400+ z\u00e1zvor a cit\u00f3n, 65g\"}]},{\"@type\":\"WebSite\",\"@id\":\"https:\/\/www.eko-bio-natura.sk\/shop\/#website\",\"url\":\"https:\/\/www.eko-bio-natura.sk\/shop\/\",\"name\":\"EKO-BIO-NATURA BIO OBCHOD\",\"description\":\"\",\"publisher\":{\"@id\":\"https:\/\/www.eko-bio-natura.sk\/shop\/#organization\"},\"potentialAction\":[{\"@type\":\"SearchAction\",\"target\":{\"@type\":\"EntryPoint\",\"urlTemplate\":\"https:\/\/www.eko-bio-natura.sk\/shop\/?s={search_term_string}\"},\"query-input\":{\"@type\":\"PropertyValueSpecification\",\"valueRequired\":true,\"valueName\":\"search_term_string\"}}],\"inLanguage\":\"sk-SK\"},{\"@type\":\"Organization\",\"@id\":\"https:\/\/www.eko-bio-natura.sk\/shop\/#organization\",\"name\":\"EKO-BIO-NATURA BIO OBCHOD\",\"url\":\"https:\/\/www.eko-bio-natura.sk\/shop\/\",\"logo\":{\"@type\":\"ImageObject\",\"inLanguage\":\"sk-SK\",\"@id\":\"https:\/\/www.eko-bio-natura.sk\/shop\/#\/schema\/logo\/image\/\",\"url\":\"https:\/\/www.eko-bio-natura.sk\/shop\/wp-content\/uploads\/2021\/04\/eko-bio-natura_logo.png\",\"contentUrl\":\"https:\/\/www.eko-bio-natura.sk\/shop\/wp-content\/uploads\/2021\/04\/eko-bio-natura_logo.png\",\"width\":552,\"height\":194,\"caption\":\"EKO-BIO-NATURA BIO OBCHOD\"},\"image\":{\"@id\":\"https:\/\/www.eko-bio-natura.sk\/shop\/#\/schema\/logo\/image\/\"}}]}<\/script>\n<!-- \/ Yoast SEO plugin. -->","yoast_head_json":{"title":"Manuka Health Cukr\u00edky Manuka MGO\u2122400+ z\u00e1zvor a cit\u00f3n, 65g - EKO-BIO-NATURA BIO OBCHOD","robots":{"index":"index","follow":"follow","max-snippet":"max-snippet:-1","max-image-preview":"max-image-preview:large","max-video-preview":"max-video-preview:-1"},"canonical":"https:\/\/www.eko-bio-natura.sk\/shop\/produkt\/manuka-health-cukriky-manuka-mgo400-zazvor-a-citon-65g\/","og_locale":"sk_SK","og_type":"article","og_title":"Manuka Health Cukr\u00edky Manuka MGO\u2122400+ z\u00e1zvor a cit\u00f3n, 65g - EKO-BIO-NATURA BIO OBCHOD","og_description":"S obsahom vysokokvalitn\u00e9ho MGO\u2122 400+&nbsp;Manuka medu, ktor\u00fd m\u00e1 v\u00e1m zaru\u010duje pr\u00edrodn\u00fd metylglyoxal v koncentr\u00e1cii 400 mg\/kg medu. ru\u010dne balen\u00e9 100% pr\u00edrodn\u00e9 zlo\u017eenie bez umel\u00fdch pr\u00edchut\u00ed a&nbsp;farb\u00edv bez lepku a&nbsp;bez obsahu orechov vhodn\u00e9 pre vegetari\u00e1nov Upozornenie:&nbsp;&nbsp;M\u00f4\u017ee obsahova\u0165 stopy mlieka a s\u00f3je. INGREDIENCIE:&nbsp;&nbsp;Trstinov\u00fd cukor, gluk\u00f3za, Manuka med (8%), voda, pr\u00edrodn\u00fd citr\u00f3nov\u00fd olej, pr\u00edrodn\u00fd z\u00e1zvorov\u00fd extrakt, vitam\u00edn C. [&hellip;]","og_url":"https:\/\/www.eko-bio-natura.sk\/shop\/produkt\/manuka-health-cukriky-manuka-mgo400-zazvor-a-citon-65g\/","og_site_name":"EKO-BIO-NATURA BIO OBCHOD","article_modified_time":"2025-04-17T21:09:54+00:00","og_image":[{"width":510,"height":820,"url":"https:\/\/www.eko-bio-natura.sk\/shop\/wp-content\/uploads\/2023\/02\/12866_193-cukriky-manuka-mgo-400-zazvor-a-citron-65g.png","type":"image\/png"}],"twitter_card":"summary_large_image","twitter_misc":{"Predpokladan\u00fd \u010das \u010d\u00edtania":"1 min\u00fata"},"schema":{"@context":"https:\/\/schema.org","@graph":[{"@type":"WebPage","@id":"https:\/\/www.eko-bio-natura.sk\/shop\/produkt\/manuka-health-cukriky-manuka-mgo400-zazvor-a-citon-65g\/","url":"https:\/\/www.eko-bio-natura.sk\/shop\/produkt\/manuka-health-cukriky-manuka-mgo400-zazvor-a-citon-65g\/","name":"Manuka Health Cukr\u00edky Manuka MGO\u2122400+ z\u00e1zvor a cit\u00f3n, 65g - EKO-BIO-NATURA BIO OBCHOD","isPartOf":{"@id":"https:\/\/www.eko-bio-natura.sk\/shop\/#website"},"primaryImageOfPage":{"@id":"https:\/\/www.eko-bio-natura.sk\/shop\/produkt\/manuka-health-cukriky-manuka-mgo400-zazvor-a-citon-65g\/#primaryimage"},"image":{"@id":"https:\/\/www.eko-bio-natura.sk\/shop\/produkt\/manuka-health-cukriky-manuka-mgo400-zazvor-a-citon-65g\/#primaryimage"},"thumbnailUrl":"https:\/\/www.eko-bio-natura.sk\/shop\/wp-content\/uploads\/2023\/02\/12866_193-cukriky-manuka-mgo-400-zazvor-a-citron-65g.png","datePublished":"2025-04-17T15:29:34+00:00","dateModified":"2025-04-17T21:09:54+00:00","breadcrumb":{"@id":"https:\/\/www.eko-bio-natura.sk\/shop\/produkt\/manuka-health-cukriky-manuka-mgo400-zazvor-a-citon-65g\/#breadcrumb"},"inLanguage":"sk-SK","potentialAction":[{"@type":"ReadAction","target":["https:\/\/www.eko-bio-natura.sk\/shop\/produkt\/manuka-health-cukriky-manuka-mgo400-zazvor-a-citon-65g\/"]}]},{"@type":"ImageObject","inLanguage":"sk-SK","@id":"https:\/\/www.eko-bio-natura.sk\/shop\/produkt\/manuka-health-cukriky-manuka-mgo400-zazvor-a-citon-65g\/#primaryimage","url":"https:\/\/www.eko-bio-natura.sk\/shop\/wp-content\/uploads\/2023\/02\/12866_193-cukriky-manuka-mgo-400-zazvor-a-citron-65g.png","contentUrl":"https:\/\/www.eko-bio-natura.sk\/shop\/wp-content\/uploads\/2023\/02\/12866_193-cukriky-manuka-mgo-400-zazvor-a-citron-65g.png","width":510,"height":820},{"@type":"BreadcrumbList","@id":"https:\/\/www.eko-bio-natura.sk\/shop\/produkt\/manuka-health-cukriky-manuka-mgo400-zazvor-a-citon-65g\/#breadcrumb","itemListElement":[{"@type":"ListItem","position":1,"name":"Domovsk\u00e1 str\u00e1nka","item":"https:\/\/www.eko-bio-natura.sk\/shop\/"},{"@type":"ListItem","position":2,"name":"Obchod","item":"https:\/\/www.eko-bio-natura.sk\/shop\/?page_id=6"},{"@type":"ListItem","position":3,"name":"Manuka Health Cukr\u00edky Manuka MGO\u2122400+ z\u00e1zvor a cit\u00f3n, 65g"}]},{"@type":"WebSite","@id":"https:\/\/www.eko-bio-natura.sk\/shop\/#website","url":"https:\/\/www.eko-bio-natura.sk\/shop\/","name":"EKO-BIO-NATURA BIO OBCHOD","description":"","publisher":{"@id":"https:\/\/www.eko-bio-natura.sk\/shop\/#organization"},"potentialAction":[{"@type":"SearchAction","target":{"@type":"EntryPoint","urlTemplate":"https:\/\/www.eko-bio-natura.sk\/shop\/?s={search_term_string}"},"query-input":{"@type":"PropertyValueSpecification","valueRequired":true,"valueName":"search_term_string"}}],"inLanguage":"sk-SK"},{"@type":"Organization","@id":"https:\/\/www.eko-bio-natura.sk\/shop\/#organization","name":"EKO-BIO-NATURA BIO OBCHOD","url":"https:\/\/www.eko-bio-natura.sk\/shop\/","logo":{"@type":"ImageObject","inLanguage":"sk-SK","@id":"https:\/\/www.eko-bio-natura.sk\/shop\/#\/schema\/logo\/image\/","url":"https:\/\/www.eko-bio-natura.sk\/shop\/wp-content\/uploads\/2021\/04\/eko-bio-natura_logo.png","contentUrl":"https:\/\/www.eko-bio-natura.sk\/shop\/wp-content\/uploads\/2021\/04\/eko-bio-natura_logo.png","width":552,"height":194,"caption":"EKO-BIO-NATURA BIO OBCHOD"},"image":{"@id":"https:\/\/www.eko-bio-natura.sk\/shop\/#\/schema\/logo\/image\/"}}]}},"_links":{"self":[{"href":"https:\/\/www.eko-bio-natura.sk\/shop\/wp-json\/wp\/v2\/product\/1090","targetHints":{"allow":["GET"]}}],"collection":[{"href":"https:\/\/www.eko-bio-natura.sk\/shop\/wp-json\/wp\/v2\/product"}],"about":[{"href":"https:\/\/www.eko-bio-natura.sk\/shop\/wp-json\/wp\/v2\/types\/product"}],"replies":[{"embeddable":true,"href":"https:\/\/www.eko-bio-natura.sk\/shop\/wp-json\/wp\/v2\/comments?post=1090"}],"wp:featuredmedia":[{"embeddable":true,"href":"https:\/\/www.eko-bio-natura.sk\/shop\/wp-json\/wp\/v2\/media\/14009"}],"wp:attachment":[{"href":"https:\/\/www.eko-bio-natura.sk\/shop\/wp-json\/wp\/v2\/media?parent=1090"}],"wp:term":[{"taxonomy":"product_brand","embeddable":true,"href":"https:\/\/www.eko-bio-natura.sk\/shop\/wp-json\/wp\/v2\/product_brand?post=1090"},{"taxonomy":"product_cat","embeddable":true,"href":"https:\/\/www.eko-bio-natura.sk\/shop\/wp-json\/wp\/v2\/product_cat?post=1090"},{"taxonomy":"product_tag","embeddable":true,"href":"https:\/\/www.eko-bio-natura.sk\/shop\/wp-json\/wp\/v2\/product_tag?post=1090"}],"curies":[{"name":"wp","href":"https:\/\/api.w.org\/{rel}","templated":true}]}}