{"id":1066,"date":"2025-04-17T17:29:31","date_gmt":"2025-04-17T15:29:31","guid":{"rendered":"https:\/\/www.eko-bio-natura.sk\/shop\/index.php\/produkt\/krill-olej-biopharma-60-kapsul\/"},"modified":"2025-04-17T17:29:32","modified_gmt":"2025-04-17T15:29:32","slug":"krill-olej-biopharma-60-kapsul","status":"publish","type":"product","link":"https:\/\/www.eko-bio-natura.sk\/shop\/produkt\/krill-olej-biopharma-60-kapsul\/","title":{"rendered":"Krill olej &#8211; Biopharma &#8211; 60 kaps\u00fal"},"content":{"rendered":"<p class=\"text_justify\"><span style=\"font-size: 12pt; font-family: verdana, geneva;\">Krill je s\u00fahrnn\u00fd n\u00e1zov pre drobn\u00e9 polopriesvitn\u00e9 k\u00f4rovce podobn\u00e9 krevet\u00e1m, ktor\u00e9 hojne \u017eij\u00fa v moriach okolo Antarkt\u00eddy, naj\u010distej\u0161\u00edch vod\u00e1ch na\u0161ej plan\u00e9ty. \u017divia sa n\u00edm ve\u013ek\u00e9 morsk\u00e9 cicavce, napr\u00edklad ve\u013eryby a tulene. Velk\u00e9 velryby m\u00f4\u017eu spotrebova\u0165 a\u017e 2 tony krillu ka\u017ed\u00fd de\u0148, a pr\u00e1ve morsk\u00fd krill je mo\u017eno jedn\u00fdm z najviac podce\u0148ovan\u00fdch zdrojov d\u00f4le\u017eit\u00fdch \u017eiv\u00edn, ktor\u00e9 m\u00e1me k dispozicii.<\/span><\/p>\n<p class=\"text_justify\"><span style=\"font-size: 12pt; font-family: verdana, geneva;\"><\/span><span style=\"font-size: 12pt; font-family: verdana, geneva;\"><strong>Astaxant\u00edn<\/strong>&nbsp;&#8211; \u010derven\u00e9 farbivo vyskytuj\u00face sa v krille. Astaxant\u00edn je jeden z najsilnej\u0161\u00edch antioxidantov, ktor\u00e9 telu pom\u00e1haj\u00fa neutralizova\u0165 vo\u013en\u00e9 radik\u00e1ly sp\u00f4sobuj\u00face r\u00f4zne ochorenia a ur\u00fdch\u013euj\u00face proces pred\u010dasn\u00e9ho starnutia. Astaxant\u00edn je preto zn\u00e1my ako prostriedok spoma\u013euj\u00faci proces starnutia \ud83d\ude42 a dokonca je cca 500kr\u00e1t silnej\u0161\u00ed ako vitam\u00edn E. Astaxant\u00edn je 6000 kr\u00e1t silnej\u0161\u00ed ako vitam\u00edn C a 3000 kr\u00e1t silnej\u0161\u00ed ako resveratrol a kvercet\u00edn.&nbsp;<span class=\"themecolor\">Astaxant\u00edn sa nikdy nezmen\u00ed na \u0161kodliv\u00fa bunku t\u00fdm, \u017ee odovzd\u00e1 svoj vo\u013en\u00fd elektr\u00f3n radik\u00e1lom pri ich neutraliz\u00e1cii!!!<\/span><\/span><\/p>\n<p><span style=\"font-size: 12pt;\"><strong><span style=\"font-family: verdana, geneva;\">\u00da\u010cINKY KRILL OLEJA:<\/span><\/strong><\/span><\/p>\n<ul>\n<li><span style=\"font-size: 12pt; font-family: verdana, geneva;\">dok\u00e1\u017ee neutralizova\u0165 \u0161kodliv\u00e9 vo\u013en\u00e9 radik\u00e1ly&nbsp;(je ve\u013emi siln\u00fd antioxidant)<\/span><\/li>\n<li><span style=\"font-size: 12pt; font-family: verdana, geneva;\">dokonale ochr\u00e1ni v\u0161etky \u010dasti bunky \u2013 dostane sa&nbsp;a\u017e do molekuly bunky z vn\u00fatra aj zvonku v\u010faka&nbsp;fosfolipidovej v\u00e4zbe<\/span><\/li>\n<li><span style=\"font-size: 12pt; font-family: verdana, geneva;\">zni\u017euje riziko srdcov\u00fdch ochoren\u00ed<\/span><\/li>\n<li><span style=\"font-size: 12pt; font-family: verdana, geneva;\">zni\u017euje zr\u00e1\u017eanlivos\u0165 krvi<\/span><\/li>\n<li><span style=\"font-size: 12pt; font-family: verdana, geneva;\">p\u00f4sob\u00ed protiz\u00e1palovo na cievy, k\u013aby, \u010drev\u00e1 a ko\u017en\u00e9&nbsp;ochorenie<\/span><\/li>\n<li><span style=\"font-size: 12pt; font-family: verdana, geneva;\">zni\u017euje vysok\u00fd krvn\u00fd tlak<\/span><\/li>\n<li><span style=\"font-size: 12pt; font-family: verdana, geneva;\">upravuje hladinu cholesterolu v krvi<\/span><\/li>\n<li><span style=\"font-size: 12pt; font-family: verdana, geneva;\">obmedzuje vznik neurodegenerat\u00edvnych ochoren\u00ed u star\u0161\u00edch os\u00f4b<\/span><\/li>\n<\/ul>\n<p><span style=\"font-size: 12pt; font-family: verdana, geneva;\">Ako prevencia sa odpor\u00fa\u010da u\u017e\u00edvanie Omega 3 kysel\u00edn aspo\u0148 8 mesiacov v roku (September \u2013 Apr\u00edl)<\/span><\/p>\n<p><span style=\"font-size: 12pt; font-family: verdana, geneva;\"><strong>D\u00e1vkovanie<\/strong>: 2 kapsuly denne\/dospel\u00fd<\/span><\/p>\n<p><span style=\"font-size: 12pt; font-family: verdana, geneva;\"><strong>Obsah balenia<\/strong>: 60 kaps\u00fal (1 mesiac)&nbsp;<\/span><\/p>\n<p class=\"big\"><span style=\"font-size: 12pt; font-family: verdana, geneva;\">Zlo\u017eenie produktu v odpor\u00fa\u010danej dennej d\u00e1vke (2 kapsuly):<\/span><\/p>\n<p>&nbsp;<\/p>\n<table style=\"height: 161px;\" width=\"250\">\n<tbody>\n<tr>\n<td style=\"width: 134.815px;\"><span style=\"font-size: 12pt; font-family: verdana, geneva;\">Krill Olej<\/span><\/td>\n<td style=\"width: 114.074px;\"><span style=\"font-size: 12pt; font-family: verdana, geneva;\">1000 mg<\/span><\/td>\n<\/tr>\n<tr>\n<td style=\"width: 134.815px;\"><span style=\"font-size: 12pt; font-family: verdana, geneva;\">Omega-3<\/span><\/td>\n<td style=\"width: 114.074px;\"><span style=\"font-size: 12pt; font-family: verdana, geneva;\">97 mg<\/span><\/td>\n<\/tr>\n<tr>\n<td style=\"width: 134.815px;\"><span style=\"font-size: 12pt; font-family: verdana, geneva;\">EPA<\/span><\/td>\n<td style=\"width: 114.074px;\"><span style=\"font-size: 12pt; font-family: verdana, geneva;\">49 mg<\/span><\/td>\n<\/tr>\n<tr>\n<td style=\"width: 134.815px;\"><span style=\"font-size: 12pt; font-family: verdana, geneva;\">DHA<\/span><\/td>\n<td style=\"width: 114.074px;\"><span style=\"font-size: 12pt; font-family: verdana, geneva;\">17 mg<\/span><\/td>\n<\/tr>\n<tr>\n<td style=\"width: 134.815px;\"><span style=\"font-size: 12pt; font-family: verdana, geneva;\">Omega-6<\/span><\/td>\n<td style=\"width: 114.074px;\"><span style=\"font-size: 12pt; font-family: verdana, geneva;\">34 mg<\/span><\/td>\n<\/tr>\n<tr>\n<td style=\"width: 134.815px;\"><span style=\"font-size: 12pt; font-family: verdana, geneva;\">Omega-7<\/span><\/td>\n<td style=\"width: 114.074px;\"><span style=\"font-size: 12pt; font-family: verdana, geneva;\">139 mg<\/span><\/td>\n<\/tr>\n<tr>\n<td style=\"width: 134.815px;\"><span style=\"font-size: 12pt; font-family: verdana, geneva;\">Omega-9<\/span><\/td>\n<td style=\"width: 114.074px;\"><span style=\"font-size: 12pt; font-family: verdana, geneva;\">184 mg<\/span><\/td>\n<\/tr>\n<tr>\n<td style=\"width: 134.815px;\"><span style=\"font-size: 12pt; font-family: verdana, geneva;\">Astaxantin<\/span><\/td>\n<td style=\"width: 114.074px;\"><span style=\"font-size: 12pt; font-family: verdana, geneva;\">1 mg<\/span><\/td>\n<\/tr>\n<\/tbody>\n<\/table>\n<p>&nbsp;<\/p>\n<p><span style=\"font-size: 12pt; font-family: verdana, geneva;\"><strong>Krajina p\u00f4vodu:<\/strong>&nbsp;N\u00f3rsko<\/span><\/p>\n<p><span style=\"font-size: 12pt;\"><strong><span style=\"font-family: verdana, geneva;\">Certifik\u00e1ty:&nbsp;<\/span><\/strong><\/span><\/p>\n<p><span style=\"font-size: 12pt; font-family: verdana, geneva;\"><a title=\"gmp_spravna_vyrobna_prax_jan 2015\" href=\"http:\/\/www.herbatica.sk\/user\/documents\/upload\/gmp_spravna_vyrobna_prax_jan%202015.pdf\">Spravna v\u00fdrobn\u00e1 prax<\/a>&nbsp;<br \/><\/span><\/p>\n<p><span style=\"font-size: 12pt; font-family: verdana, geneva;\"><a href=\"https:\/\/moanads.sk\/certifikaty\/\" target=\"_blank\" rel=\"noopener noreferrer\" data-saferedirecturl=\"https:\/\/www.google.com\/url?q=https:\/\/moanads.sk\/certifikaty\/&amp;source=gmail&amp;ust=1579338355608000&amp;usg=AFQjCNHi3X13iwTkgh1U0ppQV2RFCp4RzQ\">https:\/\/moanads.sk\/<wbr \/>certifikaty\/<\/a><\/span><\/p>\n<p><span style=\"font-size: 12pt; font-family: verdana, geneva;\"><span>Tr\u00e1pi V\u00e1s psori\u00e1za? Podrobne sme sa tejto t\u00e9me venovali v komplexnom a <a href=\"https:\/\/www.herbatica.sk\/blog\/co-je-psoriaza-a-lupienka-priznaky-liecba\/\" target=\"_blank\" rel=\"noopener noreferrer\">odbornom \u010dl\u00e1nku<\/a>, ktor\u00fd n\u00e1m nap\u00edsala PhDr. Mgr. Eva Medveck\u00e1, PhD., DiS.<\/span><\/span><\/p>\n","protected":false},"excerpt":{"rendered":"<p>Krill je s\u00fahrnn\u00fd n\u00e1zov pre drobn\u00e9 polopriesvitn\u00e9 k\u00f4rovce podobn\u00e9 krevet\u00e1m, ktor\u00e9 hojne \u017eij\u00fa v moriach okolo Antarkt\u00eddy, naj\u010distej\u0161\u00edch vod\u00e1ch na\u0161ej plan\u00e9ty. \u017divia sa n\u00edm ve\u013ek\u00e9 morsk\u00e9 cicavce, napr\u00edklad ve\u013eryby a tulene. Velk\u00e9 velryby m\u00f4\u017eu spotrebova\u0165 a\u017e 2 tony krillu ka\u017ed\u00fd de\u0148, a pr\u00e1ve morsk\u00fd krill je mo\u017eno jedn\u00fdm z najviac podce\u0148ovan\u00fdch zdrojov d\u00f4le\u017eit\u00fdch \u017eiv\u00edn, ktor\u00e9 [&hellip;]<\/p>\n","protected":false},"featured_media":14136,"comment_status":"open","ping_status":"open","template":"","meta":{"site-sidebar-layout":"default","site-content-layout":"","ast-site-content-layout":"default","site-content-style":"default","site-sidebar-style":"default","ast-global-header-display":"","ast-banner-title-visibility":"","ast-main-header-display":"","ast-hfb-above-header-display":"","ast-hfb-below-header-display":"","ast-hfb-mobile-header-display":"","site-post-title":"","ast-breadcrumbs-content":"","ast-featured-img":"","footer-sml-layout":"","ast-disable-related-posts":"","theme-transparent-header-meta":"","adv-header-id-meta":"","stick-header-meta":"","header-above-stick-meta":"","header-main-stick-meta":"","header-below-stick-meta":"","astra-migrate-meta-layouts":"default","ast-page-background-enabled":"default","ast-page-background-meta":{"desktop":{"background-color":"","background-image":"","background-repeat":"repeat","background-position":"center center","background-size":"auto","background-attachment":"scroll","background-type":"","background-media":"","overlay-type":"","overlay-color":"","overlay-opacity":"","overlay-gradient":""},"tablet":{"background-color":"","background-image":"","background-repeat":"repeat","background-position":"center center","background-size":"auto","background-attachment":"scroll","background-type":"","background-media":"","overlay-type":"","overlay-color":"","overlay-opacity":"","overlay-gradient":""},"mobile":{"background-color":"","background-image":"","background-repeat":"repeat","background-position":"center center","background-size":"auto","background-attachment":"scroll","background-type":"","background-media":"","overlay-type":"","overlay-color":"","overlay-opacity":"","overlay-gradient":""}},"ast-content-background-meta":{"desktop":{"background-color":"var(--ast-global-color-5)","background-image":"","background-repeat":"repeat","background-position":"center center","background-size":"auto","background-attachment":"scroll","background-type":"","background-media":"","overlay-type":"","overlay-color":"","overlay-opacity":"","overlay-gradient":""},"tablet":{"background-color":"var(--ast-global-color-5)","background-image":"","background-repeat":"repeat","background-position":"center center","background-size":"auto","background-attachment":"scroll","background-type":"","background-media":"","overlay-type":"","overlay-color":"","overlay-opacity":"","overlay-gradient":""},"mobile":{"background-color":"var(--ast-global-color-5)","background-image":"","background-repeat":"repeat","background-position":"center center","background-size":"auto","background-attachment":"scroll","background-type":"","background-media":"","overlay-type":"","overlay-color":"","overlay-opacity":"","overlay-gradient":""}}},"product_brand":[],"product_cat":[2740,217,206,192,193],"product_tag":[2551],"class_list":{"0":"post-1066","1":"product","2":"type-product","3":"status-publish","4":"has-post-thumbnail","6":"product_cat-bio","7":"product_cat-cholesterol-a-obezita","8":"product_cat-pohybove-ustrojenstvo","9":"product_cat-vyzivove-doplnky","10":"product_cat-vyzivove-doplnky-pre-dospelych","11":"product_tag-bio","12":"pa_cena-dopravy-367","13":"pa_doprava-zasilkovna","14":"pa_typ-partnersky-predaj","15":"pa_znacka-biopharma","16":"desktop-align-left","17":"tablet-align-left","18":"mobile-align-left","20":"first","21":"instock","22":"product-type-external"},"yoast_head":"<!-- This site is optimized with the Yoast SEO plugin v27.2 - https:\/\/yoast.com\/product\/yoast-seo-wordpress\/ -->\n<title>Krill olej - Biopharma - 60 kaps\u00fal - EKO-BIO-NATURA BIO OBCHOD<\/title>\n<meta name=\"robots\" content=\"index, follow, max-snippet:-1, max-image-preview:large, max-video-preview:-1\" \/>\n<link rel=\"canonical\" href=\"https:\/\/www.eko-bio-natura.sk\/shop\/produkt\/krill-olej-biopharma-60-kapsul\/\" \/>\n<meta property=\"og:locale\" content=\"sk_SK\" \/>\n<meta property=\"og:type\" content=\"article\" \/>\n<meta property=\"og:title\" content=\"Krill olej - Biopharma - 60 kaps\u00fal - EKO-BIO-NATURA BIO OBCHOD\" \/>\n<meta property=\"og:description\" content=\"Krill je s\u00fahrnn\u00fd n\u00e1zov pre drobn\u00e9 polopriesvitn\u00e9 k\u00f4rovce podobn\u00e9 krevet\u00e1m, ktor\u00e9 hojne \u017eij\u00fa v moriach okolo Antarkt\u00eddy, naj\u010distej\u0161\u00edch vod\u00e1ch na\u0161ej plan\u00e9ty. \u017divia sa n\u00edm ve\u013ek\u00e9 morsk\u00e9 cicavce, napr\u00edklad ve\u013eryby a tulene. Velk\u00e9 velryby m\u00f4\u017eu spotrebova\u0165 a\u017e 2 tony krillu ka\u017ed\u00fd de\u0148, a pr\u00e1ve morsk\u00fd krill je mo\u017eno jedn\u00fdm z najviac podce\u0148ovan\u00fdch zdrojov d\u00f4le\u017eit\u00fdch \u017eiv\u00edn, ktor\u00e9 [&hellip;]\" \/>\n<meta property=\"og:url\" content=\"https:\/\/www.eko-bio-natura.sk\/shop\/produkt\/krill-olej-biopharma-60-kapsul\/\" \/>\n<meta property=\"og:site_name\" content=\"EKO-BIO-NATURA BIO OBCHOD\" \/>\n<meta property=\"article:modified_time\" content=\"2025-04-17T15:29:32+00:00\" \/>\n<meta property=\"og:image\" content=\"https:\/\/www.eko-bio-natura.sk\/shop\/wp-content\/uploads\/2023\/07\/12776_krill-olje.png\" \/>\n\t<meta property=\"og:image:width\" content=\"365\" \/>\n\t<meta property=\"og:image:height\" content=\"318\" \/>\n\t<meta property=\"og:image:type\" content=\"image\/png\" \/>\n<meta name=\"twitter:card\" content=\"summary_large_image\" \/>\n<meta name=\"twitter:label1\" content=\"Predpokladan\u00fd \u010das \u010d\u00edtania\" \/>\n\t<meta name=\"twitter:data1\" content=\"2 min\u00faty\" \/>\n<script type=\"application\/ld+json\" class=\"yoast-schema-graph\">{\"@context\":\"https:\/\/schema.org\",\"@graph\":[{\"@type\":\"WebPage\",\"@id\":\"https:\/\/www.eko-bio-natura.sk\/shop\/produkt\/krill-olej-biopharma-60-kapsul\/\",\"url\":\"https:\/\/www.eko-bio-natura.sk\/shop\/produkt\/krill-olej-biopharma-60-kapsul\/\",\"name\":\"Krill olej - Biopharma - 60 kaps\u00fal - EKO-BIO-NATURA BIO OBCHOD\",\"isPartOf\":{\"@id\":\"https:\/\/www.eko-bio-natura.sk\/shop\/#website\"},\"primaryImageOfPage\":{\"@id\":\"https:\/\/www.eko-bio-natura.sk\/shop\/produkt\/krill-olej-biopharma-60-kapsul\/#primaryimage\"},\"image\":{\"@id\":\"https:\/\/www.eko-bio-natura.sk\/shop\/produkt\/krill-olej-biopharma-60-kapsul\/#primaryimage\"},\"thumbnailUrl\":\"https:\/\/www.eko-bio-natura.sk\/shop\/wp-content\/uploads\/2023\/07\/12776_krill-olje.png\",\"datePublished\":\"2025-04-17T15:29:31+00:00\",\"dateModified\":\"2025-04-17T15:29:32+00:00\",\"breadcrumb\":{\"@id\":\"https:\/\/www.eko-bio-natura.sk\/shop\/produkt\/krill-olej-biopharma-60-kapsul\/#breadcrumb\"},\"inLanguage\":\"sk-SK\",\"potentialAction\":[{\"@type\":\"ReadAction\",\"target\":[\"https:\/\/www.eko-bio-natura.sk\/shop\/produkt\/krill-olej-biopharma-60-kapsul\/\"]}]},{\"@type\":\"ImageObject\",\"inLanguage\":\"sk-SK\",\"@id\":\"https:\/\/www.eko-bio-natura.sk\/shop\/produkt\/krill-olej-biopharma-60-kapsul\/#primaryimage\",\"url\":\"https:\/\/www.eko-bio-natura.sk\/shop\/wp-content\/uploads\/2023\/07\/12776_krill-olje.png\",\"contentUrl\":\"https:\/\/www.eko-bio-natura.sk\/shop\/wp-content\/uploads\/2023\/07\/12776_krill-olje.png\",\"width\":365,\"height\":318},{\"@type\":\"BreadcrumbList\",\"@id\":\"https:\/\/www.eko-bio-natura.sk\/shop\/produkt\/krill-olej-biopharma-60-kapsul\/#breadcrumb\",\"itemListElement\":[{\"@type\":\"ListItem\",\"position\":1,\"name\":\"Domovsk\u00e1 str\u00e1nka\",\"item\":\"https:\/\/www.eko-bio-natura.sk\/shop\/\"},{\"@type\":\"ListItem\",\"position\":2,\"name\":\"Obchod\",\"item\":\"https:\/\/www.eko-bio-natura.sk\/shop\/?page_id=6\"},{\"@type\":\"ListItem\",\"position\":3,\"name\":\"Krill olej &#8211; Biopharma &#8211; 60 kaps\u00fal\"}]},{\"@type\":\"WebSite\",\"@id\":\"https:\/\/www.eko-bio-natura.sk\/shop\/#website\",\"url\":\"https:\/\/www.eko-bio-natura.sk\/shop\/\",\"name\":\"EKO-BIO-NATURA BIO OBCHOD\",\"description\":\"\",\"publisher\":{\"@id\":\"https:\/\/www.eko-bio-natura.sk\/shop\/#organization\"},\"potentialAction\":[{\"@type\":\"SearchAction\",\"target\":{\"@type\":\"EntryPoint\",\"urlTemplate\":\"https:\/\/www.eko-bio-natura.sk\/shop\/?s={search_term_string}\"},\"query-input\":{\"@type\":\"PropertyValueSpecification\",\"valueRequired\":true,\"valueName\":\"search_term_string\"}}],\"inLanguage\":\"sk-SK\"},{\"@type\":\"Organization\",\"@id\":\"https:\/\/www.eko-bio-natura.sk\/shop\/#organization\",\"name\":\"EKO-BIO-NATURA BIO OBCHOD\",\"url\":\"https:\/\/www.eko-bio-natura.sk\/shop\/\",\"logo\":{\"@type\":\"ImageObject\",\"inLanguage\":\"sk-SK\",\"@id\":\"https:\/\/www.eko-bio-natura.sk\/shop\/#\/schema\/logo\/image\/\",\"url\":\"https:\/\/www.eko-bio-natura.sk\/shop\/wp-content\/uploads\/2021\/04\/eko-bio-natura_logo.png\",\"contentUrl\":\"https:\/\/www.eko-bio-natura.sk\/shop\/wp-content\/uploads\/2021\/04\/eko-bio-natura_logo.png\",\"width\":552,\"height\":194,\"caption\":\"EKO-BIO-NATURA BIO OBCHOD\"},\"image\":{\"@id\":\"https:\/\/www.eko-bio-natura.sk\/shop\/#\/schema\/logo\/image\/\"}}]}<\/script>\n<!-- \/ Yoast SEO plugin. -->","yoast_head_json":{"title":"Krill olej - Biopharma - 60 kaps\u00fal - EKO-BIO-NATURA BIO OBCHOD","robots":{"index":"index","follow":"follow","max-snippet":"max-snippet:-1","max-image-preview":"max-image-preview:large","max-video-preview":"max-video-preview:-1"},"canonical":"https:\/\/www.eko-bio-natura.sk\/shop\/produkt\/krill-olej-biopharma-60-kapsul\/","og_locale":"sk_SK","og_type":"article","og_title":"Krill olej - Biopharma - 60 kaps\u00fal - EKO-BIO-NATURA BIO OBCHOD","og_description":"Krill je s\u00fahrnn\u00fd n\u00e1zov pre drobn\u00e9 polopriesvitn\u00e9 k\u00f4rovce podobn\u00e9 krevet\u00e1m, ktor\u00e9 hojne \u017eij\u00fa v moriach okolo Antarkt\u00eddy, naj\u010distej\u0161\u00edch vod\u00e1ch na\u0161ej plan\u00e9ty. \u017divia sa n\u00edm ve\u013ek\u00e9 morsk\u00e9 cicavce, napr\u00edklad ve\u013eryby a tulene. Velk\u00e9 velryby m\u00f4\u017eu spotrebova\u0165 a\u017e 2 tony krillu ka\u017ed\u00fd de\u0148, a pr\u00e1ve morsk\u00fd krill je mo\u017eno jedn\u00fdm z najviac podce\u0148ovan\u00fdch zdrojov d\u00f4le\u017eit\u00fdch \u017eiv\u00edn, ktor\u00e9 [&hellip;]","og_url":"https:\/\/www.eko-bio-natura.sk\/shop\/produkt\/krill-olej-biopharma-60-kapsul\/","og_site_name":"EKO-BIO-NATURA BIO OBCHOD","article_modified_time":"2025-04-17T15:29:32+00:00","og_image":[{"width":365,"height":318,"url":"https:\/\/www.eko-bio-natura.sk\/shop\/wp-content\/uploads\/2023\/07\/12776_krill-olje.png","type":"image\/png"}],"twitter_card":"summary_large_image","twitter_misc":{"Predpokladan\u00fd \u010das \u010d\u00edtania":"2 min\u00faty"},"schema":{"@context":"https:\/\/schema.org","@graph":[{"@type":"WebPage","@id":"https:\/\/www.eko-bio-natura.sk\/shop\/produkt\/krill-olej-biopharma-60-kapsul\/","url":"https:\/\/www.eko-bio-natura.sk\/shop\/produkt\/krill-olej-biopharma-60-kapsul\/","name":"Krill olej - Biopharma - 60 kaps\u00fal - EKO-BIO-NATURA BIO OBCHOD","isPartOf":{"@id":"https:\/\/www.eko-bio-natura.sk\/shop\/#website"},"primaryImageOfPage":{"@id":"https:\/\/www.eko-bio-natura.sk\/shop\/produkt\/krill-olej-biopharma-60-kapsul\/#primaryimage"},"image":{"@id":"https:\/\/www.eko-bio-natura.sk\/shop\/produkt\/krill-olej-biopharma-60-kapsul\/#primaryimage"},"thumbnailUrl":"https:\/\/www.eko-bio-natura.sk\/shop\/wp-content\/uploads\/2023\/07\/12776_krill-olje.png","datePublished":"2025-04-17T15:29:31+00:00","dateModified":"2025-04-17T15:29:32+00:00","breadcrumb":{"@id":"https:\/\/www.eko-bio-natura.sk\/shop\/produkt\/krill-olej-biopharma-60-kapsul\/#breadcrumb"},"inLanguage":"sk-SK","potentialAction":[{"@type":"ReadAction","target":["https:\/\/www.eko-bio-natura.sk\/shop\/produkt\/krill-olej-biopharma-60-kapsul\/"]}]},{"@type":"ImageObject","inLanguage":"sk-SK","@id":"https:\/\/www.eko-bio-natura.sk\/shop\/produkt\/krill-olej-biopharma-60-kapsul\/#primaryimage","url":"https:\/\/www.eko-bio-natura.sk\/shop\/wp-content\/uploads\/2023\/07\/12776_krill-olje.png","contentUrl":"https:\/\/www.eko-bio-natura.sk\/shop\/wp-content\/uploads\/2023\/07\/12776_krill-olje.png","width":365,"height":318},{"@type":"BreadcrumbList","@id":"https:\/\/www.eko-bio-natura.sk\/shop\/produkt\/krill-olej-biopharma-60-kapsul\/#breadcrumb","itemListElement":[{"@type":"ListItem","position":1,"name":"Domovsk\u00e1 str\u00e1nka","item":"https:\/\/www.eko-bio-natura.sk\/shop\/"},{"@type":"ListItem","position":2,"name":"Obchod","item":"https:\/\/www.eko-bio-natura.sk\/shop\/?page_id=6"},{"@type":"ListItem","position":3,"name":"Krill olej &#8211; Biopharma &#8211; 60 kaps\u00fal"}]},{"@type":"WebSite","@id":"https:\/\/www.eko-bio-natura.sk\/shop\/#website","url":"https:\/\/www.eko-bio-natura.sk\/shop\/","name":"EKO-BIO-NATURA BIO OBCHOD","description":"","publisher":{"@id":"https:\/\/www.eko-bio-natura.sk\/shop\/#organization"},"potentialAction":[{"@type":"SearchAction","target":{"@type":"EntryPoint","urlTemplate":"https:\/\/www.eko-bio-natura.sk\/shop\/?s={search_term_string}"},"query-input":{"@type":"PropertyValueSpecification","valueRequired":true,"valueName":"search_term_string"}}],"inLanguage":"sk-SK"},{"@type":"Organization","@id":"https:\/\/www.eko-bio-natura.sk\/shop\/#organization","name":"EKO-BIO-NATURA BIO OBCHOD","url":"https:\/\/www.eko-bio-natura.sk\/shop\/","logo":{"@type":"ImageObject","inLanguage":"sk-SK","@id":"https:\/\/www.eko-bio-natura.sk\/shop\/#\/schema\/logo\/image\/","url":"https:\/\/www.eko-bio-natura.sk\/shop\/wp-content\/uploads\/2021\/04\/eko-bio-natura_logo.png","contentUrl":"https:\/\/www.eko-bio-natura.sk\/shop\/wp-content\/uploads\/2021\/04\/eko-bio-natura_logo.png","width":552,"height":194,"caption":"EKO-BIO-NATURA BIO OBCHOD"},"image":{"@id":"https:\/\/www.eko-bio-natura.sk\/shop\/#\/schema\/logo\/image\/"}}]}},"_links":{"self":[{"href":"https:\/\/www.eko-bio-natura.sk\/shop\/wp-json\/wp\/v2\/product\/1066","targetHints":{"allow":["GET"]}}],"collection":[{"href":"https:\/\/www.eko-bio-natura.sk\/shop\/wp-json\/wp\/v2\/product"}],"about":[{"href":"https:\/\/www.eko-bio-natura.sk\/shop\/wp-json\/wp\/v2\/types\/product"}],"replies":[{"embeddable":true,"href":"https:\/\/www.eko-bio-natura.sk\/shop\/wp-json\/wp\/v2\/comments?post=1066"}],"wp:featuredmedia":[{"embeddable":true,"href":"https:\/\/www.eko-bio-natura.sk\/shop\/wp-json\/wp\/v2\/media\/14136"}],"wp:attachment":[{"href":"https:\/\/www.eko-bio-natura.sk\/shop\/wp-json\/wp\/v2\/media?parent=1066"}],"wp:term":[{"taxonomy":"product_brand","embeddable":true,"href":"https:\/\/www.eko-bio-natura.sk\/shop\/wp-json\/wp\/v2\/product_brand?post=1066"},{"taxonomy":"product_cat","embeddable":true,"href":"https:\/\/www.eko-bio-natura.sk\/shop\/wp-json\/wp\/v2\/product_cat?post=1066"},{"taxonomy":"product_tag","embeddable":true,"href":"https:\/\/www.eko-bio-natura.sk\/shop\/wp-json\/wp\/v2\/product_tag?post=1066"}],"curies":[{"name":"wp","href":"https:\/\/api.w.org\/{rel}","templated":true}]}}